{"id":22510,"date":"2020-08-19T10:12:37","date_gmt":"2020-08-19T15:12:37","guid":{"rendered":"https:\/\/accesolatino.org\/?page_id=22510"},"modified":"2025-10-10T13:22:56","modified_gmt":"2025-10-10T19:22:56","slug":"conoce-nuestros-aliados","status":"publish","type":"page","link":"https:\/\/accesolatino.org\/en\/apoyos-sociales\/conoce-nuestros-aliados\/","title":{"rendered":"Aliados que hacen que tu estancia en EEUU sea m\u00e1s f\u00e1cil"},"content":{"rendered":"<div data-elementor-type=\"wp-post\" data-elementor-id=\"22510\" class=\"elementor elementor-22510\">\n\t\t\t\t\t\t<section class=\"elementor-section elementor-top-section elementor-element elementor-element-0ea9dc1 elementor-section-full_width elementor-section-height-min-height elementor-section-items-stretch elementor-section-height-default wpr-particle-no wpr-jarallax-no wpr-parallax-no wpr-sticky-section-no wpr-equal-height-no\" data-id=\"0ea9dc1\" data-element_type=\"section\" data-e-type=\"section\" data-settings=\"{&quot;background_background&quot;:&quot;classic&quot;}\">\n\t\t\t\t\t\t<div class=\"elementor-container elementor-column-gap-no\">\n\t\t\t\t\t<div class=\"elementor-column elementor-col-100 elementor-top-column elementor-element elementor-element-b8d4497\" data-id=\"b8d4497\" data-element_type=\"column\" data-e-type=\"column\">\n\t\t\t<div class=\"elementor-widget-wrap elementor-element-populated\">\n\t\t\t\t\t\t<div class=\"elementor-element elementor-element-336d6b0 elementor--h-position-center elementor--v-position-middle elementor-widget elementor-widget-slides\" data-id=\"336d6b0\" data-element_type=\"widget\" data-e-type=\"widget\" data-settings=\"{&quot;navigation&quot;:&quot;none&quot;,&quot;infinite&quot;:&quot;yes&quot;,&quot;transition&quot;:&quot;slide&quot;,&quot;transition_speed&quot;:500}\" data-widget_type=\"slides.default\">\n\t\t\t\t<div class=\"elementor-widget-container\">\n\t\t\t\t\t\t\t<div class=\"elementor-swiper\">\n\t\t\t<div class=\"elementor-slides-wrapper elementor-main-swiper swiper-container\" dir=\"ltr\" data-animation=\"\">\n\t\t\t\t<div class=\"swiper-wrapper elementor-slides\">\n\t\t\t\t\t\t\t\t\t\t<div class=\"elementor-repeater-item-d983a28 swiper-slide\"><div class=\"swiper-slide-bg\"><\/div><div class=\"swiper-slide-inner\" ><div class=\"swiper-slide-contents\"><div class=\"elementor-slide-heading\">Social Supports<\/div><\/div><\/div><\/div>\t\t\t\t<\/div>\n\t\t\t\t\t\t\t<\/div>\n\t\t<\/div>\n\t\t\t\t\t\t<\/div>\n\t\t\t\t<\/div>\n\t\t\t\t\t<\/div>\n\t\t<\/div>\n\t\t\t\t\t<\/div>\n\t\t<\/section>\n\t\t\t\t<section class=\"elementor-section elementor-top-section elementor-element elementor-element-c8a90e1 elementor-section-stretched elementor-section-boxed elementor-section-height-default elementor-section-height-default wpr-particle-no wpr-jarallax-no wpr-parallax-no wpr-sticky-section-no wpr-equal-height-no\" data-id=\"c8a90e1\" data-element_type=\"section\" data-e-type=\"section\" data-settings=\"{&quot;stretch_section&quot;:&quot;section-stretched&quot;,&quot;background_background&quot;:&quot;classic&quot;}\">\n\t\t\t\t\t\t<div class=\"elementor-container elementor-column-gap-default\">\n\t\t\t\t\t<div class=\"elementor-column elementor-col-100 elementor-top-column elementor-element elementor-element-a4b4d63\" data-id=\"a4b4d63\" data-element_type=\"column\" data-e-type=\"column\">\n\t\t\t<div class=\"elementor-widget-wrap elementor-element-populated\">\n\t\t\t\t\t\t<div class=\"elementor-element elementor-element-b07d1fb elementor-widget elementor-widget-heading\" data-id=\"b07d1fb\" data-element_type=\"widget\" data-e-type=\"widget\" data-widget_type=\"heading.default\">\n\t\t\t\t<div class=\"elementor-widget-container\">\n\t\t\t\t\t<h3 class=\"elementor-heading-title elementor-size-default\">Meet our allies<\/h3>\t\t\t\t<\/div>\n\t\t\t\t<\/div>\n\t\t\t\t<div class=\"elementor-element elementor-element-810c892 elementor-widget elementor-widget-text-editor\" data-id=\"810c892\" data-element_type=\"widget\" data-e-type=\"widget\" data-widget_type=\"text-editor.default\">\n\t\t\t\t<div class=\"elementor-widget-container\">\n\t\t\t\t\t\t\t\t\t<p>Sabemos que dejar tu pa\u00eds no es f\u00e1cil, es por ello que contamos con aliados que hacen que tu estancia en EEUU sea m\u00e1s f\u00e1cil:<\/p><ul><li><strong>Unidos US:<\/strong> es la organizaci\u00f3n nacional m\u00e1s grande de apoyo y defensa de los derechos civiles de los hispanos en los Estados Unidos. Fundada en 1968 como el Consejo Nacional de La Raza, ha sido una voz confiable e imparcial para los latinos.<\/li><li><strong>UNAM (Universidad Nacional Aut\u00f3noma de M\u00e9xico):<\/strong> es la m\u00e1s grande e importante universidad de M\u00e9xico e Iberoam\u00e9rica. Tiene como prop\u00f3sito primordial estar al servicio del pa\u00eds y de la humanidad.<\/li><li><strong>Chicanos Por La Causa, Inc.:<\/strong> es una organizaci\u00f3n sin fines de lucro en Arizona fundada en 1969, creada para mejorar la calidad de vida de los mexicoamericanos en ese estado.<\/li><li><strong>IMMI:<\/strong> ayuda a inmigrantes en los EEUU a entender sus opciones legales de manera sencilla y gratuita.<\/li><li><strong>CNDH M\u00e9xico:<\/strong> la Comisi\u00f3n Nacional de los Derechos Humanos, es un organismo p\u00fablico aut\u00f3nomo del Estado mexicano, cuya misi\u00f3n es la defensa, promoci\u00f3n, estudio y divulgaci\u00f3n de los derechos humanos.<\/li><li><strong>org:<\/strong> es un directorio de b\u00fasqueda en l\u00ednea de m\u00e1s de mil proveedores de servicios legales de inmigraci\u00f3n sin fines de lucro, gratuitos o de bajo costo, en los 50 estados.<\/li><li><strong>Centros de Integraci\u00f3n Juvenil, A.C.:<\/strong> es una instituci\u00f3n dedicada a la prevenci\u00f3n, tratamiento, rehabilitaci\u00f3n, investigaci\u00f3n cient\u00edfica y formaci\u00f3n de especialistas en materia de consumo de drogas.<\/li><li><strong>S.-Mexico Foundation:<\/strong> fundada en 2009, es una organizaci\u00f3n binacional sin fines de lucro que se dedica a fomentar la cooperaci\u00f3n y el entendimiento bilateral entre Estados Unidos y M\u00e9xico.<\/li><li><strong>Instituto Nacional de Psiquiatr\u00eda Ram\u00f3n de la Fuente Mu\u00f1iz:<\/strong> es un centro especializado en brindar atenci\u00f3n de la m\u00e1s alta calidad a la poblaci\u00f3n mexicana que padece alg\u00fan trastorno mental.<\/li><li><strong>Cuny Citizenship Now!:<\/strong> es el programa de asistencia legal de la Universidad de la Ciudad de Nueva York m\u00e1s grande del pa\u00eds que proporciona servicios legales de inmigraci\u00f3n gratuitos, de alta calidad y confidenciales para ayudar a las personas y familias en su camino hacia la ciudadan\u00eda estadounidense.<\/li><li><strong>Mexican Consulting &amp; Development:<\/strong> es un despacho de abogados que ofrece a sus clientes un servicio hecho a la medida con el \u00fanico objetivo de satisfacer sus necesidades dentro del campo de gesti\u00f3n integral de riesgos y evitar controversias derivadas de la deficiencia en el correcto planteamiento o establecimiento documental de las relaciones contractuales.<\/li><li><strong>La Red Hispana:<\/strong> produce programas de radio y contenido en espa\u00f1ol para todo Estados Unidos, enfoc\u00e1ndose en temas educativos, informativos y relevantes para la comunidad latina.<\/li><li><strong>Inmigraci\u00f3n.com:<\/strong> es un sitio web donde la comunidad inmigrante se podr\u00e1 informar sobre documentos, videos, gu\u00edas, requisitos para ingresar y permanecer legalmente en Estados Unidos, noticias ver\u00eddicas y actualizadas con an\u00e1lisis de expertos en inmigraci\u00f3n que le ayudar\u00e1n a navegar exitosamente en el complejo proceso migratorio para usted y su familia.<\/li><\/ul>\t\t\t\t\t\t\t\t<\/div>\n\t\t\t\t<\/div>\n\t\t\t\t<div class=\"elementor-element elementor-element-74f2a68 elementor-widget elementor-widget-spacer\" data-id=\"74f2a68\" data-element_type=\"widget\" data-e-type=\"widget\" data-widget_type=\"spacer.default\">\n\t\t\t\t<div class=\"elementor-widget-container\">\n\t\t\t\t\t\t\t<div class=\"elementor-spacer\">\n\t\t\t<div class=\"elementor-spacer-inner\"><\/div>\n\t\t<\/div>\n\t\t\t\t\t\t<\/div>\n\t\t\t\t<\/div>\n\t\t\t\t\t<\/div>\n\t\t<\/div>\n\t\t\t\t\t<\/div>\n\t\t<\/section>\n\t\t\t\t<\/div>","protected":false},"excerpt":{"rendered":"<p>Apoyos Sociales Conoce nuestros aliados Sabemos que dejar tu pa\u00eds no es f\u00e1cil, es por ello que contamos con aliados que hacen que tu estancia en EEUU sea m\u00e1s f\u00e1cil: Unidos US: es la organizaci\u00f3n nacional m\u00e1s grande de apoyo y defensa de los derechos civiles de los hispanos en los Estados Unidos. Fundada en 1968 como el Consejo Nacional de La Raza, ha sido una voz confiable e imparcial para los latinos. UNAM (Universidad Nacional Aut\u00f3noma de M\u00e9xico): es la m\u00e1s grande e importante universidad de M\u00e9xico e Iberoam\u00e9rica. Tiene como prop\u00f3sito primordial estar al servicio del pa\u00eds y de la humanidad. Chicanos Por La Causa, Inc.: es una organizaci\u00f3n sin fines de lucro en Arizona fundada en 1969, creada para mejorar la calidad de vida de los mexicoamericanos en ese estado. IMMI: ayuda a inmigrantes en los EEUU a entender sus opciones legales de manera sencilla y gratuita. CNDH M\u00e9xico: la Comisi\u00f3n Nacional de los Derechos Humanos, es un organismo p\u00fablico aut\u00f3nomo del Estado mexicano, cuya misi\u00f3n es la defensa, promoci\u00f3n, estudio y divulgaci\u00f3n de los derechos humanos. org: es un directorio de b\u00fasqueda en l\u00ednea de m\u00e1s de mil proveedores de servicios legales de inmigraci\u00f3n sin fines de lucro, gratuitos o de bajo costo, en los 50 estados. Centros de Integraci\u00f3n Juvenil, A.C.: es una instituci\u00f3n dedicada a la prevenci\u00f3n, tratamiento, rehabilitaci\u00f3n, investigaci\u00f3n cient\u00edfica y formaci\u00f3n de especialistas en materia de consumo de drogas. S.-Mexico Foundation: fundada en 2009, es una organizaci\u00f3n binacional sin fines de lucro que se dedica a fomentar la cooperaci\u00f3n y el entendimiento bilateral entre Estados Unidos y M\u00e9xico. Instituto Nacional de Psiquiatr\u00eda Ram\u00f3n de la Fuente Mu\u00f1iz: es un centro especializado en brindar atenci\u00f3n de la m\u00e1s alta calidad a la poblaci\u00f3n mexicana que padece alg\u00fan trastorno mental. Cuny Citizenship Now!: es el programa de asistencia legal de la Universidad de la Ciudad de Nueva York m\u00e1s grande del pa\u00eds que proporciona servicios legales de inmigraci\u00f3n gratuitos, de alta calidad y confidenciales para ayudar a las personas y familias en su camino hacia la ciudadan\u00eda estadounidense. Mexican Consulting &amp; Development: es un despacho de abogados que ofrece a sus clientes un servicio hecho a la medida con el \u00fanico objetivo de satisfacer sus necesidades dentro del campo de gesti\u00f3n integral de riesgos y evitar controversias derivadas de la deficiencia en el correcto planteamiento o establecimiento documental de las relaciones contractuales. La Red Hispana: produce programas de radio y contenido en espa\u00f1ol para todo Estados Unidos, enfoc\u00e1ndose en temas educativos, informativos y relevantes para la comunidad latina. Inmigraci\u00f3n.com: es un sitio web donde la comunidad inmigrante se podr\u00e1 informar sobre documentos, videos, gu\u00edas, requisitos para ingresar y permanecer legalmente en Estados Unidos, noticias ver\u00eddicas y actualizadas con an\u00e1lisis de expertos en inmigraci\u00f3n que le ayudar\u00e1n a navegar exitosamente en el complejo proceso migratorio para usted y su familia.<\/p>","protected":false},"author":6,"featured_media":22500,"parent":1435,"menu_order":0,"comment_status":"closed","ping_status":"closed","template":"elementor_header_footer","meta":{"_uf_show_specific_survey":0,"_uf_disable_surveys":false,"footnotes":""},"class_list":["post-22510","page","type-page","status-publish","has-post-thumbnail"],"aioseo_notices":[],"yoast_head":"<!-- This site is optimized with the Yoast SEO plugin v27.5 - https:\/\/yoast.com\/product\/yoast-seo-wordpress\/ -->\n<title>Conoce nuestros aliados<\/title>\n<meta name=\"description\" content=\"Conoce las diferentes formas en las que los migrantes se pueden ver beneficiados en USA\" \/>\n<meta name=\"robots\" content=\"index, follow, max-snippet:-1, max-image-preview:large, max-video-preview:-1\" \/>\n<link rel=\"canonical\" href=\"https:\/\/accesolatino.org\/en\/apoyos-sociales\/conoce-nuestros-aliados\/\" \/>\n<meta property=\"og:locale\" content=\"en_US\" \/>\n<meta property=\"og:type\" content=\"article\" \/>\n<meta property=\"og:title\" content=\"Acceso Latino | Aliados que hacen que tu estancia en EEUU sea m\u00e1s f\u00e1cil\" \/>\n<meta property=\"og:description\" content=\"Conoce las diferentes formas en las que los migrantes se pueden ver beneficiados en USA\" \/>\n<meta property=\"og:url\" content=\"https:\/\/accesolatino.org\/en\/apoyos-sociales\/conoce-nuestros-aliados\/\" \/>\n<meta property=\"og:site_name\" content=\"Acceso Latino\" \/>\n<meta property=\"article:publisher\" content=\"https:\/\/www.facebook.com\/AccesoLatinoOrg\" \/>\n<meta property=\"article:modified_time\" content=\"2025-10-10T19:22:56+00:00\" \/>\n<meta property=\"og:image\" content=\"https:\/\/accesolatino.org\/wp-content\/uploads\/2020\/08\/Conoce-nuestros-aliados.jpg\" \/>\n\t<meta property=\"og:image:width\" content=\"600\" \/>\n\t<meta property=\"og:image:height\" content=\"338\" \/>\n\t<meta property=\"og:image:type\" content=\"image\/jpeg\" \/>\n<meta name=\"twitter:card\" content=\"summary_large_image\" \/>\n<meta name=\"twitter:title\" content=\"Acceso Latino | Aliados que hacen que tu estancia en EEUU sea m\u00e1s f\u00e1cil\" \/>\n<meta name=\"twitter:description\" content=\"Conoce las diferentes formas en las que los migrantes se pueden ver beneficiados en USA\" \/>\n<meta name=\"twitter:image\" content=\"https:\/\/accesolatino.org\/wp-content\/uploads\/2020\/08\/Conoce-nuestros-aliados.jpg\" \/>\n<meta name=\"twitter:site\" content=\"@FAccLatino\" \/>\n<meta name=\"twitter:label1\" content=\"Est. reading time\" \/>\n\t<meta name=\"twitter:data1\" content=\"3 minutes\" \/>\n<script type=\"application\/ld+json\" class=\"yoast-schema-graph\">{\"@context\":\"https:\\\/\\\/schema.org\",\"@graph\":[{\"@type\":\"WebPage\",\"@id\":\"https:\\\/\\\/accesolatino.org\\\/apoyos-sociales\\\/conoce-nuestros-aliados\\\/\",\"url\":\"https:\\\/\\\/accesolatino.org\\\/apoyos-sociales\\\/conoce-nuestros-aliados\\\/\",\"name\":\"Conoce nuestros aliados\",\"isPartOf\":{\"@id\":\"https:\\\/\\\/accesolatino.org\\\/#website\"},\"primaryImageOfPage\":{\"@id\":\"https:\\\/\\\/accesolatino.org\\\/apoyos-sociales\\\/conoce-nuestros-aliados\\\/#primaryimage\"},\"image\":{\"@id\":\"https:\\\/\\\/accesolatino.org\\\/apoyos-sociales\\\/conoce-nuestros-aliados\\\/#primaryimage\"},\"thumbnailUrl\":\"https:\\\/\\\/accesolatino.org\\\/wp-content\\\/uploads\\\/2020\\\/08\\\/Conoce-nuestros-aliados.jpg\",\"datePublished\":\"2020-08-19T15:12:37+00:00\",\"dateModified\":\"2025-10-10T19:22:56+00:00\",\"description\":\"Conoce las diferentes formas en las que los migrantes se pueden ver beneficiados en USA\",\"breadcrumb\":{\"@id\":\"https:\\\/\\\/accesolatino.org\\\/apoyos-sociales\\\/conoce-nuestros-aliados\\\/#breadcrumb\"},\"inLanguage\":\"en-US\",\"potentialAction\":[{\"@type\":\"ReadAction\",\"target\":[\"https:\\\/\\\/accesolatino.org\\\/apoyos-sociales\\\/conoce-nuestros-aliados\\\/\"]}]},{\"@type\":\"ImageObject\",\"inLanguage\":\"en-US\",\"@id\":\"https:\\\/\\\/accesolatino.org\\\/apoyos-sociales\\\/conoce-nuestros-aliados\\\/#primaryimage\",\"url\":\"https:\\\/\\\/accesolatino.org\\\/wp-content\\\/uploads\\\/2020\\\/08\\\/Conoce-nuestros-aliados.jpg\",\"contentUrl\":\"https:\\\/\\\/accesolatino.org\\\/wp-content\\\/uploads\\\/2020\\\/08\\\/Conoce-nuestros-aliados.jpg\",\"width\":600,\"height\":338,\"caption\":\"aliados\"},{\"@type\":\"BreadcrumbList\",\"@id\":\"https:\\\/\\\/accesolatino.org\\\/apoyos-sociales\\\/conoce-nuestros-aliados\\\/#breadcrumb\",\"itemListElement\":[{\"@type\":\"ListItem\",\"position\":1,\"name\":\"Portada\",\"item\":\"https:\\\/\\\/accesolatino.org\\\/\"},{\"@type\":\"ListItem\",\"position\":2,\"name\":\"Apoyos Sociales\",\"item\":\"https:\\\/\\\/accesolatino.org\\\/en\\\/apoyos-sociales\\\/\"},{\"@type\":\"ListItem\",\"position\":3,\"name\":\"Aliados que hacen que tu estancia en EEUU sea m\u00e1s f\u00e1cil\"}]},{\"@type\":\"WebSite\",\"@id\":\"https:\\\/\\\/accesolatino.org\\\/#website\",\"url\":\"https:\\\/\\\/accesolatino.org\\\/\",\"name\":\"Acceso Latino | Fundaci\u00f3n Carlos Slim\",\"description\":\"Fundaci\u00f3n Carlos Slim\",\"publisher\":{\"@id\":\"https:\\\/\\\/accesolatino.org\\\/#organization\"},\"potentialAction\":[{\"@type\":\"SearchAction\",\"target\":{\"@type\":\"EntryPoint\",\"urlTemplate\":\"https:\\\/\\\/accesolatino.org\\\/?s={search_term_string}\"},\"query-input\":{\"@type\":\"PropertyValueSpecification\",\"valueRequired\":true,\"valueName\":\"search_term_string\"}}],\"inLanguage\":\"en-US\"},{\"@type\":\"Organization\",\"@id\":\"https:\\\/\\\/accesolatino.org\\\/#organization\",\"name\":\"Acceso Latino | Fundaci\u00f3n Carlos Slim\",\"url\":\"https:\\\/\\\/accesolatino.org\\\/\",\"logo\":{\"@type\":\"ImageObject\",\"inLanguage\":\"en-US\",\"@id\":\"https:\\\/\\\/accesolatino.org\\\/#\\\/schema\\\/logo\\\/image\\\/\",\"url\":\"https:\\\/\\\/accesolatino.org\\\/wp-content\\\/uploads\\\/2021\\\/02\\\/logo-footer-acceso-latino.png\",\"contentUrl\":\"https:\\\/\\\/accesolatino.org\\\/wp-content\\\/uploads\\\/2021\\\/02\\\/logo-footer-acceso-latino.png\",\"width\":240,\"height\":40,\"caption\":\"Acceso Latino | Fundaci\u00f3n Carlos Slim\"},\"image\":{\"@id\":\"https:\\\/\\\/accesolatino.org\\\/#\\\/schema\\\/logo\\\/image\\\/\"},\"sameAs\":[\"https:\\\/\\\/www.facebook.com\\\/AccesoLatinoOrg\",\"https:\\\/\\\/x.com\\\/FAccLatino\"]}]}<\/script>\n<!-- \/ Yoast SEO plugin. -->","yoast_head_json":{"title":"Meet our allies","description":"Conoce las diferentes formas en las que los migrantes se pueden ver beneficiados en USA","robots":{"index":"index","follow":"follow","max-snippet":"max-snippet:-1","max-image-preview":"max-image-preview:large","max-video-preview":"max-video-preview:-1"},"canonical":"https:\/\/accesolatino.org\/en\/apoyos-sociales\/conoce-nuestros-aliados\/","og_locale":"en_US","og_type":"article","og_title":"Acceso Latino | Aliados que hacen que tu estancia en EEUU sea m\u00e1s f\u00e1cil","og_description":"Conoce las diferentes formas en las que los migrantes se pueden ver beneficiados en USA","og_url":"https:\/\/accesolatino.org\/en\/apoyos-sociales\/conoce-nuestros-aliados\/","og_site_name":"Acceso Latino","article_publisher":"https:\/\/www.facebook.com\/AccesoLatinoOrg","article_modified_time":"2025-10-10T19:22:56+00:00","og_image":[{"width":600,"height":338,"url":"https:\/\/accesolatino.org\/wp-content\/uploads\/2020\/08\/Conoce-nuestros-aliados.jpg","type":"image\/jpeg"}],"twitter_card":"summary_large_image","twitter_title":"Acceso Latino | Aliados que hacen que tu estancia en EEUU sea m\u00e1s f\u00e1cil","twitter_description":"Conoce las diferentes formas en las que los migrantes se pueden ver beneficiados en USA","twitter_image":"https:\/\/accesolatino.org\/wp-content\/uploads\/2020\/08\/Conoce-nuestros-aliados.jpg","twitter_site":"@FAccLatino","twitter_misc":{"Est. reading time":"3 minutes"},"schema":{"@context":"https:\/\/schema.org","@graph":[{"@type":"WebPage","@id":"https:\/\/accesolatino.org\/apoyos-sociales\/conoce-nuestros-aliados\/","url":"https:\/\/accesolatino.org\/apoyos-sociales\/conoce-nuestros-aliados\/","name":"Meet our allies","isPartOf":{"@id":"https:\/\/accesolatino.org\/#website"},"primaryImageOfPage":{"@id":"https:\/\/accesolatino.org\/apoyos-sociales\/conoce-nuestros-aliados\/#primaryimage"},"image":{"@id":"https:\/\/accesolatino.org\/apoyos-sociales\/conoce-nuestros-aliados\/#primaryimage"},"thumbnailUrl":"https:\/\/accesolatino.org\/wp-content\/uploads\/2020\/08\/Conoce-nuestros-aliados.jpg","datePublished":"2020-08-19T15:12:37+00:00","dateModified":"2025-10-10T19:22:56+00:00","description":"Conoce las diferentes formas en las que los migrantes se pueden ver beneficiados en USA","breadcrumb":{"@id":"https:\/\/accesolatino.org\/apoyos-sociales\/conoce-nuestros-aliados\/#breadcrumb"},"inLanguage":"en-US","potentialAction":[{"@type":"ReadAction","target":["https:\/\/accesolatino.org\/apoyos-sociales\/conoce-nuestros-aliados\/"]}]},{"@type":"ImageObject","inLanguage":"en-US","@id":"https:\/\/accesolatino.org\/apoyos-sociales\/conoce-nuestros-aliados\/#primaryimage","url":"https:\/\/accesolatino.org\/wp-content\/uploads\/2020\/08\/Conoce-nuestros-aliados.jpg","contentUrl":"https:\/\/accesolatino.org\/wp-content\/uploads\/2020\/08\/Conoce-nuestros-aliados.jpg","width":600,"height":338,"caption":"aliados"},{"@type":"BreadcrumbList","@id":"https:\/\/accesolatino.org\/apoyos-sociales\/conoce-nuestros-aliados\/#breadcrumb","itemListElement":[{"@type":"ListItem","position":1,"name":"Portada","item":"https:\/\/accesolatino.org\/"},{"@type":"ListItem","position":2,"name":"Apoyos Sociales","item":"https:\/\/accesolatino.org\/en\/apoyos-sociales\/"},{"@type":"ListItem","position":3,"name":"Aliados que hacen que tu estancia en EEUU sea m\u00e1s f\u00e1cil"}]},{"@type":"WebSite","@id":"https:\/\/accesolatino.org\/#website","url":"https:\/\/accesolatino.org\/","name":"Acceso Latino | Fundaci\u00f3n Carlos Slim","description":"Fundaci\u00f3n Carlos Slim","publisher":{"@id":"https:\/\/accesolatino.org\/#organization"},"potentialAction":[{"@type":"SearchAction","target":{"@type":"EntryPoint","urlTemplate":"https:\/\/accesolatino.org\/?s={search_term_string}"},"query-input":{"@type":"PropertyValueSpecification","valueRequired":true,"valueName":"search_term_string"}}],"inLanguage":"en-US"},{"@type":"Organization","@id":"https:\/\/accesolatino.org\/#organization","name":"Acceso Latino | Fundaci\u00f3n Carlos Slim","url":"https:\/\/accesolatino.org\/","logo":{"@type":"ImageObject","inLanguage":"en-US","@id":"https:\/\/accesolatino.org\/#\/schema\/logo\/image\/","url":"https:\/\/accesolatino.org\/wp-content\/uploads\/2021\/02\/logo-footer-acceso-latino.png","contentUrl":"https:\/\/accesolatino.org\/wp-content\/uploads\/2021\/02\/logo-footer-acceso-latino.png","width":240,"height":40,"caption":"Acceso Latino | Fundaci\u00f3n Carlos Slim"},"image":{"@id":"https:\/\/accesolatino.org\/#\/schema\/logo\/image\/"},"sameAs":["https:\/\/www.facebook.com\/AccesoLatinoOrg","https:\/\/x.com\/FAccLatino"]}]}},"_links":{"self":[{"href":"https:\/\/accesolatino.org\/en\/wp-json\/wp\/v2\/pages\/22510","targetHints":{"allow":["GET"]}}],"collection":[{"href":"https:\/\/accesolatino.org\/en\/wp-json\/wp\/v2\/pages"}],"about":[{"href":"https:\/\/accesolatino.org\/en\/wp-json\/wp\/v2\/types\/page"}],"author":[{"embeddable":true,"href":"https:\/\/accesolatino.org\/en\/wp-json\/wp\/v2\/users\/6"}],"replies":[{"embeddable":true,"href":"https:\/\/accesolatino.org\/en\/wp-json\/wp\/v2\/comments?post=22510"}],"version-history":[{"count":1,"href":"https:\/\/accesolatino.org\/en\/wp-json\/wp\/v2\/pages\/22510\/revisions"}],"predecessor-version":[{"id":63875,"href":"https:\/\/accesolatino.org\/en\/wp-json\/wp\/v2\/pages\/22510\/revisions\/63875"}],"up":[{"embeddable":true,"href":"https:\/\/accesolatino.org\/en\/wp-json\/wp\/v2\/pages\/1435"}],"wp:featuredmedia":[{"embeddable":true,"href":"https:\/\/accesolatino.org\/en\/wp-json\/wp\/v2\/media\/22500"}],"wp:attachment":[{"href":"https:\/\/accesolatino.org\/en\/wp-json\/wp\/v2\/media?parent=22510"}],"curies":[{"name":"wp","href":"https:\/\/api.w.org\/{rel}","templated":true}]}}