{"id":22491,"date":"2020-08-18T17:13:07","date_gmt":"2020-08-18T22:13:07","guid":{"rendered":"https:\/\/accesolatino.org\/?page_id=22491"},"modified":"2025-10-16T16:05:45","modified_gmt":"2025-10-16T22:05:45","slug":"capacitate-en-mas-de-200-cursos-de-manera-gratuita","status":"publish","type":"page","link":"https:\/\/accesolatino.org\/en\/buscas-empleo\/capacitate-en-mas-de-200-cursos-de-manera-gratuita\/","title":{"rendered":"Get trained in more than 200 courses for free"},"content":{"rendered":"<div data-elementor-type=\"wp-post\" data-elementor-id=\"22491\" class=\"elementor elementor-22491\">\n\t\t\t\t\t\t<section class=\"elementor-section elementor-top-section elementor-element elementor-element-a8fe57a elementor-section-full_width elementor-section-height-min-height elementor-section-items-stretch elementor-section-height-default wpr-particle-no wpr-jarallax-no wpr-parallax-no wpr-sticky-section-no wpr-equal-height-no\" data-id=\"a8fe57a\" data-element_type=\"section\" data-e-type=\"section\" data-settings=\"{&quot;background_background&quot;:&quot;classic&quot;}\">\n\t\t\t\t\t\t<div class=\"elementor-container elementor-column-gap-no\">\n\t\t\t\t\t<div class=\"elementor-column elementor-col-100 elementor-top-column elementor-element elementor-element-99c1919\" data-id=\"99c1919\" data-element_type=\"column\" data-e-type=\"column\">\n\t\t\t<div class=\"elementor-widget-wrap elementor-element-populated\">\n\t\t\t\t\t\t<div class=\"elementor-element elementor-element-5a7916d elementor--h-position-center elementor--v-position-middle elementor-widget elementor-widget-slides\" data-id=\"5a7916d\" data-element_type=\"widget\" data-e-type=\"widget\" data-settings=\"{&quot;navigation&quot;:&quot;none&quot;,&quot;infinite&quot;:&quot;yes&quot;,&quot;transition&quot;:&quot;slide&quot;,&quot;transition_speed&quot;:500}\" data-widget_type=\"slides.default\">\n\t\t\t\t<div class=\"elementor-widget-container\">\n\t\t\t\t\t\t\t<div class=\"elementor-swiper\">\n\t\t\t<div class=\"elementor-slides-wrapper elementor-main-swiper swiper-container\" dir=\"ltr\" data-animation=\"\">\n\t\t\t\t<div class=\"swiper-wrapper elementor-slides\">\n\t\t\t\t\t\t\t\t\t\t<div class=\"elementor-repeater-item-d983a28 swiper-slide\"><div class=\"swiper-slide-bg\"><\/div><div class=\"swiper-slide-inner\" ><div class=\"swiper-slide-contents\"><div class=\"elementor-slide-heading\">Looking for a job?<\/div><\/div><\/div><\/div>\t\t\t\t<\/div>\n\t\t\t\t\t\t\t<\/div>\n\t\t<\/div>\n\t\t\t\t\t\t<\/div>\n\t\t\t\t<\/div>\n\t\t\t\t\t<\/div>\n\t\t<\/div>\n\t\t\t\t\t<\/div>\n\t\t<\/section>\n\t\t\t\t<section class=\"elementor-section elementor-top-section elementor-element elementor-element-69b67a1 elementor-section-stretched elementor-section-boxed elementor-section-height-default elementor-section-height-default wpr-particle-no wpr-jarallax-no wpr-parallax-no wpr-sticky-section-no wpr-equal-height-no\" data-id=\"69b67a1\" data-element_type=\"section\" data-e-type=\"section\" data-settings=\"{&quot;stretch_section&quot;:&quot;section-stretched&quot;,&quot;background_background&quot;:&quot;classic&quot;}\">\n\t\t\t\t\t\t<div class=\"elementor-container elementor-column-gap-default\">\n\t\t\t\t\t<div class=\"elementor-column elementor-col-100 elementor-top-column elementor-element elementor-element-3a68476\" data-id=\"3a68476\" data-element_type=\"column\" data-e-type=\"column\">\n\t\t\t<div class=\"elementor-widget-wrap elementor-element-populated\">\n\t\t\t\t\t\t<div class=\"elementor-element elementor-element-09a0ecb elementor-widget elementor-widget-heading\" data-id=\"09a0ecb\" data-element_type=\"widget\" data-e-type=\"widget\" data-widget_type=\"heading.default\">\n\t\t\t\t<div class=\"elementor-widget-container\">\n\t\t\t\t\t<h3 class=\"elementor-heading-title elementor-size-default\">Get trained in more than 200 courses for free<\/h3>\t\t\t\t<\/div>\n\t\t\t\t<\/div>\n\t\t\t\t<div class=\"elementor-element elementor-element-25a5822 elementor-widget elementor-widget-text-editor\" data-id=\"25a5822\" data-element_type=\"widget\" data-e-type=\"widget\" data-widget_type=\"text-editor.default\">\n\t\t\t\t<div class=\"elementor-widget-container\">\n\t\t\t\t\t\t\t\t\t<p>En la p\u00e1gina de inicio de Acceso Latino, encontrar\u00e1s la secci\u00f3n <strong>Training for employment<\/strong>. En ella, descubrir\u00e1s diversas categor\u00edas en las que seguro estar\u00e1 el curso que quieras.<\/p><p>Las categor\u00edas son:<\/p><p><strong>Formaci\u00f3n humana: <\/strong>esta categor\u00eda ofrece los cursos Facilitador ASUME e Introducci\u00f3n ASUME.<\/p><p><strong>Administraci\u00f3n y finanzas: <\/strong>ofrece, entre otros, Bolsa de valores, Cultura econ\u00f3mica (PIB) y Programa de educaci\u00f3n financiera.<\/p><p><strong>Agropecuario: <\/strong>brinda los cursos Jardinero a gran escala, T\u00e9cnico en cultivo de vegetales, Granjero de lecher\u00eda (orde\u00f1a y alimentaci\u00f3n), etc.<\/p><p><strong>Alimentos:<\/strong> Cocinero, Jefe de cocina, Panadero, y dem\u00e1s.<\/p><p><strong>Comercio:<\/strong> Agente de ventas digitales, Cajero de tienda de autoservicio, Negocios m\u00f3viles, Vendedor por cat\u00e1logo, etc.<\/p><p><strong>Construcci\u00f3n:<\/strong> Alba\u00f1il, Carpintero, Electricista, adem\u00e1s de gu\u00edas que te ayudan a la Autoconstrucci\u00f3n y Reparaci\u00f3n.<\/p><p><strong>Energ\u00eda:<\/strong> Asesor de energ\u00edas renovables, T\u00e9cnico en instalaci\u00f3n de calentadores solares y en energ\u00eda e\u00f3lica, etc.<\/p><p><strong>Formaci\u00f3n:<\/strong> Administrador de plataformas digitales de aprendizaje, Facilitador de aprendizaje digital, Promotor del Desarrollo Infantil, entre muchos otros.<\/p><p><strong>Industria:<\/strong> Auxiliar Operativo, Jefe de mantenimiento y Supervisor de operaciones.<\/p><p><strong>Miner\u00eda:<\/strong> T\u00e9cnico minero.<\/p><p><strong>Moda y belleza:<\/strong> Asesor de belleza, Corte y confecci\u00f3n, Estilista y Servicio de barber\u00eda (barba y bigote).<\/p><p><strong>Servicio al Cliente:<\/strong> Mesero, Bartender Representante telef\u00f3nico, Trabajador dom\u00e9stico, entre otros.<\/p><p><strong>Social:<\/strong> Cuidador de adultos mayores, Cuidador de ni\u00f1os, Discapacidad en la primera infancia, etc.<\/p><p><strong>Transportes:<\/strong> Conductor de transporte ejecutivo, Conductor de transporte p\u00fablico, Mec\u00e1nico automotriz, Operador de autotransporte, entre otros.<\/p><p><strong>Tecnolog\u00eda:<\/strong> Administrador de base de datos, Desarrollador de aplicaciones m\u00f3viles, Gestor de Imagen Web, T\u00e9cnico en construcci\u00f3n y reparaci\u00f3n de drones, y una gran variedad de cursos.<\/p><p><strong>Salud:<\/strong> Promotor en activaci\u00f3n f\u00edsica, Prevenci\u00f3n y atenci\u00f3n de la diabetes, Asesor de lactancia materna, Primer respondiente (introducci\u00f3n), Seguridad e higiene en el ambiente laboral, entre muchos otros.<\/p><p><strong>Sustentabilidad:<\/strong> Asesor de generaci\u00f3n de residuos cero, Instalador de paneles solares, T\u00e9cnico en reciclaje, etc.<\/p><p><strong>Turismo:<\/strong> Agente de ventas digital, Anfitri\u00f3n Tur\u00edstico, Dise\u00f1ador de oferta tur\u00edstica, Promotor tur\u00edstico, entre otros.<\/p><p><strong>Sociedad global:<\/strong> Ciudadano global, Constructor de paz, Responsabilidad digital, Servidor P\u00fablico, y muchos m\u00e1s.<\/p><p><strong>Profesionalizaci\u00f3n:<\/strong> Investigador empresarial, Liderazgo, Manejo de juntas de trabajo, Trabajo en equipo, etc.\u00a0<\/p><p><strong>Listo para el trabajo:<\/strong> incluye muchos cursos de las categor\u00edas anteriores.<\/p><p>Adem\u00e1s, algunas de las categor\u00edas tienen cursos que est\u00e1n por abrirse como el de Digital\u00edzate, y si no encuentras la opci\u00f3n que quer\u00edas, puedes sugerirla.<\/p><p>Para acceder a todos estos cursos, es necesario registrarse.<\/p><p><a href=\"https:\/\/capacitateparaelempleo.org\/pages.php?r=.index&amp;filter_areaID=98\">https:\/\/capacitateparaelempleo.org\/pages.php?r=.index&amp;filter_areaID=98<\/a><\/p>\t\t\t\t\t\t\t\t<\/div>\n\t\t\t\t<\/div>\n\t\t\t\t<div class=\"elementor-element elementor-element-20fb241 elementor-widget elementor-widget-spacer\" data-id=\"20fb241\" data-element_type=\"widget\" data-e-type=\"widget\" data-widget_type=\"spacer.default\">\n\t\t\t\t<div class=\"elementor-widget-container\">\n\t\t\t\t\t\t\t<div class=\"elementor-spacer\">\n\t\t\t<div class=\"elementor-spacer-inner\"><\/div>\n\t\t<\/div>\n\t\t\t\t\t\t<\/div>\n\t\t\t\t<\/div>\n\t\t\t\t\t<\/div>\n\t\t<\/div>\n\t\t\t\t\t<\/div>\n\t\t<\/section>\n\t\t\t\t<\/div>","protected":false},"excerpt":{"rendered":"<p>\u00bfBuscas empleo? Capac\u00edtate en m\u00e1s de 200 cursos de manera gratuita En la p\u00e1gina de inicio de Acceso Latino, encontrar\u00e1s la secci\u00f3n Capac\u00edtate para el empleo. En ella, descubrir\u00e1s diversas categor\u00edas en las que seguro estar\u00e1 el curso que quieras. Las categor\u00edas son: Formaci\u00f3n humana: esta categor\u00eda ofrece los cursos Facilitador ASUME e Introducci\u00f3n ASUME. Administraci\u00f3n y finanzas: ofrece, entre otros, Bolsa de valores, Cultura econ\u00f3mica (PIB) y Programa de educaci\u00f3n financiera. Agropecuario: brinda los cursos Jardinero a gran escala, T\u00e9cnico en cultivo de vegetales, Granjero de lecher\u00eda (orde\u00f1a y alimentaci\u00f3n), etc. Alimentos: Cocinero, Jefe de cocina, Panadero, y dem\u00e1s. Comercio: Agente de ventas digitales, Cajero de tienda de autoservicio, Negocios m\u00f3viles, Vendedor por cat\u00e1logo, etc. Construcci\u00f3n: Alba\u00f1il, Carpintero, Electricista, adem\u00e1s de gu\u00edas que te ayudan a la Autoconstrucci\u00f3n y Reparaci\u00f3n. Energ\u00eda: Asesor de energ\u00edas renovables, T\u00e9cnico en instalaci\u00f3n de calentadores solares y en energ\u00eda e\u00f3lica, etc. Formaci\u00f3n: Administrador de plataformas digitales de aprendizaje, Facilitador de aprendizaje digital, Promotor del Desarrollo Infantil, entre muchos otros. Industria: Auxiliar Operativo, Jefe de mantenimiento y Supervisor de operaciones. Miner\u00eda: T\u00e9cnico minero. Moda y belleza: Asesor de belleza, Corte y confecci\u00f3n, Estilista y Servicio de barber\u00eda (barba y bigote). Servicio al Cliente: Mesero, Bartender Representante telef\u00f3nico, Trabajador dom\u00e9stico, entre otros. Social: Cuidador de adultos mayores, Cuidador de ni\u00f1os, Discapacidad en la primera infancia, etc. Transportes: Conductor de transporte ejecutivo, Conductor de transporte p\u00fablico, Mec\u00e1nico automotriz, Operador de autotransporte, entre otros. Tecnolog\u00eda: Administrador de base de datos, Desarrollador de aplicaciones m\u00f3viles, Gestor de Imagen Web, T\u00e9cnico en construcci\u00f3n y reparaci\u00f3n de drones, y una gran variedad de cursos. Salud: Promotor en activaci\u00f3n f\u00edsica, Prevenci\u00f3n y atenci\u00f3n de la diabetes, Asesor de lactancia materna, Primer respondiente (introducci\u00f3n), Seguridad e higiene en el ambiente laboral, entre muchos otros. Sustentabilidad: Asesor de generaci\u00f3n de residuos cero, Instalador de paneles solares, T\u00e9cnico en reciclaje, etc. Turismo: Agente de ventas digital, Anfitri\u00f3n Tur\u00edstico, Dise\u00f1ador de oferta tur\u00edstica, Promotor tur\u00edstico, entre otros. Sociedad global: Ciudadano global, Constructor de paz, Responsabilidad digital, Servidor P\u00fablico, y muchos m\u00e1s. Profesionalizaci\u00f3n: Investigador empresarial, Liderazgo, Manejo de juntas de trabajo, Trabajo en equipo, etc.\u00a0 Listo para el trabajo: incluye muchos cursos de las categor\u00edas anteriores. Adem\u00e1s, algunas de las categor\u00edas tienen cursos que est\u00e1n por abrirse como el de Digital\u00edzate, y si no encuentras la opci\u00f3n que quer\u00edas, puedes sugerirla. Para acceder a todos estos cursos, es necesario registrarse. https:\/\/capacitateparaelempleo.org\/pages.php?r=.index&amp;filter_areaID=98<\/p>","protected":false},"author":5,"featured_media":22481,"parent":2747,"menu_order":0,"comment_status":"closed","ping_status":"closed","template":"elementor_header_footer","meta":{"_uf_show_specific_survey":0,"_uf_disable_surveys":false,"footnotes":""},"class_list":["post-22491","page","type-page","status-publish","has-post-thumbnail"],"aioseo_notices":[],"yoast_head":"<!-- This site is optimized with the Yoast SEO plugin v27.4 - https:\/\/yoast.com\/product\/yoast-seo-wordpress\/ -->\n<title>Capac\u00edtate en m\u00e1s de 200 cursos de manera gratuita<\/title>\n<meta name=\"description\" content=\"\u00bfBuscas empleo en Estados Unidos? Te compartimos algunas herramientas para capacitarte y encontrarlo - Acceso Latino\" \/>\n<meta name=\"robots\" content=\"index, follow, max-snippet:-1, max-image-preview:large, max-video-preview:-1\" \/>\n<link rel=\"canonical\" href=\"https:\/\/accesolatino.org\/en\/buscas-empleo\/capacitate-en-mas-de-200-cursos-de-manera-gratuita\/\" \/>\n<meta property=\"og:locale\" content=\"en_US\" \/>\n<meta property=\"og:type\" content=\"article\" \/>\n<meta property=\"og:title\" content=\"Acceso Latino | Capac\u00edtate en m\u00e1s de 200 cursos de manera gratuita\" \/>\n<meta property=\"og:description\" content=\"\u00bfBuscas empleo en Estados Unidos? Te compartimos algunas herrmientas para capacitarte y encontrarlo.\" \/>\n<meta property=\"og:url\" content=\"https:\/\/accesolatino.org\/en\/buscas-empleo\/capacitate-en-mas-de-200-cursos-de-manera-gratuita\/\" \/>\n<meta property=\"og:site_name\" content=\"Acceso Latino\" \/>\n<meta property=\"article:publisher\" content=\"https:\/\/www.facebook.com\/AccesoLatinoOrg\" \/>\n<meta property=\"article:modified_time\" content=\"2025-10-16T22:05:45+00:00\" \/>\n<meta property=\"og:image\" content=\"https:\/\/accesolatino.org\/wp-content\/uploads\/2020\/08\/Capacitate-en-mas-de-200-cursos.jpg\" \/>\n\t<meta property=\"og:image:width\" content=\"600\" \/>\n\t<meta property=\"og:image:height\" content=\"338\" \/>\n\t<meta property=\"og:image:type\" content=\"image\/jpeg\" \/>\n<meta name=\"twitter:card\" content=\"summary_large_image\" \/>\n<meta name=\"twitter:title\" content=\"Acceso Latino | Capac\u00edtate en m\u00e1s de 200 cursos de manera gratuita\" \/>\n<meta name=\"twitter:description\" content=\"\u00bfBuscas empleo en Estados Unidos? Te compartimos algunas herrmientas para capacitarte y encontrarlo.\" \/>\n<meta name=\"twitter:image\" content=\"https:\/\/accesolatino.org\/wp-content\/uploads\/2020\/08\/Capacitate-en-mas-de-200-cursos.jpg\" \/>\n<meta name=\"twitter:site\" content=\"@FAccLatino\" \/>\n<meta name=\"twitter:label1\" content=\"Est. reading time\" \/>\n\t<meta name=\"twitter:data1\" content=\"3 minutes\" \/>\n<script type=\"application\/ld+json\" class=\"yoast-schema-graph\">{\"@context\":\"https:\\\/\\\/schema.org\",\"@graph\":[{\"@type\":\"WebPage\",\"@id\":\"https:\\\/\\\/accesolatino.org\\\/en\\\/buscas-empleo\\\/capacitate-en-mas-de-200-cursos-de-manera-gratuita\\\/\",\"url\":\"https:\\\/\\\/accesolatino.org\\\/en\\\/buscas-empleo\\\/capacitate-en-mas-de-200-cursos-de-manera-gratuita\\\/\",\"name\":\"Capac\u00edtate en m\u00e1s de 200 cursos de manera gratuita\",\"isPartOf\":{\"@id\":\"https:\\\/\\\/accesolatino.org\\\/#website\"},\"primaryImageOfPage\":{\"@id\":\"https:\\\/\\\/accesolatino.org\\\/en\\\/buscas-empleo\\\/capacitate-en-mas-de-200-cursos-de-manera-gratuita\\\/#primaryimage\"},\"image\":{\"@id\":\"https:\\\/\\\/accesolatino.org\\\/en\\\/buscas-empleo\\\/capacitate-en-mas-de-200-cursos-de-manera-gratuita\\\/#primaryimage\"},\"thumbnailUrl\":\"https:\\\/\\\/accesolatino.org\\\/wp-content\\\/uploads\\\/2020\\\/08\\\/Capacitate-en-mas-de-200-cursos.jpg\",\"datePublished\":\"2020-08-18T22:13:07+00:00\",\"dateModified\":\"2025-10-16T22:05:45+00:00\",\"description\":\"\u00bfBuscas empleo en Estados Unidos? Te compartimos algunas herramientas para capacitarte y encontrarlo - Acceso Latino\",\"breadcrumb\":{\"@id\":\"https:\\\/\\\/accesolatino.org\\\/en\\\/buscas-empleo\\\/capacitate-en-mas-de-200-cursos-de-manera-gratuita\\\/#breadcrumb\"},\"inLanguage\":\"en-US\",\"potentialAction\":[{\"@type\":\"ReadAction\",\"target\":[\"https:\\\/\\\/accesolatino.org\\\/en\\\/buscas-empleo\\\/capacitate-en-mas-de-200-cursos-de-manera-gratuita\\\/\"]}]},{\"@type\":\"ImageObject\",\"inLanguage\":\"en-US\",\"@id\":\"https:\\\/\\\/accesolatino.org\\\/en\\\/buscas-empleo\\\/capacitate-en-mas-de-200-cursos-de-manera-gratuita\\\/#primaryimage\",\"url\":\"https:\\\/\\\/accesolatino.org\\\/wp-content\\\/uploads\\\/2020\\\/08\\\/Capacitate-en-mas-de-200-cursos.jpg\",\"contentUrl\":\"https:\\\/\\\/accesolatino.org\\\/wp-content\\\/uploads\\\/2020\\\/08\\\/Capacitate-en-mas-de-200-cursos.jpg\",\"width\":600,\"height\":338,\"caption\":\"cursos gratuitos\"},{\"@type\":\"BreadcrumbList\",\"@id\":\"https:\\\/\\\/accesolatino.org\\\/en\\\/buscas-empleo\\\/capacitate-en-mas-de-200-cursos-de-manera-gratuita\\\/#breadcrumb\",\"itemListElement\":[{\"@type\":\"ListItem\",\"position\":1,\"name\":\"Portada\",\"item\":\"https:\\\/\\\/accesolatino.org\\\/\"},{\"@type\":\"ListItem\",\"position\":2,\"name\":\"Buscas Empleo\",\"item\":\"https:\\\/\\\/accesolatino.org\\\/en\\\/buscas-empleo\\\/\"},{\"@type\":\"ListItem\",\"position\":3,\"name\":\"Capac\u00edtate en m\u00e1s de 200 cursos de manera gratuita\"}]},{\"@type\":\"WebSite\",\"@id\":\"https:\\\/\\\/accesolatino.org\\\/#website\",\"url\":\"https:\\\/\\\/accesolatino.org\\\/\",\"name\":\"Acceso Latino | Fundaci\u00f3n Carlos Slim\",\"description\":\"Fundaci\u00f3n Carlos Slim\",\"publisher\":{\"@id\":\"https:\\\/\\\/accesolatino.org\\\/#organization\"},\"potentialAction\":[{\"@type\":\"SearchAction\",\"target\":{\"@type\":\"EntryPoint\",\"urlTemplate\":\"https:\\\/\\\/accesolatino.org\\\/?s={search_term_string}\"},\"query-input\":{\"@type\":\"PropertyValueSpecification\",\"valueRequired\":true,\"valueName\":\"search_term_string\"}}],\"inLanguage\":\"en-US\"},{\"@type\":\"Organization\",\"@id\":\"https:\\\/\\\/accesolatino.org\\\/#organization\",\"name\":\"Acceso Latino | Fundaci\u00f3n Carlos Slim\",\"url\":\"https:\\\/\\\/accesolatino.org\\\/\",\"logo\":{\"@type\":\"ImageObject\",\"inLanguage\":\"en-US\",\"@id\":\"https:\\\/\\\/accesolatino.org\\\/#\\\/schema\\\/logo\\\/image\\\/\",\"url\":\"https:\\\/\\\/accesolatino.org\\\/wp-content\\\/uploads\\\/2021\\\/02\\\/logo-footer-acceso-latino.png\",\"contentUrl\":\"https:\\\/\\\/accesolatino.org\\\/wp-content\\\/uploads\\\/2021\\\/02\\\/logo-footer-acceso-latino.png\",\"width\":240,\"height\":40,\"caption\":\"Acceso Latino | Fundaci\u00f3n Carlos Slim\"},\"image\":{\"@id\":\"https:\\\/\\\/accesolatino.org\\\/#\\\/schema\\\/logo\\\/image\\\/\"},\"sameAs\":[\"https:\\\/\\\/www.facebook.com\\\/AccesoLatinoOrg\",\"https:\\\/\\\/x.com\\\/FAccLatino\"]}]}<\/script>\n<!-- \/ Yoast SEO plugin. -->","yoast_head_json":{"title":"Get trained in more than 200 courses for free","description":"\u00bfBuscas empleo en Estados Unidos? Te compartimos algunas herramientas para capacitarte y encontrarlo - Acceso Latino","robots":{"index":"index","follow":"follow","max-snippet":"max-snippet:-1","max-image-preview":"max-image-preview:large","max-video-preview":"max-video-preview:-1"},"canonical":"https:\/\/accesolatino.org\/en\/buscas-empleo\/capacitate-en-mas-de-200-cursos-de-manera-gratuita\/","og_locale":"en_US","og_type":"article","og_title":"Acceso Latino | Capac\u00edtate en m\u00e1s de 200 cursos de manera gratuita","og_description":"\u00bfBuscas empleo en Estados Unidos? Te compartimos algunas herrmientas para capacitarte y encontrarlo.","og_url":"https:\/\/accesolatino.org\/en\/buscas-empleo\/capacitate-en-mas-de-200-cursos-de-manera-gratuita\/","og_site_name":"Acceso Latino","article_publisher":"https:\/\/www.facebook.com\/AccesoLatinoOrg","article_modified_time":"2025-10-16T22:05:45+00:00","og_image":[{"width":600,"height":338,"url":"https:\/\/accesolatino.org\/wp-content\/uploads\/2020\/08\/Capacitate-en-mas-de-200-cursos.jpg","type":"image\/jpeg"}],"twitter_card":"summary_large_image","twitter_title":"Acceso Latino | Capac\u00edtate en m\u00e1s de 200 cursos de manera gratuita","twitter_description":"\u00bfBuscas empleo en Estados Unidos? Te compartimos algunas herrmientas para capacitarte y encontrarlo.","twitter_image":"https:\/\/accesolatino.org\/wp-content\/uploads\/2020\/08\/Capacitate-en-mas-de-200-cursos.jpg","twitter_site":"@FAccLatino","twitter_misc":{"Est. reading time":"3 minutes"},"schema":{"@context":"https:\/\/schema.org","@graph":[{"@type":"WebPage","@id":"https:\/\/accesolatino.org\/en\/buscas-empleo\/capacitate-en-mas-de-200-cursos-de-manera-gratuita\/","url":"https:\/\/accesolatino.org\/en\/buscas-empleo\/capacitate-en-mas-de-200-cursos-de-manera-gratuita\/","name":"Get trained in more than 200 courses for free","isPartOf":{"@id":"https:\/\/accesolatino.org\/#website"},"primaryImageOfPage":{"@id":"https:\/\/accesolatino.org\/en\/buscas-empleo\/capacitate-en-mas-de-200-cursos-de-manera-gratuita\/#primaryimage"},"image":{"@id":"https:\/\/accesolatino.org\/en\/buscas-empleo\/capacitate-en-mas-de-200-cursos-de-manera-gratuita\/#primaryimage"},"thumbnailUrl":"https:\/\/accesolatino.org\/wp-content\/uploads\/2020\/08\/Capacitate-en-mas-de-200-cursos.jpg","datePublished":"2020-08-18T22:13:07+00:00","dateModified":"2025-10-16T22:05:45+00:00","description":"\u00bfBuscas empleo en Estados Unidos? Te compartimos algunas herramientas para capacitarte y encontrarlo - Acceso Latino","breadcrumb":{"@id":"https:\/\/accesolatino.org\/en\/buscas-empleo\/capacitate-en-mas-de-200-cursos-de-manera-gratuita\/#breadcrumb"},"inLanguage":"en-US","potentialAction":[{"@type":"ReadAction","target":["https:\/\/accesolatino.org\/en\/buscas-empleo\/capacitate-en-mas-de-200-cursos-de-manera-gratuita\/"]}]},{"@type":"ImageObject","inLanguage":"en-US","@id":"https:\/\/accesolatino.org\/en\/buscas-empleo\/capacitate-en-mas-de-200-cursos-de-manera-gratuita\/#primaryimage","url":"https:\/\/accesolatino.org\/wp-content\/uploads\/2020\/08\/Capacitate-en-mas-de-200-cursos.jpg","contentUrl":"https:\/\/accesolatino.org\/wp-content\/uploads\/2020\/08\/Capacitate-en-mas-de-200-cursos.jpg","width":600,"height":338,"caption":"cursos gratuitos"},{"@type":"BreadcrumbList","@id":"https:\/\/accesolatino.org\/en\/buscas-empleo\/capacitate-en-mas-de-200-cursos-de-manera-gratuita\/#breadcrumb","itemListElement":[{"@type":"ListItem","position":1,"name":"Portada","item":"https:\/\/accesolatino.org\/"},{"@type":"ListItem","position":2,"name":"Buscas Empleo","item":"https:\/\/accesolatino.org\/en\/buscas-empleo\/"},{"@type":"ListItem","position":3,"name":"Capac\u00edtate en m\u00e1s de 200 cursos de manera gratuita"}]},{"@type":"WebSite","@id":"https:\/\/accesolatino.org\/#website","url":"https:\/\/accesolatino.org\/","name":"Acceso Latino | Fundaci\u00f3n Carlos Slim","description":"Fundaci\u00f3n Carlos Slim","publisher":{"@id":"https:\/\/accesolatino.org\/#organization"},"potentialAction":[{"@type":"SearchAction","target":{"@type":"EntryPoint","urlTemplate":"https:\/\/accesolatino.org\/?s={search_term_string}"},"query-input":{"@type":"PropertyValueSpecification","valueRequired":true,"valueName":"search_term_string"}}],"inLanguage":"en-US"},{"@type":"Organization","@id":"https:\/\/accesolatino.org\/#organization","name":"Acceso Latino | Fundaci\u00f3n Carlos Slim","url":"https:\/\/accesolatino.org\/","logo":{"@type":"ImageObject","inLanguage":"en-US","@id":"https:\/\/accesolatino.org\/#\/schema\/logo\/image\/","url":"https:\/\/accesolatino.org\/wp-content\/uploads\/2021\/02\/logo-footer-acceso-latino.png","contentUrl":"https:\/\/accesolatino.org\/wp-content\/uploads\/2021\/02\/logo-footer-acceso-latino.png","width":240,"height":40,"caption":"Acceso Latino | Fundaci\u00f3n Carlos Slim"},"image":{"@id":"https:\/\/accesolatino.org\/#\/schema\/logo\/image\/"},"sameAs":["https:\/\/www.facebook.com\/AccesoLatinoOrg","https:\/\/x.com\/FAccLatino"]}]}},"_links":{"self":[{"href":"https:\/\/accesolatino.org\/en\/wp-json\/wp\/v2\/pages\/22491","targetHints":{"allow":["GET"]}}],"collection":[{"href":"https:\/\/accesolatino.org\/en\/wp-json\/wp\/v2\/pages"}],"about":[{"href":"https:\/\/accesolatino.org\/en\/wp-json\/wp\/v2\/types\/page"}],"author":[{"embeddable":true,"href":"https:\/\/accesolatino.org\/en\/wp-json\/wp\/v2\/users\/5"}],"replies":[{"embeddable":true,"href":"https:\/\/accesolatino.org\/en\/wp-json\/wp\/v2\/comments?post=22491"}],"version-history":[{"count":1,"href":"https:\/\/accesolatino.org\/en\/wp-json\/wp\/v2\/pages\/22491\/revisions"}],"predecessor-version":[{"id":64136,"href":"https:\/\/accesolatino.org\/en\/wp-json\/wp\/v2\/pages\/22491\/revisions\/64136"}],"up":[{"embeddable":true,"href":"https:\/\/accesolatino.org\/en\/wp-json\/wp\/v2\/pages\/2747"}],"wp:featuredmedia":[{"embeddable":true,"href":"https:\/\/accesolatino.org\/en\/wp-json\/wp\/v2\/media\/22481"}],"wp:attachment":[{"href":"https:\/\/accesolatino.org\/en\/wp-json\/wp\/v2\/media?parent=22491"}],"curies":[{"name":"wp","href":"https:\/\/api.w.org\/{rel}","templated":true}]}}