{"id":22473,"date":"2020-08-17T17:00:24","date_gmt":"2020-08-17T22:00:24","guid":{"rendered":"https:\/\/accesolatino.org\/?page_id=22473"},"modified":"2025-10-16T13:02:10","modified_gmt":"2025-10-16T19:02:10","slug":"aprende-org-plataforma-educativa-de-fundacion-carlos-slim","status":"publish","type":"page","link":"https:\/\/accesolatino.org\/en\/aprende-org-plataforma-educativa-de-fundacion-carlos-slim\/","title":{"rendered":"Aprende.org, educational platform of Carlos Slim Foundation"},"content":{"rendered":"<div data-elementor-type=\"wp-post\" data-elementor-id=\"22473\" class=\"elementor elementor-22473\">\n\t\t\t\t\t\t<section class=\"elementor-section elementor-top-section elementor-element elementor-element-e2c4c33 elementor-section-full_width elementor-section-height-min-height elementor-section-items-stretch elementor-section-height-default wpr-particle-no wpr-jarallax-no wpr-parallax-no wpr-sticky-section-no wpr-equal-height-no\" data-id=\"e2c4c33\" data-element_type=\"section\" data-e-type=\"section\" data-settings=\"{&quot;background_background&quot;:&quot;classic&quot;}\">\n\t\t\t\t\t\t<div class=\"elementor-container elementor-column-gap-no\">\n\t\t\t\t\t<div class=\"elementor-column elementor-col-100 elementor-top-column elementor-element elementor-element-dcfe2ae\" data-id=\"dcfe2ae\" data-element_type=\"column\" data-e-type=\"column\">\n\t\t\t<div class=\"elementor-widget-wrap elementor-element-populated\">\n\t\t\t\t\t\t<div class=\"elementor-element elementor-element-967fa15 elementor--h-position-center elementor--v-position-middle elementor-widget elementor-widget-slides\" data-id=\"967fa15\" data-element_type=\"widget\" data-e-type=\"widget\" data-settings=\"{&quot;navigation&quot;:&quot;none&quot;,&quot;infinite&quot;:&quot;yes&quot;,&quot;transition&quot;:&quot;slide&quot;,&quot;transition_speed&quot;:500}\" data-widget_type=\"slides.default\">\n\t\t\t\t<div class=\"elementor-widget-container\">\n\t\t\t\t\t\t\t<div class=\"elementor-swiper\">\n\t\t\t<div class=\"elementor-slides-wrapper elementor-main-swiper swiper-container\" dir=\"ltr\" data-animation=\"\">\n\t\t\t\t<div class=\"swiper-wrapper elementor-slides\">\n\t\t\t\t\t\t\t\t\t\t<div class=\"elementor-repeater-item-d983a28 swiper-slide\"><div class=\"swiper-slide-bg\"><\/div><div class=\"swiper-slide-inner\" ><div class=\"swiper-slide-contents\"><div class=\"elementor-slide-heading\">Education<\/div><\/div><\/div><\/div>\t\t\t\t<\/div>\n\t\t\t\t\t\t\t<\/div>\n\t\t<\/div>\n\t\t\t\t\t\t<\/div>\n\t\t\t\t<\/div>\n\t\t\t\t\t<\/div>\n\t\t<\/div>\n\t\t\t\t\t<\/div>\n\t\t<\/section>\n\t\t\t\t<section class=\"elementor-section elementor-top-section elementor-element elementor-element-4228259 elementor-section-stretched elementor-section-boxed elementor-section-height-default elementor-section-height-default wpr-particle-no wpr-jarallax-no wpr-parallax-no wpr-sticky-section-no wpr-equal-height-no\" data-id=\"4228259\" data-element_type=\"section\" data-e-type=\"section\" data-settings=\"{&quot;stretch_section&quot;:&quot;section-stretched&quot;,&quot;background_background&quot;:&quot;classic&quot;}\">\n\t\t\t\t\t\t<div class=\"elementor-container elementor-column-gap-default\">\n\t\t\t\t\t<div class=\"elementor-column elementor-col-100 elementor-top-column elementor-element elementor-element-6b2bda8\" data-id=\"6b2bda8\" data-element_type=\"column\" data-e-type=\"column\">\n\t\t\t<div class=\"elementor-widget-wrap elementor-element-populated\">\n\t\t\t\t\t\t<div class=\"elementor-element elementor-element-3d367c2 elementor-widget elementor-widget-heading\" data-id=\"3d367c2\" data-element_type=\"widget\" data-e-type=\"widget\" data-widget_type=\"heading.default\">\n\t\t\t\t<div class=\"elementor-widget-container\">\n\t\t\t\t\t<h3 class=\"elementor-heading-title elementor-size-default\">Aprende.org, educational platform of Carlos Slim Foundation<\/h3>\t\t\t\t<\/div>\n\t\t\t\t<\/div>\n\t\t\t\t<div class=\"elementor-element elementor-element-0cfbf8b elementor-widget elementor-widget-text-editor\" data-id=\"0cfbf8b\" data-element_type=\"widget\" data-e-type=\"widget\" data-widget_type=\"text-editor.default\">\n\t\t\t\t<div class=\"elementor-widget-container\">\n\t\t\t\t\t\t\t\t\t<p><span style=\"font-weight: 400;\">En el apartado <\/span><b>\u201cEducaci\u00f3n para Todos\u201d<\/b><span style=\"font-weight: 400;\">, al darle click, se te redirigir\u00e1 a Aprende.org, una plataforma educativa en la que encontrar\u00e1s mucha informaci\u00f3n sobre diversos temas que te permitir\u00e1n continuar con tu formaci\u00f3n profesional.<\/span><\/p><p><span style=\"font-weight: 400;\">Conoce la oferta educativa de la secci\u00f3n Educaci\u00f3n y Cultura:\u00a0<\/span><\/p><p><b>\u00bfQu\u00e9 es aprender?: <\/b><span style=\"font-weight: 400;\">presenta entrevistas sobre la importancia del conocimiento y el aprendizaje.<\/span><\/p><p><b>Inicial:<\/b><span style=\"font-weight: 400;\"> informaci\u00f3n relevante sobre los primeros a\u00f1os en la vida de las ni\u00f1as y ni\u00f1os.\u00a0\u00a0\u00a0<\/span><\/p><p><b>B\u00e1sica y media:<\/b><span style=\"font-weight: 400;\"> se encuentran las secciones Matem\u00e1ticas y Lenguaje y Comunicaci\u00f3n.\u00a0<\/span><\/p><p><b>Superior:<\/b><span style=\"font-weight: 400;\"> te traslada a las p\u00e1ginas Acad\u00e9mica, Coursera, Udacity, edX y MITOpenCourseware, en las cuales hay una gran variedad de cursos.\u00a0\u00a0\u00a0<\/span><\/p><p><b>Maestro Innovador:<\/b><span style=\"font-weight: 400;\"> t\u00e9cnicas para ser a\u00fan mejor en tu docencia.\u00a0<\/span><\/p><p><b>PruebaT:<\/b><span style=\"font-weight: 400;\"> ofrece experiencias de aprendizaje para estudiantes, maestros y padres de familia con el fin de fortalecer conocimientos y habilidades que les servir\u00e1n toda la vida.\u00a0<\/span><\/p><p><b>Khan Academy:<\/b><span style=\"font-weight: 400;\"> organizaci\u00f3n sin fines de lucro con la misi\u00f3n de ofrecer educaci\u00f3n gratuita de primer nivel, para cualquier persona en cualquier lugar. Cuenta con el apoyo de patrocinadores como Bill &amp; Melinda Gates Foundation, Bank of America, entre otros.\u00a0<\/span><\/p><p><b>Historia: <\/b><span style=\"font-weight: 400;\">conoce la historia de M\u00e9xico a partir de datos curiosos.<\/span><\/p><p><b>Formaci\u00f3n Humana: <\/b><span style=\"font-weight: 400;\">herramientas que te ayudan a mejorar como persona.<\/span><\/p><p><b>Museo Soumaya: <\/b><span style=\"font-weight: 400;\">un paseo virtual de este maravilloso museo.<\/span><\/p><p><b>Habilidades Digitales: <\/b><span style=\"font-weight: 400;\">dale un nuevo uso a las tecnolog\u00edas que ya conoces y aprende a dise\u00f1ar proyectos para la vida cotidiana.\u00a0\u00a0<\/span><\/p><p><b>Programaci\u00f3n para todos: <\/b><span style=\"font-weight: 400;\">aprende el lenguaje universal para transformar el mundo.<\/span><\/p><p><b>Aprende idiomas: <\/b><span style=\"font-weight: 400;\">selecciona el idioma que quieras hablar a trav\u00e9s de la app LearnMatch.\u00a0<\/span><\/p><p><b>Medio Ambiente: <\/b><span style=\"font-weight: 400;\">s\u00e9 m\u00e1s consciente de lo que le ocurre a nuestro planeta.\u00a0\u00a0<\/span><\/p><p><b>VIVE + SEGURO: <\/b><span style=\"font-weight: 400;\">recursos educativos para informar a los ciudadanos sobre c\u00f3mo cuidarse en las calles, conocer los tipos de violencia, d\u00f3nde denunciar y los n\u00fameros de emergencia, adem\u00e1s de profesionalizar a los servidores p\u00fablicos para juntos construir la seguridad en M\u00e9xico.\u00a0<\/span><\/p><p><b>L\u00edderes nueva civilizaci\u00f3n tecnol\u00f3gica: <\/b><span style=\"font-weight: 400;\">pl\u00e1ticas y entrevistas con grandes personajes de la actualidad.\u00a0<\/span><\/p><p><span style=\"font-weight: 400;\">Para tener acceso a toda esta informaci\u00f3n, no olvides registrarte.\u00a0<\/span><\/p><p><a href=\"https:\/\/aprende.org\/tema\/educacion\"><span style=\"font-weight: 400;\">https:\/\/aprende.org\/tema\/educacion<\/span><\/a><span style=\"font-weight: 400;\">\u00a0<\/span><\/p>\t\t\t\t\t\t\t\t<\/div>\n\t\t\t\t<\/div>\n\t\t\t\t<div class=\"elementor-element elementor-element-d00b1fc elementor-widget elementor-widget-spacer\" data-id=\"d00b1fc\" data-element_type=\"widget\" data-e-type=\"widget\" data-widget_type=\"spacer.default\">\n\t\t\t\t<div class=\"elementor-widget-container\">\n\t\t\t\t\t\t\t<div class=\"elementor-spacer\">\n\t\t\t<div class=\"elementor-spacer-inner\"><\/div>\n\t\t<\/div>\n\t\t\t\t\t\t<\/div>\n\t\t\t\t<\/div>\n\t\t\t\t\t<\/div>\n\t\t<\/div>\n\t\t\t\t\t<\/div>\n\t\t<\/section>\n\t\t\t\t<\/div>","protected":false},"excerpt":{"rendered":"<p>Educaci\u00f3n Aprende.org, plataforma educativa de Fundaci\u00f3n Carlos Slim En el apartado \u201cEducaci\u00f3n para Todos\u201d, al darle click, se te redirigir\u00e1 a Aprende.org, una plataforma educativa en la que encontrar\u00e1s mucha informaci\u00f3n sobre diversos temas que te permitir\u00e1n continuar con tu formaci\u00f3n profesional. Conoce la oferta educativa de la secci\u00f3n Educaci\u00f3n y Cultura:\u00a0 \u00bfQu\u00e9 es aprender?: presenta entrevistas sobre la importancia del conocimiento y el aprendizaje. Inicial: informaci\u00f3n relevante sobre los primeros a\u00f1os en la vida de las ni\u00f1as y ni\u00f1os.\u00a0\u00a0\u00a0 B\u00e1sica y media: se encuentran las secciones Matem\u00e1ticas y Lenguaje y Comunicaci\u00f3n.\u00a0 Superior: te traslada a las p\u00e1ginas Acad\u00e9mica, Coursera, Udacity, edX y MITOpenCourseware, en las cuales hay una gran variedad de cursos.\u00a0\u00a0\u00a0 Maestro Innovador: t\u00e9cnicas para ser a\u00fan mejor en tu docencia.\u00a0 PruebaT: ofrece experiencias de aprendizaje para estudiantes, maestros y padres de familia con el fin de fortalecer conocimientos y habilidades que les servir\u00e1n toda la vida.\u00a0 Khan Academy: organizaci\u00f3n sin fines de lucro con la misi\u00f3n de ofrecer educaci\u00f3n gratuita de primer nivel, para cualquier persona en cualquier lugar. Cuenta con el apoyo de patrocinadores como Bill &amp; Melinda Gates Foundation, Bank of America, entre otros.\u00a0 Historia: conoce la historia de M\u00e9xico a partir de datos curiosos. Formaci\u00f3n Humana: herramientas que te ayudan a mejorar como persona. Museo Soumaya: un paseo virtual de este maravilloso museo. Habilidades Digitales: dale un nuevo uso a las tecnolog\u00edas que ya conoces y aprende a dise\u00f1ar proyectos para la vida cotidiana.\u00a0\u00a0 Programaci\u00f3n para todos: aprende el lenguaje universal para transformar el mundo. Aprende idiomas: selecciona el idioma que quieras hablar a trav\u00e9s de la app LearnMatch.\u00a0 Medio Ambiente: s\u00e9 m\u00e1s consciente de lo que le ocurre a nuestro planeta.\u00a0\u00a0 VIVE + SEGURO: recursos educativos para informar a los ciudadanos sobre c\u00f3mo cuidarse en las calles, conocer los tipos de violencia, d\u00f3nde denunciar y los n\u00fameros de emergencia, adem\u00e1s de profesionalizar a los servidores p\u00fablicos para juntos construir la seguridad en M\u00e9xico.\u00a0 L\u00edderes nueva civilizaci\u00f3n tecnol\u00f3gica: pl\u00e1ticas y entrevistas con grandes personajes de la actualidad.\u00a0 Para tener acceso a toda esta informaci\u00f3n, no olvides registrarte.\u00a0 https:\/\/aprende.org\/tema\/educacion\u00a0<\/p>","protected":false},"author":7,"featured_media":22461,"parent":0,"menu_order":0,"comment_status":"closed","ping_status":"closed","template":"elementor_header_footer","meta":{"_uf_show_specific_survey":0,"_uf_disable_surveys":false,"footnotes":""},"class_list":["post-22473","page","type-page","status-publish","has-post-thumbnail"],"aioseo_notices":[],"yoast_head":"<!-- This site is optimized with the Yoast SEO plugin v27.4 - https:\/\/yoast.com\/product\/yoast-seo-wordpress\/ -->\n<title>Aprende.org, plataforma educativa de Fundaci\u00f3n Carlos Slim<\/title>\n<meta name=\"description\" content=\"Conoce todas las aplicaciones que te pueden ser de ayuda en todos los procesos de migraci\u00f3n legal - Acceso Latino\" \/>\n<meta name=\"robots\" content=\"index, follow, max-snippet:-1, max-image-preview:large, max-video-preview:-1\" \/>\n<link rel=\"canonical\" href=\"https:\/\/accesolatino.org\/en\/aprende-org-plataforma-educativa-de-fundacion-carlos-slim\/\" \/>\n<meta property=\"og:locale\" content=\"en_US\" \/>\n<meta property=\"og:type\" content=\"article\" \/>\n<meta property=\"og:title\" content=\"Acceso Latino | Aprende.org, plataforma educativa de Fundaci\u00f3n Carlos Slim\" \/>\n<meta property=\"og:description\" content=\"Conoce las aplicaciones que te pueden ser de ayuda en otros pa\u00edses.\" \/>\n<meta property=\"og:url\" content=\"https:\/\/accesolatino.org\/en\/aprende-org-plataforma-educativa-de-fundacion-carlos-slim\/\" \/>\n<meta property=\"og:site_name\" content=\"Acceso Latino\" \/>\n<meta property=\"article:publisher\" content=\"https:\/\/www.facebook.com\/AccesoLatinoOrg\" \/>\n<meta property=\"article:modified_time\" content=\"2025-10-16T19:02:10+00:00\" \/>\n<meta property=\"og:image\" content=\"https:\/\/accesolatino.org\/wp-content\/uploads\/2020\/08\/carlos-slim.png\" \/>\n\t<meta property=\"og:image:width\" content=\"600\" \/>\n\t<meta property=\"og:image:height\" content=\"338\" \/>\n\t<meta property=\"og:image:type\" content=\"image\/png\" \/>\n<meta name=\"twitter:card\" content=\"summary_large_image\" \/>\n<meta name=\"twitter:title\" content=\"Acceso Latino | Aprende.org, plataforma educativa de Fundaci\u00f3n Carlos Slim\" \/>\n<meta name=\"twitter:description\" content=\"Conoce las aplicaciones que te pueden ser de ayuda en otros pa\u00edses.\" \/>\n<meta name=\"twitter:image\" content=\"https:\/\/accesolatino.org\/wp-content\/uploads\/2020\/08\/carlos-slim.png\" \/>\n<meta name=\"twitter:site\" content=\"@FAccLatino\" \/>\n<meta name=\"twitter:label1\" content=\"Est. reading time\" \/>\n\t<meta name=\"twitter:data1\" content=\"2 minutes\" \/>\n<script type=\"application\/ld+json\" class=\"yoast-schema-graph\">{\"@context\":\"https:\\\/\\\/schema.org\",\"@graph\":[{\"@type\":\"WebPage\",\"@id\":\"https:\\\/\\\/accesolatino.org\\\/aprende-org-plataforma-educativa-de-fundacion-carlos-slim\\\/\",\"url\":\"https:\\\/\\\/accesolatino.org\\\/aprende-org-plataforma-educativa-de-fundacion-carlos-slim\\\/\",\"name\":\"Aprende.org, plataforma educativa de Fundaci\u00f3n Carlos Slim\",\"isPartOf\":{\"@id\":\"https:\\\/\\\/accesolatino.org\\\/#website\"},\"primaryImageOfPage\":{\"@id\":\"https:\\\/\\\/accesolatino.org\\\/aprende-org-plataforma-educativa-de-fundacion-carlos-slim\\\/#primaryimage\"},\"image\":{\"@id\":\"https:\\\/\\\/accesolatino.org\\\/aprende-org-plataforma-educativa-de-fundacion-carlos-slim\\\/#primaryimage\"},\"thumbnailUrl\":\"https:\\\/\\\/accesolatino.org\\\/wp-content\\\/uploads\\\/2020\\\/08\\\/carlos-slim.png\",\"datePublished\":\"2020-08-17T22:00:24+00:00\",\"dateModified\":\"2025-10-16T19:02:10+00:00\",\"description\":\"Conoce todas las aplicaciones que te pueden ser de ayuda en todos los procesos de migraci\u00f3n legal - Acceso Latino\",\"breadcrumb\":{\"@id\":\"https:\\\/\\\/accesolatino.org\\\/aprende-org-plataforma-educativa-de-fundacion-carlos-slim\\\/#breadcrumb\"},\"inLanguage\":\"en-US\",\"potentialAction\":[{\"@type\":\"ReadAction\",\"target\":[\"https:\\\/\\\/accesolatino.org\\\/aprende-org-plataforma-educativa-de-fundacion-carlos-slim\\\/\"]}]},{\"@type\":\"ImageObject\",\"inLanguage\":\"en-US\",\"@id\":\"https:\\\/\\\/accesolatino.org\\\/aprende-org-plataforma-educativa-de-fundacion-carlos-slim\\\/#primaryimage\",\"url\":\"https:\\\/\\\/accesolatino.org\\\/wp-content\\\/uploads\\\/2020\\\/08\\\/carlos-slim.png\",\"contentUrl\":\"https:\\\/\\\/accesolatino.org\\\/wp-content\\\/uploads\\\/2020\\\/08\\\/carlos-slim.png\",\"width\":600,\"height\":338,\"caption\":\"aprende.org\"},{\"@type\":\"BreadcrumbList\",\"@id\":\"https:\\\/\\\/accesolatino.org\\\/aprende-org-plataforma-educativa-de-fundacion-carlos-slim\\\/#breadcrumb\",\"itemListElement\":[{\"@type\":\"ListItem\",\"position\":1,\"name\":\"Portada\",\"item\":\"https:\\\/\\\/accesolatino.org\\\/\"},{\"@type\":\"ListItem\",\"position\":2,\"name\":\"Aprende.org, plataforma educativa de Fundaci\u00f3n Carlos Slim\"}]},{\"@type\":\"WebSite\",\"@id\":\"https:\\\/\\\/accesolatino.org\\\/#website\",\"url\":\"https:\\\/\\\/accesolatino.org\\\/\",\"name\":\"Acceso Latino | Fundaci\u00f3n Carlos Slim\",\"description\":\"Fundaci\u00f3n Carlos Slim\",\"publisher\":{\"@id\":\"https:\\\/\\\/accesolatino.org\\\/#organization\"},\"potentialAction\":[{\"@type\":\"SearchAction\",\"target\":{\"@type\":\"EntryPoint\",\"urlTemplate\":\"https:\\\/\\\/accesolatino.org\\\/?s={search_term_string}\"},\"query-input\":{\"@type\":\"PropertyValueSpecification\",\"valueRequired\":true,\"valueName\":\"search_term_string\"}}],\"inLanguage\":\"en-US\"},{\"@type\":\"Organization\",\"@id\":\"https:\\\/\\\/accesolatino.org\\\/#organization\",\"name\":\"Acceso Latino | Fundaci\u00f3n Carlos Slim\",\"url\":\"https:\\\/\\\/accesolatino.org\\\/\",\"logo\":{\"@type\":\"ImageObject\",\"inLanguage\":\"en-US\",\"@id\":\"https:\\\/\\\/accesolatino.org\\\/#\\\/schema\\\/logo\\\/image\\\/\",\"url\":\"https:\\\/\\\/accesolatino.org\\\/wp-content\\\/uploads\\\/2021\\\/02\\\/logo-footer-acceso-latino.png\",\"contentUrl\":\"https:\\\/\\\/accesolatino.org\\\/wp-content\\\/uploads\\\/2021\\\/02\\\/logo-footer-acceso-latino.png\",\"width\":240,\"height\":40,\"caption\":\"Acceso Latino | Fundaci\u00f3n Carlos Slim\"},\"image\":{\"@id\":\"https:\\\/\\\/accesolatino.org\\\/#\\\/schema\\\/logo\\\/image\\\/\"},\"sameAs\":[\"https:\\\/\\\/www.facebook.com\\\/AccesoLatinoOrg\",\"https:\\\/\\\/x.com\\\/FAccLatino\"]}]}<\/script>\n<!-- \/ Yoast SEO plugin. -->","yoast_head_json":{"title":"Aprende.org, educational platform of Carlos Slim Foundation","description":"Conoce todas las aplicaciones que te pueden ser de ayuda en todos los procesos de migraci\u00f3n legal - Acceso Latino","robots":{"index":"index","follow":"follow","max-snippet":"max-snippet:-1","max-image-preview":"max-image-preview:large","max-video-preview":"max-video-preview:-1"},"canonical":"https:\/\/accesolatino.org\/en\/aprende-org-plataforma-educativa-de-fundacion-carlos-slim\/","og_locale":"en_US","og_type":"article","og_title":"Acceso Latino | Aprende.org, plataforma educativa de Fundaci\u00f3n Carlos Slim","og_description":"Conoce las aplicaciones que te pueden ser de ayuda en otros pa\u00edses.","og_url":"https:\/\/accesolatino.org\/en\/aprende-org-plataforma-educativa-de-fundacion-carlos-slim\/","og_site_name":"Acceso Latino","article_publisher":"https:\/\/www.facebook.com\/AccesoLatinoOrg","article_modified_time":"2025-10-16T19:02:10+00:00","og_image":[{"width":600,"height":338,"url":"https:\/\/accesolatino.org\/wp-content\/uploads\/2020\/08\/carlos-slim.png","type":"image\/png"}],"twitter_card":"summary_large_image","twitter_title":"Acceso Latino | Aprende.org, plataforma educativa de Fundaci\u00f3n Carlos Slim","twitter_description":"Conoce las aplicaciones que te pueden ser de ayuda en otros pa\u00edses.","twitter_image":"https:\/\/accesolatino.org\/wp-content\/uploads\/2020\/08\/carlos-slim.png","twitter_site":"@FAccLatino","twitter_misc":{"Est. reading time":"2 minutes"},"schema":{"@context":"https:\/\/schema.org","@graph":[{"@type":"WebPage","@id":"https:\/\/accesolatino.org\/aprende-org-plataforma-educativa-de-fundacion-carlos-slim\/","url":"https:\/\/accesolatino.org\/aprende-org-plataforma-educativa-de-fundacion-carlos-slim\/","name":"Aprende.org, educational platform of Carlos Slim Foundation","isPartOf":{"@id":"https:\/\/accesolatino.org\/#website"},"primaryImageOfPage":{"@id":"https:\/\/accesolatino.org\/aprende-org-plataforma-educativa-de-fundacion-carlos-slim\/#primaryimage"},"image":{"@id":"https:\/\/accesolatino.org\/aprende-org-plataforma-educativa-de-fundacion-carlos-slim\/#primaryimage"},"thumbnailUrl":"https:\/\/accesolatino.org\/wp-content\/uploads\/2020\/08\/carlos-slim.png","datePublished":"2020-08-17T22:00:24+00:00","dateModified":"2025-10-16T19:02:10+00:00","description":"Conoce todas las aplicaciones que te pueden ser de ayuda en todos los procesos de migraci\u00f3n legal - Acceso Latino","breadcrumb":{"@id":"https:\/\/accesolatino.org\/aprende-org-plataforma-educativa-de-fundacion-carlos-slim\/#breadcrumb"},"inLanguage":"en-US","potentialAction":[{"@type":"ReadAction","target":["https:\/\/accesolatino.org\/aprende-org-plataforma-educativa-de-fundacion-carlos-slim\/"]}]},{"@type":"ImageObject","inLanguage":"en-US","@id":"https:\/\/accesolatino.org\/aprende-org-plataforma-educativa-de-fundacion-carlos-slim\/#primaryimage","url":"https:\/\/accesolatino.org\/wp-content\/uploads\/2020\/08\/carlos-slim.png","contentUrl":"https:\/\/accesolatino.org\/wp-content\/uploads\/2020\/08\/carlos-slim.png","width":600,"height":338,"caption":"aprende.org"},{"@type":"BreadcrumbList","@id":"https:\/\/accesolatino.org\/aprende-org-plataforma-educativa-de-fundacion-carlos-slim\/#breadcrumb","itemListElement":[{"@type":"ListItem","position":1,"name":"Portada","item":"https:\/\/accesolatino.org\/"},{"@type":"ListItem","position":2,"name":"Aprende.org, plataforma educativa de Fundaci\u00f3n Carlos Slim"}]},{"@type":"WebSite","@id":"https:\/\/accesolatino.org\/#website","url":"https:\/\/accesolatino.org\/","name":"Acceso Latino | Fundaci\u00f3n Carlos Slim","description":"Fundaci\u00f3n Carlos Slim","publisher":{"@id":"https:\/\/accesolatino.org\/#organization"},"potentialAction":[{"@type":"SearchAction","target":{"@type":"EntryPoint","urlTemplate":"https:\/\/accesolatino.org\/?s={search_term_string}"},"query-input":{"@type":"PropertyValueSpecification","valueRequired":true,"valueName":"search_term_string"}}],"inLanguage":"en-US"},{"@type":"Organization","@id":"https:\/\/accesolatino.org\/#organization","name":"Acceso Latino | Fundaci\u00f3n Carlos Slim","url":"https:\/\/accesolatino.org\/","logo":{"@type":"ImageObject","inLanguage":"en-US","@id":"https:\/\/accesolatino.org\/#\/schema\/logo\/image\/","url":"https:\/\/accesolatino.org\/wp-content\/uploads\/2021\/02\/logo-footer-acceso-latino.png","contentUrl":"https:\/\/accesolatino.org\/wp-content\/uploads\/2021\/02\/logo-footer-acceso-latino.png","width":240,"height":40,"caption":"Acceso Latino | Fundaci\u00f3n Carlos Slim"},"image":{"@id":"https:\/\/accesolatino.org\/#\/schema\/logo\/image\/"},"sameAs":["https:\/\/www.facebook.com\/AccesoLatinoOrg","https:\/\/x.com\/FAccLatino"]}]}},"_links":{"self":[{"href":"https:\/\/accesolatino.org\/en\/wp-json\/wp\/v2\/pages\/22473","targetHints":{"allow":["GET"]}}],"collection":[{"href":"https:\/\/accesolatino.org\/en\/wp-json\/wp\/v2\/pages"}],"about":[{"href":"https:\/\/accesolatino.org\/en\/wp-json\/wp\/v2\/types\/page"}],"author":[{"embeddable":true,"href":"https:\/\/accesolatino.org\/en\/wp-json\/wp\/v2\/users\/7"}],"replies":[{"embeddable":true,"href":"https:\/\/accesolatino.org\/en\/wp-json\/wp\/v2\/comments?post=22473"}],"version-history":[{"count":1,"href":"https:\/\/accesolatino.org\/en\/wp-json\/wp\/v2\/pages\/22473\/revisions"}],"predecessor-version":[{"id":64080,"href":"https:\/\/accesolatino.org\/en\/wp-json\/wp\/v2\/pages\/22473\/revisions\/64080"}],"wp:featuredmedia":[{"embeddable":true,"href":"https:\/\/accesolatino.org\/en\/wp-json\/wp\/v2\/media\/22461"}],"wp:attachment":[{"href":"https:\/\/accesolatino.org\/en\/wp-json\/wp\/v2\/media?parent=22473"}],"curies":[{"name":"wp","href":"https:\/\/api.w.org\/{rel}","templated":true}]}}