{"id":22387,"date":"2020-08-10T11:35:15","date_gmt":"2020-08-10T16:35:15","guid":{"rendered":"https:\/\/accesolatino.org\/?page_id=22387"},"modified":"2025-10-15T14:02:20","modified_gmt":"2025-10-15T20:02:20","slug":"atiende-las-adicciones","status":"publish","type":"page","link":"https:\/\/accesolatino.org\/en\/salud\/atiende-las-adicciones\/","title":{"rendered":"Attends to addictions"},"content":{"rendered":"<div data-elementor-type=\"wp-post\" data-elementor-id=\"22387\" class=\"elementor elementor-22387\">\n\t\t\t\t\t\t<section class=\"elementor-section elementor-top-section elementor-element elementor-element-413df0f elementor-section-full_width elementor-section-height-min-height elementor-section-items-stretch elementor-section-height-default wpr-particle-no wpr-jarallax-no wpr-parallax-no wpr-sticky-section-no wpr-equal-height-no\" data-id=\"413df0f\" data-element_type=\"section\" data-e-type=\"section\" data-settings=\"{&quot;background_background&quot;:&quot;classic&quot;}\">\n\t\t\t\t\t\t<div class=\"elementor-container elementor-column-gap-no\">\n\t\t\t\t\t<div class=\"elementor-column elementor-col-100 elementor-top-column elementor-element elementor-element-7ed6e3c\" data-id=\"7ed6e3c\" data-element_type=\"column\" data-e-type=\"column\">\n\t\t\t<div class=\"elementor-widget-wrap elementor-element-populated\">\n\t\t\t\t\t\t<div class=\"elementor-element elementor-element-08c0446 elementor--h-position-center elementor--v-position-middle elementor-widget elementor-widget-slides\" data-id=\"08c0446\" data-element_type=\"widget\" data-e-type=\"widget\" data-settings=\"{&quot;navigation&quot;:&quot;none&quot;,&quot;infinite&quot;:&quot;yes&quot;,&quot;transition&quot;:&quot;slide&quot;,&quot;transition_speed&quot;:500}\" data-widget_type=\"slides.default\">\n\t\t\t\t<div class=\"elementor-widget-container\">\n\t\t\t\t\t\t\t<div class=\"elementor-swiper\">\n\t\t\t<div class=\"elementor-slides-wrapper elementor-main-swiper swiper-container\" dir=\"ltr\" data-animation=\"\">\n\t\t\t\t<div class=\"swiper-wrapper elementor-slides\">\n\t\t\t\t\t\t\t\t\t\t<div class=\"elementor-repeater-item-d983a28 swiper-slide\"><div class=\"swiper-slide-bg\"><\/div><div class=\"swiper-slide-inner\" ><div class=\"swiper-slide-contents\"><div class=\"elementor-slide-heading\">Health<\/div><\/div><\/div><\/div>\t\t\t\t<\/div>\n\t\t\t\t\t\t\t<\/div>\n\t\t<\/div>\n\t\t\t\t\t\t<\/div>\n\t\t\t\t<\/div>\n\t\t\t\t\t<\/div>\n\t\t<\/div>\n\t\t\t\t\t<\/div>\n\t\t<\/section>\n\t\t\t\t<section class=\"elementor-section elementor-top-section elementor-element elementor-element-dce0dd5 elementor-section-stretched elementor-section-boxed elementor-section-height-default elementor-section-height-default wpr-particle-no wpr-jarallax-no wpr-parallax-no wpr-sticky-section-no wpr-equal-height-no\" data-id=\"dce0dd5\" data-element_type=\"section\" data-e-type=\"section\" data-settings=\"{&quot;stretch_section&quot;:&quot;section-stretched&quot;,&quot;background_background&quot;:&quot;classic&quot;}\">\n\t\t\t\t\t\t<div class=\"elementor-container elementor-column-gap-default\">\n\t\t\t\t\t<div class=\"elementor-column elementor-col-100 elementor-top-column elementor-element elementor-element-18232de\" data-id=\"18232de\" data-element_type=\"column\" data-e-type=\"column\">\n\t\t\t<div class=\"elementor-widget-wrap elementor-element-populated\">\n\t\t\t\t\t\t<div class=\"elementor-element elementor-element-44e9c70 elementor-widget elementor-widget-heading\" data-id=\"44e9c70\" data-element_type=\"widget\" data-e-type=\"widget\" data-widget_type=\"heading.default\">\n\t\t\t\t<div class=\"elementor-widget-container\">\n\t\t\t\t\t<h3 class=\"elementor-heading-title elementor-size-default\">Attends to addictions<\/h3>\t\t\t\t<\/div>\n\t\t\t\t<\/div>\n\t\t\t\t<div class=\"elementor-element elementor-element-d4aaa71 elementor-widget elementor-widget-text-editor\" data-id=\"d4aaa71\" data-element_type=\"widget\" data-e-type=\"widget\" data-widget_type=\"text-editor.default\">\n\t\t\t\t<div class=\"elementor-widget-container\">\n\t\t\t\t\t\t\t\t\t<p><span style=\"font-weight: 400;\">In the section <\/span><a href=\"https:\/\/accesolatino.org\/en\/salud\/\"><span style=\"font-weight: 400;\">Health<\/span><\/a><span style=\"font-weight: 400;\"> contamos con la herramienta <\/span><b>Ayuda en adicciones,<\/b><span style=\"font-weight: 400;\"> en la que podr\u00e1s encontrar el apoyo necesario para ayudar a un familiar, amigo o conocido a salir delante de esta terrible enfermedad.<\/span><\/p><p><span style=\"font-weight: 400;\">En este apartado hay cursos gratuitos sobre el tratamiento de las adicciones, que van desde la depresi\u00f3n y otros trastornos que orillan al consumo excesivo de sustancias prohibidas o alcohol.<\/span><\/p><p><span style=\"font-weight: 400;\">El Instituto Nacional de Psiquiatr\u00eda Ram\u00f3n De la Fuente Mu\u00f1iz, brinda apoyo \u00a0 en trastornos mentales como la depresi\u00f3n y cuenta un programa de autoayuda, al cual puedes registrarte y tomarlo sin costo.\u00a0<\/span><\/p><p><span style=\"font-weight: 400;\">Aqu\u00ed podr\u00e1s aprender cu\u00e1les son los s\u00edntomas de depresivos, revisar si los tienes y qu\u00e9 hacer para reducirlos.<\/span><\/p><p><span style=\"font-weight: 400;\">In <\/span><b>Acceso Latino tu primera ventana de consulta migratoria<\/b><span style=\"font-weight: 400;\">, encontrar\u00e1s herramientas gratuitas que te ayudar\u00e1n en lo que necesites.<\/span><\/p>\t\t\t\t\t\t\t\t<\/div>\n\t\t\t\t<\/div>\n\t\t\t\t<div class=\"elementor-element elementor-element-4c460bb elementor-widget elementor-widget-spacer\" data-id=\"4c460bb\" data-element_type=\"widget\" data-e-type=\"widget\" data-widget_type=\"spacer.default\">\n\t\t\t\t<div class=\"elementor-widget-container\">\n\t\t\t\t\t\t\t<div class=\"elementor-spacer\">\n\t\t\t<div class=\"elementor-spacer-inner\"><\/div>\n\t\t<\/div>\n\t\t\t\t\t\t<\/div>\n\t\t\t\t<\/div>\n\t\t\t\t\t<\/div>\n\t\t<\/div>\n\t\t\t\t\t<\/div>\n\t\t<\/section>\n\t\t\t\t<\/div>","protected":false},"excerpt":{"rendered":"<p>Salud Atiende las adicciones En la secci\u00f3n Salud contamos con la herramienta Ayuda en adicciones, en la que podr\u00e1s encontrar el apoyo necesario para ayudar a un familiar, amigo o conocido a salir delante de esta terrible enfermedad. En este apartado hay cursos gratuitos sobre el tratamiento de las adicciones, que van desde la depresi\u00f3n y otros trastornos que orillan al consumo excesivo de sustancias prohibidas o alcohol. El Instituto Nacional de Psiquiatr\u00eda Ram\u00f3n De la Fuente Mu\u00f1iz, brinda apoyo \u00a0 en trastornos mentales como la depresi\u00f3n y cuenta un programa de autoayuda, al cual puedes registrarte y tomarlo sin costo.\u00a0 Aqu\u00ed podr\u00e1s aprender cu\u00e1les son los s\u00edntomas de depresivos, revisar si los tienes y qu\u00e9 hacer para reducirlos. En Acceso Latino tu primera ventana de consulta migratoria, encontrar\u00e1s herramientas gratuitas que te ayudar\u00e1n en lo que necesites.<\/p>","protected":false},"author":4,"featured_media":22380,"parent":4668,"menu_order":0,"comment_status":"closed","ping_status":"closed","template":"elementor_header_footer","meta":{"_uf_show_specific_survey":0,"_uf_disable_surveys":false,"footnotes":""},"class_list":["post-22387","page","type-page","status-publish","has-post-thumbnail"],"aioseo_notices":[],"yoast_head":"<!-- This site is optimized with the Yoast SEO plugin v27.4 - https:\/\/yoast.com\/product\/yoast-seo-wordpress\/ -->\n<title>Atiende las adicciones<\/title>\n<meta name=\"description\" content=\"Conoce tus derechos y lo que Estados Unidos tiene para ofrecer a los migrantes en materia de Salud - Acceso Latino\" \/>\n<meta name=\"robots\" content=\"index, follow, max-snippet:-1, max-image-preview:large, max-video-preview:-1\" \/>\n<link rel=\"canonical\" href=\"https:\/\/accesolatino.org\/en\/salud\/atiende-las-adicciones\/\" \/>\n<meta property=\"og:locale\" content=\"en_US\" \/>\n<meta property=\"og:type\" content=\"article\" \/>\n<meta property=\"og:title\" content=\"Acceso Latino | Atiende las adicciones\" \/>\n<meta property=\"og:description\" content=\"Conoce todo lo que Estados Unidos tiene para ofrecer a los migrantes en materia de Salud\" \/>\n<meta property=\"og:url\" content=\"https:\/\/accesolatino.org\/en\/salud\/atiende-las-adicciones\/\" \/>\n<meta property=\"og:site_name\" content=\"Acceso Latino\" \/>\n<meta property=\"article:publisher\" content=\"https:\/\/www.facebook.com\/AccesoLatinoOrg\" \/>\n<meta property=\"article:modified_time\" content=\"2025-10-15T20:02:20+00:00\" \/>\n<meta property=\"og:image\" content=\"https:\/\/accesolatino.org\/wp-content\/uploads\/2020\/08\/atiende-tus-adicciones.png\" \/>\n\t<meta property=\"og:image:width\" content=\"600\" \/>\n\t<meta property=\"og:image:height\" content=\"338\" \/>\n\t<meta property=\"og:image:type\" content=\"image\/png\" \/>\n<meta name=\"twitter:card\" content=\"summary_large_image\" \/>\n<meta name=\"twitter:title\" content=\"Acceso Latino | Atiende las adicciones\" \/>\n<meta name=\"twitter:description\" content=\"Conoce todo lo que Estados Unidos tiene para ofrecer a los migrantes en materia de Salud\" \/>\n<meta name=\"twitter:image\" content=\"https:\/\/accesolatino.org\/wp-content\/uploads\/2020\/08\/atiende-tus-adicciones.png\" \/>\n<meta name=\"twitter:site\" content=\"@FAccLatino\" \/>\n<meta name=\"twitter:label1\" content=\"Est. reading time\" \/>\n\t<meta name=\"twitter:data1\" content=\"1 minute\" \/>\n<script type=\"application\/ld+json\" class=\"yoast-schema-graph\">{\"@context\":\"https:\\\/\\\/schema.org\",\"@graph\":[{\"@type\":\"WebPage\",\"@id\":\"https:\\\/\\\/accesolatino.org\\\/en\\\/salud\\\/atiende-las-adicciones\\\/\",\"url\":\"https:\\\/\\\/accesolatino.org\\\/en\\\/salud\\\/atiende-las-adicciones\\\/\",\"name\":\"Atiende las adicciones\",\"isPartOf\":{\"@id\":\"https:\\\/\\\/accesolatino.org\\\/#website\"},\"primaryImageOfPage\":{\"@id\":\"https:\\\/\\\/accesolatino.org\\\/en\\\/salud\\\/atiende-las-adicciones\\\/#primaryimage\"},\"image\":{\"@id\":\"https:\\\/\\\/accesolatino.org\\\/en\\\/salud\\\/atiende-las-adicciones\\\/#primaryimage\"},\"thumbnailUrl\":\"https:\\\/\\\/accesolatino.org\\\/wp-content\\\/uploads\\\/2020\\\/08\\\/atiende-tus-adicciones.png\",\"datePublished\":\"2020-08-10T16:35:15+00:00\",\"dateModified\":\"2025-10-15T20:02:20+00:00\",\"description\":\"Conoce tus derechos y lo que Estados Unidos tiene para ofrecer a los migrantes en materia de Salud - Acceso Latino\",\"breadcrumb\":{\"@id\":\"https:\\\/\\\/accesolatino.org\\\/en\\\/salud\\\/atiende-las-adicciones\\\/#breadcrumb\"},\"inLanguage\":\"en-US\",\"potentialAction\":[{\"@type\":\"ReadAction\",\"target\":[\"https:\\\/\\\/accesolatino.org\\\/en\\\/salud\\\/atiende-las-adicciones\\\/\"]}]},{\"@type\":\"ImageObject\",\"inLanguage\":\"en-US\",\"@id\":\"https:\\\/\\\/accesolatino.org\\\/en\\\/salud\\\/atiende-las-adicciones\\\/#primaryimage\",\"url\":\"https:\\\/\\\/accesolatino.org\\\/wp-content\\\/uploads\\\/2020\\\/08\\\/atiende-tus-adicciones.png\",\"contentUrl\":\"https:\\\/\\\/accesolatino.org\\\/wp-content\\\/uploads\\\/2020\\\/08\\\/atiende-tus-adicciones.png\",\"width\":600,\"height\":338,\"caption\":\"adicciones\"},{\"@type\":\"BreadcrumbList\",\"@id\":\"https:\\\/\\\/accesolatino.org\\\/en\\\/salud\\\/atiende-las-adicciones\\\/#breadcrumb\",\"itemListElement\":[{\"@type\":\"ListItem\",\"position\":1,\"name\":\"Portada\",\"item\":\"https:\\\/\\\/accesolatino.org\\\/\"},{\"@type\":\"ListItem\",\"position\":2,\"name\":\"Salud\",\"item\":\"https:\\\/\\\/accesolatino.org\\\/salud\\\/\"},{\"@type\":\"ListItem\",\"position\":3,\"name\":\"Atiende las adicciones\"}]},{\"@type\":\"WebSite\",\"@id\":\"https:\\\/\\\/accesolatino.org\\\/#website\",\"url\":\"https:\\\/\\\/accesolatino.org\\\/\",\"name\":\"Acceso Latino | Fundaci\u00f3n Carlos Slim\",\"description\":\"Fundaci\u00f3n Carlos Slim\",\"publisher\":{\"@id\":\"https:\\\/\\\/accesolatino.org\\\/#organization\"},\"potentialAction\":[{\"@type\":\"SearchAction\",\"target\":{\"@type\":\"EntryPoint\",\"urlTemplate\":\"https:\\\/\\\/accesolatino.org\\\/?s={search_term_string}\"},\"query-input\":{\"@type\":\"PropertyValueSpecification\",\"valueRequired\":true,\"valueName\":\"search_term_string\"}}],\"inLanguage\":\"en-US\"},{\"@type\":\"Organization\",\"@id\":\"https:\\\/\\\/accesolatino.org\\\/#organization\",\"name\":\"Acceso Latino | Fundaci\u00f3n Carlos Slim\",\"url\":\"https:\\\/\\\/accesolatino.org\\\/\",\"logo\":{\"@type\":\"ImageObject\",\"inLanguage\":\"en-US\",\"@id\":\"https:\\\/\\\/accesolatino.org\\\/#\\\/schema\\\/logo\\\/image\\\/\",\"url\":\"https:\\\/\\\/accesolatino.org\\\/wp-content\\\/uploads\\\/2021\\\/02\\\/logo-footer-acceso-latino.png\",\"contentUrl\":\"https:\\\/\\\/accesolatino.org\\\/wp-content\\\/uploads\\\/2021\\\/02\\\/logo-footer-acceso-latino.png\",\"width\":240,\"height\":40,\"caption\":\"Acceso Latino | Fundaci\u00f3n Carlos Slim\"},\"image\":{\"@id\":\"https:\\\/\\\/accesolatino.org\\\/#\\\/schema\\\/logo\\\/image\\\/\"},\"sameAs\":[\"https:\\\/\\\/www.facebook.com\\\/AccesoLatinoOrg\",\"https:\\\/\\\/x.com\\\/FAccLatino\"]}]}<\/script>\n<!-- \/ Yoast SEO plugin. -->","yoast_head_json":{"title":"Attends to addictions","description":"Conoce tus derechos y lo que Estados Unidos tiene para ofrecer a los migrantes en materia de Salud - Acceso Latino","robots":{"index":"index","follow":"follow","max-snippet":"max-snippet:-1","max-image-preview":"max-image-preview:large","max-video-preview":"max-video-preview:-1"},"canonical":"https:\/\/accesolatino.org\/en\/salud\/atiende-las-adicciones\/","og_locale":"en_US","og_type":"article","og_title":"Acceso Latino | Atiende las adicciones","og_description":"Conoce todo lo que Estados Unidos tiene para ofrecer a los migrantes en materia de Salud","og_url":"https:\/\/accesolatino.org\/en\/salud\/atiende-las-adicciones\/","og_site_name":"Acceso Latino","article_publisher":"https:\/\/www.facebook.com\/AccesoLatinoOrg","article_modified_time":"2025-10-15T20:02:20+00:00","og_image":[{"width":600,"height":338,"url":"https:\/\/accesolatino.org\/wp-content\/uploads\/2020\/08\/atiende-tus-adicciones.png","type":"image\/png"}],"twitter_card":"summary_large_image","twitter_title":"Acceso Latino | Atiende las adicciones","twitter_description":"Conoce todo lo que Estados Unidos tiene para ofrecer a los migrantes en materia de Salud","twitter_image":"https:\/\/accesolatino.org\/wp-content\/uploads\/2020\/08\/atiende-tus-adicciones.png","twitter_site":"@FAccLatino","twitter_misc":{"Est. reading time":"1 minute"},"schema":{"@context":"https:\/\/schema.org","@graph":[{"@type":"WebPage","@id":"https:\/\/accesolatino.org\/en\/salud\/atiende-las-adicciones\/","url":"https:\/\/accesolatino.org\/en\/salud\/atiende-las-adicciones\/","name":"Attends to addictions","isPartOf":{"@id":"https:\/\/accesolatino.org\/#website"},"primaryImageOfPage":{"@id":"https:\/\/accesolatino.org\/en\/salud\/atiende-las-adicciones\/#primaryimage"},"image":{"@id":"https:\/\/accesolatino.org\/en\/salud\/atiende-las-adicciones\/#primaryimage"},"thumbnailUrl":"https:\/\/accesolatino.org\/wp-content\/uploads\/2020\/08\/atiende-tus-adicciones.png","datePublished":"2020-08-10T16:35:15+00:00","dateModified":"2025-10-15T20:02:20+00:00","description":"Conoce tus derechos y lo que Estados Unidos tiene para ofrecer a los migrantes en materia de Salud - Acceso Latino","breadcrumb":{"@id":"https:\/\/accesolatino.org\/en\/salud\/atiende-las-adicciones\/#breadcrumb"},"inLanguage":"en-US","potentialAction":[{"@type":"ReadAction","target":["https:\/\/accesolatino.org\/en\/salud\/atiende-las-adicciones\/"]}]},{"@type":"ImageObject","inLanguage":"en-US","@id":"https:\/\/accesolatino.org\/en\/salud\/atiende-las-adicciones\/#primaryimage","url":"https:\/\/accesolatino.org\/wp-content\/uploads\/2020\/08\/atiende-tus-adicciones.png","contentUrl":"https:\/\/accesolatino.org\/wp-content\/uploads\/2020\/08\/atiende-tus-adicciones.png","width":600,"height":338,"caption":"adicciones"},{"@type":"BreadcrumbList","@id":"https:\/\/accesolatino.org\/en\/salud\/atiende-las-adicciones\/#breadcrumb","itemListElement":[{"@type":"ListItem","position":1,"name":"Portada","item":"https:\/\/accesolatino.org\/"},{"@type":"ListItem","position":2,"name":"Salud","item":"https:\/\/accesolatino.org\/salud\/"},{"@type":"ListItem","position":3,"name":"Atiende las adicciones"}]},{"@type":"WebSite","@id":"https:\/\/accesolatino.org\/#website","url":"https:\/\/accesolatino.org\/","name":"Acceso Latino | Fundaci\u00f3n Carlos Slim","description":"Fundaci\u00f3n Carlos Slim","publisher":{"@id":"https:\/\/accesolatino.org\/#organization"},"potentialAction":[{"@type":"SearchAction","target":{"@type":"EntryPoint","urlTemplate":"https:\/\/accesolatino.org\/?s={search_term_string}"},"query-input":{"@type":"PropertyValueSpecification","valueRequired":true,"valueName":"search_term_string"}}],"inLanguage":"en-US"},{"@type":"Organization","@id":"https:\/\/accesolatino.org\/#organization","name":"Acceso Latino | Fundaci\u00f3n Carlos Slim","url":"https:\/\/accesolatino.org\/","logo":{"@type":"ImageObject","inLanguage":"en-US","@id":"https:\/\/accesolatino.org\/#\/schema\/logo\/image\/","url":"https:\/\/accesolatino.org\/wp-content\/uploads\/2021\/02\/logo-footer-acceso-latino.png","contentUrl":"https:\/\/accesolatino.org\/wp-content\/uploads\/2021\/02\/logo-footer-acceso-latino.png","width":240,"height":40,"caption":"Acceso Latino | Fundaci\u00f3n Carlos Slim"},"image":{"@id":"https:\/\/accesolatino.org\/#\/schema\/logo\/image\/"},"sameAs":["https:\/\/www.facebook.com\/AccesoLatinoOrg","https:\/\/x.com\/FAccLatino"]}]}},"_links":{"self":[{"href":"https:\/\/accesolatino.org\/en\/wp-json\/wp\/v2\/pages\/22387","targetHints":{"allow":["GET"]}}],"collection":[{"href":"https:\/\/accesolatino.org\/en\/wp-json\/wp\/v2\/pages"}],"about":[{"href":"https:\/\/accesolatino.org\/en\/wp-json\/wp\/v2\/types\/page"}],"author":[{"embeddable":true,"href":"https:\/\/accesolatino.org\/en\/wp-json\/wp\/v2\/users\/4"}],"replies":[{"embeddable":true,"href":"https:\/\/accesolatino.org\/en\/wp-json\/wp\/v2\/comments?post=22387"}],"version-history":[{"count":1,"href":"https:\/\/accesolatino.org\/en\/wp-json\/wp\/v2\/pages\/22387\/revisions"}],"predecessor-version":[{"id":64002,"href":"https:\/\/accesolatino.org\/en\/wp-json\/wp\/v2\/pages\/22387\/revisions\/64002"}],"up":[{"embeddable":true,"href":"https:\/\/accesolatino.org\/en\/wp-json\/wp\/v2\/pages\/4668"}],"wp:featuredmedia":[{"embeddable":true,"href":"https:\/\/accesolatino.org\/en\/wp-json\/wp\/v2\/media\/22380"}],"wp:attachment":[{"href":"https:\/\/accesolatino.org\/en\/wp-json\/wp\/v2\/media?parent=22387"}],"curies":[{"name":"wp","href":"https:\/\/api.w.org\/{rel}","templated":true}]}}