{"id":22353,"date":"2020-08-06T10:07:09","date_gmt":"2020-08-06T15:07:09","guid":{"rendered":"https:\/\/accesolatino.org\/?page_id=22353"},"modified":"2025-10-17T17:10:51","modified_gmt":"2025-10-17T23:10:51","slug":"la-sep-brinda-apoyo-a-los-mexicanos-que-estan-de-vuelta","status":"publish","type":"page","link":"https:\/\/accesolatino.org\/en\/la-sep-brinda-apoyo-a-los-mexicanos-que-estan-de-vuelta\/","title":{"rendered":"La SEP brinda apoyo a los mexicanos que est\u00e1n de vuelta"},"content":{"rendered":"<div data-elementor-type=\"wp-post\" data-elementor-id=\"22353\" class=\"elementor elementor-22353\">\n\t\t\t\t\t\t<section class=\"elementor-section elementor-top-section elementor-element elementor-element-7992b3d elementor-section-full_width elementor-section-height-min-height elementor-section-items-stretch elementor-section-height-default wpr-particle-no wpr-jarallax-no wpr-parallax-no wpr-sticky-section-no wpr-equal-height-no\" data-id=\"7992b3d\" data-element_type=\"section\" data-e-type=\"section\" data-settings=\"{&quot;background_background&quot;:&quot;classic&quot;}\">\n\t\t\t\t\t\t<div class=\"elementor-container elementor-column-gap-no\">\n\t\t\t\t\t<div class=\"elementor-column elementor-col-100 elementor-top-column elementor-element elementor-element-b279e05\" data-id=\"b279e05\" data-element_type=\"column\" data-e-type=\"column\">\n\t\t\t<div class=\"elementor-widget-wrap elementor-element-populated\">\n\t\t\t\t\t\t<div class=\"elementor-element elementor-element-1e00fda elementor--h-position-center elementor--v-position-middle elementor-widget elementor-widget-slides\" data-id=\"1e00fda\" data-element_type=\"widget\" data-e-type=\"widget\" data-settings=\"{&quot;navigation&quot;:&quot;none&quot;,&quot;infinite&quot;:&quot;yes&quot;,&quot;transition&quot;:&quot;slide&quot;,&quot;transition_speed&quot;:500}\" data-widget_type=\"slides.default\">\n\t\t\t\t<div class=\"elementor-widget-container\">\n\t\t\t\t\t\t\t<div class=\"elementor-swiper\">\n\t\t\t<div class=\"elementor-slides-wrapper elementor-main-swiper swiper-container\" dir=\"ltr\" data-animation=\"\">\n\t\t\t\t<div class=\"swiper-wrapper elementor-slides\">\n\t\t\t\t\t\t\t\t\t\t<div class=\"elementor-repeater-item-d983a28 swiper-slide\"><div class=\"swiper-slide-bg\"><\/div><div class=\"swiper-slide-inner\" ><div class=\"swiper-slide-contents\"><div class=\"elementor-slide-heading\">Education<\/div><\/div><\/div><\/div>\t\t\t\t<\/div>\n\t\t\t\t\t\t\t<\/div>\n\t\t<\/div>\n\t\t\t\t\t\t<\/div>\n\t\t\t\t<\/div>\n\t\t\t\t\t<\/div>\n\t\t<\/div>\n\t\t\t\t\t<\/div>\n\t\t<\/section>\n\t\t\t\t<section class=\"elementor-section elementor-top-section elementor-element elementor-element-c138f3a elementor-section-stretched elementor-section-boxed elementor-section-height-default elementor-section-height-default wpr-particle-no wpr-jarallax-no wpr-parallax-no wpr-sticky-section-no wpr-equal-height-no\" data-id=\"c138f3a\" data-element_type=\"section\" data-e-type=\"section\" data-settings=\"{&quot;stretch_section&quot;:&quot;section-stretched&quot;,&quot;background_background&quot;:&quot;classic&quot;}\">\n\t\t\t\t\t\t<div class=\"elementor-container elementor-column-gap-default\">\n\t\t\t\t\t<div class=\"elementor-column elementor-col-100 elementor-top-column elementor-element elementor-element-fe90408\" data-id=\"fe90408\" data-element_type=\"column\" data-e-type=\"column\">\n\t\t\t<div class=\"elementor-widget-wrap elementor-element-populated\">\n\t\t\t\t\t\t<div class=\"elementor-element elementor-element-b7d07d1 elementor-widget elementor-widget-heading\" data-id=\"b7d07d1\" data-element_type=\"widget\" data-e-type=\"widget\" data-widget_type=\"heading.default\">\n\t\t\t\t<div class=\"elementor-widget-container\">\n\t\t\t\t\t<h3 class=\"elementor-heading-title elementor-size-default\">La SEP brinda apoyo a los mexicanos que est\u00e1n de vuelta<\/h3>\t\t\t\t<\/div>\n\t\t\t\t<\/div>\n\t\t\t\t<div class=\"elementor-element elementor-element-8bbde18 elementor-widget elementor-widget-text-editor\" data-id=\"8bbde18\" data-element_type=\"widget\" data-e-type=\"widget\" data-widget_type=\"text-editor.default\">\n\t\t\t\t<div class=\"elementor-widget-container\">\n\t\t\t\t\t\t\t\t\t<span style=\"font-weight: 400;\">In our section <\/span><a href=\"https:\/\/accesolatino.org\/en\/educacion\/\"><b>Education<\/b><\/a> <span style=\"font-weight: 400;\">est\u00e1 el apartado <\/span><b>Secretar\u00eda Educaci\u00f3n P\u00fablica, <\/b><span style=\"font-weight: 400;\">en el que encontraras las siguientes tarjetas:<\/span>\n<ul>\n \t<li><span style=\"color: #000000;\"><a style=\"color: #000000;\" href=\"https:\/\/accesolatino.org\/en\/educacion\/secretaria-de-educacion-publica\/#acciones-de-apoyo-a-retornados1\"><b>Acciones de apoyo a retornados.<\/b><\/a><\/span><\/li>\n<\/ul>\n<ul>\n \t<li><span style=\"color: #000000;\"><a style=\"color: #000000;\" href=\"https:\/\/accesolatino.org\/en\/educacion\/secretaria-de-educacion-publica\/#tabla-de-correspondencia2\"><b>Tabla de correspondencia.<\/b><\/a><\/span><\/li>\n<\/ul>\n<ul>\n \t<li><span style=\"color: #000000;\"><a style=\"color: #000000;\" href=\"https:\/\/accesolatino.org\/en\/educacion\/secretaria-de-educacion-publica\/#Normas-de-ingreso3\"><b>Normas de ingreso.<\/b><\/a><\/span><\/li>\n<\/ul>\n<span style=\"font-weight: 400;\">Aqu\u00ed podr\u00e1s encontrar informaci\u00f3n de c\u00f3mo reiniciar tus estudios a tu vuelta a M\u00e9xico.<\/span>\n\n<span style=\"font-weight: 400;\">En la pesta\u00f1a <\/span><b>Acciones de Apoyo a Retornados <\/b><span style=\"font-weight: 400;\">est\u00e1n los requisitos y explican paso a paso las acciones a realizar, para retomar los estudios.<\/span>\n\n<b>Acceso Latino,<\/b><span style=\"font-weight: 400;\"> tu primera ventana de consulta migratoria, encontrar\u00e1s herramientas que te ayudar\u00e1n en cualquier situaci\u00f3n en la que te encuentres y adem\u00e1s te ofrece cursos educativos sin costo para cualquier nivel en el que te encuentres.<\/span>\t\t\t\t\t\t\t\t<\/div>\n\t\t\t\t<\/div>\n\t\t\t\t<div class=\"elementor-element elementor-element-e51e77b elementor-widget elementor-widget-spacer\" data-id=\"e51e77b\" data-element_type=\"widget\" data-e-type=\"widget\" data-widget_type=\"spacer.default\">\n\t\t\t\t<div class=\"elementor-widget-container\">\n\t\t\t\t\t\t\t<div class=\"elementor-spacer\">\n\t\t\t<div class=\"elementor-spacer-inner\"><\/div>\n\t\t<\/div>\n\t\t\t\t\t\t<\/div>\n\t\t\t\t<\/div>\n\t\t\t\t\t<\/div>\n\t\t<\/div>\n\t\t\t\t\t<\/div>\n\t\t<\/section>\n\t\t\t\t<\/div>","protected":false},"excerpt":{"rendered":"<p>Educaci\u00f3n La SEP brinda apoyo a los mexicanos que est\u00e1n de vuelta En nuestra secci\u00f3n Educaci\u00f3n est\u00e1 el apartado Secretar\u00eda Educaci\u00f3n P\u00fablica, en el que encontraras las siguientes tarjetas: Acciones de apoyo a retornados. Tabla de correspondencia. Normas de ingreso. Aqu\u00ed podr\u00e1s encontrar informaci\u00f3n de c\u00f3mo reiniciar tus estudios a tu vuelta a M\u00e9xico. En la pesta\u00f1a Acciones de Apoyo a Retornados est\u00e1n los requisitos y explican paso a paso las acciones a realizar, para retomar los estudios. Acceso Latino, tu primera ventana de consulta migratoria, encontrar\u00e1s herramientas que te ayudar\u00e1n en cualquier situaci\u00f3n en la que te encuentres y adem\u00e1s te ofrece cursos educativos sin costo para cualquier nivel en el que te encuentres.<\/p>","protected":false},"author":7,"featured_media":22345,"parent":0,"menu_order":0,"comment_status":"closed","ping_status":"closed","template":"elementor_header_footer","meta":{"_uf_show_specific_survey":0,"_uf_disable_surveys":false,"footnotes":""},"class_list":["post-22353","page","type-page","status-publish","has-post-thumbnail"],"aioseo_notices":[],"yoast_head":"<!-- This site is optimized with the Yoast SEO plugin v27.4 - https:\/\/yoast.com\/product\/yoast-seo-wordpress\/ -->\n<title>La SEP brinda apoyo a los mexicanos que est\u00e1n de vuelta<\/title>\n<meta name=\"description\" content=\"La\u00a0SEP\u00a0brinda apoyo a los mexicanos que est\u00e1n de vuelta En nuestra secci\u00f3n Educaci\u00f3n est\u00e1 el apartado Secretar\u00eda Educaci\u00f3n P\u00fablica...\" \/>\n<meta name=\"robots\" content=\"index, follow, max-snippet:-1, max-image-preview:large, max-video-preview:-1\" \/>\n<link rel=\"canonical\" href=\"https:\/\/accesolatino.org\/en\/la-sep-brinda-apoyo-a-los-mexicanos-que-estan-de-vuelta\/\" \/>\n<meta property=\"og:locale\" content=\"en_US\" \/>\n<meta property=\"og:type\" content=\"article\" \/>\n<meta property=\"og:title\" content=\"Acceso Latino | La SEP brinda apoyo a los mexicanos que est\u00e1n de vuelta\" \/>\n<meta property=\"og:description\" content=\"La SEP brinda apoyo a los mexicanos que est\u00e1n de vuelta\" \/>\n<meta property=\"og:url\" content=\"https:\/\/accesolatino.org\/en\/la-sep-brinda-apoyo-a-los-mexicanos-que-estan-de-vuelta\/\" \/>\n<meta property=\"og:site_name\" content=\"Acceso Latino\" \/>\n<meta property=\"article:publisher\" content=\"https:\/\/www.facebook.com\/AccesoLatinoOrg\" \/>\n<meta property=\"article:modified_time\" content=\"2025-10-17T23:10:51+00:00\" \/>\n<meta property=\"og:image\" content=\"https:\/\/accesolatino.org\/wp-content\/uploads\/2020\/08\/La-SEP-brinda-apoyo-a-los-mexicanos-que-estan-de-vuelta.png\" \/>\n\t<meta property=\"og:image:width\" content=\"600\" \/>\n\t<meta property=\"og:image:height\" content=\"338\" \/>\n\t<meta property=\"og:image:type\" content=\"image\/png\" \/>\n<meta name=\"twitter:card\" content=\"summary_large_image\" \/>\n<meta name=\"twitter:title\" content=\"Acceso Latino | La SEP brinda apoyo a los mexicanos que est\u00e1n de vuelta\" \/>\n<meta name=\"twitter:description\" content=\"La SEP brinda apoyo a los mexicanos que est\u00e1n de vuelta\" \/>\n<meta name=\"twitter:image\" content=\"https:\/\/accesolatino.org\/wp-content\/uploads\/2020\/08\/La-SEP-brinda-apoyo-a-los-mexicanos-que-estan-de-vuelta.png\" \/>\n<meta name=\"twitter:site\" content=\"@FAccLatino\" \/>\n<meta name=\"twitter:label1\" content=\"Est. reading time\" \/>\n\t<meta name=\"twitter:data1\" content=\"1 minute\" \/>\n<script type=\"application\/ld+json\" class=\"yoast-schema-graph\">{\"@context\":\"https:\\\/\\\/schema.org\",\"@graph\":[{\"@type\":\"WebPage\",\"@id\":\"https:\\\/\\\/accesolatino.org\\\/la-sep-brinda-apoyo-a-los-mexicanos-que-estan-de-vuelta\\\/\",\"url\":\"https:\\\/\\\/accesolatino.org\\\/la-sep-brinda-apoyo-a-los-mexicanos-que-estan-de-vuelta\\\/\",\"name\":\"La SEP brinda apoyo a los mexicanos que est\u00e1n de vuelta\",\"isPartOf\":{\"@id\":\"https:\\\/\\\/accesolatino.org\\\/#website\"},\"primaryImageOfPage\":{\"@id\":\"https:\\\/\\\/accesolatino.org\\\/la-sep-brinda-apoyo-a-los-mexicanos-que-estan-de-vuelta\\\/#primaryimage\"},\"image\":{\"@id\":\"https:\\\/\\\/accesolatino.org\\\/la-sep-brinda-apoyo-a-los-mexicanos-que-estan-de-vuelta\\\/#primaryimage\"},\"thumbnailUrl\":\"https:\\\/\\\/accesolatino.org\\\/wp-content\\\/uploads\\\/2020\\\/08\\\/La-SEP-brinda-apoyo-a-los-mexicanos-que-estan-de-vuelta.png\",\"datePublished\":\"2020-08-06T15:07:09+00:00\",\"dateModified\":\"2025-10-17T23:10:51+00:00\",\"description\":\"La\u00a0SEP\u00a0brinda apoyo a los mexicanos que est\u00e1n de vuelta En nuestra secci\u00f3n Educaci\u00f3n est\u00e1 el apartado Secretar\u00eda Educaci\u00f3n P\u00fablica...\",\"breadcrumb\":{\"@id\":\"https:\\\/\\\/accesolatino.org\\\/la-sep-brinda-apoyo-a-los-mexicanos-que-estan-de-vuelta\\\/#breadcrumb\"},\"inLanguage\":\"en-US\",\"potentialAction\":[{\"@type\":\"ReadAction\",\"target\":[\"https:\\\/\\\/accesolatino.org\\\/la-sep-brinda-apoyo-a-los-mexicanos-que-estan-de-vuelta\\\/\"]}]},{\"@type\":\"ImageObject\",\"inLanguage\":\"en-US\",\"@id\":\"https:\\\/\\\/accesolatino.org\\\/la-sep-brinda-apoyo-a-los-mexicanos-que-estan-de-vuelta\\\/#primaryimage\",\"url\":\"https:\\\/\\\/accesolatino.org\\\/wp-content\\\/uploads\\\/2020\\\/08\\\/La-SEP-brinda-apoyo-a-los-mexicanos-que-estan-de-vuelta.png\",\"contentUrl\":\"https:\\\/\\\/accesolatino.org\\\/wp-content\\\/uploads\\\/2020\\\/08\\\/La-SEP-brinda-apoyo-a-los-mexicanos-que-estan-de-vuelta.png\",\"width\":600,\"height\":338,\"caption\":\"SEP\"},{\"@type\":\"BreadcrumbList\",\"@id\":\"https:\\\/\\\/accesolatino.org\\\/la-sep-brinda-apoyo-a-los-mexicanos-que-estan-de-vuelta\\\/#breadcrumb\",\"itemListElement\":[{\"@type\":\"ListItem\",\"position\":1,\"name\":\"Portada\",\"item\":\"https:\\\/\\\/accesolatino.org\\\/\"},{\"@type\":\"ListItem\",\"position\":2,\"name\":\"La SEP brinda apoyo a los mexicanos que est\u00e1n de vuelta\"}]},{\"@type\":\"WebSite\",\"@id\":\"https:\\\/\\\/accesolatino.org\\\/#website\",\"url\":\"https:\\\/\\\/accesolatino.org\\\/\",\"name\":\"Acceso Latino | Fundaci\u00f3n Carlos Slim\",\"description\":\"Fundaci\u00f3n Carlos Slim\",\"publisher\":{\"@id\":\"https:\\\/\\\/accesolatino.org\\\/#organization\"},\"potentialAction\":[{\"@type\":\"SearchAction\",\"target\":{\"@type\":\"EntryPoint\",\"urlTemplate\":\"https:\\\/\\\/accesolatino.org\\\/?s={search_term_string}\"},\"query-input\":{\"@type\":\"PropertyValueSpecification\",\"valueRequired\":true,\"valueName\":\"search_term_string\"}}],\"inLanguage\":\"en-US\"},{\"@type\":\"Organization\",\"@id\":\"https:\\\/\\\/accesolatino.org\\\/#organization\",\"name\":\"Acceso Latino | Fundaci\u00f3n Carlos Slim\",\"url\":\"https:\\\/\\\/accesolatino.org\\\/\",\"logo\":{\"@type\":\"ImageObject\",\"inLanguage\":\"en-US\",\"@id\":\"https:\\\/\\\/accesolatino.org\\\/#\\\/schema\\\/logo\\\/image\\\/\",\"url\":\"https:\\\/\\\/accesolatino.org\\\/wp-content\\\/uploads\\\/2021\\\/02\\\/logo-footer-acceso-latino.png\",\"contentUrl\":\"https:\\\/\\\/accesolatino.org\\\/wp-content\\\/uploads\\\/2021\\\/02\\\/logo-footer-acceso-latino.png\",\"width\":240,\"height\":40,\"caption\":\"Acceso Latino | Fundaci\u00f3n Carlos Slim\"},\"image\":{\"@id\":\"https:\\\/\\\/accesolatino.org\\\/#\\\/schema\\\/logo\\\/image\\\/\"},\"sameAs\":[\"https:\\\/\\\/www.facebook.com\\\/AccesoLatinoOrg\",\"https:\\\/\\\/x.com\\\/FAccLatino\"]}]}<\/script>\n<!-- \/ Yoast SEO plugin. -->","yoast_head_json":{"title":"La SEP brinda apoyo a los mexicanos que est\u00e1n de vuelta","description":"La\u00a0SEP\u00a0brinda apoyo a los mexicanos que est\u00e1n de vuelta En nuestra secci\u00f3n Educaci\u00f3n est\u00e1 el apartado Secretar\u00eda Educaci\u00f3n P\u00fablica...","robots":{"index":"index","follow":"follow","max-snippet":"max-snippet:-1","max-image-preview":"max-image-preview:large","max-video-preview":"max-video-preview:-1"},"canonical":"https:\/\/accesolatino.org\/en\/la-sep-brinda-apoyo-a-los-mexicanos-que-estan-de-vuelta\/","og_locale":"en_US","og_type":"article","og_title":"Acceso Latino | La SEP brinda apoyo a los mexicanos que est\u00e1n de vuelta","og_description":"La SEP brinda apoyo a los mexicanos que est\u00e1n de vuelta","og_url":"https:\/\/accesolatino.org\/en\/la-sep-brinda-apoyo-a-los-mexicanos-que-estan-de-vuelta\/","og_site_name":"Acceso Latino","article_publisher":"https:\/\/www.facebook.com\/AccesoLatinoOrg","article_modified_time":"2025-10-17T23:10:51+00:00","og_image":[{"width":600,"height":338,"url":"https:\/\/accesolatino.org\/wp-content\/uploads\/2020\/08\/La-SEP-brinda-apoyo-a-los-mexicanos-que-estan-de-vuelta.png","type":"image\/png"}],"twitter_card":"summary_large_image","twitter_title":"Acceso Latino | La SEP brinda apoyo a los mexicanos que est\u00e1n de vuelta","twitter_description":"La SEP brinda apoyo a los mexicanos que est\u00e1n de vuelta","twitter_image":"https:\/\/accesolatino.org\/wp-content\/uploads\/2020\/08\/La-SEP-brinda-apoyo-a-los-mexicanos-que-estan-de-vuelta.png","twitter_site":"@FAccLatino","twitter_misc":{"Est. reading time":"1 minute"},"schema":{"@context":"https:\/\/schema.org","@graph":[{"@type":"WebPage","@id":"https:\/\/accesolatino.org\/la-sep-brinda-apoyo-a-los-mexicanos-que-estan-de-vuelta\/","url":"https:\/\/accesolatino.org\/la-sep-brinda-apoyo-a-los-mexicanos-que-estan-de-vuelta\/","name":"La SEP brinda apoyo a los mexicanos que est\u00e1n de vuelta","isPartOf":{"@id":"https:\/\/accesolatino.org\/#website"},"primaryImageOfPage":{"@id":"https:\/\/accesolatino.org\/la-sep-brinda-apoyo-a-los-mexicanos-que-estan-de-vuelta\/#primaryimage"},"image":{"@id":"https:\/\/accesolatino.org\/la-sep-brinda-apoyo-a-los-mexicanos-que-estan-de-vuelta\/#primaryimage"},"thumbnailUrl":"https:\/\/accesolatino.org\/wp-content\/uploads\/2020\/08\/La-SEP-brinda-apoyo-a-los-mexicanos-que-estan-de-vuelta.png","datePublished":"2020-08-06T15:07:09+00:00","dateModified":"2025-10-17T23:10:51+00:00","description":"La\u00a0SEP\u00a0brinda apoyo a los mexicanos que est\u00e1n de vuelta En nuestra secci\u00f3n Educaci\u00f3n est\u00e1 el apartado Secretar\u00eda Educaci\u00f3n P\u00fablica...","breadcrumb":{"@id":"https:\/\/accesolatino.org\/la-sep-brinda-apoyo-a-los-mexicanos-que-estan-de-vuelta\/#breadcrumb"},"inLanguage":"en-US","potentialAction":[{"@type":"ReadAction","target":["https:\/\/accesolatino.org\/la-sep-brinda-apoyo-a-los-mexicanos-que-estan-de-vuelta\/"]}]},{"@type":"ImageObject","inLanguage":"en-US","@id":"https:\/\/accesolatino.org\/la-sep-brinda-apoyo-a-los-mexicanos-que-estan-de-vuelta\/#primaryimage","url":"https:\/\/accesolatino.org\/wp-content\/uploads\/2020\/08\/La-SEP-brinda-apoyo-a-los-mexicanos-que-estan-de-vuelta.png","contentUrl":"https:\/\/accesolatino.org\/wp-content\/uploads\/2020\/08\/La-SEP-brinda-apoyo-a-los-mexicanos-que-estan-de-vuelta.png","width":600,"height":338,"caption":"SEP"},{"@type":"BreadcrumbList","@id":"https:\/\/accesolatino.org\/la-sep-brinda-apoyo-a-los-mexicanos-que-estan-de-vuelta\/#breadcrumb","itemListElement":[{"@type":"ListItem","position":1,"name":"Portada","item":"https:\/\/accesolatino.org\/"},{"@type":"ListItem","position":2,"name":"La SEP brinda apoyo a los mexicanos que est\u00e1n de vuelta"}]},{"@type":"WebSite","@id":"https:\/\/accesolatino.org\/#website","url":"https:\/\/accesolatino.org\/","name":"Acceso Latino | Fundaci\u00f3n Carlos Slim","description":"Fundaci\u00f3n Carlos Slim","publisher":{"@id":"https:\/\/accesolatino.org\/#organization"},"potentialAction":[{"@type":"SearchAction","target":{"@type":"EntryPoint","urlTemplate":"https:\/\/accesolatino.org\/?s={search_term_string}"},"query-input":{"@type":"PropertyValueSpecification","valueRequired":true,"valueName":"search_term_string"}}],"inLanguage":"en-US"},{"@type":"Organization","@id":"https:\/\/accesolatino.org\/#organization","name":"Acceso Latino | Fundaci\u00f3n Carlos Slim","url":"https:\/\/accesolatino.org\/","logo":{"@type":"ImageObject","inLanguage":"en-US","@id":"https:\/\/accesolatino.org\/#\/schema\/logo\/image\/","url":"https:\/\/accesolatino.org\/wp-content\/uploads\/2021\/02\/logo-footer-acceso-latino.png","contentUrl":"https:\/\/accesolatino.org\/wp-content\/uploads\/2021\/02\/logo-footer-acceso-latino.png","width":240,"height":40,"caption":"Acceso Latino | Fundaci\u00f3n Carlos Slim"},"image":{"@id":"https:\/\/accesolatino.org\/#\/schema\/logo\/image\/"},"sameAs":["https:\/\/www.facebook.com\/AccesoLatinoOrg","https:\/\/x.com\/FAccLatino"]}]}},"_links":{"self":[{"href":"https:\/\/accesolatino.org\/en\/wp-json\/wp\/v2\/pages\/22353","targetHints":{"allow":["GET"]}}],"collection":[{"href":"https:\/\/accesolatino.org\/en\/wp-json\/wp\/v2\/pages"}],"about":[{"href":"https:\/\/accesolatino.org\/en\/wp-json\/wp\/v2\/types\/page"}],"author":[{"embeddable":true,"href":"https:\/\/accesolatino.org\/en\/wp-json\/wp\/v2\/users\/7"}],"replies":[{"embeddable":true,"href":"https:\/\/accesolatino.org\/en\/wp-json\/wp\/v2\/comments?post=22353"}],"version-history":[{"count":1,"href":"https:\/\/accesolatino.org\/en\/wp-json\/wp\/v2\/pages\/22353\/revisions"}],"predecessor-version":[{"id":64245,"href":"https:\/\/accesolatino.org\/en\/wp-json\/wp\/v2\/pages\/22353\/revisions\/64245"}],"wp:featuredmedia":[{"embeddable":true,"href":"https:\/\/accesolatino.org\/en\/wp-json\/wp\/v2\/media\/22345"}],"wp:attachment":[{"href":"https:\/\/accesolatino.org\/en\/wp-json\/wp\/v2\/media?parent=22353"}],"curies":[{"name":"wp","href":"https:\/\/api.w.org\/{rel}","templated":true}]}}