{"id":22321,"date":"2020-08-04T11:24:13","date_gmt":"2020-08-04T16:24:13","guid":{"rendered":"https:\/\/accesolatino.org\/?page_id=22321"},"modified":"2025-10-13T13:08:58","modified_gmt":"2025-10-13T19:08:58","slug":"somos-mexicanos-una-plataforma-que-te-ayuda-a-tu-regreso","status":"publish","type":"page","link":"https:\/\/accesolatino.org\/en\/apoyos-sociales\/somos-mexicanos-una-plataforma-que-te-ayuda-a-tu-regreso\/","title":{"rendered":"Somos Mexicanos, a platform that helps you with your return home"},"content":{"rendered":"<div data-elementor-type=\"wp-post\" data-elementor-id=\"22321\" class=\"elementor elementor-22321\">\n\t\t\t\t\t\t<section class=\"elementor-section elementor-top-section elementor-element elementor-element-fc6fd62 elementor-section-full_width elementor-section-height-min-height elementor-section-items-stretch elementor-section-height-default wpr-particle-no wpr-jarallax-no wpr-parallax-no wpr-sticky-section-no wpr-equal-height-no\" data-id=\"fc6fd62\" data-element_type=\"section\" data-e-type=\"section\" data-settings=\"{&quot;background_background&quot;:&quot;classic&quot;}\">\n\t\t\t\t\t\t<div class=\"elementor-container elementor-column-gap-no\">\n\t\t\t\t\t<div class=\"elementor-column elementor-col-100 elementor-top-column elementor-element elementor-element-196f5d4\" data-id=\"196f5d4\" data-element_type=\"column\" data-e-type=\"column\">\n\t\t\t<div class=\"elementor-widget-wrap elementor-element-populated\">\n\t\t\t\t\t\t<div class=\"elementor-element elementor-element-0c668dd elementor--h-position-center elementor--v-position-middle elementor-widget elementor-widget-slides\" data-id=\"0c668dd\" data-element_type=\"widget\" data-e-type=\"widget\" data-settings=\"{&quot;navigation&quot;:&quot;none&quot;,&quot;infinite&quot;:&quot;yes&quot;,&quot;transition&quot;:&quot;slide&quot;,&quot;transition_speed&quot;:500}\" data-widget_type=\"slides.default\">\n\t\t\t\t<div class=\"elementor-widget-container\">\n\t\t\t\t\t\t\t<div class=\"elementor-swiper\">\n\t\t\t<div class=\"elementor-slides-wrapper elementor-main-swiper swiper-container\" dir=\"ltr\" data-animation=\"\">\n\t\t\t\t<div class=\"swiper-wrapper elementor-slides\">\n\t\t\t\t\t\t\t\t\t\t<div class=\"elementor-repeater-item-d983a28 swiper-slide\"><div class=\"swiper-slide-bg\"><\/div><div class=\"swiper-slide-inner\" ><div class=\"swiper-slide-contents\"><div class=\"elementor-slide-heading\">Social Supports<\/div><\/div><\/div><\/div>\t\t\t\t<\/div>\n\t\t\t\t\t\t\t<\/div>\n\t\t<\/div>\n\t\t\t\t\t\t<\/div>\n\t\t\t\t<\/div>\n\t\t\t\t\t<\/div>\n\t\t<\/div>\n\t\t\t\t\t<\/div>\n\t\t<\/section>\n\t\t\t\t<section class=\"elementor-section elementor-top-section elementor-element elementor-element-51ec00c elementor-section-stretched elementor-section-boxed elementor-section-height-default elementor-section-height-default wpr-particle-no wpr-jarallax-no wpr-parallax-no wpr-sticky-section-no wpr-equal-height-no\" data-id=\"51ec00c\" data-element_type=\"section\" data-e-type=\"section\" data-settings=\"{&quot;stretch_section&quot;:&quot;section-stretched&quot;,&quot;background_background&quot;:&quot;classic&quot;}\">\n\t\t\t\t\t\t<div class=\"elementor-container elementor-column-gap-default\">\n\t\t\t\t\t<div class=\"elementor-column elementor-col-100 elementor-top-column elementor-element elementor-element-504cd4e\" data-id=\"504cd4e\" data-element_type=\"column\" data-e-type=\"column\">\n\t\t\t<div class=\"elementor-widget-wrap elementor-element-populated\">\n\t\t\t\t\t\t<div class=\"elementor-element elementor-element-2922825 elementor-widget elementor-widget-heading\" data-id=\"2922825\" data-element_type=\"widget\" data-e-type=\"widget\" data-widget_type=\"heading.default\">\n\t\t\t\t<div class=\"elementor-widget-container\">\n\t\t\t\t\t<h3 class=\"elementor-heading-title elementor-size-default\">Somos Mexicanos, a platform that helps you with your return home<\/h3>\t\t\t\t<\/div>\n\t\t\t\t<\/div>\n\t\t\t\t<div class=\"elementor-element elementor-element-03b808f elementor-widget elementor-widget-text-editor\" data-id=\"03b808f\" data-element_type=\"widget\" data-e-type=\"widget\" data-widget_type=\"text-editor.default\">\n\t\t\t\t<div class=\"elementor-widget-container\">\n\t\t\t\t\t\t\t\t\t<p><span style=\"font-weight: 400;\">In our <\/span><a href=\"https:\/\/accesolatino.org\/en\/apoyos-sociales\/\"><span style=\"font-weight: 400;\">Social Supports<\/span><\/a><span style=\"font-weight: 400;\"> encontrar\u00e1s el programa <\/span><a href=\"http:\/\/www.gob.mx\/cms\/uploads\/attachment\/file\/133316\/Infografi_a_Somos_Mex_FINAL.pdf\"><b>Somos Mexicanos.<\/b><\/a><\/p><p><span style=\"font-weight: 400;\">El Instituto Nacional de Migraci\u00f3n (INM), proporciona a los mexicanos que est\u00e1n de vuelta voluntariamente o involuntariamente en M\u00e9xico, una atenci\u00f3n profesional para auxiliarles a reintegrarse a la sociedad mexicana.\u00a0<\/span><\/p><p><span style=\"font-weight: 400;\">Somos Mexicanos, es un programa del INM que tiene como objetivo suministrar de servicios y brindar oportunidades de desarrollo y crecimiento a todos las mexicanas y mexicanos que son regresados de Estados Unidos.<\/span><\/p><p><span style=\"font-weight: 400;\">Nuestros conciudadanos que viven en EEUU o que est\u00e1n de vuelta a M\u00e9xico, tienen la oportunidad de pedir apoyo para un mejor regreso u optimizar su vida en USA.<\/span><\/p><p><span style=\"font-weight: 400;\">Al igual que los migrantes, cualquier persona podr\u00e1 encontrar ayuda en materia social en <\/span><b>Acceso Latino, <\/b><span style=\"font-weight: 400;\">tu primera ventana de consulta migratoria.<\/span><\/p>\t\t\t\t\t\t\t\t<\/div>\n\t\t\t\t<\/div>\n\t\t\t\t<div class=\"elementor-element elementor-element-51eb10f elementor-widget elementor-widget-spacer\" data-id=\"51eb10f\" data-element_type=\"widget\" data-e-type=\"widget\" data-widget_type=\"spacer.default\">\n\t\t\t\t<div class=\"elementor-widget-container\">\n\t\t\t\t\t\t\t<div class=\"elementor-spacer\">\n\t\t\t<div class=\"elementor-spacer-inner\"><\/div>\n\t\t<\/div>\n\t\t\t\t\t\t<\/div>\n\t\t\t\t<\/div>\n\t\t\t\t\t<\/div>\n\t\t<\/div>\n\t\t\t\t\t<\/div>\n\t\t<\/section>\n\t\t\t\t<\/div>","protected":false},"excerpt":{"rendered":"<p>Apoyos Sociales Somos Mexicanos, una plataforma que te ayuda a tu regreso En nuestra secci\u00f3n de Apoyos Sociales encontrar\u00e1s el programa Somos Mexicanos. El Instituto Nacional de Migraci\u00f3n (INM), proporciona a los mexicanos que est\u00e1n de vuelta voluntariamente o involuntariamente en M\u00e9xico, una atenci\u00f3n profesional para auxiliarles a reintegrarse a la sociedad mexicana.\u00a0 Somos Mexicanos, es un programa del INM que tiene como objetivo suministrar de servicios y brindar oportunidades de desarrollo y crecimiento a todos las mexicanas y mexicanos que son regresados de Estados Unidos. Nuestros conciudadanos que viven en EEUU o que est\u00e1n de vuelta a M\u00e9xico, tienen la oportunidad de pedir apoyo para un mejor regreso u optimizar su vida en USA. Al igual que los migrantes, cualquier persona podr\u00e1 encontrar ayuda en materia social en Acceso Latino, tu primera ventana de consulta migratoria.<\/p>","protected":false},"author":6,"featured_media":22314,"parent":1435,"menu_order":0,"comment_status":"closed","ping_status":"closed","template":"elementor_header_footer","meta":{"_uf_show_specific_survey":0,"_uf_disable_surveys":false,"footnotes":""},"class_list":["post-22321","page","type-page","status-publish","has-post-thumbnail"],"aioseo_notices":[],"yoast_head":"<!-- This site is optimized with the Yoast SEO plugin v27.5 - https:\/\/yoast.com\/product\/yoast-seo-wordpress\/ -->\n<title>Somos Mexicanos, una plataforma que te ayuda a tu regreso<\/title>\n<meta name=\"description\" content=\"Conoce las diferentes formas en las que los migrantes se pueden ver beneficiados en Estados Unidos - Acceso Latino\" \/>\n<meta name=\"robots\" content=\"index, follow, max-snippet:-1, max-image-preview:large, max-video-preview:-1\" \/>\n<link rel=\"canonical\" href=\"https:\/\/accesolatino.org\/en\/apoyos-sociales\/somos-mexicanos-una-plataforma-que-te-ayuda-a-tu-regreso\/\" \/>\n<meta property=\"og:locale\" content=\"en_US\" \/>\n<meta property=\"og:type\" content=\"article\" \/>\n<meta property=\"og:title\" content=\"Acceso Latino | Somos Mexicanos, una plataforma que te ayuda a tu regreso\" \/>\n<meta property=\"og:description\" content=\"Conoce las diferentes formas en las que los migrantes se pueden ver beneficiados en USA\" \/>\n<meta property=\"og:url\" content=\"https:\/\/accesolatino.org\/en\/apoyos-sociales\/somos-mexicanos-una-plataforma-que-te-ayuda-a-tu-regreso\/\" \/>\n<meta property=\"og:site_name\" content=\"Acceso Latino\" \/>\n<meta property=\"article:publisher\" content=\"https:\/\/www.facebook.com\/AccesoLatinoOrg\" \/>\n<meta property=\"article:modified_time\" content=\"2025-10-13T19:08:58+00:00\" \/>\n<meta property=\"og:image\" content=\"https:\/\/accesolatino.org\/wp-content\/uploads\/2020\/08\/Somos-Mexicanos-una-plataforma-que-te-ayuda-a-tu-regreso.png\" \/>\n\t<meta property=\"og:image:width\" content=\"600\" \/>\n\t<meta property=\"og:image:height\" content=\"338\" \/>\n\t<meta property=\"og:image:type\" content=\"image\/png\" \/>\n<meta name=\"twitter:card\" content=\"summary_large_image\" \/>\n<meta name=\"twitter:title\" content=\"Acceso Latino | Somos Mexicanos, una plataforma que te ayuda a tu regreso\" \/>\n<meta name=\"twitter:description\" content=\"Conoce las diferentes formas en las que los migrantes se pueden ver beneficiados en USA\" \/>\n<meta name=\"twitter:image\" content=\"https:\/\/accesolatino.org\/wp-content\/uploads\/2020\/08\/Somos-Mexicanos-una-plataforma-que-te-ayuda-a-tu-regreso.png\" \/>\n<meta name=\"twitter:site\" content=\"@FAccLatino\" \/>\n<meta name=\"twitter:label1\" content=\"Est. reading time\" \/>\n\t<meta name=\"twitter:data1\" content=\"1 minute\" \/>\n<script type=\"application\/ld+json\" class=\"yoast-schema-graph\">{\"@context\":\"https:\\\/\\\/schema.org\",\"@graph\":[{\"@type\":\"WebPage\",\"@id\":\"https:\\\/\\\/accesolatino.org\\\/en\\\/apoyos-sociales\\\/somos-mexicanos-una-plataforma-que-te-ayuda-a-tu-regreso\\\/\",\"url\":\"https:\\\/\\\/accesolatino.org\\\/en\\\/apoyos-sociales\\\/somos-mexicanos-una-plataforma-que-te-ayuda-a-tu-regreso\\\/\",\"name\":\"Somos Mexicanos, una plataforma que te ayuda a tu regreso\",\"isPartOf\":{\"@id\":\"https:\\\/\\\/accesolatino.org\\\/#website\"},\"primaryImageOfPage\":{\"@id\":\"https:\\\/\\\/accesolatino.org\\\/en\\\/apoyos-sociales\\\/somos-mexicanos-una-plataforma-que-te-ayuda-a-tu-regreso\\\/#primaryimage\"},\"image\":{\"@id\":\"https:\\\/\\\/accesolatino.org\\\/en\\\/apoyos-sociales\\\/somos-mexicanos-una-plataforma-que-te-ayuda-a-tu-regreso\\\/#primaryimage\"},\"thumbnailUrl\":\"https:\\\/\\\/accesolatino.org\\\/wp-content\\\/uploads\\\/2020\\\/08\\\/Somos-Mexicanos-una-plataforma-que-te-ayuda-a-tu-regreso.png\",\"datePublished\":\"2020-08-04T16:24:13+00:00\",\"dateModified\":\"2025-10-13T19:08:58+00:00\",\"description\":\"Conoce las diferentes formas en las que los migrantes se pueden ver beneficiados en Estados Unidos - Acceso Latino\",\"breadcrumb\":{\"@id\":\"https:\\\/\\\/accesolatino.org\\\/en\\\/apoyos-sociales\\\/somos-mexicanos-una-plataforma-que-te-ayuda-a-tu-regreso\\\/#breadcrumb\"},\"inLanguage\":\"en-US\",\"potentialAction\":[{\"@type\":\"ReadAction\",\"target\":[\"https:\\\/\\\/accesolatino.org\\\/en\\\/apoyos-sociales\\\/somos-mexicanos-una-plataforma-que-te-ayuda-a-tu-regreso\\\/\"]}]},{\"@type\":\"ImageObject\",\"inLanguage\":\"en-US\",\"@id\":\"https:\\\/\\\/accesolatino.org\\\/en\\\/apoyos-sociales\\\/somos-mexicanos-una-plataforma-que-te-ayuda-a-tu-regreso\\\/#primaryimage\",\"url\":\"https:\\\/\\\/accesolatino.org\\\/wp-content\\\/uploads\\\/2020\\\/08\\\/Somos-Mexicanos-una-plataforma-que-te-ayuda-a-tu-regreso.png\",\"contentUrl\":\"https:\\\/\\\/accesolatino.org\\\/wp-content\\\/uploads\\\/2020\\\/08\\\/Somos-Mexicanos-una-plataforma-que-te-ayuda-a-tu-regreso.png\",\"width\":600,\"height\":338,\"caption\":\"Somos Mexicanos\"},{\"@type\":\"BreadcrumbList\",\"@id\":\"https:\\\/\\\/accesolatino.org\\\/en\\\/apoyos-sociales\\\/somos-mexicanos-una-plataforma-que-te-ayuda-a-tu-regreso\\\/#breadcrumb\",\"itemListElement\":[{\"@type\":\"ListItem\",\"position\":1,\"name\":\"Portada\",\"item\":\"https:\\\/\\\/accesolatino.org\\\/\"},{\"@type\":\"ListItem\",\"position\":2,\"name\":\"Apoyos Sociales\",\"item\":\"https:\\\/\\\/accesolatino.org\\\/en\\\/apoyos-sociales\\\/\"},{\"@type\":\"ListItem\",\"position\":3,\"name\":\"Somos Mexicanos, una plataforma que te ayuda a tu regreso\"}]},{\"@type\":\"WebSite\",\"@id\":\"https:\\\/\\\/accesolatino.org\\\/#website\",\"url\":\"https:\\\/\\\/accesolatino.org\\\/\",\"name\":\"Acceso Latino | Fundaci\u00f3n Carlos Slim\",\"description\":\"Fundaci\u00f3n Carlos Slim\",\"publisher\":{\"@id\":\"https:\\\/\\\/accesolatino.org\\\/#organization\"},\"potentialAction\":[{\"@type\":\"SearchAction\",\"target\":{\"@type\":\"EntryPoint\",\"urlTemplate\":\"https:\\\/\\\/accesolatino.org\\\/?s={search_term_string}\"},\"query-input\":{\"@type\":\"PropertyValueSpecification\",\"valueRequired\":true,\"valueName\":\"search_term_string\"}}],\"inLanguage\":\"en-US\"},{\"@type\":\"Organization\",\"@id\":\"https:\\\/\\\/accesolatino.org\\\/#organization\",\"name\":\"Acceso Latino | Fundaci\u00f3n Carlos Slim\",\"url\":\"https:\\\/\\\/accesolatino.org\\\/\",\"logo\":{\"@type\":\"ImageObject\",\"inLanguage\":\"en-US\",\"@id\":\"https:\\\/\\\/accesolatino.org\\\/#\\\/schema\\\/logo\\\/image\\\/\",\"url\":\"https:\\\/\\\/accesolatino.org\\\/wp-content\\\/uploads\\\/2021\\\/02\\\/logo-footer-acceso-latino.png\",\"contentUrl\":\"https:\\\/\\\/accesolatino.org\\\/wp-content\\\/uploads\\\/2021\\\/02\\\/logo-footer-acceso-latino.png\",\"width\":240,\"height\":40,\"caption\":\"Acceso Latino | Fundaci\u00f3n Carlos Slim\"},\"image\":{\"@id\":\"https:\\\/\\\/accesolatino.org\\\/#\\\/schema\\\/logo\\\/image\\\/\"},\"sameAs\":[\"https:\\\/\\\/www.facebook.com\\\/AccesoLatinoOrg\",\"https:\\\/\\\/x.com\\\/FAccLatino\"]}]}<\/script>\n<!-- \/ Yoast SEO plugin. -->","yoast_head_json":{"title":"Somos Mexicanos, a platform that helps you with your return home","description":"Conoce las diferentes formas en las que los migrantes se pueden ver beneficiados en Estados Unidos - Acceso Latino","robots":{"index":"index","follow":"follow","max-snippet":"max-snippet:-1","max-image-preview":"max-image-preview:large","max-video-preview":"max-video-preview:-1"},"canonical":"https:\/\/accesolatino.org\/en\/apoyos-sociales\/somos-mexicanos-una-plataforma-que-te-ayuda-a-tu-regreso\/","og_locale":"en_US","og_type":"article","og_title":"Acceso Latino | Somos Mexicanos, una plataforma que te ayuda a tu regreso","og_description":"Conoce las diferentes formas en las que los migrantes se pueden ver beneficiados en USA","og_url":"https:\/\/accesolatino.org\/en\/apoyos-sociales\/somos-mexicanos-una-plataforma-que-te-ayuda-a-tu-regreso\/","og_site_name":"Acceso Latino","article_publisher":"https:\/\/www.facebook.com\/AccesoLatinoOrg","article_modified_time":"2025-10-13T19:08:58+00:00","og_image":[{"width":600,"height":338,"url":"https:\/\/accesolatino.org\/wp-content\/uploads\/2020\/08\/Somos-Mexicanos-una-plataforma-que-te-ayuda-a-tu-regreso.png","type":"image\/png"}],"twitter_card":"summary_large_image","twitter_title":"Acceso Latino | Somos Mexicanos, una plataforma que te ayuda a tu regreso","twitter_description":"Conoce las diferentes formas en las que los migrantes se pueden ver beneficiados en USA","twitter_image":"https:\/\/accesolatino.org\/wp-content\/uploads\/2020\/08\/Somos-Mexicanos-una-plataforma-que-te-ayuda-a-tu-regreso.png","twitter_site":"@FAccLatino","twitter_misc":{"Est. reading time":"1 minute"},"schema":{"@context":"https:\/\/schema.org","@graph":[{"@type":"WebPage","@id":"https:\/\/accesolatino.org\/en\/apoyos-sociales\/somos-mexicanos-una-plataforma-que-te-ayuda-a-tu-regreso\/","url":"https:\/\/accesolatino.org\/en\/apoyos-sociales\/somos-mexicanos-una-plataforma-que-te-ayuda-a-tu-regreso\/","name":"Somos Mexicanos, a platform that helps you with your return home","isPartOf":{"@id":"https:\/\/accesolatino.org\/#website"},"primaryImageOfPage":{"@id":"https:\/\/accesolatino.org\/en\/apoyos-sociales\/somos-mexicanos-una-plataforma-que-te-ayuda-a-tu-regreso\/#primaryimage"},"image":{"@id":"https:\/\/accesolatino.org\/en\/apoyos-sociales\/somos-mexicanos-una-plataforma-que-te-ayuda-a-tu-regreso\/#primaryimage"},"thumbnailUrl":"https:\/\/accesolatino.org\/wp-content\/uploads\/2020\/08\/Somos-Mexicanos-una-plataforma-que-te-ayuda-a-tu-regreso.png","datePublished":"2020-08-04T16:24:13+00:00","dateModified":"2025-10-13T19:08:58+00:00","description":"Conoce las diferentes formas en las que los migrantes se pueden ver beneficiados en Estados Unidos - Acceso Latino","breadcrumb":{"@id":"https:\/\/accesolatino.org\/en\/apoyos-sociales\/somos-mexicanos-una-plataforma-que-te-ayuda-a-tu-regreso\/#breadcrumb"},"inLanguage":"en-US","potentialAction":[{"@type":"ReadAction","target":["https:\/\/accesolatino.org\/en\/apoyos-sociales\/somos-mexicanos-una-plataforma-que-te-ayuda-a-tu-regreso\/"]}]},{"@type":"ImageObject","inLanguage":"en-US","@id":"https:\/\/accesolatino.org\/en\/apoyos-sociales\/somos-mexicanos-una-plataforma-que-te-ayuda-a-tu-regreso\/#primaryimage","url":"https:\/\/accesolatino.org\/wp-content\/uploads\/2020\/08\/Somos-Mexicanos-una-plataforma-que-te-ayuda-a-tu-regreso.png","contentUrl":"https:\/\/accesolatino.org\/wp-content\/uploads\/2020\/08\/Somos-Mexicanos-una-plataforma-que-te-ayuda-a-tu-regreso.png","width":600,"height":338,"caption":"Somos Mexicanos"},{"@type":"BreadcrumbList","@id":"https:\/\/accesolatino.org\/en\/apoyos-sociales\/somos-mexicanos-una-plataforma-que-te-ayuda-a-tu-regreso\/#breadcrumb","itemListElement":[{"@type":"ListItem","position":1,"name":"Portada","item":"https:\/\/accesolatino.org\/"},{"@type":"ListItem","position":2,"name":"Apoyos Sociales","item":"https:\/\/accesolatino.org\/en\/apoyos-sociales\/"},{"@type":"ListItem","position":3,"name":"Somos Mexicanos, una plataforma que te ayuda a tu regreso"}]},{"@type":"WebSite","@id":"https:\/\/accesolatino.org\/#website","url":"https:\/\/accesolatino.org\/","name":"Acceso Latino | Fundaci\u00f3n Carlos Slim","description":"Fundaci\u00f3n Carlos Slim","publisher":{"@id":"https:\/\/accesolatino.org\/#organization"},"potentialAction":[{"@type":"SearchAction","target":{"@type":"EntryPoint","urlTemplate":"https:\/\/accesolatino.org\/?s={search_term_string}"},"query-input":{"@type":"PropertyValueSpecification","valueRequired":true,"valueName":"search_term_string"}}],"inLanguage":"en-US"},{"@type":"Organization","@id":"https:\/\/accesolatino.org\/#organization","name":"Acceso Latino | Fundaci\u00f3n Carlos Slim","url":"https:\/\/accesolatino.org\/","logo":{"@type":"ImageObject","inLanguage":"en-US","@id":"https:\/\/accesolatino.org\/#\/schema\/logo\/image\/","url":"https:\/\/accesolatino.org\/wp-content\/uploads\/2021\/02\/logo-footer-acceso-latino.png","contentUrl":"https:\/\/accesolatino.org\/wp-content\/uploads\/2021\/02\/logo-footer-acceso-latino.png","width":240,"height":40,"caption":"Acceso Latino | Fundaci\u00f3n Carlos Slim"},"image":{"@id":"https:\/\/accesolatino.org\/#\/schema\/logo\/image\/"},"sameAs":["https:\/\/www.facebook.com\/AccesoLatinoOrg","https:\/\/x.com\/FAccLatino"]}]}},"_links":{"self":[{"href":"https:\/\/accesolatino.org\/en\/wp-json\/wp\/v2\/pages\/22321","targetHints":{"allow":["GET"]}}],"collection":[{"href":"https:\/\/accesolatino.org\/en\/wp-json\/wp\/v2\/pages"}],"about":[{"href":"https:\/\/accesolatino.org\/en\/wp-json\/wp\/v2\/types\/page"}],"author":[{"embeddable":true,"href":"https:\/\/accesolatino.org\/en\/wp-json\/wp\/v2\/users\/6"}],"replies":[{"embeddable":true,"href":"https:\/\/accesolatino.org\/en\/wp-json\/wp\/v2\/comments?post=22321"}],"version-history":[{"count":1,"href":"https:\/\/accesolatino.org\/en\/wp-json\/wp\/v2\/pages\/22321\/revisions"}],"predecessor-version":[{"id":63935,"href":"https:\/\/accesolatino.org\/en\/wp-json\/wp\/v2\/pages\/22321\/revisions\/63935"}],"up":[{"embeddable":true,"href":"https:\/\/accesolatino.org\/en\/wp-json\/wp\/v2\/pages\/1435"}],"wp:featuredmedia":[{"embeddable":true,"href":"https:\/\/accesolatino.org\/en\/wp-json\/wp\/v2\/media\/22314"}],"wp:attachment":[{"href":"https:\/\/accesolatino.org\/en\/wp-json\/wp\/v2\/media?parent=22321"}],"curies":[{"name":"wp","href":"https:\/\/api.w.org\/{rel}","templated":true}]}}