{"id":22241,"date":"2020-07-28T12:34:28","date_gmt":"2020-07-28T17:34:28","guid":{"rendered":"https:\/\/accesolatino.org\/?page_id=22241"},"modified":"2025-10-15T13:58:51","modified_gmt":"2025-10-15T19:58:51","slug":"clikisalud-tu-portal-de-salud-de-cabecera","status":"publish","type":"page","link":"https:\/\/accesolatino.org\/en\/salud\/clikisalud-tu-portal-de-salud-de-cabecera\/","title":{"rendered":"Clikisalud, your health portal of choice"},"content":{"rendered":"<div data-elementor-type=\"wp-post\" data-elementor-id=\"22241\" class=\"elementor elementor-22241\">\n\t\t\t\t\t\t<section class=\"elementor-section elementor-top-section elementor-element elementor-element-bd21d1e elementor-section-full_width elementor-section-height-min-height elementor-section-items-stretch elementor-section-height-default wpr-particle-no wpr-jarallax-no wpr-parallax-no wpr-sticky-section-no wpr-equal-height-no\" data-id=\"bd21d1e\" data-element_type=\"section\" data-e-type=\"section\" data-settings=\"{&quot;background_background&quot;:&quot;classic&quot;}\">\n\t\t\t\t\t\t<div class=\"elementor-container elementor-column-gap-no\">\n\t\t\t\t\t<div class=\"elementor-column elementor-col-100 elementor-top-column elementor-element elementor-element-14e1b52\" data-id=\"14e1b52\" data-element_type=\"column\" data-e-type=\"column\">\n\t\t\t<div class=\"elementor-widget-wrap elementor-element-populated\">\n\t\t\t\t\t\t<div class=\"elementor-element elementor-element-0312f55 elementor--h-position-center elementor--v-position-middle elementor-widget elementor-widget-slides\" data-id=\"0312f55\" data-element_type=\"widget\" data-e-type=\"widget\" data-settings=\"{&quot;navigation&quot;:&quot;none&quot;,&quot;infinite&quot;:&quot;yes&quot;,&quot;transition&quot;:&quot;slide&quot;,&quot;transition_speed&quot;:500}\" data-widget_type=\"slides.default\">\n\t\t\t\t<div class=\"elementor-widget-container\">\n\t\t\t\t\t\t\t<div class=\"elementor-swiper\">\n\t\t\t<div class=\"elementor-slides-wrapper elementor-main-swiper swiper-container\" dir=\"ltr\" data-animation=\"\">\n\t\t\t\t<div class=\"swiper-wrapper elementor-slides\">\n\t\t\t\t\t\t\t\t\t\t<div class=\"elementor-repeater-item-d983a28 swiper-slide\"><div class=\"swiper-slide-bg\"><\/div><div class=\"swiper-slide-inner\" ><div class=\"swiper-slide-contents\"><div class=\"elementor-slide-heading\">Health<\/div><\/div><\/div><\/div>\t\t\t\t<\/div>\n\t\t\t\t\t\t\t<\/div>\n\t\t<\/div>\n\t\t\t\t\t\t<\/div>\n\t\t\t\t<\/div>\n\t\t\t\t\t<\/div>\n\t\t<\/div>\n\t\t\t\t\t<\/div>\n\t\t<\/section>\n\t\t\t\t<section class=\"elementor-section elementor-top-section elementor-element elementor-element-77ca042 elementor-section-stretched elementor-section-boxed elementor-section-height-default elementor-section-height-default wpr-particle-no wpr-jarallax-no wpr-parallax-no wpr-sticky-section-no wpr-equal-height-no\" data-id=\"77ca042\" data-element_type=\"section\" data-e-type=\"section\" data-settings=\"{&quot;stretch_section&quot;:&quot;section-stretched&quot;,&quot;background_background&quot;:&quot;classic&quot;}\">\n\t\t\t\t\t\t<div class=\"elementor-container elementor-column-gap-default\">\n\t\t\t\t\t<div class=\"elementor-column elementor-col-100 elementor-top-column elementor-element elementor-element-ee2b65b\" data-id=\"ee2b65b\" data-element_type=\"column\" data-e-type=\"column\">\n\t\t\t<div class=\"elementor-widget-wrap elementor-element-populated\">\n\t\t\t\t\t\t<div class=\"elementor-element elementor-element-a3a44a7 elementor-widget elementor-widget-heading\" data-id=\"a3a44a7\" data-element_type=\"widget\" data-e-type=\"widget\" data-widget_type=\"heading.default\">\n\t\t\t\t<div class=\"elementor-widget-container\">\n\t\t\t\t\t<h3 class=\"elementor-heading-title elementor-size-default\">Clikisalud, your health portal of choice<\/h3>\t\t\t\t<\/div>\n\t\t\t\t<\/div>\n\t\t\t\t<div class=\"elementor-element elementor-element-d58b933 elementor-widget elementor-widget-text-editor\" data-id=\"d58b933\" data-element_type=\"widget\" data-e-type=\"widget\" data-widget_type=\"text-editor.default\">\n\t\t\t\t<div class=\"elementor-widget-container\">\n\t\t\t\t\t\t\t\t\t<p><span style=\"font-weight: 400;\">Fundaci\u00f3n Carlos Slim cre\u00f3 la secci\u00f3n <\/span><a href=\"\/en\/salud\/\"><span style=\"font-weight: 400;\">Health<\/span><\/a><span style=\"font-weight: 400;\">, donde encontrar\u00e1s el portal <\/span><a href=\"https:\/\/www.clikisalud.net\/\"><span style=\"font-weight: 400;\">Clikisalud.net,<\/span><\/a><span style=\"font-weight: 400;\"> un sitio web que cuenta con informaci\u00f3n actual sobre la pandemia y otros temas.<\/span><\/p><p><span style=\"font-weight: 400;\">Mantenerse informado en temas de salud es importante, sobre todo en tiempos actuales donde la salud tom\u00f3 un peso vital.<\/span><\/p><p><span style=\"font-weight: 400;\">Toda la informaci\u00f3n que necesitas saber sobre el coronavirus la encontrar\u00e1s aqu\u00ed, desde consejos para disminuir el riesgo, as\u00ed como la opini\u00f3n de expertos en materia de salud mental y f\u00edsica.<\/span><\/p><p><span style=\"font-weight: 400;\">Asimismo, cuenta con contenido de nutrici\u00f3n, encontrar\u00e1s qu\u00e9 alimentos son buenos y cu\u00e1les son los que ponen en riesgo la salud. Igualmente, tiene muchos tips de c\u00f3mo hacer ejercicio y cu\u00e1les son las mejores condiciones para realizar alguna actividad f\u00edsica.<\/span><\/p><p><span style=\"font-weight: 400;\">Cuenta con temas de salud actuales y de tendencia para mantenerte informado.<\/span><\/p><p><a href=\"http:\/\/accesolatino.org\/en\/\"><b>Acceso Latino<\/b><\/a><span style=\"font-weight: 400;\">, your first immigration consultation window.<\/span><\/p>\t\t\t\t\t\t\t\t<\/div>\n\t\t\t\t<\/div>\n\t\t\t\t<div class=\"elementor-element elementor-element-2bb174b elementor-widget elementor-widget-spacer\" data-id=\"2bb174b\" data-element_type=\"widget\" data-e-type=\"widget\" data-widget_type=\"spacer.default\">\n\t\t\t\t<div class=\"elementor-widget-container\">\n\t\t\t\t\t\t\t<div class=\"elementor-spacer\">\n\t\t\t<div class=\"elementor-spacer-inner\"><\/div>\n\t\t<\/div>\n\t\t\t\t\t\t<\/div>\n\t\t\t\t<\/div>\n\t\t\t\t\t<\/div>\n\t\t<\/div>\n\t\t\t\t\t<\/div>\n\t\t<\/section>\n\t\t\t\t<\/div>","protected":false},"excerpt":{"rendered":"<p>Salud Clikisalud, tu portal de salud de cabecera Fundaci\u00f3n Carlos Slim cre\u00f3 la secci\u00f3n Salud, donde encontrar\u00e1s el portal Clikisalud.net, un sitio web que cuenta con informaci\u00f3n actual sobre la pandemia y otros temas. Mantenerse informado en temas de salud es importante, sobre todo en tiempos actuales donde la salud tom\u00f3 un peso vital. Toda la informaci\u00f3n que necesitas saber sobre el coronavirus la encontrar\u00e1s aqu\u00ed, desde consejos para disminuir el riesgo, as\u00ed como la opini\u00f3n de expertos en materia de salud mental y f\u00edsica. Asimismo, cuenta con contenido de nutrici\u00f3n, encontrar\u00e1s qu\u00e9 alimentos son buenos y cu\u00e1les son los que ponen en riesgo la salud. Igualmente, tiene muchos tips de c\u00f3mo hacer ejercicio y cu\u00e1les son las mejores condiciones para realizar alguna actividad f\u00edsica. Cuenta con temas de salud actuales y de tendencia para mantenerte informado. Acceso Latino, tu primera ventana de consulta migratoria.<\/p>","protected":false},"author":4,"featured_media":22223,"parent":4668,"menu_order":0,"comment_status":"closed","ping_status":"closed","template":"elementor_header_footer","meta":{"_uf_show_specific_survey":0,"_uf_disable_surveys":false,"footnotes":""},"class_list":["post-22241","page","type-page","status-publish","has-post-thumbnail"],"aioseo_notices":[],"yoast_head":"<!-- This site is optimized with the Yoast SEO plugin v27.4 - https:\/\/yoast.com\/product\/yoast-seo-wordpress\/ -->\n<title>Clikisalud, tu portal de salud de cabecera<\/title>\n<meta name=\"description\" content=\"Conoce tus derechos y lo que Estados Unidos tiene para ofrecer a los migrantes en materia de Salud - Acceso Latino\" \/>\n<meta name=\"robots\" content=\"index, follow, max-snippet:-1, max-image-preview:large, max-video-preview:-1\" \/>\n<link rel=\"canonical\" href=\"https:\/\/accesolatino.org\/en\/salud\/clikisalud-tu-portal-de-salud-de-cabecera\/\" \/>\n<meta property=\"og:locale\" content=\"en_US\" \/>\n<meta property=\"og:type\" content=\"article\" \/>\n<meta property=\"og:title\" content=\"Acceso Latino | Clikisalud, tu portal de salud de cabecera\" \/>\n<meta property=\"og:description\" content=\"Conoce todo lo que Estados Unidos tiene para ofrecer a los migrantes en materia de Salud\" \/>\n<meta property=\"og:url\" content=\"https:\/\/accesolatino.org\/en\/salud\/clikisalud-tu-portal-de-salud-de-cabecera\/\" \/>\n<meta property=\"og:site_name\" content=\"Acceso Latino\" \/>\n<meta property=\"article:publisher\" content=\"https:\/\/www.facebook.com\/AccesoLatinoOrg\" \/>\n<meta property=\"article:modified_time\" content=\"2025-10-15T19:58:51+00:00\" \/>\n<meta property=\"og:image\" content=\"https:\/\/accesolatino.org\/wp-content\/uploads\/2020\/07\/Clikisalud-tu-portal-de-salud-de-cabecera.jpg\" \/>\n\t<meta property=\"og:image:width\" content=\"600\" \/>\n\t<meta property=\"og:image:height\" content=\"338\" \/>\n\t<meta property=\"og:image:type\" content=\"image\/jpeg\" \/>\n<meta name=\"twitter:card\" content=\"summary_large_image\" \/>\n<meta name=\"twitter:title\" content=\"Acceso Latino | Clikisalud, tu portal de salud de cabecera\" \/>\n<meta name=\"twitter:description\" content=\"Conoce todo lo que Estados Unidos tiene para ofrecer a los migrantes en materia de Salud\" \/>\n<meta name=\"twitter:image\" content=\"https:\/\/accesolatino.org\/wp-content\/uploads\/2020\/07\/Clikisalud-tu-portal-de-salud-de-cabecera.jpg\" \/>\n<meta name=\"twitter:site\" content=\"@FAccLatino\" \/>\n<meta name=\"twitter:label1\" content=\"Est. reading time\" \/>\n\t<meta name=\"twitter:data1\" content=\"1 minute\" \/>\n<script type=\"application\/ld+json\" class=\"yoast-schema-graph\">{\"@context\":\"https:\\\/\\\/schema.org\",\"@graph\":[{\"@type\":\"WebPage\",\"@id\":\"https:\\\/\\\/accesolatino.org\\\/salud\\\/clikisalud-tu-portal-de-salud-de-cabecera\\\/\",\"url\":\"https:\\\/\\\/accesolatino.org\\\/salud\\\/clikisalud-tu-portal-de-salud-de-cabecera\\\/\",\"name\":\"Clikisalud, tu portal de salud de cabecera\",\"isPartOf\":{\"@id\":\"https:\\\/\\\/accesolatino.org\\\/#website\"},\"primaryImageOfPage\":{\"@id\":\"https:\\\/\\\/accesolatino.org\\\/salud\\\/clikisalud-tu-portal-de-salud-de-cabecera\\\/#primaryimage\"},\"image\":{\"@id\":\"https:\\\/\\\/accesolatino.org\\\/salud\\\/clikisalud-tu-portal-de-salud-de-cabecera\\\/#primaryimage\"},\"thumbnailUrl\":\"https:\\\/\\\/accesolatino.org\\\/wp-content\\\/uploads\\\/2020\\\/07\\\/Clikisalud-tu-portal-de-salud-de-cabecera.jpg\",\"datePublished\":\"2020-07-28T17:34:28+00:00\",\"dateModified\":\"2025-10-15T19:58:51+00:00\",\"description\":\"Conoce tus derechos y lo que Estados Unidos tiene para ofrecer a los migrantes en materia de Salud - Acceso Latino\",\"breadcrumb\":{\"@id\":\"https:\\\/\\\/accesolatino.org\\\/salud\\\/clikisalud-tu-portal-de-salud-de-cabecera\\\/#breadcrumb\"},\"inLanguage\":\"en-US\",\"potentialAction\":[{\"@type\":\"ReadAction\",\"target\":[\"https:\\\/\\\/accesolatino.org\\\/salud\\\/clikisalud-tu-portal-de-salud-de-cabecera\\\/\"]}]},{\"@type\":\"ImageObject\",\"inLanguage\":\"en-US\",\"@id\":\"https:\\\/\\\/accesolatino.org\\\/salud\\\/clikisalud-tu-portal-de-salud-de-cabecera\\\/#primaryimage\",\"url\":\"https:\\\/\\\/accesolatino.org\\\/wp-content\\\/uploads\\\/2020\\\/07\\\/Clikisalud-tu-portal-de-salud-de-cabecera.jpg\",\"contentUrl\":\"https:\\\/\\\/accesolatino.org\\\/wp-content\\\/uploads\\\/2020\\\/07\\\/Clikisalud-tu-portal-de-salud-de-cabecera.jpg\",\"width\":600,\"height\":338,\"caption\":\"clikisalud\"},{\"@type\":\"BreadcrumbList\",\"@id\":\"https:\\\/\\\/accesolatino.org\\\/salud\\\/clikisalud-tu-portal-de-salud-de-cabecera\\\/#breadcrumb\",\"itemListElement\":[{\"@type\":\"ListItem\",\"position\":1,\"name\":\"Portada\",\"item\":\"https:\\\/\\\/accesolatino.org\\\/\"},{\"@type\":\"ListItem\",\"position\":2,\"name\":\"Salud\",\"item\":\"https:\\\/\\\/accesolatino.org\\\/salud\\\/\"},{\"@type\":\"ListItem\",\"position\":3,\"name\":\"Clikisalud, tu portal de salud de cabecera\"}]},{\"@type\":\"WebSite\",\"@id\":\"https:\\\/\\\/accesolatino.org\\\/#website\",\"url\":\"https:\\\/\\\/accesolatino.org\\\/\",\"name\":\"Acceso Latino | Fundaci\u00f3n Carlos Slim\",\"description\":\"Fundaci\u00f3n Carlos Slim\",\"publisher\":{\"@id\":\"https:\\\/\\\/accesolatino.org\\\/#organization\"},\"potentialAction\":[{\"@type\":\"SearchAction\",\"target\":{\"@type\":\"EntryPoint\",\"urlTemplate\":\"https:\\\/\\\/accesolatino.org\\\/?s={search_term_string}\"},\"query-input\":{\"@type\":\"PropertyValueSpecification\",\"valueRequired\":true,\"valueName\":\"search_term_string\"}}],\"inLanguage\":\"en-US\"},{\"@type\":\"Organization\",\"@id\":\"https:\\\/\\\/accesolatino.org\\\/#organization\",\"name\":\"Acceso Latino | Fundaci\u00f3n Carlos Slim\",\"url\":\"https:\\\/\\\/accesolatino.org\\\/\",\"logo\":{\"@type\":\"ImageObject\",\"inLanguage\":\"en-US\",\"@id\":\"https:\\\/\\\/accesolatino.org\\\/#\\\/schema\\\/logo\\\/image\\\/\",\"url\":\"https:\\\/\\\/accesolatino.org\\\/wp-content\\\/uploads\\\/2021\\\/02\\\/logo-footer-acceso-latino.png\",\"contentUrl\":\"https:\\\/\\\/accesolatino.org\\\/wp-content\\\/uploads\\\/2021\\\/02\\\/logo-footer-acceso-latino.png\",\"width\":240,\"height\":40,\"caption\":\"Acceso Latino | Fundaci\u00f3n Carlos Slim\"},\"image\":{\"@id\":\"https:\\\/\\\/accesolatino.org\\\/#\\\/schema\\\/logo\\\/image\\\/\"},\"sameAs\":[\"https:\\\/\\\/www.facebook.com\\\/AccesoLatinoOrg\",\"https:\\\/\\\/x.com\\\/FAccLatino\"]}]}<\/script>\n<!-- \/ Yoast SEO plugin. -->","yoast_head_json":{"title":"Clikisalud, your health portal of choice","description":"Conoce tus derechos y lo que Estados Unidos tiene para ofrecer a los migrantes en materia de Salud - Acceso Latino","robots":{"index":"index","follow":"follow","max-snippet":"max-snippet:-1","max-image-preview":"max-image-preview:large","max-video-preview":"max-video-preview:-1"},"canonical":"https:\/\/accesolatino.org\/en\/salud\/clikisalud-tu-portal-de-salud-de-cabecera\/","og_locale":"en_US","og_type":"article","og_title":"Acceso Latino | Clikisalud, tu portal de salud de cabecera","og_description":"Conoce todo lo que Estados Unidos tiene para ofrecer a los migrantes en materia de Salud","og_url":"https:\/\/accesolatino.org\/en\/salud\/clikisalud-tu-portal-de-salud-de-cabecera\/","og_site_name":"Acceso Latino","article_publisher":"https:\/\/www.facebook.com\/AccesoLatinoOrg","article_modified_time":"2025-10-15T19:58:51+00:00","og_image":[{"width":600,"height":338,"url":"https:\/\/accesolatino.org\/wp-content\/uploads\/2020\/07\/Clikisalud-tu-portal-de-salud-de-cabecera.jpg","type":"image\/jpeg"}],"twitter_card":"summary_large_image","twitter_title":"Acceso Latino | Clikisalud, tu portal de salud de cabecera","twitter_description":"Conoce todo lo que Estados Unidos tiene para ofrecer a los migrantes en materia de Salud","twitter_image":"https:\/\/accesolatino.org\/wp-content\/uploads\/2020\/07\/Clikisalud-tu-portal-de-salud-de-cabecera.jpg","twitter_site":"@FAccLatino","twitter_misc":{"Est. reading time":"1 minute"},"schema":{"@context":"https:\/\/schema.org","@graph":[{"@type":"WebPage","@id":"https:\/\/accesolatino.org\/salud\/clikisalud-tu-portal-de-salud-de-cabecera\/","url":"https:\/\/accesolatino.org\/salud\/clikisalud-tu-portal-de-salud-de-cabecera\/","name":"Clikisalud, your health portal of choice","isPartOf":{"@id":"https:\/\/accesolatino.org\/#website"},"primaryImageOfPage":{"@id":"https:\/\/accesolatino.org\/salud\/clikisalud-tu-portal-de-salud-de-cabecera\/#primaryimage"},"image":{"@id":"https:\/\/accesolatino.org\/salud\/clikisalud-tu-portal-de-salud-de-cabecera\/#primaryimage"},"thumbnailUrl":"https:\/\/accesolatino.org\/wp-content\/uploads\/2020\/07\/Clikisalud-tu-portal-de-salud-de-cabecera.jpg","datePublished":"2020-07-28T17:34:28+00:00","dateModified":"2025-10-15T19:58:51+00:00","description":"Conoce tus derechos y lo que Estados Unidos tiene para ofrecer a los migrantes en materia de Salud - Acceso Latino","breadcrumb":{"@id":"https:\/\/accesolatino.org\/salud\/clikisalud-tu-portal-de-salud-de-cabecera\/#breadcrumb"},"inLanguage":"en-US","potentialAction":[{"@type":"ReadAction","target":["https:\/\/accesolatino.org\/salud\/clikisalud-tu-portal-de-salud-de-cabecera\/"]}]},{"@type":"ImageObject","inLanguage":"en-US","@id":"https:\/\/accesolatino.org\/salud\/clikisalud-tu-portal-de-salud-de-cabecera\/#primaryimage","url":"https:\/\/accesolatino.org\/wp-content\/uploads\/2020\/07\/Clikisalud-tu-portal-de-salud-de-cabecera.jpg","contentUrl":"https:\/\/accesolatino.org\/wp-content\/uploads\/2020\/07\/Clikisalud-tu-portal-de-salud-de-cabecera.jpg","width":600,"height":338,"caption":"clikisalud"},{"@type":"BreadcrumbList","@id":"https:\/\/accesolatino.org\/salud\/clikisalud-tu-portal-de-salud-de-cabecera\/#breadcrumb","itemListElement":[{"@type":"ListItem","position":1,"name":"Portada","item":"https:\/\/accesolatino.org\/"},{"@type":"ListItem","position":2,"name":"Salud","item":"https:\/\/accesolatino.org\/salud\/"},{"@type":"ListItem","position":3,"name":"Clikisalud, tu portal de salud de cabecera"}]},{"@type":"WebSite","@id":"https:\/\/accesolatino.org\/#website","url":"https:\/\/accesolatino.org\/","name":"Acceso Latino | Fundaci\u00f3n Carlos Slim","description":"Fundaci\u00f3n Carlos Slim","publisher":{"@id":"https:\/\/accesolatino.org\/#organization"},"potentialAction":[{"@type":"SearchAction","target":{"@type":"EntryPoint","urlTemplate":"https:\/\/accesolatino.org\/?s={search_term_string}"},"query-input":{"@type":"PropertyValueSpecification","valueRequired":true,"valueName":"search_term_string"}}],"inLanguage":"en-US"},{"@type":"Organization","@id":"https:\/\/accesolatino.org\/#organization","name":"Acceso Latino | Fundaci\u00f3n Carlos Slim","url":"https:\/\/accesolatino.org\/","logo":{"@type":"ImageObject","inLanguage":"en-US","@id":"https:\/\/accesolatino.org\/#\/schema\/logo\/image\/","url":"https:\/\/accesolatino.org\/wp-content\/uploads\/2021\/02\/logo-footer-acceso-latino.png","contentUrl":"https:\/\/accesolatino.org\/wp-content\/uploads\/2021\/02\/logo-footer-acceso-latino.png","width":240,"height":40,"caption":"Acceso Latino | Fundaci\u00f3n Carlos Slim"},"image":{"@id":"https:\/\/accesolatino.org\/#\/schema\/logo\/image\/"},"sameAs":["https:\/\/www.facebook.com\/AccesoLatinoOrg","https:\/\/x.com\/FAccLatino"]}]}},"_links":{"self":[{"href":"https:\/\/accesolatino.org\/en\/wp-json\/wp\/v2\/pages\/22241","targetHints":{"allow":["GET"]}}],"collection":[{"href":"https:\/\/accesolatino.org\/en\/wp-json\/wp\/v2\/pages"}],"about":[{"href":"https:\/\/accesolatino.org\/en\/wp-json\/wp\/v2\/types\/page"}],"author":[{"embeddable":true,"href":"https:\/\/accesolatino.org\/en\/wp-json\/wp\/v2\/users\/4"}],"replies":[{"embeddable":true,"href":"https:\/\/accesolatino.org\/en\/wp-json\/wp\/v2\/comments?post=22241"}],"version-history":[{"count":1,"href":"https:\/\/accesolatino.org\/en\/wp-json\/wp\/v2\/pages\/22241\/revisions"}],"predecessor-version":[{"id":64000,"href":"https:\/\/accesolatino.org\/en\/wp-json\/wp\/v2\/pages\/22241\/revisions\/64000"}],"up":[{"embeddable":true,"href":"https:\/\/accesolatino.org\/en\/wp-json\/wp\/v2\/pages\/4668"}],"wp:featuredmedia":[{"embeddable":true,"href":"https:\/\/accesolatino.org\/en\/wp-json\/wp\/v2\/media\/22223"}],"wp:attachment":[{"href":"https:\/\/accesolatino.org\/en\/wp-json\/wp\/v2\/media?parent=22241"}],"curies":[{"name":"wp","href":"https:\/\/api.w.org\/{rel}","templated":true}]}}