{"id":22074,"date":"2020-07-15T11:28:21","date_gmt":"2020-07-15T16:28:21","guid":{"rendered":"https:\/\/accesolatino.org\/?page_id=22074"},"modified":"2025-10-16T15:09:38","modified_gmt":"2025-10-16T21:09:38","slug":"el-nlpa-te-apoya-psicologicamente-durante-el-confinamiento","status":"publish","type":"page","link":"https:\/\/accesolatino.org\/en\/salud\/el-nlpa-te-apoya-psicologicamente-durante-el-confinamiento\/","title":{"rendered":"NLPA supports you psychologically during confinement."},"content":{"rendered":"<div data-elementor-type=\"wp-post\" data-elementor-id=\"22074\" class=\"elementor elementor-22074\">\n\t\t\t\t\t\t<section class=\"elementor-section elementor-top-section elementor-element elementor-element-d83d0c5 elementor-section-full_width elementor-section-height-min-height elementor-section-items-stretch elementor-section-height-default wpr-particle-no wpr-jarallax-no wpr-parallax-no wpr-sticky-section-no wpr-equal-height-no\" data-id=\"d83d0c5\" data-element_type=\"section\" data-e-type=\"section\" data-settings=\"{&quot;background_background&quot;:&quot;classic&quot;}\">\n\t\t\t\t\t\t<div class=\"elementor-container elementor-column-gap-no\">\n\t\t\t\t\t<div class=\"elementor-column elementor-col-100 elementor-top-column elementor-element elementor-element-4af73e4\" data-id=\"4af73e4\" data-element_type=\"column\" data-e-type=\"column\">\n\t\t\t<div class=\"elementor-widget-wrap elementor-element-populated\">\n\t\t\t\t\t\t<div class=\"elementor-element elementor-element-00a16f2 elementor--h-position-center elementor--v-position-middle elementor-widget elementor-widget-slides\" data-id=\"00a16f2\" data-element_type=\"widget\" data-e-type=\"widget\" data-settings=\"{&quot;navigation&quot;:&quot;none&quot;,&quot;infinite&quot;:&quot;yes&quot;,&quot;transition&quot;:&quot;slide&quot;,&quot;transition_speed&quot;:500}\" data-widget_type=\"slides.default\">\n\t\t\t\t<div class=\"elementor-widget-container\">\n\t\t\t\t\t\t\t<div class=\"elementor-swiper\">\n\t\t\t<div class=\"elementor-slides-wrapper elementor-main-swiper swiper-container\" dir=\"ltr\" data-animation=\"\">\n\t\t\t\t<div class=\"swiper-wrapper elementor-slides\">\n\t\t\t\t\t\t\t\t\t\t<div class=\"elementor-repeater-item-d983a28 swiper-slide\"><div class=\"swiper-slide-bg\"><\/div><div class=\"swiper-slide-inner\" ><div class=\"swiper-slide-contents\"><div class=\"elementor-slide-heading\">Health<\/div><\/div><\/div><\/div>\t\t\t\t<\/div>\n\t\t\t\t\t\t\t<\/div>\n\t\t<\/div>\n\t\t\t\t\t\t<\/div>\n\t\t\t\t<\/div>\n\t\t\t\t\t<\/div>\n\t\t<\/div>\n\t\t\t\t\t<\/div>\n\t\t<\/section>\n\t\t\t\t<section class=\"elementor-section elementor-top-section elementor-element elementor-element-656b88b elementor-section-stretched elementor-section-boxed elementor-section-height-default elementor-section-height-default wpr-particle-no wpr-jarallax-no wpr-parallax-no wpr-sticky-section-no wpr-equal-height-no\" data-id=\"656b88b\" data-element_type=\"section\" data-e-type=\"section\" data-settings=\"{&quot;stretch_section&quot;:&quot;section-stretched&quot;,&quot;background_background&quot;:&quot;classic&quot;}\">\n\t\t\t\t\t\t<div class=\"elementor-container elementor-column-gap-default\">\n\t\t\t\t\t<div class=\"elementor-column elementor-col-100 elementor-top-column elementor-element elementor-element-e827e22\" data-id=\"e827e22\" data-element_type=\"column\" data-e-type=\"column\">\n\t\t\t<div class=\"elementor-widget-wrap elementor-element-populated\">\n\t\t\t\t\t\t<div class=\"elementor-element elementor-element-91281e3 elementor-widget elementor-widget-heading\" data-id=\"91281e3\" data-element_type=\"widget\" data-e-type=\"widget\" data-widget_type=\"heading.default\">\n\t\t\t\t<div class=\"elementor-widget-container\">\n\t\t\t\t\t<h3 class=\"elementor-heading-title elementor-size-default\">NLPA supports you psychologically during confinement.<\/h3>\t\t\t\t<\/div>\n\t\t\t\t<\/div>\n\t\t\t\t<div class=\"elementor-element elementor-element-ddf0a34 elementor-widget elementor-widget-text-editor\" data-id=\"ddf0a34\" data-element_type=\"widget\" data-e-type=\"widget\" data-widget_type=\"text-editor.default\">\n\t\t\t\t<div class=\"elementor-widget-container\">\n\t\t\t\t\t\t\t\t\t<p><span style=\"background-color: transparent; letter-spacing: 0.2px; font-size: 14pt; font-family: Calibri, sans-serif; color: #222222; font-variant-numeric: normal; font-variant-east-asian: normal; vertical-align: baseline; white-space: pre-wrap;\">Debido al confinamiento, es probable que hayas experimentado estr\u00e9s, ansiedad o temores, en nuestra secci\u00f3n\u00a0<\/span><span style=\"letter-spacing: 0.2px; color: #000000;\"><a style=\"color: #000000;\" href=\"\/en\/salud\/\"><span style=\"font-size: 14pt; font-family: Calibri, sans-serif; background-color: transparent; font-variant-numeric: normal; font-variant-east-asian: normal; text-decoration-skip-ink: none; vertical-align: baseline; white-space: pre-wrap;\"><b>\u201cSalud\u201d<\/b><\/span><\/a><\/span><span style=\"background-color: transparent; letter-spacing: 0.2px; font-size: 14pt; font-family: Calibri, sans-serif; color: #222222; font-variant-numeric: normal; font-variant-east-asian: normal; vertical-align: baseline; white-space: pre-wrap;\"><b>\u00a0<\/b>se encuentra la tarjeta <a href=\"https:\/\/accesolatino.org\/wp-content\/uploads\/2020\/07\/F-NLPA-UWD-Mental-Health-Resources.pdf\" target=\"_blank\" rel=\"noopener\"><b>\u201cAsociaci\u00f3n Nacional de Psicolog\u00eda Latino (NLPA)&#8221;<\/b><\/a><b> <\/b><\/span><span style=\"background-color: transparent; letter-spacing: 0.2px; font-size: 14pt; font-family: Calibri, sans-serif; color: #222222; font-variant-numeric: normal; font-variant-east-asian: normal; vertical-align: baseline; white-space: pre-wrap;\">donde encontrar\u00e1s apoyo psicol\u00f3gico en estos momentos de tensi\u00f3n e incertidumbre por el encierro y la emergencia sanitaria.<\/span><\/p><p><span style=\"font-size: 14pt; font-family: Calibri, sans-serif; color: #222222; background-color: transparent; font-variant-numeric: normal; font-variant-east-asian: normal; vertical-align: baseline; white-space: pre-wrap;\">La NLPA es una organizaci\u00f3n latina de profesionales en psicolog\u00eda, acad\u00e9micos, investigadores y estudiantes, cuyo objetivo es mejorar y avanzar en el conocimiento de la mente, para poder brindar un servicio de excelencia a la comunidad hispana e inmigrante.<\/span><\/p><p><span style=\"font-size: 14pt; font-family: Calibri, sans-serif; color: #222222; background-color: transparent; font-variant-numeric: normal; font-variant-east-asian: normal; vertical-align: baseline; white-space: pre-wrap;\"><span style=\"font-size: 14pt; background-color: transparent; font-variant-numeric: normal; font-variant-east-asian: normal; vertical-align: baseline;\">La National Latinx Psychological Association apoya en las siguientes \u00e1reas:<\/span><br \/><\/span><\/p><ul><li><span style=\"font-size: 14pt; font-family: Calibri, sans-serif; color: #222222; background-color: transparent; font-variant-numeric: normal; font-variant-east-asian: normal; vertical-align: baseline; white-space: pre-wrap;\"><span style=\"font-size: 14pt; background-color: transparent; font-variant-numeric: normal; font-variant-east-asian: normal; vertical-align: baseline;\">Fortalecer la salud mental de los latinos que viven en Estados Unidos.<\/span><\/span><\/li><li><span style=\"font-size: 14pt; font-family: Calibri, sans-serif; color: #222222; background-color: transparent; font-variant-numeric: normal; font-variant-east-asian: normal; vertical-align: baseline; white-space: pre-wrap;\"><span style=\"font-size: 14pt; background-color: transparent; font-variant-numeric: normal; font-variant-east-asian: normal; vertical-align: baseline;\">Trabajo cl\u00ednico con personas con padecimientos psicol\u00f3gicos, investigaci\u00f3n de los diferentes tipos de enfermedades mentales, educaci\u00f3n psicol\u00f3gica, capacitaci\u00f3n y la elaboraci\u00f3n de pol\u00edticas para servir mejor a los latinos.<\/span><\/span><\/li><\/ul><div><span style=\"color: #222222; font-family: Calibri, sans-serif;\"><span style=\"font-size: 18.6667px; white-space: pre-wrap;\">No obstante, el objetivo de sus colaboradores es ver a las personas bien, f\u00edsica y mentalmente, para que pueden hacerle frente a cualquier situaci\u00f3n adversa que se les presente.<\/span><\/span><\/div><div><span style=\"color: #222222; font-family: Calibri, sans-serif;\"><span style=\"font-size: 18.6667px; white-space: pre-wrap;\">\u00a0<\/span><\/span><\/div><div><span style=\"color: #222222; font-family: Calibri, sans-serif;\"><span style=\"font-size: 18.6667px; white-space: pre-wrap;\">Asimismo, la NLPA busca crear un ambiente social \u00f3ptimo para los latinos en la Uni\u00f3n Americana, que refleje los ideales de respeto por la salud mental, la dignidad y los derechos humanos y civiles.<\/span><br \/><\/span><span style=\"color: #222222; font-family: Calibri, sans-serif;\"><span style=\"font-size: 18.6667px; white-space: pre-wrap;\"><br \/><\/span><\/span><\/div><div><span style=\"color: #222222; font-family: Calibri, sans-serif;\"><span style=\"font-size: 18.6667px; white-space: pre-wrap;\"><a href=\"http:\/\/accesolatino.org\/en\/\"><b>Acceso Latino<\/b><\/a>, tu portal de apoyo y consulta migratoria. No olvides que contamos con varias secciones, con informaci\u00f3n valiosa y herramientas gratuitas.<\/span><\/span><\/div>\t\t\t\t\t\t\t\t<\/div>\n\t\t\t\t<\/div>\n\t\t\t\t<div class=\"elementor-element elementor-element-4d32540 elementor-widget elementor-widget-spacer\" data-id=\"4d32540\" data-element_type=\"widget\" data-e-type=\"widget\" data-widget_type=\"spacer.default\">\n\t\t\t\t<div class=\"elementor-widget-container\">\n\t\t\t\t\t\t\t<div class=\"elementor-spacer\">\n\t\t\t<div class=\"elementor-spacer-inner\"><\/div>\n\t\t<\/div>\n\t\t\t\t\t\t<\/div>\n\t\t\t\t<\/div>\n\t\t\t\t\t<\/div>\n\t\t<\/div>\n\t\t\t\t\t<\/div>\n\t\t<\/section>\n\t\t\t\t<\/div>","protected":false},"excerpt":{"rendered":"<p>Salud El NLPA te apoya psicol\u00f3gicamente durante el confinamiento Debido al confinamiento, es probable que hayas experimentado estr\u00e9s, ansiedad o temores, en nuestra secci\u00f3n\u00a0\u201cSalud\u201d\u00a0se encuentra la tarjeta \u201cAsociaci\u00f3n Nacional de Psicolog\u00eda Latino (NLPA)&#8221; donde encontrar\u00e1s apoyo psicol\u00f3gico en estos momentos de tensi\u00f3n e incertidumbre por el encierro y la emergencia sanitaria. La NLPA es una organizaci\u00f3n latina de profesionales en psicolog\u00eda, acad\u00e9micos, investigadores y estudiantes, cuyo objetivo es mejorar y avanzar en el conocimiento de la mente, para poder brindar un servicio de excelencia a la comunidad hispana e inmigrante. La National Latinx Psychological Association apoya en las siguientes \u00e1reas: Fortalecer la salud mental de los latinos que viven en Estados Unidos. Trabajo cl\u00ednico con personas con padecimientos psicol\u00f3gicos, investigaci\u00f3n de los diferentes tipos de enfermedades mentales, educaci\u00f3n psicol\u00f3gica, capacitaci\u00f3n y la elaboraci\u00f3n de pol\u00edticas para servir mejor a los latinos. No obstante, el objetivo de sus colaboradores es ver a las personas bien, f\u00edsica y mentalmente, para que pueden hacerle frente a cualquier situaci\u00f3n adversa que se les presente.\u00a0Asimismo, la NLPA busca crear un ambiente social \u00f3ptimo para los latinos en la Uni\u00f3n Americana, que refleje los ideales de respeto por la salud mental, la dignidad y los derechos humanos y civiles. Acceso Latino, tu portal de apoyo y consulta migratoria. No olvides que contamos con varias secciones, con informaci\u00f3n valiosa y herramientas gratuitas.<\/p>","protected":false},"author":4,"featured_media":22064,"parent":4668,"menu_order":0,"comment_status":"closed","ping_status":"closed","template":"elementor_header_footer","meta":{"_uf_show_specific_survey":0,"_uf_disable_surveys":false,"footnotes":""},"class_list":["post-22074","page","type-page","status-publish","has-post-thumbnail"],"aioseo_notices":[],"yoast_head":"<!-- This site is optimized with the Yoast SEO plugin v27.4 - https:\/\/yoast.com\/product\/yoast-seo-wordpress\/ -->\n<title>El NLPA te apoya psicol\u00f3gicamente durante el confinamiento<\/title>\n<meta name=\"description\" content=\"Conoce tus derechos y lo que Estados Unidos tiene para ofrecer a los migrantes en materia de Salud - Acceso Latino\" \/>\n<meta name=\"robots\" content=\"index, follow, max-snippet:-1, max-image-preview:large, max-video-preview:-1\" \/>\n<link rel=\"canonical\" href=\"https:\/\/accesolatino.org\/en\/salud\/el-nlpa-te-apoya-psicologicamente-durante-el-confinamiento\/\" \/>\n<meta property=\"og:locale\" content=\"en_US\" \/>\n<meta property=\"og:type\" content=\"article\" \/>\n<meta property=\"og:title\" content=\"Acceso Latino | El NLPA te apoya psicol\u00f3gicamente durante el confinamiento\" \/>\n<meta property=\"og:description\" content=\"Conoce todo lo que Estados Unidos tiene para ofrecer a los migrantes en materia de Salud\" \/>\n<meta property=\"og:url\" content=\"https:\/\/accesolatino.org\/en\/salud\/el-nlpa-te-apoya-psicologicamente-durante-el-confinamiento\/\" \/>\n<meta property=\"og:site_name\" content=\"Acceso Latino\" \/>\n<meta property=\"article:publisher\" content=\"https:\/\/www.facebook.com\/AccesoLatinoOrg\" \/>\n<meta property=\"article:modified_time\" content=\"2025-10-16T21:09:38+00:00\" \/>\n<meta property=\"og:image\" content=\"https:\/\/accesolatino.org\/wp-content\/uploads\/2020\/07\/El-NLPA-te-apoya-psicologicamente-durante-el-confinamiento.jpg\" \/>\n\t<meta property=\"og:image:width\" content=\"600\" \/>\n\t<meta property=\"og:image:height\" content=\"338\" \/>\n\t<meta property=\"og:image:type\" content=\"image\/jpeg\" \/>\n<meta name=\"twitter:card\" content=\"summary_large_image\" \/>\n<meta name=\"twitter:title\" content=\"Acceso Latino | El NLPA te apoya psicol\u00f3gicamente durante el confinamiento\" \/>\n<meta name=\"twitter:description\" content=\"Conoce todo lo que Estados Unidos tiene para ofrecer a los migrantes en materia de Salud\" \/>\n<meta name=\"twitter:image\" content=\"https:\/\/accesolatino.org\/wp-content\/uploads\/2020\/07\/El-NLPA-te-apoya-psicologicamente-durante-el-confinamiento.jpg\" \/>\n<meta name=\"twitter:site\" content=\"@FAccLatino\" \/>\n<meta name=\"twitter:label1\" content=\"Est. reading time\" \/>\n\t<meta name=\"twitter:data1\" content=\"2 minutes\" \/>\n<script type=\"application\/ld+json\" class=\"yoast-schema-graph\">{\"@context\":\"https:\\\/\\\/schema.org\",\"@graph\":[{\"@type\":\"WebPage\",\"@id\":\"https:\\\/\\\/accesolatino.org\\\/en\\\/salud\\\/el-nlpa-te-apoya-psicologicamente-durante-el-confinamiento\\\/\",\"url\":\"https:\\\/\\\/accesolatino.org\\\/en\\\/salud\\\/el-nlpa-te-apoya-psicologicamente-durante-el-confinamiento\\\/\",\"name\":\"El NLPA te apoya psicol\u00f3gicamente durante el confinamiento\",\"isPartOf\":{\"@id\":\"https:\\\/\\\/accesolatino.org\\\/#website\"},\"primaryImageOfPage\":{\"@id\":\"https:\\\/\\\/accesolatino.org\\\/en\\\/salud\\\/el-nlpa-te-apoya-psicologicamente-durante-el-confinamiento\\\/#primaryimage\"},\"image\":{\"@id\":\"https:\\\/\\\/accesolatino.org\\\/en\\\/salud\\\/el-nlpa-te-apoya-psicologicamente-durante-el-confinamiento\\\/#primaryimage\"},\"thumbnailUrl\":\"https:\\\/\\\/accesolatino.org\\\/wp-content\\\/uploads\\\/2020\\\/07\\\/El-NLPA-te-apoya-psicologicamente-durante-el-confinamiento.jpg\",\"datePublished\":\"2020-07-15T16:28:21+00:00\",\"dateModified\":\"2025-10-16T21:09:38+00:00\",\"description\":\"Conoce tus derechos y lo que Estados Unidos tiene para ofrecer a los migrantes en materia de Salud - Acceso Latino\",\"breadcrumb\":{\"@id\":\"https:\\\/\\\/accesolatino.org\\\/en\\\/salud\\\/el-nlpa-te-apoya-psicologicamente-durante-el-confinamiento\\\/#breadcrumb\"},\"inLanguage\":\"en-US\",\"potentialAction\":[{\"@type\":\"ReadAction\",\"target\":[\"https:\\\/\\\/accesolatino.org\\\/en\\\/salud\\\/el-nlpa-te-apoya-psicologicamente-durante-el-confinamiento\\\/\"]}]},{\"@type\":\"ImageObject\",\"inLanguage\":\"en-US\",\"@id\":\"https:\\\/\\\/accesolatino.org\\\/en\\\/salud\\\/el-nlpa-te-apoya-psicologicamente-durante-el-confinamiento\\\/#primaryimage\",\"url\":\"https:\\\/\\\/accesolatino.org\\\/wp-content\\\/uploads\\\/2020\\\/07\\\/El-NLPA-te-apoya-psicologicamente-durante-el-confinamiento.jpg\",\"contentUrl\":\"https:\\\/\\\/accesolatino.org\\\/wp-content\\\/uploads\\\/2020\\\/07\\\/El-NLPA-te-apoya-psicologicamente-durante-el-confinamiento.jpg\",\"width\":600,\"height\":338,\"caption\":\"apoyo psicol\u00f3gico\"},{\"@type\":\"BreadcrumbList\",\"@id\":\"https:\\\/\\\/accesolatino.org\\\/en\\\/salud\\\/el-nlpa-te-apoya-psicologicamente-durante-el-confinamiento\\\/#breadcrumb\",\"itemListElement\":[{\"@type\":\"ListItem\",\"position\":1,\"name\":\"Portada\",\"item\":\"https:\\\/\\\/accesolatino.org\\\/\"},{\"@type\":\"ListItem\",\"position\":2,\"name\":\"Salud\",\"item\":\"https:\\\/\\\/accesolatino.org\\\/salud\\\/\"},{\"@type\":\"ListItem\",\"position\":3,\"name\":\"El NLPA te apoya psicol\u00f3gicamente durante el confinamiento\"}]},{\"@type\":\"WebSite\",\"@id\":\"https:\\\/\\\/accesolatino.org\\\/#website\",\"url\":\"https:\\\/\\\/accesolatino.org\\\/\",\"name\":\"Acceso Latino | Fundaci\u00f3n Carlos Slim\",\"description\":\"Fundaci\u00f3n Carlos Slim\",\"publisher\":{\"@id\":\"https:\\\/\\\/accesolatino.org\\\/#organization\"},\"potentialAction\":[{\"@type\":\"SearchAction\",\"target\":{\"@type\":\"EntryPoint\",\"urlTemplate\":\"https:\\\/\\\/accesolatino.org\\\/?s={search_term_string}\"},\"query-input\":{\"@type\":\"PropertyValueSpecification\",\"valueRequired\":true,\"valueName\":\"search_term_string\"}}],\"inLanguage\":\"en-US\"},{\"@type\":\"Organization\",\"@id\":\"https:\\\/\\\/accesolatino.org\\\/#organization\",\"name\":\"Acceso Latino | Fundaci\u00f3n Carlos Slim\",\"url\":\"https:\\\/\\\/accesolatino.org\\\/\",\"logo\":{\"@type\":\"ImageObject\",\"inLanguage\":\"en-US\",\"@id\":\"https:\\\/\\\/accesolatino.org\\\/#\\\/schema\\\/logo\\\/image\\\/\",\"url\":\"https:\\\/\\\/accesolatino.org\\\/wp-content\\\/uploads\\\/2021\\\/02\\\/logo-footer-acceso-latino.png\",\"contentUrl\":\"https:\\\/\\\/accesolatino.org\\\/wp-content\\\/uploads\\\/2021\\\/02\\\/logo-footer-acceso-latino.png\",\"width\":240,\"height\":40,\"caption\":\"Acceso Latino | Fundaci\u00f3n Carlos Slim\"},\"image\":{\"@id\":\"https:\\\/\\\/accesolatino.org\\\/#\\\/schema\\\/logo\\\/image\\\/\"},\"sameAs\":[\"https:\\\/\\\/www.facebook.com\\\/AccesoLatinoOrg\",\"https:\\\/\\\/x.com\\\/FAccLatino\"]}]}<\/script>\n<!-- \/ Yoast SEO plugin. -->","yoast_head_json":{"title":"NLPA supports you psychologically during confinement.","description":"Conoce tus derechos y lo que Estados Unidos tiene para ofrecer a los migrantes en materia de Salud - Acceso Latino","robots":{"index":"index","follow":"follow","max-snippet":"max-snippet:-1","max-image-preview":"max-image-preview:large","max-video-preview":"max-video-preview:-1"},"canonical":"https:\/\/accesolatino.org\/en\/salud\/el-nlpa-te-apoya-psicologicamente-durante-el-confinamiento\/","og_locale":"en_US","og_type":"article","og_title":"Acceso Latino | El NLPA te apoya psicol\u00f3gicamente durante el confinamiento","og_description":"Conoce todo lo que Estados Unidos tiene para ofrecer a los migrantes en materia de Salud","og_url":"https:\/\/accesolatino.org\/en\/salud\/el-nlpa-te-apoya-psicologicamente-durante-el-confinamiento\/","og_site_name":"Acceso Latino","article_publisher":"https:\/\/www.facebook.com\/AccesoLatinoOrg","article_modified_time":"2025-10-16T21:09:38+00:00","og_image":[{"width":600,"height":338,"url":"https:\/\/accesolatino.org\/wp-content\/uploads\/2020\/07\/El-NLPA-te-apoya-psicologicamente-durante-el-confinamiento.jpg","type":"image\/jpeg"}],"twitter_card":"summary_large_image","twitter_title":"Acceso Latino | El NLPA te apoya psicol\u00f3gicamente durante el confinamiento","twitter_description":"Conoce todo lo que Estados Unidos tiene para ofrecer a los migrantes en materia de Salud","twitter_image":"https:\/\/accesolatino.org\/wp-content\/uploads\/2020\/07\/El-NLPA-te-apoya-psicologicamente-durante-el-confinamiento.jpg","twitter_site":"@FAccLatino","twitter_misc":{"Est. reading time":"2 minutes"},"schema":{"@context":"https:\/\/schema.org","@graph":[{"@type":"WebPage","@id":"https:\/\/accesolatino.org\/en\/salud\/el-nlpa-te-apoya-psicologicamente-durante-el-confinamiento\/","url":"https:\/\/accesolatino.org\/en\/salud\/el-nlpa-te-apoya-psicologicamente-durante-el-confinamiento\/","name":"NLPA supports you psychologically during confinement.","isPartOf":{"@id":"https:\/\/accesolatino.org\/#website"},"primaryImageOfPage":{"@id":"https:\/\/accesolatino.org\/en\/salud\/el-nlpa-te-apoya-psicologicamente-durante-el-confinamiento\/#primaryimage"},"image":{"@id":"https:\/\/accesolatino.org\/en\/salud\/el-nlpa-te-apoya-psicologicamente-durante-el-confinamiento\/#primaryimage"},"thumbnailUrl":"https:\/\/accesolatino.org\/wp-content\/uploads\/2020\/07\/El-NLPA-te-apoya-psicologicamente-durante-el-confinamiento.jpg","datePublished":"2020-07-15T16:28:21+00:00","dateModified":"2025-10-16T21:09:38+00:00","description":"Conoce tus derechos y lo que Estados Unidos tiene para ofrecer a los migrantes en materia de Salud - Acceso Latino","breadcrumb":{"@id":"https:\/\/accesolatino.org\/en\/salud\/el-nlpa-te-apoya-psicologicamente-durante-el-confinamiento\/#breadcrumb"},"inLanguage":"en-US","potentialAction":[{"@type":"ReadAction","target":["https:\/\/accesolatino.org\/en\/salud\/el-nlpa-te-apoya-psicologicamente-durante-el-confinamiento\/"]}]},{"@type":"ImageObject","inLanguage":"en-US","@id":"https:\/\/accesolatino.org\/en\/salud\/el-nlpa-te-apoya-psicologicamente-durante-el-confinamiento\/#primaryimage","url":"https:\/\/accesolatino.org\/wp-content\/uploads\/2020\/07\/El-NLPA-te-apoya-psicologicamente-durante-el-confinamiento.jpg","contentUrl":"https:\/\/accesolatino.org\/wp-content\/uploads\/2020\/07\/El-NLPA-te-apoya-psicologicamente-durante-el-confinamiento.jpg","width":600,"height":338,"caption":"apoyo psicol\u00f3gico"},{"@type":"BreadcrumbList","@id":"https:\/\/accesolatino.org\/en\/salud\/el-nlpa-te-apoya-psicologicamente-durante-el-confinamiento\/#breadcrumb","itemListElement":[{"@type":"ListItem","position":1,"name":"Portada","item":"https:\/\/accesolatino.org\/"},{"@type":"ListItem","position":2,"name":"Salud","item":"https:\/\/accesolatino.org\/salud\/"},{"@type":"ListItem","position":3,"name":"El NLPA te apoya psicol\u00f3gicamente durante el confinamiento"}]},{"@type":"WebSite","@id":"https:\/\/accesolatino.org\/#website","url":"https:\/\/accesolatino.org\/","name":"Acceso Latino | Fundaci\u00f3n Carlos Slim","description":"Fundaci\u00f3n Carlos Slim","publisher":{"@id":"https:\/\/accesolatino.org\/#organization"},"potentialAction":[{"@type":"SearchAction","target":{"@type":"EntryPoint","urlTemplate":"https:\/\/accesolatino.org\/?s={search_term_string}"},"query-input":{"@type":"PropertyValueSpecification","valueRequired":true,"valueName":"search_term_string"}}],"inLanguage":"en-US"},{"@type":"Organization","@id":"https:\/\/accesolatino.org\/#organization","name":"Acceso Latino | Fundaci\u00f3n Carlos Slim","url":"https:\/\/accesolatino.org\/","logo":{"@type":"ImageObject","inLanguage":"en-US","@id":"https:\/\/accesolatino.org\/#\/schema\/logo\/image\/","url":"https:\/\/accesolatino.org\/wp-content\/uploads\/2021\/02\/logo-footer-acceso-latino.png","contentUrl":"https:\/\/accesolatino.org\/wp-content\/uploads\/2021\/02\/logo-footer-acceso-latino.png","width":240,"height":40,"caption":"Acceso Latino | Fundaci\u00f3n Carlos Slim"},"image":{"@id":"https:\/\/accesolatino.org\/#\/schema\/logo\/image\/"},"sameAs":["https:\/\/www.facebook.com\/AccesoLatinoOrg","https:\/\/x.com\/FAccLatino"]}]}},"_links":{"self":[{"href":"https:\/\/accesolatino.org\/en\/wp-json\/wp\/v2\/pages\/22074","targetHints":{"allow":["GET"]}}],"collection":[{"href":"https:\/\/accesolatino.org\/en\/wp-json\/wp\/v2\/pages"}],"about":[{"href":"https:\/\/accesolatino.org\/en\/wp-json\/wp\/v2\/types\/page"}],"author":[{"embeddable":true,"href":"https:\/\/accesolatino.org\/en\/wp-json\/wp\/v2\/users\/4"}],"replies":[{"embeddable":true,"href":"https:\/\/accesolatino.org\/en\/wp-json\/wp\/v2\/comments?post=22074"}],"version-history":[{"count":1,"href":"https:\/\/accesolatino.org\/en\/wp-json\/wp\/v2\/pages\/22074\/revisions"}],"predecessor-version":[{"id":64037,"href":"https:\/\/accesolatino.org\/en\/wp-json\/wp\/v2\/pages\/22074\/revisions\/64037"}],"up":[{"embeddable":true,"href":"https:\/\/accesolatino.org\/en\/wp-json\/wp\/v2\/pages\/4668"}],"wp:featuredmedia":[{"embeddable":true,"href":"https:\/\/accesolatino.org\/en\/wp-json\/wp\/v2\/media\/22064"}],"wp:attachment":[{"href":"https:\/\/accesolatino.org\/en\/wp-json\/wp\/v2\/media?parent=22074"}],"curies":[{"name":"wp","href":"https:\/\/api.w.org\/{rel}","templated":true}]}}