{"id":21864,"date":"2020-06-30T09:40:06","date_gmt":"2020-06-30T14:40:06","guid":{"rendered":"https:\/\/accesolatino.org\/?page_id=21864"},"modified":"2025-11-10T15:04:13","modified_gmt":"2025-11-10T21:04:13","slug":"no-dejes-de-estudiar","status":"publish","type":"page","link":"https:\/\/accesolatino.org\/en\/no-dejes-de-estudiar\/","title":{"rendered":"Don't stop studying"},"content":{"rendered":"<div data-elementor-type=\"wp-post\" data-elementor-id=\"21864\" class=\"elementor elementor-21864\">\n\t\t\t\t\t\t<section class=\"elementor-section elementor-top-section elementor-element elementor-element-f242b24 elementor-section-full_width elementor-section-height-min-height elementor-section-items-stretch elementor-section-height-default wpr-particle-no wpr-jarallax-no wpr-parallax-no wpr-sticky-section-no wpr-equal-height-no\" data-id=\"f242b24\" data-element_type=\"section\" data-e-type=\"section\" data-settings=\"{&quot;background_background&quot;:&quot;classic&quot;}\">\n\t\t\t\t\t\t<div class=\"elementor-container elementor-column-gap-no\">\n\t\t\t\t\t<div class=\"elementor-column elementor-col-100 elementor-top-column elementor-element elementor-element-856a111\" data-id=\"856a111\" data-element_type=\"column\" data-e-type=\"column\">\n\t\t\t<div class=\"elementor-widget-wrap elementor-element-populated\">\n\t\t\t\t\t\t<div class=\"elementor-element elementor-element-2cd11cb elementor--h-position-center elementor--v-position-middle elementor-widget elementor-widget-slides\" data-id=\"2cd11cb\" data-element_type=\"widget\" data-e-type=\"widget\" data-settings=\"{&quot;navigation&quot;:&quot;none&quot;,&quot;infinite&quot;:&quot;yes&quot;,&quot;transition&quot;:&quot;slide&quot;,&quot;transition_speed&quot;:500}\" data-widget_type=\"slides.default\">\n\t\t\t\t<div class=\"elementor-widget-container\">\n\t\t\t\t\t\t\t<div class=\"elementor-swiper\">\n\t\t\t<div class=\"elementor-slides-wrapper elementor-main-swiper swiper-container\" dir=\"ltr\" data-animation=\"\">\n\t\t\t\t<div class=\"swiper-wrapper elementor-slides\">\n\t\t\t\t\t\t\t\t\t\t<div class=\"elementor-repeater-item-d983a28 swiper-slide\"><div class=\"swiper-slide-bg\"><\/div><div class=\"swiper-slide-inner\" ><div class=\"swiper-slide-contents\"><div class=\"elementor-slide-heading\">Education<\/div><\/div><\/div><\/div>\t\t\t\t<\/div>\n\t\t\t\t\t\t\t<\/div>\n\t\t<\/div>\n\t\t\t\t\t\t<\/div>\n\t\t\t\t<\/div>\n\t\t\t\t\t<\/div>\n\t\t<\/div>\n\t\t\t\t\t<\/div>\n\t\t<\/section>\n\t\t\t\t<section class=\"elementor-section elementor-top-section elementor-element elementor-element-cd85912 elementor-section-stretched elementor-section-boxed elementor-section-height-default elementor-section-height-default wpr-particle-no wpr-jarallax-no wpr-parallax-no wpr-sticky-section-no wpr-equal-height-no\" data-id=\"cd85912\" data-element_type=\"section\" data-e-type=\"section\" data-settings=\"{&quot;stretch_section&quot;:&quot;section-stretched&quot;,&quot;background_background&quot;:&quot;classic&quot;}\">\n\t\t\t\t\t\t<div class=\"elementor-container elementor-column-gap-default\">\n\t\t\t\t\t<div class=\"elementor-column elementor-col-100 elementor-top-column elementor-element elementor-element-9b55de4\" data-id=\"9b55de4\" data-element_type=\"column\" data-e-type=\"column\">\n\t\t\t<div class=\"elementor-widget-wrap elementor-element-populated\">\n\t\t\t\t\t\t<div class=\"elementor-element elementor-element-a54673e elementor-widget elementor-widget-heading\" data-id=\"a54673e\" data-element_type=\"widget\" data-e-type=\"widget\" data-widget_type=\"heading.default\">\n\t\t\t\t<div class=\"elementor-widget-container\">\n\t\t\t\t\t<h3 class=\"elementor-heading-title elementor-size-default\">Don't stop studying<\/h3>\t\t\t\t<\/div>\n\t\t\t\t<\/div>\n\t\t\t\t<div class=\"elementor-element elementor-element-b3233b1 elementor-widget elementor-widget-text-editor\" data-id=\"b3233b1\" data-element_type=\"widget\" data-e-type=\"widget\" data-widget_type=\"text-editor.default\">\n\t\t\t\t<div class=\"elementor-widget-container\">\n\t\t\t\t\t\t\t\t\t<p><span style=\"font-weight: 400;\">En nuestro portal se encuentran varias opciones para comenzar o seguir con tus estudios, ingresa a la secci\u00f3n <\/span><a href=\"https:\/\/accesolatino.org\/en\/educacion\/cursos-en-linea\/\"><b>\u201cEducaci\u00f3n\u201d<\/b><\/a><span style=\"font-weight: 400;\"> y busca aumentar tus competencias estudiando una carrera, ya sea en territorio estadounidense o mexicano.<\/span><\/p><p><span style=\"font-weight: 400;\">En la tarjeta <\/span><a href=\"https:\/\/www.march2success.com\/main\/index\"><b>Informaci\u00f3n para el examen de equivalencia de estudios,<\/b><\/a> <span style=\"font-weight: 400;\">encontrar\u00e1s informaci\u00f3n para completar tus estudios.\u00a0<\/span><\/p><p><span style=\"font-weight: 400;\">La tarjeta cuenta con los siguientes apartados:<\/span><span style=\"letter-spacing: 0.2px;\">\u00a0<\/span><\/p><ul><li style=\"font-weight: 400;\"><i><a href=\"https:\/\/accesolatino.org\/en\/educacion\/ged-tasc-y-hi-set\/#GED1\"><span style=\"font-weight: 400;\">General Educational Develpment <\/span><span style=\"font-weight: 400;\">(GED),<\/span><\/a><span style=\"font-weight: 400;\"> es un examen que se les aplica por computadora a aquellos que no han podido obtener su diploma del High <\/span><span style=\"font-weight: 400;\">School.<\/span><\/i><\/li><li style=\"font-weight: 400;\"><a href=\"https:\/\/accesolatino.org\/en\/educacion\/ged-tasc-y-hi-set\/#TASC\"><i><span style=\"font-weight: 400;\">Test Assessing Secondary Completion<\/span><\/i><span style=\"font-weight: 400;\"> (TASC)<\/span><\/a><i><span style=\"font-weight: 400;\">,<\/span><\/i><span style=\"font-weight: 400;\"> prueba creada para que los estudiantes que no lograron obtener su diploma de preparatoria, lo puedan conseguir por medio de esta evaluaci\u00f3n de conocimientos acad\u00e9micos.<\/span><\/li><li style=\"font-weight: 400;\"><a href=\"https:\/\/accesolatino.org\/en\/educacion\/ged-tasc-y-hi-set\/#HI-SET3\"><span style=\"font-weight: 400;\">Examen HI-SET<\/span><\/a><span style=\"font-weight: 400;\">, es una de las tres pruebas que se utilizan en los estados de la Uni\u00f3n Americana para evaluar los conocimientos adquiridos de los aplicantes y, dependiendo del resultado, se pueda proceder con la equivalencia de la escuela secundaria.<\/span><\/li><\/ul><p><span style=\"font-weight: 400;\">Contar con una educaci\u00f3n acad\u00e9mica siempre presentar\u00e1 mejores oportunidades.<\/span><\/p><p><b>Acceso Latino, <\/b><span style=\"font-weight: 400;\">tu primera ventana de consulta migratoria donde encontrar\u00e1s herramientas gratuitas que te ayudan e informan.<\/span><\/p>\t\t\t\t\t\t\t\t<\/div>\n\t\t\t\t<\/div>\n\t\t\t\t<div class=\"elementor-element elementor-element-19b5821 elementor-widget elementor-widget-spacer\" data-id=\"19b5821\" data-element_type=\"widget\" data-e-type=\"widget\" data-widget_type=\"spacer.default\">\n\t\t\t\t<div class=\"elementor-widget-container\">\n\t\t\t\t\t\t\t<div class=\"elementor-spacer\">\n\t\t\t<div class=\"elementor-spacer-inner\"><\/div>\n\t\t<\/div>\n\t\t\t\t\t\t<\/div>\n\t\t\t\t<\/div>\n\t\t\t\t\t<\/div>\n\t\t<\/div>\n\t\t\t\t\t<\/div>\n\t\t<\/section>\n\t\t\t\t<\/div>","protected":false},"excerpt":{"rendered":"<p>Educaci\u00f3n No dejes de estudiar En nuestro portal se encuentran varias opciones para comenzar o seguir con tus estudios, ingresa a la secci\u00f3n \u201cEducaci\u00f3n\u201d y busca aumentar tus competencias estudiando una carrera, ya sea en territorio estadounidense o mexicano. En la tarjeta Informaci\u00f3n para el examen de equivalencia de estudios, encontrar\u00e1s informaci\u00f3n para completar tus estudios.\u00a0 La tarjeta cuenta con los siguientes apartados:\u00a0 General Educational Develpment (GED), es un examen que se les aplica por computadora a aquellos que no han podido obtener su diploma del High School. Test Assessing Secondary Completion (TASC), prueba creada para que los estudiantes que no lograron obtener su diploma de preparatoria, lo puedan conseguir por medio de esta evaluaci\u00f3n de conocimientos acad\u00e9micos. Examen HI-SET, es una de las tres pruebas que se utilizan en los estados de la Uni\u00f3n Americana para evaluar los conocimientos adquiridos de los aplicantes y, dependiendo del resultado, se pueda proceder con la equivalencia de la escuela secundaria. Contar con una educaci\u00f3n acad\u00e9mica siempre presentar\u00e1 mejores oportunidades. Acceso Latino, tu primera ventana de consulta migratoria donde encontrar\u00e1s herramientas gratuitas que te ayudan e informan.<\/p>","protected":false},"author":7,"featured_media":21865,"parent":0,"menu_order":0,"comment_status":"closed","ping_status":"closed","template":"elementor_header_footer","meta":{"_uf_show_specific_survey":0,"_uf_disable_surveys":false,"footnotes":""},"class_list":["post-21864","page","type-page","status-publish","has-post-thumbnail"],"aioseo_notices":[],"yoast_head":"<!-- This site is optimized with the Yoast SEO plugin v27.4 - https:\/\/yoast.com\/product\/yoast-seo-wordpress\/ -->\n<title>No dejes de estudiar<\/title>\n<meta name=\"description\" content=\"No dejes de\u00a0estudiar\u00a0En nuestro portal se encuentran varias opciones para comenzar o seguir con tus estudios, ingresa a la secci\u00f3n &quot;Educaci\u00f3n&quot;\" \/>\n<meta name=\"robots\" content=\"index, follow, max-snippet:-1, max-image-preview:large, max-video-preview:-1\" \/>\n<link rel=\"canonical\" href=\"https:\/\/accesolatino.org\/en\/no-dejes-de-estudiar\/\" \/>\n<meta property=\"og:locale\" content=\"en_US\" \/>\n<meta property=\"og:type\" content=\"article\" \/>\n<meta property=\"og:title\" content=\"Acceso Latino | No dejes de estudiar\" \/>\n<meta property=\"og:description\" content=\"No dejes de estudiar\" \/>\n<meta property=\"og:url\" content=\"https:\/\/accesolatino.org\/en\/no-dejes-de-estudiar\/\" \/>\n<meta property=\"og:site_name\" content=\"Acceso Latino\" \/>\n<meta property=\"article:publisher\" content=\"https:\/\/www.facebook.com\/AccesoLatinoOrg\" \/>\n<meta property=\"article:modified_time\" content=\"2025-11-10T21:04:13+00:00\" \/>\n<meta property=\"og:image\" content=\"https:\/\/accesolatino.org\/wp-content\/uploads\/2020\/06\/No-dejes-de-estudiar.jpg\" \/>\n\t<meta property=\"og:image:width\" content=\"600\" \/>\n\t<meta property=\"og:image:height\" content=\"338\" \/>\n\t<meta property=\"og:image:type\" content=\"image\/jpeg\" \/>\n<meta name=\"twitter:card\" content=\"summary_large_image\" \/>\n<meta name=\"twitter:title\" content=\"Acceso Latino | No dejes de estudiar\" \/>\n<meta name=\"twitter:description\" content=\"No dejes de estudiar\" \/>\n<meta name=\"twitter:image\" content=\"https:\/\/accesolatino.org\/wp-content\/uploads\/2020\/06\/No-dejes-de-estudiar.jpg\" \/>\n<meta name=\"twitter:site\" content=\"@FAccLatino\" \/>\n<meta name=\"twitter:label1\" content=\"Est. reading time\" \/>\n\t<meta name=\"twitter:data1\" content=\"2 minutes\" \/>\n<script type=\"application\/ld+json\" class=\"yoast-schema-graph\">{\"@context\":\"https:\\\/\\\/schema.org\",\"@graph\":[{\"@type\":\"WebPage\",\"@id\":\"https:\\\/\\\/accesolatino.org\\\/no-dejes-de-estudiar\\\/\",\"url\":\"https:\\\/\\\/accesolatino.org\\\/no-dejes-de-estudiar\\\/\",\"name\":\"No dejes de estudiar\",\"isPartOf\":{\"@id\":\"https:\\\/\\\/accesolatino.org\\\/#website\"},\"primaryImageOfPage\":{\"@id\":\"https:\\\/\\\/accesolatino.org\\\/no-dejes-de-estudiar\\\/#primaryimage\"},\"image\":{\"@id\":\"https:\\\/\\\/accesolatino.org\\\/no-dejes-de-estudiar\\\/#primaryimage\"},\"thumbnailUrl\":\"https:\\\/\\\/accesolatino.org\\\/wp-content\\\/uploads\\\/2020\\\/06\\\/No-dejes-de-estudiar.jpg\",\"datePublished\":\"2020-06-30T14:40:06+00:00\",\"dateModified\":\"2025-11-10T21:04:13+00:00\",\"description\":\"No dejes de\u00a0estudiar\u00a0En nuestro portal se encuentran varias opciones para comenzar o seguir con tus estudios, ingresa a la secci\u00f3n \\\"Educaci\u00f3n\\\"\",\"breadcrumb\":{\"@id\":\"https:\\\/\\\/accesolatino.org\\\/no-dejes-de-estudiar\\\/#breadcrumb\"},\"inLanguage\":\"en-US\",\"potentialAction\":[{\"@type\":\"ReadAction\",\"target\":[\"https:\\\/\\\/accesolatino.org\\\/no-dejes-de-estudiar\\\/\"]}]},{\"@type\":\"ImageObject\",\"inLanguage\":\"en-US\",\"@id\":\"https:\\\/\\\/accesolatino.org\\\/no-dejes-de-estudiar\\\/#primaryimage\",\"url\":\"https:\\\/\\\/accesolatino.org\\\/wp-content\\\/uploads\\\/2020\\\/06\\\/No-dejes-de-estudiar.jpg\",\"contentUrl\":\"https:\\\/\\\/accesolatino.org\\\/wp-content\\\/uploads\\\/2020\\\/06\\\/No-dejes-de-estudiar.jpg\",\"width\":600,\"height\":338,\"caption\":\"estudiar\"},{\"@type\":\"BreadcrumbList\",\"@id\":\"https:\\\/\\\/accesolatino.org\\\/no-dejes-de-estudiar\\\/#breadcrumb\",\"itemListElement\":[{\"@type\":\"ListItem\",\"position\":1,\"name\":\"Portada\",\"item\":\"https:\\\/\\\/accesolatino.org\\\/\"},{\"@type\":\"ListItem\",\"position\":2,\"name\":\"No dejes de estudiar\"}]},{\"@type\":\"WebSite\",\"@id\":\"https:\\\/\\\/accesolatino.org\\\/#website\",\"url\":\"https:\\\/\\\/accesolatino.org\\\/\",\"name\":\"Acceso Latino | Fundaci\u00f3n Carlos Slim\",\"description\":\"Fundaci\u00f3n Carlos Slim\",\"publisher\":{\"@id\":\"https:\\\/\\\/accesolatino.org\\\/#organization\"},\"potentialAction\":[{\"@type\":\"SearchAction\",\"target\":{\"@type\":\"EntryPoint\",\"urlTemplate\":\"https:\\\/\\\/accesolatino.org\\\/?s={search_term_string}\"},\"query-input\":{\"@type\":\"PropertyValueSpecification\",\"valueRequired\":true,\"valueName\":\"search_term_string\"}}],\"inLanguage\":\"en-US\"},{\"@type\":\"Organization\",\"@id\":\"https:\\\/\\\/accesolatino.org\\\/#organization\",\"name\":\"Acceso Latino | Fundaci\u00f3n Carlos Slim\",\"url\":\"https:\\\/\\\/accesolatino.org\\\/\",\"logo\":{\"@type\":\"ImageObject\",\"inLanguage\":\"en-US\",\"@id\":\"https:\\\/\\\/accesolatino.org\\\/#\\\/schema\\\/logo\\\/image\\\/\",\"url\":\"https:\\\/\\\/accesolatino.org\\\/wp-content\\\/uploads\\\/2021\\\/02\\\/logo-footer-acceso-latino.png\",\"contentUrl\":\"https:\\\/\\\/accesolatino.org\\\/wp-content\\\/uploads\\\/2021\\\/02\\\/logo-footer-acceso-latino.png\",\"width\":240,\"height\":40,\"caption\":\"Acceso Latino | Fundaci\u00f3n Carlos Slim\"},\"image\":{\"@id\":\"https:\\\/\\\/accesolatino.org\\\/#\\\/schema\\\/logo\\\/image\\\/\"},\"sameAs\":[\"https:\\\/\\\/www.facebook.com\\\/AccesoLatinoOrg\",\"https:\\\/\\\/x.com\\\/FAccLatino\"]}]}<\/script>\n<!-- \/ Yoast SEO plugin. -->","yoast_head_json":{"title":"Don't stop studying","description":"No dejes de\u00a0estudiar\u00a0En nuestro portal se encuentran varias opciones para comenzar o seguir con tus estudios, ingresa a la secci\u00f3n \"Educaci\u00f3n\"","robots":{"index":"index","follow":"follow","max-snippet":"max-snippet:-1","max-image-preview":"max-image-preview:large","max-video-preview":"max-video-preview:-1"},"canonical":"https:\/\/accesolatino.org\/en\/no-dejes-de-estudiar\/","og_locale":"en_US","og_type":"article","og_title":"Acceso Latino | No dejes de estudiar","og_description":"No dejes de estudiar","og_url":"https:\/\/accesolatino.org\/en\/no-dejes-de-estudiar\/","og_site_name":"Acceso Latino","article_publisher":"https:\/\/www.facebook.com\/AccesoLatinoOrg","article_modified_time":"2025-11-10T21:04:13+00:00","og_image":[{"width":600,"height":338,"url":"https:\/\/accesolatino.org\/wp-content\/uploads\/2020\/06\/No-dejes-de-estudiar.jpg","type":"image\/jpeg"}],"twitter_card":"summary_large_image","twitter_title":"Acceso Latino | No dejes de estudiar","twitter_description":"No dejes de estudiar","twitter_image":"https:\/\/accesolatino.org\/wp-content\/uploads\/2020\/06\/No-dejes-de-estudiar.jpg","twitter_site":"@FAccLatino","twitter_misc":{"Est. reading time":"2 minutes"},"schema":{"@context":"https:\/\/schema.org","@graph":[{"@type":"WebPage","@id":"https:\/\/accesolatino.org\/no-dejes-de-estudiar\/","url":"https:\/\/accesolatino.org\/no-dejes-de-estudiar\/","name":"Don't stop studying","isPartOf":{"@id":"https:\/\/accesolatino.org\/#website"},"primaryImageOfPage":{"@id":"https:\/\/accesolatino.org\/no-dejes-de-estudiar\/#primaryimage"},"image":{"@id":"https:\/\/accesolatino.org\/no-dejes-de-estudiar\/#primaryimage"},"thumbnailUrl":"https:\/\/accesolatino.org\/wp-content\/uploads\/2020\/06\/No-dejes-de-estudiar.jpg","datePublished":"2020-06-30T14:40:06+00:00","dateModified":"2025-11-10T21:04:13+00:00","description":"No dejes de\u00a0estudiar\u00a0En nuestro portal se encuentran varias opciones para comenzar o seguir con tus estudios, ingresa a la secci\u00f3n \"Educaci\u00f3n\"","breadcrumb":{"@id":"https:\/\/accesolatino.org\/no-dejes-de-estudiar\/#breadcrumb"},"inLanguage":"en-US","potentialAction":[{"@type":"ReadAction","target":["https:\/\/accesolatino.org\/no-dejes-de-estudiar\/"]}]},{"@type":"ImageObject","inLanguage":"en-US","@id":"https:\/\/accesolatino.org\/no-dejes-de-estudiar\/#primaryimage","url":"https:\/\/accesolatino.org\/wp-content\/uploads\/2020\/06\/No-dejes-de-estudiar.jpg","contentUrl":"https:\/\/accesolatino.org\/wp-content\/uploads\/2020\/06\/No-dejes-de-estudiar.jpg","width":600,"height":338,"caption":"estudiar"},{"@type":"BreadcrumbList","@id":"https:\/\/accesolatino.org\/no-dejes-de-estudiar\/#breadcrumb","itemListElement":[{"@type":"ListItem","position":1,"name":"Portada","item":"https:\/\/accesolatino.org\/"},{"@type":"ListItem","position":2,"name":"No dejes de estudiar"}]},{"@type":"WebSite","@id":"https:\/\/accesolatino.org\/#website","url":"https:\/\/accesolatino.org\/","name":"Acceso Latino | Fundaci\u00f3n Carlos Slim","description":"Fundaci\u00f3n Carlos Slim","publisher":{"@id":"https:\/\/accesolatino.org\/#organization"},"potentialAction":[{"@type":"SearchAction","target":{"@type":"EntryPoint","urlTemplate":"https:\/\/accesolatino.org\/?s={search_term_string}"},"query-input":{"@type":"PropertyValueSpecification","valueRequired":true,"valueName":"search_term_string"}}],"inLanguage":"en-US"},{"@type":"Organization","@id":"https:\/\/accesolatino.org\/#organization","name":"Acceso Latino | Fundaci\u00f3n Carlos Slim","url":"https:\/\/accesolatino.org\/","logo":{"@type":"ImageObject","inLanguage":"en-US","@id":"https:\/\/accesolatino.org\/#\/schema\/logo\/image\/","url":"https:\/\/accesolatino.org\/wp-content\/uploads\/2021\/02\/logo-footer-acceso-latino.png","contentUrl":"https:\/\/accesolatino.org\/wp-content\/uploads\/2021\/02\/logo-footer-acceso-latino.png","width":240,"height":40,"caption":"Acceso Latino | Fundaci\u00f3n Carlos Slim"},"image":{"@id":"https:\/\/accesolatino.org\/#\/schema\/logo\/image\/"},"sameAs":["https:\/\/www.facebook.com\/AccesoLatinoOrg","https:\/\/x.com\/FAccLatino"]}]}},"_links":{"self":[{"href":"https:\/\/accesolatino.org\/en\/wp-json\/wp\/v2\/pages\/21864","targetHints":{"allow":["GET"]}}],"collection":[{"href":"https:\/\/accesolatino.org\/en\/wp-json\/wp\/v2\/pages"}],"about":[{"href":"https:\/\/accesolatino.org\/en\/wp-json\/wp\/v2\/types\/page"}],"author":[{"embeddable":true,"href":"https:\/\/accesolatino.org\/en\/wp-json\/wp\/v2\/users\/7"}],"replies":[{"embeddable":true,"href":"https:\/\/accesolatino.org\/en\/wp-json\/wp\/v2\/comments?post=21864"}],"version-history":[{"count":1,"href":"https:\/\/accesolatino.org\/en\/wp-json\/wp\/v2\/pages\/21864\/revisions"}],"predecessor-version":[{"id":68629,"href":"https:\/\/accesolatino.org\/en\/wp-json\/wp\/v2\/pages\/21864\/revisions\/68629"}],"wp:featuredmedia":[{"embeddable":true,"href":"https:\/\/accesolatino.org\/en\/wp-json\/wp\/v2\/media\/21865"}],"wp:attachment":[{"href":"https:\/\/accesolatino.org\/en\/wp-json\/wp\/v2\/media?parent=21864"}],"curies":[{"name":"wp","href":"https:\/\/api.w.org\/{rel}","templated":true}]}}