{"id":21738,"date":"2020-06-19T09:58:59","date_gmt":"2020-06-19T14:58:59","guid":{"rendered":"https:\/\/accesolatino.org\/?page_id=21738"},"modified":"2025-10-16T12:41:52","modified_gmt":"2025-10-16T18:41:52","slug":"servicios-de-salud-gratuitos-o-a-bajo-costo-durante-pandemia","status":"publish","type":"page","link":"https:\/\/accesolatino.org\/en\/salud\/servicios-de-salud-gratuitos-o-a-bajo-costo-durante-pandemia\/","title":{"rendered":"Free or low-cost health services during pandemics"},"content":{"rendered":"<div data-elementor-type=\"wp-post\" data-elementor-id=\"21738\" class=\"elementor elementor-21738\">\n\t\t\t\t\t\t<section class=\"elementor-section elementor-top-section elementor-element elementor-element-323a6e9 elementor-section-full_width elementor-section-height-min-height elementor-section-items-stretch elementor-section-height-default wpr-particle-no wpr-jarallax-no wpr-parallax-no wpr-sticky-section-no wpr-equal-height-no\" data-id=\"323a6e9\" data-element_type=\"section\" data-e-type=\"section\" data-settings=\"{&quot;background_background&quot;:&quot;classic&quot;}\">\n\t\t\t\t\t\t<div class=\"elementor-container elementor-column-gap-no\">\n\t\t\t\t\t<div class=\"elementor-column elementor-col-100 elementor-top-column elementor-element elementor-element-ccdf60e\" data-id=\"ccdf60e\" data-element_type=\"column\" data-e-type=\"column\">\n\t\t\t<div class=\"elementor-widget-wrap elementor-element-populated\">\n\t\t\t\t\t\t<div class=\"elementor-element elementor-element-fb36b40 elementor--h-position-center elementor--v-position-middle elementor-widget elementor-widget-slides\" data-id=\"fb36b40\" data-element_type=\"widget\" data-e-type=\"widget\" data-settings=\"{&quot;navigation&quot;:&quot;none&quot;,&quot;infinite&quot;:&quot;yes&quot;,&quot;transition&quot;:&quot;slide&quot;,&quot;transition_speed&quot;:500}\" data-widget_type=\"slides.default\">\n\t\t\t\t<div class=\"elementor-widget-container\">\n\t\t\t\t\t\t\t<div class=\"elementor-swiper\">\n\t\t\t<div class=\"elementor-slides-wrapper elementor-main-swiper swiper-container\" dir=\"ltr\" data-animation=\"\">\n\t\t\t\t<div class=\"swiper-wrapper elementor-slides\">\n\t\t\t\t\t\t\t\t\t\t<div class=\"elementor-repeater-item-d983a28 swiper-slide\"><div class=\"swiper-slide-bg\"><\/div><div class=\"swiper-slide-inner\" ><div class=\"swiper-slide-contents\"><div class=\"elementor-slide-heading\">Health<\/div><\/div><\/div><\/div>\t\t\t\t<\/div>\n\t\t\t\t\t\t\t<\/div>\n\t\t<\/div>\n\t\t\t\t\t\t<\/div>\n\t\t\t\t<\/div>\n\t\t\t\t\t<\/div>\n\t\t<\/div>\n\t\t\t\t\t<\/div>\n\t\t<\/section>\n\t\t\t\t<section class=\"elementor-section elementor-top-section elementor-element elementor-element-2b9c02e elementor-section-stretched elementor-section-boxed elementor-section-height-default elementor-section-height-default wpr-particle-no wpr-jarallax-no wpr-parallax-no wpr-sticky-section-no wpr-equal-height-no\" data-id=\"2b9c02e\" data-element_type=\"section\" data-e-type=\"section\" data-settings=\"{&quot;stretch_section&quot;:&quot;section-stretched&quot;,&quot;background_background&quot;:&quot;classic&quot;}\">\n\t\t\t\t\t\t<div class=\"elementor-container elementor-column-gap-default\">\n\t\t\t\t\t<div class=\"elementor-column elementor-col-100 elementor-top-column elementor-element elementor-element-f1c4efb\" data-id=\"f1c4efb\" data-element_type=\"column\" data-e-type=\"column\">\n\t\t\t<div class=\"elementor-widget-wrap elementor-element-populated\">\n\t\t\t\t\t\t<div class=\"elementor-element elementor-element-08dd13a elementor-widget elementor-widget-heading\" data-id=\"08dd13a\" data-element_type=\"widget\" data-e-type=\"widget\" data-widget_type=\"heading.default\">\n\t\t\t\t<div class=\"elementor-widget-container\">\n\t\t\t\t\t<h3 class=\"elementor-heading-title elementor-size-default\">Free or low-cost health services during pandemics<\/h3>\t\t\t\t<\/div>\n\t\t\t\t<\/div>\n\t\t\t\t<div class=\"elementor-element elementor-element-b2c1a89 elementor-widget elementor-widget-text-editor\" data-id=\"b2c1a89\" data-element_type=\"widget\" data-e-type=\"widget\" data-widget_type=\"text-editor.default\">\n\t\t\t\t<div class=\"elementor-widget-container\">\n\t\t\t\t\t\t\t\t\t<p>In our section <a href=\"https:\/\/accesolatino.org\/en\/salud\/\"><strong>\u201cSalud\u201d<\/strong><\/a> encontrar\u00e1s el apartado <a href=\"http:\/\/www.freeclinics.com\/\" target=\"_blank\" rel=\"noopener\"><strong>\u201cCl\u00ednicas gratuitas en todo EUA<\/strong><\/a><strong>\u201d, <\/strong>aqu\u00ed podr\u00e1s encontrar centros de salud que brindan asistencia de forma gratuita o a bajo costo en tu localidad.<\/p><p>Los inmigrantes hispanos ha sido el grupo m\u00e1s golpeado por el coronavirus, toda vez que, debido a su estatus migratorio les ha sido dif\u00edcil encontrar asistencia m\u00e9dica profesional.<\/p><p>Todos los indocumentados que viven en Estados Unidos tienen derecho de recibir atenci\u00f3n m\u00e9dica profesional.<\/p><p>Esta tarjeta te apoya con un listado de todos los estados de la Uni\u00f3n Americana, en donde podr\u00e1s encontrar sanatorios que se ajustan a tu salario o que son gratuitos, donde te atender\u00e1n sin importar si cuentas con papeles o no.<\/p><p><a href=\"https:\/\/www.freeclinics.com\/\" target=\"_blank\" rel=\"noopener\"><strong>Free Clinics<\/strong><\/a> tambi\u00e9n facilita una lista de cl\u00ednicas dentales y de cl\u00ednicas m\u00f3viles, las cuales circulan por todo el territorio estadounidense brindando apoyo m\u00e9dico a los indocumentados que durante la pandemia han sido el grupo m\u00e1s afectado.<\/p>\t\t\t\t\t\t\t\t<\/div>\n\t\t\t\t<\/div>\n\t\t\t\t<div class=\"elementor-element elementor-element-c327acf elementor-widget elementor-widget-spacer\" data-id=\"c327acf\" data-element_type=\"widget\" data-e-type=\"widget\" data-widget_type=\"spacer.default\">\n\t\t\t\t<div class=\"elementor-widget-container\">\n\t\t\t\t\t\t\t<div class=\"elementor-spacer\">\n\t\t\t<div class=\"elementor-spacer-inner\"><\/div>\n\t\t<\/div>\n\t\t\t\t\t\t<\/div>\n\t\t\t\t<\/div>\n\t\t\t\t\t<\/div>\n\t\t<\/div>\n\t\t\t\t\t<\/div>\n\t\t<\/section>\n\t\t\t\t<\/div>","protected":false},"excerpt":{"rendered":"<p>Salud Servicios de salud gratuitos o a bajo costo durante pandemia En nuestra secci\u00f3n \u201cSalud\u201d encontrar\u00e1s el apartado \u201cCl\u00ednicas gratuitas en todo EUA\u201d, aqu\u00ed podr\u00e1s encontrar centros de salud que brindan asistencia de forma gratuita o a bajo costo en tu localidad. Los inmigrantes hispanos ha sido el grupo m\u00e1s golpeado por el coronavirus, toda vez que, debido a su estatus migratorio les ha sido dif\u00edcil encontrar asistencia m\u00e9dica profesional. Todos los indocumentados que viven en Estados Unidos tienen derecho de recibir atenci\u00f3n m\u00e9dica profesional. Esta tarjeta te apoya con un listado de todos los estados de la Uni\u00f3n Americana, en donde podr\u00e1s encontrar sanatorios que se ajustan a tu salario o que son gratuitos, donde te atender\u00e1n sin importar si cuentas con papeles o no. Free Clinics tambi\u00e9n facilita una lista de cl\u00ednicas dentales y de cl\u00ednicas m\u00f3viles, las cuales circulan por todo el territorio estadounidense brindando apoyo m\u00e9dico a los indocumentados que durante la pandemia han sido el grupo m\u00e1s afectado.<\/p>","protected":false},"author":4,"featured_media":21742,"parent":4668,"menu_order":0,"comment_status":"closed","ping_status":"closed","template":"elementor_header_footer","meta":{"_uf_show_specific_survey":0,"_uf_disable_surveys":false,"footnotes":""},"class_list":["post-21738","page","type-page","status-publish","has-post-thumbnail"],"aioseo_notices":[],"yoast_head":"<!-- This site is optimized with the Yoast SEO plugin v27.4 - https:\/\/yoast.com\/product\/yoast-seo-wordpress\/ -->\n<title>Servicios de salud gratuitos o a bajo costo durante pandemia<\/title>\n<meta name=\"description\" content=\"Conoce todo lo que Estados Unidos tiene para ofrecer a los migrantes legales en materia de Salud - Acceso Latino\" \/>\n<meta name=\"robots\" content=\"index, follow, max-snippet:-1, max-image-preview:large, max-video-preview:-1\" \/>\n<link rel=\"canonical\" href=\"https:\/\/accesolatino.org\/en\/salud\/servicios-de-salud-gratuitos-o-a-bajo-costo-durante-pandemia\/\" \/>\n<meta property=\"og:locale\" content=\"en_US\" \/>\n<meta property=\"og:type\" content=\"article\" \/>\n<meta property=\"og:title\" content=\"Acceso Latino | Servicios de salud gratuitos o a bajo costo durante pandemia\" \/>\n<meta property=\"og:description\" content=\"Conoce todo lo que Estados Unidos tiene para ofrecer a los migrantes en materia de Salud\" \/>\n<meta property=\"og:url\" content=\"https:\/\/accesolatino.org\/en\/salud\/servicios-de-salud-gratuitos-o-a-bajo-costo-durante-pandemia\/\" \/>\n<meta property=\"og:site_name\" content=\"Acceso Latino\" \/>\n<meta property=\"article:publisher\" content=\"https:\/\/www.facebook.com\/AccesoLatinoOrg\" \/>\n<meta property=\"article:modified_time\" content=\"2025-10-16T18:41:52+00:00\" \/>\n<meta property=\"og:image\" content=\"https:\/\/accesolatino.org\/wp-content\/uploads\/2020\/06\/Servicios-de-salud-gratuitos-o-a-bajo-costo-durante-pandemia.png\" \/>\n\t<meta property=\"og:image:width\" content=\"600\" \/>\n\t<meta property=\"og:image:height\" content=\"338\" \/>\n\t<meta property=\"og:image:type\" content=\"image\/png\" \/>\n<meta name=\"twitter:card\" content=\"summary_large_image\" \/>\n<meta name=\"twitter:title\" content=\"Acceso Latino | Servicios de salud gratuitos o a bajo costo durante pandemia\" \/>\n<meta name=\"twitter:description\" content=\"Conoce todo lo que Estados Unidos tiene para ofrecer a los migrantes en materia de Salud\" \/>\n<meta name=\"twitter:image\" content=\"https:\/\/accesolatino.org\/wp-content\/uploads\/2020\/06\/Servicios-de-salud-gratuitos-o-a-bajo-costo-durante-pandemia.png\" \/>\n<meta name=\"twitter:site\" content=\"@FAccLatino\" \/>\n<meta name=\"twitter:label1\" content=\"Est. reading time\" \/>\n\t<meta name=\"twitter:data1\" content=\"1 minute\" \/>\n<script type=\"application\/ld+json\" class=\"yoast-schema-graph\">{\"@context\":\"https:\\\/\\\/schema.org\",\"@graph\":[{\"@type\":\"WebPage\",\"@id\":\"https:\\\/\\\/accesolatino.org\\\/en\\\/salud\\\/servicios-de-salud-gratuitos-o-a-bajo-costo-durante-pandemia\\\/\",\"url\":\"https:\\\/\\\/accesolatino.org\\\/en\\\/salud\\\/servicios-de-salud-gratuitos-o-a-bajo-costo-durante-pandemia\\\/\",\"name\":\"Servicios de salud gratuitos o a bajo costo durante pandemia\",\"isPartOf\":{\"@id\":\"https:\\\/\\\/accesolatino.org\\\/#website\"},\"primaryImageOfPage\":{\"@id\":\"https:\\\/\\\/accesolatino.org\\\/en\\\/salud\\\/servicios-de-salud-gratuitos-o-a-bajo-costo-durante-pandemia\\\/#primaryimage\"},\"image\":{\"@id\":\"https:\\\/\\\/accesolatino.org\\\/en\\\/salud\\\/servicios-de-salud-gratuitos-o-a-bajo-costo-durante-pandemia\\\/#primaryimage\"},\"thumbnailUrl\":\"https:\\\/\\\/accesolatino.org\\\/wp-content\\\/uploads\\\/2020\\\/06\\\/Servicios-de-salud-gratuitos-o-a-bajo-costo-durante-pandemia.png\",\"datePublished\":\"2020-06-19T14:58:59+00:00\",\"dateModified\":\"2025-10-16T18:41:52+00:00\",\"description\":\"Conoce todo lo que Estados Unidos tiene para ofrecer a los migrantes legales en materia de Salud - Acceso Latino\",\"breadcrumb\":{\"@id\":\"https:\\\/\\\/accesolatino.org\\\/en\\\/salud\\\/servicios-de-salud-gratuitos-o-a-bajo-costo-durante-pandemia\\\/#breadcrumb\"},\"inLanguage\":\"en-US\",\"potentialAction\":[{\"@type\":\"ReadAction\",\"target\":[\"https:\\\/\\\/accesolatino.org\\\/en\\\/salud\\\/servicios-de-salud-gratuitos-o-a-bajo-costo-durante-pandemia\\\/\"]}]},{\"@type\":\"ImageObject\",\"inLanguage\":\"en-US\",\"@id\":\"https:\\\/\\\/accesolatino.org\\\/en\\\/salud\\\/servicios-de-salud-gratuitos-o-a-bajo-costo-durante-pandemia\\\/#primaryimage\",\"url\":\"https:\\\/\\\/accesolatino.org\\\/wp-content\\\/uploads\\\/2020\\\/06\\\/Servicios-de-salud-gratuitos-o-a-bajo-costo-durante-pandemia.png\",\"contentUrl\":\"https:\\\/\\\/accesolatino.org\\\/wp-content\\\/uploads\\\/2020\\\/06\\\/Servicios-de-salud-gratuitos-o-a-bajo-costo-durante-pandemia.png\",\"width\":600,\"height\":338,\"caption\":\"secretar\u00eda de salud\"},{\"@type\":\"BreadcrumbList\",\"@id\":\"https:\\\/\\\/accesolatino.org\\\/en\\\/salud\\\/servicios-de-salud-gratuitos-o-a-bajo-costo-durante-pandemia\\\/#breadcrumb\",\"itemListElement\":[{\"@type\":\"ListItem\",\"position\":1,\"name\":\"Portada\",\"item\":\"https:\\\/\\\/accesolatino.org\\\/\"},{\"@type\":\"ListItem\",\"position\":2,\"name\":\"Salud\",\"item\":\"https:\\\/\\\/accesolatino.org\\\/salud\\\/\"},{\"@type\":\"ListItem\",\"position\":3,\"name\":\"Servicios de salud gratuitos o a bajo costo durante pandemia\"}]},{\"@type\":\"WebSite\",\"@id\":\"https:\\\/\\\/accesolatino.org\\\/#website\",\"url\":\"https:\\\/\\\/accesolatino.org\\\/\",\"name\":\"Acceso Latino | Fundaci\u00f3n Carlos Slim\",\"description\":\"Fundaci\u00f3n Carlos Slim\",\"publisher\":{\"@id\":\"https:\\\/\\\/accesolatino.org\\\/#organization\"},\"potentialAction\":[{\"@type\":\"SearchAction\",\"target\":{\"@type\":\"EntryPoint\",\"urlTemplate\":\"https:\\\/\\\/accesolatino.org\\\/?s={search_term_string}\"},\"query-input\":{\"@type\":\"PropertyValueSpecification\",\"valueRequired\":true,\"valueName\":\"search_term_string\"}}],\"inLanguage\":\"en-US\"},{\"@type\":\"Organization\",\"@id\":\"https:\\\/\\\/accesolatino.org\\\/#organization\",\"name\":\"Acceso Latino | Fundaci\u00f3n Carlos Slim\",\"url\":\"https:\\\/\\\/accesolatino.org\\\/\",\"logo\":{\"@type\":\"ImageObject\",\"inLanguage\":\"en-US\",\"@id\":\"https:\\\/\\\/accesolatino.org\\\/#\\\/schema\\\/logo\\\/image\\\/\",\"url\":\"https:\\\/\\\/accesolatino.org\\\/wp-content\\\/uploads\\\/2021\\\/02\\\/logo-footer-acceso-latino.png\",\"contentUrl\":\"https:\\\/\\\/accesolatino.org\\\/wp-content\\\/uploads\\\/2021\\\/02\\\/logo-footer-acceso-latino.png\",\"width\":240,\"height\":40,\"caption\":\"Acceso Latino | Fundaci\u00f3n Carlos Slim\"},\"image\":{\"@id\":\"https:\\\/\\\/accesolatino.org\\\/#\\\/schema\\\/logo\\\/image\\\/\"},\"sameAs\":[\"https:\\\/\\\/www.facebook.com\\\/AccesoLatinoOrg\",\"https:\\\/\\\/x.com\\\/FAccLatino\"]}]}<\/script>\n<!-- \/ Yoast SEO plugin. -->","yoast_head_json":{"title":"Free or low-cost health services during pandemics","description":"Conoce todo lo que Estados Unidos tiene para ofrecer a los migrantes legales en materia de Salud - Acceso Latino","robots":{"index":"index","follow":"follow","max-snippet":"max-snippet:-1","max-image-preview":"max-image-preview:large","max-video-preview":"max-video-preview:-1"},"canonical":"https:\/\/accesolatino.org\/en\/salud\/servicios-de-salud-gratuitos-o-a-bajo-costo-durante-pandemia\/","og_locale":"en_US","og_type":"article","og_title":"Acceso Latino | Servicios de salud gratuitos o a bajo costo durante pandemia","og_description":"Conoce todo lo que Estados Unidos tiene para ofrecer a los migrantes en materia de Salud","og_url":"https:\/\/accesolatino.org\/en\/salud\/servicios-de-salud-gratuitos-o-a-bajo-costo-durante-pandemia\/","og_site_name":"Acceso Latino","article_publisher":"https:\/\/www.facebook.com\/AccesoLatinoOrg","article_modified_time":"2025-10-16T18:41:52+00:00","og_image":[{"width":600,"height":338,"url":"https:\/\/accesolatino.org\/wp-content\/uploads\/2020\/06\/Servicios-de-salud-gratuitos-o-a-bajo-costo-durante-pandemia.png","type":"image\/png"}],"twitter_card":"summary_large_image","twitter_title":"Acceso Latino | Servicios de salud gratuitos o a bajo costo durante pandemia","twitter_description":"Conoce todo lo que Estados Unidos tiene para ofrecer a los migrantes en materia de Salud","twitter_image":"https:\/\/accesolatino.org\/wp-content\/uploads\/2020\/06\/Servicios-de-salud-gratuitos-o-a-bajo-costo-durante-pandemia.png","twitter_site":"@FAccLatino","twitter_misc":{"Est. reading time":"1 minute"},"schema":{"@context":"https:\/\/schema.org","@graph":[{"@type":"WebPage","@id":"https:\/\/accesolatino.org\/en\/salud\/servicios-de-salud-gratuitos-o-a-bajo-costo-durante-pandemia\/","url":"https:\/\/accesolatino.org\/en\/salud\/servicios-de-salud-gratuitos-o-a-bajo-costo-durante-pandemia\/","name":"Free or low-cost health services during pandemics","isPartOf":{"@id":"https:\/\/accesolatino.org\/#website"},"primaryImageOfPage":{"@id":"https:\/\/accesolatino.org\/en\/salud\/servicios-de-salud-gratuitos-o-a-bajo-costo-durante-pandemia\/#primaryimage"},"image":{"@id":"https:\/\/accesolatino.org\/en\/salud\/servicios-de-salud-gratuitos-o-a-bajo-costo-durante-pandemia\/#primaryimage"},"thumbnailUrl":"https:\/\/accesolatino.org\/wp-content\/uploads\/2020\/06\/Servicios-de-salud-gratuitos-o-a-bajo-costo-durante-pandemia.png","datePublished":"2020-06-19T14:58:59+00:00","dateModified":"2025-10-16T18:41:52+00:00","description":"Conoce todo lo que Estados Unidos tiene para ofrecer a los migrantes legales en materia de Salud - Acceso Latino","breadcrumb":{"@id":"https:\/\/accesolatino.org\/en\/salud\/servicios-de-salud-gratuitos-o-a-bajo-costo-durante-pandemia\/#breadcrumb"},"inLanguage":"en-US","potentialAction":[{"@type":"ReadAction","target":["https:\/\/accesolatino.org\/en\/salud\/servicios-de-salud-gratuitos-o-a-bajo-costo-durante-pandemia\/"]}]},{"@type":"ImageObject","inLanguage":"en-US","@id":"https:\/\/accesolatino.org\/en\/salud\/servicios-de-salud-gratuitos-o-a-bajo-costo-durante-pandemia\/#primaryimage","url":"https:\/\/accesolatino.org\/wp-content\/uploads\/2020\/06\/Servicios-de-salud-gratuitos-o-a-bajo-costo-durante-pandemia.png","contentUrl":"https:\/\/accesolatino.org\/wp-content\/uploads\/2020\/06\/Servicios-de-salud-gratuitos-o-a-bajo-costo-durante-pandemia.png","width":600,"height":338,"caption":"secretar\u00eda de salud"},{"@type":"BreadcrumbList","@id":"https:\/\/accesolatino.org\/en\/salud\/servicios-de-salud-gratuitos-o-a-bajo-costo-durante-pandemia\/#breadcrumb","itemListElement":[{"@type":"ListItem","position":1,"name":"Portada","item":"https:\/\/accesolatino.org\/"},{"@type":"ListItem","position":2,"name":"Salud","item":"https:\/\/accesolatino.org\/salud\/"},{"@type":"ListItem","position":3,"name":"Servicios de salud gratuitos o a bajo costo durante pandemia"}]},{"@type":"WebSite","@id":"https:\/\/accesolatino.org\/#website","url":"https:\/\/accesolatino.org\/","name":"Acceso Latino | Fundaci\u00f3n Carlos Slim","description":"Fundaci\u00f3n Carlos Slim","publisher":{"@id":"https:\/\/accesolatino.org\/#organization"},"potentialAction":[{"@type":"SearchAction","target":{"@type":"EntryPoint","urlTemplate":"https:\/\/accesolatino.org\/?s={search_term_string}"},"query-input":{"@type":"PropertyValueSpecification","valueRequired":true,"valueName":"search_term_string"}}],"inLanguage":"en-US"},{"@type":"Organization","@id":"https:\/\/accesolatino.org\/#organization","name":"Acceso Latino | Fundaci\u00f3n Carlos Slim","url":"https:\/\/accesolatino.org\/","logo":{"@type":"ImageObject","inLanguage":"en-US","@id":"https:\/\/accesolatino.org\/#\/schema\/logo\/image\/","url":"https:\/\/accesolatino.org\/wp-content\/uploads\/2021\/02\/logo-footer-acceso-latino.png","contentUrl":"https:\/\/accesolatino.org\/wp-content\/uploads\/2021\/02\/logo-footer-acceso-latino.png","width":240,"height":40,"caption":"Acceso Latino | Fundaci\u00f3n Carlos Slim"},"image":{"@id":"https:\/\/accesolatino.org\/#\/schema\/logo\/image\/"},"sameAs":["https:\/\/www.facebook.com\/AccesoLatinoOrg","https:\/\/x.com\/FAccLatino"]}]}},"_links":{"self":[{"href":"https:\/\/accesolatino.org\/en\/wp-json\/wp\/v2\/pages\/21738","targetHints":{"allow":["GET"]}}],"collection":[{"href":"https:\/\/accesolatino.org\/en\/wp-json\/wp\/v2\/pages"}],"about":[{"href":"https:\/\/accesolatino.org\/en\/wp-json\/wp\/v2\/types\/page"}],"author":[{"embeddable":true,"href":"https:\/\/accesolatino.org\/en\/wp-json\/wp\/v2\/users\/4"}],"replies":[{"embeddable":true,"href":"https:\/\/accesolatino.org\/en\/wp-json\/wp\/v2\/comments?post=21738"}],"version-history":[{"count":1,"href":"https:\/\/accesolatino.org\/en\/wp-json\/wp\/v2\/pages\/21738\/revisions"}],"predecessor-version":[{"id":64074,"href":"https:\/\/accesolatino.org\/en\/wp-json\/wp\/v2\/pages\/21738\/revisions\/64074"}],"up":[{"embeddable":true,"href":"https:\/\/accesolatino.org\/en\/wp-json\/wp\/v2\/pages\/4668"}],"wp:featuredmedia":[{"embeddable":true,"href":"https:\/\/accesolatino.org\/en\/wp-json\/wp\/v2\/media\/21742"}],"wp:attachment":[{"href":"https:\/\/accesolatino.org\/en\/wp-json\/wp\/v2\/media?parent=21738"}],"curies":[{"name":"wp","href":"https:\/\/api.w.org\/{rel}","templated":true}]}}