{"id":21676,"date":"2020-06-16T09:54:47","date_gmt":"2020-06-16T14:54:47","guid":{"rendered":"https:\/\/accesolatino.org\/?page_id=21676"},"modified":"2025-10-16T16:20:25","modified_gmt":"2025-10-16T22:20:25","slug":"cursos-y-diplomados-encontraras-en-nuestra-herramienta","status":"publish","type":"page","link":"https:\/\/accesolatino.org\/en\/buscas-empleo\/cursos-y-diplomados-encontraras-en-nuestra-herramienta\/","title":{"rendered":"Courses and diplomas you will find in our tool"},"content":{"rendered":"<div data-elementor-type=\"wp-post\" data-elementor-id=\"21676\" class=\"elementor elementor-21676\">\n\t\t\t\t\t\t<section class=\"elementor-section elementor-top-section elementor-element elementor-element-cc7450e elementor-section-full_width elementor-section-height-min-height elementor-section-items-stretch elementor-section-height-default wpr-particle-no wpr-jarallax-no wpr-parallax-no wpr-sticky-section-no wpr-equal-height-no\" data-id=\"cc7450e\" data-element_type=\"section\" data-e-type=\"section\" data-settings=\"{&quot;background_background&quot;:&quot;classic&quot;}\">\n\t\t\t\t\t\t<div class=\"elementor-container elementor-column-gap-no\">\n\t\t\t\t\t<div class=\"elementor-column elementor-col-100 elementor-top-column elementor-element elementor-element-eb7e798\" data-id=\"eb7e798\" data-element_type=\"column\" data-e-type=\"column\">\n\t\t\t<div class=\"elementor-widget-wrap elementor-element-populated\">\n\t\t\t\t\t\t<div class=\"elementor-element elementor-element-78e644b elementor--h-position-center elementor--v-position-middle elementor-widget elementor-widget-slides\" data-id=\"78e644b\" data-element_type=\"widget\" data-e-type=\"widget\" data-settings=\"{&quot;navigation&quot;:&quot;none&quot;,&quot;infinite&quot;:&quot;yes&quot;,&quot;transition&quot;:&quot;slide&quot;,&quot;transition_speed&quot;:500}\" data-widget_type=\"slides.default\">\n\t\t\t\t<div class=\"elementor-widget-container\">\n\t\t\t\t\t\t\t<div class=\"elementor-swiper\">\n\t\t\t<div class=\"elementor-slides-wrapper elementor-main-swiper swiper-container\" dir=\"ltr\" data-animation=\"\">\n\t\t\t\t<div class=\"swiper-wrapper elementor-slides\">\n\t\t\t\t\t\t\t\t\t\t<div class=\"elementor-repeater-item-d983a28 swiper-slide\"><div class=\"swiper-slide-bg\"><\/div><div class=\"swiper-slide-inner\" ><div class=\"swiper-slide-contents\"><div class=\"elementor-slide-heading\">Looking for a job?<\/div><\/div><\/div><\/div>\t\t\t\t<\/div>\n\t\t\t\t\t\t\t<\/div>\n\t\t<\/div>\n\t\t\t\t\t\t<\/div>\n\t\t\t\t<\/div>\n\t\t\t\t\t<\/div>\n\t\t<\/div>\n\t\t\t\t\t<\/div>\n\t\t<\/section>\n\t\t\t\t<section class=\"elementor-section elementor-top-section elementor-element elementor-element-c98674d elementor-section-stretched elementor-section-boxed elementor-section-height-default elementor-section-height-default wpr-particle-no wpr-jarallax-no wpr-parallax-no wpr-sticky-section-no wpr-equal-height-no\" data-id=\"c98674d\" data-element_type=\"section\" data-e-type=\"section\" data-settings=\"{&quot;stretch_section&quot;:&quot;section-stretched&quot;,&quot;background_background&quot;:&quot;classic&quot;}\">\n\t\t\t\t\t\t<div class=\"elementor-container elementor-column-gap-default\">\n\t\t\t\t\t<div class=\"elementor-column elementor-col-100 elementor-top-column elementor-element elementor-element-9133165\" data-id=\"9133165\" data-element_type=\"column\" data-e-type=\"column\">\n\t\t\t<div class=\"elementor-widget-wrap elementor-element-populated\">\n\t\t\t\t\t\t<div class=\"elementor-element elementor-element-e91bb76 elementor-widget elementor-widget-heading\" data-id=\"e91bb76\" data-element_type=\"widget\" data-e-type=\"widget\" data-widget_type=\"heading.default\">\n\t\t\t\t<div class=\"elementor-widget-container\">\n\t\t\t\t\t<h3 class=\"elementor-heading-title elementor-size-default\">Courses and diplomas you will find in our tool<\/h3>\t\t\t\t<\/div>\n\t\t\t\t<\/div>\n\t\t\t\t<div class=\"elementor-element elementor-element-56a1585 elementor-widget elementor-widget-text-editor\" data-id=\"56a1585\" data-element_type=\"widget\" data-e-type=\"widget\" data-widget_type=\"text-editor.default\">\n\t\t\t\t<div class=\"elementor-widget-container\">\n\t\t\t\t\t\t\t\t\t<p><a href=\"http:\/\/fundacioncarlosslim.org\/\"><strong>Fundaci\u00f3n Carlos Slim<\/strong><\/a> and <a href=\"http:\/\/accesolatino.org\/en\/\"><strong>Acceso Latino<\/strong><\/a> cuentan con la secci\u00f3n <a href=\"\/en\/buscas-empleo\/\"><strong>\u201cBuscas Empleo\u201d<\/strong><\/a><strong>,<\/strong> una herramienta de gran ayuda para encontrar trabajo, pulir tus habilidades, obtener una mejor capacitaci\u00f3n y aprender una nueva labor. Ingresa a la secci\u00f3n de <a href=\"https:\/\/capacitateparaelempleo.org\/\" target=\"_blank\" rel=\"noopener\">\u201c<strong>Capac\u00edtate para el empleo\u201d<\/strong><\/a> donde encontrar\u00e1s cursos de:<\/p><ul><li>Administraci\u00f3n de bases datos<\/li><li>Administrador de la nube<\/li><li>Administrador de plataformas digitales de aprendizaje<\/li><li>Administrador de servidores<\/li><li>Analista de datos<\/li><li>Analista e proyectos BI<\/li><li>Asistente web<\/li><li>Asesor de servicios de infraestructura en la nube<\/li><li>Curador de datos<\/li><li>Desarrollador Back-end<\/li><li>Desarrollador de aplicaciones en la nube<\/li><li>Desarrollador de aplicaciones m\u00f3viles<\/li><li>Desarrollador de contenido digital<\/li><li>Desarrollador de contenidos de aprendizaje<\/li><\/ul><p>Para incrementar las oportunidades de encontrar un mejor trabajo en Estados Unidos, Acceso Latino, te proporciona las herramientas e informaci\u00f3n necesaria para lograrlo.<\/p><p>Estos instrumentos tambi\u00e9n son muy \u00fatiles para los connacionales que regresan a M\u00e9xico.<\/p><p>Encuentra m\u00e1s herramientas en <strong>Acceso Latino,<\/strong> tu primera ventana de consulta migratoria.<\/p>\t\t\t\t\t\t\t\t<\/div>\n\t\t\t\t<\/div>\n\t\t\t\t<div class=\"elementor-element elementor-element-fbc2da8 elementor-widget elementor-widget-spacer\" data-id=\"fbc2da8\" data-element_type=\"widget\" data-e-type=\"widget\" data-widget_type=\"spacer.default\">\n\t\t\t\t<div class=\"elementor-widget-container\">\n\t\t\t\t\t\t\t<div class=\"elementor-spacer\">\n\t\t\t<div class=\"elementor-spacer-inner\"><\/div>\n\t\t<\/div>\n\t\t\t\t\t\t<\/div>\n\t\t\t\t<\/div>\n\t\t\t\t\t<\/div>\n\t\t<\/div>\n\t\t\t\t\t<\/div>\n\t\t<\/section>\n\t\t\t\t<\/div>","protected":false},"excerpt":{"rendered":"<p>\u00bfBuscas empleo? Cursos y diplomados encontrar\u00e1s en nuestra herramienta Fundaci\u00f3n Carlos Slim y Acceso Latino cuentan con la secci\u00f3n \u201cBuscas Empleo\u201d, una herramienta de gran ayuda para encontrar trabajo, pulir tus habilidades, obtener una mejor capacitaci\u00f3n y aprender una nueva labor. Ingresa a la secci\u00f3n de \u201cCapac\u00edtate para el empleo\u201d donde encontrar\u00e1s cursos de: Administraci\u00f3n de bases datos Administrador de la nube Administrador de plataformas digitales de aprendizaje Administrador de servidores Analista de datos Analista e proyectos BI Asistente web Asesor de servicios de infraestructura en la nube Curador de datos Desarrollador Back-end Desarrollador de aplicaciones en la nube Desarrollador de aplicaciones m\u00f3viles Desarrollador de contenido digital Desarrollador de contenidos de aprendizaje Para incrementar las oportunidades de encontrar un mejor trabajo en Estados Unidos, Acceso Latino, te proporciona las herramientas e informaci\u00f3n necesaria para lograrlo. Estos instrumentos tambi\u00e9n son muy \u00fatiles para los connacionales que regresan a M\u00e9xico. Encuentra m\u00e1s herramientas en Acceso Latino, tu primera ventana de consulta migratoria.<\/p>","protected":false},"author":5,"featured_media":21677,"parent":2747,"menu_order":0,"comment_status":"closed","ping_status":"closed","template":"elementor_header_footer","meta":{"_uf_show_specific_survey":0,"_uf_disable_surveys":false,"footnotes":""},"class_list":["post-21676","page","type-page","status-publish","has-post-thumbnail"],"aioseo_notices":[],"yoast_head":"<!-- This site is optimized with the Yoast SEO plugin v27.5 - https:\/\/yoast.com\/product\/yoast-seo-wordpress\/ -->\n<title>Cursos y diplomados encontrar\u00e1s en nuestra herramienta<\/title>\n<meta name=\"description\" content=\"\u00bfBuscas empleo en Estados Unidos? Te compartimos algunas herramientas para capacitarte y encontrarlo - Acceso Latino\" \/>\n<meta name=\"robots\" content=\"index, follow, max-snippet:-1, max-image-preview:large, max-video-preview:-1\" \/>\n<link rel=\"canonical\" href=\"https:\/\/accesolatino.org\/en\/buscas-empleo\/cursos-y-diplomados-encontraras-en-nuestra-herramienta\/\" \/>\n<meta property=\"og:locale\" content=\"en_US\" \/>\n<meta property=\"og:type\" content=\"article\" \/>\n<meta property=\"og:title\" content=\"Acceso Latino | Cursos y diplomados encontrar\u00e1s en nuestra herramienta\" \/>\n<meta property=\"og:description\" content=\"\u00bfBuscas empleo en Estados Unidos? Te compartimos algunas herrmientas para capacitarte y encontrarlo.\" \/>\n<meta property=\"og:url\" content=\"https:\/\/accesolatino.org\/en\/buscas-empleo\/cursos-y-diplomados-encontraras-en-nuestra-herramienta\/\" \/>\n<meta property=\"og:site_name\" content=\"Acceso Latino\" \/>\n<meta property=\"article:publisher\" content=\"https:\/\/www.facebook.com\/AccesoLatinoOrg\" \/>\n<meta property=\"article:modified_time\" content=\"2025-10-16T22:20:25+00:00\" \/>\n<meta property=\"og:image\" content=\"https:\/\/accesolatino.org\/wp-content\/uploads\/2020\/06\/Cursos-y-diplomados-encontrar\u00e1s-en-nuestra-herramienta.png\" \/>\n\t<meta property=\"og:image:width\" content=\"600\" \/>\n\t<meta property=\"og:image:height\" content=\"338\" \/>\n\t<meta property=\"og:image:type\" content=\"image\/png\" \/>\n<meta name=\"twitter:card\" content=\"summary_large_image\" \/>\n<meta name=\"twitter:title\" content=\"Acceso Latino | Cursos y diplomados encontrar\u00e1s en nuestra herramienta\" \/>\n<meta name=\"twitter:description\" content=\"\u00bfBuscas empleo en Estados Unidos? Te compartimos algunas herrmientas para capacitarte y encontrarlo.\" \/>\n<meta name=\"twitter:image\" content=\"https:\/\/accesolatino.org\/wp-content\/uploads\/2020\/06\/Cursos-y-diplomados-encontrar\u00e1s-en-nuestra-herramienta.png\" \/>\n<meta name=\"twitter:site\" content=\"@FAccLatino\" \/>\n<meta name=\"twitter:label1\" content=\"Est. reading time\" \/>\n\t<meta name=\"twitter:data1\" content=\"1 minute\" \/>\n<script type=\"application\/ld+json\" class=\"yoast-schema-graph\">{\"@context\":\"https:\\\/\\\/schema.org\",\"@graph\":[{\"@type\":\"WebPage\",\"@id\":\"https:\\\/\\\/accesolatino.org\\\/en\\\/buscas-empleo\\\/cursos-y-diplomados-encontraras-en-nuestra-herramienta\\\/\",\"url\":\"https:\\\/\\\/accesolatino.org\\\/en\\\/buscas-empleo\\\/cursos-y-diplomados-encontraras-en-nuestra-herramienta\\\/\",\"name\":\"Cursos y diplomados encontrar\u00e1s en nuestra herramienta\",\"isPartOf\":{\"@id\":\"https:\\\/\\\/accesolatino.org\\\/#website\"},\"primaryImageOfPage\":{\"@id\":\"https:\\\/\\\/accesolatino.org\\\/en\\\/buscas-empleo\\\/cursos-y-diplomados-encontraras-en-nuestra-herramienta\\\/#primaryimage\"},\"image\":{\"@id\":\"https:\\\/\\\/accesolatino.org\\\/en\\\/buscas-empleo\\\/cursos-y-diplomados-encontraras-en-nuestra-herramienta\\\/#primaryimage\"},\"thumbnailUrl\":\"https:\\\/\\\/accesolatino.org\\\/wp-content\\\/uploads\\\/2020\\\/06\\\/Cursos-y-diplomados-encontrar\u00e1s-en-nuestra-herramienta.png\",\"datePublished\":\"2020-06-16T14:54:47+00:00\",\"dateModified\":\"2025-10-16T22:20:25+00:00\",\"description\":\"\u00bfBuscas empleo en Estados Unidos? Te compartimos algunas herramientas para capacitarte y encontrarlo - Acceso Latino\",\"breadcrumb\":{\"@id\":\"https:\\\/\\\/accesolatino.org\\\/en\\\/buscas-empleo\\\/cursos-y-diplomados-encontraras-en-nuestra-herramienta\\\/#breadcrumb\"},\"inLanguage\":\"en-US\",\"potentialAction\":[{\"@type\":\"ReadAction\",\"target\":[\"https:\\\/\\\/accesolatino.org\\\/en\\\/buscas-empleo\\\/cursos-y-diplomados-encontraras-en-nuestra-herramienta\\\/\"]}]},{\"@type\":\"ImageObject\",\"inLanguage\":\"en-US\",\"@id\":\"https:\\\/\\\/accesolatino.org\\\/en\\\/buscas-empleo\\\/cursos-y-diplomados-encontraras-en-nuestra-herramienta\\\/#primaryimage\",\"url\":\"https:\\\/\\\/accesolatino.org\\\/wp-content\\\/uploads\\\/2020\\\/06\\\/Cursos-y-diplomados-encontrar\u00e1s-en-nuestra-herramienta.png\",\"contentUrl\":\"https:\\\/\\\/accesolatino.org\\\/wp-content\\\/uploads\\\/2020\\\/06\\\/Cursos-y-diplomados-encontrar\u00e1s-en-nuestra-herramienta.png\",\"width\":600,\"height\":338,\"caption\":\"cursos\"},{\"@type\":\"BreadcrumbList\",\"@id\":\"https:\\\/\\\/accesolatino.org\\\/en\\\/buscas-empleo\\\/cursos-y-diplomados-encontraras-en-nuestra-herramienta\\\/#breadcrumb\",\"itemListElement\":[{\"@type\":\"ListItem\",\"position\":1,\"name\":\"Portada\",\"item\":\"https:\\\/\\\/accesolatino.org\\\/\"},{\"@type\":\"ListItem\",\"position\":2,\"name\":\"Buscas Empleo\",\"item\":\"https:\\\/\\\/accesolatino.org\\\/en\\\/buscas-empleo\\\/\"},{\"@type\":\"ListItem\",\"position\":3,\"name\":\"Cursos y diplomados encontrar\u00e1s en nuestra herramienta\"}]},{\"@type\":\"WebSite\",\"@id\":\"https:\\\/\\\/accesolatino.org\\\/#website\",\"url\":\"https:\\\/\\\/accesolatino.org\\\/\",\"name\":\"Acceso Latino | Fundaci\u00f3n Carlos Slim\",\"description\":\"Fundaci\u00f3n Carlos Slim\",\"publisher\":{\"@id\":\"https:\\\/\\\/accesolatino.org\\\/#organization\"},\"potentialAction\":[{\"@type\":\"SearchAction\",\"target\":{\"@type\":\"EntryPoint\",\"urlTemplate\":\"https:\\\/\\\/accesolatino.org\\\/?s={search_term_string}\"},\"query-input\":{\"@type\":\"PropertyValueSpecification\",\"valueRequired\":true,\"valueName\":\"search_term_string\"}}],\"inLanguage\":\"en-US\"},{\"@type\":\"Organization\",\"@id\":\"https:\\\/\\\/accesolatino.org\\\/#organization\",\"name\":\"Acceso Latino | Fundaci\u00f3n Carlos Slim\",\"url\":\"https:\\\/\\\/accesolatino.org\\\/\",\"logo\":{\"@type\":\"ImageObject\",\"inLanguage\":\"en-US\",\"@id\":\"https:\\\/\\\/accesolatino.org\\\/#\\\/schema\\\/logo\\\/image\\\/\",\"url\":\"https:\\\/\\\/accesolatino.org\\\/wp-content\\\/uploads\\\/2021\\\/02\\\/logo-footer-acceso-latino.png\",\"contentUrl\":\"https:\\\/\\\/accesolatino.org\\\/wp-content\\\/uploads\\\/2021\\\/02\\\/logo-footer-acceso-latino.png\",\"width\":240,\"height\":40,\"caption\":\"Acceso Latino | Fundaci\u00f3n Carlos Slim\"},\"image\":{\"@id\":\"https:\\\/\\\/accesolatino.org\\\/#\\\/schema\\\/logo\\\/image\\\/\"},\"sameAs\":[\"https:\\\/\\\/www.facebook.com\\\/AccesoLatinoOrg\",\"https:\\\/\\\/x.com\\\/FAccLatino\"]}]}<\/script>\n<!-- \/ Yoast SEO plugin. -->","yoast_head_json":{"title":"Courses and diplomas you will find in our tool","description":"\u00bfBuscas empleo en Estados Unidos? Te compartimos algunas herramientas para capacitarte y encontrarlo - Acceso Latino","robots":{"index":"index","follow":"follow","max-snippet":"max-snippet:-1","max-image-preview":"max-image-preview:large","max-video-preview":"max-video-preview:-1"},"canonical":"https:\/\/accesolatino.org\/en\/buscas-empleo\/cursos-y-diplomados-encontraras-en-nuestra-herramienta\/","og_locale":"en_US","og_type":"article","og_title":"Acceso Latino | Cursos y diplomados encontrar\u00e1s en nuestra herramienta","og_description":"\u00bfBuscas empleo en Estados Unidos? Te compartimos algunas herrmientas para capacitarte y encontrarlo.","og_url":"https:\/\/accesolatino.org\/en\/buscas-empleo\/cursos-y-diplomados-encontraras-en-nuestra-herramienta\/","og_site_name":"Acceso Latino","article_publisher":"https:\/\/www.facebook.com\/AccesoLatinoOrg","article_modified_time":"2025-10-16T22:20:25+00:00","og_image":[{"width":600,"height":338,"url":"https:\/\/accesolatino.org\/wp-content\/uploads\/2020\/06\/Cursos-y-diplomados-encontrar\u00e1s-en-nuestra-herramienta.png","type":"image\/png"}],"twitter_card":"summary_large_image","twitter_title":"Acceso Latino | Cursos y diplomados encontrar\u00e1s en nuestra herramienta","twitter_description":"\u00bfBuscas empleo en Estados Unidos? Te compartimos algunas herrmientas para capacitarte y encontrarlo.","twitter_image":"https:\/\/accesolatino.org\/wp-content\/uploads\/2020\/06\/Cursos-y-diplomados-encontrar\u00e1s-en-nuestra-herramienta.png","twitter_site":"@FAccLatino","twitter_misc":{"Est. reading time":"1 minute"},"schema":{"@context":"https:\/\/schema.org","@graph":[{"@type":"WebPage","@id":"https:\/\/accesolatino.org\/en\/buscas-empleo\/cursos-y-diplomados-encontraras-en-nuestra-herramienta\/","url":"https:\/\/accesolatino.org\/en\/buscas-empleo\/cursos-y-diplomados-encontraras-en-nuestra-herramienta\/","name":"Courses and diplomas you will find in our tool","isPartOf":{"@id":"https:\/\/accesolatino.org\/#website"},"primaryImageOfPage":{"@id":"https:\/\/accesolatino.org\/en\/buscas-empleo\/cursos-y-diplomados-encontraras-en-nuestra-herramienta\/#primaryimage"},"image":{"@id":"https:\/\/accesolatino.org\/en\/buscas-empleo\/cursos-y-diplomados-encontraras-en-nuestra-herramienta\/#primaryimage"},"thumbnailUrl":"https:\/\/accesolatino.org\/wp-content\/uploads\/2020\/06\/Cursos-y-diplomados-encontrar\u00e1s-en-nuestra-herramienta.png","datePublished":"2020-06-16T14:54:47+00:00","dateModified":"2025-10-16T22:20:25+00:00","description":"\u00bfBuscas empleo en Estados Unidos? Te compartimos algunas herramientas para capacitarte y encontrarlo - Acceso Latino","breadcrumb":{"@id":"https:\/\/accesolatino.org\/en\/buscas-empleo\/cursos-y-diplomados-encontraras-en-nuestra-herramienta\/#breadcrumb"},"inLanguage":"en-US","potentialAction":[{"@type":"ReadAction","target":["https:\/\/accesolatino.org\/en\/buscas-empleo\/cursos-y-diplomados-encontraras-en-nuestra-herramienta\/"]}]},{"@type":"ImageObject","inLanguage":"en-US","@id":"https:\/\/accesolatino.org\/en\/buscas-empleo\/cursos-y-diplomados-encontraras-en-nuestra-herramienta\/#primaryimage","url":"https:\/\/accesolatino.org\/wp-content\/uploads\/2020\/06\/Cursos-y-diplomados-encontrar\u00e1s-en-nuestra-herramienta.png","contentUrl":"https:\/\/accesolatino.org\/wp-content\/uploads\/2020\/06\/Cursos-y-diplomados-encontrar\u00e1s-en-nuestra-herramienta.png","width":600,"height":338,"caption":"cursos"},{"@type":"BreadcrumbList","@id":"https:\/\/accesolatino.org\/en\/buscas-empleo\/cursos-y-diplomados-encontraras-en-nuestra-herramienta\/#breadcrumb","itemListElement":[{"@type":"ListItem","position":1,"name":"Portada","item":"https:\/\/accesolatino.org\/"},{"@type":"ListItem","position":2,"name":"Buscas Empleo","item":"https:\/\/accesolatino.org\/en\/buscas-empleo\/"},{"@type":"ListItem","position":3,"name":"Cursos y diplomados encontrar\u00e1s en nuestra herramienta"}]},{"@type":"WebSite","@id":"https:\/\/accesolatino.org\/#website","url":"https:\/\/accesolatino.org\/","name":"Acceso Latino | Fundaci\u00f3n Carlos Slim","description":"Fundaci\u00f3n Carlos Slim","publisher":{"@id":"https:\/\/accesolatino.org\/#organization"},"potentialAction":[{"@type":"SearchAction","target":{"@type":"EntryPoint","urlTemplate":"https:\/\/accesolatino.org\/?s={search_term_string}"},"query-input":{"@type":"PropertyValueSpecification","valueRequired":true,"valueName":"search_term_string"}}],"inLanguage":"en-US"},{"@type":"Organization","@id":"https:\/\/accesolatino.org\/#organization","name":"Acceso Latino | Fundaci\u00f3n Carlos Slim","url":"https:\/\/accesolatino.org\/","logo":{"@type":"ImageObject","inLanguage":"en-US","@id":"https:\/\/accesolatino.org\/#\/schema\/logo\/image\/","url":"https:\/\/accesolatino.org\/wp-content\/uploads\/2021\/02\/logo-footer-acceso-latino.png","contentUrl":"https:\/\/accesolatino.org\/wp-content\/uploads\/2021\/02\/logo-footer-acceso-latino.png","width":240,"height":40,"caption":"Acceso Latino | Fundaci\u00f3n Carlos Slim"},"image":{"@id":"https:\/\/accesolatino.org\/#\/schema\/logo\/image\/"},"sameAs":["https:\/\/www.facebook.com\/AccesoLatinoOrg","https:\/\/x.com\/FAccLatino"]}]}},"_links":{"self":[{"href":"https:\/\/accesolatino.org\/en\/wp-json\/wp\/v2\/pages\/21676","targetHints":{"allow":["GET"]}}],"collection":[{"href":"https:\/\/accesolatino.org\/en\/wp-json\/wp\/v2\/pages"}],"about":[{"href":"https:\/\/accesolatino.org\/en\/wp-json\/wp\/v2\/types\/page"}],"author":[{"embeddable":true,"href":"https:\/\/accesolatino.org\/en\/wp-json\/wp\/v2\/users\/5"}],"replies":[{"embeddable":true,"href":"https:\/\/accesolatino.org\/en\/wp-json\/wp\/v2\/comments?post=21676"}],"version-history":[{"count":1,"href":"https:\/\/accesolatino.org\/en\/wp-json\/wp\/v2\/pages\/21676\/revisions"}],"predecessor-version":[{"id":64143,"href":"https:\/\/accesolatino.org\/en\/wp-json\/wp\/v2\/pages\/21676\/revisions\/64143"}],"up":[{"embeddable":true,"href":"https:\/\/accesolatino.org\/en\/wp-json\/wp\/v2\/pages\/2747"}],"wp:featuredmedia":[{"embeddable":true,"href":"https:\/\/accesolatino.org\/en\/wp-json\/wp\/v2\/media\/21677"}],"wp:attachment":[{"href":"https:\/\/accesolatino.org\/en\/wp-json\/wp\/v2\/media?parent=21676"}],"curies":[{"name":"wp","href":"https:\/\/api.w.org\/{rel}","templated":true}]}}