{"id":21639,"date":"2020-06-12T09:58:53","date_gmt":"2020-06-12T14:58:53","guid":{"rendered":"https:\/\/accesolatino.org\/?page_id=21639"},"modified":"2025-10-16T17:30:14","modified_gmt":"2025-10-16T23:30:14","slug":"conoce-aila-una-red-de-abogados-con-costos-accesibles","status":"publish","type":"page","link":"https:\/\/accesolatino.org\/en\/conoce-aila-una-red-de-abogados-con-costos-accesibles\/","title":{"rendered":"Meet AILA, a network of lawyers with affordable costs"},"content":{"rendered":"<div data-elementor-type=\"wp-post\" data-elementor-id=\"21639\" class=\"elementor elementor-21639\">\n\t\t\t\t\t\t<section class=\"elementor-section elementor-top-section elementor-element elementor-element-5dc6c93 elementor-section-full_width elementor-section-height-min-height elementor-section-items-stretch elementor-section-height-default wpr-particle-no wpr-jarallax-no wpr-parallax-no wpr-sticky-section-no wpr-equal-height-no\" data-id=\"5dc6c93\" data-element_type=\"section\" data-e-type=\"section\" data-settings=\"{&quot;background_background&quot;:&quot;classic&quot;}\">\n\t\t\t\t\t\t<div class=\"elementor-container elementor-column-gap-no\">\n\t\t\t\t\t<div class=\"elementor-column elementor-col-100 elementor-top-column elementor-element elementor-element-6d77ce6\" data-id=\"6d77ce6\" data-element_type=\"column\" data-e-type=\"column\">\n\t\t\t<div class=\"elementor-widget-wrap elementor-element-populated\">\n\t\t\t\t\t\t<div class=\"elementor-element elementor-element-ec82c7b elementor--h-position-center elementor--v-position-middle elementor-widget elementor-widget-slides\" data-id=\"ec82c7b\" data-element_type=\"widget\" data-e-type=\"widget\" data-settings=\"{&quot;navigation&quot;:&quot;none&quot;,&quot;infinite&quot;:&quot;yes&quot;,&quot;transition&quot;:&quot;slide&quot;,&quot;transition_speed&quot;:500}\" data-widget_type=\"slides.default\">\n\t\t\t\t<div class=\"elementor-widget-container\">\n\t\t\t\t\t\t\t<div class=\"elementor-swiper\">\n\t\t\t<div class=\"elementor-slides-wrapper elementor-main-swiper swiper-container\" dir=\"ltr\" data-animation=\"\">\n\t\t\t\t<div class=\"swiper-wrapper elementor-slides\">\n\t\t\t\t\t\t\t\t\t\t<div class=\"elementor-repeater-item-d983a28 swiper-slide\"><div class=\"swiper-slide-bg\"><\/div><div class=\"swiper-slide-inner\" ><div class=\"swiper-slide-contents\"><div class=\"elementor-slide-heading\">Legal Guidance<\/div><\/div><\/div><\/div>\t\t\t\t<\/div>\n\t\t\t\t\t\t\t<\/div>\n\t\t<\/div>\n\t\t\t\t\t\t<\/div>\n\t\t\t\t<\/div>\n\t\t\t\t\t<\/div>\n\t\t<\/div>\n\t\t\t\t\t<\/div>\n\t\t<\/section>\n\t\t\t\t<section class=\"elementor-section elementor-top-section elementor-element elementor-element-6e30395 elementor-section-stretched elementor-section-boxed elementor-section-height-default elementor-section-height-default wpr-particle-no wpr-jarallax-no wpr-parallax-no wpr-sticky-section-no wpr-equal-height-no\" data-id=\"6e30395\" data-element_type=\"section\" data-e-type=\"section\" data-settings=\"{&quot;stretch_section&quot;:&quot;section-stretched&quot;,&quot;background_background&quot;:&quot;classic&quot;}\">\n\t\t\t\t\t\t<div class=\"elementor-container elementor-column-gap-default\">\n\t\t\t\t\t<div class=\"elementor-column elementor-col-100 elementor-top-column elementor-element elementor-element-a3f9289\" data-id=\"a3f9289\" data-element_type=\"column\" data-e-type=\"column\">\n\t\t\t<div class=\"elementor-widget-wrap elementor-element-populated\">\n\t\t\t\t\t\t<div class=\"elementor-element elementor-element-918d2cb elementor-widget elementor-widget-heading\" data-id=\"918d2cb\" data-element_type=\"widget\" data-e-type=\"widget\" data-widget_type=\"heading.default\">\n\t\t\t\t<div class=\"elementor-widget-container\">\n\t\t\t\t\t<h3 class=\"elementor-heading-title elementor-size-default\">Meet AILA, a network of lawyers with affordable costs<\/h3>\t\t\t\t<\/div>\n\t\t\t\t<\/div>\n\t\t\t\t<div class=\"elementor-element elementor-element-0633de6 elementor-widget elementor-widget-text-editor\" data-id=\"0633de6\" data-element_type=\"widget\" data-e-type=\"widget\" data-widget_type=\"text-editor.default\">\n\t\t\t\t<div class=\"elementor-widget-container\">\n\t\t\t\t\t\t\t\t\t<p>La secci\u00f3n <a href=\"https:\/\/accesolatino.org\/en\/orientacion-legal\/\"><strong>\u201cOrientaci\u00f3n Legal\u201d<\/strong><\/a> cuenta con la herramienta <a href=\"http:\/\/www.aila.org\/\" target=\"_blank\" rel=\"noopener\"><strong>AILA: Abogados confiables con costo<\/strong><\/a> que ofrece asesor\u00eda legal donde podr\u00e1s atender tu situaci\u00f3n migratoria.<\/p><p>Creada en 1946, <em>American Immigration Lawyers Association<\/em> (AILA), es una organizaci\u00f3n sin afiliaci\u00f3n a un partido pol\u00edtico y no sin fines lucrativos, que brinda apoyo legal, informaci\u00f3n y servicios profesionales legales.<\/p><p>Con m\u00e1s de 15 mil abogados y profesores de derecho, ejercen y ense\u00f1an las leyes migratorias. Los expertos de AILA representan y apoyan a familias inmigrantes e indocumentadas a obtener la residencia permanente para familiares cercanos o para s\u00ed mismos.<\/p><p>AILA tambi\u00e9n representan y asesora a estudiantes extranjeros, \u201c<em>dreamers<\/em>\u201d, artistas, atletas y solicitantes de asilo de forma gratuita.<\/p><p><strong>Acceso Latino<\/strong>, your first immigration consultation window.<\/p>\t\t\t\t\t\t\t\t<\/div>\n\t\t\t\t<\/div>\n\t\t\t\t<div class=\"elementor-element elementor-element-5f8ed99 elementor-widget elementor-widget-spacer\" data-id=\"5f8ed99\" data-element_type=\"widget\" data-e-type=\"widget\" data-widget_type=\"spacer.default\">\n\t\t\t\t<div class=\"elementor-widget-container\">\n\t\t\t\t\t\t\t<div class=\"elementor-spacer\">\n\t\t\t<div class=\"elementor-spacer-inner\"><\/div>\n\t\t<\/div>\n\t\t\t\t\t\t<\/div>\n\t\t\t\t<\/div>\n\t\t\t\t\t<\/div>\n\t\t<\/div>\n\t\t\t\t\t<\/div>\n\t\t<\/section>\n\t\t\t\t<\/div>","protected":false},"excerpt":{"rendered":"<p>Orientaci\u00f3n Legal Conoce AILA, una red de abogados con costos accesibles La secci\u00f3n \u201cOrientaci\u00f3n Legal\u201d cuenta con la herramienta AILA: Abogados confiables con costo que ofrece asesor\u00eda legal donde podr\u00e1s atender tu situaci\u00f3n migratoria. Creada en 1946, American Immigration Lawyers Association (AILA), es una organizaci\u00f3n sin afiliaci\u00f3n a un partido pol\u00edtico y no sin fines lucrativos, que brinda apoyo legal, informaci\u00f3n y servicios profesionales legales. Con m\u00e1s de 15 mil abogados y profesores de derecho, ejercen y ense\u00f1an las leyes migratorias. Los expertos de AILA representan y apoyan a familias inmigrantes e indocumentadas a obtener la residencia permanente para familiares cercanos o para s\u00ed mismos. AILA tambi\u00e9n representan y asesora a estudiantes extranjeros, \u201cdreamers\u201d, artistas, atletas y solicitantes de asilo de forma gratuita. Acceso Latino, tu primera ventana de consulta migratoria.<\/p>","protected":false},"author":8,"featured_media":21642,"parent":0,"menu_order":0,"comment_status":"closed","ping_status":"closed","template":"elementor_header_footer","meta":{"_uf_show_specific_survey":0,"_uf_disable_surveys":false,"footnotes":""},"class_list":["post-21639","page","type-page","status-publish","has-post-thumbnail"],"aioseo_notices":[],"yoast_head":"<!-- This site is optimized with the Yoast SEO plugin v27.4 - https:\/\/yoast.com\/product\/yoast-seo-wordpress\/ -->\n<title>Conoce AILA, una red de abogados con costos accesibles<\/title>\n<meta name=\"description\" content=\"Conoce la forma en la que pueden ayudarte abogados sin costo\" \/>\n<meta name=\"robots\" content=\"index, follow, max-snippet:-1, max-image-preview:large, max-video-preview:-1\" \/>\n<link rel=\"canonical\" href=\"https:\/\/accesolatino.org\/en\/conoce-aila-una-red-de-abogados-con-costos-accesibles\/\" \/>\n<meta property=\"og:locale\" content=\"en_US\" \/>\n<meta property=\"og:type\" content=\"article\" \/>\n<meta property=\"og:title\" content=\"Acceso Latino | Conoce AILA, una red de abogados con costos accesibles\" \/>\n<meta property=\"og:description\" content=\"Conoce la forma en la que pueden ayudarte abogados sin costo\" \/>\n<meta property=\"og:url\" content=\"https:\/\/accesolatino.org\/en\/conoce-aila-una-red-de-abogados-con-costos-accesibles\/\" \/>\n<meta property=\"og:site_name\" content=\"Acceso Latino\" \/>\n<meta property=\"article:publisher\" content=\"https:\/\/www.facebook.com\/AccesoLatinoOrg\" \/>\n<meta property=\"article:modified_time\" content=\"2025-10-16T23:30:14+00:00\" \/>\n<meta property=\"og:image\" content=\"https:\/\/accesolatino.org\/wp-content\/uploads\/2020\/06\/Conoce-AILA-una-red-de-abogados-a-bajo-costo.png\" \/>\n\t<meta property=\"og:image:width\" content=\"600\" \/>\n\t<meta property=\"og:image:height\" content=\"338\" \/>\n\t<meta property=\"og:image:type\" content=\"image\/png\" \/>\n<meta name=\"twitter:card\" content=\"summary_large_image\" \/>\n<meta name=\"twitter:title\" content=\"Acceso Latino | Conoce AILA, una red de abogados con costos accesibles\" \/>\n<meta name=\"twitter:description\" content=\"Conoce la forma en la que pueden ayudarte abogados sin costo\" \/>\n<meta name=\"twitter:image\" content=\"https:\/\/accesolatino.org\/wp-content\/uploads\/2020\/06\/Conoce-AILA-una-red-de-abogados-a-bajo-costo.png\" \/>\n<meta name=\"twitter:site\" content=\"@FAccLatino\" \/>\n<meta name=\"twitter:label1\" content=\"Est. reading time\" \/>\n\t<meta name=\"twitter:data1\" content=\"1 minute\" \/>\n<script type=\"application\/ld+json\" class=\"yoast-schema-graph\">{\"@context\":\"https:\\\/\\\/schema.org\",\"@graph\":[{\"@type\":\"WebPage\",\"@id\":\"https:\\\/\\\/accesolatino.org\\\/en\\\/conoce-aila-una-red-de-abogados-con-costos-accesibles\\\/\",\"url\":\"https:\\\/\\\/accesolatino.org\\\/en\\\/conoce-aila-una-red-de-abogados-con-costos-accesibles\\\/\",\"name\":\"Conoce AILA, una red de abogados con costos accesibles\",\"isPartOf\":{\"@id\":\"https:\\\/\\\/accesolatino.org\\\/#website\"},\"primaryImageOfPage\":{\"@id\":\"https:\\\/\\\/accesolatino.org\\\/en\\\/conoce-aila-una-red-de-abogados-con-costos-accesibles\\\/#primaryimage\"},\"image\":{\"@id\":\"https:\\\/\\\/accesolatino.org\\\/en\\\/conoce-aila-una-red-de-abogados-con-costos-accesibles\\\/#primaryimage\"},\"thumbnailUrl\":\"https:\\\/\\\/accesolatino.org\\\/wp-content\\\/uploads\\\/2020\\\/06\\\/Conoce-AILA-una-red-de-abogados-a-bajo-costo.png\",\"datePublished\":\"2020-06-12T14:58:53+00:00\",\"dateModified\":\"2025-10-16T23:30:14+00:00\",\"description\":\"Conoce la forma en la que pueden ayudarte abogados sin costo\",\"breadcrumb\":{\"@id\":\"https:\\\/\\\/accesolatino.org\\\/en\\\/conoce-aila-una-red-de-abogados-con-costos-accesibles\\\/#breadcrumb\"},\"inLanguage\":\"en-US\",\"potentialAction\":[{\"@type\":\"ReadAction\",\"target\":[\"https:\\\/\\\/accesolatino.org\\\/en\\\/conoce-aila-una-red-de-abogados-con-costos-accesibles\\\/\"]}]},{\"@type\":\"ImageObject\",\"inLanguage\":\"en-US\",\"@id\":\"https:\\\/\\\/accesolatino.org\\\/en\\\/conoce-aila-una-red-de-abogados-con-costos-accesibles\\\/#primaryimage\",\"url\":\"https:\\\/\\\/accesolatino.org\\\/wp-content\\\/uploads\\\/2020\\\/06\\\/Conoce-AILA-una-red-de-abogados-a-bajo-costo.png\",\"contentUrl\":\"https:\\\/\\\/accesolatino.org\\\/wp-content\\\/uploads\\\/2020\\\/06\\\/Conoce-AILA-una-red-de-abogados-a-bajo-costo.png\",\"width\":600,\"height\":338,\"caption\":\"AILA\"},{\"@type\":\"BreadcrumbList\",\"@id\":\"https:\\\/\\\/accesolatino.org\\\/en\\\/conoce-aila-una-red-de-abogados-con-costos-accesibles\\\/#breadcrumb\",\"itemListElement\":[{\"@type\":\"ListItem\",\"position\":1,\"name\":\"Portada\",\"item\":\"https:\\\/\\\/accesolatino.org\\\/\"},{\"@type\":\"ListItem\",\"position\":2,\"name\":\"Conoce AILA, una red de abogados con costos accesibles\"}]},{\"@type\":\"WebSite\",\"@id\":\"https:\\\/\\\/accesolatino.org\\\/#website\",\"url\":\"https:\\\/\\\/accesolatino.org\\\/\",\"name\":\"Acceso Latino | Fundaci\u00f3n Carlos Slim\",\"description\":\"Fundaci\u00f3n Carlos Slim\",\"publisher\":{\"@id\":\"https:\\\/\\\/accesolatino.org\\\/#organization\"},\"potentialAction\":[{\"@type\":\"SearchAction\",\"target\":{\"@type\":\"EntryPoint\",\"urlTemplate\":\"https:\\\/\\\/accesolatino.org\\\/?s={search_term_string}\"},\"query-input\":{\"@type\":\"PropertyValueSpecification\",\"valueRequired\":true,\"valueName\":\"search_term_string\"}}],\"inLanguage\":\"en-US\"},{\"@type\":\"Organization\",\"@id\":\"https:\\\/\\\/accesolatino.org\\\/#organization\",\"name\":\"Acceso Latino | Fundaci\u00f3n Carlos Slim\",\"url\":\"https:\\\/\\\/accesolatino.org\\\/\",\"logo\":{\"@type\":\"ImageObject\",\"inLanguage\":\"en-US\",\"@id\":\"https:\\\/\\\/accesolatino.org\\\/#\\\/schema\\\/logo\\\/image\\\/\",\"url\":\"https:\\\/\\\/accesolatino.org\\\/wp-content\\\/uploads\\\/2021\\\/02\\\/logo-footer-acceso-latino.png\",\"contentUrl\":\"https:\\\/\\\/accesolatino.org\\\/wp-content\\\/uploads\\\/2021\\\/02\\\/logo-footer-acceso-latino.png\",\"width\":240,\"height\":40,\"caption\":\"Acceso Latino | Fundaci\u00f3n Carlos Slim\"},\"image\":{\"@id\":\"https:\\\/\\\/accesolatino.org\\\/#\\\/schema\\\/logo\\\/image\\\/\"},\"sameAs\":[\"https:\\\/\\\/www.facebook.com\\\/AccesoLatinoOrg\",\"https:\\\/\\\/x.com\\\/FAccLatino\"]}]}<\/script>\n<!-- \/ Yoast SEO plugin. -->","yoast_head_json":{"title":"Meet AILA, a network of lawyers with affordable costs","description":"Conoce la forma en la que pueden ayudarte abogados sin costo","robots":{"index":"index","follow":"follow","max-snippet":"max-snippet:-1","max-image-preview":"max-image-preview:large","max-video-preview":"max-video-preview:-1"},"canonical":"https:\/\/accesolatino.org\/en\/conoce-aila-una-red-de-abogados-con-costos-accesibles\/","og_locale":"en_US","og_type":"article","og_title":"Acceso Latino | Conoce AILA, una red de abogados con costos accesibles","og_description":"Conoce la forma en la que pueden ayudarte abogados sin costo","og_url":"https:\/\/accesolatino.org\/en\/conoce-aila-una-red-de-abogados-con-costos-accesibles\/","og_site_name":"Acceso Latino","article_publisher":"https:\/\/www.facebook.com\/AccesoLatinoOrg","article_modified_time":"2025-10-16T23:30:14+00:00","og_image":[{"width":600,"height":338,"url":"https:\/\/accesolatino.org\/wp-content\/uploads\/2020\/06\/Conoce-AILA-una-red-de-abogados-a-bajo-costo.png","type":"image\/png"}],"twitter_card":"summary_large_image","twitter_title":"Acceso Latino | Conoce AILA, una red de abogados con costos accesibles","twitter_description":"Conoce la forma en la que pueden ayudarte abogados sin costo","twitter_image":"https:\/\/accesolatino.org\/wp-content\/uploads\/2020\/06\/Conoce-AILA-una-red-de-abogados-a-bajo-costo.png","twitter_site":"@FAccLatino","twitter_misc":{"Est. reading time":"1 minute"},"schema":{"@context":"https:\/\/schema.org","@graph":[{"@type":"WebPage","@id":"https:\/\/accesolatino.org\/en\/conoce-aila-una-red-de-abogados-con-costos-accesibles\/","url":"https:\/\/accesolatino.org\/en\/conoce-aila-una-red-de-abogados-con-costos-accesibles\/","name":"Meet AILA, a network of lawyers with affordable costs","isPartOf":{"@id":"https:\/\/accesolatino.org\/#website"},"primaryImageOfPage":{"@id":"https:\/\/accesolatino.org\/en\/conoce-aila-una-red-de-abogados-con-costos-accesibles\/#primaryimage"},"image":{"@id":"https:\/\/accesolatino.org\/en\/conoce-aila-una-red-de-abogados-con-costos-accesibles\/#primaryimage"},"thumbnailUrl":"https:\/\/accesolatino.org\/wp-content\/uploads\/2020\/06\/Conoce-AILA-una-red-de-abogados-a-bajo-costo.png","datePublished":"2020-06-12T14:58:53+00:00","dateModified":"2025-10-16T23:30:14+00:00","description":"Conoce la forma en la que pueden ayudarte abogados sin costo","breadcrumb":{"@id":"https:\/\/accesolatino.org\/en\/conoce-aila-una-red-de-abogados-con-costos-accesibles\/#breadcrumb"},"inLanguage":"en-US","potentialAction":[{"@type":"ReadAction","target":["https:\/\/accesolatino.org\/en\/conoce-aila-una-red-de-abogados-con-costos-accesibles\/"]}]},{"@type":"ImageObject","inLanguage":"en-US","@id":"https:\/\/accesolatino.org\/en\/conoce-aila-una-red-de-abogados-con-costos-accesibles\/#primaryimage","url":"https:\/\/accesolatino.org\/wp-content\/uploads\/2020\/06\/Conoce-AILA-una-red-de-abogados-a-bajo-costo.png","contentUrl":"https:\/\/accesolatino.org\/wp-content\/uploads\/2020\/06\/Conoce-AILA-una-red-de-abogados-a-bajo-costo.png","width":600,"height":338,"caption":"AILA"},{"@type":"BreadcrumbList","@id":"https:\/\/accesolatino.org\/en\/conoce-aila-una-red-de-abogados-con-costos-accesibles\/#breadcrumb","itemListElement":[{"@type":"ListItem","position":1,"name":"Portada","item":"https:\/\/accesolatino.org\/"},{"@type":"ListItem","position":2,"name":"Conoce AILA, una red de abogados con costos accesibles"}]},{"@type":"WebSite","@id":"https:\/\/accesolatino.org\/#website","url":"https:\/\/accesolatino.org\/","name":"Acceso Latino | Fundaci\u00f3n Carlos Slim","description":"Fundaci\u00f3n Carlos Slim","publisher":{"@id":"https:\/\/accesolatino.org\/#organization"},"potentialAction":[{"@type":"SearchAction","target":{"@type":"EntryPoint","urlTemplate":"https:\/\/accesolatino.org\/?s={search_term_string}"},"query-input":{"@type":"PropertyValueSpecification","valueRequired":true,"valueName":"search_term_string"}}],"inLanguage":"en-US"},{"@type":"Organization","@id":"https:\/\/accesolatino.org\/#organization","name":"Acceso Latino | Fundaci\u00f3n Carlos Slim","url":"https:\/\/accesolatino.org\/","logo":{"@type":"ImageObject","inLanguage":"en-US","@id":"https:\/\/accesolatino.org\/#\/schema\/logo\/image\/","url":"https:\/\/accesolatino.org\/wp-content\/uploads\/2021\/02\/logo-footer-acceso-latino.png","contentUrl":"https:\/\/accesolatino.org\/wp-content\/uploads\/2021\/02\/logo-footer-acceso-latino.png","width":240,"height":40,"caption":"Acceso Latino | Fundaci\u00f3n Carlos Slim"},"image":{"@id":"https:\/\/accesolatino.org\/#\/schema\/logo\/image\/"},"sameAs":["https:\/\/www.facebook.com\/AccesoLatinoOrg","https:\/\/x.com\/FAccLatino"]}]}},"_links":{"self":[{"href":"https:\/\/accesolatino.org\/en\/wp-json\/wp\/v2\/pages\/21639","targetHints":{"allow":["GET"]}}],"collection":[{"href":"https:\/\/accesolatino.org\/en\/wp-json\/wp\/v2\/pages"}],"about":[{"href":"https:\/\/accesolatino.org\/en\/wp-json\/wp\/v2\/types\/page"}],"author":[{"embeddable":true,"href":"https:\/\/accesolatino.org\/en\/wp-json\/wp\/v2\/users\/8"}],"replies":[{"embeddable":true,"href":"https:\/\/accesolatino.org\/en\/wp-json\/wp\/v2\/comments?post=21639"}],"version-history":[{"count":1,"href":"https:\/\/accesolatino.org\/en\/wp-json\/wp\/v2\/pages\/21639\/revisions"}],"predecessor-version":[{"id":64170,"href":"https:\/\/accesolatino.org\/en\/wp-json\/wp\/v2\/pages\/21639\/revisions\/64170"}],"wp:featuredmedia":[{"embeddable":true,"href":"https:\/\/accesolatino.org\/en\/wp-json\/wp\/v2\/media\/21642"}],"wp:attachment":[{"href":"https:\/\/accesolatino.org\/en\/wp-json\/wp\/v2\/media?parent=21639"}],"curies":[{"name":"wp","href":"https:\/\/api.w.org\/{rel}","templated":true}]}}