{"id":21354,"date":"2020-05-26T10:43:57","date_gmt":"2020-05-26T15:43:57","guid":{"rendered":"https:\/\/accesolatino.org\/?page_id=21354"},"modified":"2025-10-16T12:37:25","modified_gmt":"2025-10-16T18:37:25","slug":"secretaria-de-salud-tu-apoyo-de-atencion-medica","status":"publish","type":"page","link":"https:\/\/accesolatino.org\/en\/salud\/secretaria-de-salud-tu-apoyo-de-atencion-medica\/","title":{"rendered":"Secretar\u00eda de Salud, your health care support"},"content":{"rendered":"<div data-elementor-type=\"wp-post\" data-elementor-id=\"21354\" class=\"elementor elementor-21354\">\n\t\t\t\t\t\t<section class=\"elementor-section elementor-top-section elementor-element elementor-element-bec195f elementor-section-full_width elementor-section-height-min-height elementor-section-items-stretch elementor-section-height-default wpr-particle-no wpr-jarallax-no wpr-parallax-no wpr-sticky-section-no wpr-equal-height-no\" data-id=\"bec195f\" data-element_type=\"section\" data-e-type=\"section\" data-settings=\"{&quot;background_background&quot;:&quot;classic&quot;}\">\n\t\t\t\t\t\t<div class=\"elementor-container elementor-column-gap-no\">\n\t\t\t\t\t<div class=\"elementor-column elementor-col-100 elementor-top-column elementor-element elementor-element-c33e10b\" data-id=\"c33e10b\" data-element_type=\"column\" data-e-type=\"column\">\n\t\t\t<div class=\"elementor-widget-wrap elementor-element-populated\">\n\t\t\t\t\t\t<div class=\"elementor-element elementor-element-b00e099 elementor--h-position-center elementor--v-position-middle elementor-widget elementor-widget-slides\" data-id=\"b00e099\" data-element_type=\"widget\" data-e-type=\"widget\" data-settings=\"{&quot;navigation&quot;:&quot;none&quot;,&quot;infinite&quot;:&quot;yes&quot;,&quot;transition&quot;:&quot;slide&quot;,&quot;transition_speed&quot;:500}\" data-widget_type=\"slides.default\">\n\t\t\t\t<div class=\"elementor-widget-container\">\n\t\t\t\t\t\t\t<div class=\"elementor-swiper\">\n\t\t\t<div class=\"elementor-slides-wrapper elementor-main-swiper swiper-container\" dir=\"ltr\" data-animation=\"\">\n\t\t\t\t<div class=\"swiper-wrapper elementor-slides\">\n\t\t\t\t\t\t\t\t\t\t<div class=\"elementor-repeater-item-d983a28 swiper-slide\"><div class=\"swiper-slide-bg\"><\/div><div class=\"swiper-slide-inner\" ><div class=\"swiper-slide-contents\"><div class=\"elementor-slide-heading\">Health<\/div><\/div><\/div><\/div>\t\t\t\t<\/div>\n\t\t\t\t\t\t\t<\/div>\n\t\t<\/div>\n\t\t\t\t\t\t<\/div>\n\t\t\t\t<\/div>\n\t\t\t\t\t<\/div>\n\t\t<\/div>\n\t\t\t\t\t<\/div>\n\t\t<\/section>\n\t\t\t\t<section class=\"elementor-section elementor-top-section elementor-element elementor-element-a951157 elementor-section-stretched elementor-section-boxed elementor-section-height-default elementor-section-height-default wpr-particle-no wpr-jarallax-no wpr-parallax-no wpr-sticky-section-no wpr-equal-height-no\" data-id=\"a951157\" data-element_type=\"section\" data-e-type=\"section\" data-settings=\"{&quot;stretch_section&quot;:&quot;section-stretched&quot;,&quot;background_background&quot;:&quot;classic&quot;}\">\n\t\t\t\t\t\t<div class=\"elementor-container elementor-column-gap-default\">\n\t\t\t\t\t<div class=\"elementor-column elementor-col-100 elementor-top-column elementor-element elementor-element-f9954b1\" data-id=\"f9954b1\" data-element_type=\"column\" data-e-type=\"column\">\n\t\t\t<div class=\"elementor-widget-wrap elementor-element-populated\">\n\t\t\t\t\t\t<div class=\"elementor-element elementor-element-f9b74f5 elementor-widget elementor-widget-heading\" data-id=\"f9b74f5\" data-element_type=\"widget\" data-e-type=\"widget\" data-widget_type=\"heading.default\">\n\t\t\t\t<div class=\"elementor-widget-container\">\n\t\t\t\t\t<h3 class=\"elementor-heading-title elementor-size-default\">Secretar\u00eda de Salud, your health care support<\/h3>\t\t\t\t<\/div>\n\t\t\t\t<\/div>\n\t\t\t\t<div class=\"elementor-element elementor-element-3576ce6 elementor-widget elementor-widget-text-editor\" data-id=\"3576ce6\" data-element_type=\"widget\" data-e-type=\"widget\" data-widget_type=\"text-editor.default\">\n\t\t\t\t<div class=\"elementor-widget-container\">\n\t\t\t\t\t\t\t\t\t<p>La Secretar\u00eda de Salud (SSA) es la instituci\u00f3n encargada de proporcionar atenci\u00f3n m\u00e9dica a los migrantes que viven en la Uni\u00f3n Americana y a los que regresan a M\u00e9xico, hoy m\u00e1s que nunca ha sido un importante ante la pandemia.<\/p><p>Acceso Latino y la secci\u00f3n <strong><a href=\"https:\/\/accesolatino.org\/en\/salud\/\">\u201cSalud\u201d<\/a> <\/strong>cuentan con las tarjetas <strong><a href=\"https:\/\/accesolatino.org\/en\/salud\/secretaria-de-salud\/#atencion-de-la-salud-de-personas-migrantes-y-de-retorno-en-mexico1\" target=\"_blank\" rel=\"noopener\">Migrantes y Retornados en M\u00e9xico<\/a><\/strong> and<strong> <a href=\"https:\/\/accesolatino.org\/en\/salud\/secretaria-de-salud\/#repatriacion-de-connacionales-enfermos-graves2\" target=\"_blank\" rel=\"noopener\">Enfermos Graves<\/a><\/strong> te orientan para saber qu\u00e9 hacer si tienes un enfermo de gravedad en Estados Unidos y c\u00f3mo recibir apoyo si retornas a la Rep\u00fablica Mexicana.<\/p><p>La repatriaci\u00f3n de enfermos graves es un proceso de ayuda para quienes necesitan ser atendidos en M\u00e9xico. Para ello es necesario lo siguiente:<\/p><ul><li>Acudir al consulado mexicano m\u00e1s cercano a tu comunidad y explicar la situaci\u00f3n por la que est\u00e1 pasando el enfermo.<\/li><li>Presentar documentos que acrediten la nacionalidad mexicana de la persona enferma (credencial de elector, INAPAM, pasaporte, acta de nacimiento o matricula consular.<\/li><li>Una carta firmada por un familiar donde se hace responsable del enfermo.<\/li><\/ul><p>En tiempos de COVID-19 ac\u00e9rcate a la secretaria para recibir la ayuda necesaria.<\/p><p><strong>Acceso Latino,<\/strong> tu primera ventana de apoyo migratorio.<\/p>\t\t\t\t\t\t\t\t<\/div>\n\t\t\t\t<\/div>\n\t\t\t\t<div class=\"elementor-element elementor-element-8a52188 elementor-widget elementor-widget-spacer\" data-id=\"8a52188\" data-element_type=\"widget\" data-e-type=\"widget\" data-widget_type=\"spacer.default\">\n\t\t\t\t<div class=\"elementor-widget-container\">\n\t\t\t\t\t\t\t<div class=\"elementor-spacer\">\n\t\t\t<div class=\"elementor-spacer-inner\"><\/div>\n\t\t<\/div>\n\t\t\t\t\t\t<\/div>\n\t\t\t\t<\/div>\n\t\t\t\t\t<\/div>\n\t\t<\/div>\n\t\t\t\t\t<\/div>\n\t\t<\/section>\n\t\t\t\t<\/div>","protected":false},"excerpt":{"rendered":"<p>Salud Secretar\u00eda de Salud, tu apoyo de atenci\u00f3n m\u00e9dica La Secretar\u00eda de Salud (SSA) es la instituci\u00f3n encargada de proporcionar atenci\u00f3n m\u00e9dica a los migrantes que viven en la Uni\u00f3n Americana y a los que regresan a M\u00e9xico, hoy m\u00e1s que nunca ha sido un importante ante la pandemia. Acceso Latino y la secci\u00f3n \u201cSalud\u201d cuentan con las tarjetas Migrantes y Retornados en M\u00e9xico y Enfermos Graves te orientan para saber qu\u00e9 hacer si tienes un enfermo de gravedad en Estados Unidos y c\u00f3mo recibir apoyo si retornas a la Rep\u00fablica Mexicana. La repatriaci\u00f3n de enfermos graves es un proceso de ayuda para quienes necesitan ser atendidos en M\u00e9xico. Para ello es necesario lo siguiente: Acudir al consulado mexicano m\u00e1s cercano a tu comunidad y explicar la situaci\u00f3n por la que est\u00e1 pasando el enfermo. Presentar documentos que acrediten la nacionalidad mexicana de la persona enferma (credencial de elector, INAPAM, pasaporte, acta de nacimiento o matricula consular. Una carta firmada por un familiar donde se hace responsable del enfermo. En tiempos de COVID-19 ac\u00e9rcate a la secretaria para recibir la ayuda necesaria. Acceso Latino, tu primera ventana de apoyo migratorio.<\/p>","protected":false},"author":4,"featured_media":21355,"parent":4668,"menu_order":0,"comment_status":"closed","ping_status":"closed","template":"elementor_header_footer","meta":{"_uf_show_specific_survey":0,"_uf_disable_surveys":false,"footnotes":""},"class_list":["post-21354","page","type-page","status-publish","has-post-thumbnail"],"aioseo_notices":[],"yoast_head":"<!-- This site is optimized with the Yoast SEO plugin v27.4 - https:\/\/yoast.com\/product\/yoast-seo-wordpress\/ -->\n<title>Secretar\u00eda de Salud, tu apoyo de atenci\u00f3n m\u00e9dica<\/title>\n<meta name=\"description\" content=\"Conoce todo lo que Estados Unidos tiene para ofrecer a los migrantes legales en materia de Salud - Acceso Latino\" \/>\n<meta name=\"robots\" content=\"index, follow, max-snippet:-1, max-image-preview:large, max-video-preview:-1\" \/>\n<link rel=\"canonical\" href=\"https:\/\/accesolatino.org\/en\/salud\/secretaria-de-salud-tu-apoyo-de-atencion-medica\/\" \/>\n<meta property=\"og:locale\" content=\"en_US\" \/>\n<meta property=\"og:type\" content=\"article\" \/>\n<meta property=\"og:title\" content=\"Acceso Latino | Secretar\u00eda de Salud, tu apoyo de atenci\u00f3n m\u00e9dica\" \/>\n<meta property=\"og:description\" content=\"Conoce todo lo que Estados Unidos tiene para ofrecer a los migrantes en materia de Salud\" \/>\n<meta property=\"og:url\" content=\"https:\/\/accesolatino.org\/en\/salud\/secretaria-de-salud-tu-apoyo-de-atencion-medica\/\" \/>\n<meta property=\"og:site_name\" content=\"Acceso Latino\" \/>\n<meta property=\"article:publisher\" content=\"https:\/\/www.facebook.com\/AccesoLatinoOrg\" \/>\n<meta property=\"article:modified_time\" content=\"2025-10-16T18:37:25+00:00\" \/>\n<meta property=\"og:image\" content=\"https:\/\/accesolatino.org\/wp-content\/uploads\/2020\/05\/Secretari\u0301a-de-Salud-tu-apoyo-de-atencio\u0301n-me\u0301dica.png\" \/>\n\t<meta property=\"og:image:width\" content=\"600\" \/>\n\t<meta property=\"og:image:height\" content=\"338\" \/>\n\t<meta property=\"og:image:type\" content=\"image\/png\" \/>\n<meta name=\"twitter:card\" content=\"summary_large_image\" \/>\n<meta name=\"twitter:title\" content=\"Acceso Latino | Secretar\u00eda de Salud, tu apoyo de atenci\u00f3n m\u00e9dica\" \/>\n<meta name=\"twitter:description\" content=\"Conoce todo lo que Estados Unidos tiene para ofrecer a los migrantes en materia de Salud\" \/>\n<meta name=\"twitter:image\" content=\"https:\/\/accesolatino.org\/wp-content\/uploads\/2020\/05\/Secretari\u0301a-de-Salud-tu-apoyo-de-atencio\u0301n-me\u0301dica.png\" \/>\n<meta name=\"twitter:site\" content=\"@FAccLatino\" \/>\n<meta name=\"twitter:label1\" content=\"Est. reading time\" \/>\n\t<meta name=\"twitter:data1\" content=\"2 minutes\" \/>\n<script type=\"application\/ld+json\" class=\"yoast-schema-graph\">{\"@context\":\"https:\\\/\\\/schema.org\",\"@graph\":[{\"@type\":\"WebPage\",\"@id\":\"https:\\\/\\\/accesolatino.org\\\/salud\\\/secretaria-de-salud-tu-apoyo-de-atencion-medica\\\/\",\"url\":\"https:\\\/\\\/accesolatino.org\\\/salud\\\/secretaria-de-salud-tu-apoyo-de-atencion-medica\\\/\",\"name\":\"Secretar\u00eda de Salud, tu apoyo de atenci\u00f3n m\u00e9dica\",\"isPartOf\":{\"@id\":\"https:\\\/\\\/accesolatino.org\\\/#website\"},\"primaryImageOfPage\":{\"@id\":\"https:\\\/\\\/accesolatino.org\\\/salud\\\/secretaria-de-salud-tu-apoyo-de-atencion-medica\\\/#primaryimage\"},\"image\":{\"@id\":\"https:\\\/\\\/accesolatino.org\\\/salud\\\/secretaria-de-salud-tu-apoyo-de-atencion-medica\\\/#primaryimage\"},\"thumbnailUrl\":\"https:\\\/\\\/accesolatino.org\\\/wp-content\\\/uploads\\\/2020\\\/05\\\/Secretari\u0301a-de-Salud-tu-apoyo-de-atencio\u0301n-me\u0301dica.png\",\"datePublished\":\"2020-05-26T15:43:57+00:00\",\"dateModified\":\"2025-10-16T18:37:25+00:00\",\"description\":\"Conoce todo lo que Estados Unidos tiene para ofrecer a los migrantes legales en materia de Salud - Acceso Latino\",\"breadcrumb\":{\"@id\":\"https:\\\/\\\/accesolatino.org\\\/salud\\\/secretaria-de-salud-tu-apoyo-de-atencion-medica\\\/#breadcrumb\"},\"inLanguage\":\"en-US\",\"potentialAction\":[{\"@type\":\"ReadAction\",\"target\":[\"https:\\\/\\\/accesolatino.org\\\/salud\\\/secretaria-de-salud-tu-apoyo-de-atencion-medica\\\/\"]}]},{\"@type\":\"ImageObject\",\"inLanguage\":\"en-US\",\"@id\":\"https:\\\/\\\/accesolatino.org\\\/salud\\\/secretaria-de-salud-tu-apoyo-de-atencion-medica\\\/#primaryimage\",\"url\":\"https:\\\/\\\/accesolatino.org\\\/wp-content\\\/uploads\\\/2020\\\/05\\\/Secretari\u0301a-de-Salud-tu-apoyo-de-atencio\u0301n-me\u0301dica.png\",\"contentUrl\":\"https:\\\/\\\/accesolatino.org\\\/wp-content\\\/uploads\\\/2020\\\/05\\\/Secretari\u0301a-de-Salud-tu-apoyo-de-atencio\u0301n-me\u0301dica.png\",\"width\":600,\"height\":338,\"caption\":\"secretar\u00eda de salud\"},{\"@type\":\"BreadcrumbList\",\"@id\":\"https:\\\/\\\/accesolatino.org\\\/salud\\\/secretaria-de-salud-tu-apoyo-de-atencion-medica\\\/#breadcrumb\",\"itemListElement\":[{\"@type\":\"ListItem\",\"position\":1,\"name\":\"Portada\",\"item\":\"https:\\\/\\\/accesolatino.org\\\/\"},{\"@type\":\"ListItem\",\"position\":2,\"name\":\"Salud\",\"item\":\"https:\\\/\\\/accesolatino.org\\\/salud\\\/\"},{\"@type\":\"ListItem\",\"position\":3,\"name\":\"Secretar\u00eda de Salud, tu apoyo de atenci\u00f3n m\u00e9dica\"}]},{\"@type\":\"WebSite\",\"@id\":\"https:\\\/\\\/accesolatino.org\\\/#website\",\"url\":\"https:\\\/\\\/accesolatino.org\\\/\",\"name\":\"Acceso Latino | Fundaci\u00f3n Carlos Slim\",\"description\":\"Fundaci\u00f3n Carlos Slim\",\"publisher\":{\"@id\":\"https:\\\/\\\/accesolatino.org\\\/#organization\"},\"potentialAction\":[{\"@type\":\"SearchAction\",\"target\":{\"@type\":\"EntryPoint\",\"urlTemplate\":\"https:\\\/\\\/accesolatino.org\\\/?s={search_term_string}\"},\"query-input\":{\"@type\":\"PropertyValueSpecification\",\"valueRequired\":true,\"valueName\":\"search_term_string\"}}],\"inLanguage\":\"en-US\"},{\"@type\":\"Organization\",\"@id\":\"https:\\\/\\\/accesolatino.org\\\/#organization\",\"name\":\"Acceso Latino | Fundaci\u00f3n Carlos Slim\",\"url\":\"https:\\\/\\\/accesolatino.org\\\/\",\"logo\":{\"@type\":\"ImageObject\",\"inLanguage\":\"en-US\",\"@id\":\"https:\\\/\\\/accesolatino.org\\\/#\\\/schema\\\/logo\\\/image\\\/\",\"url\":\"https:\\\/\\\/accesolatino.org\\\/wp-content\\\/uploads\\\/2021\\\/02\\\/logo-footer-acceso-latino.png\",\"contentUrl\":\"https:\\\/\\\/accesolatino.org\\\/wp-content\\\/uploads\\\/2021\\\/02\\\/logo-footer-acceso-latino.png\",\"width\":240,\"height\":40,\"caption\":\"Acceso Latino | Fundaci\u00f3n Carlos Slim\"},\"image\":{\"@id\":\"https:\\\/\\\/accesolatino.org\\\/#\\\/schema\\\/logo\\\/image\\\/\"},\"sameAs\":[\"https:\\\/\\\/www.facebook.com\\\/AccesoLatinoOrg\",\"https:\\\/\\\/x.com\\\/FAccLatino\"]}]}<\/script>\n<!-- \/ Yoast SEO plugin. -->","yoast_head_json":{"title":"Secretar\u00eda de Salud, your health care support","description":"Conoce todo lo que Estados Unidos tiene para ofrecer a los migrantes legales en materia de Salud - Acceso Latino","robots":{"index":"index","follow":"follow","max-snippet":"max-snippet:-1","max-image-preview":"max-image-preview:large","max-video-preview":"max-video-preview:-1"},"canonical":"https:\/\/accesolatino.org\/en\/salud\/secretaria-de-salud-tu-apoyo-de-atencion-medica\/","og_locale":"en_US","og_type":"article","og_title":"Acceso Latino | Secretar\u00eda de Salud, tu apoyo de atenci\u00f3n m\u00e9dica","og_description":"Conoce todo lo que Estados Unidos tiene para ofrecer a los migrantes en materia de Salud","og_url":"https:\/\/accesolatino.org\/en\/salud\/secretaria-de-salud-tu-apoyo-de-atencion-medica\/","og_site_name":"Acceso Latino","article_publisher":"https:\/\/www.facebook.com\/AccesoLatinoOrg","article_modified_time":"2025-10-16T18:37:25+00:00","og_image":[{"width":600,"height":338,"url":"https:\/\/accesolatino.org\/wp-content\/uploads\/2020\/05\/Secretari\u0301a-de-Salud-tu-apoyo-de-atencio\u0301n-me\u0301dica.png","type":"image\/png"}],"twitter_card":"summary_large_image","twitter_title":"Acceso Latino | Secretar\u00eda de Salud, tu apoyo de atenci\u00f3n m\u00e9dica","twitter_description":"Conoce todo lo que Estados Unidos tiene para ofrecer a los migrantes en materia de Salud","twitter_image":"https:\/\/accesolatino.org\/wp-content\/uploads\/2020\/05\/Secretari\u0301a-de-Salud-tu-apoyo-de-atencio\u0301n-me\u0301dica.png","twitter_site":"@FAccLatino","twitter_misc":{"Est. reading time":"2 minutes"},"schema":{"@context":"https:\/\/schema.org","@graph":[{"@type":"WebPage","@id":"https:\/\/accesolatino.org\/salud\/secretaria-de-salud-tu-apoyo-de-atencion-medica\/","url":"https:\/\/accesolatino.org\/salud\/secretaria-de-salud-tu-apoyo-de-atencion-medica\/","name":"Secretar\u00eda de Salud, your health care support","isPartOf":{"@id":"https:\/\/accesolatino.org\/#website"},"primaryImageOfPage":{"@id":"https:\/\/accesolatino.org\/salud\/secretaria-de-salud-tu-apoyo-de-atencion-medica\/#primaryimage"},"image":{"@id":"https:\/\/accesolatino.org\/salud\/secretaria-de-salud-tu-apoyo-de-atencion-medica\/#primaryimage"},"thumbnailUrl":"https:\/\/accesolatino.org\/wp-content\/uploads\/2020\/05\/Secretari\u0301a-de-Salud-tu-apoyo-de-atencio\u0301n-me\u0301dica.png","datePublished":"2020-05-26T15:43:57+00:00","dateModified":"2025-10-16T18:37:25+00:00","description":"Conoce todo lo que Estados Unidos tiene para ofrecer a los migrantes legales en materia de Salud - Acceso Latino","breadcrumb":{"@id":"https:\/\/accesolatino.org\/salud\/secretaria-de-salud-tu-apoyo-de-atencion-medica\/#breadcrumb"},"inLanguage":"en-US","potentialAction":[{"@type":"ReadAction","target":["https:\/\/accesolatino.org\/salud\/secretaria-de-salud-tu-apoyo-de-atencion-medica\/"]}]},{"@type":"ImageObject","inLanguage":"en-US","@id":"https:\/\/accesolatino.org\/salud\/secretaria-de-salud-tu-apoyo-de-atencion-medica\/#primaryimage","url":"https:\/\/accesolatino.org\/wp-content\/uploads\/2020\/05\/Secretari\u0301a-de-Salud-tu-apoyo-de-atencio\u0301n-me\u0301dica.png","contentUrl":"https:\/\/accesolatino.org\/wp-content\/uploads\/2020\/05\/Secretari\u0301a-de-Salud-tu-apoyo-de-atencio\u0301n-me\u0301dica.png","width":600,"height":338,"caption":"secretar\u00eda de salud"},{"@type":"BreadcrumbList","@id":"https:\/\/accesolatino.org\/salud\/secretaria-de-salud-tu-apoyo-de-atencion-medica\/#breadcrumb","itemListElement":[{"@type":"ListItem","position":1,"name":"Portada","item":"https:\/\/accesolatino.org\/"},{"@type":"ListItem","position":2,"name":"Salud","item":"https:\/\/accesolatino.org\/salud\/"},{"@type":"ListItem","position":3,"name":"Secretar\u00eda de Salud, tu apoyo de atenci\u00f3n m\u00e9dica"}]},{"@type":"WebSite","@id":"https:\/\/accesolatino.org\/#website","url":"https:\/\/accesolatino.org\/","name":"Acceso Latino | Fundaci\u00f3n Carlos Slim","description":"Fundaci\u00f3n Carlos Slim","publisher":{"@id":"https:\/\/accesolatino.org\/#organization"},"potentialAction":[{"@type":"SearchAction","target":{"@type":"EntryPoint","urlTemplate":"https:\/\/accesolatino.org\/?s={search_term_string}"},"query-input":{"@type":"PropertyValueSpecification","valueRequired":true,"valueName":"search_term_string"}}],"inLanguage":"en-US"},{"@type":"Organization","@id":"https:\/\/accesolatino.org\/#organization","name":"Acceso Latino | Fundaci\u00f3n Carlos Slim","url":"https:\/\/accesolatino.org\/","logo":{"@type":"ImageObject","inLanguage":"en-US","@id":"https:\/\/accesolatino.org\/#\/schema\/logo\/image\/","url":"https:\/\/accesolatino.org\/wp-content\/uploads\/2021\/02\/logo-footer-acceso-latino.png","contentUrl":"https:\/\/accesolatino.org\/wp-content\/uploads\/2021\/02\/logo-footer-acceso-latino.png","width":240,"height":40,"caption":"Acceso Latino | Fundaci\u00f3n Carlos Slim"},"image":{"@id":"https:\/\/accesolatino.org\/#\/schema\/logo\/image\/"},"sameAs":["https:\/\/www.facebook.com\/AccesoLatinoOrg","https:\/\/x.com\/FAccLatino"]}]}},"_links":{"self":[{"href":"https:\/\/accesolatino.org\/en\/wp-json\/wp\/v2\/pages\/21354","targetHints":{"allow":["GET"]}}],"collection":[{"href":"https:\/\/accesolatino.org\/en\/wp-json\/wp\/v2\/pages"}],"about":[{"href":"https:\/\/accesolatino.org\/en\/wp-json\/wp\/v2\/types\/page"}],"author":[{"embeddable":true,"href":"https:\/\/accesolatino.org\/en\/wp-json\/wp\/v2\/users\/4"}],"replies":[{"embeddable":true,"href":"https:\/\/accesolatino.org\/en\/wp-json\/wp\/v2\/comments?post=21354"}],"version-history":[{"count":1,"href":"https:\/\/accesolatino.org\/en\/wp-json\/wp\/v2\/pages\/21354\/revisions"}],"predecessor-version":[{"id":64072,"href":"https:\/\/accesolatino.org\/en\/wp-json\/wp\/v2\/pages\/21354\/revisions\/64072"}],"up":[{"embeddable":true,"href":"https:\/\/accesolatino.org\/en\/wp-json\/wp\/v2\/pages\/4668"}],"wp:featuredmedia":[{"embeddable":true,"href":"https:\/\/accesolatino.org\/en\/wp-json\/wp\/v2\/media\/21355"}],"wp:attachment":[{"href":"https:\/\/accesolatino.org\/en\/wp-json\/wp\/v2\/media?parent=21354"}],"curies":[{"name":"wp","href":"https:\/\/api.w.org\/{rel}","templated":true}]}}