{"id":21234,"date":"2020-05-15T11:01:26","date_gmt":"2020-05-15T16:01:26","guid":{"rendered":"https:\/\/accesolatino.org\/?page_id=21234"},"modified":"2025-10-16T12:07:39","modified_gmt":"2025-10-16T18:07:39","slug":"vives-en-california-y-te-interesa-tener-licencia-de-conducir","status":"publish","type":"page","link":"https:\/\/accesolatino.org\/en\/vives-en-california-y-te-interesa-tener-licencia-de-conducir\/","title":{"rendered":"Do you live in California and are interested in having your driver's license?"},"content":{"rendered":"<div data-elementor-type=\"wp-post\" data-elementor-id=\"21234\" class=\"elementor elementor-21234\">\n\t\t\t\t\t\t<section class=\"elementor-section elementor-top-section elementor-element elementor-element-8af592f elementor-section-full_width elementor-section-height-min-height elementor-section-items-stretch elementor-section-height-default wpr-particle-no wpr-jarallax-no wpr-parallax-no wpr-sticky-section-no\" data-id=\"8af592f\" data-element_type=\"section\" data-e-type=\"section\" data-settings=\"{&quot;background_background&quot;:&quot;classic&quot;}\">\n\t\t\t\t\t\t<div class=\"elementor-container elementor-column-gap-no\">\n\t\t\t\t\t<div class=\"elementor-column elementor-col-100 elementor-top-column elementor-element elementor-element-50a1b02\" data-id=\"50a1b02\" data-element_type=\"column\" data-e-type=\"column\">\n\t\t\t<div class=\"elementor-widget-wrap elementor-element-populated\">\n\t\t\t\t\t\t<div class=\"elementor-element elementor-element-4ca4792 elementor--h-position-center elementor--v-position-middle elementor-widget elementor-widget-slides\" data-id=\"4ca4792\" data-element_type=\"widget\" data-e-type=\"widget\" data-settings=\"{&quot;navigation&quot;:&quot;none&quot;,&quot;infinite&quot;:&quot;yes&quot;,&quot;transition&quot;:&quot;slide&quot;,&quot;transition_speed&quot;:500}\" data-widget_type=\"slides.default\">\n\t\t\t\t<div class=\"elementor-widget-container\">\n\t\t\t\t\t\t\t<div class=\"elementor-swiper\">\n\t\t\t<div class=\"elementor-slides-wrapper elementor-main-swiper swiper-container\" dir=\"ltr\" data-animation=\"\">\n\t\t\t\t<div class=\"swiper-wrapper elementor-slides\">\n\t\t\t\t\t\t\t\t\t\t<div class=\"elementor-repeater-item-d983a28 swiper-slide\"><div class=\"swiper-slide-bg\"><\/div><div class=\"swiper-slide-inner\" ><div class=\"swiper-slide-contents\"><div class=\"elementor-slide-heading\">Processing of Licenses<\/div><\/div><\/div><\/div>\t\t\t\t<\/div>\n\t\t\t\t\t\t\t<\/div>\n\t\t<\/div>\n\t\t\t\t\t\t<\/div>\n\t\t\t\t<\/div>\n\t\t\t\t\t<\/div>\n\t\t<\/div>\n\t\t\t\t\t<\/div>\n\t\t<\/section>\n\t\t\t\t<section class=\"elementor-section elementor-top-section elementor-element elementor-element-0b352f0 elementor-section-stretched elementor-section-boxed elementor-section-height-default elementor-section-height-default wpr-particle-no wpr-jarallax-no wpr-parallax-no wpr-sticky-section-no\" data-id=\"0b352f0\" data-element_type=\"section\" data-e-type=\"section\" data-settings=\"{&quot;stretch_section&quot;:&quot;section-stretched&quot;,&quot;background_background&quot;:&quot;classic&quot;}\">\n\t\t\t\t\t\t<div class=\"elementor-container elementor-column-gap-default\">\n\t\t\t\t\t<div class=\"elementor-column elementor-col-100 elementor-top-column elementor-element elementor-element-a68a569\" data-id=\"a68a569\" data-element_type=\"column\" data-e-type=\"column\">\n\t\t\t<div class=\"elementor-widget-wrap elementor-element-populated\">\n\t\t\t\t\t\t<div class=\"elementor-element elementor-element-50ae43f elementor-widget elementor-widget-heading\" data-id=\"50ae43f\" data-element_type=\"widget\" data-e-type=\"widget\" data-widget_type=\"heading.default\">\n\t\t\t\t<div class=\"elementor-widget-container\">\n\t\t\t\t\t<h3 class=\"elementor-heading-title elementor-size-default\">Do you live in California and are interested in having your driver's license?<\/h3>\t\t\t\t<\/div>\n\t\t\t\t<\/div>\n\t\t\t\t<div class=\"elementor-element elementor-element-b4fece8 elementor-widget elementor-widget-text-editor\" data-id=\"b4fece8\" data-element_type=\"widget\" data-e-type=\"widget\" data-widget_type=\"text-editor.default\">\n\t\t\t\t<div class=\"elementor-widget-container\">\n\t\t\t\t\t\t\t\t\t<p>Desde unos cuantos a\u00f1os atr\u00e1s (2015) el estado de California mediante su Departamento de Veh\u00edculos Motorizados (DMV) del Estado Dorado ha expedido licencias de conducir a migrantes indocumentados que radican en \u00e9l, por lo que si ahora en 2020 lo que buscas es obtener tu propia licencia, te dejamos las siguientes consideraciones del proceso y requisitos para que est\u00e9s listo:<\/p><p>Tendr\u00e1s que acreditar lo siguiente:<\/p><ul><li>Examen escrito<\/li><li>Examen de la vista<\/li><li>Examen sobre las se\u00f1ales viales<\/li><li>Examen de manejo arriba de un auto<\/li><li>Tu residencia en California<\/li><li>Llevar un comprobante de identidad (independientemente de si pueden demostrar que est\u00e1n legalmente en el pa\u00eds)<\/li><\/ul><p>Es indispensable que hagas una cita para realizar este tr\u00e1mite, recuerda que la puedes hacer v\u00eda internet.<\/p><p>Para m\u00e1s informaci\u00f3n relacionada con este tema, en\u00a0Acceso Latino\u00a0encontrar\u00e1s la secci\u00f3n\u00a0<strong><a href=\"https:\/\/accesolatino.org\/en\/licencias\/\">\u201cLicencias de Manejo\u201d\u00a0<\/a><\/strong>y\u00a0en el apartado de\u00a0<strong><a href=\"https:\/\/accesolatino.org\/en\/licencias\/#openModal11\">\u201cCalifornia\u201d\u00a0<\/a><\/strong>descubrir\u00e1s una gu\u00eda muy completa de c\u00f3mo iniciar y llevar a cabo este tr\u00e1mite.<\/p><p><strong>Acceso Latino,<\/strong> tu portal de apoyo y consulta migratoria. No olvides que contamos con varias secciones, con informaci\u00f3n valiosa y herramientas gratuitas.<\/p>\t\t\t\t\t\t\t\t<\/div>\n\t\t\t\t<\/div>\n\t\t\t\t<div class=\"elementor-element elementor-element-d7d4f46 elementor-widget elementor-widget-spacer\" data-id=\"d7d4f46\" data-element_type=\"widget\" data-e-type=\"widget\" data-widget_type=\"spacer.default\">\n\t\t\t\t<div class=\"elementor-widget-container\">\n\t\t\t\t\t\t\t<div class=\"elementor-spacer\">\n\t\t\t<div class=\"elementor-spacer-inner\"><\/div>\n\t\t<\/div>\n\t\t\t\t\t\t<\/div>\n\t\t\t\t<\/div>\n\t\t\t\t\t<\/div>\n\t\t<\/div>\n\t\t\t\t\t<\/div>\n\t\t<\/section>\n\t\t\t\t<\/div>","protected":false},"excerpt":{"rendered":"<p>Tr\u00e1mite de Licencias \u00bfVives en California y te interesa tener tu licencia de conducir? Desde unos cuantos a\u00f1os atr\u00e1s (2015) el estado de California mediante su Departamento de Veh\u00edculos Motorizados (DMV) del Estado Dorado ha expedido licencias de conducir a migrantes indocumentados que radican en \u00e9l, por lo que si ahora en 2020 lo que buscas es obtener tu propia licencia, te dejamos las siguientes consideraciones del proceso y requisitos para que est\u00e9s listo: Tendr\u00e1s que acreditar lo siguiente: Examen escrito Examen de la vista Examen sobre las se\u00f1ales viales Examen de manejo arriba de un auto Tu residencia en California Llevar un comprobante de identidad (independientemente de si pueden demostrar que est\u00e1n legalmente en el pa\u00eds) Es indispensable que hagas una cita para realizar este tr\u00e1mite, recuerda que la puedes hacer v\u00eda internet. Para m\u00e1s informaci\u00f3n relacionada con este tema, en\u00a0Acceso Latino\u00a0encontrar\u00e1s la secci\u00f3n\u00a0\u201cLicencias de Manejo\u201d\u00a0y\u00a0en el apartado de\u00a0\u201cCalifornia\u201d\u00a0descubrir\u00e1s una gu\u00eda muy completa de c\u00f3mo iniciar y llevar a cabo este tr\u00e1mite. Acceso Latino, tu portal de apoyo y consulta migratoria. No olvides que contamos con varias secciones, con informaci\u00f3n valiosa y herramientas gratuitas.<\/p>","protected":false},"author":9,"featured_media":21235,"parent":0,"menu_order":0,"comment_status":"closed","ping_status":"closed","template":"elementor_header_footer","meta":{"_uf_show_specific_survey":0,"_uf_disable_surveys":false,"footnotes":""},"class_list":["post-21234","page","type-page","status-publish","has-post-thumbnail"],"aioseo_notices":[],"yoast_head":"<!-- This site is optimized with the Yoast SEO plugin v27.3 - https:\/\/yoast.com\/product\/yoast-seo-wordpress\/ -->\n<title>\u00bfVives en California y te interesa tener tu licencia de conducir?<\/title>\n<meta name=\"description\" content=\"Conoce la documentaci\u00f3n requerida para tramitar una licencia en cada uno de los estados en los Estados Unidos\" \/>\n<meta name=\"robots\" content=\"index, follow, max-snippet:-1, max-image-preview:large, max-video-preview:-1\" \/>\n<link rel=\"canonical\" href=\"https:\/\/accesolatino.org\/en\/vives-en-california-y-te-interesa-tener-licencia-de-conducir\/\" \/>\n<meta property=\"og:locale\" content=\"en_US\" \/>\n<meta property=\"og:type\" content=\"article\" \/>\n<meta property=\"og:title\" content=\"Acceso Latino | \u00bfVives en California y te interesa tener tu licencia de conducir?\" \/>\n<meta property=\"og:description\" content=\"Conoce la documentaci\u00f3n requerida para tramitar una licencia en cada uno de los estados de USA\" \/>\n<meta property=\"og:url\" content=\"https:\/\/accesolatino.org\/en\/vives-en-california-y-te-interesa-tener-licencia-de-conducir\/\" \/>\n<meta property=\"og:site_name\" content=\"Acceso Latino\" \/>\n<meta property=\"article:publisher\" content=\"https:\/\/www.facebook.com\/AccesoLatinoOrg\" \/>\n<meta property=\"article:modified_time\" content=\"2025-10-16T18:07:39+00:00\" \/>\n<meta property=\"og:image\" content=\"https:\/\/accesolatino.org\/wp-content\/uploads\/2020\/05\/\u00bfVives-en-California-y-te-interesa-tener-tu-licencia-de-conducir_.png\" \/>\n\t<meta property=\"og:image:width\" content=\"600\" \/>\n\t<meta property=\"og:image:height\" content=\"338\" \/>\n\t<meta property=\"og:image:type\" content=\"image\/png\" \/>\n<meta name=\"twitter:card\" content=\"summary_large_image\" \/>\n<meta name=\"twitter:title\" content=\"Acceso Latino | \u00bfVives en California y te interesa tener tu licencia de conducir?\" \/>\n<meta name=\"twitter:description\" content=\"Conoce la documentaci\u00f3n requerida para tramitar una licencia en cada uno de los estados de USA\" \/>\n<meta name=\"twitter:image\" content=\"https:\/\/accesolatino.org\/wp-content\/uploads\/2020\/05\/\u00bfVives-en-California-y-te-interesa-tener-tu-licencia-de-conducir_.png\" \/>\n<meta name=\"twitter:site\" content=\"@FAccLatino\" \/>\n<meta name=\"twitter:label1\" content=\"Est. reading time\" \/>\n\t<meta name=\"twitter:data1\" content=\"2 minutes\" \/>\n<script type=\"application\/ld+json\" class=\"yoast-schema-graph\">{\"@context\":\"https:\\\/\\\/schema.org\",\"@graph\":[{\"@type\":\"WebPage\",\"@id\":\"https:\\\/\\\/accesolatino.org\\\/vives-en-california-y-te-interesa-tener-licencia-de-conducir\\\/\",\"url\":\"https:\\\/\\\/accesolatino.org\\\/vives-en-california-y-te-interesa-tener-licencia-de-conducir\\\/\",\"name\":\"\u00bfVives en California y te interesa tener tu licencia de conducir?\",\"isPartOf\":{\"@id\":\"https:\\\/\\\/accesolatino.org\\\/#website\"},\"primaryImageOfPage\":{\"@id\":\"https:\\\/\\\/accesolatino.org\\\/vives-en-california-y-te-interesa-tener-licencia-de-conducir\\\/#primaryimage\"},\"image\":{\"@id\":\"https:\\\/\\\/accesolatino.org\\\/vives-en-california-y-te-interesa-tener-licencia-de-conducir\\\/#primaryimage\"},\"thumbnailUrl\":\"https:\\\/\\\/accesolatino.org\\\/wp-content\\\/uploads\\\/2020\\\/05\\\/\u00bfVives-en-California-y-te-interesa-tener-tu-licencia-de-conducir_.png\",\"datePublished\":\"2020-05-15T16:01:26+00:00\",\"dateModified\":\"2025-10-16T18:07:39+00:00\",\"description\":\"Conoce la documentaci\u00f3n requerida para tramitar una licencia en cada uno de los estados en los Estados Unidos\",\"breadcrumb\":{\"@id\":\"https:\\\/\\\/accesolatino.org\\\/vives-en-california-y-te-interesa-tener-licencia-de-conducir\\\/#breadcrumb\"},\"inLanguage\":\"en-US\",\"potentialAction\":[{\"@type\":\"ReadAction\",\"target\":[\"https:\\\/\\\/accesolatino.org\\\/vives-en-california-y-te-interesa-tener-licencia-de-conducir\\\/\"]}]},{\"@type\":\"ImageObject\",\"inLanguage\":\"en-US\",\"@id\":\"https:\\\/\\\/accesolatino.org\\\/vives-en-california-y-te-interesa-tener-licencia-de-conducir\\\/#primaryimage\",\"url\":\"https:\\\/\\\/accesolatino.org\\\/wp-content\\\/uploads\\\/2020\\\/05\\\/\u00bfVives-en-California-y-te-interesa-tener-tu-licencia-de-conducir_.png\",\"contentUrl\":\"https:\\\/\\\/accesolatino.org\\\/wp-content\\\/uploads\\\/2020\\\/05\\\/\u00bfVives-en-California-y-te-interesa-tener-tu-licencia-de-conducir_.png\",\"width\":600,\"height\":338,\"caption\":\"licencia california\"},{\"@type\":\"BreadcrumbList\",\"@id\":\"https:\\\/\\\/accesolatino.org\\\/vives-en-california-y-te-interesa-tener-licencia-de-conducir\\\/#breadcrumb\",\"itemListElement\":[{\"@type\":\"ListItem\",\"position\":1,\"name\":\"Portada\",\"item\":\"https:\\\/\\\/accesolatino.org\\\/\"},{\"@type\":\"ListItem\",\"position\":2,\"name\":\"\u00bfVives en California y te interesa tener tu licencia de conducir?\"}]},{\"@type\":\"WebSite\",\"@id\":\"https:\\\/\\\/accesolatino.org\\\/#website\",\"url\":\"https:\\\/\\\/accesolatino.org\\\/\",\"name\":\"Acceso Latino | Fundaci\u00f3n Carlos Slim\",\"description\":\"Fundaci\u00f3n Carlos Slim\",\"publisher\":{\"@id\":\"https:\\\/\\\/accesolatino.org\\\/#organization\"},\"potentialAction\":[{\"@type\":\"SearchAction\",\"target\":{\"@type\":\"EntryPoint\",\"urlTemplate\":\"https:\\\/\\\/accesolatino.org\\\/?s={search_term_string}\"},\"query-input\":{\"@type\":\"PropertyValueSpecification\",\"valueRequired\":true,\"valueName\":\"search_term_string\"}}],\"inLanguage\":\"en-US\"},{\"@type\":\"Organization\",\"@id\":\"https:\\\/\\\/accesolatino.org\\\/#organization\",\"name\":\"Acceso Latino | Fundaci\u00f3n Carlos Slim\",\"url\":\"https:\\\/\\\/accesolatino.org\\\/\",\"logo\":{\"@type\":\"ImageObject\",\"inLanguage\":\"en-US\",\"@id\":\"https:\\\/\\\/accesolatino.org\\\/#\\\/schema\\\/logo\\\/image\\\/\",\"url\":\"https:\\\/\\\/accesolatino.org\\\/wp-content\\\/uploads\\\/2021\\\/02\\\/logo-footer-acceso-latino.png\",\"contentUrl\":\"https:\\\/\\\/accesolatino.org\\\/wp-content\\\/uploads\\\/2021\\\/02\\\/logo-footer-acceso-latino.png\",\"width\":240,\"height\":40,\"caption\":\"Acceso Latino | Fundaci\u00f3n Carlos Slim\"},\"image\":{\"@id\":\"https:\\\/\\\/accesolatino.org\\\/#\\\/schema\\\/logo\\\/image\\\/\"},\"sameAs\":[\"https:\\\/\\\/www.facebook.com\\\/AccesoLatinoOrg\",\"https:\\\/\\\/x.com\\\/FAccLatino\"]}]}<\/script>\n<!-- \/ Yoast SEO plugin. -->","yoast_head_json":{"title":"Do you live in California and are interested in having your driver's license?","description":"Conoce la documentaci\u00f3n requerida para tramitar una licencia en cada uno de los estados en los Estados Unidos","robots":{"index":"index","follow":"follow","max-snippet":"max-snippet:-1","max-image-preview":"max-image-preview:large","max-video-preview":"max-video-preview:-1"},"canonical":"https:\/\/accesolatino.org\/en\/vives-en-california-y-te-interesa-tener-licencia-de-conducir\/","og_locale":"en_US","og_type":"article","og_title":"Acceso Latino | \u00bfVives en California y te interesa tener tu licencia de conducir?","og_description":"Conoce la documentaci\u00f3n requerida para tramitar una licencia en cada uno de los estados de USA","og_url":"https:\/\/accesolatino.org\/en\/vives-en-california-y-te-interesa-tener-licencia-de-conducir\/","og_site_name":"Acceso Latino","article_publisher":"https:\/\/www.facebook.com\/AccesoLatinoOrg","article_modified_time":"2025-10-16T18:07:39+00:00","og_image":[{"width":600,"height":338,"url":"https:\/\/accesolatino.org\/wp-content\/uploads\/2020\/05\/\u00bfVives-en-California-y-te-interesa-tener-tu-licencia-de-conducir_.png","type":"image\/png"}],"twitter_card":"summary_large_image","twitter_title":"Acceso Latino | \u00bfVives en California y te interesa tener tu licencia de conducir?","twitter_description":"Conoce la documentaci\u00f3n requerida para tramitar una licencia en cada uno de los estados de USA","twitter_image":"https:\/\/accesolatino.org\/wp-content\/uploads\/2020\/05\/\u00bfVives-en-California-y-te-interesa-tener-tu-licencia-de-conducir_.png","twitter_site":"@FAccLatino","twitter_misc":{"Est. reading time":"2 minutes"},"schema":{"@context":"https:\/\/schema.org","@graph":[{"@type":"WebPage","@id":"https:\/\/accesolatino.org\/vives-en-california-y-te-interesa-tener-licencia-de-conducir\/","url":"https:\/\/accesolatino.org\/vives-en-california-y-te-interesa-tener-licencia-de-conducir\/","name":"Do you live in California and are interested in having your driver's license?","isPartOf":{"@id":"https:\/\/accesolatino.org\/#website"},"primaryImageOfPage":{"@id":"https:\/\/accesolatino.org\/vives-en-california-y-te-interesa-tener-licencia-de-conducir\/#primaryimage"},"image":{"@id":"https:\/\/accesolatino.org\/vives-en-california-y-te-interesa-tener-licencia-de-conducir\/#primaryimage"},"thumbnailUrl":"https:\/\/accesolatino.org\/wp-content\/uploads\/2020\/05\/\u00bfVives-en-California-y-te-interesa-tener-tu-licencia-de-conducir_.png","datePublished":"2020-05-15T16:01:26+00:00","dateModified":"2025-10-16T18:07:39+00:00","description":"Conoce la documentaci\u00f3n requerida para tramitar una licencia en cada uno de los estados en los Estados Unidos","breadcrumb":{"@id":"https:\/\/accesolatino.org\/vives-en-california-y-te-interesa-tener-licencia-de-conducir\/#breadcrumb"},"inLanguage":"en-US","potentialAction":[{"@type":"ReadAction","target":["https:\/\/accesolatino.org\/vives-en-california-y-te-interesa-tener-licencia-de-conducir\/"]}]},{"@type":"ImageObject","inLanguage":"en-US","@id":"https:\/\/accesolatino.org\/vives-en-california-y-te-interesa-tener-licencia-de-conducir\/#primaryimage","url":"https:\/\/accesolatino.org\/wp-content\/uploads\/2020\/05\/\u00bfVives-en-California-y-te-interesa-tener-tu-licencia-de-conducir_.png","contentUrl":"https:\/\/accesolatino.org\/wp-content\/uploads\/2020\/05\/\u00bfVives-en-California-y-te-interesa-tener-tu-licencia-de-conducir_.png","width":600,"height":338,"caption":"licencia california"},{"@type":"BreadcrumbList","@id":"https:\/\/accesolatino.org\/vives-en-california-y-te-interesa-tener-licencia-de-conducir\/#breadcrumb","itemListElement":[{"@type":"ListItem","position":1,"name":"Portada","item":"https:\/\/accesolatino.org\/"},{"@type":"ListItem","position":2,"name":"\u00bfVives en California y te interesa tener tu licencia de conducir?"}]},{"@type":"WebSite","@id":"https:\/\/accesolatino.org\/#website","url":"https:\/\/accesolatino.org\/","name":"Acceso Latino | Fundaci\u00f3n Carlos Slim","description":"Fundaci\u00f3n Carlos Slim","publisher":{"@id":"https:\/\/accesolatino.org\/#organization"},"potentialAction":[{"@type":"SearchAction","target":{"@type":"EntryPoint","urlTemplate":"https:\/\/accesolatino.org\/?s={search_term_string}"},"query-input":{"@type":"PropertyValueSpecification","valueRequired":true,"valueName":"search_term_string"}}],"inLanguage":"en-US"},{"@type":"Organization","@id":"https:\/\/accesolatino.org\/#organization","name":"Acceso Latino | Fundaci\u00f3n Carlos Slim","url":"https:\/\/accesolatino.org\/","logo":{"@type":"ImageObject","inLanguage":"en-US","@id":"https:\/\/accesolatino.org\/#\/schema\/logo\/image\/","url":"https:\/\/accesolatino.org\/wp-content\/uploads\/2021\/02\/logo-footer-acceso-latino.png","contentUrl":"https:\/\/accesolatino.org\/wp-content\/uploads\/2021\/02\/logo-footer-acceso-latino.png","width":240,"height":40,"caption":"Acceso Latino | Fundaci\u00f3n Carlos Slim"},"image":{"@id":"https:\/\/accesolatino.org\/#\/schema\/logo\/image\/"},"sameAs":["https:\/\/www.facebook.com\/AccesoLatinoOrg","https:\/\/x.com\/FAccLatino"]}]}},"_links":{"self":[{"href":"https:\/\/accesolatino.org\/en\/wp-json\/wp\/v2\/pages\/21234","targetHints":{"allow":["GET"]}}],"collection":[{"href":"https:\/\/accesolatino.org\/en\/wp-json\/wp\/v2\/pages"}],"about":[{"href":"https:\/\/accesolatino.org\/en\/wp-json\/wp\/v2\/types\/page"}],"author":[{"embeddable":true,"href":"https:\/\/accesolatino.org\/en\/wp-json\/wp\/v2\/users\/9"}],"replies":[{"embeddable":true,"href":"https:\/\/accesolatino.org\/en\/wp-json\/wp\/v2\/comments?post=21234"}],"version-history":[{"count":1,"href":"https:\/\/accesolatino.org\/en\/wp-json\/wp\/v2\/pages\/21234\/revisions"}],"predecessor-version":[{"id":64053,"href":"https:\/\/accesolatino.org\/en\/wp-json\/wp\/v2\/pages\/21234\/revisions\/64053"}],"wp:featuredmedia":[{"embeddable":true,"href":"https:\/\/accesolatino.org\/en\/wp-json\/wp\/v2\/media\/21235"}],"wp:attachment":[{"href":"https:\/\/accesolatino.org\/en\/wp-json\/wp\/v2\/media?parent=21234"}],"curies":[{"name":"wp","href":"https:\/\/api.w.org\/{rel}","templated":true}]}}