{"id":21161,"date":"2020-05-08T10:07:10","date_gmt":"2020-05-08T15:07:10","guid":{"rendered":"https:\/\/accesolatino.org\/?page_id=21161"},"modified":"2025-10-17T14:11:45","modified_gmt":"2025-10-17T20:11:45","slug":"fafsa-el-programa-que-necesitas-para-seguir-estudiando","status":"publish","type":"page","link":"https:\/\/accesolatino.org\/en\/fafsa-el-programa-que-necesitas-para-seguir-estudiando\/","title":{"rendered":"FAFSA: El programa que necesitas para seguir estudiando"},"content":{"rendered":"<div data-elementor-type=\"wp-post\" data-elementor-id=\"21161\" class=\"elementor elementor-21161\">\n\t\t\t\t\t\t<section class=\"elementor-section elementor-top-section elementor-element elementor-element-015caf4 elementor-section-full_width elementor-section-height-min-height elementor-section-items-stretch elementor-section-height-default wpr-particle-no wpr-jarallax-no wpr-parallax-no wpr-sticky-section-no wpr-equal-height-no\" data-id=\"015caf4\" data-element_type=\"section\" data-e-type=\"section\" data-settings=\"{&quot;background_background&quot;:&quot;classic&quot;}\">\n\t\t\t\t\t\t<div class=\"elementor-container elementor-column-gap-no\">\n\t\t\t\t\t<div class=\"elementor-column elementor-col-100 elementor-top-column elementor-element elementor-element-fbc0740\" data-id=\"fbc0740\" data-element_type=\"column\" data-e-type=\"column\">\n\t\t\t<div class=\"elementor-widget-wrap elementor-element-populated\">\n\t\t\t\t\t\t<div class=\"elementor-element elementor-element-df758e4 elementor--h-position-center elementor--v-position-middle elementor-widget elementor-widget-slides\" data-id=\"df758e4\" data-element_type=\"widget\" data-e-type=\"widget\" data-settings=\"{&quot;navigation&quot;:&quot;none&quot;,&quot;infinite&quot;:&quot;yes&quot;,&quot;transition&quot;:&quot;slide&quot;,&quot;transition_speed&quot;:500}\" data-widget_type=\"slides.default\">\n\t\t\t\t<div class=\"elementor-widget-container\">\n\t\t\t\t\t\t\t<div class=\"elementor-swiper\">\n\t\t\t<div class=\"elementor-slides-wrapper elementor-main-swiper swiper-container\" dir=\"ltr\" data-animation=\"\">\n\t\t\t\t<div class=\"swiper-wrapper elementor-slides\">\n\t\t\t\t\t\t\t\t\t\t<div class=\"elementor-repeater-item-d983a28 swiper-slide\"><div class=\"swiper-slide-bg\"><\/div><div class=\"swiper-slide-inner\" ><div class=\"swiper-slide-contents\"><div class=\"elementor-slide-heading\">Education<\/div><\/div><\/div><\/div>\t\t\t\t<\/div>\n\t\t\t\t\t\t\t<\/div>\n\t\t<\/div>\n\t\t\t\t\t\t<\/div>\n\t\t\t\t<\/div>\n\t\t\t\t\t<\/div>\n\t\t<\/div>\n\t\t\t\t\t<\/div>\n\t\t<\/section>\n\t\t\t\t<section class=\"elementor-section elementor-top-section elementor-element elementor-element-a0618e7 elementor-section-stretched elementor-section-boxed elementor-section-height-default elementor-section-height-default wpr-particle-no wpr-jarallax-no wpr-parallax-no wpr-sticky-section-no wpr-equal-height-no\" data-id=\"a0618e7\" data-element_type=\"section\" data-e-type=\"section\" data-settings=\"{&quot;stretch_section&quot;:&quot;section-stretched&quot;,&quot;background_background&quot;:&quot;classic&quot;}\">\n\t\t\t\t\t\t<div class=\"elementor-container elementor-column-gap-default\">\n\t\t\t\t\t<div class=\"elementor-column elementor-col-100 elementor-top-column elementor-element elementor-element-a2dea2a\" data-id=\"a2dea2a\" data-element_type=\"column\" data-e-type=\"column\">\n\t\t\t<div class=\"elementor-widget-wrap elementor-element-populated\">\n\t\t\t\t\t\t<div class=\"elementor-element elementor-element-f87887f elementor-widget elementor-widget-heading\" data-id=\"f87887f\" data-element_type=\"widget\" data-e-type=\"widget\" data-widget_type=\"heading.default\">\n\t\t\t\t<div class=\"elementor-widget-container\">\n\t\t\t\t\t<h3 class=\"elementor-heading-title elementor-size-default\">FAFSA: El programa que necesitas para seguir estudiando<\/h3>\t\t\t\t<\/div>\n\t\t\t\t<\/div>\n\t\t\t\t<div class=\"elementor-element elementor-element-1deba28 elementor-widget elementor-widget-text-editor\" data-id=\"1deba28\" data-element_type=\"widget\" data-e-type=\"widget\" data-widget_type=\"text-editor.default\">\n\t\t\t\t<div class=\"elementor-widget-container\">\n\t\t\t\t\t\t\t\t\t<p>El gobierno federal norteamericano cuenta con apoyos econ\u00f3micos para que sigas estudiando. <a href=\"https:\/\/www.univision.com\/noticias\/educacion\/especial-educacion-fafsa-todas-tus-preguntas-respondidas\"><strong>El Programa Ayuda Federal Para Estudiantes (FAFSA)<\/strong><\/a> tiene los medios para que contin\u00faes con tu preparaci\u00f3n acad\u00e9mica y seguir tu crecimiento.<\/p><p>Esta ayuda la encuentras en la secci\u00f3n <a href=\"https:\/\/accesolatino.org\/en\/educacion\/\"><strong>Education<\/strong><\/a>. Toda la informaci\u00f3n que necesitas para comenzar con el proceso, as\u00ed como los requerimientos para calificar en \u00e9l.<\/p><p>Encuentra los recursos econ\u00f3micos para estudiar la universidad, el objetivo del gobierno al crear este programa es para ayudarte a conseguir el dinero que necesitas para pagar tu educaci\u00f3n.<\/p><p>Encuentra \u00e9sta y m\u00e1s herramientas en <strong>Acceso Latino<\/strong>, your first immigration consultation window.<\/p>\t\t\t\t\t\t\t\t<\/div>\n\t\t\t\t<\/div>\n\t\t\t\t<div class=\"elementor-element elementor-element-df6b8e7 elementor-widget elementor-widget-spacer\" data-id=\"df6b8e7\" data-element_type=\"widget\" data-e-type=\"widget\" data-widget_type=\"spacer.default\">\n\t\t\t\t<div class=\"elementor-widget-container\">\n\t\t\t\t\t\t\t<div class=\"elementor-spacer\">\n\t\t\t<div class=\"elementor-spacer-inner\"><\/div>\n\t\t<\/div>\n\t\t\t\t\t\t<\/div>\n\t\t\t\t<\/div>\n\t\t\t\t\t<\/div>\n\t\t<\/div>\n\t\t\t\t\t<\/div>\n\t\t<\/section>\n\t\t\t\t<\/div>","protected":false},"excerpt":{"rendered":"<p>Educaci\u00f3n FAFSA: El programa que necesitas para seguir estudiando El gobierno federal norteamericano cuenta con apoyos econ\u00f3micos para que sigas estudiando. El Programa Ayuda Federal Para Estudiantes (FAFSA) tiene los medios para que contin\u00faes con tu preparaci\u00f3n acad\u00e9mica y seguir tu crecimiento. Esta ayuda la encuentras en la secci\u00f3n Educaci\u00f3n. Toda la informaci\u00f3n que necesitas para comenzar con el proceso, as\u00ed como los requerimientos para calificar en \u00e9l. Encuentra los recursos econ\u00f3micos para estudiar la universidad, el objetivo del gobierno al crear este programa es para ayudarte a conseguir el dinero que necesitas para pagar tu educaci\u00f3n. Encuentra \u00e9sta y m\u00e1s herramientas en Acceso Latino, tu primera ventana de consulta migratoria.<\/p>","protected":false},"author":7,"featured_media":21162,"parent":0,"menu_order":0,"comment_status":"closed","ping_status":"closed","template":"elementor_header_footer","meta":{"_uf_show_specific_survey":0,"_uf_disable_surveys":false,"footnotes":""},"class_list":["post-21161","page","type-page","status-publish","has-post-thumbnail"],"aioseo_notices":[],"yoast_head":"<!-- This site is optimized with the Yoast SEO plugin v27.4 - https:\/\/yoast.com\/product\/yoast-seo-wordpress\/ -->\n<title>FAFSA: El programa que necesitas para seguir estudiando<\/title>\n<meta name=\"description\" content=\"FAFSA: El programa que necesitas para seguir estudiando El gobierno federal norteamericano cuenta con apoyos econ\u00f3micos para...\" \/>\n<meta name=\"robots\" content=\"index, follow, max-snippet:-1, max-image-preview:large, max-video-preview:-1\" \/>\n<link rel=\"canonical\" href=\"https:\/\/accesolatino.org\/en\/fafsa-el-programa-que-necesitas-para-seguir-estudiando\/\" \/>\n<meta property=\"og:locale\" content=\"en_US\" \/>\n<meta property=\"og:type\" content=\"article\" \/>\n<meta property=\"og:title\" content=\"Acceso Latino | FAFSA: El programa que necesitas para seguir estudiando\" \/>\n<meta property=\"og:description\" content=\"El gobierno federal norteamericano cuenta con apoyos econ\u00f3micos para que sigas estudiando. El Programa Ayuda Federal Para Estudiantes (FAFSA) tiene\" \/>\n<meta property=\"og:url\" content=\"https:\/\/accesolatino.org\/en\/fafsa-el-programa-que-necesitas-para-seguir-estudiando\/\" \/>\n<meta property=\"og:site_name\" content=\"Acceso Latino\" \/>\n<meta property=\"article:publisher\" content=\"https:\/\/www.facebook.com\/AccesoLatinoOrg\" \/>\n<meta property=\"article:modified_time\" content=\"2025-10-17T20:11:45+00:00\" \/>\n<meta property=\"og:image\" content=\"https:\/\/accesolatino.org\/wp-content\/uploads\/2020\/05\/Ayuda-financiera-del-gobierno-estadounidense-para-estudiantes-FAFSA.png\" \/>\n\t<meta property=\"og:image:width\" content=\"600\" \/>\n\t<meta property=\"og:image:height\" content=\"338\" \/>\n\t<meta property=\"og:image:type\" content=\"image\/png\" \/>\n<meta name=\"twitter:card\" content=\"summary_large_image\" \/>\n<meta name=\"twitter:title\" content=\"Acceso Latino | FAFSA: El programa que necesitas para seguir estudiando\" \/>\n<meta name=\"twitter:description\" content=\"El gobierno federal norteamericano cuenta con apoyos econ\u00f3micos para que sigas estudiando. El Programa Ayuda Federal Para Estudiantes (FAFSA) tiene\" \/>\n<meta name=\"twitter:image\" content=\"https:\/\/accesolatino.org\/wp-content\/uploads\/2020\/05\/Ayuda-financiera-del-gobierno-estadounidense-para-estudiantes-FAFSA.png\" \/>\n<meta name=\"twitter:site\" content=\"@FAccLatino\" \/>\n<meta name=\"twitter:label1\" content=\"Est. reading time\" \/>\n\t<meta name=\"twitter:data1\" content=\"1 minute\" \/>\n<script type=\"application\/ld+json\" class=\"yoast-schema-graph\">{\"@context\":\"https:\\\/\\\/schema.org\",\"@graph\":[{\"@type\":\"WebPage\",\"@id\":\"https:\\\/\\\/accesolatino.org\\\/en\\\/fafsa-el-programa-que-necesitas-para-seguir-estudiando\\\/\",\"url\":\"https:\\\/\\\/accesolatino.org\\\/en\\\/fafsa-el-programa-que-necesitas-para-seguir-estudiando\\\/\",\"name\":\"FAFSA: El programa que necesitas para seguir estudiando\",\"isPartOf\":{\"@id\":\"https:\\\/\\\/accesolatino.org\\\/#website\"},\"primaryImageOfPage\":{\"@id\":\"https:\\\/\\\/accesolatino.org\\\/en\\\/fafsa-el-programa-que-necesitas-para-seguir-estudiando\\\/#primaryimage\"},\"image\":{\"@id\":\"https:\\\/\\\/accesolatino.org\\\/en\\\/fafsa-el-programa-que-necesitas-para-seguir-estudiando\\\/#primaryimage\"},\"thumbnailUrl\":\"https:\\\/\\\/accesolatino.org\\\/wp-content\\\/uploads\\\/2020\\\/05\\\/Ayuda-financiera-del-gobierno-estadounidense-para-estudiantes-FAFSA.png\",\"datePublished\":\"2020-05-08T15:07:10+00:00\",\"dateModified\":\"2025-10-17T20:11:45+00:00\",\"description\":\"FAFSA: El programa que necesitas para seguir estudiando El gobierno federal norteamericano cuenta con apoyos econ\u00f3micos para...\",\"breadcrumb\":{\"@id\":\"https:\\\/\\\/accesolatino.org\\\/en\\\/fafsa-el-programa-que-necesitas-para-seguir-estudiando\\\/#breadcrumb\"},\"inLanguage\":\"en-US\",\"potentialAction\":[{\"@type\":\"ReadAction\",\"target\":[\"https:\\\/\\\/accesolatino.org\\\/en\\\/fafsa-el-programa-que-necesitas-para-seguir-estudiando\\\/\"]}]},{\"@type\":\"ImageObject\",\"inLanguage\":\"en-US\",\"@id\":\"https:\\\/\\\/accesolatino.org\\\/en\\\/fafsa-el-programa-que-necesitas-para-seguir-estudiando\\\/#primaryimage\",\"url\":\"https:\\\/\\\/accesolatino.org\\\/wp-content\\\/uploads\\\/2020\\\/05\\\/Ayuda-financiera-del-gobierno-estadounidense-para-estudiantes-FAFSA.png\",\"contentUrl\":\"https:\\\/\\\/accesolatino.org\\\/wp-content\\\/uploads\\\/2020\\\/05\\\/Ayuda-financiera-del-gobierno-estadounidense-para-estudiantes-FAFSA.png\",\"width\":600,\"height\":338,\"caption\":\"fafsa\"},{\"@type\":\"BreadcrumbList\",\"@id\":\"https:\\\/\\\/accesolatino.org\\\/en\\\/fafsa-el-programa-que-necesitas-para-seguir-estudiando\\\/#breadcrumb\",\"itemListElement\":[{\"@type\":\"ListItem\",\"position\":1,\"name\":\"Portada\",\"item\":\"https:\\\/\\\/accesolatino.org\\\/\"},{\"@type\":\"ListItem\",\"position\":2,\"name\":\"FAFSA: El programa que necesitas para seguir estudiando\"}]},{\"@type\":\"WebSite\",\"@id\":\"https:\\\/\\\/accesolatino.org\\\/#website\",\"url\":\"https:\\\/\\\/accesolatino.org\\\/\",\"name\":\"Acceso Latino | Fundaci\u00f3n Carlos Slim\",\"description\":\"Fundaci\u00f3n Carlos Slim\",\"publisher\":{\"@id\":\"https:\\\/\\\/accesolatino.org\\\/#organization\"},\"potentialAction\":[{\"@type\":\"SearchAction\",\"target\":{\"@type\":\"EntryPoint\",\"urlTemplate\":\"https:\\\/\\\/accesolatino.org\\\/?s={search_term_string}\"},\"query-input\":{\"@type\":\"PropertyValueSpecification\",\"valueRequired\":true,\"valueName\":\"search_term_string\"}}],\"inLanguage\":\"en-US\"},{\"@type\":\"Organization\",\"@id\":\"https:\\\/\\\/accesolatino.org\\\/#organization\",\"name\":\"Acceso Latino | Fundaci\u00f3n Carlos Slim\",\"url\":\"https:\\\/\\\/accesolatino.org\\\/\",\"logo\":{\"@type\":\"ImageObject\",\"inLanguage\":\"en-US\",\"@id\":\"https:\\\/\\\/accesolatino.org\\\/#\\\/schema\\\/logo\\\/image\\\/\",\"url\":\"https:\\\/\\\/accesolatino.org\\\/wp-content\\\/uploads\\\/2021\\\/02\\\/logo-footer-acceso-latino.png\",\"contentUrl\":\"https:\\\/\\\/accesolatino.org\\\/wp-content\\\/uploads\\\/2021\\\/02\\\/logo-footer-acceso-latino.png\",\"width\":240,\"height\":40,\"caption\":\"Acceso Latino | Fundaci\u00f3n Carlos Slim\"},\"image\":{\"@id\":\"https:\\\/\\\/accesolatino.org\\\/#\\\/schema\\\/logo\\\/image\\\/\"},\"sameAs\":[\"https:\\\/\\\/www.facebook.com\\\/AccesoLatinoOrg\",\"https:\\\/\\\/x.com\\\/FAccLatino\"]}]}<\/script>\n<!-- \/ Yoast SEO plugin. -->","yoast_head_json":{"title":"FAFSA: El programa que necesitas para seguir estudiando","description":"FAFSA: El programa que necesitas para seguir estudiando El gobierno federal norteamericano cuenta con apoyos econ\u00f3micos para...","robots":{"index":"index","follow":"follow","max-snippet":"max-snippet:-1","max-image-preview":"max-image-preview:large","max-video-preview":"max-video-preview:-1"},"canonical":"https:\/\/accesolatino.org\/en\/fafsa-el-programa-que-necesitas-para-seguir-estudiando\/","og_locale":"en_US","og_type":"article","og_title":"Acceso Latino | FAFSA: El programa que necesitas para seguir estudiando","og_description":"El gobierno federal norteamericano cuenta con apoyos econ\u00f3micos para que sigas estudiando. El Programa Ayuda Federal Para Estudiantes (FAFSA) tiene","og_url":"https:\/\/accesolatino.org\/en\/fafsa-el-programa-que-necesitas-para-seguir-estudiando\/","og_site_name":"Acceso Latino","article_publisher":"https:\/\/www.facebook.com\/AccesoLatinoOrg","article_modified_time":"2025-10-17T20:11:45+00:00","og_image":[{"width":600,"height":338,"url":"https:\/\/accesolatino.org\/wp-content\/uploads\/2020\/05\/Ayuda-financiera-del-gobierno-estadounidense-para-estudiantes-FAFSA.png","type":"image\/png"}],"twitter_card":"summary_large_image","twitter_title":"Acceso Latino | FAFSA: El programa que necesitas para seguir estudiando","twitter_description":"El gobierno federal norteamericano cuenta con apoyos econ\u00f3micos para que sigas estudiando. El Programa Ayuda Federal Para Estudiantes (FAFSA) tiene","twitter_image":"https:\/\/accesolatino.org\/wp-content\/uploads\/2020\/05\/Ayuda-financiera-del-gobierno-estadounidense-para-estudiantes-FAFSA.png","twitter_site":"@FAccLatino","twitter_misc":{"Est. reading time":"1 minute"},"schema":{"@context":"https:\/\/schema.org","@graph":[{"@type":"WebPage","@id":"https:\/\/accesolatino.org\/en\/fafsa-el-programa-que-necesitas-para-seguir-estudiando\/","url":"https:\/\/accesolatino.org\/en\/fafsa-el-programa-que-necesitas-para-seguir-estudiando\/","name":"FAFSA: El programa que necesitas para seguir estudiando","isPartOf":{"@id":"https:\/\/accesolatino.org\/#website"},"primaryImageOfPage":{"@id":"https:\/\/accesolatino.org\/en\/fafsa-el-programa-que-necesitas-para-seguir-estudiando\/#primaryimage"},"image":{"@id":"https:\/\/accesolatino.org\/en\/fafsa-el-programa-que-necesitas-para-seguir-estudiando\/#primaryimage"},"thumbnailUrl":"https:\/\/accesolatino.org\/wp-content\/uploads\/2020\/05\/Ayuda-financiera-del-gobierno-estadounidense-para-estudiantes-FAFSA.png","datePublished":"2020-05-08T15:07:10+00:00","dateModified":"2025-10-17T20:11:45+00:00","description":"FAFSA: El programa que necesitas para seguir estudiando El gobierno federal norteamericano cuenta con apoyos econ\u00f3micos para...","breadcrumb":{"@id":"https:\/\/accesolatino.org\/en\/fafsa-el-programa-que-necesitas-para-seguir-estudiando\/#breadcrumb"},"inLanguage":"en-US","potentialAction":[{"@type":"ReadAction","target":["https:\/\/accesolatino.org\/en\/fafsa-el-programa-que-necesitas-para-seguir-estudiando\/"]}]},{"@type":"ImageObject","inLanguage":"en-US","@id":"https:\/\/accesolatino.org\/en\/fafsa-el-programa-que-necesitas-para-seguir-estudiando\/#primaryimage","url":"https:\/\/accesolatino.org\/wp-content\/uploads\/2020\/05\/Ayuda-financiera-del-gobierno-estadounidense-para-estudiantes-FAFSA.png","contentUrl":"https:\/\/accesolatino.org\/wp-content\/uploads\/2020\/05\/Ayuda-financiera-del-gobierno-estadounidense-para-estudiantes-FAFSA.png","width":600,"height":338,"caption":"fafsa"},{"@type":"BreadcrumbList","@id":"https:\/\/accesolatino.org\/en\/fafsa-el-programa-que-necesitas-para-seguir-estudiando\/#breadcrumb","itemListElement":[{"@type":"ListItem","position":1,"name":"Portada","item":"https:\/\/accesolatino.org\/"},{"@type":"ListItem","position":2,"name":"FAFSA: El programa que necesitas para seguir estudiando"}]},{"@type":"WebSite","@id":"https:\/\/accesolatino.org\/#website","url":"https:\/\/accesolatino.org\/","name":"Acceso Latino | Fundaci\u00f3n Carlos Slim","description":"Fundaci\u00f3n Carlos Slim","publisher":{"@id":"https:\/\/accesolatino.org\/#organization"},"potentialAction":[{"@type":"SearchAction","target":{"@type":"EntryPoint","urlTemplate":"https:\/\/accesolatino.org\/?s={search_term_string}"},"query-input":{"@type":"PropertyValueSpecification","valueRequired":true,"valueName":"search_term_string"}}],"inLanguage":"en-US"},{"@type":"Organization","@id":"https:\/\/accesolatino.org\/#organization","name":"Acceso Latino | Fundaci\u00f3n Carlos Slim","url":"https:\/\/accesolatino.org\/","logo":{"@type":"ImageObject","inLanguage":"en-US","@id":"https:\/\/accesolatino.org\/#\/schema\/logo\/image\/","url":"https:\/\/accesolatino.org\/wp-content\/uploads\/2021\/02\/logo-footer-acceso-latino.png","contentUrl":"https:\/\/accesolatino.org\/wp-content\/uploads\/2021\/02\/logo-footer-acceso-latino.png","width":240,"height":40,"caption":"Acceso Latino | Fundaci\u00f3n Carlos Slim"},"image":{"@id":"https:\/\/accesolatino.org\/#\/schema\/logo\/image\/"},"sameAs":["https:\/\/www.facebook.com\/AccesoLatinoOrg","https:\/\/x.com\/FAccLatino"]}]}},"_links":{"self":[{"href":"https:\/\/accesolatino.org\/en\/wp-json\/wp\/v2\/pages\/21161","targetHints":{"allow":["GET"]}}],"collection":[{"href":"https:\/\/accesolatino.org\/en\/wp-json\/wp\/v2\/pages"}],"about":[{"href":"https:\/\/accesolatino.org\/en\/wp-json\/wp\/v2\/types\/page"}],"author":[{"embeddable":true,"href":"https:\/\/accesolatino.org\/en\/wp-json\/wp\/v2\/users\/7"}],"replies":[{"embeddable":true,"href":"https:\/\/accesolatino.org\/en\/wp-json\/wp\/v2\/comments?post=21161"}],"version-history":[{"count":1,"href":"https:\/\/accesolatino.org\/en\/wp-json\/wp\/v2\/pages\/21161\/revisions"}],"predecessor-version":[{"id":64220,"href":"https:\/\/accesolatino.org\/en\/wp-json\/wp\/v2\/pages\/21161\/revisions\/64220"}],"wp:featuredmedia":[{"embeddable":true,"href":"https:\/\/accesolatino.org\/en\/wp-json\/wp\/v2\/media\/21162"}],"wp:attachment":[{"href":"https:\/\/accesolatino.org\/en\/wp-json\/wp\/v2\/media?parent=21161"}],"curies":[{"name":"wp","href":"https:\/\/api.w.org\/{rel}","templated":true}]}}