{"id":21042,"date":"2020-04-29T10:29:17","date_gmt":"2020-04-29T15:29:17","guid":{"rendered":"https:\/\/accesolatino.org\/?page_id=21042"},"modified":"2025-10-16T15:09:42","modified_gmt":"2025-10-16T21:09:42","slug":"estres-por-la-pandemia-apoyate-en-el-nlpa","status":"publish","type":"page","link":"https:\/\/accesolatino.org\/en\/salud\/estres-por-la-pandemia-apoyate-en-el-nlpa\/","title":{"rendered":"Pandemic Stress, Lean on the NLPA"},"content":{"rendered":"<div data-elementor-type=\"wp-post\" data-elementor-id=\"21042\" class=\"elementor elementor-21042\">\n\t\t\t\t\t\t<section class=\"elementor-section elementor-top-section elementor-element elementor-element-27a6afc elementor-section-full_width elementor-section-height-min-height elementor-section-items-stretch elementor-section-height-default wpr-particle-no wpr-jarallax-no wpr-parallax-no wpr-sticky-section-no wpr-equal-height-no\" data-id=\"27a6afc\" data-element_type=\"section\" data-e-type=\"section\" data-settings=\"{&quot;background_background&quot;:&quot;classic&quot;}\">\n\t\t\t\t\t\t<div class=\"elementor-container elementor-column-gap-no\">\n\t\t\t\t\t<div class=\"elementor-column elementor-col-100 elementor-top-column elementor-element elementor-element-501acbd\" data-id=\"501acbd\" data-element_type=\"column\" data-e-type=\"column\">\n\t\t\t<div class=\"elementor-widget-wrap elementor-element-populated\">\n\t\t\t\t\t\t<div class=\"elementor-element elementor-element-908f43c elementor--h-position-center elementor--v-position-middle elementor-widget elementor-widget-slides\" data-id=\"908f43c\" data-element_type=\"widget\" data-e-type=\"widget\" data-settings=\"{&quot;navigation&quot;:&quot;none&quot;,&quot;infinite&quot;:&quot;yes&quot;,&quot;transition&quot;:&quot;slide&quot;,&quot;transition_speed&quot;:500}\" data-widget_type=\"slides.default\">\n\t\t\t\t<div class=\"elementor-widget-container\">\n\t\t\t\t\t\t\t<div class=\"elementor-swiper\">\n\t\t\t<div class=\"elementor-slides-wrapper elementor-main-swiper swiper-container\" dir=\"ltr\" data-animation=\"\">\n\t\t\t\t<div class=\"swiper-wrapper elementor-slides\">\n\t\t\t\t\t\t\t\t\t\t<div class=\"elementor-repeater-item-d983a28 swiper-slide\"><div class=\"swiper-slide-bg\"><\/div><div class=\"swiper-slide-inner\" ><div class=\"swiper-slide-contents\"><div class=\"elementor-slide-heading\">Health<\/div><\/div><\/div><\/div>\t\t\t\t<\/div>\n\t\t\t\t\t\t\t<\/div>\n\t\t<\/div>\n\t\t\t\t\t\t<\/div>\n\t\t\t\t<\/div>\n\t\t\t\t\t<\/div>\n\t\t<\/div>\n\t\t\t\t\t<\/div>\n\t\t<\/section>\n\t\t\t\t<section class=\"elementor-section elementor-top-section elementor-element elementor-element-3a442dc elementor-section-stretched elementor-section-boxed elementor-section-height-default elementor-section-height-default wpr-particle-no wpr-jarallax-no wpr-parallax-no wpr-sticky-section-no wpr-equal-height-no\" data-id=\"3a442dc\" data-element_type=\"section\" data-e-type=\"section\" data-settings=\"{&quot;stretch_section&quot;:&quot;section-stretched&quot;,&quot;background_background&quot;:&quot;classic&quot;}\">\n\t\t\t\t\t\t<div class=\"elementor-container elementor-column-gap-default\">\n\t\t\t\t\t<div class=\"elementor-column elementor-col-100 elementor-top-column elementor-element elementor-element-e3f744f\" data-id=\"e3f744f\" data-element_type=\"column\" data-e-type=\"column\">\n\t\t\t<div class=\"elementor-widget-wrap elementor-element-populated\">\n\t\t\t\t\t\t<div class=\"elementor-element elementor-element-297cbfe elementor-widget elementor-widget-heading\" data-id=\"297cbfe\" data-element_type=\"widget\" data-e-type=\"widget\" data-widget_type=\"heading.default\">\n\t\t\t\t<div class=\"elementor-widget-container\">\n\t\t\t\t\t<h3 class=\"elementor-heading-title elementor-size-default\">Pandemic Stress, Lean on the NLPA<\/h3>\t\t\t\t<\/div>\n\t\t\t\t<\/div>\n\t\t\t\t<div class=\"elementor-element elementor-element-4fc5610 elementor-widget elementor-widget-text-editor\" data-id=\"4fc5610\" data-element_type=\"widget\" data-e-type=\"widget\" data-widget_type=\"text-editor.default\">\n\t\t\t\t<div class=\"elementor-widget-container\">\n\t\t\t\t\t\t\t\t\t<p>In our section\u00a0<strong><a href=\"https:\/\/accesolatino.org\/en\/salud\/\">\u201cSalud\u201d<\/a>\u00a0<\/strong>you will find <strong><a href=\"https:\/\/www.documentcloud.org\/documents\/4344404-F-NLPA-UWD-Mental-Health-Resources.html\" target=\"_blank\" rel=\"noopener\">\u201cAsociaci\u00f3n Nacional de Psicolog\u00eda Latino (NLPA)\u00a0<\/a><\/strong>donde podr\u00e1s obtener ayuda psicol\u00f3gica en estos momentos de estr\u00e9s por el encierro y la crisis sanitaria.<\/p><p>La NLPA es una organizaci\u00f3n nacional de profesionales de la psicolog\u00eda acad\u00e9micos, investigadores y estudiantes cuyo fin es mejorar y avanzar el conocimiento de la mente y promover su uso efectivo en beneficio de la poblaci\u00f3n de Latina.<\/p><p>La National Latinx Psychological Association busca ayudar en los siguientes departamentos:<\/p><ul><li>Cubrir las necesidades de salud mental de los latinos que viven en Estados Unidos.<\/li><li>Expertos en el trabajo cl\u00ednico, la investigaci\u00f3n, la educaci\u00f3n, la capacitaci\u00f3n y la elaboraci\u00f3n de pol\u00edticas que nuestros miembros llevan al pie de la letra para servir mejor a los latinos.<\/li><\/ul><p>Ser parte de la NLPA viene con una rica diversidad de tradiciones nacionales, origen \u00e9tnico y cultural e ideolog\u00eda pol\u00edtica a favor de los derechos humanos.<\/p><p>No obstante, el objetivo de sus miembros es ver un ambiente f\u00edsico saludable y un entorno psicol\u00f3gico y social \u00f3ptimo para los latinos en la Uni\u00f3n Americana, que refleje los ideales de respeto por la salud mental, la dignidad y los derechos humanos y civiles.<\/p><p><strong>Acceso Latino,<\/strong>\u00a0tu portal de apoyo y consulta migratoria. No olvides que contamos con varias secciones, con informaci\u00f3n valiosa y herramientas gratuitas.<\/p>\t\t\t\t\t\t\t\t<\/div>\n\t\t\t\t<\/div>\n\t\t\t\t<div class=\"elementor-element elementor-element-935e6de elementor-widget elementor-widget-spacer\" data-id=\"935e6de\" data-element_type=\"widget\" data-e-type=\"widget\" data-widget_type=\"spacer.default\">\n\t\t\t\t<div class=\"elementor-widget-container\">\n\t\t\t\t\t\t\t<div class=\"elementor-spacer\">\n\t\t\t<div class=\"elementor-spacer-inner\"><\/div>\n\t\t<\/div>\n\t\t\t\t\t\t<\/div>\n\t\t\t\t<\/div>\n\t\t\t\t\t<\/div>\n\t\t<\/div>\n\t\t\t\t\t<\/div>\n\t\t<\/section>\n\t\t\t\t<\/div>","protected":false},"excerpt":{"rendered":"<p>Salud Estr\u00e9s por la pandemia, ap\u00f3yate en el NLPA En nuestra secci\u00f3n\u00a0\u201cSalud\u201d\u00a0encontrar\u00e1s la tarjeta \u201cAsociaci\u00f3n Nacional de Psicolog\u00eda Latino (NLPA)\u00a0donde podr\u00e1s obtener ayuda psicol\u00f3gica en estos momentos de estr\u00e9s por el encierro y la crisis sanitaria. La NLPA es una organizaci\u00f3n nacional de profesionales de la psicolog\u00eda acad\u00e9micos, investigadores y estudiantes cuyo fin es mejorar y avanzar el conocimiento de la mente y promover su uso efectivo en beneficio de la poblaci\u00f3n de Latina. La National Latinx Psychological Association busca ayudar en los siguientes departamentos: Cubrir las necesidades de salud mental de los latinos que viven en Estados Unidos. Expertos en el trabajo cl\u00ednico, la investigaci\u00f3n, la educaci\u00f3n, la capacitaci\u00f3n y la elaboraci\u00f3n de pol\u00edticas que nuestros miembros llevan al pie de la letra para servir mejor a los latinos. Ser parte de la NLPA viene con una rica diversidad de tradiciones nacionales, origen \u00e9tnico y cultural e ideolog\u00eda pol\u00edtica a favor de los derechos humanos. No obstante, el objetivo de sus miembros es ver un ambiente f\u00edsico saludable y un entorno psicol\u00f3gico y social \u00f3ptimo para los latinos en la Uni\u00f3n Americana, que refleje los ideales de respeto por la salud mental, la dignidad y los derechos humanos y civiles. Acceso Latino,\u00a0tu portal de apoyo y consulta migratoria. No olvides que contamos con varias secciones, con informaci\u00f3n valiosa y herramientas gratuitas.<\/p>","protected":false},"author":4,"featured_media":21043,"parent":4668,"menu_order":0,"comment_status":"closed","ping_status":"closed","template":"elementor_header_footer","meta":{"_uf_show_specific_survey":0,"_uf_disable_surveys":false,"footnotes":""},"class_list":["post-21042","page","type-page","status-publish","has-post-thumbnail"],"aioseo_notices":[],"yoast_head":"<!-- This site is optimized with the Yoast SEO plugin v27.4 - https:\/\/yoast.com\/product\/yoast-seo-wordpress\/ -->\n<title>Estr\u00e9s por la pandemia, ap\u00f3yate en el NLPA<\/title>\n<meta name=\"description\" content=\"Conoce tus derechos y lo que Estados Unidos tiene para ofrecer a los migrantes en materia de Salud - Acceso Latino\" \/>\n<meta name=\"robots\" content=\"index, follow, max-snippet:-1, max-image-preview:large, max-video-preview:-1\" \/>\n<link rel=\"canonical\" href=\"https:\/\/accesolatino.org\/en\/salud\/estres-por-la-pandemia-apoyate-en-el-nlpa\/\" \/>\n<meta property=\"og:locale\" content=\"en_US\" \/>\n<meta property=\"og:type\" content=\"article\" \/>\n<meta property=\"og:title\" content=\"Acceso Latino | Estr\u00e9s por la pandemia, ap\u00f3yate en el NLPA\" \/>\n<meta property=\"og:description\" content=\"Conoce todo lo que Estados Unidos tiene para ofrecer a los migrantes en materia de Salud\" \/>\n<meta property=\"og:url\" content=\"https:\/\/accesolatino.org\/en\/salud\/estres-por-la-pandemia-apoyate-en-el-nlpa\/\" \/>\n<meta property=\"og:site_name\" content=\"Acceso Latino\" \/>\n<meta property=\"article:publisher\" content=\"https:\/\/www.facebook.com\/AccesoLatinoOrg\" \/>\n<meta property=\"article:modified_time\" content=\"2025-10-16T21:09:42+00:00\" \/>\n<meta property=\"og:image\" content=\"https:\/\/accesolatino.org\/wp-content\/uploads\/2020\/04\/National-Latinx-Psychological-Association.png\" \/>\n\t<meta property=\"og:image:width\" content=\"600\" \/>\n\t<meta property=\"og:image:height\" content=\"338\" \/>\n\t<meta property=\"og:image:type\" content=\"image\/png\" \/>\n<meta name=\"twitter:card\" content=\"summary_large_image\" \/>\n<meta name=\"twitter:title\" content=\"Acceso Latino | Estr\u00e9s por la pandemia, ap\u00f3yate en el NLPA\" \/>\n<meta name=\"twitter:description\" content=\"Conoce todo lo que Estados Unidos tiene para ofrecer a los migrantes en materia de Salud\" \/>\n<meta name=\"twitter:image\" content=\"https:\/\/accesolatino.org\/wp-content\/uploads\/2020\/04\/National-Latinx-Psychological-Association.png\" \/>\n<meta name=\"twitter:site\" content=\"@FAccLatino\" \/>\n<meta name=\"twitter:label1\" content=\"Est. reading time\" \/>\n\t<meta name=\"twitter:data1\" content=\"2 minutes\" \/>\n<script type=\"application\/ld+json\" class=\"yoast-schema-graph\">{\"@context\":\"https:\\\/\\\/schema.org\",\"@graph\":[{\"@type\":\"WebPage\",\"@id\":\"https:\\\/\\\/accesolatino.org\\\/salud\\\/estres-por-la-pandemia-apoyate-en-el-nlpa\\\/\",\"url\":\"https:\\\/\\\/accesolatino.org\\\/salud\\\/estres-por-la-pandemia-apoyate-en-el-nlpa\\\/\",\"name\":\"Estr\u00e9s por la pandemia, ap\u00f3yate en el NLPA\",\"isPartOf\":{\"@id\":\"https:\\\/\\\/accesolatino.org\\\/#website\"},\"primaryImageOfPage\":{\"@id\":\"https:\\\/\\\/accesolatino.org\\\/salud\\\/estres-por-la-pandemia-apoyate-en-el-nlpa\\\/#primaryimage\"},\"image\":{\"@id\":\"https:\\\/\\\/accesolatino.org\\\/salud\\\/estres-por-la-pandemia-apoyate-en-el-nlpa\\\/#primaryimage\"},\"thumbnailUrl\":\"https:\\\/\\\/accesolatino.org\\\/wp-content\\\/uploads\\\/2020\\\/04\\\/National-Latinx-Psychological-Association.png\",\"datePublished\":\"2020-04-29T15:29:17+00:00\",\"dateModified\":\"2025-10-16T21:09:42+00:00\",\"description\":\"Conoce tus derechos y lo que Estados Unidos tiene para ofrecer a los migrantes en materia de Salud - Acceso Latino\",\"breadcrumb\":{\"@id\":\"https:\\\/\\\/accesolatino.org\\\/salud\\\/estres-por-la-pandemia-apoyate-en-el-nlpa\\\/#breadcrumb\"},\"inLanguage\":\"en-US\",\"potentialAction\":[{\"@type\":\"ReadAction\",\"target\":[\"https:\\\/\\\/accesolatino.org\\\/salud\\\/estres-por-la-pandemia-apoyate-en-el-nlpa\\\/\"]}]},{\"@type\":\"ImageObject\",\"inLanguage\":\"en-US\",\"@id\":\"https:\\\/\\\/accesolatino.org\\\/salud\\\/estres-por-la-pandemia-apoyate-en-el-nlpa\\\/#primaryimage\",\"url\":\"https:\\\/\\\/accesolatino.org\\\/wp-content\\\/uploads\\\/2020\\\/04\\\/National-Latinx-Psychological-Association.png\",\"contentUrl\":\"https:\\\/\\\/accesolatino.org\\\/wp-content\\\/uploads\\\/2020\\\/04\\\/National-Latinx-Psychological-Association.png\",\"width\":600,\"height\":338,\"caption\":\"estr\u00e9s\"},{\"@type\":\"BreadcrumbList\",\"@id\":\"https:\\\/\\\/accesolatino.org\\\/salud\\\/estres-por-la-pandemia-apoyate-en-el-nlpa\\\/#breadcrumb\",\"itemListElement\":[{\"@type\":\"ListItem\",\"position\":1,\"name\":\"Portada\",\"item\":\"https:\\\/\\\/accesolatino.org\\\/\"},{\"@type\":\"ListItem\",\"position\":2,\"name\":\"Salud\",\"item\":\"https:\\\/\\\/accesolatino.org\\\/salud\\\/\"},{\"@type\":\"ListItem\",\"position\":3,\"name\":\"Estr\u00e9s por la pandemia, ap\u00f3yate en el NLPA\"}]},{\"@type\":\"WebSite\",\"@id\":\"https:\\\/\\\/accesolatino.org\\\/#website\",\"url\":\"https:\\\/\\\/accesolatino.org\\\/\",\"name\":\"Acceso Latino | Fundaci\u00f3n Carlos Slim\",\"description\":\"Fundaci\u00f3n Carlos Slim\",\"publisher\":{\"@id\":\"https:\\\/\\\/accesolatino.org\\\/#organization\"},\"potentialAction\":[{\"@type\":\"SearchAction\",\"target\":{\"@type\":\"EntryPoint\",\"urlTemplate\":\"https:\\\/\\\/accesolatino.org\\\/?s={search_term_string}\"},\"query-input\":{\"@type\":\"PropertyValueSpecification\",\"valueRequired\":true,\"valueName\":\"search_term_string\"}}],\"inLanguage\":\"en-US\"},{\"@type\":\"Organization\",\"@id\":\"https:\\\/\\\/accesolatino.org\\\/#organization\",\"name\":\"Acceso Latino | Fundaci\u00f3n Carlos Slim\",\"url\":\"https:\\\/\\\/accesolatino.org\\\/\",\"logo\":{\"@type\":\"ImageObject\",\"inLanguage\":\"en-US\",\"@id\":\"https:\\\/\\\/accesolatino.org\\\/#\\\/schema\\\/logo\\\/image\\\/\",\"url\":\"https:\\\/\\\/accesolatino.org\\\/wp-content\\\/uploads\\\/2021\\\/02\\\/logo-footer-acceso-latino.png\",\"contentUrl\":\"https:\\\/\\\/accesolatino.org\\\/wp-content\\\/uploads\\\/2021\\\/02\\\/logo-footer-acceso-latino.png\",\"width\":240,\"height\":40,\"caption\":\"Acceso Latino | Fundaci\u00f3n Carlos Slim\"},\"image\":{\"@id\":\"https:\\\/\\\/accesolatino.org\\\/#\\\/schema\\\/logo\\\/image\\\/\"},\"sameAs\":[\"https:\\\/\\\/www.facebook.com\\\/AccesoLatinoOrg\",\"https:\\\/\\\/x.com\\\/FAccLatino\"]}]}<\/script>\n<!-- \/ Yoast SEO plugin. -->","yoast_head_json":{"title":"Pandemic Stress, Lean on the NLPA","description":"Conoce tus derechos y lo que Estados Unidos tiene para ofrecer a los migrantes en materia de Salud - Acceso Latino","robots":{"index":"index","follow":"follow","max-snippet":"max-snippet:-1","max-image-preview":"max-image-preview:large","max-video-preview":"max-video-preview:-1"},"canonical":"https:\/\/accesolatino.org\/en\/salud\/estres-por-la-pandemia-apoyate-en-el-nlpa\/","og_locale":"en_US","og_type":"article","og_title":"Acceso Latino | Estr\u00e9s por la pandemia, ap\u00f3yate en el NLPA","og_description":"Conoce todo lo que Estados Unidos tiene para ofrecer a los migrantes en materia de Salud","og_url":"https:\/\/accesolatino.org\/en\/salud\/estres-por-la-pandemia-apoyate-en-el-nlpa\/","og_site_name":"Acceso Latino","article_publisher":"https:\/\/www.facebook.com\/AccesoLatinoOrg","article_modified_time":"2025-10-16T21:09:42+00:00","og_image":[{"width":600,"height":338,"url":"https:\/\/accesolatino.org\/wp-content\/uploads\/2020\/04\/National-Latinx-Psychological-Association.png","type":"image\/png"}],"twitter_card":"summary_large_image","twitter_title":"Acceso Latino | Estr\u00e9s por la pandemia, ap\u00f3yate en el NLPA","twitter_description":"Conoce todo lo que Estados Unidos tiene para ofrecer a los migrantes en materia de Salud","twitter_image":"https:\/\/accesolatino.org\/wp-content\/uploads\/2020\/04\/National-Latinx-Psychological-Association.png","twitter_site":"@FAccLatino","twitter_misc":{"Est. reading time":"2 minutes"},"schema":{"@context":"https:\/\/schema.org","@graph":[{"@type":"WebPage","@id":"https:\/\/accesolatino.org\/salud\/estres-por-la-pandemia-apoyate-en-el-nlpa\/","url":"https:\/\/accesolatino.org\/salud\/estres-por-la-pandemia-apoyate-en-el-nlpa\/","name":"Pandemic Stress, Lean on the NLPA","isPartOf":{"@id":"https:\/\/accesolatino.org\/#website"},"primaryImageOfPage":{"@id":"https:\/\/accesolatino.org\/salud\/estres-por-la-pandemia-apoyate-en-el-nlpa\/#primaryimage"},"image":{"@id":"https:\/\/accesolatino.org\/salud\/estres-por-la-pandemia-apoyate-en-el-nlpa\/#primaryimage"},"thumbnailUrl":"https:\/\/accesolatino.org\/wp-content\/uploads\/2020\/04\/National-Latinx-Psychological-Association.png","datePublished":"2020-04-29T15:29:17+00:00","dateModified":"2025-10-16T21:09:42+00:00","description":"Conoce tus derechos y lo que Estados Unidos tiene para ofrecer a los migrantes en materia de Salud - Acceso Latino","breadcrumb":{"@id":"https:\/\/accesolatino.org\/salud\/estres-por-la-pandemia-apoyate-en-el-nlpa\/#breadcrumb"},"inLanguage":"en-US","potentialAction":[{"@type":"ReadAction","target":["https:\/\/accesolatino.org\/salud\/estres-por-la-pandemia-apoyate-en-el-nlpa\/"]}]},{"@type":"ImageObject","inLanguage":"en-US","@id":"https:\/\/accesolatino.org\/salud\/estres-por-la-pandemia-apoyate-en-el-nlpa\/#primaryimage","url":"https:\/\/accesolatino.org\/wp-content\/uploads\/2020\/04\/National-Latinx-Psychological-Association.png","contentUrl":"https:\/\/accesolatino.org\/wp-content\/uploads\/2020\/04\/National-Latinx-Psychological-Association.png","width":600,"height":338,"caption":"estr\u00e9s"},{"@type":"BreadcrumbList","@id":"https:\/\/accesolatino.org\/salud\/estres-por-la-pandemia-apoyate-en-el-nlpa\/#breadcrumb","itemListElement":[{"@type":"ListItem","position":1,"name":"Portada","item":"https:\/\/accesolatino.org\/"},{"@type":"ListItem","position":2,"name":"Salud","item":"https:\/\/accesolatino.org\/salud\/"},{"@type":"ListItem","position":3,"name":"Estr\u00e9s por la pandemia, ap\u00f3yate en el NLPA"}]},{"@type":"WebSite","@id":"https:\/\/accesolatino.org\/#website","url":"https:\/\/accesolatino.org\/","name":"Acceso Latino | Fundaci\u00f3n Carlos Slim","description":"Fundaci\u00f3n Carlos Slim","publisher":{"@id":"https:\/\/accesolatino.org\/#organization"},"potentialAction":[{"@type":"SearchAction","target":{"@type":"EntryPoint","urlTemplate":"https:\/\/accesolatino.org\/?s={search_term_string}"},"query-input":{"@type":"PropertyValueSpecification","valueRequired":true,"valueName":"search_term_string"}}],"inLanguage":"en-US"},{"@type":"Organization","@id":"https:\/\/accesolatino.org\/#organization","name":"Acceso Latino | Fundaci\u00f3n Carlos Slim","url":"https:\/\/accesolatino.org\/","logo":{"@type":"ImageObject","inLanguage":"en-US","@id":"https:\/\/accesolatino.org\/#\/schema\/logo\/image\/","url":"https:\/\/accesolatino.org\/wp-content\/uploads\/2021\/02\/logo-footer-acceso-latino.png","contentUrl":"https:\/\/accesolatino.org\/wp-content\/uploads\/2021\/02\/logo-footer-acceso-latino.png","width":240,"height":40,"caption":"Acceso Latino | Fundaci\u00f3n Carlos Slim"},"image":{"@id":"https:\/\/accesolatino.org\/#\/schema\/logo\/image\/"},"sameAs":["https:\/\/www.facebook.com\/AccesoLatinoOrg","https:\/\/x.com\/FAccLatino"]}]}},"_links":{"self":[{"href":"https:\/\/accesolatino.org\/en\/wp-json\/wp\/v2\/pages\/21042","targetHints":{"allow":["GET"]}}],"collection":[{"href":"https:\/\/accesolatino.org\/en\/wp-json\/wp\/v2\/pages"}],"about":[{"href":"https:\/\/accesolatino.org\/en\/wp-json\/wp\/v2\/types\/page"}],"author":[{"embeddable":true,"href":"https:\/\/accesolatino.org\/en\/wp-json\/wp\/v2\/users\/4"}],"replies":[{"embeddable":true,"href":"https:\/\/accesolatino.org\/en\/wp-json\/wp\/v2\/comments?post=21042"}],"version-history":[{"count":1,"href":"https:\/\/accesolatino.org\/en\/wp-json\/wp\/v2\/pages\/21042\/revisions"}],"predecessor-version":[{"id":64036,"href":"https:\/\/accesolatino.org\/en\/wp-json\/wp\/v2\/pages\/21042\/revisions\/64036"}],"up":[{"embeddable":true,"href":"https:\/\/accesolatino.org\/en\/wp-json\/wp\/v2\/pages\/4668"}],"wp:featuredmedia":[{"embeddable":true,"href":"https:\/\/accesolatino.org\/en\/wp-json\/wp\/v2\/media\/21043"}],"wp:attachment":[{"href":"https:\/\/accesolatino.org\/en\/wp-json\/wp\/v2\/media?parent=21042"}],"curies":[{"name":"wp","href":"https:\/\/api.w.org\/{rel}","templated":true}]}}