{"id":20851,"date":"2020-04-14T11:17:52","date_gmt":"2020-04-14T16:17:52","guid":{"rendered":"https:\/\/accesolatino.org\/?page_id=20851"},"modified":"2025-10-16T12:26:15","modified_gmt":"2025-10-16T18:26:15","slug":"necesitas-realizar-una-equivalencia-academica","status":"publish","type":"page","link":"https:\/\/accesolatino.org\/en\/necesitas-realizar-una-equivalencia-academica\/","title":{"rendered":"Do you need to perform an academic equivalency?"},"content":{"rendered":"<div data-elementor-type=\"wp-post\" data-elementor-id=\"20851\" class=\"elementor elementor-20851\">\n\t\t\t\t\t\t<section class=\"elementor-section elementor-top-section elementor-element elementor-element-d957d85 elementor-section-full_width elementor-section-height-min-height elementor-section-items-stretch elementor-section-height-default wpr-particle-no wpr-jarallax-no wpr-parallax-no wpr-sticky-section-no wpr-equal-height-no\" data-id=\"d957d85\" data-element_type=\"section\" data-e-type=\"section\" data-settings=\"{&quot;background_background&quot;:&quot;classic&quot;}\">\n\t\t\t\t\t\t<div class=\"elementor-container elementor-column-gap-no\">\n\t\t\t\t\t<div class=\"elementor-column elementor-col-100 elementor-top-column elementor-element elementor-element-a41b348\" data-id=\"a41b348\" data-element_type=\"column\" data-e-type=\"column\">\n\t\t\t<div class=\"elementor-widget-wrap elementor-element-populated\">\n\t\t\t\t\t\t<div class=\"elementor-element elementor-element-e5abef3 elementor--h-position-center elementor--v-position-middle elementor-widget elementor-widget-slides\" data-id=\"e5abef3\" data-element_type=\"widget\" data-e-type=\"widget\" data-settings=\"{&quot;navigation&quot;:&quot;none&quot;,&quot;infinite&quot;:&quot;yes&quot;,&quot;transition&quot;:&quot;slide&quot;,&quot;transition_speed&quot;:500}\" data-widget_type=\"slides.default\">\n\t\t\t\t<div class=\"elementor-widget-container\">\n\t\t\t\t\t\t\t<div class=\"elementor-swiper\">\n\t\t\t<div class=\"elementor-slides-wrapper elementor-main-swiper swiper-container\" dir=\"ltr\" data-animation=\"\">\n\t\t\t\t<div class=\"swiper-wrapper elementor-slides\">\n\t\t\t\t\t\t\t\t\t\t<div class=\"elementor-repeater-item-d983a28 swiper-slide\"><div class=\"swiper-slide-bg\"><\/div><div class=\"swiper-slide-inner\" ><div class=\"swiper-slide-contents\"><div class=\"elementor-slide-heading\">Education<\/div><\/div><\/div><\/div>\t\t\t\t<\/div>\n\t\t\t\t\t\t\t<\/div>\n\t\t<\/div>\n\t\t\t\t\t\t<\/div>\n\t\t\t\t<\/div>\n\t\t\t\t\t<\/div>\n\t\t<\/div>\n\t\t\t\t\t<\/div>\n\t\t<\/section>\n\t\t\t\t<section class=\"elementor-section elementor-top-section elementor-element elementor-element-70d0f27 elementor-section-stretched elementor-section-boxed elementor-section-height-default elementor-section-height-default wpr-particle-no wpr-jarallax-no wpr-parallax-no wpr-sticky-section-no wpr-equal-height-no\" data-id=\"70d0f27\" data-element_type=\"section\" data-e-type=\"section\" data-settings=\"{&quot;stretch_section&quot;:&quot;section-stretched&quot;,&quot;background_background&quot;:&quot;classic&quot;}\">\n\t\t\t\t\t\t<div class=\"elementor-container elementor-column-gap-default\">\n\t\t\t\t\t<div class=\"elementor-column elementor-col-100 elementor-top-column elementor-element elementor-element-716a2b8\" data-id=\"716a2b8\" data-element_type=\"column\" data-e-type=\"column\">\n\t\t\t<div class=\"elementor-widget-wrap elementor-element-populated\">\n\t\t\t\t\t\t<div class=\"elementor-element elementor-element-1620de2 elementor-widget elementor-widget-heading\" data-id=\"1620de2\" data-element_type=\"widget\" data-e-type=\"widget\" data-widget_type=\"heading.default\">\n\t\t\t\t<div class=\"elementor-widget-container\">\n\t\t\t\t\t<h3 class=\"elementor-heading-title elementor-size-default\">Do you need to perform an academic equivalency?<\/h3>\t\t\t\t<\/div>\n\t\t\t\t<\/div>\n\t\t\t\t<div class=\"elementor-element elementor-element-43e7424 elementor-widget elementor-widget-text-editor\" data-id=\"43e7424\" data-element_type=\"widget\" data-e-type=\"widget\" data-widget_type=\"text-editor.default\">\n\t\t\t\t<div class=\"elementor-widget-container\">\n\t\t\t\t\t\t\t\t\t<p>In the section <strong><a href=\"https:\/\/accesolatino.org\/en\/educacion\/\">\u201cEducaci\u00f3n\u201d<\/a> <\/strong>podr\u00e1s ampliar tus habilidades acad\u00e9micas estudiando una carrera, ya sea en territorio norteamericano o en M\u00e9xico o validar tus estudios con la herramienta <strong><u>\u201cInformaci\u00f3n para el examen de equivalencia de estudios\u201d<\/u><\/strong>, donde podr\u00e1s realizar una prueba para complementar tus estudios, cuenta con tres botones:<\/p><p><strong><a href=\"https:\/\/accesolatino.org\/en\/educacion\/ged-tasc-y-hi-set\/#GED1\">General Educational Develpment (GED).<\/a><\/strong> Es un examen que se realiza por computadora a aquellos que no han podido obtener su diploma de High School.<\/p><p><strong><a href=\"https:\/\/accesolatino.org\/en\/educacion\/ged-tasc-y-hi-set\/#TASC\">Test Assessing Secondary Completion (TASC)<\/a>.<\/strong> Es un examen creado para aquellos que no lograron obtener su diploma de preparatoria, lo puedan conseguir por medio de una prueba o examen.<\/p><p>El examen<strong> <a href=\"https:\/\/accesolatino.org\/en\/educacion\/ged-tasc-y-hi-set\/#HI-SET3\">HI-SET<\/a><\/strong> es una de las tres pruebas que realizan los estados de la Uni\u00f3n Americana, para medir los conocimientos obtenidos y realizar una equivalencia de la escuela secundaria.<\/p><p>Contar con una educaci\u00f3n acad\u00e9mica, siempre presentar\u00e1 mejores oportunidades.<\/p><p><strong>Acceso Latino,<\/strong> tu primera ventana de consulta migratoria donde encontrar\u00e1s herramientas gratuitas que te ayudan e informan.<\/p>\t\t\t\t\t\t\t\t<\/div>\n\t\t\t\t<\/div>\n\t\t\t\t<div class=\"elementor-element elementor-element-382b38d elementor-widget elementor-widget-spacer\" data-id=\"382b38d\" data-element_type=\"widget\" data-e-type=\"widget\" data-widget_type=\"spacer.default\">\n\t\t\t\t<div class=\"elementor-widget-container\">\n\t\t\t\t\t\t\t<div class=\"elementor-spacer\">\n\t\t\t<div class=\"elementor-spacer-inner\"><\/div>\n\t\t<\/div>\n\t\t\t\t\t\t<\/div>\n\t\t\t\t<\/div>\n\t\t\t\t\t<\/div>\n\t\t<\/div>\n\t\t\t\t\t<\/div>\n\t\t<\/section>\n\t\t\t\t<\/div>","protected":false},"excerpt":{"rendered":"<p>Educaci\u00f3n \u00bfNecesitas realizar una equivalencia acad\u00e9mica? En la secci\u00f3n \u201cEducaci\u00f3n\u201d podr\u00e1s ampliar tus habilidades acad\u00e9micas estudiando una carrera, ya sea en territorio norteamericano o en M\u00e9xico o validar tus estudios con la herramienta \u201cInformaci\u00f3n para el examen de equivalencia de estudios\u201d, donde podr\u00e1s realizar una prueba para complementar tus estudios, cuenta con tres botones: General Educational Develpment (GED). Es un examen que se realiza por computadora a aquellos que no han podido obtener su diploma de High School. Test Assessing Secondary Completion (TASC). Es un examen creado para aquellos que no lograron obtener su diploma de preparatoria, lo puedan conseguir por medio de una prueba o examen. El examen HI-SET es una de las tres pruebas que realizan los estados de la Uni\u00f3n Americana, para medir los conocimientos obtenidos y realizar una equivalencia de la escuela secundaria. Contar con una educaci\u00f3n acad\u00e9mica, siempre presentar\u00e1 mejores oportunidades. Acceso Latino, tu primera ventana de consulta migratoria donde encontrar\u00e1s herramientas gratuitas que te ayudan e informan.<\/p>","protected":false},"author":7,"featured_media":20852,"parent":0,"menu_order":0,"comment_status":"closed","ping_status":"closed","template":"elementor_header_footer","meta":{"_uf_show_specific_survey":0,"_uf_disable_surveys":false,"footnotes":""},"class_list":["post-20851","page","type-page","status-publish","has-post-thumbnail"],"aioseo_notices":[],"yoast_head":"<!-- This site is optimized with the Yoast SEO plugin v27.5 - https:\/\/yoast.com\/product\/yoast-seo-wordpress\/ -->\n<title>\u00bfNecesitas realizar una equivalencia acad\u00e9mica?<\/title>\n<meta name=\"description\" content=\"\u00bfNecesitas realizar una equivalencia acad\u00e9mica? En la secci\u00f3n \u201cEducaci\u00f3n\u201d podr\u00e1s ampliar tus habilidades acad\u00e9micas estudiando una carrera\" \/>\n<meta name=\"robots\" content=\"index, follow, max-snippet:-1, max-image-preview:large, max-video-preview:-1\" \/>\n<link rel=\"canonical\" href=\"https:\/\/accesolatino.org\/en\/necesitas-realizar-una-equivalencia-academica\/\" \/>\n<meta property=\"og:locale\" content=\"en_US\" \/>\n<meta property=\"og:type\" content=\"article\" \/>\n<meta property=\"og:title\" content=\"Acceso Latino | \u00bfNecesitas realizar una equivalencia acad\u00e9mica?\" \/>\n<meta property=\"og:description\" content=\"Conoce las Instituciones que te pueden ser de ayuda en otros pa\u00edses.\" \/>\n<meta property=\"og:url\" content=\"https:\/\/accesolatino.org\/en\/necesitas-realizar-una-equivalencia-academica\/\" \/>\n<meta property=\"og:site_name\" content=\"Acceso Latino\" \/>\n<meta property=\"article:publisher\" content=\"https:\/\/www.facebook.com\/AccesoLatinoOrg\" \/>\n<meta property=\"article:modified_time\" content=\"2025-10-16T18:26:15+00:00\" \/>\n<meta property=\"og:image\" content=\"https:\/\/accesolatino.org\/wp-content\/uploads\/2020\/04\/\u00bfNecesitas-realizar-una-equivalencia-acade\u0301mica_.png\" \/>\n\t<meta property=\"og:image:width\" content=\"600\" \/>\n\t<meta property=\"og:image:height\" content=\"338\" \/>\n\t<meta property=\"og:image:type\" content=\"image\/png\" \/>\n<meta name=\"twitter:card\" content=\"summary_large_image\" \/>\n<meta name=\"twitter:title\" content=\"Acceso Latino | \u00bfNecesitas realizar una equivalencia acad\u00e9mica?\" \/>\n<meta name=\"twitter:description\" content=\"Conoce las Instituciones que te pueden ser de ayuda en otros pa\u00edses.\" \/>\n<meta name=\"twitter:image\" content=\"https:\/\/accesolatino.org\/wp-content\/uploads\/2020\/04\/\u00bfNecesitas-realizar-una-equivalencia-acade\u0301mica_.png\" \/>\n<meta name=\"twitter:site\" content=\"@FAccLatino\" \/>\n<meta name=\"twitter:label1\" content=\"Est. reading time\" \/>\n\t<meta name=\"twitter:data1\" content=\"1 minute\" \/>\n<script type=\"application\/ld+json\" class=\"yoast-schema-graph\">{\"@context\":\"https:\\\/\\\/schema.org\",\"@graph\":[{\"@type\":\"WebPage\",\"@id\":\"https:\\\/\\\/accesolatino.org\\\/en\\\/necesitas-realizar-una-equivalencia-academica\\\/\",\"url\":\"https:\\\/\\\/accesolatino.org\\\/en\\\/necesitas-realizar-una-equivalencia-academica\\\/\",\"name\":\"\u00bfNecesitas realizar una equivalencia acad\u00e9mica?\",\"isPartOf\":{\"@id\":\"https:\\\/\\\/accesolatino.org\\\/#website\"},\"primaryImageOfPage\":{\"@id\":\"https:\\\/\\\/accesolatino.org\\\/en\\\/necesitas-realizar-una-equivalencia-academica\\\/#primaryimage\"},\"image\":{\"@id\":\"https:\\\/\\\/accesolatino.org\\\/en\\\/necesitas-realizar-una-equivalencia-academica\\\/#primaryimage\"},\"thumbnailUrl\":\"https:\\\/\\\/accesolatino.org\\\/wp-content\\\/uploads\\\/2020\\\/04\\\/\u00bfNecesitas-realizar-una-equivalencia-acade\u0301mica_.png\",\"datePublished\":\"2020-04-14T16:17:52+00:00\",\"dateModified\":\"2025-10-16T18:26:15+00:00\",\"description\":\"\u00bfNecesitas realizar una equivalencia acad\u00e9mica? En la secci\u00f3n \u201cEducaci\u00f3n\u201d podr\u00e1s ampliar tus habilidades acad\u00e9micas estudiando una carrera\",\"breadcrumb\":{\"@id\":\"https:\\\/\\\/accesolatino.org\\\/en\\\/necesitas-realizar-una-equivalencia-academica\\\/#breadcrumb\"},\"inLanguage\":\"en-US\",\"potentialAction\":[{\"@type\":\"ReadAction\",\"target\":[\"https:\\\/\\\/accesolatino.org\\\/en\\\/necesitas-realizar-una-equivalencia-academica\\\/\"]}]},{\"@type\":\"ImageObject\",\"inLanguage\":\"en-US\",\"@id\":\"https:\\\/\\\/accesolatino.org\\\/en\\\/necesitas-realizar-una-equivalencia-academica\\\/#primaryimage\",\"url\":\"https:\\\/\\\/accesolatino.org\\\/wp-content\\\/uploads\\\/2020\\\/04\\\/\u00bfNecesitas-realizar-una-equivalencia-acade\u0301mica_.png\",\"contentUrl\":\"https:\\\/\\\/accesolatino.org\\\/wp-content\\\/uploads\\\/2020\\\/04\\\/\u00bfNecesitas-realizar-una-equivalencia-acade\u0301mica_.png\",\"width\":600,\"height\":338,\"caption\":\"equivalencia acad\u00e9mica\"},{\"@type\":\"BreadcrumbList\",\"@id\":\"https:\\\/\\\/accesolatino.org\\\/en\\\/necesitas-realizar-una-equivalencia-academica\\\/#breadcrumb\",\"itemListElement\":[{\"@type\":\"ListItem\",\"position\":1,\"name\":\"Portada\",\"item\":\"https:\\\/\\\/accesolatino.org\\\/\"},{\"@type\":\"ListItem\",\"position\":2,\"name\":\"\u00bfNecesitas realizar una equivalencia acad\u00e9mica?\"}]},{\"@type\":\"WebSite\",\"@id\":\"https:\\\/\\\/accesolatino.org\\\/#website\",\"url\":\"https:\\\/\\\/accesolatino.org\\\/\",\"name\":\"Acceso Latino | Fundaci\u00f3n Carlos Slim\",\"description\":\"Fundaci\u00f3n Carlos Slim\",\"publisher\":{\"@id\":\"https:\\\/\\\/accesolatino.org\\\/#organization\"},\"potentialAction\":[{\"@type\":\"SearchAction\",\"target\":{\"@type\":\"EntryPoint\",\"urlTemplate\":\"https:\\\/\\\/accesolatino.org\\\/?s={search_term_string}\"},\"query-input\":{\"@type\":\"PropertyValueSpecification\",\"valueRequired\":true,\"valueName\":\"search_term_string\"}}],\"inLanguage\":\"en-US\"},{\"@type\":\"Organization\",\"@id\":\"https:\\\/\\\/accesolatino.org\\\/#organization\",\"name\":\"Acceso Latino | Fundaci\u00f3n Carlos Slim\",\"url\":\"https:\\\/\\\/accesolatino.org\\\/\",\"logo\":{\"@type\":\"ImageObject\",\"inLanguage\":\"en-US\",\"@id\":\"https:\\\/\\\/accesolatino.org\\\/#\\\/schema\\\/logo\\\/image\\\/\",\"url\":\"https:\\\/\\\/accesolatino.org\\\/wp-content\\\/uploads\\\/2021\\\/02\\\/logo-footer-acceso-latino.png\",\"contentUrl\":\"https:\\\/\\\/accesolatino.org\\\/wp-content\\\/uploads\\\/2021\\\/02\\\/logo-footer-acceso-latino.png\",\"width\":240,\"height\":40,\"caption\":\"Acceso Latino | Fundaci\u00f3n Carlos Slim\"},\"image\":{\"@id\":\"https:\\\/\\\/accesolatino.org\\\/#\\\/schema\\\/logo\\\/image\\\/\"},\"sameAs\":[\"https:\\\/\\\/www.facebook.com\\\/AccesoLatinoOrg\",\"https:\\\/\\\/x.com\\\/FAccLatino\"]}]}<\/script>\n<!-- \/ Yoast SEO plugin. -->","yoast_head_json":{"title":"Do you need to perform an academic equivalency?","description":"\u00bfNecesitas realizar una equivalencia acad\u00e9mica? En la secci\u00f3n \u201cEducaci\u00f3n\u201d podr\u00e1s ampliar tus habilidades acad\u00e9micas estudiando una carrera","robots":{"index":"index","follow":"follow","max-snippet":"max-snippet:-1","max-image-preview":"max-image-preview:large","max-video-preview":"max-video-preview:-1"},"canonical":"https:\/\/accesolatino.org\/en\/necesitas-realizar-una-equivalencia-academica\/","og_locale":"en_US","og_type":"article","og_title":"Acceso Latino | \u00bfNecesitas realizar una equivalencia acad\u00e9mica?","og_description":"Conoce las Instituciones que te pueden ser de ayuda en otros pa\u00edses.","og_url":"https:\/\/accesolatino.org\/en\/necesitas-realizar-una-equivalencia-academica\/","og_site_name":"Acceso Latino","article_publisher":"https:\/\/www.facebook.com\/AccesoLatinoOrg","article_modified_time":"2025-10-16T18:26:15+00:00","og_image":[{"width":600,"height":338,"url":"https:\/\/accesolatino.org\/wp-content\/uploads\/2020\/04\/\u00bfNecesitas-realizar-una-equivalencia-acade\u0301mica_.png","type":"image\/png"}],"twitter_card":"summary_large_image","twitter_title":"Acceso Latino | \u00bfNecesitas realizar una equivalencia acad\u00e9mica?","twitter_description":"Conoce las Instituciones que te pueden ser de ayuda en otros pa\u00edses.","twitter_image":"https:\/\/accesolatino.org\/wp-content\/uploads\/2020\/04\/\u00bfNecesitas-realizar-una-equivalencia-acade\u0301mica_.png","twitter_site":"@FAccLatino","twitter_misc":{"Est. reading time":"1 minute"},"schema":{"@context":"https:\/\/schema.org","@graph":[{"@type":"WebPage","@id":"https:\/\/accesolatino.org\/en\/necesitas-realizar-una-equivalencia-academica\/","url":"https:\/\/accesolatino.org\/en\/necesitas-realizar-una-equivalencia-academica\/","name":"Do you need to perform an academic equivalency?","isPartOf":{"@id":"https:\/\/accesolatino.org\/#website"},"primaryImageOfPage":{"@id":"https:\/\/accesolatino.org\/en\/necesitas-realizar-una-equivalencia-academica\/#primaryimage"},"image":{"@id":"https:\/\/accesolatino.org\/en\/necesitas-realizar-una-equivalencia-academica\/#primaryimage"},"thumbnailUrl":"https:\/\/accesolatino.org\/wp-content\/uploads\/2020\/04\/\u00bfNecesitas-realizar-una-equivalencia-acade\u0301mica_.png","datePublished":"2020-04-14T16:17:52+00:00","dateModified":"2025-10-16T18:26:15+00:00","description":"\u00bfNecesitas realizar una equivalencia acad\u00e9mica? En la secci\u00f3n \u201cEducaci\u00f3n\u201d podr\u00e1s ampliar tus habilidades acad\u00e9micas estudiando una carrera","breadcrumb":{"@id":"https:\/\/accesolatino.org\/en\/necesitas-realizar-una-equivalencia-academica\/#breadcrumb"},"inLanguage":"en-US","potentialAction":[{"@type":"ReadAction","target":["https:\/\/accesolatino.org\/en\/necesitas-realizar-una-equivalencia-academica\/"]}]},{"@type":"ImageObject","inLanguage":"en-US","@id":"https:\/\/accesolatino.org\/en\/necesitas-realizar-una-equivalencia-academica\/#primaryimage","url":"https:\/\/accesolatino.org\/wp-content\/uploads\/2020\/04\/\u00bfNecesitas-realizar-una-equivalencia-acade\u0301mica_.png","contentUrl":"https:\/\/accesolatino.org\/wp-content\/uploads\/2020\/04\/\u00bfNecesitas-realizar-una-equivalencia-acade\u0301mica_.png","width":600,"height":338,"caption":"equivalencia acad\u00e9mica"},{"@type":"BreadcrumbList","@id":"https:\/\/accesolatino.org\/en\/necesitas-realizar-una-equivalencia-academica\/#breadcrumb","itemListElement":[{"@type":"ListItem","position":1,"name":"Portada","item":"https:\/\/accesolatino.org\/"},{"@type":"ListItem","position":2,"name":"\u00bfNecesitas realizar una equivalencia acad\u00e9mica?"}]},{"@type":"WebSite","@id":"https:\/\/accesolatino.org\/#website","url":"https:\/\/accesolatino.org\/","name":"Acceso Latino | Fundaci\u00f3n Carlos Slim","description":"Fundaci\u00f3n Carlos Slim","publisher":{"@id":"https:\/\/accesolatino.org\/#organization"},"potentialAction":[{"@type":"SearchAction","target":{"@type":"EntryPoint","urlTemplate":"https:\/\/accesolatino.org\/?s={search_term_string}"},"query-input":{"@type":"PropertyValueSpecification","valueRequired":true,"valueName":"search_term_string"}}],"inLanguage":"en-US"},{"@type":"Organization","@id":"https:\/\/accesolatino.org\/#organization","name":"Acceso Latino | Fundaci\u00f3n Carlos Slim","url":"https:\/\/accesolatino.org\/","logo":{"@type":"ImageObject","inLanguage":"en-US","@id":"https:\/\/accesolatino.org\/#\/schema\/logo\/image\/","url":"https:\/\/accesolatino.org\/wp-content\/uploads\/2021\/02\/logo-footer-acceso-latino.png","contentUrl":"https:\/\/accesolatino.org\/wp-content\/uploads\/2021\/02\/logo-footer-acceso-latino.png","width":240,"height":40,"caption":"Acceso Latino | Fundaci\u00f3n Carlos Slim"},"image":{"@id":"https:\/\/accesolatino.org\/#\/schema\/logo\/image\/"},"sameAs":["https:\/\/www.facebook.com\/AccesoLatinoOrg","https:\/\/x.com\/FAccLatino"]}]}},"_links":{"self":[{"href":"https:\/\/accesolatino.org\/en\/wp-json\/wp\/v2\/pages\/20851","targetHints":{"allow":["GET"]}}],"collection":[{"href":"https:\/\/accesolatino.org\/en\/wp-json\/wp\/v2\/pages"}],"about":[{"href":"https:\/\/accesolatino.org\/en\/wp-json\/wp\/v2\/types\/page"}],"author":[{"embeddable":true,"href":"https:\/\/accesolatino.org\/en\/wp-json\/wp\/v2\/users\/7"}],"replies":[{"embeddable":true,"href":"https:\/\/accesolatino.org\/en\/wp-json\/wp\/v2\/comments?post=20851"}],"version-history":[{"count":1,"href":"https:\/\/accesolatino.org\/en\/wp-json\/wp\/v2\/pages\/20851\/revisions"}],"predecessor-version":[{"id":64067,"href":"https:\/\/accesolatino.org\/en\/wp-json\/wp\/v2\/pages\/20851\/revisions\/64067"}],"wp:featuredmedia":[{"embeddable":true,"href":"https:\/\/accesolatino.org\/en\/wp-json\/wp\/v2\/media\/20852"}],"wp:attachment":[{"href":"https:\/\/accesolatino.org\/en\/wp-json\/wp\/v2\/media?parent=20851"}],"curies":[{"name":"wp","href":"https:\/\/api.w.org\/{rel}","templated":true}]}}