{"id":20834,"date":"2020-04-13T15:50:49","date_gmt":"2020-04-13T20:50:49","guid":{"rendered":"https:\/\/accesolatino.org\/?page_id=20834"},"modified":"2025-11-18T19:32:45","modified_gmt":"2025-11-19T01:32:45","slug":"consigue-empleo-en-mexico-con-nuestras-herramientas","status":"publish","type":"page","link":"https:\/\/accesolatino.org\/en\/buscas-empleo\/consigue-empleo-en-mexico-con-nuestras-herramientas\/","title":{"rendered":"Get a job in Mexico with our tools"},"content":{"rendered":"<div data-elementor-type=\"wp-post\" data-elementor-id=\"20834\" class=\"elementor elementor-20834\">\n\t\t\t\t\t\t<section class=\"elementor-section elementor-top-section elementor-element elementor-element-42b9a72 elementor-section-full_width elementor-section-height-min-height elementor-section-items-stretch elementor-section-height-default wpr-particle-no wpr-jarallax-no wpr-parallax-no wpr-sticky-section-no wpr-column-slider-no wpr-equal-height-no\" data-id=\"42b9a72\" data-element_type=\"section\" data-e-type=\"section\" data-settings=\"{&quot;background_background&quot;:&quot;classic&quot;}\">\n\t\t\t\t\t\t<div class=\"elementor-container elementor-column-gap-no\">\n\t\t\t\t\t<div class=\"elementor-column elementor-col-100 elementor-top-column elementor-element elementor-element-27375c2\" data-id=\"27375c2\" data-element_type=\"column\" data-e-type=\"column\">\n\t\t\t<div class=\"elementor-widget-wrap elementor-element-populated\">\n\t\t\t\t\t\t<div class=\"elementor-element elementor-element-7f1bba3 elementor--h-position-center elementor--v-position-middle elementor-widget elementor-widget-slides\" data-id=\"7f1bba3\" data-element_type=\"widget\" data-e-type=\"widget\" data-settings=\"{&quot;navigation&quot;:&quot;none&quot;,&quot;infinite&quot;:&quot;yes&quot;,&quot;transition&quot;:&quot;slide&quot;,&quot;transition_speed&quot;:500}\" data-widget_type=\"slides.default\">\n\t\t\t\t<div class=\"elementor-widget-container\">\n\t\t\t\t\t\t\t<div class=\"elementor-swiper\">\n\t\t\t<div class=\"elementor-slides-wrapper elementor-main-swiper swiper-container\" dir=\"ltr\" data-animation=\"\">\n\t\t\t\t<div class=\"swiper-wrapper elementor-slides\">\n\t\t\t\t\t\t\t\t\t\t<div class=\"elementor-repeater-item-d983a28 swiper-slide\"><div class=\"swiper-slide-bg\"><\/div><div class=\"swiper-slide-inner\" ><div class=\"swiper-slide-contents\"><div class=\"elementor-slide-heading\">Looking for a job?<\/div><\/div><\/div><\/div>\t\t\t\t<\/div>\n\t\t\t\t\t\t\t<\/div>\n\t\t<\/div>\n\t\t\t\t\t\t<\/div>\n\t\t\t\t<\/div>\n\t\t\t\t\t<\/div>\n\t\t<\/div>\n\t\t\t\t\t<\/div>\n\t\t<\/section>\n\t\t\t\t<section class=\"elementor-section elementor-top-section elementor-element elementor-element-6e36a2a elementor-section-stretched elementor-section-boxed elementor-section-height-default elementor-section-height-default wpr-particle-no wpr-jarallax-no wpr-parallax-no wpr-sticky-section-no wpr-column-slider-no wpr-equal-height-no\" data-id=\"6e36a2a\" data-element_type=\"section\" data-e-type=\"section\" data-settings=\"{&quot;stretch_section&quot;:&quot;section-stretched&quot;,&quot;background_background&quot;:&quot;classic&quot;}\">\n\t\t\t\t\t\t<div class=\"elementor-container elementor-column-gap-default\">\n\t\t\t\t\t<div class=\"elementor-column elementor-col-100 elementor-top-column elementor-element elementor-element-1b1333f\" data-id=\"1b1333f\" data-element_type=\"column\" data-e-type=\"column\">\n\t\t\t<div class=\"elementor-widget-wrap elementor-element-populated\">\n\t\t\t\t\t\t<div class=\"elementor-element elementor-element-9b382bd elementor-widget elementor-widget-heading\" data-id=\"9b382bd\" data-element_type=\"widget\" data-e-type=\"widget\" data-widget_type=\"heading.default\">\n\t\t\t\t<div class=\"elementor-widget-container\">\n\t\t\t\t\t<h3 class=\"elementor-heading-title elementor-size-default\">Obt\u00e9n empleo en tu regreso a M\u00e9xico<\/h3>\t\t\t\t<\/div>\n\t\t\t\t<\/div>\n\t\t\t\t<div class=\"elementor-element elementor-element-f53efee elementor-widget elementor-widget-text-editor\" data-id=\"f53efee\" data-element_type=\"widget\" data-e-type=\"widget\" data-widget_type=\"text-editor.default\">\n\t\t\t\t<div class=\"elementor-widget-container\">\n\t\t\t\t\t\t\t\t\t<p><span style=\"font-weight: 400;\">Acceso Latino se preocupa por los mexicanos que viven en Estados Unidos y por los que est\u00e1n de regreso en M\u00e9xico, por tal motivo, cre\u00f3 una serie de herramientas para ayudarlos a mejorar su calidad vida, ya sea dentro o fuera de la Uni\u00f3n Americana. <\/span><\/p><p><span style=\"font-weight: 400;\">In the section <\/span><a href=\"https:\/\/accesolatino.org\/en\/buscas-empleo\/\"><b>Buscas empleo<\/b><\/a><span style=\"font-weight: 400;\"> encontrar\u00e1s informaci\u00f3n y\u00a0 opciones para buscar un buen trabajo, as\u00ed como capacitaci\u00f3n en diferentes \u00e1mbitos.<\/span><\/p><p><span style=\"font-weight: 400;\">En la tarjeta <\/span><b>Empleo en M\u00e9xico<\/b><span style=\"font-weight: 400;\">, se encuentra la p\u00e1gina: <\/span><b>inm.empleolisto.com.mx<\/b><span style=\"font-weight: 400;\"> donde puedes buscar trabajo de:<\/span><\/p><ul><li style=\"font-weight: 400;\"><span style=\"font-weight: 400;\">Ventas<\/span><\/li><li style=\"font-weight: 400;\"><span style=\"font-weight: 400;\">Chofer<\/span><\/li><li style=\"font-weight: 400;\"><span style=\"font-weight: 400;\">Seguridad<\/span><\/li><li style=\"font-weight: 400;\"><span style=\"font-weight: 400;\">Cajero<\/span><\/li><li style=\"font-weight: 400;\"><span style=\"font-weight: 400;\">Docencia\u00a0<\/span><\/li><li style=\"font-weight: 400;\"><span style=\"font-weight: 400;\">Administrativos<\/span><\/li><li style=\"font-weight: 400;\"><span style=\"font-weight: 400;\">Tecnology <\/span><\/li><\/ul><p><span style=\"font-weight: 400;\">Solo tienes que ingresar tus datos y habilidades para iniciar tu b\u00fasqueda, tambi\u00e9n est\u00e1 disponible en app.<\/span><\/p><p><span style=\"font-weight: 400;\">The <\/span><a href=\"https:\/\/www.gob.mx\/empleo\"><b>portal del gobierno<\/b><\/a><span style=\"font-weight: 400;\"> te ofrece varias opciones, como emprender, capacitarte y buscar empleo.<\/span><\/p><p><span style=\"font-weight: 400;\">No lo pienses m\u00e1s y encuentra el trabajo que m\u00e1s te convenga.\u00a0<\/span><\/p><p><b>Acceso Latino<\/b><span style=\"font-weight: 400;\">, tu portal de ayuda en Estados Unidos y en tu regreso a M\u00e9xico.<\/span><\/p>\t\t\t\t\t\t\t\t<\/div>\n\t\t\t\t<\/div>\n\t\t\t\t<div class=\"elementor-element elementor-element-f4f9d93 elementor-widget elementor-widget-spacer\" data-id=\"f4f9d93\" data-element_type=\"widget\" data-e-type=\"widget\" data-widget_type=\"spacer.default\">\n\t\t\t\t<div class=\"elementor-widget-container\">\n\t\t\t\t\t\t\t<div class=\"elementor-spacer\">\n\t\t\t<div class=\"elementor-spacer-inner\"><\/div>\n\t\t<\/div>\n\t\t\t\t\t\t<\/div>\n\t\t\t\t<\/div>\n\t\t\t\t\t<\/div>\n\t\t<\/div>\n\t\t\t\t\t<\/div>\n\t\t<\/section>\n\t\t\t\t<\/div>","protected":false},"excerpt":{"rendered":"<p>\u00bfBuscas empleo? Obt\u00e9n empleo en tu regreso a M\u00e9xico Acceso Latino se preocupa por los mexicanos que viven en Estados Unidos y por los que est\u00e1n de regreso en M\u00e9xico, por tal motivo, cre\u00f3 una serie de herramientas para ayudarlos a mejorar su calidad vida, ya sea dentro o fuera de la Uni\u00f3n Americana. En la secci\u00f3n Buscas empleo encontrar\u00e1s informaci\u00f3n y\u00a0 opciones para buscar un buen trabajo, as\u00ed como capacitaci\u00f3n en diferentes \u00e1mbitos. En la tarjeta Empleo en M\u00e9xico, se encuentra la p\u00e1gina: inm.empleolisto.com.mx donde puedes buscar trabajo de: Ventas Chofer Seguridad Cajero Docencia\u00a0 Administrativos Tecnolog\u00eda Solo tienes que ingresar tus datos y habilidades para iniciar tu b\u00fasqueda, tambi\u00e9n est\u00e1 disponible en app. El portal del gobierno te ofrece varias opciones, como emprender, capacitarte y buscar empleo. No lo pienses m\u00e1s y encuentra el trabajo que m\u00e1s te convenga.\u00a0 Acceso Latino, tu portal de ayuda en Estados Unidos y en tu regreso a M\u00e9xico.<\/p>","protected":false},"author":5,"featured_media":20836,"parent":2747,"menu_order":0,"comment_status":"closed","ping_status":"closed","template":"elementor_header_footer","meta":{"_uf_show_specific_survey":0,"_uf_disable_surveys":false,"footnotes":""},"class_list":["post-20834","page","type-page","status-publish","has-post-thumbnail"],"aioseo_notices":[],"yoast_head":"<!-- This site is optimized with the Yoast SEO plugin v27.6 - https:\/\/yoast.com\/product\/yoast-seo-wordpress\/ -->\n<title>Consigue empleo en M\u00e9xico con nuestras herramientas<\/title>\n<meta name=\"description\" content=\"\u00bfBuscas empleo en Estados Unidos? Te compartimos algunas herramientas para capacitarte y encontrarlo - Acceso Latino\" \/>\n<meta name=\"robots\" content=\"index, follow, max-snippet:-1, max-image-preview:large, max-video-preview:-1\" \/>\n<link rel=\"canonical\" href=\"https:\/\/accesolatino.org\/en\/buscas-empleo\/consigue-empleo-en-mexico-con-nuestras-herramientas\/\" \/>\n<meta property=\"og:locale\" content=\"en_US\" \/>\n<meta property=\"og:type\" content=\"article\" \/>\n<meta property=\"og:title\" content=\"Acceso Latino | Consigue empleo en M\u00e9xico con nuestras herramientas\" \/>\n<meta property=\"og:description\" content=\"\u00bfBuscas empleo en Estados Unidos? Te compartimos algunas herrmientas para capacitarte y encontrarlo.\" \/>\n<meta property=\"og:url\" content=\"https:\/\/accesolatino.org\/en\/buscas-empleo\/consigue-empleo-en-mexico-con-nuestras-herramientas\/\" \/>\n<meta property=\"og:site_name\" content=\"Acceso Latino\" \/>\n<meta property=\"article:publisher\" content=\"https:\/\/www.facebook.com\/AccesoLatinoOrg\" \/>\n<meta property=\"article:modified_time\" content=\"2025-11-19T01:32:45+00:00\" \/>\n<meta property=\"og:image\" content=\"https:\/\/accesolatino.org\/wp-content\/uploads\/2020\/04\/Consigue-empleo-en-Me\u0301xico-con-nuestras-herramientas.png\" \/>\n\t<meta property=\"og:image:width\" content=\"600\" \/>\n\t<meta property=\"og:image:height\" content=\"338\" \/>\n\t<meta property=\"og:image:type\" content=\"image\/png\" \/>\n<meta name=\"twitter:card\" content=\"summary_large_image\" \/>\n<meta name=\"twitter:title\" content=\"Acceso Latino | Consigue empleo en M\u00e9xico con nuestras herramientas\" \/>\n<meta name=\"twitter:description\" content=\"\u00bfBuscas empleo en Estados Unidos? Te compartimos algunas herrmientas para capacitarte y encontrarlo.\" \/>\n<meta name=\"twitter:image\" content=\"https:\/\/accesolatino.org\/wp-content\/uploads\/2020\/04\/Consigue-empleo-en-Me\u0301xico-con-nuestras-herramientas.png\" \/>\n<meta name=\"twitter:site\" content=\"@FAccLatino\" \/>\n<meta name=\"twitter:label1\" content=\"Est. reading time\" \/>\n\t<meta name=\"twitter:data1\" content=\"1 minute\" \/>\n<script type=\"application\/ld+json\" class=\"yoast-schema-graph\">{\"@context\":\"https:\\\/\\\/schema.org\",\"@graph\":[{\"@type\":\"WebPage\",\"@id\":\"https:\\\/\\\/accesolatino.org\\\/buscas-empleo\\\/consigue-empleo-en-mexico-con-nuestras-herramientas\\\/\",\"url\":\"https:\\\/\\\/accesolatino.org\\\/buscas-empleo\\\/consigue-empleo-en-mexico-con-nuestras-herramientas\\\/\",\"name\":\"Consigue empleo en M\u00e9xico con nuestras herramientas\",\"isPartOf\":{\"@id\":\"https:\\\/\\\/accesolatino.org\\\/#website\"},\"primaryImageOfPage\":{\"@id\":\"https:\\\/\\\/accesolatino.org\\\/buscas-empleo\\\/consigue-empleo-en-mexico-con-nuestras-herramientas\\\/#primaryimage\"},\"image\":{\"@id\":\"https:\\\/\\\/accesolatino.org\\\/buscas-empleo\\\/consigue-empleo-en-mexico-con-nuestras-herramientas\\\/#primaryimage\"},\"thumbnailUrl\":\"https:\\\/\\\/accesolatino.org\\\/wp-content\\\/uploads\\\/2020\\\/04\\\/Consigue-empleo-en-Me\u0301xico-con-nuestras-herramientas.png\",\"datePublished\":\"2020-04-13T20:50:49+00:00\",\"dateModified\":\"2025-11-19T01:32:45+00:00\",\"description\":\"\u00bfBuscas empleo en Estados Unidos? Te compartimos algunas herramientas para capacitarte y encontrarlo - Acceso Latino\",\"breadcrumb\":{\"@id\":\"https:\\\/\\\/accesolatino.org\\\/buscas-empleo\\\/consigue-empleo-en-mexico-con-nuestras-herramientas\\\/#breadcrumb\"},\"inLanguage\":\"en-US\",\"potentialAction\":[{\"@type\":\"ReadAction\",\"target\":[\"https:\\\/\\\/accesolatino.org\\\/buscas-empleo\\\/consigue-empleo-en-mexico-con-nuestras-herramientas\\\/\"]}]},{\"@type\":\"ImageObject\",\"inLanguage\":\"en-US\",\"@id\":\"https:\\\/\\\/accesolatino.org\\\/buscas-empleo\\\/consigue-empleo-en-mexico-con-nuestras-herramientas\\\/#primaryimage\",\"url\":\"https:\\\/\\\/accesolatino.org\\\/wp-content\\\/uploads\\\/2020\\\/04\\\/Consigue-empleo-en-Me\u0301xico-con-nuestras-herramientas.png\",\"contentUrl\":\"https:\\\/\\\/accesolatino.org\\\/wp-content\\\/uploads\\\/2020\\\/04\\\/Consigue-empleo-en-Me\u0301xico-con-nuestras-herramientas.png\",\"width\":600,\"height\":338,\"caption\":\"empleo\"},{\"@type\":\"BreadcrumbList\",\"@id\":\"https:\\\/\\\/accesolatino.org\\\/buscas-empleo\\\/consigue-empleo-en-mexico-con-nuestras-herramientas\\\/#breadcrumb\",\"itemListElement\":[{\"@type\":\"ListItem\",\"position\":1,\"name\":\"Portada\",\"item\":\"https:\\\/\\\/accesolatino.org\\\/\"},{\"@type\":\"ListItem\",\"position\":2,\"name\":\"Buscas Empleo\",\"item\":\"https:\\\/\\\/accesolatino.org\\\/en\\\/buscas-empleo\\\/\"},{\"@type\":\"ListItem\",\"position\":3,\"name\":\"Consigue empleo en M\u00e9xico con nuestras herramientas\"}]},{\"@type\":\"WebSite\",\"@id\":\"https:\\\/\\\/accesolatino.org\\\/#website\",\"url\":\"https:\\\/\\\/accesolatino.org\\\/\",\"name\":\"Acceso Latino | Fundaci\u00f3n Carlos Slim\",\"description\":\"Fundaci\u00f3n Carlos Slim\",\"publisher\":{\"@id\":\"https:\\\/\\\/accesolatino.org\\\/#organization\"},\"potentialAction\":[{\"@type\":\"SearchAction\",\"target\":{\"@type\":\"EntryPoint\",\"urlTemplate\":\"https:\\\/\\\/accesolatino.org\\\/?s={search_term_string}\"},\"query-input\":{\"@type\":\"PropertyValueSpecification\",\"valueRequired\":true,\"valueName\":\"search_term_string\"}}],\"inLanguage\":\"en-US\"},{\"@type\":\"Organization\",\"@id\":\"https:\\\/\\\/accesolatino.org\\\/#organization\",\"name\":\"Acceso Latino | Fundaci\u00f3n Carlos Slim\",\"url\":\"https:\\\/\\\/accesolatino.org\\\/\",\"logo\":{\"@type\":\"ImageObject\",\"inLanguage\":\"en-US\",\"@id\":\"https:\\\/\\\/accesolatino.org\\\/#\\\/schema\\\/logo\\\/image\\\/\",\"url\":\"https:\\\/\\\/accesolatino.org\\\/wp-content\\\/uploads\\\/2021\\\/02\\\/logo-footer-acceso-latino.png\",\"contentUrl\":\"https:\\\/\\\/accesolatino.org\\\/wp-content\\\/uploads\\\/2021\\\/02\\\/logo-footer-acceso-latino.png\",\"width\":240,\"height\":40,\"caption\":\"Acceso Latino | Fundaci\u00f3n Carlos Slim\"},\"image\":{\"@id\":\"https:\\\/\\\/accesolatino.org\\\/#\\\/schema\\\/logo\\\/image\\\/\"},\"sameAs\":[\"https:\\\/\\\/www.facebook.com\\\/AccesoLatinoOrg\",\"https:\\\/\\\/x.com\\\/FAccLatino\"]}]}<\/script>\n<!-- \/ Yoast SEO plugin. -->","yoast_head_json":{"title":"Get a job in Mexico with our tools","description":"\u00bfBuscas empleo en Estados Unidos? Te compartimos algunas herramientas para capacitarte y encontrarlo - Acceso Latino","robots":{"index":"index","follow":"follow","max-snippet":"max-snippet:-1","max-image-preview":"max-image-preview:large","max-video-preview":"max-video-preview:-1"},"canonical":"https:\/\/accesolatino.org\/en\/buscas-empleo\/consigue-empleo-en-mexico-con-nuestras-herramientas\/","og_locale":"en_US","og_type":"article","og_title":"Acceso Latino | Consigue empleo en M\u00e9xico con nuestras herramientas","og_description":"\u00bfBuscas empleo en Estados Unidos? Te compartimos algunas herrmientas para capacitarte y encontrarlo.","og_url":"https:\/\/accesolatino.org\/en\/buscas-empleo\/consigue-empleo-en-mexico-con-nuestras-herramientas\/","og_site_name":"Acceso Latino","article_publisher":"https:\/\/www.facebook.com\/AccesoLatinoOrg","article_modified_time":"2025-11-19T01:32:45+00:00","og_image":[{"width":600,"height":338,"url":"https:\/\/accesolatino.org\/wp-content\/uploads\/2020\/04\/Consigue-empleo-en-Me\u0301xico-con-nuestras-herramientas.png","type":"image\/png"}],"twitter_card":"summary_large_image","twitter_title":"Acceso Latino | Consigue empleo en M\u00e9xico con nuestras herramientas","twitter_description":"\u00bfBuscas empleo en Estados Unidos? Te compartimos algunas herrmientas para capacitarte y encontrarlo.","twitter_image":"https:\/\/accesolatino.org\/wp-content\/uploads\/2020\/04\/Consigue-empleo-en-Me\u0301xico-con-nuestras-herramientas.png","twitter_site":"@FAccLatino","twitter_misc":{"Est. reading time":"1 minute"},"schema":{"@context":"https:\/\/schema.org","@graph":[{"@type":"WebPage","@id":"https:\/\/accesolatino.org\/buscas-empleo\/consigue-empleo-en-mexico-con-nuestras-herramientas\/","url":"https:\/\/accesolatino.org\/buscas-empleo\/consigue-empleo-en-mexico-con-nuestras-herramientas\/","name":"Get a job in Mexico with our tools","isPartOf":{"@id":"https:\/\/accesolatino.org\/#website"},"primaryImageOfPage":{"@id":"https:\/\/accesolatino.org\/buscas-empleo\/consigue-empleo-en-mexico-con-nuestras-herramientas\/#primaryimage"},"image":{"@id":"https:\/\/accesolatino.org\/buscas-empleo\/consigue-empleo-en-mexico-con-nuestras-herramientas\/#primaryimage"},"thumbnailUrl":"https:\/\/accesolatino.org\/wp-content\/uploads\/2020\/04\/Consigue-empleo-en-Me\u0301xico-con-nuestras-herramientas.png","datePublished":"2020-04-13T20:50:49+00:00","dateModified":"2025-11-19T01:32:45+00:00","description":"\u00bfBuscas empleo en Estados Unidos? Te compartimos algunas herramientas para capacitarte y encontrarlo - Acceso Latino","breadcrumb":{"@id":"https:\/\/accesolatino.org\/buscas-empleo\/consigue-empleo-en-mexico-con-nuestras-herramientas\/#breadcrumb"},"inLanguage":"en-US","potentialAction":[{"@type":"ReadAction","target":["https:\/\/accesolatino.org\/buscas-empleo\/consigue-empleo-en-mexico-con-nuestras-herramientas\/"]}]},{"@type":"ImageObject","inLanguage":"en-US","@id":"https:\/\/accesolatino.org\/buscas-empleo\/consigue-empleo-en-mexico-con-nuestras-herramientas\/#primaryimage","url":"https:\/\/accesolatino.org\/wp-content\/uploads\/2020\/04\/Consigue-empleo-en-Me\u0301xico-con-nuestras-herramientas.png","contentUrl":"https:\/\/accesolatino.org\/wp-content\/uploads\/2020\/04\/Consigue-empleo-en-Me\u0301xico-con-nuestras-herramientas.png","width":600,"height":338,"caption":"empleo"},{"@type":"BreadcrumbList","@id":"https:\/\/accesolatino.org\/buscas-empleo\/consigue-empleo-en-mexico-con-nuestras-herramientas\/#breadcrumb","itemListElement":[{"@type":"ListItem","position":1,"name":"Portada","item":"https:\/\/accesolatino.org\/"},{"@type":"ListItem","position":2,"name":"Buscas Empleo","item":"https:\/\/accesolatino.org\/en\/buscas-empleo\/"},{"@type":"ListItem","position":3,"name":"Consigue empleo en M\u00e9xico con nuestras herramientas"}]},{"@type":"WebSite","@id":"https:\/\/accesolatino.org\/#website","url":"https:\/\/accesolatino.org\/","name":"Acceso Latino | Fundaci\u00f3n Carlos Slim","description":"Fundaci\u00f3n Carlos Slim","publisher":{"@id":"https:\/\/accesolatino.org\/#organization"},"potentialAction":[{"@type":"SearchAction","target":{"@type":"EntryPoint","urlTemplate":"https:\/\/accesolatino.org\/?s={search_term_string}"},"query-input":{"@type":"PropertyValueSpecification","valueRequired":true,"valueName":"search_term_string"}}],"inLanguage":"en-US"},{"@type":"Organization","@id":"https:\/\/accesolatino.org\/#organization","name":"Acceso Latino | Fundaci\u00f3n Carlos Slim","url":"https:\/\/accesolatino.org\/","logo":{"@type":"ImageObject","inLanguage":"en-US","@id":"https:\/\/accesolatino.org\/#\/schema\/logo\/image\/","url":"https:\/\/accesolatino.org\/wp-content\/uploads\/2021\/02\/logo-footer-acceso-latino.png","contentUrl":"https:\/\/accesolatino.org\/wp-content\/uploads\/2021\/02\/logo-footer-acceso-latino.png","width":240,"height":40,"caption":"Acceso Latino | Fundaci\u00f3n Carlos Slim"},"image":{"@id":"https:\/\/accesolatino.org\/#\/schema\/logo\/image\/"},"sameAs":["https:\/\/www.facebook.com\/AccesoLatinoOrg","https:\/\/x.com\/FAccLatino"]}]}},"_links":{"self":[{"href":"https:\/\/accesolatino.org\/en\/wp-json\/wp\/v2\/pages\/20834","targetHints":{"allow":["GET"]}}],"collection":[{"href":"https:\/\/accesolatino.org\/en\/wp-json\/wp\/v2\/pages"}],"about":[{"href":"https:\/\/accesolatino.org\/en\/wp-json\/wp\/v2\/types\/page"}],"author":[{"embeddable":true,"href":"https:\/\/accesolatino.org\/en\/wp-json\/wp\/v2\/users\/5"}],"replies":[{"embeddable":true,"href":"https:\/\/accesolatino.org\/en\/wp-json\/wp\/v2\/comments?post=20834"}],"version-history":[{"count":1,"href":"https:\/\/accesolatino.org\/en\/wp-json\/wp\/v2\/pages\/20834\/revisions"}],"predecessor-version":[{"id":68891,"href":"https:\/\/accesolatino.org\/en\/wp-json\/wp\/v2\/pages\/20834\/revisions\/68891"}],"up":[{"embeddable":true,"href":"https:\/\/accesolatino.org\/en\/wp-json\/wp\/v2\/pages\/2747"}],"wp:featuredmedia":[{"embeddable":true,"href":"https:\/\/accesolatino.org\/en\/wp-json\/wp\/v2\/media\/20836"}],"wp:attachment":[{"href":"https:\/\/accesolatino.org\/en\/wp-json\/wp\/v2\/media?parent=20834"}],"curies":[{"name":"wp","href":"https:\/\/api.w.org\/{rel}","templated":true}]}}