{"id":20813,"date":"2020-04-09T16:46:38","date_gmt":"2020-04-09T21:46:38","guid":{"rendered":"https:\/\/accesolatino.org\/?page_id=20813"},"modified":"2025-10-10T12:59:59","modified_gmt":"2025-10-10T18:59:59","slug":"indemnizacion-por-accidente-laboral","status":"publish","type":"page","link":"https:\/\/accesolatino.org\/en\/apoyos-sociales\/indemnizacion-por-accidente-laboral\/","title":{"rendered":"Workers' Compensation"},"content":{"rendered":"<div data-elementor-type=\"wp-post\" data-elementor-id=\"20813\" class=\"elementor elementor-20813\">\n\t\t\t\t\t\t<section class=\"elementor-section elementor-top-section elementor-element elementor-element-f1e4771 elementor-section-full_width elementor-section-height-min-height elementor-section-items-stretch elementor-section-height-default wpr-particle-no wpr-jarallax-no wpr-parallax-no wpr-sticky-section-no wpr-equal-height-no\" data-id=\"f1e4771\" data-element_type=\"section\" data-e-type=\"section\" data-settings=\"{&quot;background_background&quot;:&quot;classic&quot;}\">\n\t\t\t\t\t\t<div class=\"elementor-container elementor-column-gap-no\">\n\t\t\t\t\t<div class=\"elementor-column elementor-col-100 elementor-top-column elementor-element elementor-element-6eca2bb\" data-id=\"6eca2bb\" data-element_type=\"column\" data-e-type=\"column\">\n\t\t\t<div class=\"elementor-widget-wrap elementor-element-populated\">\n\t\t\t\t\t\t<div class=\"elementor-element elementor-element-a871206 elementor--h-position-center elementor--v-position-middle elementor-widget elementor-widget-slides\" data-id=\"a871206\" data-element_type=\"widget\" data-e-type=\"widget\" data-settings=\"{&quot;navigation&quot;:&quot;none&quot;,&quot;infinite&quot;:&quot;yes&quot;,&quot;transition&quot;:&quot;slide&quot;,&quot;transition_speed&quot;:500}\" data-widget_type=\"slides.default\">\n\t\t\t\t<div class=\"elementor-widget-container\">\n\t\t\t\t\t\t\t<div class=\"elementor-swiper\">\n\t\t\t<div class=\"elementor-slides-wrapper elementor-main-swiper swiper-container\" dir=\"ltr\" data-animation=\"\">\n\t\t\t\t<div class=\"swiper-wrapper elementor-slides\">\n\t\t\t\t\t\t\t\t\t\t<div class=\"elementor-repeater-item-d983a28 swiper-slide\"><div class=\"swiper-slide-bg\"><\/div><div class=\"swiper-slide-inner\" ><div class=\"swiper-slide-contents\"><div class=\"elementor-slide-heading\">Social Supports<\/div><\/div><\/div><\/div>\t\t\t\t<\/div>\n\t\t\t\t\t\t\t<\/div>\n\t\t<\/div>\n\t\t\t\t\t\t<\/div>\n\t\t\t\t<\/div>\n\t\t\t\t\t<\/div>\n\t\t<\/div>\n\t\t\t\t\t<\/div>\n\t\t<\/section>\n\t\t\t\t<section class=\"elementor-section elementor-top-section elementor-element elementor-element-bb97fac elementor-section-stretched elementor-section-boxed elementor-section-height-default elementor-section-height-default wpr-particle-no wpr-jarallax-no wpr-parallax-no wpr-sticky-section-no wpr-equal-height-no\" data-id=\"bb97fac\" data-element_type=\"section\" data-e-type=\"section\" data-settings=\"{&quot;stretch_section&quot;:&quot;section-stretched&quot;,&quot;background_background&quot;:&quot;classic&quot;}\">\n\t\t\t\t\t\t<div class=\"elementor-container elementor-column-gap-default\">\n\t\t\t\t\t<div class=\"elementor-column elementor-col-100 elementor-top-column elementor-element elementor-element-9374306\" data-id=\"9374306\" data-element_type=\"column\" data-e-type=\"column\">\n\t\t\t<div class=\"elementor-widget-wrap elementor-element-populated\">\n\t\t\t\t\t\t<div class=\"elementor-element elementor-element-fab49fa elementor-widget elementor-widget-heading\" data-id=\"fab49fa\" data-element_type=\"widget\" data-e-type=\"widget\" data-widget_type=\"heading.default\">\n\t\t\t\t<div class=\"elementor-widget-container\">\n\t\t\t\t\t<h3 class=\"elementor-heading-title elementor-size-default\">Workers' Compensation<\/h3>\t\t\t\t<\/div>\n\t\t\t\t<\/div>\n\t\t\t\t<div class=\"elementor-element elementor-element-3f4edca elementor-widget elementor-widget-text-editor\" data-id=\"3f4edca\" data-element_type=\"widget\" data-e-type=\"widget\" data-widget_type=\"text-editor.default\">\n\t\t\t\t<div class=\"elementor-widget-container\">\n\t\t\t\t\t\t\t\t\t<p>Los accidentes laborales son una realidad. Lo mejor es contar con un plan que te respalde. En nuestra secci\u00f3n <a href=\"https:\/\/accesolatino.org\/en\/apoyos-sociales\/\">Social Supports<\/a> you will find <a href=\"https:\/\/www.dol.gov\/general\/topic\/workcomp\">Workers' Compensation<\/a> aqu\u00ed podr\u00e1s checar toda la informaci\u00f3n que necesitas para solicitar el apoyo.<\/p><p><strong><u>Workers' Compensation<\/u><\/strong>, es un programa de indemnizaci\u00f3n por invalidez que brinda a los trabajadores federales (en algunos casos a indocumentados) que sufren alg\u00fan tipo incidente de trabajo o contraen una enfermedad que les impida seguir trabajando de forma normal.<\/p><p>El Departamento del Trabajo administra tres programas principales de resarcimiento:<\/p><ul><li>Beneficios de reemplazo de salario.<\/li><li>Tratamiento m\u00e9dico.<\/li><li>Rehabilitaci\u00f3n vocacional.<\/li><\/ul><p>Para mayor informaci\u00f3n dejamos el link a tu disposici\u00f3n: <a href=\"https:\/\/www.dol.gov\/general\/topic\/workcomp\">https:\/\/www.dol.gov\/general\/topic\/workcomp<\/a><\/p><p>Acceso Latino, tu primera ventana de consulta migratoria, donde encontrar\u00e1s herramientas gratuitas y de f\u00e1cil uso, que te ayudar\u00e1n en lo que necesites.<\/p>\t\t\t\t\t\t\t\t<\/div>\n\t\t\t\t<\/div>\n\t\t\t\t<div class=\"elementor-element elementor-element-ea8e025 elementor-widget elementor-widget-spacer\" data-id=\"ea8e025\" data-element_type=\"widget\" data-e-type=\"widget\" data-widget_type=\"spacer.default\">\n\t\t\t\t<div class=\"elementor-widget-container\">\n\t\t\t\t\t\t\t<div class=\"elementor-spacer\">\n\t\t\t<div class=\"elementor-spacer-inner\"><\/div>\n\t\t<\/div>\n\t\t\t\t\t\t<\/div>\n\t\t\t\t<\/div>\n\t\t\t\t\t<\/div>\n\t\t<\/div>\n\t\t\t\t\t<\/div>\n\t\t<\/section>\n\t\t\t\t<\/div>","protected":false},"excerpt":{"rendered":"<p>Apoyos Sociales Indemnizaci\u00f3n por accidente laboral Los accidentes laborales son una realidad. Lo mejor es contar con un plan que te respalde. En nuestra secci\u00f3n Apoyos Sociales encontrar\u00e1s la tarjeta Indemnizaci\u00f3n por accidentes laborales aqu\u00ed podr\u00e1s checar toda la informaci\u00f3n que necesitas para solicitar el apoyo. Indemnizaci\u00f3n por accidentes laborales, es un programa de indemnizaci\u00f3n por invalidez que brinda a los trabajadores federales (en algunos casos a indocumentados) que sufren alg\u00fan tipo incidente de trabajo o contraen una enfermedad que les impida seguir trabajando de forma normal. El Departamento del Trabajo administra tres programas principales de resarcimiento: Beneficios de reemplazo de salario. Tratamiento m\u00e9dico. Rehabilitaci\u00f3n vocacional. Para mayor informaci\u00f3n dejamos el link a tu disposici\u00f3n: https:\/\/www.dol.gov\/general\/topic\/workcomp Acceso Latino, tu primera ventana de consulta migratoria, donde encontrar\u00e1s herramientas gratuitas y de f\u00e1cil uso, que te ayudar\u00e1n en lo que necesites.<\/p>","protected":false},"author":6,"featured_media":20814,"parent":1435,"menu_order":0,"comment_status":"closed","ping_status":"closed","template":"elementor_header_footer","meta":{"_uf_show_specific_survey":0,"_uf_disable_surveys":false,"footnotes":""},"class_list":["post-20813","page","type-page","status-publish","has-post-thumbnail"],"aioseo_notices":[],"yoast_head":"<!-- This site is optimized with the Yoast SEO plugin v27.5 - https:\/\/yoast.com\/product\/yoast-seo-wordpress\/ -->\n<title>Indemnizaci\u00f3n por accidente laboral<\/title>\n<meta name=\"description\" content=\"Conoce las diferentes formas en las que los migrantes se pueden ver beneficiados en Estados Unidos - Acceso Latino\" \/>\n<meta name=\"robots\" content=\"index, follow, max-snippet:-1, max-image-preview:large, max-video-preview:-1\" \/>\n<link rel=\"canonical\" href=\"https:\/\/accesolatino.org\/en\/apoyos-sociales\/indemnizacion-por-accidente-laboral\/\" \/>\n<meta property=\"og:locale\" content=\"en_US\" \/>\n<meta property=\"og:type\" content=\"article\" \/>\n<meta property=\"og:title\" content=\"Acceso Latino | Indemnizaci\u00f3n por accidente laboral\" \/>\n<meta property=\"og:description\" content=\"Conoce las diferentes formas en las que los migrantes se pueden ver beneficiados en USA\" \/>\n<meta property=\"og:url\" content=\"https:\/\/accesolatino.org\/en\/apoyos-sociales\/indemnizacion-por-accidente-laboral\/\" \/>\n<meta property=\"og:site_name\" content=\"Acceso Latino\" \/>\n<meta property=\"article:publisher\" content=\"https:\/\/www.facebook.com\/AccesoLatinoOrg\" \/>\n<meta property=\"article:modified_time\" content=\"2025-10-10T18:59:59+00:00\" \/>\n<meta property=\"og:image\" content=\"https:\/\/accesolatino.org\/wp-content\/uploads\/2020\/04\/Indemnizacio\u0301n-por-accidente-laboral.png\" \/>\n\t<meta property=\"og:image:width\" content=\"600\" \/>\n\t<meta property=\"og:image:height\" content=\"338\" \/>\n\t<meta property=\"og:image:type\" content=\"image\/png\" \/>\n<meta name=\"twitter:card\" content=\"summary_large_image\" \/>\n<meta name=\"twitter:title\" content=\"Acceso Latino | Indemnizaci\u00f3n por accidente laboral\" \/>\n<meta name=\"twitter:description\" content=\"Conoce las diferentes formas en las que los migrantes se pueden ver beneficiados en USA\" \/>\n<meta name=\"twitter:image\" content=\"https:\/\/accesolatino.org\/wp-content\/uploads\/2020\/04\/Indemnizacio\u0301n-por-accidente-laboral.png\" \/>\n<meta name=\"twitter:site\" content=\"@FAccLatino\" \/>\n<meta name=\"twitter:label1\" content=\"Est. reading time\" \/>\n\t<meta name=\"twitter:data1\" content=\"1 minute\" \/>\n<script type=\"application\/ld+json\" class=\"yoast-schema-graph\">{\"@context\":\"https:\\\/\\\/schema.org\",\"@graph\":[{\"@type\":\"WebPage\",\"@id\":\"https:\\\/\\\/accesolatino.org\\\/apoyos-sociales\\\/indemnizacion-por-accidente-laboral\\\/\",\"url\":\"https:\\\/\\\/accesolatino.org\\\/apoyos-sociales\\\/indemnizacion-por-accidente-laboral\\\/\",\"name\":\"Indemnizaci\u00f3n por accidente laboral\",\"isPartOf\":{\"@id\":\"https:\\\/\\\/accesolatino.org\\\/#website\"},\"primaryImageOfPage\":{\"@id\":\"https:\\\/\\\/accesolatino.org\\\/apoyos-sociales\\\/indemnizacion-por-accidente-laboral\\\/#primaryimage\"},\"image\":{\"@id\":\"https:\\\/\\\/accesolatino.org\\\/apoyos-sociales\\\/indemnizacion-por-accidente-laboral\\\/#primaryimage\"},\"thumbnailUrl\":\"https:\\\/\\\/accesolatino.org\\\/wp-content\\\/uploads\\\/2020\\\/04\\\/Indemnizacio\u0301n-por-accidente-laboral.png\",\"datePublished\":\"2020-04-09T21:46:38+00:00\",\"dateModified\":\"2025-10-10T18:59:59+00:00\",\"description\":\"Conoce las diferentes formas en las que los migrantes se pueden ver beneficiados en Estados Unidos - Acceso Latino\",\"breadcrumb\":{\"@id\":\"https:\\\/\\\/accesolatino.org\\\/apoyos-sociales\\\/indemnizacion-por-accidente-laboral\\\/#breadcrumb\"},\"inLanguage\":\"en-US\",\"potentialAction\":[{\"@type\":\"ReadAction\",\"target\":[\"https:\\\/\\\/accesolatino.org\\\/apoyos-sociales\\\/indemnizacion-por-accidente-laboral\\\/\"]}]},{\"@type\":\"ImageObject\",\"inLanguage\":\"en-US\",\"@id\":\"https:\\\/\\\/accesolatino.org\\\/apoyos-sociales\\\/indemnizacion-por-accidente-laboral\\\/#primaryimage\",\"url\":\"https:\\\/\\\/accesolatino.org\\\/wp-content\\\/uploads\\\/2020\\\/04\\\/Indemnizacio\u0301n-por-accidente-laboral.png\",\"contentUrl\":\"https:\\\/\\\/accesolatino.org\\\/wp-content\\\/uploads\\\/2020\\\/04\\\/Indemnizacio\u0301n-por-accidente-laboral.png\",\"width\":600,\"height\":338,\"caption\":\"Indemnizacio\u0301n-por-accidente-laboral\"},{\"@type\":\"BreadcrumbList\",\"@id\":\"https:\\\/\\\/accesolatino.org\\\/apoyos-sociales\\\/indemnizacion-por-accidente-laboral\\\/#breadcrumb\",\"itemListElement\":[{\"@type\":\"ListItem\",\"position\":1,\"name\":\"Portada\",\"item\":\"https:\\\/\\\/accesolatino.org\\\/\"},{\"@type\":\"ListItem\",\"position\":2,\"name\":\"Apoyos Sociales\",\"item\":\"https:\\\/\\\/accesolatino.org\\\/en\\\/apoyos-sociales\\\/\"},{\"@type\":\"ListItem\",\"position\":3,\"name\":\"Indemnizaci\u00f3n por accidente laboral\"}]},{\"@type\":\"WebSite\",\"@id\":\"https:\\\/\\\/accesolatino.org\\\/#website\",\"url\":\"https:\\\/\\\/accesolatino.org\\\/\",\"name\":\"Acceso Latino | Fundaci\u00f3n Carlos Slim\",\"description\":\"Fundaci\u00f3n Carlos Slim\",\"publisher\":{\"@id\":\"https:\\\/\\\/accesolatino.org\\\/#organization\"},\"potentialAction\":[{\"@type\":\"SearchAction\",\"target\":{\"@type\":\"EntryPoint\",\"urlTemplate\":\"https:\\\/\\\/accesolatino.org\\\/?s={search_term_string}\"},\"query-input\":{\"@type\":\"PropertyValueSpecification\",\"valueRequired\":true,\"valueName\":\"search_term_string\"}}],\"inLanguage\":\"en-US\"},{\"@type\":\"Organization\",\"@id\":\"https:\\\/\\\/accesolatino.org\\\/#organization\",\"name\":\"Acceso Latino | Fundaci\u00f3n Carlos Slim\",\"url\":\"https:\\\/\\\/accesolatino.org\\\/\",\"logo\":{\"@type\":\"ImageObject\",\"inLanguage\":\"en-US\",\"@id\":\"https:\\\/\\\/accesolatino.org\\\/#\\\/schema\\\/logo\\\/image\\\/\",\"url\":\"https:\\\/\\\/accesolatino.org\\\/wp-content\\\/uploads\\\/2021\\\/02\\\/logo-footer-acceso-latino.png\",\"contentUrl\":\"https:\\\/\\\/accesolatino.org\\\/wp-content\\\/uploads\\\/2021\\\/02\\\/logo-footer-acceso-latino.png\",\"width\":240,\"height\":40,\"caption\":\"Acceso Latino | Fundaci\u00f3n Carlos Slim\"},\"image\":{\"@id\":\"https:\\\/\\\/accesolatino.org\\\/#\\\/schema\\\/logo\\\/image\\\/\"},\"sameAs\":[\"https:\\\/\\\/www.facebook.com\\\/AccesoLatinoOrg\",\"https:\\\/\\\/x.com\\\/FAccLatino\"]}]}<\/script>\n<!-- \/ Yoast SEO plugin. -->","yoast_head_json":{"title":"Workers' Compensation","description":"Conoce las diferentes formas en las que los migrantes se pueden ver beneficiados en Estados Unidos - Acceso Latino","robots":{"index":"index","follow":"follow","max-snippet":"max-snippet:-1","max-image-preview":"max-image-preview:large","max-video-preview":"max-video-preview:-1"},"canonical":"https:\/\/accesolatino.org\/en\/apoyos-sociales\/indemnizacion-por-accidente-laboral\/","og_locale":"en_US","og_type":"article","og_title":"Acceso Latino | Indemnizaci\u00f3n por accidente laboral","og_description":"Conoce las diferentes formas en las que los migrantes se pueden ver beneficiados en USA","og_url":"https:\/\/accesolatino.org\/en\/apoyos-sociales\/indemnizacion-por-accidente-laboral\/","og_site_name":"Acceso Latino","article_publisher":"https:\/\/www.facebook.com\/AccesoLatinoOrg","article_modified_time":"2025-10-10T18:59:59+00:00","og_image":[{"width":600,"height":338,"url":"https:\/\/accesolatino.org\/wp-content\/uploads\/2020\/04\/Indemnizacio\u0301n-por-accidente-laboral.png","type":"image\/png"}],"twitter_card":"summary_large_image","twitter_title":"Acceso Latino | Indemnizaci\u00f3n por accidente laboral","twitter_description":"Conoce las diferentes formas en las que los migrantes se pueden ver beneficiados en USA","twitter_image":"https:\/\/accesolatino.org\/wp-content\/uploads\/2020\/04\/Indemnizacio\u0301n-por-accidente-laboral.png","twitter_site":"@FAccLatino","twitter_misc":{"Est. reading time":"1 minute"},"schema":{"@context":"https:\/\/schema.org","@graph":[{"@type":"WebPage","@id":"https:\/\/accesolatino.org\/apoyos-sociales\/indemnizacion-por-accidente-laboral\/","url":"https:\/\/accesolatino.org\/apoyos-sociales\/indemnizacion-por-accidente-laboral\/","name":"Workers' Compensation","isPartOf":{"@id":"https:\/\/accesolatino.org\/#website"},"primaryImageOfPage":{"@id":"https:\/\/accesolatino.org\/apoyos-sociales\/indemnizacion-por-accidente-laboral\/#primaryimage"},"image":{"@id":"https:\/\/accesolatino.org\/apoyos-sociales\/indemnizacion-por-accidente-laboral\/#primaryimage"},"thumbnailUrl":"https:\/\/accesolatino.org\/wp-content\/uploads\/2020\/04\/Indemnizacio\u0301n-por-accidente-laboral.png","datePublished":"2020-04-09T21:46:38+00:00","dateModified":"2025-10-10T18:59:59+00:00","description":"Conoce las diferentes formas en las que los migrantes se pueden ver beneficiados en Estados Unidos - Acceso Latino","breadcrumb":{"@id":"https:\/\/accesolatino.org\/apoyos-sociales\/indemnizacion-por-accidente-laboral\/#breadcrumb"},"inLanguage":"en-US","potentialAction":[{"@type":"ReadAction","target":["https:\/\/accesolatino.org\/apoyos-sociales\/indemnizacion-por-accidente-laboral\/"]}]},{"@type":"ImageObject","inLanguage":"en-US","@id":"https:\/\/accesolatino.org\/apoyos-sociales\/indemnizacion-por-accidente-laboral\/#primaryimage","url":"https:\/\/accesolatino.org\/wp-content\/uploads\/2020\/04\/Indemnizacio\u0301n-por-accidente-laboral.png","contentUrl":"https:\/\/accesolatino.org\/wp-content\/uploads\/2020\/04\/Indemnizacio\u0301n-por-accidente-laboral.png","width":600,"height":338,"caption":"Indemnizacio\u0301n-por-accidente-laboral"},{"@type":"BreadcrumbList","@id":"https:\/\/accesolatino.org\/apoyos-sociales\/indemnizacion-por-accidente-laboral\/#breadcrumb","itemListElement":[{"@type":"ListItem","position":1,"name":"Portada","item":"https:\/\/accesolatino.org\/"},{"@type":"ListItem","position":2,"name":"Apoyos Sociales","item":"https:\/\/accesolatino.org\/en\/apoyos-sociales\/"},{"@type":"ListItem","position":3,"name":"Indemnizaci\u00f3n por accidente laboral"}]},{"@type":"WebSite","@id":"https:\/\/accesolatino.org\/#website","url":"https:\/\/accesolatino.org\/","name":"Acceso Latino | Fundaci\u00f3n Carlos Slim","description":"Fundaci\u00f3n Carlos Slim","publisher":{"@id":"https:\/\/accesolatino.org\/#organization"},"potentialAction":[{"@type":"SearchAction","target":{"@type":"EntryPoint","urlTemplate":"https:\/\/accesolatino.org\/?s={search_term_string}"},"query-input":{"@type":"PropertyValueSpecification","valueRequired":true,"valueName":"search_term_string"}}],"inLanguage":"en-US"},{"@type":"Organization","@id":"https:\/\/accesolatino.org\/#organization","name":"Acceso Latino | Fundaci\u00f3n Carlos Slim","url":"https:\/\/accesolatino.org\/","logo":{"@type":"ImageObject","inLanguage":"en-US","@id":"https:\/\/accesolatino.org\/#\/schema\/logo\/image\/","url":"https:\/\/accesolatino.org\/wp-content\/uploads\/2021\/02\/logo-footer-acceso-latino.png","contentUrl":"https:\/\/accesolatino.org\/wp-content\/uploads\/2021\/02\/logo-footer-acceso-latino.png","width":240,"height":40,"caption":"Acceso Latino | Fundaci\u00f3n Carlos Slim"},"image":{"@id":"https:\/\/accesolatino.org\/#\/schema\/logo\/image\/"},"sameAs":["https:\/\/www.facebook.com\/AccesoLatinoOrg","https:\/\/x.com\/FAccLatino"]}]}},"_links":{"self":[{"href":"https:\/\/accesolatino.org\/en\/wp-json\/wp\/v2\/pages\/20813","targetHints":{"allow":["GET"]}}],"collection":[{"href":"https:\/\/accesolatino.org\/en\/wp-json\/wp\/v2\/pages"}],"about":[{"href":"https:\/\/accesolatino.org\/en\/wp-json\/wp\/v2\/types\/page"}],"author":[{"embeddable":true,"href":"https:\/\/accesolatino.org\/en\/wp-json\/wp\/v2\/users\/6"}],"replies":[{"embeddable":true,"href":"https:\/\/accesolatino.org\/en\/wp-json\/wp\/v2\/comments?post=20813"}],"version-history":[{"count":1,"href":"https:\/\/accesolatino.org\/en\/wp-json\/wp\/v2\/pages\/20813\/revisions"}],"predecessor-version":[{"id":63862,"href":"https:\/\/accesolatino.org\/en\/wp-json\/wp\/v2\/pages\/20813\/revisions\/63862"}],"up":[{"embeddable":true,"href":"https:\/\/accesolatino.org\/en\/wp-json\/wp\/v2\/pages\/1435"}],"wp:featuredmedia":[{"embeddable":true,"href":"https:\/\/accesolatino.org\/en\/wp-json\/wp\/v2\/media\/20814"}],"wp:attachment":[{"href":"https:\/\/accesolatino.org\/en\/wp-json\/wp\/v2\/media?parent=20813"}],"curies":[{"name":"wp","href":"https:\/\/api.w.org\/{rel}","templated":true}]}}