{"id":20711,"date":"2020-04-02T10:18:11","date_gmt":"2020-04-02T16:18:11","guid":{"rendered":"https:\/\/accesolatino.org\/?page_id=20711"},"modified":"2025-11-13T21:51:35","modified_gmt":"2025-11-14T03:51:35","slug":"presenta-tu-queja-en-el-buzon-de-quejas-de-la-cndh","status":"publish","type":"page","link":"https:\/\/accesolatino.org\/en\/presenta-tu-queja-en-el-buzon-de-quejas-de-la-cndh\/","title":{"rendered":"Presenta tu queja en el buz\u00f3n de quejas de la CNDH"},"content":{"rendered":"<div data-elementor-type=\"wp-post\" data-elementor-id=\"20711\" class=\"elementor elementor-20711\">\n\t\t\t\t\t\t<section class=\"elementor-section elementor-top-section elementor-element elementor-element-2ffc562 elementor-section-full_width elementor-section-height-min-height elementor-section-items-stretch elementor-section-height-default wpr-particle-no wpr-jarallax-no wpr-parallax-no wpr-sticky-section-no wpr-column-slider-no wpr-equal-height-no\" data-id=\"2ffc562\" data-element_type=\"section\" data-e-type=\"section\" data-settings=\"{&quot;background_background&quot;:&quot;classic&quot;}\">\n\t\t\t\t\t\t<div class=\"elementor-container elementor-column-gap-no\">\n\t\t\t\t\t<div class=\"elementor-column elementor-col-100 elementor-top-column elementor-element elementor-element-60f9037\" data-id=\"60f9037\" data-element_type=\"column\" data-e-type=\"column\">\n\t\t\t<div class=\"elementor-widget-wrap elementor-element-populated\">\n\t\t\t\t\t\t<div class=\"elementor-element elementor-element-1f1f76a elementor--h-position-center elementor--v-position-middle elementor-widget elementor-widget-slides\" data-id=\"1f1f76a\" data-element_type=\"widget\" data-e-type=\"widget\" data-settings=\"{&quot;navigation&quot;:&quot;none&quot;,&quot;infinite&quot;:&quot;yes&quot;,&quot;transition&quot;:&quot;slide&quot;,&quot;transition_speed&quot;:500}\" data-widget_type=\"slides.default\">\n\t\t\t\t<div class=\"elementor-widget-container\">\n\t\t\t\t\t\t\t<div class=\"elementor-swiper\">\n\t\t\t<div class=\"elementor-slides-wrapper elementor-main-swiper swiper-container\" dir=\"ltr\" data-animation=\"\">\n\t\t\t\t<div class=\"swiper-wrapper elementor-slides\">\n\t\t\t\t\t\t\t\t\t\t<div class=\"elementor-repeater-item-d983a28 swiper-slide\"><div class=\"swiper-slide-bg\"><\/div><div class=\"swiper-slide-inner\" ><div class=\"swiper-slide-contents\"><div class=\"elementor-slide-heading\">Legal Guidance<\/div><\/div><\/div><\/div>\t\t\t\t<\/div>\n\t\t\t\t\t\t\t<\/div>\n\t\t<\/div>\n\t\t\t\t\t\t<\/div>\n\t\t\t\t<\/div>\n\t\t\t\t\t<\/div>\n\t\t<\/div>\n\t\t\t\t\t<\/div>\n\t\t<\/section>\n\t\t\t\t<section class=\"elementor-section elementor-top-section elementor-element elementor-element-5af11b0 elementor-section-stretched elementor-section-boxed elementor-section-height-default elementor-section-height-default wpr-particle-no wpr-jarallax-no wpr-parallax-no wpr-sticky-section-no wpr-column-slider-no wpr-equal-height-no\" data-id=\"5af11b0\" data-element_type=\"section\" data-e-type=\"section\" data-settings=\"{&quot;stretch_section&quot;:&quot;section-stretched&quot;,&quot;background_background&quot;:&quot;classic&quot;}\">\n\t\t\t\t\t\t<div class=\"elementor-container elementor-column-gap-default\">\n\t\t\t\t\t<div class=\"elementor-column elementor-col-100 elementor-top-column elementor-element elementor-element-ac87b95\" data-id=\"ac87b95\" data-element_type=\"column\" data-e-type=\"column\">\n\t\t\t<div class=\"elementor-widget-wrap elementor-element-populated\">\n\t\t\t\t\t\t<div class=\"elementor-element elementor-element-9e8e60d elementor-widget elementor-widget-heading\" data-id=\"9e8e60d\" data-element_type=\"widget\" data-e-type=\"widget\" data-widget_type=\"heading.default\">\n\t\t\t\t<div class=\"elementor-widget-container\">\n\t\t\t\t\t<h3 class=\"elementor-heading-title elementor-size-default\">Presenta tu queja en el buz\u00f3n de quejas de la CNDH<\/h3>\t\t\t\t<\/div>\n\t\t\t\t<\/div>\n\t\t\t\t<div class=\"elementor-element elementor-element-2a19ce3 elementor-widget elementor-widget-text-editor\" data-id=\"2a19ce3\" data-element_type=\"widget\" data-e-type=\"widget\" data-widget_type=\"text-editor.default\">\n\t\t\t\t<div class=\"elementor-widget-container\">\n\t\t\t\t\t\t\t\t\t<p>In the section<a href=\"https:\/\/accesolatino.org\/en\/conoce-y-protege-tus-derechos-laborales-basicos\/derecho\/\"> <strong>\u201cTus Derechos\u201d <\/strong><\/a>est\u00e1 la tarjeta <strong><a href=\"http:\/\/www.cndh.org.mx\/Queja_Linea\">\u201cEnv\u00eda aqu\u00ed tu queja a la CNDH\u201d<\/a>.<\/strong> Es un buz\u00f3n creado por la Comisi\u00f3n Nacional de los Derechos Humanos (CNDH) y sirve para reportar un abuso o violaci\u00f3n de los derechos humanos.<\/p><p>Para que la queja proceda debes realizar lo siguiente:<\/p><p>Llenar el formulario de la CNDH con datos de identificaci\u00f3n (nombre, apellidos, domicilio y de ser posible).<\/p><p>Un n\u00famero telef\u00f3nico en el que se te pueda llamar o de lo contrario, proporcionar los datos de la persona que presenta la queja ya que el organismo no acepta llamadas\u00a0 an\u00f3nimas.<\/p><p><strong>Acceso Latino<\/strong>, un sitio web dedicado a ayudarte.<\/p>\t\t\t\t\t\t\t\t<\/div>\n\t\t\t\t<\/div>\n\t\t\t\t<div class=\"elementor-element elementor-element-95bdd24 elementor-widget elementor-widget-spacer\" data-id=\"95bdd24\" data-element_type=\"widget\" data-e-type=\"widget\" data-widget_type=\"spacer.default\">\n\t\t\t\t<div class=\"elementor-widget-container\">\n\t\t\t\t\t\t\t<div class=\"elementor-spacer\">\n\t\t\t<div class=\"elementor-spacer-inner\"><\/div>\n\t\t<\/div>\n\t\t\t\t\t\t<\/div>\n\t\t\t\t<\/div>\n\t\t\t\t\t<\/div>\n\t\t<\/div>\n\t\t\t\t\t<\/div>\n\t\t<\/section>\n\t\t\t\t<\/div>","protected":false},"excerpt":{"rendered":"<p>Orientaci\u00f3n Legal Presenta tu queja en el buz\u00f3n de quejas de la CNDH En la secci\u00f3n \u201cTus Derechos\u201d est\u00e1 la tarjeta \u201cEnv\u00eda aqu\u00ed tu queja a la CNDH\u201d. Es un buz\u00f3n creado por la Comisi\u00f3n Nacional de los Derechos Humanos (CNDH) y sirve para reportar un abuso o violaci\u00f3n de los derechos humanos. Para que la queja proceda debes realizar lo siguiente: Llenar el formulario de la CNDH con datos de identificaci\u00f3n (nombre, apellidos, domicilio y de ser posible). Un n\u00famero telef\u00f3nico en el que se te pueda llamar o de lo contrario, proporcionar los datos de la persona que presenta la queja ya que el organismo no acepta llamadas\u00a0 an\u00f3nimas. Acceso Latino, un sitio web dedicado a ayudarte.<\/p>","protected":false},"author":12,"featured_media":20712,"parent":0,"menu_order":0,"comment_status":"closed","ping_status":"closed","template":"elementor_header_footer","meta":{"_uf_show_specific_survey":0,"_uf_disable_surveys":false,"footnotes":""},"class_list":["post-20711","page","type-page","status-publish","has-post-thumbnail"],"aioseo_notices":[],"yoast_head":"<!-- This site is optimized with the Yoast SEO plugin v27.6 - https:\/\/yoast.com\/product\/yoast-seo-wordpress\/ -->\n<title>Presenta tu queja en el buz\u00f3n de quejas de la CNDH<\/title>\n<meta name=\"description\" content=\"Presenta tu\u00a0queja\u00a0en el buz\u00f3n de quejas de la CNDH En la secci\u00f3n \u201cTus Derechos\u201d est\u00e1 la tarjeta \u201cEnv\u00eda aqu\u00ed tu\u00a0queja\u00a0a la CNDH\u201d.\" \/>\n<meta name=\"robots\" content=\"index, follow, max-snippet:-1, max-image-preview:large, max-video-preview:-1\" \/>\n<link rel=\"canonical\" href=\"https:\/\/accesolatino.org\/en\/presenta-tu-queja-en-el-buzon-de-quejas-de-la-cndh\/\" \/>\n<meta property=\"og:locale\" content=\"en_US\" \/>\n<meta property=\"og:type\" content=\"article\" \/>\n<meta property=\"og:title\" content=\"Acceso Latino | Presenta tu queja en el buz\u00f3n de quejas de la CNDH\" \/>\n<meta property=\"og:description\" content=\"Conoce las Instituciones que te pueden ser de ayuda en otros pa\u00edses.\" \/>\n<meta property=\"og:url\" content=\"https:\/\/accesolatino.org\/en\/presenta-tu-queja-en-el-buzon-de-quejas-de-la-cndh\/\" \/>\n<meta property=\"og:site_name\" content=\"Acceso Latino\" \/>\n<meta property=\"article:publisher\" content=\"https:\/\/www.facebook.com\/AccesoLatinoOrg\" \/>\n<meta property=\"article:modified_time\" content=\"2025-11-14T03:51:35+00:00\" \/>\n<meta property=\"og:image\" content=\"https:\/\/accesolatino.org\/wp-content\/uploads\/2020\/04\/Presenta-tu-queja-en-el-buz\u00f3n-de-quejas-de-la-CNDH.png\" \/>\n\t<meta property=\"og:image:width\" content=\"600\" \/>\n\t<meta property=\"og:image:height\" content=\"338\" \/>\n\t<meta property=\"og:image:type\" content=\"image\/png\" \/>\n<meta name=\"twitter:card\" content=\"summary_large_image\" \/>\n<meta name=\"twitter:title\" content=\"Acceso Latino | Presenta tu queja en el buz\u00f3n de quejas de la CNDH\" \/>\n<meta name=\"twitter:description\" content=\"Conoce las Instituciones que te pueden ser de ayuda en otros pa\u00edses.\" \/>\n<meta name=\"twitter:image\" content=\"https:\/\/accesolatino.org\/wp-content\/uploads\/2020\/04\/Presenta-tu-queja-en-el-buz\u00f3n-de-quejas-de-la-CNDH.png\" \/>\n<meta name=\"twitter:site\" content=\"@FAccLatino\" \/>\n<meta name=\"twitter:label1\" content=\"Est. reading time\" \/>\n\t<meta name=\"twitter:data1\" content=\"1 minute\" \/>\n<script type=\"application\/ld+json\" class=\"yoast-schema-graph\">{\"@context\":\"https:\\\/\\\/schema.org\",\"@graph\":[{\"@type\":\"WebPage\",\"@id\":\"https:\\\/\\\/accesolatino.org\\\/presenta-tu-queja-en-el-buzon-de-quejas-de-la-cndh\\\/\",\"url\":\"https:\\\/\\\/accesolatino.org\\\/presenta-tu-queja-en-el-buzon-de-quejas-de-la-cndh\\\/\",\"name\":\"Presenta tu queja en el buz\u00f3n de quejas de la CNDH\",\"isPartOf\":{\"@id\":\"https:\\\/\\\/accesolatino.org\\\/#website\"},\"primaryImageOfPage\":{\"@id\":\"https:\\\/\\\/accesolatino.org\\\/presenta-tu-queja-en-el-buzon-de-quejas-de-la-cndh\\\/#primaryimage\"},\"image\":{\"@id\":\"https:\\\/\\\/accesolatino.org\\\/presenta-tu-queja-en-el-buzon-de-quejas-de-la-cndh\\\/#primaryimage\"},\"thumbnailUrl\":\"https:\\\/\\\/accesolatino.org\\\/wp-content\\\/uploads\\\/2020\\\/04\\\/Presenta-tu-queja-en-el-buz\u00f3n-de-quejas-de-la-CNDH.png\",\"datePublished\":\"2020-04-02T16:18:11+00:00\",\"dateModified\":\"2025-11-14T03:51:35+00:00\",\"description\":\"Presenta tu\u00a0queja\u00a0en el buz\u00f3n de quejas de la CNDH En la secci\u00f3n \u201cTus Derechos\u201d est\u00e1 la tarjeta \u201cEnv\u00eda aqu\u00ed tu\u00a0queja\u00a0a la CNDH\u201d.\",\"breadcrumb\":{\"@id\":\"https:\\\/\\\/accesolatino.org\\\/presenta-tu-queja-en-el-buzon-de-quejas-de-la-cndh\\\/#breadcrumb\"},\"inLanguage\":\"en-US\",\"potentialAction\":[{\"@type\":\"ReadAction\",\"target\":[\"https:\\\/\\\/accesolatino.org\\\/presenta-tu-queja-en-el-buzon-de-quejas-de-la-cndh\\\/\"]}]},{\"@type\":\"ImageObject\",\"inLanguage\":\"en-US\",\"@id\":\"https:\\\/\\\/accesolatino.org\\\/presenta-tu-queja-en-el-buzon-de-quejas-de-la-cndh\\\/#primaryimage\",\"url\":\"https:\\\/\\\/accesolatino.org\\\/wp-content\\\/uploads\\\/2020\\\/04\\\/Presenta-tu-queja-en-el-buz\u00f3n-de-quejas-de-la-CNDH.png\",\"contentUrl\":\"https:\\\/\\\/accesolatino.org\\\/wp-content\\\/uploads\\\/2020\\\/04\\\/Presenta-tu-queja-en-el-buz\u00f3n-de-quejas-de-la-CNDH.png\",\"width\":600,\"height\":338,\"caption\":\"queja\"},{\"@type\":\"BreadcrumbList\",\"@id\":\"https:\\\/\\\/accesolatino.org\\\/presenta-tu-queja-en-el-buzon-de-quejas-de-la-cndh\\\/#breadcrumb\",\"itemListElement\":[{\"@type\":\"ListItem\",\"position\":1,\"name\":\"Portada\",\"item\":\"https:\\\/\\\/accesolatino.org\\\/\"},{\"@type\":\"ListItem\",\"position\":2,\"name\":\"Presenta tu queja en el buz\u00f3n de quejas de la CNDH\"}]},{\"@type\":\"WebSite\",\"@id\":\"https:\\\/\\\/accesolatino.org\\\/#website\",\"url\":\"https:\\\/\\\/accesolatino.org\\\/\",\"name\":\"Acceso Latino | Fundaci\u00f3n Carlos Slim\",\"description\":\"Fundaci\u00f3n Carlos Slim\",\"publisher\":{\"@id\":\"https:\\\/\\\/accesolatino.org\\\/#organization\"},\"potentialAction\":[{\"@type\":\"SearchAction\",\"target\":{\"@type\":\"EntryPoint\",\"urlTemplate\":\"https:\\\/\\\/accesolatino.org\\\/?s={search_term_string}\"},\"query-input\":{\"@type\":\"PropertyValueSpecification\",\"valueRequired\":true,\"valueName\":\"search_term_string\"}}],\"inLanguage\":\"en-US\"},{\"@type\":\"Organization\",\"@id\":\"https:\\\/\\\/accesolatino.org\\\/#organization\",\"name\":\"Acceso Latino | Fundaci\u00f3n Carlos Slim\",\"url\":\"https:\\\/\\\/accesolatino.org\\\/\",\"logo\":{\"@type\":\"ImageObject\",\"inLanguage\":\"en-US\",\"@id\":\"https:\\\/\\\/accesolatino.org\\\/#\\\/schema\\\/logo\\\/image\\\/\",\"url\":\"https:\\\/\\\/accesolatino.org\\\/wp-content\\\/uploads\\\/2021\\\/02\\\/logo-footer-acceso-latino.png\",\"contentUrl\":\"https:\\\/\\\/accesolatino.org\\\/wp-content\\\/uploads\\\/2021\\\/02\\\/logo-footer-acceso-latino.png\",\"width\":240,\"height\":40,\"caption\":\"Acceso Latino | Fundaci\u00f3n Carlos Slim\"},\"image\":{\"@id\":\"https:\\\/\\\/accesolatino.org\\\/#\\\/schema\\\/logo\\\/image\\\/\"},\"sameAs\":[\"https:\\\/\\\/www.facebook.com\\\/AccesoLatinoOrg\",\"https:\\\/\\\/x.com\\\/FAccLatino\"]}]}<\/script>\n<!-- \/ Yoast SEO plugin. -->","yoast_head_json":{"title":"Presenta tu queja en el buz\u00f3n de quejas de la CNDH","description":"Presenta tu\u00a0queja\u00a0en el buz\u00f3n de quejas de la CNDH En la secci\u00f3n \u201cTus Derechos\u201d est\u00e1 la tarjeta \u201cEnv\u00eda aqu\u00ed tu\u00a0queja\u00a0a la CNDH\u201d.","robots":{"index":"index","follow":"follow","max-snippet":"max-snippet:-1","max-image-preview":"max-image-preview:large","max-video-preview":"max-video-preview:-1"},"canonical":"https:\/\/accesolatino.org\/en\/presenta-tu-queja-en-el-buzon-de-quejas-de-la-cndh\/","og_locale":"en_US","og_type":"article","og_title":"Acceso Latino | Presenta tu queja en el buz\u00f3n de quejas de la CNDH","og_description":"Conoce las Instituciones que te pueden ser de ayuda en otros pa\u00edses.","og_url":"https:\/\/accesolatino.org\/en\/presenta-tu-queja-en-el-buzon-de-quejas-de-la-cndh\/","og_site_name":"Acceso Latino","article_publisher":"https:\/\/www.facebook.com\/AccesoLatinoOrg","article_modified_time":"2025-11-14T03:51:35+00:00","og_image":[{"width":600,"height":338,"url":"https:\/\/accesolatino.org\/wp-content\/uploads\/2020\/04\/Presenta-tu-queja-en-el-buz\u00f3n-de-quejas-de-la-CNDH.png","type":"image\/png"}],"twitter_card":"summary_large_image","twitter_title":"Acceso Latino | Presenta tu queja en el buz\u00f3n de quejas de la CNDH","twitter_description":"Conoce las Instituciones que te pueden ser de ayuda en otros pa\u00edses.","twitter_image":"https:\/\/accesolatino.org\/wp-content\/uploads\/2020\/04\/Presenta-tu-queja-en-el-buz\u00f3n-de-quejas-de-la-CNDH.png","twitter_site":"@FAccLatino","twitter_misc":{"Est. reading time":"1 minute"},"schema":{"@context":"https:\/\/schema.org","@graph":[{"@type":"WebPage","@id":"https:\/\/accesolatino.org\/presenta-tu-queja-en-el-buzon-de-quejas-de-la-cndh\/","url":"https:\/\/accesolatino.org\/presenta-tu-queja-en-el-buzon-de-quejas-de-la-cndh\/","name":"Presenta tu queja en el buz\u00f3n de quejas de la CNDH","isPartOf":{"@id":"https:\/\/accesolatino.org\/#website"},"primaryImageOfPage":{"@id":"https:\/\/accesolatino.org\/presenta-tu-queja-en-el-buzon-de-quejas-de-la-cndh\/#primaryimage"},"image":{"@id":"https:\/\/accesolatino.org\/presenta-tu-queja-en-el-buzon-de-quejas-de-la-cndh\/#primaryimage"},"thumbnailUrl":"https:\/\/accesolatino.org\/wp-content\/uploads\/2020\/04\/Presenta-tu-queja-en-el-buz\u00f3n-de-quejas-de-la-CNDH.png","datePublished":"2020-04-02T16:18:11+00:00","dateModified":"2025-11-14T03:51:35+00:00","description":"Presenta tu\u00a0queja\u00a0en el buz\u00f3n de quejas de la CNDH En la secci\u00f3n \u201cTus Derechos\u201d est\u00e1 la tarjeta \u201cEnv\u00eda aqu\u00ed tu\u00a0queja\u00a0a la CNDH\u201d.","breadcrumb":{"@id":"https:\/\/accesolatino.org\/presenta-tu-queja-en-el-buzon-de-quejas-de-la-cndh\/#breadcrumb"},"inLanguage":"en-US","potentialAction":[{"@type":"ReadAction","target":["https:\/\/accesolatino.org\/presenta-tu-queja-en-el-buzon-de-quejas-de-la-cndh\/"]}]},{"@type":"ImageObject","inLanguage":"en-US","@id":"https:\/\/accesolatino.org\/presenta-tu-queja-en-el-buzon-de-quejas-de-la-cndh\/#primaryimage","url":"https:\/\/accesolatino.org\/wp-content\/uploads\/2020\/04\/Presenta-tu-queja-en-el-buz\u00f3n-de-quejas-de-la-CNDH.png","contentUrl":"https:\/\/accesolatino.org\/wp-content\/uploads\/2020\/04\/Presenta-tu-queja-en-el-buz\u00f3n-de-quejas-de-la-CNDH.png","width":600,"height":338,"caption":"queja"},{"@type":"BreadcrumbList","@id":"https:\/\/accesolatino.org\/presenta-tu-queja-en-el-buzon-de-quejas-de-la-cndh\/#breadcrumb","itemListElement":[{"@type":"ListItem","position":1,"name":"Portada","item":"https:\/\/accesolatino.org\/"},{"@type":"ListItem","position":2,"name":"Presenta tu queja en el buz\u00f3n de quejas de la CNDH"}]},{"@type":"WebSite","@id":"https:\/\/accesolatino.org\/#website","url":"https:\/\/accesolatino.org\/","name":"Acceso Latino | Fundaci\u00f3n Carlos Slim","description":"Fundaci\u00f3n Carlos Slim","publisher":{"@id":"https:\/\/accesolatino.org\/#organization"},"potentialAction":[{"@type":"SearchAction","target":{"@type":"EntryPoint","urlTemplate":"https:\/\/accesolatino.org\/?s={search_term_string}"},"query-input":{"@type":"PropertyValueSpecification","valueRequired":true,"valueName":"search_term_string"}}],"inLanguage":"en-US"},{"@type":"Organization","@id":"https:\/\/accesolatino.org\/#organization","name":"Acceso Latino | Fundaci\u00f3n Carlos Slim","url":"https:\/\/accesolatino.org\/","logo":{"@type":"ImageObject","inLanguage":"en-US","@id":"https:\/\/accesolatino.org\/#\/schema\/logo\/image\/","url":"https:\/\/accesolatino.org\/wp-content\/uploads\/2021\/02\/logo-footer-acceso-latino.png","contentUrl":"https:\/\/accesolatino.org\/wp-content\/uploads\/2021\/02\/logo-footer-acceso-latino.png","width":240,"height":40,"caption":"Acceso Latino | Fundaci\u00f3n Carlos Slim"},"image":{"@id":"https:\/\/accesolatino.org\/#\/schema\/logo\/image\/"},"sameAs":["https:\/\/www.facebook.com\/AccesoLatinoOrg","https:\/\/x.com\/FAccLatino"]}]}},"_links":{"self":[{"href":"https:\/\/accesolatino.org\/en\/wp-json\/wp\/v2\/pages\/20711","targetHints":{"allow":["GET"]}}],"collection":[{"href":"https:\/\/accesolatino.org\/en\/wp-json\/wp\/v2\/pages"}],"about":[{"href":"https:\/\/accesolatino.org\/en\/wp-json\/wp\/v2\/types\/page"}],"author":[{"embeddable":true,"href":"https:\/\/accesolatino.org\/en\/wp-json\/wp\/v2\/users\/12"}],"replies":[{"embeddable":true,"href":"https:\/\/accesolatino.org\/en\/wp-json\/wp\/v2\/comments?post=20711"}],"version-history":[{"count":1,"href":"https:\/\/accesolatino.org\/en\/wp-json\/wp\/v2\/pages\/20711\/revisions"}],"predecessor-version":[{"id":68701,"href":"https:\/\/accesolatino.org\/en\/wp-json\/wp\/v2\/pages\/20711\/revisions\/68701"}],"wp:featuredmedia":[{"embeddable":true,"href":"https:\/\/accesolatino.org\/en\/wp-json\/wp\/v2\/media\/20712"}],"wp:attachment":[{"href":"https:\/\/accesolatino.org\/en\/wp-json\/wp\/v2\/media?parent=20711"}],"curies":[{"name":"wp","href":"https:\/\/api.w.org\/{rel}","templated":true}]}}