{"id":20646,"date":"2020-03-27T14:31:02","date_gmt":"2020-03-27T20:31:02","guid":{"rendered":"https:\/\/accesolatino.org\/?page_id=20646"},"modified":"2025-10-17T17:28:21","modified_gmt":"2025-10-17T23:28:21","slug":"resuelve-tus-dudas-de-daca-con-nuestra-herramienta-de-preguntas-frecuentes","status":"publish","type":"page","link":"https:\/\/accesolatino.org\/en\/resuelve-tus-dudas-de-daca-con-nuestra-herramienta-de-preguntas-frecuentes\/","title":{"rendered":"Resuelve tus dudas de DACA con nuestra herramienta de preguntas frecuentes"},"content":{"rendered":"<div data-elementor-type=\"wp-post\" data-elementor-id=\"20646\" class=\"elementor elementor-20646\">\n\t\t\t\t\t\t<section class=\"elementor-section elementor-top-section elementor-element elementor-element-3c9173d elementor-section-full_width elementor-section-height-min-height elementor-section-items-stretch elementor-section-height-default wpr-particle-no wpr-jarallax-no wpr-parallax-no wpr-sticky-section-no wpr-equal-height-no\" data-id=\"3c9173d\" data-element_type=\"section\" data-e-type=\"section\" data-settings=\"{&quot;background_background&quot;:&quot;classic&quot;}\">\n\t\t\t\t\t\t<div class=\"elementor-container elementor-column-gap-no\">\n\t\t\t\t\t<div class=\"elementor-column elementor-col-100 elementor-top-column elementor-element elementor-element-b0ee681\" data-id=\"b0ee681\" data-element_type=\"column\" data-e-type=\"column\">\n\t\t\t<div class=\"elementor-widget-wrap elementor-element-populated\">\n\t\t\t\t\t\t<div class=\"elementor-element elementor-element-f0f124f elementor--h-position-center elementor--v-position-middle elementor-widget elementor-widget-slides\" data-id=\"f0f124f\" data-element_type=\"widget\" data-e-type=\"widget\" data-settings=\"{&quot;navigation&quot;:&quot;none&quot;,&quot;infinite&quot;:&quot;yes&quot;,&quot;transition&quot;:&quot;slide&quot;,&quot;transition_speed&quot;:500}\" data-widget_type=\"slides.default\">\n\t\t\t\t<div class=\"elementor-widget-container\">\n\t\t\t\t\t\t\t<div class=\"elementor-swiper\">\n\t\t\t<div class=\"elementor-slides-wrapper elementor-main-swiper swiper-container\" dir=\"ltr\" data-animation=\"\">\n\t\t\t\t<div class=\"swiper-wrapper elementor-slides\">\n\t\t\t\t\t\t\t\t\t\t<div class=\"elementor-repeater-item-d983a28 swiper-slide\"><div class=\"swiper-slide-bg\"><\/div><div class=\"swiper-slide-inner\" ><div class=\"swiper-slide-contents\"><div class=\"elementor-slide-heading\">Legal Guidance<\/div><\/div><\/div><\/div>\t\t\t\t<\/div>\n\t\t\t\t\t\t\t<\/div>\n\t\t<\/div>\n\t\t\t\t\t\t<\/div>\n\t\t\t\t<\/div>\n\t\t\t\t\t<\/div>\n\t\t<\/div>\n\t\t\t\t\t<\/div>\n\t\t<\/section>\n\t\t\t\t<section class=\"elementor-section elementor-top-section elementor-element elementor-element-acb4717 elementor-section-stretched elementor-section-boxed elementor-section-height-default elementor-section-height-default wpr-particle-no wpr-jarallax-no wpr-parallax-no wpr-sticky-section-no wpr-equal-height-no\" data-id=\"acb4717\" data-element_type=\"section\" data-e-type=\"section\" data-settings=\"{&quot;stretch_section&quot;:&quot;section-stretched&quot;,&quot;background_background&quot;:&quot;classic&quot;}\">\n\t\t\t\t\t\t<div class=\"elementor-container elementor-column-gap-default\">\n\t\t\t\t\t<div class=\"elementor-column elementor-col-100 elementor-top-column elementor-element elementor-element-76ca989\" data-id=\"76ca989\" data-element_type=\"column\" data-e-type=\"column\">\n\t\t\t<div class=\"elementor-widget-wrap elementor-element-populated\">\n\t\t\t\t\t\t<div class=\"elementor-element elementor-element-2c3af1e elementor-widget elementor-widget-heading\" data-id=\"2c3af1e\" data-element_type=\"widget\" data-e-type=\"widget\" data-widget_type=\"heading.default\">\n\t\t\t\t<div class=\"elementor-widget-container\">\n\t\t\t\t\t<h3 class=\"elementor-heading-title elementor-size-default\">Do you know Grupo Beta? It depends on the National Institute of Migration and supports you on your way.<\/h3>\t\t\t\t<\/div>\n\t\t\t\t<\/div>\n\t\t\t\t<div class=\"elementor-element elementor-element-6bab746 elementor-widget elementor-widget-text-editor\" data-id=\"6bab746\" data-element_type=\"widget\" data-e-type=\"widget\" data-widget_type=\"text-editor.default\">\n\t\t\t\t<div class=\"elementor-widget-container\">\n\t\t\t\t\t\t\t\t\t<p>En junio del presente a\u00f1o se decidir\u00e1 el futuro de DACA, por lo que a\u00fan hay muchas dudas de c\u00f3mo funciona, cu\u00e1ndo y c\u00f3mo solicitar DACA.<\/p><p>Para aclarar estas dudas, Fundaci\u00f3n Carlos Slim cre\u00f3 el sitio web<strong> accesolatino.org<\/strong> donde encontrar\u00e1s la herramienta <a href=\"https:\/\/19lwtt3nwtm12axw5e31ay5s-wpengine.netdna-ssl.com\/wp-content\/uploads\/2018\/03\/daca_faq-sk-20180302-sp.pdf\" target=\"_blank\" rel=\"noopener\">\u201cPreguntas frecuentes sobre DACA\u201d<\/a> para resolver cualquier pregunta sobre el programa de Acci\u00f3n Diferida para los Llegados en la Infancia.<\/p><p>Esta tarjeta se encuentra en la secci\u00f3n <a href=\"https:\/\/accesolatino.org\/en\/orientacion-legal\/\" target=\"_blank\" rel=\"noopener\">\u201cOrientaci\u00f3n legal\u201d<\/a>, la cu\u00e1l te brindar\u00e1 la ayuda necesaria para dar respuesta a todas tus preguntas.<\/p><p>En la tarjeta \u201cPreguntas frecuentes sobre DACA\u201d, hay asesor\u00eda sobre lo m\u00e1s reciente de DACA.<\/p><p>Encontrar\u00e1s respuesta a los siguientes cuestionamientos<\/p><ul><li>When can I submit my DACA renewal application?<\/li><li>How long are DACA application approvals taking?<\/li><li>Can I travel abroad under the travel permit with my DACA?<\/li><li>What should I do if I have an encounter with immigration officials?<\/li><\/ul><p>Al igual que los \u201cdreamers\u201d, cualquier persona podr\u00e1 encontrar ayuda en material legal en nuestras herramientas.<\/p><p>Acceso Latino tu primera ventana de consulta migratoria.<\/p>\t\t\t\t\t\t\t\t<\/div>\n\t\t\t\t<\/div>\n\t\t\t\t<div class=\"elementor-element elementor-element-0dd55a9 elementor-widget elementor-widget-spacer\" data-id=\"0dd55a9\" data-element_type=\"widget\" data-e-type=\"widget\" data-widget_type=\"spacer.default\">\n\t\t\t\t<div class=\"elementor-widget-container\">\n\t\t\t\t\t\t\t<div class=\"elementor-spacer\">\n\t\t\t<div class=\"elementor-spacer-inner\"><\/div>\n\t\t<\/div>\n\t\t\t\t\t\t<\/div>\n\t\t\t\t<\/div>\n\t\t\t\t\t<\/div>\n\t\t<\/div>\n\t\t\t\t\t<\/div>\n\t\t<\/section>\n\t\t\t\t<\/div>","protected":false},"excerpt":{"rendered":"<p>Orientaci\u00f3n Legal \u00bfConoces al Grupo Beta? Depende del Instituto Nacional de Migraci\u00f3n y te apoya en tu camino En junio del presente a\u00f1o se decidir\u00e1 el futuro de DACA, por lo que a\u00fan hay muchas dudas de c\u00f3mo funciona, cu\u00e1ndo y c\u00f3mo solicitar DACA. Para aclarar estas dudas, Fundaci\u00f3n Carlos Slim cre\u00f3 el sitio web accesolatino.org donde encontrar\u00e1s la herramienta \u201cPreguntas frecuentes sobre DACA\u201d para resolver cualquier pregunta sobre el programa de Acci\u00f3n Diferida para los Llegados en la Infancia. Esta tarjeta se encuentra en la secci\u00f3n \u201cOrientaci\u00f3n legal\u201d, la cu\u00e1l te brindar\u00e1 la ayuda necesaria para dar respuesta a todas tus preguntas. En la tarjeta \u201cPreguntas frecuentes sobre DACA\u201d, hay asesor\u00eda sobre lo m\u00e1s reciente de DACA. Encontrar\u00e1s respuesta a los siguientes cuestionamientos \u00bfCu\u00e1ndo puedo presentar mi solicitud de renovaci\u00f3n de DACA? \u00bfCu\u00e1nto tiempo se est\u00e1n tardando las aprobaciones de solicitudes para DACA? \u00bfPuedo viajar al extranjero bajo el permiso de viaje con mi DACA? \u00bfQu\u00e9 debo hacer si tengo un encuentro con oficiales de Inmigraci\u00f3n? Al igual que los \u201cdreamers\u201d, cualquier persona podr\u00e1 encontrar ayuda en material legal en nuestras herramientas. Acceso Latino tu primera ventana de consulta migratoria.<\/p>","protected":false},"author":8,"featured_media":20647,"parent":0,"menu_order":0,"comment_status":"closed","ping_status":"closed","template":"elementor_header_footer","meta":{"_uf_show_specific_survey":0,"_uf_disable_surveys":false,"footnotes":""},"class_list":["post-20646","page","type-page","status-publish","has-post-thumbnail"],"aioseo_notices":[],"yoast_head":"<!-- This site is optimized with the Yoast SEO plugin v27.4 - https:\/\/yoast.com\/product\/yoast-seo-wordpress\/ -->\n<title>Resuelve tus dudas de DACA con nuestra herramienta de preguntas frecuentes<\/title>\n<meta name=\"description\" content=\"\u00bfConoces al Grupo Beta? Depende del Instituto Nacional de Migraci\u00f3n y te apoya en tu camino En junio del presente a\u00f1o se decidir\u00e1...\" \/>\n<meta name=\"robots\" content=\"index, follow, max-snippet:-1, max-image-preview:large, max-video-preview:-1\" \/>\n<link rel=\"canonical\" href=\"https:\/\/accesolatino.org\/en\/resuelve-tus-dudas-de-daca-con-nuestra-herramienta-de-preguntas-frecuentes\/\" \/>\n<meta property=\"og:locale\" content=\"en_US\" \/>\n<meta property=\"og:type\" content=\"article\" \/>\n<meta property=\"og:title\" content=\"Acceso Latino | Resuelve tus dudas de DACA con nuestra herramienta de preguntas frecuentes\" \/>\n<meta property=\"og:description\" content=\"Conoce las Instituciones que te pueden ser de ayuda en otros pa\u00edses.\" \/>\n<meta property=\"og:url\" content=\"https:\/\/accesolatino.org\/en\/resuelve-tus-dudas-de-daca-con-nuestra-herramienta-de-preguntas-frecuentes\/\" \/>\n<meta property=\"og:site_name\" content=\"Acceso Latino\" \/>\n<meta property=\"article:publisher\" content=\"https:\/\/www.facebook.com\/AccesoLatinoOrg\" \/>\n<meta property=\"article:modified_time\" content=\"2025-10-17T23:28:21+00:00\" \/>\n<meta property=\"og:image\" content=\"https:\/\/accesolatino.org\/wp-content\/uploads\/2020\/03\/Resuelve-tus-dudas-de-DACA-con-nuestra-herramienta-de-preguntas-frecuentes.png\" \/>\n\t<meta property=\"og:image:width\" content=\"600\" \/>\n\t<meta property=\"og:image:height\" content=\"338\" \/>\n\t<meta property=\"og:image:type\" content=\"image\/png\" \/>\n<meta name=\"twitter:card\" content=\"summary_large_image\" \/>\n<meta name=\"twitter:title\" content=\"Acceso Latino | Resuelve tus dudas de DACA con nuestra herramienta de preguntas frecuentes\" \/>\n<meta name=\"twitter:description\" content=\"Conoce las Instituciones que te pueden ser de ayuda en otros pa\u00edses.\" \/>\n<meta name=\"twitter:image\" content=\"https:\/\/accesolatino.org\/wp-content\/uploads\/2020\/03\/Resuelve-tus-dudas-de-DACA-con-nuestra-herramienta-de-preguntas-frecuentes.png\" \/>\n<meta name=\"twitter:site\" content=\"@FAccLatino\" \/>\n<meta name=\"twitter:label1\" content=\"Est. reading time\" \/>\n\t<meta name=\"twitter:data1\" content=\"2 minutes\" \/>\n<script type=\"application\/ld+json\" class=\"yoast-schema-graph\">{\"@context\":\"https:\\\/\\\/schema.org\",\"@graph\":[{\"@type\":\"WebPage\",\"@id\":\"https:\\\/\\\/accesolatino.org\\\/en\\\/resuelve-tus-dudas-de-daca-con-nuestra-herramienta-de-preguntas-frecuentes\\\/\",\"url\":\"https:\\\/\\\/accesolatino.org\\\/en\\\/resuelve-tus-dudas-de-daca-con-nuestra-herramienta-de-preguntas-frecuentes\\\/\",\"name\":\"Resuelve tus dudas de DACA con nuestra herramienta de preguntas frecuentes\",\"isPartOf\":{\"@id\":\"https:\\\/\\\/accesolatino.org\\\/#website\"},\"primaryImageOfPage\":{\"@id\":\"https:\\\/\\\/accesolatino.org\\\/en\\\/resuelve-tus-dudas-de-daca-con-nuestra-herramienta-de-preguntas-frecuentes\\\/#primaryimage\"},\"image\":{\"@id\":\"https:\\\/\\\/accesolatino.org\\\/en\\\/resuelve-tus-dudas-de-daca-con-nuestra-herramienta-de-preguntas-frecuentes\\\/#primaryimage\"},\"thumbnailUrl\":\"https:\\\/\\\/accesolatino.org\\\/wp-content\\\/uploads\\\/2020\\\/03\\\/Resuelve-tus-dudas-de-DACA-con-nuestra-herramienta-de-preguntas-frecuentes-1.png\",\"datePublished\":\"2020-03-27T20:31:02+00:00\",\"dateModified\":\"2025-10-17T23:28:21+00:00\",\"description\":\"\u00bfConoces al Grupo Beta? Depende del Instituto Nacional de Migraci\u00f3n y te apoya en tu camino En junio del presente a\u00f1o se decidir\u00e1...\",\"breadcrumb\":{\"@id\":\"https:\\\/\\\/accesolatino.org\\\/en\\\/resuelve-tus-dudas-de-daca-con-nuestra-herramienta-de-preguntas-frecuentes\\\/#breadcrumb\"},\"inLanguage\":\"en-US\",\"potentialAction\":[{\"@type\":\"ReadAction\",\"target\":[\"https:\\\/\\\/accesolatino.org\\\/en\\\/resuelve-tus-dudas-de-daca-con-nuestra-herramienta-de-preguntas-frecuentes\\\/\"]}]},{\"@type\":\"ImageObject\",\"inLanguage\":\"en-US\",\"@id\":\"https:\\\/\\\/accesolatino.org\\\/en\\\/resuelve-tus-dudas-de-daca-con-nuestra-herramienta-de-preguntas-frecuentes\\\/#primaryimage\",\"url\":\"https:\\\/\\\/accesolatino.org\\\/wp-content\\\/uploads\\\/2020\\\/03\\\/Resuelve-tus-dudas-de-DACA-con-nuestra-herramienta-de-preguntas-frecuentes-1.png\",\"contentUrl\":\"https:\\\/\\\/accesolatino.org\\\/wp-content\\\/uploads\\\/2020\\\/03\\\/Resuelve-tus-dudas-de-DACA-con-nuestra-herramienta-de-preguntas-frecuentes-1.png\",\"width\":600,\"height\":338,\"caption\":\"daca\"},{\"@type\":\"BreadcrumbList\",\"@id\":\"https:\\\/\\\/accesolatino.org\\\/en\\\/resuelve-tus-dudas-de-daca-con-nuestra-herramienta-de-preguntas-frecuentes\\\/#breadcrumb\",\"itemListElement\":[{\"@type\":\"ListItem\",\"position\":1,\"name\":\"Portada\",\"item\":\"https:\\\/\\\/accesolatino.org\\\/\"},{\"@type\":\"ListItem\",\"position\":2,\"name\":\"Resuelve tus dudas de DACA con nuestra herramienta de preguntas frecuentes\"}]},{\"@type\":\"WebSite\",\"@id\":\"https:\\\/\\\/accesolatino.org\\\/#website\",\"url\":\"https:\\\/\\\/accesolatino.org\\\/\",\"name\":\"Acceso Latino | Fundaci\u00f3n Carlos Slim\",\"description\":\"Fundaci\u00f3n Carlos Slim\",\"publisher\":{\"@id\":\"https:\\\/\\\/accesolatino.org\\\/#organization\"},\"potentialAction\":[{\"@type\":\"SearchAction\",\"target\":{\"@type\":\"EntryPoint\",\"urlTemplate\":\"https:\\\/\\\/accesolatino.org\\\/?s={search_term_string}\"},\"query-input\":{\"@type\":\"PropertyValueSpecification\",\"valueRequired\":true,\"valueName\":\"search_term_string\"}}],\"inLanguage\":\"en-US\"},{\"@type\":\"Organization\",\"@id\":\"https:\\\/\\\/accesolatino.org\\\/#organization\",\"name\":\"Acceso Latino | Fundaci\u00f3n Carlos Slim\",\"url\":\"https:\\\/\\\/accesolatino.org\\\/\",\"logo\":{\"@type\":\"ImageObject\",\"inLanguage\":\"en-US\",\"@id\":\"https:\\\/\\\/accesolatino.org\\\/#\\\/schema\\\/logo\\\/image\\\/\",\"url\":\"https:\\\/\\\/accesolatino.org\\\/wp-content\\\/uploads\\\/2021\\\/02\\\/logo-footer-acceso-latino.png\",\"contentUrl\":\"https:\\\/\\\/accesolatino.org\\\/wp-content\\\/uploads\\\/2021\\\/02\\\/logo-footer-acceso-latino.png\",\"width\":240,\"height\":40,\"caption\":\"Acceso Latino | Fundaci\u00f3n Carlos Slim\"},\"image\":{\"@id\":\"https:\\\/\\\/accesolatino.org\\\/#\\\/schema\\\/logo\\\/image\\\/\"},\"sameAs\":[\"https:\\\/\\\/www.facebook.com\\\/AccesoLatinoOrg\",\"https:\\\/\\\/x.com\\\/FAccLatino\"]}]}<\/script>\n<!-- \/ Yoast SEO plugin. -->","yoast_head_json":{"title":"Resuelve tus dudas de DACA con nuestra herramienta de preguntas frecuentes","description":"\u00bfConoces al Grupo Beta? Depende del Instituto Nacional de Migraci\u00f3n y te apoya en tu camino En junio del presente a\u00f1o se decidir\u00e1...","robots":{"index":"index","follow":"follow","max-snippet":"max-snippet:-1","max-image-preview":"max-image-preview:large","max-video-preview":"max-video-preview:-1"},"canonical":"https:\/\/accesolatino.org\/en\/resuelve-tus-dudas-de-daca-con-nuestra-herramienta-de-preguntas-frecuentes\/","og_locale":"en_US","og_type":"article","og_title":"Acceso Latino | Resuelve tus dudas de DACA con nuestra herramienta de preguntas frecuentes","og_description":"Conoce las Instituciones que te pueden ser de ayuda en otros pa\u00edses.","og_url":"https:\/\/accesolatino.org\/en\/resuelve-tus-dudas-de-daca-con-nuestra-herramienta-de-preguntas-frecuentes\/","og_site_name":"Acceso Latino","article_publisher":"https:\/\/www.facebook.com\/AccesoLatinoOrg","article_modified_time":"2025-10-17T23:28:21+00:00","og_image":[{"width":600,"height":338,"url":"https:\/\/accesolatino.org\/wp-content\/uploads\/2020\/03\/Resuelve-tus-dudas-de-DACA-con-nuestra-herramienta-de-preguntas-frecuentes.png","type":"image\/png"}],"twitter_card":"summary_large_image","twitter_title":"Acceso Latino | Resuelve tus dudas de DACA con nuestra herramienta de preguntas frecuentes","twitter_description":"Conoce las Instituciones que te pueden ser de ayuda en otros pa\u00edses.","twitter_image":"https:\/\/accesolatino.org\/wp-content\/uploads\/2020\/03\/Resuelve-tus-dudas-de-DACA-con-nuestra-herramienta-de-preguntas-frecuentes.png","twitter_site":"@FAccLatino","twitter_misc":{"Est. reading time":"2 minutes"},"schema":{"@context":"https:\/\/schema.org","@graph":[{"@type":"WebPage","@id":"https:\/\/accesolatino.org\/en\/resuelve-tus-dudas-de-daca-con-nuestra-herramienta-de-preguntas-frecuentes\/","url":"https:\/\/accesolatino.org\/en\/resuelve-tus-dudas-de-daca-con-nuestra-herramienta-de-preguntas-frecuentes\/","name":"Resuelve tus dudas de DACA con nuestra herramienta de preguntas frecuentes","isPartOf":{"@id":"https:\/\/accesolatino.org\/#website"},"primaryImageOfPage":{"@id":"https:\/\/accesolatino.org\/en\/resuelve-tus-dudas-de-daca-con-nuestra-herramienta-de-preguntas-frecuentes\/#primaryimage"},"image":{"@id":"https:\/\/accesolatino.org\/en\/resuelve-tus-dudas-de-daca-con-nuestra-herramienta-de-preguntas-frecuentes\/#primaryimage"},"thumbnailUrl":"https:\/\/accesolatino.org\/wp-content\/uploads\/2020\/03\/Resuelve-tus-dudas-de-DACA-con-nuestra-herramienta-de-preguntas-frecuentes-1.png","datePublished":"2020-03-27T20:31:02+00:00","dateModified":"2025-10-17T23:28:21+00:00","description":"\u00bfConoces al Grupo Beta? Depende del Instituto Nacional de Migraci\u00f3n y te apoya en tu camino En junio del presente a\u00f1o se decidir\u00e1...","breadcrumb":{"@id":"https:\/\/accesolatino.org\/en\/resuelve-tus-dudas-de-daca-con-nuestra-herramienta-de-preguntas-frecuentes\/#breadcrumb"},"inLanguage":"en-US","potentialAction":[{"@type":"ReadAction","target":["https:\/\/accesolatino.org\/en\/resuelve-tus-dudas-de-daca-con-nuestra-herramienta-de-preguntas-frecuentes\/"]}]},{"@type":"ImageObject","inLanguage":"en-US","@id":"https:\/\/accesolatino.org\/en\/resuelve-tus-dudas-de-daca-con-nuestra-herramienta-de-preguntas-frecuentes\/#primaryimage","url":"https:\/\/accesolatino.org\/wp-content\/uploads\/2020\/03\/Resuelve-tus-dudas-de-DACA-con-nuestra-herramienta-de-preguntas-frecuentes-1.png","contentUrl":"https:\/\/accesolatino.org\/wp-content\/uploads\/2020\/03\/Resuelve-tus-dudas-de-DACA-con-nuestra-herramienta-de-preguntas-frecuentes-1.png","width":600,"height":338,"caption":"daca"},{"@type":"BreadcrumbList","@id":"https:\/\/accesolatino.org\/en\/resuelve-tus-dudas-de-daca-con-nuestra-herramienta-de-preguntas-frecuentes\/#breadcrumb","itemListElement":[{"@type":"ListItem","position":1,"name":"Portada","item":"https:\/\/accesolatino.org\/"},{"@type":"ListItem","position":2,"name":"Resuelve tus dudas de DACA con nuestra herramienta de preguntas frecuentes"}]},{"@type":"WebSite","@id":"https:\/\/accesolatino.org\/#website","url":"https:\/\/accesolatino.org\/","name":"Acceso Latino | Fundaci\u00f3n Carlos Slim","description":"Fundaci\u00f3n Carlos Slim","publisher":{"@id":"https:\/\/accesolatino.org\/#organization"},"potentialAction":[{"@type":"SearchAction","target":{"@type":"EntryPoint","urlTemplate":"https:\/\/accesolatino.org\/?s={search_term_string}"},"query-input":{"@type":"PropertyValueSpecification","valueRequired":true,"valueName":"search_term_string"}}],"inLanguage":"en-US"},{"@type":"Organization","@id":"https:\/\/accesolatino.org\/#organization","name":"Acceso Latino | Fundaci\u00f3n Carlos Slim","url":"https:\/\/accesolatino.org\/","logo":{"@type":"ImageObject","inLanguage":"en-US","@id":"https:\/\/accesolatino.org\/#\/schema\/logo\/image\/","url":"https:\/\/accesolatino.org\/wp-content\/uploads\/2021\/02\/logo-footer-acceso-latino.png","contentUrl":"https:\/\/accesolatino.org\/wp-content\/uploads\/2021\/02\/logo-footer-acceso-latino.png","width":240,"height":40,"caption":"Acceso Latino | Fundaci\u00f3n Carlos Slim"},"image":{"@id":"https:\/\/accesolatino.org\/#\/schema\/logo\/image\/"},"sameAs":["https:\/\/www.facebook.com\/AccesoLatinoOrg","https:\/\/x.com\/FAccLatino"]}]}},"_links":{"self":[{"href":"https:\/\/accesolatino.org\/en\/wp-json\/wp\/v2\/pages\/20646","targetHints":{"allow":["GET"]}}],"collection":[{"href":"https:\/\/accesolatino.org\/en\/wp-json\/wp\/v2\/pages"}],"about":[{"href":"https:\/\/accesolatino.org\/en\/wp-json\/wp\/v2\/types\/page"}],"author":[{"embeddable":true,"href":"https:\/\/accesolatino.org\/en\/wp-json\/wp\/v2\/users\/8"}],"replies":[{"embeddable":true,"href":"https:\/\/accesolatino.org\/en\/wp-json\/wp\/v2\/comments?post=20646"}],"version-history":[{"count":1,"href":"https:\/\/accesolatino.org\/en\/wp-json\/wp\/v2\/pages\/20646\/revisions"}],"predecessor-version":[{"id":64255,"href":"https:\/\/accesolatino.org\/en\/wp-json\/wp\/v2\/pages\/20646\/revisions\/64255"}],"wp:featuredmedia":[{"embeddable":true,"href":"https:\/\/accesolatino.org\/en\/wp-json\/wp\/v2\/media\/20647"}],"wp:attachment":[{"href":"https:\/\/accesolatino.org\/en\/wp-json\/wp\/v2\/media?parent=20646"}],"curies":[{"name":"wp","href":"https:\/\/api.w.org\/{rel}","templated":true}]}}