{"id":20555,"date":"2020-03-18T11:20:40","date_gmt":"2020-03-18T17:20:40","guid":{"rendered":"https:\/\/accesolatino.org\/?page_id=20555"},"modified":"2025-10-16T19:25:02","modified_gmt":"2025-10-17T01:25:02","slug":"cursos-en-linea-gratis-la-mejor-forma-de-aprender","status":"publish","type":"page","link":"https:\/\/accesolatino.org\/en\/cursos-en-linea-gratis-la-mejor-forma-de-aprender\/","title":{"rendered":"Cursos en l\u00ednea gratis, la mejor forma de aprender"},"content":{"rendered":"<div data-elementor-type=\"wp-post\" data-elementor-id=\"20555\" class=\"elementor elementor-20555\">\n\t\t\t\t\t\t<section class=\"elementor-section elementor-top-section elementor-element elementor-element-a7e0153 elementor-section-full_width elementor-section-height-min-height elementor-section-items-stretch elementor-section-height-default wpr-particle-no wpr-jarallax-no wpr-parallax-no wpr-sticky-section-no wpr-equal-height-no\" data-id=\"a7e0153\" data-element_type=\"section\" data-e-type=\"section\" data-settings=\"{&quot;background_background&quot;:&quot;classic&quot;}\">\n\t\t\t\t\t\t<div class=\"elementor-container elementor-column-gap-no\">\n\t\t\t\t\t<div class=\"elementor-column elementor-col-100 elementor-top-column elementor-element elementor-element-19d7393\" data-id=\"19d7393\" data-element_type=\"column\" data-e-type=\"column\">\n\t\t\t<div class=\"elementor-widget-wrap elementor-element-populated\">\n\t\t\t\t\t\t<div class=\"elementor-element elementor-element-eb6408a elementor--h-position-center elementor--v-position-middle elementor-widget elementor-widget-slides\" data-id=\"eb6408a\" data-element_type=\"widget\" data-e-type=\"widget\" data-settings=\"{&quot;navigation&quot;:&quot;none&quot;,&quot;infinite&quot;:&quot;yes&quot;,&quot;transition&quot;:&quot;slide&quot;,&quot;transition_speed&quot;:500}\" data-widget_type=\"slides.default\">\n\t\t\t\t<div class=\"elementor-widget-container\">\n\t\t\t\t\t\t\t<div class=\"elementor-swiper\">\n\t\t\t<div class=\"elementor-slides-wrapper elementor-main-swiper swiper-container\" dir=\"ltr\" data-animation=\"\">\n\t\t\t\t<div class=\"swiper-wrapper elementor-slides\">\n\t\t\t\t\t\t\t\t\t\t<div class=\"elementor-repeater-item-d983a28 swiper-slide\"><div class=\"swiper-slide-bg\"><\/div><div class=\"swiper-slide-inner\" ><div class=\"swiper-slide-contents\"><div class=\"elementor-slide-heading\">Education<\/div><\/div><\/div><\/div>\t\t\t\t<\/div>\n\t\t\t\t\t\t\t<\/div>\n\t\t<\/div>\n\t\t\t\t\t\t<\/div>\n\t\t\t\t<\/div>\n\t\t\t\t\t<\/div>\n\t\t<\/div>\n\t\t\t\t\t<\/div>\n\t\t<\/section>\n\t\t\t\t<section class=\"elementor-section elementor-top-section elementor-element elementor-element-98d8d07 elementor-section-stretched elementor-section-boxed elementor-section-height-default elementor-section-height-default wpr-particle-no wpr-jarallax-no wpr-parallax-no wpr-sticky-section-no wpr-equal-height-no\" data-id=\"98d8d07\" data-element_type=\"section\" data-e-type=\"section\" data-settings=\"{&quot;stretch_section&quot;:&quot;section-stretched&quot;,&quot;background_background&quot;:&quot;classic&quot;}\">\n\t\t\t\t\t\t<div class=\"elementor-container elementor-column-gap-default\">\n\t\t\t\t\t<div class=\"elementor-column elementor-col-100 elementor-top-column elementor-element elementor-element-04afe44\" data-id=\"04afe44\" data-element_type=\"column\" data-e-type=\"column\">\n\t\t\t<div class=\"elementor-widget-wrap elementor-element-populated\">\n\t\t\t\t\t\t<div class=\"elementor-element elementor-element-d9a46a8 elementor-widget elementor-widget-heading\" data-id=\"d9a46a8\" data-element_type=\"widget\" data-e-type=\"widget\" data-widget_type=\"heading.default\">\n\t\t\t\t<div class=\"elementor-widget-container\">\n\t\t\t\t\t<h3 class=\"elementor-heading-title elementor-size-default\">Cursos en l\u00ednea gratis, la mejor forma de aprender<\/h3>\t\t\t\t<\/div>\n\t\t\t\t<\/div>\n\t\t\t\t<div class=\"elementor-element elementor-element-9ecbd48 elementor-widget elementor-widget-text-editor\" data-id=\"9ecbd48\" data-element_type=\"widget\" data-e-type=\"widget\" data-widget_type=\"text-editor.default\">\n\t\t\t\t<div class=\"elementor-widget-container\">\n\t\t\t\t\t\t\t\t\t<p>In the section <a href=\"https:\/\/accesolatino.org\/en\/educacion\/\"><strong>\u201cEducaci\u00f3n\u201d<\/strong><\/a> se encuentra la tarjeta <a href=\"https:\/\/accesolatino.org\/en\/educacion\/cursos-en-linea\/\"><strong>\u201cCursos gratis en l\u00ednea\u201d<\/strong><\/a> donde encontrar\u00e1s varias opciones para aprender diferentes cosas, tales como:<\/p><p><a href=\"https:\/\/es.khanacademy.org\/\" target=\"_blank\" rel=\"noopener\">Kahn Academy<\/a>.- Aqu\u00ed lograr\u00e1s aprender diferentes materias de forma sencilla y en espa\u00f1ol.<\/p><p><a href=\"https:\/\/es.khanacademy.org\/\" target=\"_blank\" rel=\"noopener\">Coursera<\/a>.- Imparte cursos de las mejores universidades del mundo.<\/p><p><a href=\"https:\/\/accesolatino.org\/en\/educacion\/aprende-ingles\/\" target=\"_blank\" rel=\"noopener\">Ingl\u00e9s gratis<\/a>.- Cursos online gratuitos y did\u00e1cticos.<\/p><p><a href=\"https:\/\/aprende.org\/pages.php?r=.index\" target=\"_blank\" rel=\"noopener\">App-prende<\/a>.- Certificados y diplomados que te ayudar\u00e1n a mejorar tu calidad de vida.<\/p><p><a href=\"http:\/\/www.everyoneon.org\/computer-internet-basics\/\" target=\"_blank\" rel=\"noopener\">Everyoneon<\/a>.- Brinda clases de computaci\u00f3n, as\u00ed como equipo de c\u00f3mputo y conexi\u00f3n a internet a bajo costo.<\/p><p><a href=\"http:\/\/www.everyoneon.org\/computer-internet-basics\/\" target=\"_blank\" rel=\"noopener\">Pru\u00e9baT<\/a>.- Es una plataforma que te ayudar\u00e1 a adquirir m\u00e1s conocimientos y habilidades para mejorar tu vida.<\/p><p>\u00a1No lo pienses m\u00e1s y entra! Cada una de estos talleres, cursos, clases, fueron creados para ayudarte a mejorar y que puedas seguir avanzando con tu vida, ya sea en Estados Unidos o en M\u00e9xico.<\/p><p><strong>Acceso Latino<\/strong>, tu portal de ayuda migratoria.<\/p>\t\t\t\t\t\t\t\t<\/div>\n\t\t\t\t<\/div>\n\t\t\t\t<div class=\"elementor-element elementor-element-725ea46 elementor-widget elementor-widget-spacer\" data-id=\"725ea46\" data-element_type=\"widget\" data-e-type=\"widget\" data-widget_type=\"spacer.default\">\n\t\t\t\t<div class=\"elementor-widget-container\">\n\t\t\t\t\t\t\t<div class=\"elementor-spacer\">\n\t\t\t<div class=\"elementor-spacer-inner\"><\/div>\n\t\t<\/div>\n\t\t\t\t\t\t<\/div>\n\t\t\t\t<\/div>\n\t\t\t\t\t<\/div>\n\t\t<\/div>\n\t\t\t\t\t<\/div>\n\t\t<\/section>\n\t\t\t\t<\/div>","protected":false},"excerpt":{"rendered":"<p>Educaci\u00f3n Cursos en l\u00ednea gratis, la mejor forma de aprender En la secci\u00f3n \u201cEducaci\u00f3n\u201d se encuentra la tarjeta \u201cCursos gratis en l\u00ednea\u201d donde encontrar\u00e1s varias opciones para aprender diferentes cosas, tales como: Kahn Academy.- Aqu\u00ed lograr\u00e1s aprender diferentes materias de forma sencilla y en espa\u00f1ol. Coursera.- Imparte cursos de las mejores universidades del mundo. Ingl\u00e9s gratis.- Cursos online gratuitos y did\u00e1cticos. App-prende.- Certificados y diplomados que te ayudar\u00e1n a mejorar tu calidad de vida. Everyoneon.- Brinda clases de computaci\u00f3n, as\u00ed como equipo de c\u00f3mputo y conexi\u00f3n a internet a bajo costo. Pru\u00e9baT.- Es una plataforma que te ayudar\u00e1 a adquirir m\u00e1s conocimientos y habilidades para mejorar tu vida. \u00a1No lo pienses m\u00e1s y entra! Cada una de estos talleres, cursos, clases, fueron creados para ayudarte a mejorar y que puedas seguir avanzando con tu vida, ya sea en Estados Unidos o en M\u00e9xico. Acceso Latino, tu portal de ayuda migratoria.<\/p>","protected":false},"author":7,"featured_media":20557,"parent":0,"menu_order":0,"comment_status":"closed","ping_status":"closed","template":"elementor_header_footer","meta":{"_uf_show_specific_survey":0,"_uf_disable_surveys":false,"footnotes":""},"class_list":["post-20555","page","type-page","status-publish","has-post-thumbnail"],"aioseo_notices":[],"yoast_head":"<!-- This site is optimized with the Yoast SEO plugin v27.5 - https:\/\/yoast.com\/product\/yoast-seo-wordpress\/ -->\n<title>Cursos en l\u00ednea gratis, la mejor forma de aprender<\/title>\n<meta name=\"description\" content=\"Cursos\u00a0en l\u00ednea\u00a0gratis, la mejor forma de aprender En la secci\u00f3n \u201cEducaci\u00f3n\u201d se encuentra la tarjeta \u201cCursos\u00a0gratis\u00a0en l\u00ednea\u201d...\" \/>\n<meta name=\"robots\" content=\"index, follow, max-snippet:-1, max-image-preview:large, max-video-preview:-1\" \/>\n<link rel=\"canonical\" href=\"https:\/\/accesolatino.org\/en\/cursos-en-linea-gratis-la-mejor-forma-de-aprender\/\" \/>\n<meta property=\"og:locale\" content=\"en_US\" \/>\n<meta property=\"og:type\" content=\"article\" \/>\n<meta property=\"og:title\" content=\"Acceso Latino | Cursos en l\u00ednea gratis, la mejor forma de aprender\" \/>\n<meta property=\"og:description\" content=\"Cursos en l\u00ednea gratis, la mejor forma de aprender\" \/>\n<meta property=\"og:url\" content=\"https:\/\/accesolatino.org\/en\/cursos-en-linea-gratis-la-mejor-forma-de-aprender\/\" \/>\n<meta property=\"og:site_name\" content=\"Acceso Latino\" \/>\n<meta property=\"article:publisher\" content=\"https:\/\/www.facebook.com\/AccesoLatinoOrg\" \/>\n<meta property=\"article:modified_time\" content=\"2025-10-17T01:25:02+00:00\" \/>\n<meta property=\"og:image\" content=\"https:\/\/accesolatino.org\/wp-content\/uploads\/2020\/03\/Cursos-en-l\u00ednea-gratis-la-mejor-forma-de-aprender.png\" \/>\n\t<meta property=\"og:image:width\" content=\"600\" \/>\n\t<meta property=\"og:image:height\" content=\"338\" \/>\n\t<meta property=\"og:image:type\" content=\"image\/png\" \/>\n<meta name=\"twitter:card\" content=\"summary_large_image\" \/>\n<meta name=\"twitter:title\" content=\"Acceso Latino | Cursos en l\u00ednea gratis, la mejor forma de aprender\" \/>\n<meta name=\"twitter:description\" content=\"Cursos en l\u00ednea gratis, la mejor forma de aprender\" \/>\n<meta name=\"twitter:image\" content=\"https:\/\/accesolatino.org\/wp-content\/uploads\/2020\/03\/Cursos-en-l\u00ednea-gratis-la-mejor-forma-de-aprender.png\" \/>\n<meta name=\"twitter:site\" content=\"@FAccLatino\" \/>\n<meta name=\"twitter:label1\" content=\"Est. reading time\" \/>\n\t<meta name=\"twitter:data1\" content=\"1 minute\" \/>\n<script type=\"application\/ld+json\" class=\"yoast-schema-graph\">{\"@context\":\"https:\\\/\\\/schema.org\",\"@graph\":[{\"@type\":\"WebPage\",\"@id\":\"https:\\\/\\\/accesolatino.org\\\/cursos-en-linea-gratis-la-mejor-forma-de-aprender\\\/\",\"url\":\"https:\\\/\\\/accesolatino.org\\\/cursos-en-linea-gratis-la-mejor-forma-de-aprender\\\/\",\"name\":\"Cursos en l\u00ednea gratis, la mejor forma de aprender\",\"isPartOf\":{\"@id\":\"https:\\\/\\\/accesolatino.org\\\/#website\"},\"primaryImageOfPage\":{\"@id\":\"https:\\\/\\\/accesolatino.org\\\/cursos-en-linea-gratis-la-mejor-forma-de-aprender\\\/#primaryimage\"},\"image\":{\"@id\":\"https:\\\/\\\/accesolatino.org\\\/cursos-en-linea-gratis-la-mejor-forma-de-aprender\\\/#primaryimage\"},\"thumbnailUrl\":\"https:\\\/\\\/accesolatino.org\\\/wp-content\\\/uploads\\\/2020\\\/03\\\/Cursos-en-l\u00ednea-gratis-la-mejor-forma-de-aprender.png\",\"datePublished\":\"2020-03-18T17:20:40+00:00\",\"dateModified\":\"2025-10-17T01:25:02+00:00\",\"description\":\"Cursos\u00a0en l\u00ednea\u00a0gratis, la mejor forma de aprender En la secci\u00f3n \u201cEducaci\u00f3n\u201d se encuentra la tarjeta \u201cCursos\u00a0gratis\u00a0en l\u00ednea\u201d...\",\"breadcrumb\":{\"@id\":\"https:\\\/\\\/accesolatino.org\\\/cursos-en-linea-gratis-la-mejor-forma-de-aprender\\\/#breadcrumb\"},\"inLanguage\":\"en-US\",\"potentialAction\":[{\"@type\":\"ReadAction\",\"target\":[\"https:\\\/\\\/accesolatino.org\\\/cursos-en-linea-gratis-la-mejor-forma-de-aprender\\\/\"]}]},{\"@type\":\"ImageObject\",\"inLanguage\":\"en-US\",\"@id\":\"https:\\\/\\\/accesolatino.org\\\/cursos-en-linea-gratis-la-mejor-forma-de-aprender\\\/#primaryimage\",\"url\":\"https:\\\/\\\/accesolatino.org\\\/wp-content\\\/uploads\\\/2020\\\/03\\\/Cursos-en-l\u00ednea-gratis-la-mejor-forma-de-aprender.png\",\"contentUrl\":\"https:\\\/\\\/accesolatino.org\\\/wp-content\\\/uploads\\\/2020\\\/03\\\/Cursos-en-l\u00ednea-gratis-la-mejor-forma-de-aprender.png\",\"width\":600,\"height\":338,\"caption\":\"cursos gratis\"},{\"@type\":\"BreadcrumbList\",\"@id\":\"https:\\\/\\\/accesolatino.org\\\/cursos-en-linea-gratis-la-mejor-forma-de-aprender\\\/#breadcrumb\",\"itemListElement\":[{\"@type\":\"ListItem\",\"position\":1,\"name\":\"Portada\",\"item\":\"https:\\\/\\\/accesolatino.org\\\/\"},{\"@type\":\"ListItem\",\"position\":2,\"name\":\"Cursos en l\u00ednea gratis, la mejor forma de aprender\"}]},{\"@type\":\"WebSite\",\"@id\":\"https:\\\/\\\/accesolatino.org\\\/#website\",\"url\":\"https:\\\/\\\/accesolatino.org\\\/\",\"name\":\"Acceso Latino | Fundaci\u00f3n Carlos Slim\",\"description\":\"Fundaci\u00f3n Carlos Slim\",\"publisher\":{\"@id\":\"https:\\\/\\\/accesolatino.org\\\/#organization\"},\"potentialAction\":[{\"@type\":\"SearchAction\",\"target\":{\"@type\":\"EntryPoint\",\"urlTemplate\":\"https:\\\/\\\/accesolatino.org\\\/?s={search_term_string}\"},\"query-input\":{\"@type\":\"PropertyValueSpecification\",\"valueRequired\":true,\"valueName\":\"search_term_string\"}}],\"inLanguage\":\"en-US\"},{\"@type\":\"Organization\",\"@id\":\"https:\\\/\\\/accesolatino.org\\\/#organization\",\"name\":\"Acceso Latino | Fundaci\u00f3n Carlos Slim\",\"url\":\"https:\\\/\\\/accesolatino.org\\\/\",\"logo\":{\"@type\":\"ImageObject\",\"inLanguage\":\"en-US\",\"@id\":\"https:\\\/\\\/accesolatino.org\\\/#\\\/schema\\\/logo\\\/image\\\/\",\"url\":\"https:\\\/\\\/accesolatino.org\\\/wp-content\\\/uploads\\\/2021\\\/02\\\/logo-footer-acceso-latino.png\",\"contentUrl\":\"https:\\\/\\\/accesolatino.org\\\/wp-content\\\/uploads\\\/2021\\\/02\\\/logo-footer-acceso-latino.png\",\"width\":240,\"height\":40,\"caption\":\"Acceso Latino | Fundaci\u00f3n Carlos Slim\"},\"image\":{\"@id\":\"https:\\\/\\\/accesolatino.org\\\/#\\\/schema\\\/logo\\\/image\\\/\"},\"sameAs\":[\"https:\\\/\\\/www.facebook.com\\\/AccesoLatinoOrg\",\"https:\\\/\\\/x.com\\\/FAccLatino\"]}]}<\/script>\n<!-- \/ Yoast SEO plugin. -->","yoast_head_json":{"title":"Cursos en l\u00ednea gratis, la mejor forma de aprender","description":"Cursos\u00a0en l\u00ednea\u00a0gratis, la mejor forma de aprender En la secci\u00f3n \u201cEducaci\u00f3n\u201d se encuentra la tarjeta \u201cCursos\u00a0gratis\u00a0en l\u00ednea\u201d...","robots":{"index":"index","follow":"follow","max-snippet":"max-snippet:-1","max-image-preview":"max-image-preview:large","max-video-preview":"max-video-preview:-1"},"canonical":"https:\/\/accesolatino.org\/en\/cursos-en-linea-gratis-la-mejor-forma-de-aprender\/","og_locale":"en_US","og_type":"article","og_title":"Acceso Latino | Cursos en l\u00ednea gratis, la mejor forma de aprender","og_description":"Cursos en l\u00ednea gratis, la mejor forma de aprender","og_url":"https:\/\/accesolatino.org\/en\/cursos-en-linea-gratis-la-mejor-forma-de-aprender\/","og_site_name":"Acceso Latino","article_publisher":"https:\/\/www.facebook.com\/AccesoLatinoOrg","article_modified_time":"2025-10-17T01:25:02+00:00","og_image":[{"width":600,"height":338,"url":"https:\/\/accesolatino.org\/wp-content\/uploads\/2020\/03\/Cursos-en-l\u00ednea-gratis-la-mejor-forma-de-aprender.png","type":"image\/png"}],"twitter_card":"summary_large_image","twitter_title":"Acceso Latino | Cursos en l\u00ednea gratis, la mejor forma de aprender","twitter_description":"Cursos en l\u00ednea gratis, la mejor forma de aprender","twitter_image":"https:\/\/accesolatino.org\/wp-content\/uploads\/2020\/03\/Cursos-en-l\u00ednea-gratis-la-mejor-forma-de-aprender.png","twitter_site":"@FAccLatino","twitter_misc":{"Est. reading time":"1 minute"},"schema":{"@context":"https:\/\/schema.org","@graph":[{"@type":"WebPage","@id":"https:\/\/accesolatino.org\/cursos-en-linea-gratis-la-mejor-forma-de-aprender\/","url":"https:\/\/accesolatino.org\/cursos-en-linea-gratis-la-mejor-forma-de-aprender\/","name":"Cursos en l\u00ednea gratis, la mejor forma de aprender","isPartOf":{"@id":"https:\/\/accesolatino.org\/#website"},"primaryImageOfPage":{"@id":"https:\/\/accesolatino.org\/cursos-en-linea-gratis-la-mejor-forma-de-aprender\/#primaryimage"},"image":{"@id":"https:\/\/accesolatino.org\/cursos-en-linea-gratis-la-mejor-forma-de-aprender\/#primaryimage"},"thumbnailUrl":"https:\/\/accesolatino.org\/wp-content\/uploads\/2020\/03\/Cursos-en-l\u00ednea-gratis-la-mejor-forma-de-aprender.png","datePublished":"2020-03-18T17:20:40+00:00","dateModified":"2025-10-17T01:25:02+00:00","description":"Cursos\u00a0en l\u00ednea\u00a0gratis, la mejor forma de aprender En la secci\u00f3n \u201cEducaci\u00f3n\u201d se encuentra la tarjeta \u201cCursos\u00a0gratis\u00a0en l\u00ednea\u201d...","breadcrumb":{"@id":"https:\/\/accesolatino.org\/cursos-en-linea-gratis-la-mejor-forma-de-aprender\/#breadcrumb"},"inLanguage":"en-US","potentialAction":[{"@type":"ReadAction","target":["https:\/\/accesolatino.org\/cursos-en-linea-gratis-la-mejor-forma-de-aprender\/"]}]},{"@type":"ImageObject","inLanguage":"en-US","@id":"https:\/\/accesolatino.org\/cursos-en-linea-gratis-la-mejor-forma-de-aprender\/#primaryimage","url":"https:\/\/accesolatino.org\/wp-content\/uploads\/2020\/03\/Cursos-en-l\u00ednea-gratis-la-mejor-forma-de-aprender.png","contentUrl":"https:\/\/accesolatino.org\/wp-content\/uploads\/2020\/03\/Cursos-en-l\u00ednea-gratis-la-mejor-forma-de-aprender.png","width":600,"height":338,"caption":"cursos gratis"},{"@type":"BreadcrumbList","@id":"https:\/\/accesolatino.org\/cursos-en-linea-gratis-la-mejor-forma-de-aprender\/#breadcrumb","itemListElement":[{"@type":"ListItem","position":1,"name":"Portada","item":"https:\/\/accesolatino.org\/"},{"@type":"ListItem","position":2,"name":"Cursos en l\u00ednea gratis, la mejor forma de aprender"}]},{"@type":"WebSite","@id":"https:\/\/accesolatino.org\/#website","url":"https:\/\/accesolatino.org\/","name":"Acceso Latino | Fundaci\u00f3n Carlos Slim","description":"Fundaci\u00f3n Carlos Slim","publisher":{"@id":"https:\/\/accesolatino.org\/#organization"},"potentialAction":[{"@type":"SearchAction","target":{"@type":"EntryPoint","urlTemplate":"https:\/\/accesolatino.org\/?s={search_term_string}"},"query-input":{"@type":"PropertyValueSpecification","valueRequired":true,"valueName":"search_term_string"}}],"inLanguage":"en-US"},{"@type":"Organization","@id":"https:\/\/accesolatino.org\/#organization","name":"Acceso Latino | Fundaci\u00f3n Carlos Slim","url":"https:\/\/accesolatino.org\/","logo":{"@type":"ImageObject","inLanguage":"en-US","@id":"https:\/\/accesolatino.org\/#\/schema\/logo\/image\/","url":"https:\/\/accesolatino.org\/wp-content\/uploads\/2021\/02\/logo-footer-acceso-latino.png","contentUrl":"https:\/\/accesolatino.org\/wp-content\/uploads\/2021\/02\/logo-footer-acceso-latino.png","width":240,"height":40,"caption":"Acceso Latino | Fundaci\u00f3n Carlos Slim"},"image":{"@id":"https:\/\/accesolatino.org\/#\/schema\/logo\/image\/"},"sameAs":["https:\/\/www.facebook.com\/AccesoLatinoOrg","https:\/\/x.com\/FAccLatino"]}]}},"_links":{"self":[{"href":"https:\/\/accesolatino.org\/en\/wp-json\/wp\/v2\/pages\/20555","targetHints":{"allow":["GET"]}}],"collection":[{"href":"https:\/\/accesolatino.org\/en\/wp-json\/wp\/v2\/pages"}],"about":[{"href":"https:\/\/accesolatino.org\/en\/wp-json\/wp\/v2\/types\/page"}],"author":[{"embeddable":true,"href":"https:\/\/accesolatino.org\/en\/wp-json\/wp\/v2\/users\/7"}],"replies":[{"embeddable":true,"href":"https:\/\/accesolatino.org\/en\/wp-json\/wp\/v2\/comments?post=20555"}],"version-history":[{"count":1,"href":"https:\/\/accesolatino.org\/en\/wp-json\/wp\/v2\/pages\/20555\/revisions"}],"predecessor-version":[{"id":64194,"href":"https:\/\/accesolatino.org\/en\/wp-json\/wp\/v2\/pages\/20555\/revisions\/64194"}],"wp:featuredmedia":[{"embeddable":true,"href":"https:\/\/accesolatino.org\/en\/wp-json\/wp\/v2\/media\/20557"}],"wp:attachment":[{"href":"https:\/\/accesolatino.org\/en\/wp-json\/wp\/v2\/media?parent=20555"}],"curies":[{"name":"wp","href":"https:\/\/api.w.org\/{rel}","templated":true}]}}