{"id":20407,"date":"2020-03-04T10:12:59","date_gmt":"2020-03-04T16:12:59","guid":{"rendered":"https:\/\/accesolatino.org\/?page_id=20407"},"modified":"2025-10-17T17:04:46","modified_gmt":"2025-10-17T23:04:46","slug":"los-retornados-a-mexico-la-sep-los-a-retomar-sus-estudios","status":"publish","type":"page","link":"https:\/\/accesolatino.org\/en\/los-retornados-a-mexico-la-sep-los-a-retomar-sus-estudios\/","title":{"rendered":"Returnees to Mexico, the SEP to resume their studies"},"content":{"rendered":"<div data-elementor-type=\"wp-post\" data-elementor-id=\"20407\" class=\"elementor elementor-20407\">\n\t\t\t\t\t\t<section class=\"elementor-section elementor-top-section elementor-element elementor-element-007d612 elementor-section-full_width elementor-section-height-min-height elementor-section-items-stretch elementor-section-height-default wpr-particle-no wpr-jarallax-no wpr-parallax-no wpr-sticky-section-no wpr-column-slider-no wpr-equal-height-no\" data-id=\"007d612\" data-element_type=\"section\" data-e-type=\"section\" data-settings=\"{&quot;background_background&quot;:&quot;classic&quot;}\">\n\t\t\t\t\t\t<div class=\"elementor-container elementor-column-gap-no\">\n\t\t\t\t\t<div class=\"elementor-column elementor-col-100 elementor-top-column elementor-element elementor-element-77d0ad8\" data-id=\"77d0ad8\" data-element_type=\"column\" data-e-type=\"column\">\n\t\t\t<div class=\"elementor-widget-wrap elementor-element-populated\">\n\t\t\t\t\t\t<div class=\"elementor-element elementor-element-a59737a elementor--h-position-center elementor--v-position-middle elementor-widget elementor-widget-slides\" data-id=\"a59737a\" data-element_type=\"widget\" data-e-type=\"widget\" data-settings=\"{&quot;navigation&quot;:&quot;none&quot;,&quot;infinite&quot;:&quot;yes&quot;,&quot;transition&quot;:&quot;slide&quot;,&quot;transition_speed&quot;:500}\" data-widget_type=\"slides.default\">\n\t\t\t\t<div class=\"elementor-widget-container\">\n\t\t\t\t\t\t\t<div class=\"elementor-swiper\">\n\t\t\t<div class=\"elementor-slides-wrapper elementor-main-swiper swiper-container\" dir=\"ltr\" data-animation=\"\">\n\t\t\t\t<div class=\"swiper-wrapper elementor-slides\">\n\t\t\t\t\t\t\t\t\t\t<div class=\"elementor-repeater-item-d983a28 swiper-slide\"><div class=\"swiper-slide-bg\"><\/div><div class=\"swiper-slide-inner\" ><div class=\"swiper-slide-contents\"><div class=\"elementor-slide-heading\">Education<\/div><\/div><\/div><\/div>\t\t\t\t<\/div>\n\t\t\t\t\t\t\t<\/div>\n\t\t<\/div>\n\t\t\t\t\t\t<\/div>\n\t\t\t\t<\/div>\n\t\t\t\t\t<\/div>\n\t\t<\/div>\n\t\t\t\t\t<\/div>\n\t\t<\/section>\n\t\t\t\t<section class=\"elementor-section elementor-top-section elementor-element elementor-element-d2eb34c elementor-section-stretched elementor-section-boxed elementor-section-height-default elementor-section-height-default wpr-particle-no wpr-jarallax-no wpr-parallax-no wpr-sticky-section-no wpr-column-slider-no wpr-equal-height-no\" data-id=\"d2eb34c\" data-element_type=\"section\" data-e-type=\"section\" data-settings=\"{&quot;stretch_section&quot;:&quot;section-stretched&quot;,&quot;background_background&quot;:&quot;classic&quot;}\">\n\t\t\t\t\t\t<div class=\"elementor-container elementor-column-gap-default\">\n\t\t\t\t\t<div class=\"elementor-column elementor-col-100 elementor-top-column elementor-element elementor-element-703bf45\" data-id=\"703bf45\" data-element_type=\"column\" data-e-type=\"column\">\n\t\t\t<div class=\"elementor-widget-wrap elementor-element-populated\">\n\t\t\t\t\t\t<div class=\"elementor-element elementor-element-e6e614e elementor-widget elementor-widget-heading\" data-id=\"e6e614e\" data-element_type=\"widget\" data-e-type=\"widget\" data-widget_type=\"heading.default\">\n\t\t\t\t<div class=\"elementor-widget-container\">\n\t\t\t\t\t<h3 class=\"elementor-heading-title elementor-size-default\">Returnees to Mexico, the SEP to resume their studies<\/h3>\t\t\t\t<\/div>\n\t\t\t\t<\/div>\n\t\t\t\t<div class=\"elementor-element elementor-element-693fa2b elementor-widget elementor-widget-text-editor\" data-id=\"693fa2b\" data-element_type=\"widget\" data-e-type=\"widget\" data-widget_type=\"text-editor.default\">\n\t\t\t\t<div class=\"elementor-widget-container\">\n\t\t\t\t\t\t\t\t\t<p>In our section <a href=\"https:\/\/accesolatino.org\/en\/educacion\/\"><strong>\u201cEducaci\u00f3n\u201d <\/strong><\/a>you will find <strong><a href=\"https:\/\/accesolatino.org\/en\/educacion\/secretaria-de-educacion-publica\/#acciones-de-apoyo-a-retornados1\">\u201cSecretar\u00eda Educaci\u00f3n P\u00fablica\u201d<\/a>,<\/strong> con la que podr\u00e1s encontrar informaci\u00f3n de c\u00f3mo reiniciar tus estudios a tu vuelta a M\u00e9xico.<\/p><p>En la pesta\u00f1a <a href=\"https:\/\/accesolatino.org\/en\/educacion\/secretaria-de-educacion-publica\/#acciones-de-apoyo-a-retornados1\"><strong>\u201cAcciones de Apoyo a Retornados\u201d <\/strong><\/a>est\u00e1n los requisitos\u00a0 y dem\u00e1s punto que explican paso a paso las acciones a realizar, para retomar los estudios.<\/p><p><strong>Acceso Latino,<\/strong> tu primera ventana de consulta migratoria, encontrar\u00e1s herramientas que te ayudar\u00e1n en cualquier situaci\u00f3n en la que te encuentres y adem\u00e1s te ofrece cursos educativos sin costo para cualquier nivel en el que te encuentres.<\/p>\t\t\t\t\t\t\t\t<\/div>\n\t\t\t\t<\/div>\n\t\t\t\t<div class=\"elementor-element elementor-element-9dfd5a2 elementor-widget elementor-widget-spacer\" data-id=\"9dfd5a2\" data-element_type=\"widget\" data-e-type=\"widget\" data-widget_type=\"spacer.default\">\n\t\t\t\t<div class=\"elementor-widget-container\">\n\t\t\t\t\t\t\t<div class=\"elementor-spacer\">\n\t\t\t<div class=\"elementor-spacer-inner\"><\/div>\n\t\t<\/div>\n\t\t\t\t\t\t<\/div>\n\t\t\t\t<\/div>\n\t\t\t\t\t<\/div>\n\t\t<\/div>\n\t\t\t\t\t<\/div>\n\t\t<\/section>\n\t\t\t\t<\/div>","protected":false},"excerpt":{"rendered":"<p>Educaci\u00f3n Los retornados a M\u00e9xico, la SEP los a retomar sus estudios En nuestra secci\u00f3n \u201cEducaci\u00f3n\u201d encontrar\u00e1s la tarjeta \u201cSecretar\u00eda Educaci\u00f3n P\u00fablica\u201d, con la que podr\u00e1s encontrar informaci\u00f3n de c\u00f3mo reiniciar tus estudios a tu vuelta a M\u00e9xico. En la pesta\u00f1a \u201cAcciones de Apoyo a Retornados\u201d est\u00e1n los requisitos\u00a0 y dem\u00e1s punto que explican paso a paso las acciones a realizar, para retomar los estudios. Acceso Latino, tu primera ventana de consulta migratoria, encontrar\u00e1s herramientas que te ayudar\u00e1n en cualquier situaci\u00f3n en la que te encuentres y adem\u00e1s te ofrece cursos educativos sin costo para cualquier nivel en el que te encuentres.<\/p>","protected":false},"author":7,"featured_media":20409,"parent":0,"menu_order":0,"comment_status":"closed","ping_status":"closed","template":"elementor_header_footer","meta":{"_uf_show_specific_survey":0,"_uf_disable_surveys":false,"footnotes":""},"class_list":["post-20407","page","type-page","status-publish","has-post-thumbnail"],"aioseo_notices":[],"yoast_head":"<!-- This site is optimized with the Yoast SEO plugin v27.6 - https:\/\/yoast.com\/product\/yoast-seo-wordpress\/ -->\n<title>Los retornados a M\u00e9xico, la SEP los a retomar sus estudios<\/title>\n<meta name=\"description\" content=\"Los retornados a M\u00e9xico, la\u00a0SEP\u00a0los a retomar sus estudios En \u201cEducaci\u00f3n\u201d encontrar\u00e1s la tarjeta \u201cSecretar\u00eda Educaci\u00f3n P\u00fablica..\" \/>\n<meta name=\"robots\" content=\"index, follow, max-snippet:-1, max-image-preview:large, max-video-preview:-1\" \/>\n<link rel=\"canonical\" href=\"https:\/\/accesolatino.org\/en\/los-retornados-a-mexico-la-sep-los-a-retomar-sus-estudios\/\" \/>\n<meta property=\"og:locale\" content=\"en_US\" \/>\n<meta property=\"og:type\" content=\"article\" \/>\n<meta property=\"og:title\" content=\"Acceso Latino | Los retornados a M\u00e9xico, la SEP los a retomar sus estudios\" \/>\n<meta property=\"og:description\" content=\"Los retornados a M\u00e9xico, la SEP los a retomar sus estudios\" \/>\n<meta property=\"og:url\" content=\"https:\/\/accesolatino.org\/en\/los-retornados-a-mexico-la-sep-los-a-retomar-sus-estudios\/\" \/>\n<meta property=\"og:site_name\" content=\"Acceso Latino\" \/>\n<meta property=\"article:publisher\" content=\"https:\/\/www.facebook.com\/AccesoLatinoOrg\" \/>\n<meta property=\"article:modified_time\" content=\"2025-10-17T23:04:46+00:00\" \/>\n<meta property=\"og:image\" content=\"https:\/\/accesolatino.org\/wp-content\/uploads\/2020\/03\/Los-retornados-a-M\u00e9xico-la-SEP-los-ayuda-estudiarok.png\" \/>\n\t<meta property=\"og:image:width\" content=\"600\" \/>\n\t<meta property=\"og:image:height\" content=\"383\" \/>\n\t<meta property=\"og:image:type\" content=\"image\/png\" \/>\n<meta name=\"twitter:card\" content=\"summary_large_image\" \/>\n<meta name=\"twitter:title\" content=\"Acceso Latino | Los retornados a M\u00e9xico, la SEP los a retomar sus estudios\" \/>\n<meta name=\"twitter:description\" content=\"Los retornados a M\u00e9xico, la SEP los a retomar sus estudios\" \/>\n<meta name=\"twitter:image\" content=\"https:\/\/accesolatino.org\/wp-content\/uploads\/2020\/03\/Los-retornados-a-M\u00e9xico-la-SEP-los-ayuda-estudiarok.png\" \/>\n<meta name=\"twitter:site\" content=\"@FAccLatino\" \/>\n<meta name=\"twitter:label1\" content=\"Est. reading time\" \/>\n\t<meta name=\"twitter:data1\" content=\"1 minute\" \/>\n<script type=\"application\/ld+json\" class=\"yoast-schema-graph\">{\"@context\":\"https:\\\/\\\/schema.org\",\"@graph\":[{\"@type\":\"WebPage\",\"@id\":\"https:\\\/\\\/accesolatino.org\\\/en\\\/los-retornados-a-mexico-la-sep-los-a-retomar-sus-estudios\\\/\",\"url\":\"https:\\\/\\\/accesolatino.org\\\/en\\\/los-retornados-a-mexico-la-sep-los-a-retomar-sus-estudios\\\/\",\"name\":\"Los retornados a M\u00e9xico, la SEP los a retomar sus estudios\",\"isPartOf\":{\"@id\":\"https:\\\/\\\/accesolatino.org\\\/#website\"},\"primaryImageOfPage\":{\"@id\":\"https:\\\/\\\/accesolatino.org\\\/en\\\/los-retornados-a-mexico-la-sep-los-a-retomar-sus-estudios\\\/#primaryimage\"},\"image\":{\"@id\":\"https:\\\/\\\/accesolatino.org\\\/en\\\/los-retornados-a-mexico-la-sep-los-a-retomar-sus-estudios\\\/#primaryimage\"},\"thumbnailUrl\":\"https:\\\/\\\/accesolatino.org\\\/wp-content\\\/uploads\\\/2020\\\/03\\\/Los-retornados-a-M\u00e9xico-la-SEP-los-ayuda-estudiarok.png\",\"datePublished\":\"2020-03-04T16:12:59+00:00\",\"dateModified\":\"2025-10-17T23:04:46+00:00\",\"description\":\"Los retornados a M\u00e9xico, la\u00a0SEP\u00a0los a retomar sus estudios En \u201cEducaci\u00f3n\u201d encontrar\u00e1s la tarjeta \u201cSecretar\u00eda Educaci\u00f3n P\u00fablica..\",\"breadcrumb\":{\"@id\":\"https:\\\/\\\/accesolatino.org\\\/en\\\/los-retornados-a-mexico-la-sep-los-a-retomar-sus-estudios\\\/#breadcrumb\"},\"inLanguage\":\"en-US\",\"potentialAction\":[{\"@type\":\"ReadAction\",\"target\":[\"https:\\\/\\\/accesolatino.org\\\/en\\\/los-retornados-a-mexico-la-sep-los-a-retomar-sus-estudios\\\/\"]}]},{\"@type\":\"ImageObject\",\"inLanguage\":\"en-US\",\"@id\":\"https:\\\/\\\/accesolatino.org\\\/en\\\/los-retornados-a-mexico-la-sep-los-a-retomar-sus-estudios\\\/#primaryimage\",\"url\":\"https:\\\/\\\/accesolatino.org\\\/wp-content\\\/uploads\\\/2020\\\/03\\\/Los-retornados-a-M\u00e9xico-la-SEP-los-ayuda-estudiarok.png\",\"contentUrl\":\"https:\\\/\\\/accesolatino.org\\\/wp-content\\\/uploads\\\/2020\\\/03\\\/Los-retornados-a-M\u00e9xico-la-SEP-los-ayuda-estudiarok.png\",\"width\":600,\"height\":383,\"caption\":\"SEP\"},{\"@type\":\"BreadcrumbList\",\"@id\":\"https:\\\/\\\/accesolatino.org\\\/en\\\/los-retornados-a-mexico-la-sep-los-a-retomar-sus-estudios\\\/#breadcrumb\",\"itemListElement\":[{\"@type\":\"ListItem\",\"position\":1,\"name\":\"Portada\",\"item\":\"https:\\\/\\\/accesolatino.org\\\/\"},{\"@type\":\"ListItem\",\"position\":2,\"name\":\"Los retornados a M\u00e9xico, la SEP los a retomar sus estudios\"}]},{\"@type\":\"WebSite\",\"@id\":\"https:\\\/\\\/accesolatino.org\\\/#website\",\"url\":\"https:\\\/\\\/accesolatino.org\\\/\",\"name\":\"Acceso Latino | Fundaci\u00f3n Carlos Slim\",\"description\":\"Fundaci\u00f3n Carlos Slim\",\"publisher\":{\"@id\":\"https:\\\/\\\/accesolatino.org\\\/#organization\"},\"potentialAction\":[{\"@type\":\"SearchAction\",\"target\":{\"@type\":\"EntryPoint\",\"urlTemplate\":\"https:\\\/\\\/accesolatino.org\\\/?s={search_term_string}\"},\"query-input\":{\"@type\":\"PropertyValueSpecification\",\"valueRequired\":true,\"valueName\":\"search_term_string\"}}],\"inLanguage\":\"en-US\"},{\"@type\":\"Organization\",\"@id\":\"https:\\\/\\\/accesolatino.org\\\/#organization\",\"name\":\"Acceso Latino | Fundaci\u00f3n Carlos Slim\",\"url\":\"https:\\\/\\\/accesolatino.org\\\/\",\"logo\":{\"@type\":\"ImageObject\",\"inLanguage\":\"en-US\",\"@id\":\"https:\\\/\\\/accesolatino.org\\\/#\\\/schema\\\/logo\\\/image\\\/\",\"url\":\"https:\\\/\\\/accesolatino.org\\\/wp-content\\\/uploads\\\/2021\\\/02\\\/logo-footer-acceso-latino.png\",\"contentUrl\":\"https:\\\/\\\/accesolatino.org\\\/wp-content\\\/uploads\\\/2021\\\/02\\\/logo-footer-acceso-latino.png\",\"width\":240,\"height\":40,\"caption\":\"Acceso Latino | Fundaci\u00f3n Carlos Slim\"},\"image\":{\"@id\":\"https:\\\/\\\/accesolatino.org\\\/#\\\/schema\\\/logo\\\/image\\\/\"},\"sameAs\":[\"https:\\\/\\\/www.facebook.com\\\/AccesoLatinoOrg\",\"https:\\\/\\\/x.com\\\/FAccLatino\"]}]}<\/script>\n<!-- \/ Yoast SEO plugin. -->","yoast_head_json":{"title":"Returnees to Mexico, the SEP to resume their studies","description":"Los retornados a M\u00e9xico, la\u00a0SEP\u00a0los a retomar sus estudios En \u201cEducaci\u00f3n\u201d encontrar\u00e1s la tarjeta \u201cSecretar\u00eda Educaci\u00f3n P\u00fablica..","robots":{"index":"index","follow":"follow","max-snippet":"max-snippet:-1","max-image-preview":"max-image-preview:large","max-video-preview":"max-video-preview:-1"},"canonical":"https:\/\/accesolatino.org\/en\/los-retornados-a-mexico-la-sep-los-a-retomar-sus-estudios\/","og_locale":"en_US","og_type":"article","og_title":"Acceso Latino | Los retornados a M\u00e9xico, la SEP los a retomar sus estudios","og_description":"Los retornados a M\u00e9xico, la SEP los a retomar sus estudios","og_url":"https:\/\/accesolatino.org\/en\/los-retornados-a-mexico-la-sep-los-a-retomar-sus-estudios\/","og_site_name":"Acceso Latino","article_publisher":"https:\/\/www.facebook.com\/AccesoLatinoOrg","article_modified_time":"2025-10-17T23:04:46+00:00","og_image":[{"width":600,"height":383,"url":"https:\/\/accesolatino.org\/wp-content\/uploads\/2020\/03\/Los-retornados-a-M\u00e9xico-la-SEP-los-ayuda-estudiarok.png","type":"image\/png"}],"twitter_card":"summary_large_image","twitter_title":"Acceso Latino | Los retornados a M\u00e9xico, la SEP los a retomar sus estudios","twitter_description":"Los retornados a M\u00e9xico, la SEP los a retomar sus estudios","twitter_image":"https:\/\/accesolatino.org\/wp-content\/uploads\/2020\/03\/Los-retornados-a-M\u00e9xico-la-SEP-los-ayuda-estudiarok.png","twitter_site":"@FAccLatino","twitter_misc":{"Est. reading time":"1 minute"},"schema":{"@context":"https:\/\/schema.org","@graph":[{"@type":"WebPage","@id":"https:\/\/accesolatino.org\/en\/los-retornados-a-mexico-la-sep-los-a-retomar-sus-estudios\/","url":"https:\/\/accesolatino.org\/en\/los-retornados-a-mexico-la-sep-los-a-retomar-sus-estudios\/","name":"Returnees to Mexico, the SEP to resume their studies","isPartOf":{"@id":"https:\/\/accesolatino.org\/#website"},"primaryImageOfPage":{"@id":"https:\/\/accesolatino.org\/en\/los-retornados-a-mexico-la-sep-los-a-retomar-sus-estudios\/#primaryimage"},"image":{"@id":"https:\/\/accesolatino.org\/en\/los-retornados-a-mexico-la-sep-los-a-retomar-sus-estudios\/#primaryimage"},"thumbnailUrl":"https:\/\/accesolatino.org\/wp-content\/uploads\/2020\/03\/Los-retornados-a-M\u00e9xico-la-SEP-los-ayuda-estudiarok.png","datePublished":"2020-03-04T16:12:59+00:00","dateModified":"2025-10-17T23:04:46+00:00","description":"Los retornados a M\u00e9xico, la\u00a0SEP\u00a0los a retomar sus estudios En \u201cEducaci\u00f3n\u201d encontrar\u00e1s la tarjeta \u201cSecretar\u00eda Educaci\u00f3n P\u00fablica..","breadcrumb":{"@id":"https:\/\/accesolatino.org\/en\/los-retornados-a-mexico-la-sep-los-a-retomar-sus-estudios\/#breadcrumb"},"inLanguage":"en-US","potentialAction":[{"@type":"ReadAction","target":["https:\/\/accesolatino.org\/en\/los-retornados-a-mexico-la-sep-los-a-retomar-sus-estudios\/"]}]},{"@type":"ImageObject","inLanguage":"en-US","@id":"https:\/\/accesolatino.org\/en\/los-retornados-a-mexico-la-sep-los-a-retomar-sus-estudios\/#primaryimage","url":"https:\/\/accesolatino.org\/wp-content\/uploads\/2020\/03\/Los-retornados-a-M\u00e9xico-la-SEP-los-ayuda-estudiarok.png","contentUrl":"https:\/\/accesolatino.org\/wp-content\/uploads\/2020\/03\/Los-retornados-a-M\u00e9xico-la-SEP-los-ayuda-estudiarok.png","width":600,"height":383,"caption":"SEP"},{"@type":"BreadcrumbList","@id":"https:\/\/accesolatino.org\/en\/los-retornados-a-mexico-la-sep-los-a-retomar-sus-estudios\/#breadcrumb","itemListElement":[{"@type":"ListItem","position":1,"name":"Portada","item":"https:\/\/accesolatino.org\/"},{"@type":"ListItem","position":2,"name":"Los retornados a M\u00e9xico, la SEP los a retomar sus estudios"}]},{"@type":"WebSite","@id":"https:\/\/accesolatino.org\/#website","url":"https:\/\/accesolatino.org\/","name":"Acceso Latino | Fundaci\u00f3n Carlos Slim","description":"Fundaci\u00f3n Carlos Slim","publisher":{"@id":"https:\/\/accesolatino.org\/#organization"},"potentialAction":[{"@type":"SearchAction","target":{"@type":"EntryPoint","urlTemplate":"https:\/\/accesolatino.org\/?s={search_term_string}"},"query-input":{"@type":"PropertyValueSpecification","valueRequired":true,"valueName":"search_term_string"}}],"inLanguage":"en-US"},{"@type":"Organization","@id":"https:\/\/accesolatino.org\/#organization","name":"Acceso Latino | Fundaci\u00f3n Carlos Slim","url":"https:\/\/accesolatino.org\/","logo":{"@type":"ImageObject","inLanguage":"en-US","@id":"https:\/\/accesolatino.org\/#\/schema\/logo\/image\/","url":"https:\/\/accesolatino.org\/wp-content\/uploads\/2021\/02\/logo-footer-acceso-latino.png","contentUrl":"https:\/\/accesolatino.org\/wp-content\/uploads\/2021\/02\/logo-footer-acceso-latino.png","width":240,"height":40,"caption":"Acceso Latino | Fundaci\u00f3n Carlos Slim"},"image":{"@id":"https:\/\/accesolatino.org\/#\/schema\/logo\/image\/"},"sameAs":["https:\/\/www.facebook.com\/AccesoLatinoOrg","https:\/\/x.com\/FAccLatino"]}]}},"_links":{"self":[{"href":"https:\/\/accesolatino.org\/en\/wp-json\/wp\/v2\/pages\/20407","targetHints":{"allow":["GET"]}}],"collection":[{"href":"https:\/\/accesolatino.org\/en\/wp-json\/wp\/v2\/pages"}],"about":[{"href":"https:\/\/accesolatino.org\/en\/wp-json\/wp\/v2\/types\/page"}],"author":[{"embeddable":true,"href":"https:\/\/accesolatino.org\/en\/wp-json\/wp\/v2\/users\/7"}],"replies":[{"embeddable":true,"href":"https:\/\/accesolatino.org\/en\/wp-json\/wp\/v2\/comments?post=20407"}],"version-history":[{"count":1,"href":"https:\/\/accesolatino.org\/en\/wp-json\/wp\/v2\/pages\/20407\/revisions"}],"predecessor-version":[{"id":64244,"href":"https:\/\/accesolatino.org\/en\/wp-json\/wp\/v2\/pages\/20407\/revisions\/64244"}],"wp:featuredmedia":[{"embeddable":true,"href":"https:\/\/accesolatino.org\/en\/wp-json\/wp\/v2\/media\/20409"}],"wp:attachment":[{"href":"https:\/\/accesolatino.org\/en\/wp-json\/wp\/v2\/media?parent=20407"}],"curies":[{"name":"wp","href":"https:\/\/api.w.org\/{rel}","templated":true}]}}