{"id":20349,"date":"2020-02-28T09:02:18","date_gmt":"2020-02-28T15:02:18","guid":{"rendered":"https:\/\/accesolatino.org\/?page_id=20349"},"modified":"2025-11-06T19:55:39","modified_gmt":"2025-11-07T01:55:39","slug":"the-texas-labor-citizenship-project-cuenta-servicios-legales-gratuitos","status":"publish","type":"page","link":"https:\/\/accesolatino.org\/en\/the-texas-labor-citizenship-project-cuenta-servicios-legales-gratuitos\/","title":{"rendered":"The Texas Labor Citizenship Project provides free legal services."},"content":{"rendered":"<div data-elementor-type=\"wp-post\" data-elementor-id=\"20349\" class=\"elementor elementor-20349\">\n\t\t\t\t\t\t<section class=\"elementor-section elementor-top-section elementor-element elementor-element-42e6d93 elementor-section-full_width elementor-section-height-min-height elementor-section-items-stretch elementor-section-height-default wpr-particle-no wpr-jarallax-no wpr-parallax-no wpr-sticky-section-no wpr-equal-height-no\" data-id=\"42e6d93\" data-element_type=\"section\" data-e-type=\"section\" data-settings=\"{&quot;background_background&quot;:&quot;classic&quot;}\">\n\t\t\t\t\t\t<div class=\"elementor-container elementor-column-gap-no\">\n\t\t\t\t\t<div class=\"elementor-column elementor-col-100 elementor-top-column elementor-element elementor-element-de644e9\" data-id=\"de644e9\" data-element_type=\"column\" data-e-type=\"column\">\n\t\t\t<div class=\"elementor-widget-wrap elementor-element-populated\">\n\t\t\t\t\t\t<div class=\"elementor-element elementor-element-d277aa9 elementor--h-position-center elementor--v-position-middle elementor-widget elementor-widget-slides\" data-id=\"d277aa9\" data-element_type=\"widget\" data-e-type=\"widget\" data-settings=\"{&quot;navigation&quot;:&quot;none&quot;,&quot;infinite&quot;:&quot;yes&quot;,&quot;transition&quot;:&quot;slide&quot;,&quot;transition_speed&quot;:500}\" data-widget_type=\"slides.default\">\n\t\t\t\t<div class=\"elementor-widget-container\">\n\t\t\t\t\t\t\t<div class=\"elementor-swiper\">\n\t\t\t<div class=\"elementor-slides-wrapper elementor-main-swiper swiper-container\" dir=\"ltr\" data-animation=\"\">\n\t\t\t\t<div class=\"swiper-wrapper elementor-slides\">\n\t\t\t\t\t\t\t\t\t\t<div class=\"elementor-repeater-item-d983a28 swiper-slide\"><div class=\"swiper-slide-bg\"><\/div><div class=\"swiper-slide-inner\" ><div class=\"swiper-slide-contents\"><div class=\"elementor-slide-heading\">Legal Guidance<\/div><\/div><\/div><\/div>\t\t\t\t<\/div>\n\t\t\t\t\t\t\t<\/div>\n\t\t<\/div>\n\t\t\t\t\t\t<\/div>\n\t\t\t\t<\/div>\n\t\t\t\t\t<\/div>\n\t\t<\/div>\n\t\t\t\t\t<\/div>\n\t\t<\/section>\n\t\t\t\t<section class=\"elementor-section elementor-top-section elementor-element elementor-element-96e8813 elementor-section-stretched elementor-section-boxed elementor-section-height-default elementor-section-height-default wpr-particle-no wpr-jarallax-no wpr-parallax-no wpr-sticky-section-no wpr-equal-height-no\" data-id=\"96e8813\" data-element_type=\"section\" data-e-type=\"section\" data-settings=\"{&quot;stretch_section&quot;:&quot;section-stretched&quot;,&quot;background_background&quot;:&quot;classic&quot;}\">\n\t\t\t\t\t\t<div class=\"elementor-container elementor-column-gap-default\">\n\t\t\t\t\t<div class=\"elementor-column elementor-col-100 elementor-top-column elementor-element elementor-element-4faf5b2\" data-id=\"4faf5b2\" data-element_type=\"column\" data-e-type=\"column\">\n\t\t\t<div class=\"elementor-widget-wrap elementor-element-populated\">\n\t\t\t\t\t\t<div class=\"elementor-element elementor-element-22c01ff elementor-widget elementor-widget-heading\" data-id=\"22c01ff\" data-element_type=\"widget\" data-e-type=\"widget\" data-widget_type=\"heading.default\">\n\t\t\t\t<div class=\"elementor-widget-container\">\n\t\t\t\t\t<h3 class=\"elementor-heading-title elementor-size-default\">The Texas Labor Citizenship Project provides free legal services.<\/h3>\t\t\t\t<\/div>\n\t\t\t\t<\/div>\n\t\t\t\t<div class=\"elementor-element elementor-element-edf48f0 elementor-widget elementor-widget-text-editor\" data-id=\"edf48f0\" data-element_type=\"widget\" data-e-type=\"widget\" data-widget_type=\"text-editor.default\">\n\t\t\t\t<div class=\"elementor-widget-container\">\n\t\t\t\t\t\t\t\t\t<p><strong>Acceso Latino <\/strong>y su secci\u00f3n<a href=\"https:\/\/accesolatino.org\/en\/orientacion-legal\/\"><strong> \u201cOrientaci\u00f3n Legal\u201d<\/strong> <\/a>cuentan con la herramienta <strong><a href=\"https:\/\/www.texaslaborcitizenship.org\/\">\u201c<em>The Texas Labor Citizenship Project\u201d<\/em><\/a>,<\/strong> que brinda servicios de asesor\u00eda legal gratuita o bajo costo e instrumentos, gratuitos y profesionales para prepararte y puedas solicitar la ciudadan\u00eda estadounidense.<\/p><p>Con una s\u00f3lida infraestructura y compromiso con la justicia, el movimiento laboral en Texas, desempe\u00f1a un papel fundamental en la educaci\u00f3n de la comunidad latina e inmigrante sobre el proceso de obtenci\u00f3n de la ciudadan\u00eda, as\u00ed como los derechos laborales.<\/p><p><strong>The Texas Labor Citizenship Project<\/strong>, ofrece servicios de ley de migratorios de forma gratuita, de excelente calidad y confidenciales para ayudar a las personas y a las familias a obtener la ciudadan\u00eda de los EE. UU.<\/p><p><strong>Acceso Latino<\/strong>, your first immigration consultation window.<\/p>\t\t\t\t\t\t\t\t<\/div>\n\t\t\t\t<\/div>\n\t\t\t\t<div class=\"elementor-element elementor-element-6be0a74 elementor-widget elementor-widget-spacer\" data-id=\"6be0a74\" data-element_type=\"widget\" data-e-type=\"widget\" data-widget_type=\"spacer.default\">\n\t\t\t\t<div class=\"elementor-widget-container\">\n\t\t\t\t\t\t\t<div class=\"elementor-spacer\">\n\t\t\t<div class=\"elementor-spacer-inner\"><\/div>\n\t\t<\/div>\n\t\t\t\t\t\t<\/div>\n\t\t\t\t<\/div>\n\t\t\t\t\t<\/div>\n\t\t<\/div>\n\t\t\t\t\t<\/div>\n\t\t<\/section>\n\t\t\t\t<\/div>","protected":false},"excerpt":{"rendered":"<p>Orientaci\u00f3n Legal The Texas Labor Citizenship Project cuenta servicios legales gratuitos Acceso Latino y su secci\u00f3n \u201cOrientaci\u00f3n Legal\u201d cuentan con la herramienta \u201cThe Texas Labor Citizenship Project\u201d, que brinda servicios de asesor\u00eda legal gratuita o bajo costo e instrumentos, gratuitos y profesionales para prepararte y puedas solicitar la ciudadan\u00eda estadounidense. Con una s\u00f3lida infraestructura y compromiso con la justicia, el movimiento laboral en Texas, desempe\u00f1a un papel fundamental en la educaci\u00f3n de la comunidad latina e inmigrante sobre el proceso de obtenci\u00f3n de la ciudadan\u00eda, as\u00ed como los derechos laborales. The Texas Labor Citizenship Project, ofrece servicios de ley de migratorios de forma gratuita, de excelente calidad y confidenciales para ayudar a las personas y a las familias a obtener la ciudadan\u00eda de los EE. UU. Acceso Latino, tu primera ventana de consulta migratoria.<\/p>","protected":false},"author":8,"featured_media":20350,"parent":0,"menu_order":0,"comment_status":"closed","ping_status":"closed","template":"elementor_header_footer","meta":{"_uf_show_specific_survey":0,"_uf_disable_surveys":false,"footnotes":""},"class_list":["post-20349","page","type-page","status-publish","has-post-thumbnail"],"aioseo_notices":[],"yoast_head":"<!-- This site is optimized with the Yoast SEO plugin v27.4 - https:\/\/yoast.com\/product\/yoast-seo-wordpress\/ -->\n<title>The Texas Labor Citizenship Project cuenta servicios legales gratuitos<\/title>\n<meta name=\"description\" content=\"Conoce las Instituciones que te pueden ser de ayuda en otros pa\u00edses.\" \/>\n<meta name=\"robots\" content=\"index, follow, max-snippet:-1, max-image-preview:large, max-video-preview:-1\" \/>\n<link rel=\"canonical\" href=\"https:\/\/accesolatino.org\/en\/the-texas-labor-citizenship-project-cuenta-servicios-legales-gratuitos\/\" \/>\n<meta property=\"og:locale\" content=\"en_US\" \/>\n<meta property=\"og:type\" content=\"article\" \/>\n<meta property=\"og:title\" content=\"Acceso Latino | The Texas Labor Citizenship Project cuenta servicios legales gratuitos\" \/>\n<meta property=\"og:description\" content=\"Conoce las Instituciones que te pueden ser de ayuda en otros pa\u00edses.\" \/>\n<meta property=\"og:url\" content=\"https:\/\/accesolatino.org\/en\/the-texas-labor-citizenship-project-cuenta-servicios-legales-gratuitos\/\" \/>\n<meta property=\"og:site_name\" content=\"Acceso Latino\" \/>\n<meta property=\"article:publisher\" content=\"https:\/\/www.facebook.com\/AccesoLatinoOrg\" \/>\n<meta property=\"article:modified_time\" content=\"2025-11-07T01:55:39+00:00\" \/>\n<meta property=\"og:image\" content=\"https:\/\/accesolatino.org\/wp-content\/uploads\/2020\/02\/The-Texas-Labor-Citizenship-Project-cuenta-servicios-legales-gratuitos.png\" \/>\n\t<meta property=\"og:image:width\" content=\"600\" \/>\n\t<meta property=\"og:image:height\" content=\"338\" \/>\n\t<meta property=\"og:image:type\" content=\"image\/png\" \/>\n<meta name=\"twitter:card\" content=\"summary_large_image\" \/>\n<meta name=\"twitter:title\" content=\"Acceso Latino | The Texas Labor Citizenship Project cuenta servicios legales gratuitos\" \/>\n<meta name=\"twitter:description\" content=\"Conoce las Instituciones que te pueden ser de ayuda en otros pa\u00edses.\" \/>\n<meta name=\"twitter:image\" content=\"https:\/\/accesolatino.org\/wp-content\/uploads\/2020\/02\/The-Texas-Labor-Citizenship-Project-cuenta-servicios-legales-gratuitos.png\" \/>\n<meta name=\"twitter:site\" content=\"@FAccLatino\" \/>\n<meta name=\"twitter:label1\" content=\"Est. reading time\" \/>\n\t<meta name=\"twitter:data1\" content=\"1 minute\" \/>\n<script type=\"application\/ld+json\" class=\"yoast-schema-graph\">{\"@context\":\"https:\\\/\\\/schema.org\",\"@graph\":[{\"@type\":\"WebPage\",\"@id\":\"https:\\\/\\\/accesolatino.org\\\/en\\\/the-texas-labor-citizenship-project-cuenta-servicios-legales-gratuitos\\\/\",\"url\":\"https:\\\/\\\/accesolatino.org\\\/en\\\/the-texas-labor-citizenship-project-cuenta-servicios-legales-gratuitos\\\/\",\"name\":\"The Texas Labor Citizenship Project cuenta servicios legales gratuitos\",\"isPartOf\":{\"@id\":\"https:\\\/\\\/accesolatino.org\\\/#website\"},\"primaryImageOfPage\":{\"@id\":\"https:\\\/\\\/accesolatino.org\\\/en\\\/the-texas-labor-citizenship-project-cuenta-servicios-legales-gratuitos\\\/#primaryimage\"},\"image\":{\"@id\":\"https:\\\/\\\/accesolatino.org\\\/en\\\/the-texas-labor-citizenship-project-cuenta-servicios-legales-gratuitos\\\/#primaryimage\"},\"thumbnailUrl\":\"https:\\\/\\\/accesolatino.org\\\/wp-content\\\/uploads\\\/2020\\\/02\\\/The-Texas-Labor-Citizenship-Project-cuenta-servicios-legales-gratuitos.png\",\"datePublished\":\"2020-02-28T15:02:18+00:00\",\"dateModified\":\"2025-11-07T01:55:39+00:00\",\"description\":\"Conoce las Instituciones que te pueden ser de ayuda en otros pa\u00edses.\",\"breadcrumb\":{\"@id\":\"https:\\\/\\\/accesolatino.org\\\/en\\\/the-texas-labor-citizenship-project-cuenta-servicios-legales-gratuitos\\\/#breadcrumb\"},\"inLanguage\":\"en-US\",\"potentialAction\":[{\"@type\":\"ReadAction\",\"target\":[\"https:\\\/\\\/accesolatino.org\\\/en\\\/the-texas-labor-citizenship-project-cuenta-servicios-legales-gratuitos\\\/\"]}]},{\"@type\":\"ImageObject\",\"inLanguage\":\"en-US\",\"@id\":\"https:\\\/\\\/accesolatino.org\\\/en\\\/the-texas-labor-citizenship-project-cuenta-servicios-legales-gratuitos\\\/#primaryimage\",\"url\":\"https:\\\/\\\/accesolatino.org\\\/wp-content\\\/uploads\\\/2020\\\/02\\\/The-Texas-Labor-Citizenship-Project-cuenta-servicios-legales-gratuitos.png\",\"contentUrl\":\"https:\\\/\\\/accesolatino.org\\\/wp-content\\\/uploads\\\/2020\\\/02\\\/The-Texas-Labor-Citizenship-Project-cuenta-servicios-legales-gratuitos.png\",\"width\":600,\"height\":338,\"caption\":\"The Texas Labor Citizenship Project\"},{\"@type\":\"BreadcrumbList\",\"@id\":\"https:\\\/\\\/accesolatino.org\\\/en\\\/the-texas-labor-citizenship-project-cuenta-servicios-legales-gratuitos\\\/#breadcrumb\",\"itemListElement\":[{\"@type\":\"ListItem\",\"position\":1,\"name\":\"Portada\",\"item\":\"https:\\\/\\\/accesolatino.org\\\/\"},{\"@type\":\"ListItem\",\"position\":2,\"name\":\"The Texas Labor Citizenship Project cuenta servicios legales gratuitos\"}]},{\"@type\":\"WebSite\",\"@id\":\"https:\\\/\\\/accesolatino.org\\\/#website\",\"url\":\"https:\\\/\\\/accesolatino.org\\\/\",\"name\":\"Acceso Latino | Fundaci\u00f3n Carlos Slim\",\"description\":\"Fundaci\u00f3n Carlos Slim\",\"publisher\":{\"@id\":\"https:\\\/\\\/accesolatino.org\\\/#organization\"},\"potentialAction\":[{\"@type\":\"SearchAction\",\"target\":{\"@type\":\"EntryPoint\",\"urlTemplate\":\"https:\\\/\\\/accesolatino.org\\\/?s={search_term_string}\"},\"query-input\":{\"@type\":\"PropertyValueSpecification\",\"valueRequired\":true,\"valueName\":\"search_term_string\"}}],\"inLanguage\":\"en-US\"},{\"@type\":\"Organization\",\"@id\":\"https:\\\/\\\/accesolatino.org\\\/#organization\",\"name\":\"Acceso Latino | Fundaci\u00f3n Carlos Slim\",\"url\":\"https:\\\/\\\/accesolatino.org\\\/\",\"logo\":{\"@type\":\"ImageObject\",\"inLanguage\":\"en-US\",\"@id\":\"https:\\\/\\\/accesolatino.org\\\/#\\\/schema\\\/logo\\\/image\\\/\",\"url\":\"https:\\\/\\\/accesolatino.org\\\/wp-content\\\/uploads\\\/2021\\\/02\\\/logo-footer-acceso-latino.png\",\"contentUrl\":\"https:\\\/\\\/accesolatino.org\\\/wp-content\\\/uploads\\\/2021\\\/02\\\/logo-footer-acceso-latino.png\",\"width\":240,\"height\":40,\"caption\":\"Acceso Latino | Fundaci\u00f3n Carlos Slim\"},\"image\":{\"@id\":\"https:\\\/\\\/accesolatino.org\\\/#\\\/schema\\\/logo\\\/image\\\/\"},\"sameAs\":[\"https:\\\/\\\/www.facebook.com\\\/AccesoLatinoOrg\",\"https:\\\/\\\/x.com\\\/FAccLatino\"]}]}<\/script>\n<!-- \/ Yoast SEO plugin. -->","yoast_head_json":{"title":"The Texas Labor Citizenship Project provides free legal services.","description":"Conoce las Instituciones que te pueden ser de ayuda en otros pa\u00edses.","robots":{"index":"index","follow":"follow","max-snippet":"max-snippet:-1","max-image-preview":"max-image-preview:large","max-video-preview":"max-video-preview:-1"},"canonical":"https:\/\/accesolatino.org\/en\/the-texas-labor-citizenship-project-cuenta-servicios-legales-gratuitos\/","og_locale":"en_US","og_type":"article","og_title":"Acceso Latino | The Texas Labor Citizenship Project cuenta servicios legales gratuitos","og_description":"Conoce las Instituciones que te pueden ser de ayuda en otros pa\u00edses.","og_url":"https:\/\/accesolatino.org\/en\/the-texas-labor-citizenship-project-cuenta-servicios-legales-gratuitos\/","og_site_name":"Acceso Latino","article_publisher":"https:\/\/www.facebook.com\/AccesoLatinoOrg","article_modified_time":"2025-11-07T01:55:39+00:00","og_image":[{"width":600,"height":338,"url":"https:\/\/accesolatino.org\/wp-content\/uploads\/2020\/02\/The-Texas-Labor-Citizenship-Project-cuenta-servicios-legales-gratuitos.png","type":"image\/png"}],"twitter_card":"summary_large_image","twitter_title":"Acceso Latino | The Texas Labor Citizenship Project cuenta servicios legales gratuitos","twitter_description":"Conoce las Instituciones que te pueden ser de ayuda en otros pa\u00edses.","twitter_image":"https:\/\/accesolatino.org\/wp-content\/uploads\/2020\/02\/The-Texas-Labor-Citizenship-Project-cuenta-servicios-legales-gratuitos.png","twitter_site":"@FAccLatino","twitter_misc":{"Est. reading time":"1 minute"},"schema":{"@context":"https:\/\/schema.org","@graph":[{"@type":"WebPage","@id":"https:\/\/accesolatino.org\/en\/the-texas-labor-citizenship-project-cuenta-servicios-legales-gratuitos\/","url":"https:\/\/accesolatino.org\/en\/the-texas-labor-citizenship-project-cuenta-servicios-legales-gratuitos\/","name":"The Texas Labor Citizenship Project provides free legal services.","isPartOf":{"@id":"https:\/\/accesolatino.org\/#website"},"primaryImageOfPage":{"@id":"https:\/\/accesolatino.org\/en\/the-texas-labor-citizenship-project-cuenta-servicios-legales-gratuitos\/#primaryimage"},"image":{"@id":"https:\/\/accesolatino.org\/en\/the-texas-labor-citizenship-project-cuenta-servicios-legales-gratuitos\/#primaryimage"},"thumbnailUrl":"https:\/\/accesolatino.org\/wp-content\/uploads\/2020\/02\/The-Texas-Labor-Citizenship-Project-cuenta-servicios-legales-gratuitos.png","datePublished":"2020-02-28T15:02:18+00:00","dateModified":"2025-11-07T01:55:39+00:00","description":"Conoce las Instituciones que te pueden ser de ayuda en otros pa\u00edses.","breadcrumb":{"@id":"https:\/\/accesolatino.org\/en\/the-texas-labor-citizenship-project-cuenta-servicios-legales-gratuitos\/#breadcrumb"},"inLanguage":"en-US","potentialAction":[{"@type":"ReadAction","target":["https:\/\/accesolatino.org\/en\/the-texas-labor-citizenship-project-cuenta-servicios-legales-gratuitos\/"]}]},{"@type":"ImageObject","inLanguage":"en-US","@id":"https:\/\/accesolatino.org\/en\/the-texas-labor-citizenship-project-cuenta-servicios-legales-gratuitos\/#primaryimage","url":"https:\/\/accesolatino.org\/wp-content\/uploads\/2020\/02\/The-Texas-Labor-Citizenship-Project-cuenta-servicios-legales-gratuitos.png","contentUrl":"https:\/\/accesolatino.org\/wp-content\/uploads\/2020\/02\/The-Texas-Labor-Citizenship-Project-cuenta-servicios-legales-gratuitos.png","width":600,"height":338,"caption":"The Texas Labor Citizenship Project"},{"@type":"BreadcrumbList","@id":"https:\/\/accesolatino.org\/en\/the-texas-labor-citizenship-project-cuenta-servicios-legales-gratuitos\/#breadcrumb","itemListElement":[{"@type":"ListItem","position":1,"name":"Portada","item":"https:\/\/accesolatino.org\/"},{"@type":"ListItem","position":2,"name":"The Texas Labor Citizenship Project cuenta servicios legales gratuitos"}]},{"@type":"WebSite","@id":"https:\/\/accesolatino.org\/#website","url":"https:\/\/accesolatino.org\/","name":"Acceso Latino | Fundaci\u00f3n Carlos Slim","description":"Fundaci\u00f3n Carlos Slim","publisher":{"@id":"https:\/\/accesolatino.org\/#organization"},"potentialAction":[{"@type":"SearchAction","target":{"@type":"EntryPoint","urlTemplate":"https:\/\/accesolatino.org\/?s={search_term_string}"},"query-input":{"@type":"PropertyValueSpecification","valueRequired":true,"valueName":"search_term_string"}}],"inLanguage":"en-US"},{"@type":"Organization","@id":"https:\/\/accesolatino.org\/#organization","name":"Acceso Latino | Fundaci\u00f3n Carlos Slim","url":"https:\/\/accesolatino.org\/","logo":{"@type":"ImageObject","inLanguage":"en-US","@id":"https:\/\/accesolatino.org\/#\/schema\/logo\/image\/","url":"https:\/\/accesolatino.org\/wp-content\/uploads\/2021\/02\/logo-footer-acceso-latino.png","contentUrl":"https:\/\/accesolatino.org\/wp-content\/uploads\/2021\/02\/logo-footer-acceso-latino.png","width":240,"height":40,"caption":"Acceso Latino | Fundaci\u00f3n Carlos Slim"},"image":{"@id":"https:\/\/accesolatino.org\/#\/schema\/logo\/image\/"},"sameAs":["https:\/\/www.facebook.com\/AccesoLatinoOrg","https:\/\/x.com\/FAccLatino"]}]}},"_links":{"self":[{"href":"https:\/\/accesolatino.org\/en\/wp-json\/wp\/v2\/pages\/20349","targetHints":{"allow":["GET"]}}],"collection":[{"href":"https:\/\/accesolatino.org\/en\/wp-json\/wp\/v2\/pages"}],"about":[{"href":"https:\/\/accesolatino.org\/en\/wp-json\/wp\/v2\/types\/page"}],"author":[{"embeddable":true,"href":"https:\/\/accesolatino.org\/en\/wp-json\/wp\/v2\/users\/8"}],"replies":[{"embeddable":true,"href":"https:\/\/accesolatino.org\/en\/wp-json\/wp\/v2\/comments?post=20349"}],"version-history":[{"count":1,"href":"https:\/\/accesolatino.org\/en\/wp-json\/wp\/v2\/pages\/20349\/revisions"}],"predecessor-version":[{"id":68601,"href":"https:\/\/accesolatino.org\/en\/wp-json\/wp\/v2\/pages\/20349\/revisions\/68601"}],"wp:featuredmedia":[{"embeddable":true,"href":"https:\/\/accesolatino.org\/en\/wp-json\/wp\/v2\/media\/20350"}],"wp:attachment":[{"href":"https:\/\/accesolatino.org\/en\/wp-json\/wp\/v2\/media?parent=20349"}],"curies":[{"name":"wp","href":"https:\/\/api.w.org\/{rel}","templated":true}]}}