{"id":20224,"date":"2020-02-19T09:24:52","date_gmt":"2020-02-19T15:24:52","guid":{"rendered":"https:\/\/accesolatino.org\/?page_id=20224"},"modified":"2025-10-17T17:21:33","modified_gmt":"2025-10-17T23:21:33","slug":"obten-apoyo-financiero-para-estudiar-la-universidad","status":"publish","type":"page","link":"https:\/\/accesolatino.org\/en\/obten-apoyo-financiero-para-estudiar-la-universidad\/","title":{"rendered":"Get financial support for college"},"content":{"rendered":"<div data-elementor-type=\"wp-post\" data-elementor-id=\"20224\" class=\"elementor elementor-20224\">\n\t\t\t\t\t\t<section class=\"elementor-section elementor-top-section elementor-element elementor-element-8b90fbb elementor-section-full_width elementor-section-height-min-height elementor-section-items-stretch elementor-section-height-default wpr-particle-no wpr-jarallax-no wpr-parallax-no wpr-sticky-section-no wpr-equal-height-no\" data-id=\"8b90fbb\" data-element_type=\"section\" data-e-type=\"section\" data-settings=\"{&quot;background_background&quot;:&quot;classic&quot;}\">\n\t\t\t\t\t\t<div class=\"elementor-container elementor-column-gap-no\">\n\t\t\t\t\t<div class=\"elementor-column elementor-col-100 elementor-top-column elementor-element elementor-element-1fa0d99\" data-id=\"1fa0d99\" data-element_type=\"column\" data-e-type=\"column\">\n\t\t\t<div class=\"elementor-widget-wrap elementor-element-populated\">\n\t\t\t\t\t\t<div class=\"elementor-element elementor-element-2b3c877 elementor--h-position-center elementor--v-position-middle elementor-widget elementor-widget-slides\" data-id=\"2b3c877\" data-element_type=\"widget\" data-e-type=\"widget\" data-settings=\"{&quot;navigation&quot;:&quot;none&quot;,&quot;infinite&quot;:&quot;yes&quot;,&quot;transition&quot;:&quot;slide&quot;,&quot;transition_speed&quot;:500}\" data-widget_type=\"slides.default\">\n\t\t\t\t<div class=\"elementor-widget-container\">\n\t\t\t\t\t\t\t<div class=\"elementor-swiper\">\n\t\t\t<div class=\"elementor-slides-wrapper elementor-main-swiper swiper-container\" dir=\"ltr\" data-animation=\"\">\n\t\t\t\t<div class=\"swiper-wrapper elementor-slides\">\n\t\t\t\t\t\t\t\t\t\t<div class=\"elementor-repeater-item-d983a28 swiper-slide\"><div class=\"swiper-slide-bg\"><\/div><div class=\"swiper-slide-inner\" ><div class=\"swiper-slide-contents\"><div class=\"elementor-slide-heading\">Education<\/div><\/div><\/div><\/div>\t\t\t\t<\/div>\n\t\t\t\t\t\t\t<\/div>\n\t\t<\/div>\n\t\t\t\t\t\t<\/div>\n\t\t\t\t<\/div>\n\t\t\t\t\t<\/div>\n\t\t<\/div>\n\t\t\t\t\t<\/div>\n\t\t<\/section>\n\t\t\t\t<section class=\"elementor-section elementor-top-section elementor-element elementor-element-7ca2fef elementor-section-stretched elementor-section-boxed elementor-section-height-default elementor-section-height-default wpr-particle-no wpr-jarallax-no wpr-parallax-no wpr-sticky-section-no wpr-equal-height-no\" data-id=\"7ca2fef\" data-element_type=\"section\" data-e-type=\"section\" data-settings=\"{&quot;stretch_section&quot;:&quot;section-stretched&quot;,&quot;background_background&quot;:&quot;classic&quot;}\">\n\t\t\t\t\t\t<div class=\"elementor-container elementor-column-gap-default\">\n\t\t\t\t\t<div class=\"elementor-column elementor-col-100 elementor-top-column elementor-element elementor-element-13ebab9\" data-id=\"13ebab9\" data-element_type=\"column\" data-e-type=\"column\">\n\t\t\t<div class=\"elementor-widget-wrap elementor-element-populated\">\n\t\t\t\t\t\t<div class=\"elementor-element elementor-element-5d79506 elementor-widget elementor-widget-heading\" data-id=\"5d79506\" data-element_type=\"widget\" data-e-type=\"widget\" data-widget_type=\"heading.default\">\n\t\t\t\t<div class=\"elementor-widget-container\">\n\t\t\t\t\t<h3 class=\"elementor-heading-title elementor-size-default\">Get financial support for college<\/h3>\t\t\t\t<\/div>\n\t\t\t\t<\/div>\n\t\t\t\t<div class=\"elementor-element elementor-element-ee7c3b4 elementor-widget elementor-widget-text-editor\" data-id=\"ee7c3b4\" data-element_type=\"widget\" data-e-type=\"widget\" data-widget_type=\"text-editor.default\">\n\t\t\t\t<div class=\"elementor-widget-container\">\n\t\t\t\t\t\t\t\t\t<p>\u00bfSab\u00edas que gobierno federal estadounidense ofrece apoyos econ\u00f3micos para seguir con tus estudios? Con <strong>\u201c<a href=\"https:\/\/www.univision.com\/noticias\/educacion\/especial-educacion-fafsa-todas-tus-preguntas-respondidas\" target=\"_blank\" rel=\"noopener\">El Programa Ayuda Federal Para Estudiantes (FAFSA)<\/a>\u201d<\/strong> puedes continuar con tu preparaci\u00f3n acad\u00e9mica y no frenar tu crecimiento.<\/p><p>Esta informaci\u00f3n la encontrar\u00e1s en la secci\u00f3n <strong>\u201c<a href=\"https:\/\/accesolatino.org\/en\/educacion\/\">Education<\/a>\".<\/strong> Aqu\u00ed podr\u00e1s ver lo que se necesita para iniciar con el proceso y los requerimientos para calificar en \u00e9l.<\/p><p>Encuentra los recursos econ\u00f3micos para estudiar la universidad, el objetivo del gobierno al crear este programa es para ayudarte a conseguir el dinero que necesitas para pagar tu educaci\u00f3n.<\/p><p>In <strong>Acceso Latino<\/strong> <strong>tu primera ventana de consulta migratoria<\/strong>, encontrar\u00e1s herramientas que te ayudar\u00e1n en cualquier situaci\u00f3n en la que te encuentres y adem\u00e1s te ofrece cursos educativos sin costo para cualquier nivel en el que te encuentres.<\/p>\t\t\t\t\t\t\t\t<\/div>\n\t\t\t\t<\/div>\n\t\t\t\t<div class=\"elementor-element elementor-element-7c15c79 elementor-widget elementor-widget-spacer\" data-id=\"7c15c79\" data-element_type=\"widget\" data-e-type=\"widget\" data-widget_type=\"spacer.default\">\n\t\t\t\t<div class=\"elementor-widget-container\">\n\t\t\t\t\t\t\t<div class=\"elementor-spacer\">\n\t\t\t<div class=\"elementor-spacer-inner\"><\/div>\n\t\t<\/div>\n\t\t\t\t\t\t<\/div>\n\t\t\t\t<\/div>\n\t\t\t\t\t<\/div>\n\t\t<\/div>\n\t\t\t\t\t<\/div>\n\t\t<\/section>\n\t\t\t\t<\/div>","protected":false},"excerpt":{"rendered":"<p>Educaci\u00f3n Obt\u00e9n apoyo financiero para estudiar la universidad \u00bfSab\u00edas que gobierno federal estadounidense ofrece apoyos econ\u00f3micos para seguir con tus estudios? Con \u201cEl Programa Ayuda Federal Para Estudiantes (FAFSA)\u201d puedes continuar con tu preparaci\u00f3n acad\u00e9mica y no frenar tu crecimiento. Esta informaci\u00f3n la encontrar\u00e1s en la secci\u00f3n \u201cEducaci\u00f3n\u201d. Aqu\u00ed podr\u00e1s ver lo que se necesita para iniciar con el proceso y los requerimientos para calificar en \u00e9l. Encuentra los recursos econ\u00f3micos para estudiar la universidad, el objetivo del gobierno al crear este programa es para ayudarte a conseguir el dinero que necesitas para pagar tu educaci\u00f3n. En Acceso Latino tu primera ventana de consulta migratoria, encontrar\u00e1s herramientas que te ayudar\u00e1n en cualquier situaci\u00f3n en la que te encuentres y adem\u00e1s te ofrece cursos educativos sin costo para cualquier nivel en el que te encuentres.<\/p>","protected":false},"author":7,"featured_media":20226,"parent":0,"menu_order":0,"comment_status":"closed","ping_status":"closed","template":"elementor_header_footer","meta":{"_uf_show_specific_survey":0,"_uf_disable_surveys":false,"footnotes":""},"class_list":["post-20224","page","type-page","status-publish","has-post-thumbnail"],"aioseo_notices":[],"yoast_head":"<!-- This site is optimized with the Yoast SEO plugin v27.5 - https:\/\/yoast.com\/product\/yoast-seo-wordpress\/ -->\n<title>Obt\u00e9n apoyo financiero para estudiar la universidad<\/title>\n<meta name=\"description\" content=\"Obt\u00e9n\u00a0apoyo\u00a0financiero\u00a0para estudiar la universidad \u00bfSab\u00edas que gobierno federal estadounidense ofrece apoyos econ\u00f3micos para seguir con...\" \/>\n<meta name=\"robots\" content=\"index, follow, max-snippet:-1, max-image-preview:large, max-video-preview:-1\" \/>\n<link rel=\"canonical\" href=\"https:\/\/accesolatino.org\/en\/obten-apoyo-financiero-para-estudiar-la-universidad\/\" \/>\n<meta property=\"og:locale\" content=\"en_US\" \/>\n<meta property=\"og:type\" content=\"article\" \/>\n<meta property=\"og:title\" content=\"Acceso Latino | Obt\u00e9n apoyo financiero para estudiar la universidad\" \/>\n<meta property=\"og:description\" content=\"Obt\u00e9n apoyo financiero para estudiar la universidad\" \/>\n<meta property=\"og:url\" content=\"https:\/\/accesolatino.org\/en\/obten-apoyo-financiero-para-estudiar-la-universidad\/\" \/>\n<meta property=\"og:site_name\" content=\"Acceso Latino\" \/>\n<meta property=\"article:publisher\" content=\"https:\/\/www.facebook.com\/AccesoLatinoOrg\" \/>\n<meta property=\"article:modified_time\" content=\"2025-10-17T23:21:33+00:00\" \/>\n<meta property=\"og:image\" content=\"https:\/\/accesolatino.org\/wp-content\/uploads\/2020\/02\/Obt\u00e9n-apoyo-financiero-para-estudiar-la-universidad.jpg\" \/>\n\t<meta property=\"og:image:width\" content=\"400\" \/>\n\t<meta property=\"og:image:height\" content=\"225\" \/>\n\t<meta property=\"og:image:type\" content=\"image\/jpeg\" \/>\n<meta name=\"twitter:card\" content=\"summary_large_image\" \/>\n<meta name=\"twitter:title\" content=\"Acceso Latino | Obt\u00e9n apoyo financiero para estudiar la universidad\" \/>\n<meta name=\"twitter:description\" content=\"Obt\u00e9n apoyo financiero para estudiar la universidad\" \/>\n<meta name=\"twitter:image\" content=\"https:\/\/accesolatino.org\/wp-content\/uploads\/2020\/02\/Obt\u00e9n-apoyo-financiero-para-estudiar-la-universidad.jpg\" \/>\n<meta name=\"twitter:site\" content=\"@FAccLatino\" \/>\n<meta name=\"twitter:label1\" content=\"Est. reading time\" \/>\n\t<meta name=\"twitter:data1\" content=\"1 minute\" \/>\n<script type=\"application\/ld+json\" class=\"yoast-schema-graph\">{\"@context\":\"https:\\\/\\\/schema.org\",\"@graph\":[{\"@type\":\"WebPage\",\"@id\":\"https:\\\/\\\/accesolatino.org\\\/obten-apoyo-financiero-para-estudiar-la-universidad\\\/\",\"url\":\"https:\\\/\\\/accesolatino.org\\\/obten-apoyo-financiero-para-estudiar-la-universidad\\\/\",\"name\":\"Obt\u00e9n apoyo financiero para estudiar la universidad\",\"isPartOf\":{\"@id\":\"https:\\\/\\\/accesolatino.org\\\/#website\"},\"primaryImageOfPage\":{\"@id\":\"https:\\\/\\\/accesolatino.org\\\/obten-apoyo-financiero-para-estudiar-la-universidad\\\/#primaryimage\"},\"image\":{\"@id\":\"https:\\\/\\\/accesolatino.org\\\/obten-apoyo-financiero-para-estudiar-la-universidad\\\/#primaryimage\"},\"thumbnailUrl\":\"https:\\\/\\\/accesolatino.org\\\/wp-content\\\/uploads\\\/2020\\\/02\\\/Obt\u00e9n-apoyo-financiero-para-estudiar-la-universidad.jpg\",\"datePublished\":\"2020-02-19T15:24:52+00:00\",\"dateModified\":\"2025-10-17T23:21:33+00:00\",\"description\":\"Obt\u00e9n\u00a0apoyo\u00a0financiero\u00a0para estudiar la universidad \u00bfSab\u00edas que gobierno federal estadounidense ofrece apoyos econ\u00f3micos para seguir con...\",\"breadcrumb\":{\"@id\":\"https:\\\/\\\/accesolatino.org\\\/obten-apoyo-financiero-para-estudiar-la-universidad\\\/#breadcrumb\"},\"inLanguage\":\"en-US\",\"potentialAction\":[{\"@type\":\"ReadAction\",\"target\":[\"https:\\\/\\\/accesolatino.org\\\/obten-apoyo-financiero-para-estudiar-la-universidad\\\/\"]}]},{\"@type\":\"ImageObject\",\"inLanguage\":\"en-US\",\"@id\":\"https:\\\/\\\/accesolatino.org\\\/obten-apoyo-financiero-para-estudiar-la-universidad\\\/#primaryimage\",\"url\":\"https:\\\/\\\/accesolatino.org\\\/wp-content\\\/uploads\\\/2020\\\/02\\\/Obt\u00e9n-apoyo-financiero-para-estudiar-la-universidad.jpg\",\"contentUrl\":\"https:\\\/\\\/accesolatino.org\\\/wp-content\\\/uploads\\\/2020\\\/02\\\/Obt\u00e9n-apoyo-financiero-para-estudiar-la-universidad.jpg\",\"width\":400,\"height\":225,\"caption\":\"apoyo financiero\"},{\"@type\":\"BreadcrumbList\",\"@id\":\"https:\\\/\\\/accesolatino.org\\\/obten-apoyo-financiero-para-estudiar-la-universidad\\\/#breadcrumb\",\"itemListElement\":[{\"@type\":\"ListItem\",\"position\":1,\"name\":\"Portada\",\"item\":\"https:\\\/\\\/accesolatino.org\\\/\"},{\"@type\":\"ListItem\",\"position\":2,\"name\":\"Obt\u00e9n apoyo financiero para estudiar la universidad\"}]},{\"@type\":\"WebSite\",\"@id\":\"https:\\\/\\\/accesolatino.org\\\/#website\",\"url\":\"https:\\\/\\\/accesolatino.org\\\/\",\"name\":\"Acceso Latino | Fundaci\u00f3n Carlos Slim\",\"description\":\"Fundaci\u00f3n Carlos Slim\",\"publisher\":{\"@id\":\"https:\\\/\\\/accesolatino.org\\\/#organization\"},\"potentialAction\":[{\"@type\":\"SearchAction\",\"target\":{\"@type\":\"EntryPoint\",\"urlTemplate\":\"https:\\\/\\\/accesolatino.org\\\/?s={search_term_string}\"},\"query-input\":{\"@type\":\"PropertyValueSpecification\",\"valueRequired\":true,\"valueName\":\"search_term_string\"}}],\"inLanguage\":\"en-US\"},{\"@type\":\"Organization\",\"@id\":\"https:\\\/\\\/accesolatino.org\\\/#organization\",\"name\":\"Acceso Latino | Fundaci\u00f3n Carlos Slim\",\"url\":\"https:\\\/\\\/accesolatino.org\\\/\",\"logo\":{\"@type\":\"ImageObject\",\"inLanguage\":\"en-US\",\"@id\":\"https:\\\/\\\/accesolatino.org\\\/#\\\/schema\\\/logo\\\/image\\\/\",\"url\":\"https:\\\/\\\/accesolatino.org\\\/wp-content\\\/uploads\\\/2021\\\/02\\\/logo-footer-acceso-latino.png\",\"contentUrl\":\"https:\\\/\\\/accesolatino.org\\\/wp-content\\\/uploads\\\/2021\\\/02\\\/logo-footer-acceso-latino.png\",\"width\":240,\"height\":40,\"caption\":\"Acceso Latino | Fundaci\u00f3n Carlos Slim\"},\"image\":{\"@id\":\"https:\\\/\\\/accesolatino.org\\\/#\\\/schema\\\/logo\\\/image\\\/\"},\"sameAs\":[\"https:\\\/\\\/www.facebook.com\\\/AccesoLatinoOrg\",\"https:\\\/\\\/x.com\\\/FAccLatino\"]}]}<\/script>\n<!-- \/ Yoast SEO plugin. -->","yoast_head_json":{"title":"Get financial support for college","description":"Obt\u00e9n\u00a0apoyo\u00a0financiero\u00a0para estudiar la universidad \u00bfSab\u00edas que gobierno federal estadounidense ofrece apoyos econ\u00f3micos para seguir con...","robots":{"index":"index","follow":"follow","max-snippet":"max-snippet:-1","max-image-preview":"max-image-preview:large","max-video-preview":"max-video-preview:-1"},"canonical":"https:\/\/accesolatino.org\/en\/obten-apoyo-financiero-para-estudiar-la-universidad\/","og_locale":"en_US","og_type":"article","og_title":"Acceso Latino | Obt\u00e9n apoyo financiero para estudiar la universidad","og_description":"Obt\u00e9n apoyo financiero para estudiar la universidad","og_url":"https:\/\/accesolatino.org\/en\/obten-apoyo-financiero-para-estudiar-la-universidad\/","og_site_name":"Acceso Latino","article_publisher":"https:\/\/www.facebook.com\/AccesoLatinoOrg","article_modified_time":"2025-10-17T23:21:33+00:00","og_image":[{"width":400,"height":225,"url":"https:\/\/accesolatino.org\/wp-content\/uploads\/2020\/02\/Obt\u00e9n-apoyo-financiero-para-estudiar-la-universidad.jpg","type":"image\/jpeg"}],"twitter_card":"summary_large_image","twitter_title":"Acceso Latino | Obt\u00e9n apoyo financiero para estudiar la universidad","twitter_description":"Obt\u00e9n apoyo financiero para estudiar la universidad","twitter_image":"https:\/\/accesolatino.org\/wp-content\/uploads\/2020\/02\/Obt\u00e9n-apoyo-financiero-para-estudiar-la-universidad.jpg","twitter_site":"@FAccLatino","twitter_misc":{"Est. reading time":"1 minute"},"schema":{"@context":"https:\/\/schema.org","@graph":[{"@type":"WebPage","@id":"https:\/\/accesolatino.org\/obten-apoyo-financiero-para-estudiar-la-universidad\/","url":"https:\/\/accesolatino.org\/obten-apoyo-financiero-para-estudiar-la-universidad\/","name":"Get financial support for college","isPartOf":{"@id":"https:\/\/accesolatino.org\/#website"},"primaryImageOfPage":{"@id":"https:\/\/accesolatino.org\/obten-apoyo-financiero-para-estudiar-la-universidad\/#primaryimage"},"image":{"@id":"https:\/\/accesolatino.org\/obten-apoyo-financiero-para-estudiar-la-universidad\/#primaryimage"},"thumbnailUrl":"https:\/\/accesolatino.org\/wp-content\/uploads\/2020\/02\/Obt\u00e9n-apoyo-financiero-para-estudiar-la-universidad.jpg","datePublished":"2020-02-19T15:24:52+00:00","dateModified":"2025-10-17T23:21:33+00:00","description":"Obt\u00e9n\u00a0apoyo\u00a0financiero\u00a0para estudiar la universidad \u00bfSab\u00edas que gobierno federal estadounidense ofrece apoyos econ\u00f3micos para seguir con...","breadcrumb":{"@id":"https:\/\/accesolatino.org\/obten-apoyo-financiero-para-estudiar-la-universidad\/#breadcrumb"},"inLanguage":"en-US","potentialAction":[{"@type":"ReadAction","target":["https:\/\/accesolatino.org\/obten-apoyo-financiero-para-estudiar-la-universidad\/"]}]},{"@type":"ImageObject","inLanguage":"en-US","@id":"https:\/\/accesolatino.org\/obten-apoyo-financiero-para-estudiar-la-universidad\/#primaryimage","url":"https:\/\/accesolatino.org\/wp-content\/uploads\/2020\/02\/Obt\u00e9n-apoyo-financiero-para-estudiar-la-universidad.jpg","contentUrl":"https:\/\/accesolatino.org\/wp-content\/uploads\/2020\/02\/Obt\u00e9n-apoyo-financiero-para-estudiar-la-universidad.jpg","width":400,"height":225,"caption":"apoyo financiero"},{"@type":"BreadcrumbList","@id":"https:\/\/accesolatino.org\/obten-apoyo-financiero-para-estudiar-la-universidad\/#breadcrumb","itemListElement":[{"@type":"ListItem","position":1,"name":"Portada","item":"https:\/\/accesolatino.org\/"},{"@type":"ListItem","position":2,"name":"Obt\u00e9n apoyo financiero para estudiar la universidad"}]},{"@type":"WebSite","@id":"https:\/\/accesolatino.org\/#website","url":"https:\/\/accesolatino.org\/","name":"Acceso Latino | Fundaci\u00f3n Carlos Slim","description":"Fundaci\u00f3n Carlos Slim","publisher":{"@id":"https:\/\/accesolatino.org\/#organization"},"potentialAction":[{"@type":"SearchAction","target":{"@type":"EntryPoint","urlTemplate":"https:\/\/accesolatino.org\/?s={search_term_string}"},"query-input":{"@type":"PropertyValueSpecification","valueRequired":true,"valueName":"search_term_string"}}],"inLanguage":"en-US"},{"@type":"Organization","@id":"https:\/\/accesolatino.org\/#organization","name":"Acceso Latino | Fundaci\u00f3n Carlos Slim","url":"https:\/\/accesolatino.org\/","logo":{"@type":"ImageObject","inLanguage":"en-US","@id":"https:\/\/accesolatino.org\/#\/schema\/logo\/image\/","url":"https:\/\/accesolatino.org\/wp-content\/uploads\/2021\/02\/logo-footer-acceso-latino.png","contentUrl":"https:\/\/accesolatino.org\/wp-content\/uploads\/2021\/02\/logo-footer-acceso-latino.png","width":240,"height":40,"caption":"Acceso Latino | Fundaci\u00f3n Carlos Slim"},"image":{"@id":"https:\/\/accesolatino.org\/#\/schema\/logo\/image\/"},"sameAs":["https:\/\/www.facebook.com\/AccesoLatinoOrg","https:\/\/x.com\/FAccLatino"]}]}},"_links":{"self":[{"href":"https:\/\/accesolatino.org\/en\/wp-json\/wp\/v2\/pages\/20224","targetHints":{"allow":["GET"]}}],"collection":[{"href":"https:\/\/accesolatino.org\/en\/wp-json\/wp\/v2\/pages"}],"about":[{"href":"https:\/\/accesolatino.org\/en\/wp-json\/wp\/v2\/types\/page"}],"author":[{"embeddable":true,"href":"https:\/\/accesolatino.org\/en\/wp-json\/wp\/v2\/users\/7"}],"replies":[{"embeddable":true,"href":"https:\/\/accesolatino.org\/en\/wp-json\/wp\/v2\/comments?post=20224"}],"version-history":[{"count":1,"href":"https:\/\/accesolatino.org\/en\/wp-json\/wp\/v2\/pages\/20224\/revisions"}],"predecessor-version":[{"id":64250,"href":"https:\/\/accesolatino.org\/en\/wp-json\/wp\/v2\/pages\/20224\/revisions\/64250"}],"wp:featuredmedia":[{"embeddable":true,"href":"https:\/\/accesolatino.org\/en\/wp-json\/wp\/v2\/media\/20226"}],"wp:attachment":[{"href":"https:\/\/accesolatino.org\/en\/wp-json\/wp\/v2\/media?parent=20224"}],"curies":[{"name":"wp","href":"https:\/\/api.w.org\/{rel}","templated":true}]}}