{"id":19964,"date":"2020-01-27T09:38:05","date_gmt":"2020-01-27T15:38:05","guid":{"rendered":"https:\/\/accesolatino.org\/?page_id=19964"},"modified":"2025-10-16T15:09:45","modified_gmt":"2025-10-16T21:09:45","slug":"existen-clinicas-en-usa-que-te-atienden-de-forma-gratuita","status":"publish","type":"page","link":"https:\/\/accesolatino.org\/en\/salud\/existen-clinicas-en-usa-que-te-atienden-de-forma-gratuita\/","title":{"rendered":"There are clinics in the USA that will treat you free of charge."},"content":{"rendered":"<div data-elementor-type=\"wp-post\" data-elementor-id=\"19964\" class=\"elementor elementor-19964\">\n\t\t\t\t\t\t<section class=\"elementor-section elementor-top-section elementor-element elementor-element-9680318 elementor-section-full_width elementor-section-height-min-height elementor-section-items-stretch elementor-section-height-default wpr-particle-no wpr-jarallax-no wpr-parallax-no wpr-sticky-section-no wpr-equal-height-no\" data-id=\"9680318\" data-element_type=\"section\" data-e-type=\"section\" data-settings=\"{&quot;background_background&quot;:&quot;classic&quot;}\">\n\t\t\t\t\t\t<div class=\"elementor-container elementor-column-gap-no\">\n\t\t\t\t\t<div class=\"elementor-column elementor-col-100 elementor-top-column elementor-element elementor-element-a250c9d\" data-id=\"a250c9d\" data-element_type=\"column\" data-e-type=\"column\">\n\t\t\t<div class=\"elementor-widget-wrap elementor-element-populated\">\n\t\t\t\t\t\t<div class=\"elementor-element elementor-element-cce80bf elementor--h-position-center elementor--v-position-middle elementor-widget elementor-widget-slides\" data-id=\"cce80bf\" data-element_type=\"widget\" data-e-type=\"widget\" data-settings=\"{&quot;navigation&quot;:&quot;none&quot;,&quot;infinite&quot;:&quot;yes&quot;,&quot;transition&quot;:&quot;slide&quot;,&quot;transition_speed&quot;:500}\" data-widget_type=\"slides.default\">\n\t\t\t\t<div class=\"elementor-widget-container\">\n\t\t\t\t\t\t\t<div class=\"elementor-swiper\">\n\t\t\t<div class=\"elementor-slides-wrapper elementor-main-swiper swiper-container\" dir=\"ltr\" data-animation=\"\">\n\t\t\t\t<div class=\"swiper-wrapper elementor-slides\">\n\t\t\t\t\t\t\t\t\t\t<div class=\"elementor-repeater-item-d983a28 swiper-slide\"><div class=\"swiper-slide-bg\"><\/div><div class=\"swiper-slide-inner\" ><div class=\"swiper-slide-contents\"><div class=\"elementor-slide-heading\">Health<\/div><\/div><\/div><\/div>\t\t\t\t<\/div>\n\t\t\t\t\t\t\t<\/div>\n\t\t<\/div>\n\t\t\t\t\t\t<\/div>\n\t\t\t\t<\/div>\n\t\t\t\t\t<\/div>\n\t\t<\/div>\n\t\t\t\t\t<\/div>\n\t\t<\/section>\n\t\t\t\t<section class=\"elementor-section elementor-top-section elementor-element elementor-element-363a4fb elementor-section-stretched elementor-section-boxed elementor-section-height-default elementor-section-height-default wpr-particle-no wpr-jarallax-no wpr-parallax-no wpr-sticky-section-no wpr-equal-height-no\" data-id=\"363a4fb\" data-element_type=\"section\" data-e-type=\"section\" data-settings=\"{&quot;stretch_section&quot;:&quot;section-stretched&quot;,&quot;background_background&quot;:&quot;classic&quot;}\">\n\t\t\t\t\t\t<div class=\"elementor-container elementor-column-gap-default\">\n\t\t\t\t\t<div class=\"elementor-column elementor-col-100 elementor-top-column elementor-element elementor-element-244e659\" data-id=\"244e659\" data-element_type=\"column\" data-e-type=\"column\">\n\t\t\t<div class=\"elementor-widget-wrap elementor-element-populated\">\n\t\t\t\t\t\t<div class=\"elementor-element elementor-element-340ca24 elementor-widget elementor-widget-heading\" data-id=\"340ca24\" data-element_type=\"widget\" data-e-type=\"widget\" data-widget_type=\"heading.default\">\n\t\t\t\t<div class=\"elementor-widget-container\">\n\t\t\t\t\t<h3 class=\"elementor-heading-title elementor-size-default\">There are clinics in the USA that will treat you free of charge.<\/h3>\t\t\t\t<\/div>\n\t\t\t\t<\/div>\n\t\t\t\t<div class=\"elementor-element elementor-element-e91a59f elementor-widget elementor-widget-text-editor\" data-id=\"e91a59f\" data-element_type=\"widget\" data-e-type=\"widget\" data-widget_type=\"text-editor.default\">\n\t\t\t\t<div class=\"elementor-widget-container\">\n\t\t\t\t\t\t\t\t\t<p>In our section <a href=\"https:\/\/accesolatino.org\/en\/salud\/\"><strong>\u201cSalud\u201d<\/strong><\/a> encontrar\u00e1s el apartado <a href=\"https:\/\/www.freeclinics.com\/\" target=\"_blank\" rel=\"noopener\"><strong>\u201cCl\u00ednicas gratuitas en todo EUA\u201d <\/strong><\/a>donde podr\u00e1s encontrar servicios de salud gratuitos o bajo costo en tu estado.<\/p><p>Todos los inmigrantes que viven en Estados Unidos tienen derecho de recibir atenci\u00f3n m\u00e9dica profesional.<\/p><p>Esta tarjeta te apoyar\u00e1 con un listado de todos los estados de la Uni\u00f3n Americana donde podr\u00e1s encontrar cl\u00ednicas que se adaptan a tus ingresos y sin importar tu estatus migratorio.<\/p><p><a href=\"https:\/\/www.freeclinics.com\/\" target=\"_blank\" rel=\"noopener\"><strong>\u201cFree Clinics<\/strong>\u201d<\/a> tambi\u00e9n facilita una lista de cl\u00ednicas dentales y de consultorios m\u00f3viles, que transitan por todo el territorio norteamericano brindando apoyo m\u00e9dico a quien m\u00e1s lo necesite.<\/p>\t\t\t\t\t\t\t\t<\/div>\n\t\t\t\t<\/div>\n\t\t\t\t<div class=\"elementor-element elementor-element-80564ab elementor-widget elementor-widget-spacer\" data-id=\"80564ab\" data-element_type=\"widget\" data-e-type=\"widget\" data-widget_type=\"spacer.default\">\n\t\t\t\t<div class=\"elementor-widget-container\">\n\t\t\t\t\t\t\t<div class=\"elementor-spacer\">\n\t\t\t<div class=\"elementor-spacer-inner\"><\/div>\n\t\t<\/div>\n\t\t\t\t\t\t<\/div>\n\t\t\t\t<\/div>\n\t\t\t\t\t<\/div>\n\t\t<\/div>\n\t\t\t\t\t<\/div>\n\t\t<\/section>\n\t\t\t\t<\/div>","protected":false},"excerpt":{"rendered":"<p>Salud Existen cl\u00ednicas en USA que te atienden de forma gratuita En nuestra secci\u00f3n \u201cSalud\u201d encontrar\u00e1s el apartado \u201cCl\u00ednicas gratuitas en todo EUA\u201d donde podr\u00e1s encontrar servicios de salud gratuitos o bajo costo en tu estado. Todos los inmigrantes que viven en Estados Unidos tienen derecho de recibir atenci\u00f3n m\u00e9dica profesional. Esta tarjeta te apoyar\u00e1 con un listado de todos los estados de la Uni\u00f3n Americana donde podr\u00e1s encontrar cl\u00ednicas que se adaptan a tus ingresos y sin importar tu estatus migratorio. \u201cFree Clinics\u201d tambi\u00e9n facilita una lista de cl\u00ednicas dentales y de consultorios m\u00f3viles, que transitan por todo el territorio norteamericano brindando apoyo m\u00e9dico a quien m\u00e1s lo necesite.<\/p>","protected":false},"author":4,"featured_media":19967,"parent":4668,"menu_order":0,"comment_status":"closed","ping_status":"closed","template":"elementor_header_footer","meta":{"_uf_show_specific_survey":0,"_uf_disable_surveys":false,"footnotes":""},"class_list":["post-19964","page","type-page","status-publish","has-post-thumbnail"],"aioseo_notices":[],"yoast_head":"<!-- This site is optimized with the Yoast SEO plugin v27.4 - https:\/\/yoast.com\/product\/yoast-seo-wordpress\/ -->\n<title>Existen cl\u00ednicas en USA que te atienden de forma gratuita<\/title>\n<meta name=\"description\" content=\"Conoce tus derechos y lo que Estados Unidos tiene para ofrecer a los migrantes en materia de Salud - Acceso Latino\" \/>\n<meta name=\"robots\" content=\"index, follow, max-snippet:-1, max-image-preview:large, max-video-preview:-1\" \/>\n<link rel=\"canonical\" href=\"https:\/\/accesolatino.org\/en\/salud\/existen-clinicas-en-usa-que-te-atienden-de-forma-gratuita\/\" \/>\n<meta property=\"og:locale\" content=\"en_US\" \/>\n<meta property=\"og:type\" content=\"article\" \/>\n<meta property=\"og:title\" content=\"Acceso Latino | Existen cl\u00ednicas en USA que te atienden de forma gratuita\" \/>\n<meta property=\"og:description\" content=\"Conoce todo lo que Estados Unidos tiene para ofrecer a los migrantes en materia de Salud\" \/>\n<meta property=\"og:url\" content=\"https:\/\/accesolatino.org\/en\/salud\/existen-clinicas-en-usa-que-te-atienden-de-forma-gratuita\/\" \/>\n<meta property=\"og:site_name\" content=\"Acceso Latino\" \/>\n<meta property=\"article:publisher\" content=\"https:\/\/www.facebook.com\/AccesoLatinoOrg\" \/>\n<meta property=\"article:modified_time\" content=\"2025-10-16T21:09:45+00:00\" \/>\n<meta property=\"og:image\" content=\"https:\/\/accesolatino.org\/wp-content\/uploads\/2020\/01\/Existen-cl\u00ednicas-en-USA-que-te-atienden-de-forma-gratuita.png\" \/>\n\t<meta property=\"og:image:width\" content=\"600\" \/>\n\t<meta property=\"og:image:height\" content=\"338\" \/>\n\t<meta property=\"og:image:type\" content=\"image\/png\" \/>\n<meta name=\"twitter:card\" content=\"summary_large_image\" \/>\n<meta name=\"twitter:title\" content=\"Acceso Latino | Existen cl\u00ednicas en USA que te atienden de forma gratuita\" \/>\n<meta name=\"twitter:description\" content=\"Conoce todo lo que Estados Unidos tiene para ofrecer a los migrantes en materia de Salud\" \/>\n<meta name=\"twitter:image\" content=\"https:\/\/accesolatino.org\/wp-content\/uploads\/2020\/01\/Existen-cl\u00ednicas-en-USA-que-te-atienden-de-forma-gratuita.png\" \/>\n<meta name=\"twitter:site\" content=\"@FAccLatino\" \/>\n<meta name=\"twitter:label1\" content=\"Est. reading time\" \/>\n\t<meta name=\"twitter:data1\" content=\"1 minute\" \/>\n<script type=\"application\/ld+json\" class=\"yoast-schema-graph\">{\"@context\":\"https:\\\/\\\/schema.org\",\"@graph\":[{\"@type\":\"WebPage\",\"@id\":\"https:\\\/\\\/accesolatino.org\\\/salud\\\/existen-clinicas-en-usa-que-te-atienden-de-forma-gratuita\\\/\",\"url\":\"https:\\\/\\\/accesolatino.org\\\/salud\\\/existen-clinicas-en-usa-que-te-atienden-de-forma-gratuita\\\/\",\"name\":\"Existen cl\u00ednicas en USA que te atienden de forma gratuita\",\"isPartOf\":{\"@id\":\"https:\\\/\\\/accesolatino.org\\\/#website\"},\"primaryImageOfPage\":{\"@id\":\"https:\\\/\\\/accesolatino.org\\\/salud\\\/existen-clinicas-en-usa-que-te-atienden-de-forma-gratuita\\\/#primaryimage\"},\"image\":{\"@id\":\"https:\\\/\\\/accesolatino.org\\\/salud\\\/existen-clinicas-en-usa-que-te-atienden-de-forma-gratuita\\\/#primaryimage\"},\"thumbnailUrl\":\"https:\\\/\\\/accesolatino.org\\\/wp-content\\\/uploads\\\/2020\\\/01\\\/Existen-cl\u00ednicas-en-USA-que-te-atienden-de-forma-gratuita.png\",\"datePublished\":\"2020-01-27T15:38:05+00:00\",\"dateModified\":\"2025-10-16T21:09:45+00:00\",\"description\":\"Conoce tus derechos y lo que Estados Unidos tiene para ofrecer a los migrantes en materia de Salud - Acceso Latino\",\"breadcrumb\":{\"@id\":\"https:\\\/\\\/accesolatino.org\\\/salud\\\/existen-clinicas-en-usa-que-te-atienden-de-forma-gratuita\\\/#breadcrumb\"},\"inLanguage\":\"en-US\",\"potentialAction\":[{\"@type\":\"ReadAction\",\"target\":[\"https:\\\/\\\/accesolatino.org\\\/salud\\\/existen-clinicas-en-usa-que-te-atienden-de-forma-gratuita\\\/\"]}]},{\"@type\":\"ImageObject\",\"inLanguage\":\"en-US\",\"@id\":\"https:\\\/\\\/accesolatino.org\\\/salud\\\/existen-clinicas-en-usa-que-te-atienden-de-forma-gratuita\\\/#primaryimage\",\"url\":\"https:\\\/\\\/accesolatino.org\\\/wp-content\\\/uploads\\\/2020\\\/01\\\/Existen-cl\u00ednicas-en-USA-que-te-atienden-de-forma-gratuita.png\",\"contentUrl\":\"https:\\\/\\\/accesolatino.org\\\/wp-content\\\/uploads\\\/2020\\\/01\\\/Existen-cl\u00ednicas-en-USA-que-te-atienden-de-forma-gratuita.png\",\"width\":600,\"height\":338,\"caption\":\"m\u00e9dico\"},{\"@type\":\"BreadcrumbList\",\"@id\":\"https:\\\/\\\/accesolatino.org\\\/salud\\\/existen-clinicas-en-usa-que-te-atienden-de-forma-gratuita\\\/#breadcrumb\",\"itemListElement\":[{\"@type\":\"ListItem\",\"position\":1,\"name\":\"Portada\",\"item\":\"https:\\\/\\\/accesolatino.org\\\/\"},{\"@type\":\"ListItem\",\"position\":2,\"name\":\"Salud\",\"item\":\"https:\\\/\\\/accesolatino.org\\\/salud\\\/\"},{\"@type\":\"ListItem\",\"position\":3,\"name\":\"Existen cl\u00ednicas en USA que te atienden de forma gratuita\"}]},{\"@type\":\"WebSite\",\"@id\":\"https:\\\/\\\/accesolatino.org\\\/#website\",\"url\":\"https:\\\/\\\/accesolatino.org\\\/\",\"name\":\"Acceso Latino | Fundaci\u00f3n Carlos Slim\",\"description\":\"Fundaci\u00f3n Carlos Slim\",\"publisher\":{\"@id\":\"https:\\\/\\\/accesolatino.org\\\/#organization\"},\"potentialAction\":[{\"@type\":\"SearchAction\",\"target\":{\"@type\":\"EntryPoint\",\"urlTemplate\":\"https:\\\/\\\/accesolatino.org\\\/?s={search_term_string}\"},\"query-input\":{\"@type\":\"PropertyValueSpecification\",\"valueRequired\":true,\"valueName\":\"search_term_string\"}}],\"inLanguage\":\"en-US\"},{\"@type\":\"Organization\",\"@id\":\"https:\\\/\\\/accesolatino.org\\\/#organization\",\"name\":\"Acceso Latino | Fundaci\u00f3n Carlos Slim\",\"url\":\"https:\\\/\\\/accesolatino.org\\\/\",\"logo\":{\"@type\":\"ImageObject\",\"inLanguage\":\"en-US\",\"@id\":\"https:\\\/\\\/accesolatino.org\\\/#\\\/schema\\\/logo\\\/image\\\/\",\"url\":\"https:\\\/\\\/accesolatino.org\\\/wp-content\\\/uploads\\\/2021\\\/02\\\/logo-footer-acceso-latino.png\",\"contentUrl\":\"https:\\\/\\\/accesolatino.org\\\/wp-content\\\/uploads\\\/2021\\\/02\\\/logo-footer-acceso-latino.png\",\"width\":240,\"height\":40,\"caption\":\"Acceso Latino | Fundaci\u00f3n Carlos Slim\"},\"image\":{\"@id\":\"https:\\\/\\\/accesolatino.org\\\/#\\\/schema\\\/logo\\\/image\\\/\"},\"sameAs\":[\"https:\\\/\\\/www.facebook.com\\\/AccesoLatinoOrg\",\"https:\\\/\\\/x.com\\\/FAccLatino\"]}]}<\/script>\n<!-- \/ Yoast SEO plugin. -->","yoast_head_json":{"title":"There are clinics in the USA that will treat you free of charge.","description":"Conoce tus derechos y lo que Estados Unidos tiene para ofrecer a los migrantes en materia de Salud - Acceso Latino","robots":{"index":"index","follow":"follow","max-snippet":"max-snippet:-1","max-image-preview":"max-image-preview:large","max-video-preview":"max-video-preview:-1"},"canonical":"https:\/\/accesolatino.org\/en\/salud\/existen-clinicas-en-usa-que-te-atienden-de-forma-gratuita\/","og_locale":"en_US","og_type":"article","og_title":"Acceso Latino | Existen cl\u00ednicas en USA que te atienden de forma gratuita","og_description":"Conoce todo lo que Estados Unidos tiene para ofrecer a los migrantes en materia de Salud","og_url":"https:\/\/accesolatino.org\/en\/salud\/existen-clinicas-en-usa-que-te-atienden-de-forma-gratuita\/","og_site_name":"Acceso Latino","article_publisher":"https:\/\/www.facebook.com\/AccesoLatinoOrg","article_modified_time":"2025-10-16T21:09:45+00:00","og_image":[{"width":600,"height":338,"url":"https:\/\/accesolatino.org\/wp-content\/uploads\/2020\/01\/Existen-cl\u00ednicas-en-USA-que-te-atienden-de-forma-gratuita.png","type":"image\/png"}],"twitter_card":"summary_large_image","twitter_title":"Acceso Latino | Existen cl\u00ednicas en USA que te atienden de forma gratuita","twitter_description":"Conoce todo lo que Estados Unidos tiene para ofrecer a los migrantes en materia de Salud","twitter_image":"https:\/\/accesolatino.org\/wp-content\/uploads\/2020\/01\/Existen-cl\u00ednicas-en-USA-que-te-atienden-de-forma-gratuita.png","twitter_site":"@FAccLatino","twitter_misc":{"Est. reading time":"1 minute"},"schema":{"@context":"https:\/\/schema.org","@graph":[{"@type":"WebPage","@id":"https:\/\/accesolatino.org\/salud\/existen-clinicas-en-usa-que-te-atienden-de-forma-gratuita\/","url":"https:\/\/accesolatino.org\/salud\/existen-clinicas-en-usa-que-te-atienden-de-forma-gratuita\/","name":"There are clinics in the USA that will treat you free of charge.","isPartOf":{"@id":"https:\/\/accesolatino.org\/#website"},"primaryImageOfPage":{"@id":"https:\/\/accesolatino.org\/salud\/existen-clinicas-en-usa-que-te-atienden-de-forma-gratuita\/#primaryimage"},"image":{"@id":"https:\/\/accesolatino.org\/salud\/existen-clinicas-en-usa-que-te-atienden-de-forma-gratuita\/#primaryimage"},"thumbnailUrl":"https:\/\/accesolatino.org\/wp-content\/uploads\/2020\/01\/Existen-cl\u00ednicas-en-USA-que-te-atienden-de-forma-gratuita.png","datePublished":"2020-01-27T15:38:05+00:00","dateModified":"2025-10-16T21:09:45+00:00","description":"Conoce tus derechos y lo que Estados Unidos tiene para ofrecer a los migrantes en materia de Salud - Acceso Latino","breadcrumb":{"@id":"https:\/\/accesolatino.org\/salud\/existen-clinicas-en-usa-que-te-atienden-de-forma-gratuita\/#breadcrumb"},"inLanguage":"en-US","potentialAction":[{"@type":"ReadAction","target":["https:\/\/accesolatino.org\/salud\/existen-clinicas-en-usa-que-te-atienden-de-forma-gratuita\/"]}]},{"@type":"ImageObject","inLanguage":"en-US","@id":"https:\/\/accesolatino.org\/salud\/existen-clinicas-en-usa-que-te-atienden-de-forma-gratuita\/#primaryimage","url":"https:\/\/accesolatino.org\/wp-content\/uploads\/2020\/01\/Existen-cl\u00ednicas-en-USA-que-te-atienden-de-forma-gratuita.png","contentUrl":"https:\/\/accesolatino.org\/wp-content\/uploads\/2020\/01\/Existen-cl\u00ednicas-en-USA-que-te-atienden-de-forma-gratuita.png","width":600,"height":338,"caption":"m\u00e9dico"},{"@type":"BreadcrumbList","@id":"https:\/\/accesolatino.org\/salud\/existen-clinicas-en-usa-que-te-atienden-de-forma-gratuita\/#breadcrumb","itemListElement":[{"@type":"ListItem","position":1,"name":"Portada","item":"https:\/\/accesolatino.org\/"},{"@type":"ListItem","position":2,"name":"Salud","item":"https:\/\/accesolatino.org\/salud\/"},{"@type":"ListItem","position":3,"name":"Existen cl\u00ednicas en USA que te atienden de forma gratuita"}]},{"@type":"WebSite","@id":"https:\/\/accesolatino.org\/#website","url":"https:\/\/accesolatino.org\/","name":"Acceso Latino | Fundaci\u00f3n Carlos Slim","description":"Fundaci\u00f3n Carlos Slim","publisher":{"@id":"https:\/\/accesolatino.org\/#organization"},"potentialAction":[{"@type":"SearchAction","target":{"@type":"EntryPoint","urlTemplate":"https:\/\/accesolatino.org\/?s={search_term_string}"},"query-input":{"@type":"PropertyValueSpecification","valueRequired":true,"valueName":"search_term_string"}}],"inLanguage":"en-US"},{"@type":"Organization","@id":"https:\/\/accesolatino.org\/#organization","name":"Acceso Latino | Fundaci\u00f3n Carlos Slim","url":"https:\/\/accesolatino.org\/","logo":{"@type":"ImageObject","inLanguage":"en-US","@id":"https:\/\/accesolatino.org\/#\/schema\/logo\/image\/","url":"https:\/\/accesolatino.org\/wp-content\/uploads\/2021\/02\/logo-footer-acceso-latino.png","contentUrl":"https:\/\/accesolatino.org\/wp-content\/uploads\/2021\/02\/logo-footer-acceso-latino.png","width":240,"height":40,"caption":"Acceso Latino | Fundaci\u00f3n Carlos Slim"},"image":{"@id":"https:\/\/accesolatino.org\/#\/schema\/logo\/image\/"},"sameAs":["https:\/\/www.facebook.com\/AccesoLatinoOrg","https:\/\/x.com\/FAccLatino"]}]}},"_links":{"self":[{"href":"https:\/\/accesolatino.org\/en\/wp-json\/wp\/v2\/pages\/19964","targetHints":{"allow":["GET"]}}],"collection":[{"href":"https:\/\/accesolatino.org\/en\/wp-json\/wp\/v2\/pages"}],"about":[{"href":"https:\/\/accesolatino.org\/en\/wp-json\/wp\/v2\/types\/page"}],"author":[{"embeddable":true,"href":"https:\/\/accesolatino.org\/en\/wp-json\/wp\/v2\/users\/4"}],"replies":[{"embeddable":true,"href":"https:\/\/accesolatino.org\/en\/wp-json\/wp\/v2\/comments?post=19964"}],"version-history":[{"count":1,"href":"https:\/\/accesolatino.org\/en\/wp-json\/wp\/v2\/pages\/19964\/revisions"}],"predecessor-version":[{"id":64035,"href":"https:\/\/accesolatino.org\/en\/wp-json\/wp\/v2\/pages\/19964\/revisions\/64035"}],"up":[{"embeddable":true,"href":"https:\/\/accesolatino.org\/en\/wp-json\/wp\/v2\/pages\/4668"}],"wp:featuredmedia":[{"embeddable":true,"href":"https:\/\/accesolatino.org\/en\/wp-json\/wp\/v2\/media\/19967"}],"wp:attachment":[{"href":"https:\/\/accesolatino.org\/en\/wp-json\/wp\/v2\/media?parent=19964"}],"curies":[{"name":"wp","href":"https:\/\/api.w.org\/{rel}","templated":true}]}}