{"id":19930,"date":"2020-01-23T10:44:03","date_gmt":"2020-01-23T16:44:03","guid":{"rendered":"https:\/\/accesolatino.org\/?page_id=19930"},"modified":"2025-11-10T15:04:13","modified_gmt":"2025-11-10T21:04:13","slug":"la-educacion-academica-es-muy-importante","status":"publish","type":"page","link":"https:\/\/accesolatino.org\/en\/la-educacion-academica-es-muy-importante\/","title":{"rendered":"Academic education is very important"},"content":{"rendered":"<div data-elementor-type=\"wp-post\" data-elementor-id=\"19930\" class=\"elementor elementor-19930\">\n\t\t\t\t\t\t<section class=\"elementor-section elementor-top-section elementor-element elementor-element-55ef8ab elementor-section-full_width elementor-section-height-min-height elementor-section-items-stretch elementor-section-height-default wpr-particle-no wpr-jarallax-no wpr-parallax-no wpr-sticky-section-no wpr-equal-height-no\" data-id=\"55ef8ab\" data-element_type=\"section\" data-e-type=\"section\" data-settings=\"{&quot;background_background&quot;:&quot;classic&quot;}\">\n\t\t\t\t\t\t<div class=\"elementor-container elementor-column-gap-no\">\n\t\t\t\t\t<div class=\"elementor-column elementor-col-100 elementor-top-column elementor-element elementor-element-610a875\" data-id=\"610a875\" data-element_type=\"column\" data-e-type=\"column\">\n\t\t\t<div class=\"elementor-widget-wrap elementor-element-populated\">\n\t\t\t\t\t\t<div class=\"elementor-element elementor-element-0dc5cc7 elementor--h-position-center elementor--v-position-middle elementor-widget elementor-widget-slides\" data-id=\"0dc5cc7\" data-element_type=\"widget\" data-e-type=\"widget\" data-settings=\"{&quot;navigation&quot;:&quot;none&quot;,&quot;infinite&quot;:&quot;yes&quot;,&quot;transition&quot;:&quot;slide&quot;,&quot;transition_speed&quot;:500}\" data-widget_type=\"slides.default\">\n\t\t\t\t<div class=\"elementor-widget-container\">\n\t\t\t\t\t\t\t<div class=\"elementor-swiper\">\n\t\t\t<div class=\"elementor-slides-wrapper elementor-main-swiper swiper-container\" dir=\"ltr\" data-animation=\"\">\n\t\t\t\t<div class=\"swiper-wrapper elementor-slides\">\n\t\t\t\t\t\t\t\t\t\t<div class=\"elementor-repeater-item-d983a28 swiper-slide\"><div class=\"swiper-slide-bg\"><\/div><div class=\"swiper-slide-inner\" ><div class=\"swiper-slide-contents\"><div class=\"elementor-slide-heading\">Education<\/div><\/div><\/div><\/div>\t\t\t\t<\/div>\n\t\t\t\t\t\t\t<\/div>\n\t\t<\/div>\n\t\t\t\t\t\t<\/div>\n\t\t\t\t<\/div>\n\t\t\t\t\t<\/div>\n\t\t<\/div>\n\t\t\t\t\t<\/div>\n\t\t<\/section>\n\t\t\t\t<section class=\"elementor-section elementor-top-section elementor-element elementor-element-3489042 elementor-section-stretched elementor-section-boxed elementor-section-height-default elementor-section-height-default wpr-particle-no wpr-jarallax-no wpr-parallax-no wpr-sticky-section-no wpr-equal-height-no\" data-id=\"3489042\" data-element_type=\"section\" data-e-type=\"section\" data-settings=\"{&quot;stretch_section&quot;:&quot;section-stretched&quot;,&quot;background_background&quot;:&quot;classic&quot;}\">\n\t\t\t\t\t\t<div class=\"elementor-container elementor-column-gap-default\">\n\t\t\t\t\t<div class=\"elementor-column elementor-col-100 elementor-top-column elementor-element elementor-element-a2c018d\" data-id=\"a2c018d\" data-element_type=\"column\" data-e-type=\"column\">\n\t\t\t<div class=\"elementor-widget-wrap elementor-element-populated\">\n\t\t\t\t\t\t<div class=\"elementor-element elementor-element-c3ab96a elementor-widget elementor-widget-heading\" data-id=\"c3ab96a\" data-element_type=\"widget\" data-e-type=\"widget\" data-widget_type=\"heading.default\">\n\t\t\t\t<div class=\"elementor-widget-container\">\n\t\t\t\t\t<h3 class=\"elementor-heading-title elementor-size-default\">Academic education is very important<\/h3>\t\t\t\t<\/div>\n\t\t\t\t<\/div>\n\t\t\t\t<div class=\"elementor-element elementor-element-857b7bc elementor-widget elementor-widget-text-editor\" data-id=\"857b7bc\" data-element_type=\"widget\" data-e-type=\"widget\" data-widget_type=\"text-editor.default\">\n\t\t\t\t<div class=\"elementor-widget-container\">\n\t\t\t\t\t\t\t\t\t<p>En nuestro portal encontrar\u00e1s muchas opciones para iniciar o continuar tus estudios, ingresa a la secci\u00f3n <a href=\"https:\/\/accesolatino.org\/en\/educacion\/\"><strong>\u201cEducaci\u00f3n\u201d<\/strong><\/a> y busca ampliar tus habilidades estudiando una carrera, ya sea en territorio norteamericano o en M\u00e9xico.<\/p><p>Contamos con la pesta\u00f1a <strong><a href=\"https:\/\/www.march2success.com\/main\/index\">\u201cInformaci\u00f3n para el examen de equivalencia de estudios\u201d<\/a>, <\/strong>donde podr\u00e1s realizar una prueba para complementar tus estudios, cuenta con tres botones:<\/p><ul><li><em>General Educational Develpment <\/em>(GED) es un examen que se realiza por computadora a aquellos que no han podido obtener su diploma de High<\/li><li><em>Test Assessing Secondary Completion<\/em> (TASC) es un examen creado para que aquellos que no obtuvieron su diploma de preparatoria lo puedan conseguir por medio de una evaluaci\u00f3n.<\/li><li>El examen HI-SET es una de las tres pruebas que utilizan los estados de la Uni\u00f3n Americana para evaluar los conocimientos adquiridos y realizar una equivalencia de la escuela secundaria.<\/li><\/ul><p>El tener una educaci\u00f3n acad\u00e9mica, siempre presentar\u00e1 mejores oportunidades.<\/p><p><strong>Acceso Latino, <\/strong>tu primera ventana de consulta migratoria donde encontrar\u00e1s herramientas gratuitas que te ayudan e informan.<\/p>\t\t\t\t\t\t\t\t<\/div>\n\t\t\t\t<\/div>\n\t\t\t\t<div class=\"elementor-element elementor-element-84822f8 elementor-widget elementor-widget-spacer\" data-id=\"84822f8\" data-element_type=\"widget\" data-e-type=\"widget\" data-widget_type=\"spacer.default\">\n\t\t\t\t<div class=\"elementor-widget-container\">\n\t\t\t\t\t\t\t<div class=\"elementor-spacer\">\n\t\t\t<div class=\"elementor-spacer-inner\"><\/div>\n\t\t<\/div>\n\t\t\t\t\t\t<\/div>\n\t\t\t\t<\/div>\n\t\t\t\t\t<\/div>\n\t\t<\/div>\n\t\t\t\t\t<\/div>\n\t\t<\/section>\n\t\t\t\t<\/div>","protected":false},"excerpt":{"rendered":"<p>Educaci\u00f3n La educaci\u00f3n acad\u00e9mica es muy importante En nuestro portal encontrar\u00e1s muchas opciones para iniciar o continuar tus estudios, ingresa a la secci\u00f3n \u201cEducaci\u00f3n\u201d y busca ampliar tus habilidades estudiando una carrera, ya sea en territorio norteamericano o en M\u00e9xico. Contamos con la pesta\u00f1a \u201cInformaci\u00f3n para el examen de equivalencia de estudios\u201d, donde podr\u00e1s realizar una prueba para complementar tus estudios, cuenta con tres botones: General Educational Develpment (GED) es un examen que se realiza por computadora a aquellos que no han podido obtener su diploma de High Test Assessing Secondary Completion (TASC) es un examen creado para que aquellos que no obtuvieron su diploma de preparatoria lo puedan conseguir por medio de una evaluaci\u00f3n. El examen HI-SET es una de las tres pruebas que utilizan los estados de la Uni\u00f3n Americana para evaluar los conocimientos adquiridos y realizar una equivalencia de la escuela secundaria. El tener una educaci\u00f3n acad\u00e9mica, siempre presentar\u00e1 mejores oportunidades. Acceso Latino, tu primera ventana de consulta migratoria donde encontrar\u00e1s herramientas gratuitas que te ayudan e informan.<\/p>","protected":false},"author":7,"featured_media":19933,"parent":0,"menu_order":0,"comment_status":"closed","ping_status":"closed","template":"elementor_header_footer","meta":{"_uf_show_specific_survey":0,"_uf_disable_surveys":false,"footnotes":""},"class_list":["post-19930","page","type-page","status-publish","has-post-thumbnail"],"aioseo_notices":[],"yoast_head":"<!-- This site is optimized with the Yoast SEO plugin v27.5 - https:\/\/yoast.com\/product\/yoast-seo-wordpress\/ -->\n<title>La educaci\u00f3n acad\u00e9mica es muy importante<\/title>\n<meta name=\"description\" content=\"La educaci\u00f3n\u00a0acad\u00e9mica\u00a0es muy importante En nuestro portal encontrar\u00e1s muchas opciones para iniciar o continuar tus estudios, ingresa...\" \/>\n<meta name=\"robots\" content=\"index, follow, max-snippet:-1, max-image-preview:large, max-video-preview:-1\" \/>\n<link rel=\"canonical\" href=\"https:\/\/accesolatino.org\/en\/la-educacion-academica-es-muy-importante\/\" \/>\n<meta property=\"og:locale\" content=\"en_US\" \/>\n<meta property=\"og:type\" content=\"article\" \/>\n<meta property=\"og:title\" content=\"Acceso Latino | La educaci\u00f3n acad\u00e9mica es muy importante\" \/>\n<meta property=\"og:description\" content=\"La educaci\u00f3n acad\u00e9mica es muy importante\" \/>\n<meta property=\"og:url\" content=\"https:\/\/accesolatino.org\/en\/la-educacion-academica-es-muy-importante\/\" \/>\n<meta property=\"og:site_name\" content=\"Acceso Latino\" \/>\n<meta property=\"article:publisher\" content=\"https:\/\/www.facebook.com\/AccesoLatinoOrg\" \/>\n<meta property=\"article:modified_time\" content=\"2025-11-10T21:04:13+00:00\" \/>\n<meta property=\"og:image\" content=\"https:\/\/accesolatino.org\/wp-content\/uploads\/2020\/01\/La-educaci\u00f3n-acad\u00e9mica-es-muy-importante.png\" \/>\n\t<meta property=\"og:image:width\" content=\"600\" \/>\n\t<meta property=\"og:image:height\" content=\"338\" \/>\n\t<meta property=\"og:image:type\" content=\"image\/png\" \/>\n<meta name=\"twitter:card\" content=\"summary_large_image\" \/>\n<meta name=\"twitter:title\" content=\"Acceso Latino | La educaci\u00f3n acad\u00e9mica es muy importante\" \/>\n<meta name=\"twitter:description\" content=\"La educaci\u00f3n acad\u00e9mica es muy importante\" \/>\n<meta name=\"twitter:image\" content=\"https:\/\/accesolatino.org\/wp-content\/uploads\/2020\/01\/La-educaci\u00f3n-acad\u00e9mica-es-muy-importante.png\" \/>\n<meta name=\"twitter:site\" content=\"@FAccLatino\" \/>\n<meta name=\"twitter:label1\" content=\"Est. reading time\" \/>\n\t<meta name=\"twitter:data1\" content=\"1 minute\" \/>\n<script type=\"application\/ld+json\" class=\"yoast-schema-graph\">{\"@context\":\"https:\\\/\\\/schema.org\",\"@graph\":[{\"@type\":\"WebPage\",\"@id\":\"https:\\\/\\\/accesolatino.org\\\/la-educacion-academica-es-muy-importante\\\/\",\"url\":\"https:\\\/\\\/accesolatino.org\\\/la-educacion-academica-es-muy-importante\\\/\",\"name\":\"La educaci\u00f3n acad\u00e9mica es muy importante\",\"isPartOf\":{\"@id\":\"https:\\\/\\\/accesolatino.org\\\/#website\"},\"primaryImageOfPage\":{\"@id\":\"https:\\\/\\\/accesolatino.org\\\/la-educacion-academica-es-muy-importante\\\/#primaryimage\"},\"image\":{\"@id\":\"https:\\\/\\\/accesolatino.org\\\/la-educacion-academica-es-muy-importante\\\/#primaryimage\"},\"thumbnailUrl\":\"https:\\\/\\\/accesolatino.org\\\/wp-content\\\/uploads\\\/2020\\\/01\\\/La-educaci\u00f3n-acad\u00e9mica-es-muy-importante.png\",\"datePublished\":\"2020-01-23T16:44:03+00:00\",\"dateModified\":\"2025-11-10T21:04:13+00:00\",\"description\":\"La educaci\u00f3n\u00a0acad\u00e9mica\u00a0es muy importante En nuestro portal encontrar\u00e1s muchas opciones para iniciar o continuar tus estudios, ingresa...\",\"breadcrumb\":{\"@id\":\"https:\\\/\\\/accesolatino.org\\\/la-educacion-academica-es-muy-importante\\\/#breadcrumb\"},\"inLanguage\":\"en-US\",\"potentialAction\":[{\"@type\":\"ReadAction\",\"target\":[\"https:\\\/\\\/accesolatino.org\\\/la-educacion-academica-es-muy-importante\\\/\"]}]},{\"@type\":\"ImageObject\",\"inLanguage\":\"en-US\",\"@id\":\"https:\\\/\\\/accesolatino.org\\\/la-educacion-academica-es-muy-importante\\\/#primaryimage\",\"url\":\"https:\\\/\\\/accesolatino.org\\\/wp-content\\\/uploads\\\/2020\\\/01\\\/La-educaci\u00f3n-acad\u00e9mica-es-muy-importante.png\",\"contentUrl\":\"https:\\\/\\\/accesolatino.org\\\/wp-content\\\/uploads\\\/2020\\\/01\\\/La-educaci\u00f3n-acad\u00e9mica-es-muy-importante.png\",\"width\":600,\"height\":338,\"caption\":\"acad\u00e9mica\"},{\"@type\":\"BreadcrumbList\",\"@id\":\"https:\\\/\\\/accesolatino.org\\\/la-educacion-academica-es-muy-importante\\\/#breadcrumb\",\"itemListElement\":[{\"@type\":\"ListItem\",\"position\":1,\"name\":\"Portada\",\"item\":\"https:\\\/\\\/accesolatino.org\\\/\"},{\"@type\":\"ListItem\",\"position\":2,\"name\":\"La educaci\u00f3n acad\u00e9mica es muy importante\"}]},{\"@type\":\"WebSite\",\"@id\":\"https:\\\/\\\/accesolatino.org\\\/#website\",\"url\":\"https:\\\/\\\/accesolatino.org\\\/\",\"name\":\"Acceso Latino | Fundaci\u00f3n Carlos Slim\",\"description\":\"Fundaci\u00f3n Carlos Slim\",\"publisher\":{\"@id\":\"https:\\\/\\\/accesolatino.org\\\/#organization\"},\"potentialAction\":[{\"@type\":\"SearchAction\",\"target\":{\"@type\":\"EntryPoint\",\"urlTemplate\":\"https:\\\/\\\/accesolatino.org\\\/?s={search_term_string}\"},\"query-input\":{\"@type\":\"PropertyValueSpecification\",\"valueRequired\":true,\"valueName\":\"search_term_string\"}}],\"inLanguage\":\"en-US\"},{\"@type\":\"Organization\",\"@id\":\"https:\\\/\\\/accesolatino.org\\\/#organization\",\"name\":\"Acceso Latino | Fundaci\u00f3n Carlos Slim\",\"url\":\"https:\\\/\\\/accesolatino.org\\\/\",\"logo\":{\"@type\":\"ImageObject\",\"inLanguage\":\"en-US\",\"@id\":\"https:\\\/\\\/accesolatino.org\\\/#\\\/schema\\\/logo\\\/image\\\/\",\"url\":\"https:\\\/\\\/accesolatino.org\\\/wp-content\\\/uploads\\\/2021\\\/02\\\/logo-footer-acceso-latino.png\",\"contentUrl\":\"https:\\\/\\\/accesolatino.org\\\/wp-content\\\/uploads\\\/2021\\\/02\\\/logo-footer-acceso-latino.png\",\"width\":240,\"height\":40,\"caption\":\"Acceso Latino | Fundaci\u00f3n Carlos Slim\"},\"image\":{\"@id\":\"https:\\\/\\\/accesolatino.org\\\/#\\\/schema\\\/logo\\\/image\\\/\"},\"sameAs\":[\"https:\\\/\\\/www.facebook.com\\\/AccesoLatinoOrg\",\"https:\\\/\\\/x.com\\\/FAccLatino\"]}]}<\/script>\n<!-- \/ Yoast SEO plugin. -->","yoast_head_json":{"title":"Academic education is very important","description":"La educaci\u00f3n\u00a0acad\u00e9mica\u00a0es muy importante En nuestro portal encontrar\u00e1s muchas opciones para iniciar o continuar tus estudios, ingresa...","robots":{"index":"index","follow":"follow","max-snippet":"max-snippet:-1","max-image-preview":"max-image-preview:large","max-video-preview":"max-video-preview:-1"},"canonical":"https:\/\/accesolatino.org\/en\/la-educacion-academica-es-muy-importante\/","og_locale":"en_US","og_type":"article","og_title":"Acceso Latino | La educaci\u00f3n acad\u00e9mica es muy importante","og_description":"La educaci\u00f3n acad\u00e9mica es muy importante","og_url":"https:\/\/accesolatino.org\/en\/la-educacion-academica-es-muy-importante\/","og_site_name":"Acceso Latino","article_publisher":"https:\/\/www.facebook.com\/AccesoLatinoOrg","article_modified_time":"2025-11-10T21:04:13+00:00","og_image":[{"width":600,"height":338,"url":"https:\/\/accesolatino.org\/wp-content\/uploads\/2020\/01\/La-educaci\u00f3n-acad\u00e9mica-es-muy-importante.png","type":"image\/png"}],"twitter_card":"summary_large_image","twitter_title":"Acceso Latino | La educaci\u00f3n acad\u00e9mica es muy importante","twitter_description":"La educaci\u00f3n acad\u00e9mica es muy importante","twitter_image":"https:\/\/accesolatino.org\/wp-content\/uploads\/2020\/01\/La-educaci\u00f3n-acad\u00e9mica-es-muy-importante.png","twitter_site":"@FAccLatino","twitter_misc":{"Est. reading time":"1 minute"},"schema":{"@context":"https:\/\/schema.org","@graph":[{"@type":"WebPage","@id":"https:\/\/accesolatino.org\/la-educacion-academica-es-muy-importante\/","url":"https:\/\/accesolatino.org\/la-educacion-academica-es-muy-importante\/","name":"Academic education is very important","isPartOf":{"@id":"https:\/\/accesolatino.org\/#website"},"primaryImageOfPage":{"@id":"https:\/\/accesolatino.org\/la-educacion-academica-es-muy-importante\/#primaryimage"},"image":{"@id":"https:\/\/accesolatino.org\/la-educacion-academica-es-muy-importante\/#primaryimage"},"thumbnailUrl":"https:\/\/accesolatino.org\/wp-content\/uploads\/2020\/01\/La-educaci\u00f3n-acad\u00e9mica-es-muy-importante.png","datePublished":"2020-01-23T16:44:03+00:00","dateModified":"2025-11-10T21:04:13+00:00","description":"La educaci\u00f3n\u00a0acad\u00e9mica\u00a0es muy importante En nuestro portal encontrar\u00e1s muchas opciones para iniciar o continuar tus estudios, ingresa...","breadcrumb":{"@id":"https:\/\/accesolatino.org\/la-educacion-academica-es-muy-importante\/#breadcrumb"},"inLanguage":"en-US","potentialAction":[{"@type":"ReadAction","target":["https:\/\/accesolatino.org\/la-educacion-academica-es-muy-importante\/"]}]},{"@type":"ImageObject","inLanguage":"en-US","@id":"https:\/\/accesolatino.org\/la-educacion-academica-es-muy-importante\/#primaryimage","url":"https:\/\/accesolatino.org\/wp-content\/uploads\/2020\/01\/La-educaci\u00f3n-acad\u00e9mica-es-muy-importante.png","contentUrl":"https:\/\/accesolatino.org\/wp-content\/uploads\/2020\/01\/La-educaci\u00f3n-acad\u00e9mica-es-muy-importante.png","width":600,"height":338,"caption":"acad\u00e9mica"},{"@type":"BreadcrumbList","@id":"https:\/\/accesolatino.org\/la-educacion-academica-es-muy-importante\/#breadcrumb","itemListElement":[{"@type":"ListItem","position":1,"name":"Portada","item":"https:\/\/accesolatino.org\/"},{"@type":"ListItem","position":2,"name":"La educaci\u00f3n acad\u00e9mica es muy importante"}]},{"@type":"WebSite","@id":"https:\/\/accesolatino.org\/#website","url":"https:\/\/accesolatino.org\/","name":"Acceso Latino | Fundaci\u00f3n Carlos Slim","description":"Fundaci\u00f3n Carlos Slim","publisher":{"@id":"https:\/\/accesolatino.org\/#organization"},"potentialAction":[{"@type":"SearchAction","target":{"@type":"EntryPoint","urlTemplate":"https:\/\/accesolatino.org\/?s={search_term_string}"},"query-input":{"@type":"PropertyValueSpecification","valueRequired":true,"valueName":"search_term_string"}}],"inLanguage":"en-US"},{"@type":"Organization","@id":"https:\/\/accesolatino.org\/#organization","name":"Acceso Latino | Fundaci\u00f3n Carlos Slim","url":"https:\/\/accesolatino.org\/","logo":{"@type":"ImageObject","inLanguage":"en-US","@id":"https:\/\/accesolatino.org\/#\/schema\/logo\/image\/","url":"https:\/\/accesolatino.org\/wp-content\/uploads\/2021\/02\/logo-footer-acceso-latino.png","contentUrl":"https:\/\/accesolatino.org\/wp-content\/uploads\/2021\/02\/logo-footer-acceso-latino.png","width":240,"height":40,"caption":"Acceso Latino | Fundaci\u00f3n Carlos Slim"},"image":{"@id":"https:\/\/accesolatino.org\/#\/schema\/logo\/image\/"},"sameAs":["https:\/\/www.facebook.com\/AccesoLatinoOrg","https:\/\/x.com\/FAccLatino"]}]}},"_links":{"self":[{"href":"https:\/\/accesolatino.org\/en\/wp-json\/wp\/v2\/pages\/19930","targetHints":{"allow":["GET"]}}],"collection":[{"href":"https:\/\/accesolatino.org\/en\/wp-json\/wp\/v2\/pages"}],"about":[{"href":"https:\/\/accesolatino.org\/en\/wp-json\/wp\/v2\/types\/page"}],"author":[{"embeddable":true,"href":"https:\/\/accesolatino.org\/en\/wp-json\/wp\/v2\/users\/7"}],"replies":[{"embeddable":true,"href":"https:\/\/accesolatino.org\/en\/wp-json\/wp\/v2\/comments?post=19930"}],"version-history":[{"count":1,"href":"https:\/\/accesolatino.org\/en\/wp-json\/wp\/v2\/pages\/19930\/revisions"}],"predecessor-version":[{"id":68628,"href":"https:\/\/accesolatino.org\/en\/wp-json\/wp\/v2\/pages\/19930\/revisions\/68628"}],"wp:featuredmedia":[{"embeddable":true,"href":"https:\/\/accesolatino.org\/en\/wp-json\/wp\/v2\/media\/19933"}],"wp:attachment":[{"href":"https:\/\/accesolatino.org\/en\/wp-json\/wp\/v2\/media?parent=19930"}],"curies":[{"name":"wp","href":"https:\/\/api.w.org\/{rel}","templated":true}]}}