{"id":19801,"date":"2020-01-14T10:15:28","date_gmt":"2020-01-14T16:15:28","guid":{"rendered":"https:\/\/accesolatino.org\/?page_id=19801"},"modified":"2025-11-10T15:03:01","modified_gmt":"2025-11-10T21:03:01","slug":"cuidar-de-tu-salud-es-posible","status":"publish","type":"page","link":"https:\/\/accesolatino.org\/en\/salud\/cuidar-de-tu-salud-es-posible\/","title":{"rendered":"Taking care of your health is possible"},"content":{"rendered":"<div data-elementor-type=\"wp-post\" data-elementor-id=\"19801\" class=\"elementor elementor-19801\">\n\t\t\t\t\t\t<section class=\"elementor-section elementor-top-section elementor-element elementor-element-abe02db elementor-section-full_width elementor-section-height-min-height elementor-section-items-stretch elementor-section-height-default wpr-particle-no wpr-jarallax-no wpr-parallax-no wpr-sticky-section-no wpr-equal-height-no\" data-id=\"abe02db\" data-element_type=\"section\" data-e-type=\"section\" data-settings=\"{&quot;background_background&quot;:&quot;classic&quot;}\">\n\t\t\t\t\t\t<div class=\"elementor-container elementor-column-gap-no\">\n\t\t\t\t\t<div class=\"elementor-column elementor-col-100 elementor-top-column elementor-element elementor-element-2a18d56\" data-id=\"2a18d56\" data-element_type=\"column\" data-e-type=\"column\">\n\t\t\t<div class=\"elementor-widget-wrap elementor-element-populated\">\n\t\t\t\t\t\t<div class=\"elementor-element elementor-element-f1d770e elementor--h-position-center elementor--v-position-middle elementor-widget elementor-widget-slides\" data-id=\"f1d770e\" data-element_type=\"widget\" data-e-type=\"widget\" data-settings=\"{&quot;navigation&quot;:&quot;none&quot;,&quot;infinite&quot;:&quot;yes&quot;,&quot;transition&quot;:&quot;slide&quot;,&quot;transition_speed&quot;:500}\" data-widget_type=\"slides.default\">\n\t\t\t\t<div class=\"elementor-widget-container\">\n\t\t\t\t\t\t\t<div class=\"elementor-swiper\">\n\t\t\t<div class=\"elementor-slides-wrapper elementor-main-swiper swiper-container\" dir=\"ltr\" data-animation=\"\">\n\t\t\t\t<div class=\"swiper-wrapper elementor-slides\">\n\t\t\t\t\t\t\t\t\t\t<div class=\"elementor-repeater-item-d983a28 swiper-slide\"><div class=\"swiper-slide-bg\"><\/div><div class=\"swiper-slide-inner\" ><div class=\"swiper-slide-contents\"><div class=\"elementor-slide-heading\">Health<\/div><\/div><\/div><\/div>\t\t\t\t<\/div>\n\t\t\t\t\t\t\t<\/div>\n\t\t<\/div>\n\t\t\t\t\t\t<\/div>\n\t\t\t\t<\/div>\n\t\t\t\t\t<\/div>\n\t\t<\/div>\n\t\t\t\t\t<\/div>\n\t\t<\/section>\n\t\t\t\t<section class=\"elementor-section elementor-top-section elementor-element elementor-element-fbd501e elementor-section-stretched elementor-section-boxed elementor-section-height-default elementor-section-height-default wpr-particle-no wpr-jarallax-no wpr-parallax-no wpr-sticky-section-no wpr-equal-height-no\" data-id=\"fbd501e\" data-element_type=\"section\" data-e-type=\"section\" data-settings=\"{&quot;stretch_section&quot;:&quot;section-stretched&quot;,&quot;background_background&quot;:&quot;classic&quot;}\">\n\t\t\t\t\t\t<div class=\"elementor-container elementor-column-gap-default\">\n\t\t\t\t\t<div class=\"elementor-column elementor-col-100 elementor-top-column elementor-element elementor-element-a92ff82\" data-id=\"a92ff82\" data-element_type=\"column\" data-e-type=\"column\">\n\t\t\t<div class=\"elementor-widget-wrap elementor-element-populated\">\n\t\t\t\t\t\t<div class=\"elementor-element elementor-element-7537524 elementor-widget elementor-widget-heading\" data-id=\"7537524\" data-element_type=\"widget\" data-e-type=\"widget\" data-widget_type=\"heading.default\">\n\t\t\t\t<div class=\"elementor-widget-container\">\n\t\t\t\t\t<h3 class=\"elementor-heading-title elementor-size-default\">Taking care of your health is possible<\/h3>\t\t\t\t<\/div>\n\t\t\t\t<\/div>\n\t\t\t\t<div class=\"elementor-element elementor-element-7edd794 elementor-widget elementor-widget-text-editor\" data-id=\"7edd794\" data-element_type=\"widget\" data-e-type=\"widget\" data-widget_type=\"text-editor.default\">\n\t\t\t\t<div class=\"elementor-widget-container\">\n\t\t\t\t\t\t\t\t\t<p>En la secci\u00f3n de <a href=\"\/en\/salud\/\"><strong>\u201cSalud\u201d<\/strong><\/a> you will find <a href=\"\/en\/salud\/derechos-y-programas-en-salud\/\"><strong>\u201cDerechos y programas de salud<\/strong>\u201d<\/a> donde podr\u00e1s conocer los derechos y programas a los que tienes acceso como migrante con y sin papeles.<\/p><p>En este apartado encontrar\u00e1s la siguiente informaci\u00f3n en materia de salud:<\/p><ul><li>Los centros de salud no deben pedir informaci\u00f3n sobre la condici\u00f3n migratoria del paciente para dar el servicio de salud. Pueden solicitarla para averiguar si eres elegible para recibir un seguro de salud p\u00fablico y poder pagar el servicio recibido.<\/li><li>Para recibir tratamiento m\u00e9dico, no es necesario presentar un documento de identidad con foto.<\/li><li>Independientemente de tu situaci\u00f3n migratoria debes recibir ayuda m\u00e9dica de emergencia bajo la ley federal.<\/li><li>Puedes buscar servicios de salud (que no son de emergencia) en los centros de salud comunitarios y hospitales de protecci\u00f3n social.<\/li><\/ul><p>Es importante que sepas, que la Ley de Cuidado de Salud a Bajo Precio (Obamacare) que sigue vigente, tiene muchas coberturas para migrantes documentados e indocumentados.<\/p><p>Para mayor informaci\u00f3n puedes ingresar a los siguientes sitios:<\/p><p><a href=\"https:\/\/www.nilc.org\/issues\/health-care\/ACAfacts\/\" target=\"_blank\" rel=\"noopener\"><strong>https:\/\/www.nilc.org\/issues\/health-care\/ACAfacts\/<\/strong><\/a><\/p><p><a href=\"https:\/\/obamacare.net\/obamacare-espanol\/\" target=\"_blank\" rel=\"noopener\"><strong>https:\/\/obamacare.net\/obamacare-espanol\/<\/strong><\/a><\/p><p><a href=\"https:\/\/gobierno.usa.gov\/seguros-de-salud\" target=\"_blank\" rel=\"noopener\"><strong>https:\/\/gobierno.usa.gov\/seguros-de-salud<\/strong><\/a><\/p><p><strong><a href=\"http:\/\/accesolatino.org\/en\/\">Acceso Latino<\/a>,<\/strong> tu portal de apoyo migratorio y salud.<\/p>\t\t\t\t\t\t\t\t<\/div>\n\t\t\t\t<\/div>\n\t\t\t\t<div class=\"elementor-element elementor-element-0fdfc60 elementor-widget elementor-widget-spacer\" data-id=\"0fdfc60\" data-element_type=\"widget\" data-e-type=\"widget\" data-widget_type=\"spacer.default\">\n\t\t\t\t<div class=\"elementor-widget-container\">\n\t\t\t\t\t\t\t<div class=\"elementor-spacer\">\n\t\t\t<div class=\"elementor-spacer-inner\"><\/div>\n\t\t<\/div>\n\t\t\t\t\t\t<\/div>\n\t\t\t\t<\/div>\n\t\t\t\t\t<\/div>\n\t\t<\/div>\n\t\t\t\t\t<\/div>\n\t\t<\/section>\n\t\t\t\t<\/div>","protected":false},"excerpt":{"rendered":"<p>Salud Cuidar de tu salud es posible En la secci\u00f3n de \u201cSalud\u201d encontrar\u00e1s la tarjeta \u201cDerechos y programas de salud\u201d donde podr\u00e1s conocer los derechos y programas a los que tienes acceso como migrante con y sin papeles. En este apartado encontrar\u00e1s la siguiente informaci\u00f3n en materia de salud: Los centros de salud no deben pedir informaci\u00f3n sobre la condici\u00f3n migratoria del paciente para dar el servicio de salud. Pueden solicitarla para averiguar si eres elegible para recibir un seguro de salud p\u00fablico y poder pagar el servicio recibido. Para recibir tratamiento m\u00e9dico, no es necesario presentar un documento de identidad con foto. Independientemente de tu situaci\u00f3n migratoria debes recibir ayuda m\u00e9dica de emergencia bajo la ley federal. Puedes buscar servicios de salud (que no son de emergencia) en los centros de salud comunitarios y hospitales de protecci\u00f3n social. Es importante que sepas, que la Ley de Cuidado de Salud a Bajo Precio (Obamacare) que sigue vigente, tiene muchas coberturas para migrantes documentados e indocumentados. Para mayor informaci\u00f3n puedes ingresar a los siguientes sitios: https:\/\/www.nilc.org\/issues\/health-care\/ACAfacts\/ https:\/\/obamacare.net\/obamacare-espanol\/ https:\/\/gobierno.usa.gov\/seguros-de-salud Acceso Latino, tu portal de apoyo migratorio y salud.<\/p>","protected":false},"author":4,"featured_media":19798,"parent":4668,"menu_order":0,"comment_status":"closed","ping_status":"closed","template":"elementor_header_footer","meta":{"_uf_show_specific_survey":0,"_uf_disable_surveys":false,"footnotes":""},"class_list":["post-19801","page","type-page","status-publish","has-post-thumbnail"],"aioseo_notices":[],"yoast_head":"<!-- This site is optimized with the Yoast SEO plugin v27.4 - https:\/\/yoast.com\/product\/yoast-seo-wordpress\/ -->\n<title>Cuidar de tu salud es posible<\/title>\n<meta name=\"description\" content=\"Conoce todo lo que Estados Unidos tiene para ofrecer a los migrantes en materia de Salud\" \/>\n<meta name=\"robots\" content=\"index, follow, max-snippet:-1, max-image-preview:large, max-video-preview:-1\" \/>\n<link rel=\"canonical\" href=\"https:\/\/accesolatino.org\/en\/salud\/cuidar-de-tu-salud-es-posible\/\" \/>\n<meta property=\"og:locale\" content=\"en_US\" \/>\n<meta property=\"og:type\" content=\"article\" \/>\n<meta property=\"og:title\" content=\"Acceso Latino | Cuidar de tu salud es posible\" \/>\n<meta property=\"og:description\" content=\"Conoce todo lo que Estados Unidos tiene para ofrecer a los migrantes en materia de Salud\" \/>\n<meta property=\"og:url\" content=\"https:\/\/accesolatino.org\/en\/salud\/cuidar-de-tu-salud-es-posible\/\" \/>\n<meta property=\"og:site_name\" content=\"Acceso Latino\" \/>\n<meta property=\"article:publisher\" content=\"https:\/\/www.facebook.com\/AccesoLatinoOrg\" \/>\n<meta property=\"article:modified_time\" content=\"2025-11-10T21:03:01+00:00\" \/>\n<meta property=\"og:image\" content=\"https:\/\/accesolatino.org\/wp-content\/uploads\/2020\/01\/Cuidar-de-tu-salud-es-posible.png\" \/>\n\t<meta property=\"og:image:width\" content=\"600\" \/>\n\t<meta property=\"og:image:height\" content=\"338\" \/>\n\t<meta property=\"og:image:type\" content=\"image\/png\" \/>\n<meta name=\"twitter:card\" content=\"summary_large_image\" \/>\n<meta name=\"twitter:title\" content=\"Acceso Latino | Cuidar de tu salud es posible\" \/>\n<meta name=\"twitter:description\" content=\"Conoce todo lo que Estados Unidos tiene para ofrecer a los migrantes en materia de Salud\" \/>\n<meta name=\"twitter:image\" content=\"https:\/\/accesolatino.org\/wp-content\/uploads\/2020\/01\/Cuidar-de-tu-salud-es-posible.png\" \/>\n<meta name=\"twitter:site\" content=\"@FAccLatino\" \/>\n<meta name=\"twitter:label1\" content=\"Est. reading time\" \/>\n\t<meta name=\"twitter:data1\" content=\"2 minutes\" \/>\n<script type=\"application\/ld+json\" class=\"yoast-schema-graph\">{\"@context\":\"https:\\\/\\\/schema.org\",\"@graph\":[{\"@type\":\"WebPage\",\"@id\":\"https:\\\/\\\/accesolatino.org\\\/salud\\\/cuidar-de-tu-salud-es-posible\\\/\",\"url\":\"https:\\\/\\\/accesolatino.org\\\/salud\\\/cuidar-de-tu-salud-es-posible\\\/\",\"name\":\"Cuidar de tu salud es posible\",\"isPartOf\":{\"@id\":\"https:\\\/\\\/accesolatino.org\\\/#website\"},\"primaryImageOfPage\":{\"@id\":\"https:\\\/\\\/accesolatino.org\\\/salud\\\/cuidar-de-tu-salud-es-posible\\\/#primaryimage\"},\"image\":{\"@id\":\"https:\\\/\\\/accesolatino.org\\\/salud\\\/cuidar-de-tu-salud-es-posible\\\/#primaryimage\"},\"thumbnailUrl\":\"https:\\\/\\\/accesolatino.org\\\/wp-content\\\/uploads\\\/2020\\\/01\\\/Cuidar-de-tu-salud-es-posible.png\",\"datePublished\":\"2020-01-14T16:15:28+00:00\",\"dateModified\":\"2025-11-10T21:03:01+00:00\",\"description\":\"Conoce todo lo que Estados Unidos tiene para ofrecer a los migrantes en materia de Salud\",\"breadcrumb\":{\"@id\":\"https:\\\/\\\/accesolatino.org\\\/salud\\\/cuidar-de-tu-salud-es-posible\\\/#breadcrumb\"},\"inLanguage\":\"en-US\",\"potentialAction\":[{\"@type\":\"ReadAction\",\"target\":[\"https:\\\/\\\/accesolatino.org\\\/salud\\\/cuidar-de-tu-salud-es-posible\\\/\"]}]},{\"@type\":\"ImageObject\",\"inLanguage\":\"en-US\",\"@id\":\"https:\\\/\\\/accesolatino.org\\\/salud\\\/cuidar-de-tu-salud-es-posible\\\/#primaryimage\",\"url\":\"https:\\\/\\\/accesolatino.org\\\/wp-content\\\/uploads\\\/2020\\\/01\\\/Cuidar-de-tu-salud-es-posible.png\",\"contentUrl\":\"https:\\\/\\\/accesolatino.org\\\/wp-content\\\/uploads\\\/2020\\\/01\\\/Cuidar-de-tu-salud-es-posible.png\",\"width\":600,\"height\":338,\"caption\":\"cuidar de tu salud\"},{\"@type\":\"BreadcrumbList\",\"@id\":\"https:\\\/\\\/accesolatino.org\\\/salud\\\/cuidar-de-tu-salud-es-posible\\\/#breadcrumb\",\"itemListElement\":[{\"@type\":\"ListItem\",\"position\":1,\"name\":\"Portada\",\"item\":\"https:\\\/\\\/accesolatino.org\\\/\"},{\"@type\":\"ListItem\",\"position\":2,\"name\":\"Salud\",\"item\":\"https:\\\/\\\/accesolatino.org\\\/salud\\\/\"},{\"@type\":\"ListItem\",\"position\":3,\"name\":\"Cuidar de tu salud es posible\"}]},{\"@type\":\"WebSite\",\"@id\":\"https:\\\/\\\/accesolatino.org\\\/#website\",\"url\":\"https:\\\/\\\/accesolatino.org\\\/\",\"name\":\"Acceso Latino | Fundaci\u00f3n Carlos Slim\",\"description\":\"Fundaci\u00f3n Carlos Slim\",\"publisher\":{\"@id\":\"https:\\\/\\\/accesolatino.org\\\/#organization\"},\"potentialAction\":[{\"@type\":\"SearchAction\",\"target\":{\"@type\":\"EntryPoint\",\"urlTemplate\":\"https:\\\/\\\/accesolatino.org\\\/?s={search_term_string}\"},\"query-input\":{\"@type\":\"PropertyValueSpecification\",\"valueRequired\":true,\"valueName\":\"search_term_string\"}}],\"inLanguage\":\"en-US\"},{\"@type\":\"Organization\",\"@id\":\"https:\\\/\\\/accesolatino.org\\\/#organization\",\"name\":\"Acceso Latino | Fundaci\u00f3n Carlos Slim\",\"url\":\"https:\\\/\\\/accesolatino.org\\\/\",\"logo\":{\"@type\":\"ImageObject\",\"inLanguage\":\"en-US\",\"@id\":\"https:\\\/\\\/accesolatino.org\\\/#\\\/schema\\\/logo\\\/image\\\/\",\"url\":\"https:\\\/\\\/accesolatino.org\\\/wp-content\\\/uploads\\\/2021\\\/02\\\/logo-footer-acceso-latino.png\",\"contentUrl\":\"https:\\\/\\\/accesolatino.org\\\/wp-content\\\/uploads\\\/2021\\\/02\\\/logo-footer-acceso-latino.png\",\"width\":240,\"height\":40,\"caption\":\"Acceso Latino | Fundaci\u00f3n Carlos Slim\"},\"image\":{\"@id\":\"https:\\\/\\\/accesolatino.org\\\/#\\\/schema\\\/logo\\\/image\\\/\"},\"sameAs\":[\"https:\\\/\\\/www.facebook.com\\\/AccesoLatinoOrg\",\"https:\\\/\\\/x.com\\\/FAccLatino\"]}]}<\/script>\n<!-- \/ Yoast SEO plugin. -->","yoast_head_json":{"title":"Taking care of your health is possible","description":"Conoce todo lo que Estados Unidos tiene para ofrecer a los migrantes en materia de Salud","robots":{"index":"index","follow":"follow","max-snippet":"max-snippet:-1","max-image-preview":"max-image-preview:large","max-video-preview":"max-video-preview:-1"},"canonical":"https:\/\/accesolatino.org\/en\/salud\/cuidar-de-tu-salud-es-posible\/","og_locale":"en_US","og_type":"article","og_title":"Acceso Latino | Cuidar de tu salud es posible","og_description":"Conoce todo lo que Estados Unidos tiene para ofrecer a los migrantes en materia de Salud","og_url":"https:\/\/accesolatino.org\/en\/salud\/cuidar-de-tu-salud-es-posible\/","og_site_name":"Acceso Latino","article_publisher":"https:\/\/www.facebook.com\/AccesoLatinoOrg","article_modified_time":"2025-11-10T21:03:01+00:00","og_image":[{"width":600,"height":338,"url":"https:\/\/accesolatino.org\/wp-content\/uploads\/2020\/01\/Cuidar-de-tu-salud-es-posible.png","type":"image\/png"}],"twitter_card":"summary_large_image","twitter_title":"Acceso Latino | Cuidar de tu salud es posible","twitter_description":"Conoce todo lo que Estados Unidos tiene para ofrecer a los migrantes en materia de Salud","twitter_image":"https:\/\/accesolatino.org\/wp-content\/uploads\/2020\/01\/Cuidar-de-tu-salud-es-posible.png","twitter_site":"@FAccLatino","twitter_misc":{"Est. reading time":"2 minutes"},"schema":{"@context":"https:\/\/schema.org","@graph":[{"@type":"WebPage","@id":"https:\/\/accesolatino.org\/salud\/cuidar-de-tu-salud-es-posible\/","url":"https:\/\/accesolatino.org\/salud\/cuidar-de-tu-salud-es-posible\/","name":"Taking care of your health is possible","isPartOf":{"@id":"https:\/\/accesolatino.org\/#website"},"primaryImageOfPage":{"@id":"https:\/\/accesolatino.org\/salud\/cuidar-de-tu-salud-es-posible\/#primaryimage"},"image":{"@id":"https:\/\/accesolatino.org\/salud\/cuidar-de-tu-salud-es-posible\/#primaryimage"},"thumbnailUrl":"https:\/\/accesolatino.org\/wp-content\/uploads\/2020\/01\/Cuidar-de-tu-salud-es-posible.png","datePublished":"2020-01-14T16:15:28+00:00","dateModified":"2025-11-10T21:03:01+00:00","description":"Conoce todo lo que Estados Unidos tiene para ofrecer a los migrantes en materia de Salud","breadcrumb":{"@id":"https:\/\/accesolatino.org\/salud\/cuidar-de-tu-salud-es-posible\/#breadcrumb"},"inLanguage":"en-US","potentialAction":[{"@type":"ReadAction","target":["https:\/\/accesolatino.org\/salud\/cuidar-de-tu-salud-es-posible\/"]}]},{"@type":"ImageObject","inLanguage":"en-US","@id":"https:\/\/accesolatino.org\/salud\/cuidar-de-tu-salud-es-posible\/#primaryimage","url":"https:\/\/accesolatino.org\/wp-content\/uploads\/2020\/01\/Cuidar-de-tu-salud-es-posible.png","contentUrl":"https:\/\/accesolatino.org\/wp-content\/uploads\/2020\/01\/Cuidar-de-tu-salud-es-posible.png","width":600,"height":338,"caption":"cuidar de tu salud"},{"@type":"BreadcrumbList","@id":"https:\/\/accesolatino.org\/salud\/cuidar-de-tu-salud-es-posible\/#breadcrumb","itemListElement":[{"@type":"ListItem","position":1,"name":"Portada","item":"https:\/\/accesolatino.org\/"},{"@type":"ListItem","position":2,"name":"Salud","item":"https:\/\/accesolatino.org\/salud\/"},{"@type":"ListItem","position":3,"name":"Cuidar de tu salud es posible"}]},{"@type":"WebSite","@id":"https:\/\/accesolatino.org\/#website","url":"https:\/\/accesolatino.org\/","name":"Acceso Latino | Fundaci\u00f3n Carlos Slim","description":"Fundaci\u00f3n Carlos Slim","publisher":{"@id":"https:\/\/accesolatino.org\/#organization"},"potentialAction":[{"@type":"SearchAction","target":{"@type":"EntryPoint","urlTemplate":"https:\/\/accesolatino.org\/?s={search_term_string}"},"query-input":{"@type":"PropertyValueSpecification","valueRequired":true,"valueName":"search_term_string"}}],"inLanguage":"en-US"},{"@type":"Organization","@id":"https:\/\/accesolatino.org\/#organization","name":"Acceso Latino | Fundaci\u00f3n Carlos Slim","url":"https:\/\/accesolatino.org\/","logo":{"@type":"ImageObject","inLanguage":"en-US","@id":"https:\/\/accesolatino.org\/#\/schema\/logo\/image\/","url":"https:\/\/accesolatino.org\/wp-content\/uploads\/2021\/02\/logo-footer-acceso-latino.png","contentUrl":"https:\/\/accesolatino.org\/wp-content\/uploads\/2021\/02\/logo-footer-acceso-latino.png","width":240,"height":40,"caption":"Acceso Latino | Fundaci\u00f3n Carlos Slim"},"image":{"@id":"https:\/\/accesolatino.org\/#\/schema\/logo\/image\/"},"sameAs":["https:\/\/www.facebook.com\/AccesoLatinoOrg","https:\/\/x.com\/FAccLatino"]}]}},"_links":{"self":[{"href":"https:\/\/accesolatino.org\/en\/wp-json\/wp\/v2\/pages\/19801","targetHints":{"allow":["GET"]}}],"collection":[{"href":"https:\/\/accesolatino.org\/en\/wp-json\/wp\/v2\/pages"}],"about":[{"href":"https:\/\/accesolatino.org\/en\/wp-json\/wp\/v2\/types\/page"}],"author":[{"embeddable":true,"href":"https:\/\/accesolatino.org\/en\/wp-json\/wp\/v2\/users\/4"}],"replies":[{"embeddable":true,"href":"https:\/\/accesolatino.org\/en\/wp-json\/wp\/v2\/comments?post=19801"}],"version-history":[{"count":1,"href":"https:\/\/accesolatino.org\/en\/wp-json\/wp\/v2\/pages\/19801\/revisions"}],"predecessor-version":[{"id":68625,"href":"https:\/\/accesolatino.org\/en\/wp-json\/wp\/v2\/pages\/19801\/revisions\/68625"}],"up":[{"embeddable":true,"href":"https:\/\/accesolatino.org\/en\/wp-json\/wp\/v2\/pages\/4668"}],"wp:featuredmedia":[{"embeddable":true,"href":"https:\/\/accesolatino.org\/en\/wp-json\/wp\/v2\/media\/19798"}],"wp:attachment":[{"href":"https:\/\/accesolatino.org\/en\/wp-json\/wp\/v2\/media?parent=19801"}],"curies":[{"name":"wp","href":"https:\/\/api.w.org\/{rel}","templated":true}]}}