{"id":19675,"date":"2019-12-30T10:45:53","date_gmt":"2019-12-30T16:45:53","guid":{"rendered":"https:\/\/accesolatino.org\/?page_id=19675"},"modified":"2025-10-17T13:14:20","modified_gmt":"2025-10-17T19:14:20","slug":"el-estado-de-nevada-tiene-una-licencia-para-ti-inmigrante","status":"publish","type":"page","link":"https:\/\/accesolatino.org\/en\/el-estado-de-nevada-tiene-una-licencia-para-ti-inmigrante\/","title":{"rendered":"The state of Nevada has a license for you as an immigrant."},"content":{"rendered":"<div data-elementor-type=\"wp-post\" data-elementor-id=\"19675\" class=\"elementor elementor-19675\">\n\t\t\t\t\t\t<section class=\"elementor-section elementor-top-section elementor-element elementor-element-e55a67e elementor-section-full_width elementor-section-height-min-height elementor-section-items-stretch elementor-section-height-default wpr-particle-no wpr-jarallax-no wpr-parallax-no wpr-sticky-section-no\" data-id=\"e55a67e\" data-element_type=\"section\" data-e-type=\"section\" data-settings=\"{&quot;background_background&quot;:&quot;classic&quot;}\">\n\t\t\t\t\t\t<div class=\"elementor-container elementor-column-gap-no\">\n\t\t\t\t\t<div class=\"elementor-column elementor-col-100 elementor-top-column elementor-element elementor-element-52582dd\" data-id=\"52582dd\" data-element_type=\"column\" data-e-type=\"column\">\n\t\t\t<div class=\"elementor-widget-wrap elementor-element-populated\">\n\t\t\t\t\t\t<div class=\"elementor-element elementor-element-31c9d30 elementor--h-position-center elementor--v-position-middle elementor-widget elementor-widget-slides\" data-id=\"31c9d30\" data-element_type=\"widget\" data-e-type=\"widget\" data-settings=\"{&quot;navigation&quot;:&quot;none&quot;,&quot;infinite&quot;:&quot;yes&quot;,&quot;transition&quot;:&quot;slide&quot;,&quot;transition_speed&quot;:500}\" data-widget_type=\"slides.default\">\n\t\t\t\t<div class=\"elementor-widget-container\">\n\t\t\t\t\t\t\t<div class=\"elementor-swiper\">\n\t\t\t<div class=\"elementor-slides-wrapper elementor-main-swiper swiper-container\" dir=\"ltr\" data-animation=\"\">\n\t\t\t\t<div class=\"swiper-wrapper elementor-slides\">\n\t\t\t\t\t\t\t\t\t\t<div class=\"elementor-repeater-item-d983a28 swiper-slide\"><div class=\"swiper-slide-bg\"><\/div><div class=\"swiper-slide-inner\" ><div class=\"swiper-slide-contents\"><div class=\"elementor-slide-heading\">Processing of Licenses<\/div><\/div><\/div><\/div>\t\t\t\t<\/div>\n\t\t\t\t\t\t\t<\/div>\n\t\t<\/div>\n\t\t\t\t\t\t<\/div>\n\t\t\t\t<\/div>\n\t\t\t\t\t<\/div>\n\t\t<\/div>\n\t\t\t\t\t<\/div>\n\t\t<\/section>\n\t\t\t\t<section class=\"elementor-section elementor-top-section elementor-element elementor-element-be678b2 elementor-section-stretched elementor-section-boxed elementor-section-height-default elementor-section-height-default wpr-particle-no wpr-jarallax-no wpr-parallax-no wpr-sticky-section-no\" data-id=\"be678b2\" data-element_type=\"section\" data-e-type=\"section\" data-settings=\"{&quot;stretch_section&quot;:&quot;section-stretched&quot;,&quot;background_background&quot;:&quot;classic&quot;}\">\n\t\t\t\t\t\t<div class=\"elementor-container elementor-column-gap-default\">\n\t\t\t\t\t<div class=\"elementor-column elementor-col-100 elementor-top-column elementor-element elementor-element-88488e7\" data-id=\"88488e7\" data-element_type=\"column\" data-e-type=\"column\">\n\t\t\t<div class=\"elementor-widget-wrap elementor-element-populated\">\n\t\t\t\t\t\t<div class=\"elementor-element elementor-element-4ac154f elementor-widget elementor-widget-heading\" data-id=\"4ac154f\" data-element_type=\"widget\" data-e-type=\"widget\" data-widget_type=\"heading.default\">\n\t\t\t\t<div class=\"elementor-widget-container\">\n\t\t\t\t\t<h3 class=\"elementor-heading-title elementor-size-default\">The state of Nevada has a license for you as an immigrant.<\/h3>\t\t\t\t<\/div>\n\t\t\t\t<\/div>\n\t\t\t\t<div class=\"elementor-element elementor-element-0e15959 elementor-widget elementor-widget-text-editor\" data-id=\"0e15959\" data-element_type=\"widget\" data-e-type=\"widget\" data-widget_type=\"text-editor.default\">\n\t\t\t\t<div class=\"elementor-widget-container\">\n\t\t\t\t\t\t\t\t\t<p>In <strong>Acceso Latino<\/strong> contamos con la secci\u00f3n <a href=\"https:\/\/accesolatino.org\/en\/licencias\/\">\u201cLicencias de Manejo\u201d<\/a>, y aqu\u00ed podr\u00e1s checar como es el proceso para realizar el tr\u00e1mite del permiso de conducir en Nevada.<\/p><p>En enero de 2014, el estado de Nevada empez\u00f3 a dar licencias de conducir a migrantes indocumentados.<\/p><p>Estos son algunos de los requisitos para poder dar inicio con el tr\u00e1mite:<\/p><p>1. Reunir la documentaci\u00f3n necesaria para hacer el tr\u00e1mite (Ver requisitos).<br \/>2. Estudiar para el examen. Tendr\u00e1s que presentar uno te\u00f3rico y otro pr\u00e1ctico. En este enlace encontrar\u00e1s un ejemplo del examen te\u00f3rico que deber\u00e1s presentar (\u00c9ste s\u00f3lo es una gu\u00eda para el estudio). Aqu\u00ed podr\u00e1s encontrar el Manual del Conductor de Nevada para estudiarlo para el examen.<br \/>3. Haz una cita antes de acudir a una oficina local del Departamento de Veh\u00edculos Motorizados (Lista de oficinas locales).<\/p><p>Los permisos para manejar tienen vigencia de un a\u00f1o y no pueden ser utilizados como identificaci\u00f3n oficial.<br \/>In<strong> Acceso Latino<\/strong> nos preocupamos por ti y tu familia.<\/p>\t\t\t\t\t\t\t\t<\/div>\n\t\t\t\t<\/div>\n\t\t\t\t<div class=\"elementor-element elementor-element-d454b72 elementor-widget elementor-widget-spacer\" data-id=\"d454b72\" data-element_type=\"widget\" data-e-type=\"widget\" data-widget_type=\"spacer.default\">\n\t\t\t\t<div class=\"elementor-widget-container\">\n\t\t\t\t\t\t\t<div class=\"elementor-spacer\">\n\t\t\t<div class=\"elementor-spacer-inner\"><\/div>\n\t\t<\/div>\n\t\t\t\t\t\t<\/div>\n\t\t\t\t<\/div>\n\t\t\t\t\t<\/div>\n\t\t<\/div>\n\t\t\t\t\t<\/div>\n\t\t<\/section>\n\t\t\t\t<\/div>","protected":false},"excerpt":{"rendered":"<p>Tr\u00e1mite de Licencias El estado de Nevada tiene una licencia para ti inmigrante En Acceso Latino contamos con la secci\u00f3n \u201cLicencias de Manejo\u201d, y aqu\u00ed podr\u00e1s checar como es el proceso para realizar el tr\u00e1mite del permiso de conducir en Nevada. En enero de 2014, el estado de Nevada empez\u00f3 a dar licencias de conducir a migrantes indocumentados. Estos son algunos de los requisitos para poder dar inicio con el tr\u00e1mite: 1. Reunir la documentaci\u00f3n necesaria para hacer el tr\u00e1mite (Ver requisitos).2. Estudiar para el examen. Tendr\u00e1s que presentar uno te\u00f3rico y otro pr\u00e1ctico. En este enlace encontrar\u00e1s un ejemplo del examen te\u00f3rico que deber\u00e1s presentar (\u00c9ste s\u00f3lo es una gu\u00eda para el estudio). Aqu\u00ed podr\u00e1s encontrar el Manual del Conductor de Nevada para estudiarlo para el examen.3. Haz una cita antes de acudir a una oficina local del Departamento de Veh\u00edculos Motorizados (Lista de oficinas locales). Los permisos para manejar tienen vigencia de un a\u00f1o y no pueden ser utilizados como identificaci\u00f3n oficial.En Acceso Latino nos preocupamos por ti y tu familia.<\/p>","protected":false},"author":9,"featured_media":19676,"parent":0,"menu_order":0,"comment_status":"closed","ping_status":"closed","template":"elementor_header_footer","meta":{"_uf_show_specific_survey":0,"_uf_disable_surveys":false,"footnotes":""},"class_list":["post-19675","page","type-page","status-publish","has-post-thumbnail"],"aioseo_notices":[],"yoast_head":"<!-- This site is optimized with the Yoast SEO plugin v27.3 - https:\/\/yoast.com\/product\/yoast-seo-wordpress\/ -->\n<title>El estado de Nevada tiene una licencia para ti inmigrante<\/title>\n<meta name=\"description\" content=\"El estado de Nevada tiene una licencia para ti inmigrante En Acceso Latino contamos con la secci\u00f3n \u201cLicencias de Manejo\u201d, y aqu\u00ed...\" \/>\n<meta name=\"robots\" content=\"index, follow, max-snippet:-1, max-image-preview:large, max-video-preview:-1\" \/>\n<link rel=\"canonical\" href=\"https:\/\/accesolatino.org\/en\/el-estado-de-nevada-tiene-una-licencia-para-ti-inmigrante\/\" \/>\n<meta property=\"og:locale\" content=\"en_US\" \/>\n<meta property=\"og:type\" content=\"article\" \/>\n<meta property=\"og:title\" content=\"Acceso Latino | El estado de Nevada tiene una licencia para ti inmigrante\" \/>\n<meta property=\"og:description\" content=\"Conoce la documentaci\u00f3n requerida para tramitar una licencia en cada uno de los estados de USA\" \/>\n<meta property=\"og:url\" content=\"https:\/\/accesolatino.org\/en\/el-estado-de-nevada-tiene-una-licencia-para-ti-inmigrante\/\" \/>\n<meta property=\"og:site_name\" content=\"Acceso Latino\" \/>\n<meta property=\"article:publisher\" content=\"https:\/\/www.facebook.com\/AccesoLatinoOrg\" \/>\n<meta property=\"article:modified_time\" content=\"2025-10-17T19:14:20+00:00\" \/>\n<meta property=\"og:image\" content=\"https:\/\/accesolatino.org\/wp-content\/uploads\/2019\/12\/El-estado-de-Nevada-tiene-una-licencia-para-ti-inmigrante.jpg\" \/>\n\t<meta property=\"og:image:width\" content=\"600\" \/>\n\t<meta property=\"og:image:height\" content=\"338\" \/>\n\t<meta property=\"og:image:type\" content=\"image\/jpeg\" \/>\n<meta name=\"twitter:card\" content=\"summary_large_image\" \/>\n<meta name=\"twitter:title\" content=\"Acceso Latino | El estado de Nevada tiene una licencia para ti inmigrante\" \/>\n<meta name=\"twitter:description\" content=\"Conoce la documentaci\u00f3n requerida para tramitar una licencia en cada uno de los estados de USA\" \/>\n<meta name=\"twitter:image\" content=\"https:\/\/accesolatino.org\/wp-content\/uploads\/2019\/12\/El-estado-de-Nevada-tiene-una-licencia-para-ti-inmigrante.jpg\" \/>\n<meta name=\"twitter:site\" content=\"@FAccLatino\" \/>\n<meta name=\"twitter:label1\" content=\"Est. reading time\" \/>\n\t<meta name=\"twitter:data1\" content=\"2 minutes\" \/>\n<script type=\"application\/ld+json\" class=\"yoast-schema-graph\">{\"@context\":\"https:\\\/\\\/schema.org\",\"@graph\":[{\"@type\":\"WebPage\",\"@id\":\"https:\\\/\\\/accesolatino.org\\\/el-estado-de-nevada-tiene-una-licencia-para-ti-inmigrante\\\/\",\"url\":\"https:\\\/\\\/accesolatino.org\\\/el-estado-de-nevada-tiene-una-licencia-para-ti-inmigrante\\\/\",\"name\":\"El estado de Nevada tiene una licencia para ti inmigrante\",\"isPartOf\":{\"@id\":\"https:\\\/\\\/accesolatino.org\\\/#website\"},\"primaryImageOfPage\":{\"@id\":\"https:\\\/\\\/accesolatino.org\\\/el-estado-de-nevada-tiene-una-licencia-para-ti-inmigrante\\\/#primaryimage\"},\"image\":{\"@id\":\"https:\\\/\\\/accesolatino.org\\\/el-estado-de-nevada-tiene-una-licencia-para-ti-inmigrante\\\/#primaryimage\"},\"thumbnailUrl\":\"https:\\\/\\\/accesolatino.org\\\/wp-content\\\/uploads\\\/2019\\\/12\\\/El-estado-de-Nevada-tiene-una-licencia-para-ti-inmigrante.jpg\",\"datePublished\":\"2019-12-30T16:45:53+00:00\",\"dateModified\":\"2025-10-17T19:14:20+00:00\",\"description\":\"El estado de Nevada tiene una licencia para ti inmigrante En Acceso Latino contamos con la secci\u00f3n \u201cLicencias de Manejo\u201d, y aqu\u00ed...\",\"breadcrumb\":{\"@id\":\"https:\\\/\\\/accesolatino.org\\\/el-estado-de-nevada-tiene-una-licencia-para-ti-inmigrante\\\/#breadcrumb\"},\"inLanguage\":\"en-US\",\"potentialAction\":[{\"@type\":\"ReadAction\",\"target\":[\"https:\\\/\\\/accesolatino.org\\\/el-estado-de-nevada-tiene-una-licencia-para-ti-inmigrante\\\/\"]}]},{\"@type\":\"ImageObject\",\"inLanguage\":\"en-US\",\"@id\":\"https:\\\/\\\/accesolatino.org\\\/el-estado-de-nevada-tiene-una-licencia-para-ti-inmigrante\\\/#primaryimage\",\"url\":\"https:\\\/\\\/accesolatino.org\\\/wp-content\\\/uploads\\\/2019\\\/12\\\/El-estado-de-Nevada-tiene-una-licencia-para-ti-inmigrante.jpg\",\"contentUrl\":\"https:\\\/\\\/accesolatino.org\\\/wp-content\\\/uploads\\\/2019\\\/12\\\/El-estado-de-Nevada-tiene-una-licencia-para-ti-inmigrante.jpg\",\"width\":600,\"height\":338,\"caption\":\"licencia\"},{\"@type\":\"BreadcrumbList\",\"@id\":\"https:\\\/\\\/accesolatino.org\\\/el-estado-de-nevada-tiene-una-licencia-para-ti-inmigrante\\\/#breadcrumb\",\"itemListElement\":[{\"@type\":\"ListItem\",\"position\":1,\"name\":\"Portada\",\"item\":\"https:\\\/\\\/accesolatino.org\\\/\"},{\"@type\":\"ListItem\",\"position\":2,\"name\":\"El estado de Nevada tiene una licencia para ti inmigrante\"}]},{\"@type\":\"WebSite\",\"@id\":\"https:\\\/\\\/accesolatino.org\\\/#website\",\"url\":\"https:\\\/\\\/accesolatino.org\\\/\",\"name\":\"Acceso Latino | Fundaci\u00f3n Carlos Slim\",\"description\":\"Fundaci\u00f3n Carlos Slim\",\"publisher\":{\"@id\":\"https:\\\/\\\/accesolatino.org\\\/#organization\"},\"potentialAction\":[{\"@type\":\"SearchAction\",\"target\":{\"@type\":\"EntryPoint\",\"urlTemplate\":\"https:\\\/\\\/accesolatino.org\\\/?s={search_term_string}\"},\"query-input\":{\"@type\":\"PropertyValueSpecification\",\"valueRequired\":true,\"valueName\":\"search_term_string\"}}],\"inLanguage\":\"en-US\"},{\"@type\":\"Organization\",\"@id\":\"https:\\\/\\\/accesolatino.org\\\/#organization\",\"name\":\"Acceso Latino | Fundaci\u00f3n Carlos Slim\",\"url\":\"https:\\\/\\\/accesolatino.org\\\/\",\"logo\":{\"@type\":\"ImageObject\",\"inLanguage\":\"en-US\",\"@id\":\"https:\\\/\\\/accesolatino.org\\\/#\\\/schema\\\/logo\\\/image\\\/\",\"url\":\"https:\\\/\\\/accesolatino.org\\\/wp-content\\\/uploads\\\/2021\\\/02\\\/logo-footer-acceso-latino.png\",\"contentUrl\":\"https:\\\/\\\/accesolatino.org\\\/wp-content\\\/uploads\\\/2021\\\/02\\\/logo-footer-acceso-latino.png\",\"width\":240,\"height\":40,\"caption\":\"Acceso Latino | Fundaci\u00f3n Carlos Slim\"},\"image\":{\"@id\":\"https:\\\/\\\/accesolatino.org\\\/#\\\/schema\\\/logo\\\/image\\\/\"},\"sameAs\":[\"https:\\\/\\\/www.facebook.com\\\/AccesoLatinoOrg\",\"https:\\\/\\\/x.com\\\/FAccLatino\"]}]}<\/script>\n<!-- \/ Yoast SEO plugin. -->","yoast_head_json":{"title":"The state of Nevada has a license for you as an immigrant.","description":"El estado de Nevada tiene una licencia para ti inmigrante En Acceso Latino contamos con la secci\u00f3n \u201cLicencias de Manejo\u201d, y aqu\u00ed...","robots":{"index":"index","follow":"follow","max-snippet":"max-snippet:-1","max-image-preview":"max-image-preview:large","max-video-preview":"max-video-preview:-1"},"canonical":"https:\/\/accesolatino.org\/en\/el-estado-de-nevada-tiene-una-licencia-para-ti-inmigrante\/","og_locale":"en_US","og_type":"article","og_title":"Acceso Latino | El estado de Nevada tiene una licencia para ti inmigrante","og_description":"Conoce la documentaci\u00f3n requerida para tramitar una licencia en cada uno de los estados de USA","og_url":"https:\/\/accesolatino.org\/en\/el-estado-de-nevada-tiene-una-licencia-para-ti-inmigrante\/","og_site_name":"Acceso Latino","article_publisher":"https:\/\/www.facebook.com\/AccesoLatinoOrg","article_modified_time":"2025-10-17T19:14:20+00:00","og_image":[{"width":600,"height":338,"url":"https:\/\/accesolatino.org\/wp-content\/uploads\/2019\/12\/El-estado-de-Nevada-tiene-una-licencia-para-ti-inmigrante.jpg","type":"image\/jpeg"}],"twitter_card":"summary_large_image","twitter_title":"Acceso Latino | El estado de Nevada tiene una licencia para ti inmigrante","twitter_description":"Conoce la documentaci\u00f3n requerida para tramitar una licencia en cada uno de los estados de USA","twitter_image":"https:\/\/accesolatino.org\/wp-content\/uploads\/2019\/12\/El-estado-de-Nevada-tiene-una-licencia-para-ti-inmigrante.jpg","twitter_site":"@FAccLatino","twitter_misc":{"Est. reading time":"2 minutes"},"schema":{"@context":"https:\/\/schema.org","@graph":[{"@type":"WebPage","@id":"https:\/\/accesolatino.org\/el-estado-de-nevada-tiene-una-licencia-para-ti-inmigrante\/","url":"https:\/\/accesolatino.org\/el-estado-de-nevada-tiene-una-licencia-para-ti-inmigrante\/","name":"The state of Nevada has a license for you as an immigrant.","isPartOf":{"@id":"https:\/\/accesolatino.org\/#website"},"primaryImageOfPage":{"@id":"https:\/\/accesolatino.org\/el-estado-de-nevada-tiene-una-licencia-para-ti-inmigrante\/#primaryimage"},"image":{"@id":"https:\/\/accesolatino.org\/el-estado-de-nevada-tiene-una-licencia-para-ti-inmigrante\/#primaryimage"},"thumbnailUrl":"https:\/\/accesolatino.org\/wp-content\/uploads\/2019\/12\/El-estado-de-Nevada-tiene-una-licencia-para-ti-inmigrante.jpg","datePublished":"2019-12-30T16:45:53+00:00","dateModified":"2025-10-17T19:14:20+00:00","description":"El estado de Nevada tiene una licencia para ti inmigrante En Acceso Latino contamos con la secci\u00f3n \u201cLicencias de Manejo\u201d, y aqu\u00ed...","breadcrumb":{"@id":"https:\/\/accesolatino.org\/el-estado-de-nevada-tiene-una-licencia-para-ti-inmigrante\/#breadcrumb"},"inLanguage":"en-US","potentialAction":[{"@type":"ReadAction","target":["https:\/\/accesolatino.org\/el-estado-de-nevada-tiene-una-licencia-para-ti-inmigrante\/"]}]},{"@type":"ImageObject","inLanguage":"en-US","@id":"https:\/\/accesolatino.org\/el-estado-de-nevada-tiene-una-licencia-para-ti-inmigrante\/#primaryimage","url":"https:\/\/accesolatino.org\/wp-content\/uploads\/2019\/12\/El-estado-de-Nevada-tiene-una-licencia-para-ti-inmigrante.jpg","contentUrl":"https:\/\/accesolatino.org\/wp-content\/uploads\/2019\/12\/El-estado-de-Nevada-tiene-una-licencia-para-ti-inmigrante.jpg","width":600,"height":338,"caption":"licencia"},{"@type":"BreadcrumbList","@id":"https:\/\/accesolatino.org\/el-estado-de-nevada-tiene-una-licencia-para-ti-inmigrante\/#breadcrumb","itemListElement":[{"@type":"ListItem","position":1,"name":"Portada","item":"https:\/\/accesolatino.org\/"},{"@type":"ListItem","position":2,"name":"El estado de Nevada tiene una licencia para ti inmigrante"}]},{"@type":"WebSite","@id":"https:\/\/accesolatino.org\/#website","url":"https:\/\/accesolatino.org\/","name":"Acceso Latino | Fundaci\u00f3n Carlos Slim","description":"Fundaci\u00f3n Carlos Slim","publisher":{"@id":"https:\/\/accesolatino.org\/#organization"},"potentialAction":[{"@type":"SearchAction","target":{"@type":"EntryPoint","urlTemplate":"https:\/\/accesolatino.org\/?s={search_term_string}"},"query-input":{"@type":"PropertyValueSpecification","valueRequired":true,"valueName":"search_term_string"}}],"inLanguage":"en-US"},{"@type":"Organization","@id":"https:\/\/accesolatino.org\/#organization","name":"Acceso Latino | Fundaci\u00f3n Carlos Slim","url":"https:\/\/accesolatino.org\/","logo":{"@type":"ImageObject","inLanguage":"en-US","@id":"https:\/\/accesolatino.org\/#\/schema\/logo\/image\/","url":"https:\/\/accesolatino.org\/wp-content\/uploads\/2021\/02\/logo-footer-acceso-latino.png","contentUrl":"https:\/\/accesolatino.org\/wp-content\/uploads\/2021\/02\/logo-footer-acceso-latino.png","width":240,"height":40,"caption":"Acceso Latino | Fundaci\u00f3n Carlos Slim"},"image":{"@id":"https:\/\/accesolatino.org\/#\/schema\/logo\/image\/"},"sameAs":["https:\/\/www.facebook.com\/AccesoLatinoOrg","https:\/\/x.com\/FAccLatino"]}]}},"_links":{"self":[{"href":"https:\/\/accesolatino.org\/en\/wp-json\/wp\/v2\/pages\/19675","targetHints":{"allow":["GET"]}}],"collection":[{"href":"https:\/\/accesolatino.org\/en\/wp-json\/wp\/v2\/pages"}],"about":[{"href":"https:\/\/accesolatino.org\/en\/wp-json\/wp\/v2\/types\/page"}],"author":[{"embeddable":true,"href":"https:\/\/accesolatino.org\/en\/wp-json\/wp\/v2\/users\/9"}],"replies":[{"embeddable":true,"href":"https:\/\/accesolatino.org\/en\/wp-json\/wp\/v2\/comments?post=19675"}],"version-history":[{"count":1,"href":"https:\/\/accesolatino.org\/en\/wp-json\/wp\/v2\/pages\/19675\/revisions"}],"predecessor-version":[{"id":64200,"href":"https:\/\/accesolatino.org\/en\/wp-json\/wp\/v2\/pages\/19675\/revisions\/64200"}],"wp:featuredmedia":[{"embeddable":true,"href":"https:\/\/accesolatino.org\/en\/wp-json\/wp\/v2\/media\/19676"}],"wp:attachment":[{"href":"https:\/\/accesolatino.org\/en\/wp-json\/wp\/v2\/media?parent=19675"}],"curies":[{"name":"wp","href":"https:\/\/api.w.org\/{rel}","templated":true}]}}