{"id":19532,"date":"2019-12-19T09:07:43","date_gmt":"2019-12-19T15:07:43","guid":{"rendered":"https:\/\/accesolatino.org\/?page_id=19532"},"modified":"2025-10-17T13:19:13","modified_gmt":"2025-10-17T19:19:13","slug":"en-maryland-puedes-sacar-tu-licencia-de-manejo","status":"publish","type":"page","link":"https:\/\/accesolatino.org\/en\/en-maryland-puedes-sacar-tu-licencia-de-manejo\/","title":{"rendered":"In Maryland you can get your driver's license"},"content":{"rendered":"<div data-elementor-type=\"wp-post\" data-elementor-id=\"19532\" class=\"elementor elementor-19532\">\n\t\t\t\t\t\t<section class=\"elementor-section elementor-top-section elementor-element elementor-element-09b2238 elementor-section-full_width elementor-section-height-min-height elementor-section-items-stretch elementor-section-height-default wpr-particle-no wpr-jarallax-no wpr-parallax-no wpr-sticky-section-no\" data-id=\"09b2238\" data-element_type=\"section\" data-e-type=\"section\" data-settings=\"{&quot;background_background&quot;:&quot;classic&quot;}\">\n\t\t\t\t\t\t<div class=\"elementor-container elementor-column-gap-no\">\n\t\t\t\t\t<div class=\"elementor-column elementor-col-100 elementor-top-column elementor-element elementor-element-4defcc5\" data-id=\"4defcc5\" data-element_type=\"column\" data-e-type=\"column\">\n\t\t\t<div class=\"elementor-widget-wrap elementor-element-populated\">\n\t\t\t\t\t\t<div class=\"elementor-element elementor-element-26f040c elementor--h-position-center elementor--v-position-middle elementor-widget elementor-widget-slides\" data-id=\"26f040c\" data-element_type=\"widget\" data-e-type=\"widget\" data-settings=\"{&quot;navigation&quot;:&quot;none&quot;,&quot;infinite&quot;:&quot;yes&quot;,&quot;transition&quot;:&quot;slide&quot;,&quot;transition_speed&quot;:500}\" data-widget_type=\"slides.default\">\n\t\t\t\t<div class=\"elementor-widget-container\">\n\t\t\t\t\t\t\t<div class=\"elementor-swiper\">\n\t\t\t<div class=\"elementor-slides-wrapper elementor-main-swiper swiper-container\" dir=\"ltr\" data-animation=\"\">\n\t\t\t\t<div class=\"swiper-wrapper elementor-slides\">\n\t\t\t\t\t\t\t\t\t\t<div class=\"elementor-repeater-item-d983a28 swiper-slide\"><div class=\"swiper-slide-bg\"><\/div><div class=\"swiper-slide-inner\" ><div class=\"swiper-slide-contents\"><div class=\"elementor-slide-heading\">Processing of Licenses<\/div><\/div><\/div><\/div>\t\t\t\t<\/div>\n\t\t\t\t\t\t\t<\/div>\n\t\t<\/div>\n\t\t\t\t\t\t<\/div>\n\t\t\t\t<\/div>\n\t\t\t\t\t<\/div>\n\t\t<\/div>\n\t\t\t\t\t<\/div>\n\t\t<\/section>\n\t\t\t\t<section class=\"elementor-section elementor-top-section elementor-element elementor-element-1a90a74 elementor-section-stretched elementor-section-boxed elementor-section-height-default elementor-section-height-default wpr-particle-no wpr-jarallax-no wpr-parallax-no wpr-sticky-section-no\" data-id=\"1a90a74\" data-element_type=\"section\" data-e-type=\"section\" data-settings=\"{&quot;stretch_section&quot;:&quot;section-stretched&quot;,&quot;background_background&quot;:&quot;classic&quot;}\">\n\t\t\t\t\t\t<div class=\"elementor-container elementor-column-gap-default\">\n\t\t\t\t\t<div class=\"elementor-column elementor-col-100 elementor-top-column elementor-element elementor-element-ff01677\" data-id=\"ff01677\" data-element_type=\"column\" data-e-type=\"column\">\n\t\t\t<div class=\"elementor-widget-wrap elementor-element-populated\">\n\t\t\t\t\t\t<div class=\"elementor-element elementor-element-6f6b031 elementor-widget elementor-widget-heading\" data-id=\"6f6b031\" data-element_type=\"widget\" data-e-type=\"widget\" data-widget_type=\"heading.default\">\n\t\t\t\t<div class=\"elementor-widget-container\">\n\t\t\t\t\t<h3 class=\"elementor-heading-title elementor-size-default\">In Maryland you can get your driver's license<\/h3>\t\t\t\t<\/div>\n\t\t\t\t<\/div>\n\t\t\t\t<div class=\"elementor-element elementor-element-2991857 elementor-widget elementor-widget-text-editor\" data-id=\"2991857\" data-element_type=\"widget\" data-e-type=\"widget\" data-widget_type=\"text-editor.default\">\n\t\t\t\t<div class=\"elementor-widget-container\">\n\t\t\t\t\t\t\t\t\t<p>En el apartado <a href=\"https:\/\/accesolatino.org\/en\/licencias\/\">\u201cLicencias de Manejo\u201d<\/a> encontrar\u00e1s informaci\u00f3n vital para el proceso de tramitaci\u00f3n del permiso de conducir en el estado de Maryland.<\/p><p>En el estado de la Vieja L\u00ednea, puedes sacar tu licencia de manejo sin la necesidad de tener los documentos que acrediten tu estancia legal en la Uni\u00f3n Americana.<\/p><p>Con esta herramienta podr\u00e1s ir paso a paso, gracias a la gu\u00eda que tenemos para ti.<br \/>Estos son algunos de los requisitos, que necesitas para tramitar tu licencia:<br \/>\u2022 Tener un documento v\u00e1lido que avale tu identidad (pasaporte. ID consular)<br \/>\u2022 Dos comprobantes de domicilio del estado de Maryland<br \/>\u2022 Comprobante de pago de impuestos de los \u00faltimos dos a\u00f1os<br \/><strong>Acceso Latino<\/strong>, tu primer portal de consulta migratoria.<\/p>\t\t\t\t\t\t\t\t<\/div>\n\t\t\t\t<\/div>\n\t\t\t\t<div class=\"elementor-element elementor-element-cc45c91 elementor-widget elementor-widget-spacer\" data-id=\"cc45c91\" data-element_type=\"widget\" data-e-type=\"widget\" data-widget_type=\"spacer.default\">\n\t\t\t\t<div class=\"elementor-widget-container\">\n\t\t\t\t\t\t\t<div class=\"elementor-spacer\">\n\t\t\t<div class=\"elementor-spacer-inner\"><\/div>\n\t\t<\/div>\n\t\t\t\t\t\t<\/div>\n\t\t\t\t<\/div>\n\t\t\t\t\t<\/div>\n\t\t<\/div>\n\t\t\t\t\t<\/div>\n\t\t<\/section>\n\t\t\t\t<\/div>","protected":false},"excerpt":{"rendered":"<p>Tr\u00e1mite de Licencias En Maryland puedes sacar tu licencia de manejo En el apartado \u201cLicencias de Manejo\u201d encontrar\u00e1s informaci\u00f3n vital para el proceso de tramitaci\u00f3n del permiso de conducir en el estado de Maryland. En el estado de la Vieja L\u00ednea, puedes sacar tu licencia de manejo sin la necesidad de tener los documentos que acrediten tu estancia legal en la Uni\u00f3n Americana. Con esta herramienta podr\u00e1s ir paso a paso, gracias a la gu\u00eda que tenemos para ti.Estos son algunos de los requisitos, que necesitas para tramitar tu licencia:\u2022 Tener un documento v\u00e1lido que avale tu identidad (pasaporte. ID consular)\u2022 Dos comprobantes de domicilio del estado de Maryland\u2022 Comprobante de pago de impuestos de los \u00faltimos dos a\u00f1osAcceso Latino, tu primer portal de consulta migratoria.<\/p>","protected":false},"author":9,"featured_media":19533,"parent":0,"menu_order":0,"comment_status":"closed","ping_status":"closed","template":"elementor_header_footer","meta":{"_uf_show_specific_survey":0,"_uf_disable_surveys":false,"footnotes":""},"class_list":["post-19532","page","type-page","status-publish","has-post-thumbnail"],"aioseo_notices":[],"yoast_head":"<!-- This site is optimized with the Yoast SEO plugin v27.3 - https:\/\/yoast.com\/product\/yoast-seo-wordpress\/ -->\n<title>En Maryland puedes sacar tu licencia de manejo<\/title>\n<meta name=\"description\" content=\"En Maryland puedes sacar tu licencia de manejo En el apartado \u201cLicencias de Manejo\u201d encontrar\u00e1s informaci\u00f3n vital para el proceso...\" \/>\n<meta name=\"robots\" content=\"index, follow, max-snippet:-1, max-image-preview:large, max-video-preview:-1\" \/>\n<link rel=\"canonical\" href=\"https:\/\/accesolatino.org\/en\/en-maryland-puedes-sacar-tu-licencia-de-manejo\/\" \/>\n<meta property=\"og:locale\" content=\"en_US\" \/>\n<meta property=\"og:type\" content=\"article\" \/>\n<meta property=\"og:title\" content=\"Acceso Latino | En Maryland puedes sacar tu licencia de manejo\" \/>\n<meta property=\"og:description\" content=\"En Maryland puedes sacar tu licencia de manejo\" \/>\n<meta property=\"og:url\" content=\"https:\/\/accesolatino.org\/en\/en-maryland-puedes-sacar-tu-licencia-de-manejo\/\" \/>\n<meta property=\"og:site_name\" content=\"Acceso Latino\" \/>\n<meta property=\"article:publisher\" content=\"https:\/\/www.facebook.com\/AccesoLatinoOrg\" \/>\n<meta property=\"article:modified_time\" content=\"2025-10-17T19:19:13+00:00\" \/>\n<meta property=\"og:image\" content=\"https:\/\/accesolatino.org\/wp-content\/uploads\/2019\/12\/En-Maryland-puedes-sacar-tu-licencia-de-manejo.png\" \/>\n\t<meta property=\"og:image:width\" content=\"600\" \/>\n\t<meta property=\"og:image:height\" content=\"300\" \/>\n\t<meta property=\"og:image:type\" content=\"image\/png\" \/>\n<meta name=\"twitter:card\" content=\"summary_large_image\" \/>\n<meta name=\"twitter:title\" content=\"Acceso Latino | En Maryland puedes sacar tu licencia de manejo\" \/>\n<meta name=\"twitter:description\" content=\"En Maryland puedes sacar tu licencia de manejo\" \/>\n<meta name=\"twitter:image\" content=\"https:\/\/accesolatino.org\/wp-content\/uploads\/2019\/12\/En-Maryland-puedes-sacar-tu-licencia-de-manejo.png\" \/>\n<meta name=\"twitter:site\" content=\"@FAccLatino\" \/>\n<meta name=\"twitter:label1\" content=\"Est. reading time\" \/>\n\t<meta name=\"twitter:data1\" content=\"1 minute\" \/>\n<script type=\"application\/ld+json\" class=\"yoast-schema-graph\">{\"@context\":\"https:\\\/\\\/schema.org\",\"@graph\":[{\"@type\":\"WebPage\",\"@id\":\"https:\\\/\\\/accesolatino.org\\\/en-maryland-puedes-sacar-tu-licencia-de-manejo\\\/\",\"url\":\"https:\\\/\\\/accesolatino.org\\\/en-maryland-puedes-sacar-tu-licencia-de-manejo\\\/\",\"name\":\"En Maryland puedes sacar tu licencia de manejo\",\"isPartOf\":{\"@id\":\"https:\\\/\\\/accesolatino.org\\\/#website\"},\"primaryImageOfPage\":{\"@id\":\"https:\\\/\\\/accesolatino.org\\\/en-maryland-puedes-sacar-tu-licencia-de-manejo\\\/#primaryimage\"},\"image\":{\"@id\":\"https:\\\/\\\/accesolatino.org\\\/en-maryland-puedes-sacar-tu-licencia-de-manejo\\\/#primaryimage\"},\"thumbnailUrl\":\"https:\\\/\\\/accesolatino.org\\\/wp-content\\\/uploads\\\/2019\\\/12\\\/En-Maryland-puedes-sacar-tu-licencia-de-manejo.png\",\"datePublished\":\"2019-12-19T15:07:43+00:00\",\"dateModified\":\"2025-10-17T19:19:13+00:00\",\"description\":\"En Maryland puedes sacar tu licencia de manejo En el apartado \u201cLicencias de Manejo\u201d encontrar\u00e1s informaci\u00f3n vital para el proceso...\",\"breadcrumb\":{\"@id\":\"https:\\\/\\\/accesolatino.org\\\/en-maryland-puedes-sacar-tu-licencia-de-manejo\\\/#breadcrumb\"},\"inLanguage\":\"en-US\",\"potentialAction\":[{\"@type\":\"ReadAction\",\"target\":[\"https:\\\/\\\/accesolatino.org\\\/en-maryland-puedes-sacar-tu-licencia-de-manejo\\\/\"]}]},{\"@type\":\"ImageObject\",\"inLanguage\":\"en-US\",\"@id\":\"https:\\\/\\\/accesolatino.org\\\/en-maryland-puedes-sacar-tu-licencia-de-manejo\\\/#primaryimage\",\"url\":\"https:\\\/\\\/accesolatino.org\\\/wp-content\\\/uploads\\\/2019\\\/12\\\/En-Maryland-puedes-sacar-tu-licencia-de-manejo.png\",\"contentUrl\":\"https:\\\/\\\/accesolatino.org\\\/wp-content\\\/uploads\\\/2019\\\/12\\\/En-Maryland-puedes-sacar-tu-licencia-de-manejo.png\",\"width\":600,\"height\":300,\"caption\":\"licencia\"},{\"@type\":\"BreadcrumbList\",\"@id\":\"https:\\\/\\\/accesolatino.org\\\/en-maryland-puedes-sacar-tu-licencia-de-manejo\\\/#breadcrumb\",\"itemListElement\":[{\"@type\":\"ListItem\",\"position\":1,\"name\":\"Portada\",\"item\":\"https:\\\/\\\/accesolatino.org\\\/\"},{\"@type\":\"ListItem\",\"position\":2,\"name\":\"En Maryland puedes sacar tu licencia de manejo\"}]},{\"@type\":\"WebSite\",\"@id\":\"https:\\\/\\\/accesolatino.org\\\/#website\",\"url\":\"https:\\\/\\\/accesolatino.org\\\/\",\"name\":\"Acceso Latino | Fundaci\u00f3n Carlos Slim\",\"description\":\"Fundaci\u00f3n Carlos Slim\",\"publisher\":{\"@id\":\"https:\\\/\\\/accesolatino.org\\\/#organization\"},\"potentialAction\":[{\"@type\":\"SearchAction\",\"target\":{\"@type\":\"EntryPoint\",\"urlTemplate\":\"https:\\\/\\\/accesolatino.org\\\/?s={search_term_string}\"},\"query-input\":{\"@type\":\"PropertyValueSpecification\",\"valueRequired\":true,\"valueName\":\"search_term_string\"}}],\"inLanguage\":\"en-US\"},{\"@type\":\"Organization\",\"@id\":\"https:\\\/\\\/accesolatino.org\\\/#organization\",\"name\":\"Acceso Latino | Fundaci\u00f3n Carlos Slim\",\"url\":\"https:\\\/\\\/accesolatino.org\\\/\",\"logo\":{\"@type\":\"ImageObject\",\"inLanguage\":\"en-US\",\"@id\":\"https:\\\/\\\/accesolatino.org\\\/#\\\/schema\\\/logo\\\/image\\\/\",\"url\":\"https:\\\/\\\/accesolatino.org\\\/wp-content\\\/uploads\\\/2021\\\/02\\\/logo-footer-acceso-latino.png\",\"contentUrl\":\"https:\\\/\\\/accesolatino.org\\\/wp-content\\\/uploads\\\/2021\\\/02\\\/logo-footer-acceso-latino.png\",\"width\":240,\"height\":40,\"caption\":\"Acceso Latino | Fundaci\u00f3n Carlos Slim\"},\"image\":{\"@id\":\"https:\\\/\\\/accesolatino.org\\\/#\\\/schema\\\/logo\\\/image\\\/\"},\"sameAs\":[\"https:\\\/\\\/www.facebook.com\\\/AccesoLatinoOrg\",\"https:\\\/\\\/x.com\\\/FAccLatino\"]}]}<\/script>\n<!-- \/ Yoast SEO plugin. -->","yoast_head_json":{"title":"In Maryland you can get your driver's license","description":"En Maryland puedes sacar tu licencia de manejo En el apartado \u201cLicencias de Manejo\u201d encontrar\u00e1s informaci\u00f3n vital para el proceso...","robots":{"index":"index","follow":"follow","max-snippet":"max-snippet:-1","max-image-preview":"max-image-preview:large","max-video-preview":"max-video-preview:-1"},"canonical":"https:\/\/accesolatino.org\/en\/en-maryland-puedes-sacar-tu-licencia-de-manejo\/","og_locale":"en_US","og_type":"article","og_title":"Acceso Latino | En Maryland puedes sacar tu licencia de manejo","og_description":"En Maryland puedes sacar tu licencia de manejo","og_url":"https:\/\/accesolatino.org\/en\/en-maryland-puedes-sacar-tu-licencia-de-manejo\/","og_site_name":"Acceso Latino","article_publisher":"https:\/\/www.facebook.com\/AccesoLatinoOrg","article_modified_time":"2025-10-17T19:19:13+00:00","og_image":[{"width":600,"height":300,"url":"https:\/\/accesolatino.org\/wp-content\/uploads\/2019\/12\/En-Maryland-puedes-sacar-tu-licencia-de-manejo.png","type":"image\/png"}],"twitter_card":"summary_large_image","twitter_title":"Acceso Latino | En Maryland puedes sacar tu licencia de manejo","twitter_description":"En Maryland puedes sacar tu licencia de manejo","twitter_image":"https:\/\/accesolatino.org\/wp-content\/uploads\/2019\/12\/En-Maryland-puedes-sacar-tu-licencia-de-manejo.png","twitter_site":"@FAccLatino","twitter_misc":{"Est. reading time":"1 minute"},"schema":{"@context":"https:\/\/schema.org","@graph":[{"@type":"WebPage","@id":"https:\/\/accesolatino.org\/en-maryland-puedes-sacar-tu-licencia-de-manejo\/","url":"https:\/\/accesolatino.org\/en-maryland-puedes-sacar-tu-licencia-de-manejo\/","name":"In Maryland you can get your driver's license","isPartOf":{"@id":"https:\/\/accesolatino.org\/#website"},"primaryImageOfPage":{"@id":"https:\/\/accesolatino.org\/en-maryland-puedes-sacar-tu-licencia-de-manejo\/#primaryimage"},"image":{"@id":"https:\/\/accesolatino.org\/en-maryland-puedes-sacar-tu-licencia-de-manejo\/#primaryimage"},"thumbnailUrl":"https:\/\/accesolatino.org\/wp-content\/uploads\/2019\/12\/En-Maryland-puedes-sacar-tu-licencia-de-manejo.png","datePublished":"2019-12-19T15:07:43+00:00","dateModified":"2025-10-17T19:19:13+00:00","description":"En Maryland puedes sacar tu licencia de manejo En el apartado \u201cLicencias de Manejo\u201d encontrar\u00e1s informaci\u00f3n vital para el proceso...","breadcrumb":{"@id":"https:\/\/accesolatino.org\/en-maryland-puedes-sacar-tu-licencia-de-manejo\/#breadcrumb"},"inLanguage":"en-US","potentialAction":[{"@type":"ReadAction","target":["https:\/\/accesolatino.org\/en-maryland-puedes-sacar-tu-licencia-de-manejo\/"]}]},{"@type":"ImageObject","inLanguage":"en-US","@id":"https:\/\/accesolatino.org\/en-maryland-puedes-sacar-tu-licencia-de-manejo\/#primaryimage","url":"https:\/\/accesolatino.org\/wp-content\/uploads\/2019\/12\/En-Maryland-puedes-sacar-tu-licencia-de-manejo.png","contentUrl":"https:\/\/accesolatino.org\/wp-content\/uploads\/2019\/12\/En-Maryland-puedes-sacar-tu-licencia-de-manejo.png","width":600,"height":300,"caption":"licencia"},{"@type":"BreadcrumbList","@id":"https:\/\/accesolatino.org\/en-maryland-puedes-sacar-tu-licencia-de-manejo\/#breadcrumb","itemListElement":[{"@type":"ListItem","position":1,"name":"Portada","item":"https:\/\/accesolatino.org\/"},{"@type":"ListItem","position":2,"name":"En Maryland puedes sacar tu licencia de manejo"}]},{"@type":"WebSite","@id":"https:\/\/accesolatino.org\/#website","url":"https:\/\/accesolatino.org\/","name":"Acceso Latino | Fundaci\u00f3n Carlos Slim","description":"Fundaci\u00f3n Carlos Slim","publisher":{"@id":"https:\/\/accesolatino.org\/#organization"},"potentialAction":[{"@type":"SearchAction","target":{"@type":"EntryPoint","urlTemplate":"https:\/\/accesolatino.org\/?s={search_term_string}"},"query-input":{"@type":"PropertyValueSpecification","valueRequired":true,"valueName":"search_term_string"}}],"inLanguage":"en-US"},{"@type":"Organization","@id":"https:\/\/accesolatino.org\/#organization","name":"Acceso Latino | Fundaci\u00f3n Carlos Slim","url":"https:\/\/accesolatino.org\/","logo":{"@type":"ImageObject","inLanguage":"en-US","@id":"https:\/\/accesolatino.org\/#\/schema\/logo\/image\/","url":"https:\/\/accesolatino.org\/wp-content\/uploads\/2021\/02\/logo-footer-acceso-latino.png","contentUrl":"https:\/\/accesolatino.org\/wp-content\/uploads\/2021\/02\/logo-footer-acceso-latino.png","width":240,"height":40,"caption":"Acceso Latino | Fundaci\u00f3n Carlos Slim"},"image":{"@id":"https:\/\/accesolatino.org\/#\/schema\/logo\/image\/"},"sameAs":["https:\/\/www.facebook.com\/AccesoLatinoOrg","https:\/\/x.com\/FAccLatino"]}]}},"_links":{"self":[{"href":"https:\/\/accesolatino.org\/en\/wp-json\/wp\/v2\/pages\/19532","targetHints":{"allow":["GET"]}}],"collection":[{"href":"https:\/\/accesolatino.org\/en\/wp-json\/wp\/v2\/pages"}],"about":[{"href":"https:\/\/accesolatino.org\/en\/wp-json\/wp\/v2\/types\/page"}],"author":[{"embeddable":true,"href":"https:\/\/accesolatino.org\/en\/wp-json\/wp\/v2\/users\/9"}],"replies":[{"embeddable":true,"href":"https:\/\/accesolatino.org\/en\/wp-json\/wp\/v2\/comments?post=19532"}],"version-history":[{"count":1,"href":"https:\/\/accesolatino.org\/en\/wp-json\/wp\/v2\/pages\/19532\/revisions"}],"predecessor-version":[{"id":64204,"href":"https:\/\/accesolatino.org\/en\/wp-json\/wp\/v2\/pages\/19532\/revisions\/64204"}],"wp:featuredmedia":[{"embeddable":true,"href":"https:\/\/accesolatino.org\/en\/wp-json\/wp\/v2\/media\/19533"}],"wp:attachment":[{"href":"https:\/\/accesolatino.org\/en\/wp-json\/wp\/v2\/media?parent=19532"}],"curies":[{"name":"wp","href":"https:\/\/api.w.org\/{rel}","templated":true}]}}