{"id":19498,"date":"2019-12-17T11:04:56","date_gmt":"2019-12-17T17:04:56","guid":{"rendered":"https:\/\/accesolatino.org\/?page_id=19498"},"modified":"2025-10-16T15:10:30","modified_gmt":"2025-10-16T21:10:30","slug":"red-de-clinicas-a-bajo-costo-en-toda-la-union-americana","status":"publish","type":"page","link":"https:\/\/accesolatino.org\/en\/salud\/red-de-clinicas-a-bajo-costo-en-toda-la-union-americana\/","title":{"rendered":"Network of low-cost clinics throughout the U.S."},"content":{"rendered":"<div data-elementor-type=\"wp-post\" data-elementor-id=\"19498\" class=\"elementor elementor-19498\">\n\t\t\t\t\t\t<section class=\"elementor-section elementor-top-section elementor-element elementor-element-20616a0 elementor-section-full_width elementor-section-height-min-height elementor-section-items-stretch elementor-section-height-default wpr-particle-no wpr-jarallax-no wpr-parallax-no wpr-sticky-section-no wpr-equal-height-no\" data-id=\"20616a0\" data-element_type=\"section\" data-e-type=\"section\" data-settings=\"{&quot;background_background&quot;:&quot;classic&quot;}\">\n\t\t\t\t\t\t<div class=\"elementor-container elementor-column-gap-no\">\n\t\t\t\t\t<div class=\"elementor-column elementor-col-100 elementor-top-column elementor-element elementor-element-0ae81f3\" data-id=\"0ae81f3\" data-element_type=\"column\" data-e-type=\"column\">\n\t\t\t<div class=\"elementor-widget-wrap elementor-element-populated\">\n\t\t\t\t\t\t<div class=\"elementor-element elementor-element-ec46698 elementor--h-position-center elementor--v-position-middle elementor-widget elementor-widget-slides\" data-id=\"ec46698\" data-element_type=\"widget\" data-e-type=\"widget\" data-settings=\"{&quot;navigation&quot;:&quot;none&quot;,&quot;infinite&quot;:&quot;yes&quot;,&quot;transition&quot;:&quot;slide&quot;,&quot;transition_speed&quot;:500}\" data-widget_type=\"slides.default\">\n\t\t\t\t<div class=\"elementor-widget-container\">\n\t\t\t\t\t\t\t<div class=\"elementor-swiper\">\n\t\t\t<div class=\"elementor-slides-wrapper elementor-main-swiper swiper-container\" dir=\"ltr\" data-animation=\"\">\n\t\t\t\t<div class=\"swiper-wrapper elementor-slides\">\n\t\t\t\t\t\t\t\t\t\t<div class=\"elementor-repeater-item-d983a28 swiper-slide\"><div class=\"swiper-slide-bg\"><\/div><div class=\"swiper-slide-inner\" ><div class=\"swiper-slide-contents\"><div class=\"elementor-slide-heading\">Health<\/div><\/div><\/div><\/div>\t\t\t\t<\/div>\n\t\t\t\t\t\t\t<\/div>\n\t\t<\/div>\n\t\t\t\t\t\t<\/div>\n\t\t\t\t<\/div>\n\t\t\t\t\t<\/div>\n\t\t<\/div>\n\t\t\t\t\t<\/div>\n\t\t<\/section>\n\t\t\t\t<section class=\"elementor-section elementor-top-section elementor-element elementor-element-08a523c elementor-section-stretched elementor-section-boxed elementor-section-height-default elementor-section-height-default wpr-particle-no wpr-jarallax-no wpr-parallax-no wpr-sticky-section-no wpr-equal-height-no\" data-id=\"08a523c\" data-element_type=\"section\" data-e-type=\"section\" data-settings=\"{&quot;stretch_section&quot;:&quot;section-stretched&quot;,&quot;background_background&quot;:&quot;classic&quot;}\">\n\t\t\t\t\t\t<div class=\"elementor-container elementor-column-gap-default\">\n\t\t\t\t\t<div class=\"elementor-column elementor-col-100 elementor-top-column elementor-element elementor-element-07cbcce\" data-id=\"07cbcce\" data-element_type=\"column\" data-e-type=\"column\">\n\t\t\t<div class=\"elementor-widget-wrap elementor-element-populated\">\n\t\t\t\t\t\t<div class=\"elementor-element elementor-element-f3f5c3f elementor-widget elementor-widget-heading\" data-id=\"f3f5c3f\" data-element_type=\"widget\" data-e-type=\"widget\" data-widget_type=\"heading.default\">\n\t\t\t\t<div class=\"elementor-widget-container\">\n\t\t\t\t\t<h3 class=\"elementor-heading-title elementor-size-default\">Network of low-cost clinics throughout the U.S.<\/h3>\t\t\t\t<\/div>\n\t\t\t\t<\/div>\n\t\t\t\t<div class=\"elementor-element elementor-element-10d49bc elementor-widget elementor-widget-text-editor\" data-id=\"10d49bc\" data-element_type=\"widget\" data-e-type=\"widget\" data-widget_type=\"text-editor.default\">\n\t\t\t\t<div class=\"elementor-widget-container\">\n\t\t\t\t\t\t\t\t\t<p>En accesolatino.org encontrar\u00e1s en nuestra herramienta <a href=\"http:\/\/www.freeclinics.com\/\" target=\"_blank\" rel=\"noopener\">\u201cCl\u00ednicas gratuitas en todo EUA\u201d<\/a> en nuestra secci\u00f3n <a href=\"\/en\/salud\/\" target=\"_blank\" rel=\"noopener\">\u201cSalud\u201d<\/a>.<br \/><a href=\"https:\/\/www.freeclinics.com\/\" target=\"_blank\" rel=\"noopener\">Free Clinics<\/a> es una red de cl\u00ednicas dentales y de salud en todo Norteam\u00e9rica cuyos precios son con base en los ingresos que percibes, as\u00ed que los servicios son a precios muy accesibles y hay otros que son totalmente gratuitos.<br \/>En estas cl\u00ednicas encontrar\u00e1s los siguientes servicios<br \/>\u2022 Atenci\u00f3n m\u00e9dica primaria<br \/>\u2022 Cuidado cr\u00f3nico<br \/>\u2022 Cuidado de la salud de la mujer<br \/>\u2022 Cuidado dental<br \/>\u2022 Ex\u00e1menes de los ojos<br \/>\u2022 Trabajo de laboratorio<br \/>\u2022 Urgencias<br \/><a href=\"http:\/\/accesolatino.org\/en\/\"><strong>Acceso Latino<\/strong><\/a>, tu primera ventana de ayuda migratoria y temas de salud.<\/p>\t\t\t\t\t\t\t\t<\/div>\n\t\t\t\t<\/div>\n\t\t\t\t<div class=\"elementor-element elementor-element-cbbd565 elementor-widget elementor-widget-spacer\" data-id=\"cbbd565\" data-element_type=\"widget\" data-e-type=\"widget\" data-widget_type=\"spacer.default\">\n\t\t\t\t<div class=\"elementor-widget-container\">\n\t\t\t\t\t\t\t<div class=\"elementor-spacer\">\n\t\t\t<div class=\"elementor-spacer-inner\"><\/div>\n\t\t<\/div>\n\t\t\t\t\t\t<\/div>\n\t\t\t\t<\/div>\n\t\t\t\t\t<\/div>\n\t\t<\/div>\n\t\t\t\t\t<\/div>\n\t\t<\/section>\n\t\t\t\t<\/div>","protected":false},"excerpt":{"rendered":"<p>Salud Red de cl\u00ednicas a bajo costo en toda la Uni\u00f3n Americana En accesolatino.org encontrar\u00e1s en nuestra herramienta \u201cCl\u00ednicas gratuitas en todo EUA\u201d en nuestra secci\u00f3n \u201cSalud\u201d.Free Clinics es una red de cl\u00ednicas dentales y de salud en todo Norteam\u00e9rica cuyos precios son con base en los ingresos que percibes, as\u00ed que los servicios son a precios muy accesibles y hay otros que son totalmente gratuitos.En estas cl\u00ednicas encontrar\u00e1s los siguientes servicios\u2022 Atenci\u00f3n m\u00e9dica primaria\u2022 Cuidado cr\u00f3nico\u2022 Cuidado de la salud de la mujer\u2022 Cuidado dental\u2022 Ex\u00e1menes de los ojos\u2022 Trabajo de laboratorio\u2022 UrgenciasAcceso Latino, tu primera ventana de ayuda migratoria y temas de salud.<\/p>","protected":false},"author":4,"featured_media":19494,"parent":4668,"menu_order":0,"comment_status":"closed","ping_status":"closed","template":"elementor_header_footer","meta":{"_uf_show_specific_survey":0,"_uf_disable_surveys":false,"footnotes":""},"class_list":["post-19498","page","type-page","status-publish","has-post-thumbnail"],"aioseo_notices":[],"yoast_head":"<!-- This site is optimized with the Yoast SEO plugin v27.4 - https:\/\/yoast.com\/product\/yoast-seo-wordpress\/ -->\n<title>Red de cl\u00ednicas a bajo costo en toda la Uni\u00f3n Americana<\/title>\n<meta name=\"description\" content=\"Conoce tus derechos y lo que Estados Unidos tiene para ofrecer a los migrantes en materia de Salud - Acceso Latino\" \/>\n<meta name=\"robots\" content=\"index, follow, max-snippet:-1, max-image-preview:large, max-video-preview:-1\" \/>\n<link rel=\"canonical\" href=\"https:\/\/accesolatino.org\/en\/salud\/red-de-clinicas-a-bajo-costo-en-toda-la-union-americana\/\" \/>\n<meta property=\"og:locale\" content=\"en_US\" \/>\n<meta property=\"og:type\" content=\"article\" \/>\n<meta property=\"og:title\" content=\"Acceso Latino | Red de cl\u00ednicas a bajo costo en toda la Uni\u00f3n Americana\" \/>\n<meta property=\"og:description\" content=\"Conoce todo lo que Estados Unidos tiene para ofrecer a los migrantes en materia de Salud\" \/>\n<meta property=\"og:url\" content=\"https:\/\/accesolatino.org\/en\/salud\/red-de-clinicas-a-bajo-costo-en-toda-la-union-americana\/\" \/>\n<meta property=\"og:site_name\" content=\"Acceso Latino\" \/>\n<meta property=\"article:publisher\" content=\"https:\/\/www.facebook.com\/AccesoLatinoOrg\" \/>\n<meta property=\"article:modified_time\" content=\"2025-10-16T21:10:30+00:00\" \/>\n<meta property=\"og:image\" content=\"https:\/\/accesolatino.org\/wp-content\/uploads\/2019\/12\/Red-de-cl\u00ednicas-a-bajo-costo-en-toda-la-Uni\u00f3n-Americana.png\" \/>\n\t<meta property=\"og:image:width\" content=\"600\" \/>\n\t<meta property=\"og:image:height\" content=\"300\" \/>\n\t<meta property=\"og:image:type\" content=\"image\/png\" \/>\n<meta name=\"twitter:card\" content=\"summary_large_image\" \/>\n<meta name=\"twitter:title\" content=\"Acceso Latino | Red de cl\u00ednicas a bajo costo en toda la Uni\u00f3n Americana\" \/>\n<meta name=\"twitter:description\" content=\"Conoce todo lo que Estados Unidos tiene para ofrecer a los migrantes en materia de Salud\" \/>\n<meta name=\"twitter:image\" content=\"https:\/\/accesolatino.org\/wp-content\/uploads\/2019\/12\/Red-de-cl\u00ednicas-a-bajo-costo-en-toda-la-Uni\u00f3n-Americana.png\" \/>\n<meta name=\"twitter:site\" content=\"@FAccLatino\" \/>\n<meta name=\"twitter:label1\" content=\"Est. reading time\" \/>\n\t<meta name=\"twitter:data1\" content=\"1 minute\" \/>\n<script type=\"application\/ld+json\" class=\"yoast-schema-graph\">{\"@context\":\"https:\\\/\\\/schema.org\",\"@graph\":[{\"@type\":\"WebPage\",\"@id\":\"https:\\\/\\\/accesolatino.org\\\/en\\\/salud\\\/red-de-clinicas-a-bajo-costo-en-toda-la-union-americana\\\/\",\"url\":\"https:\\\/\\\/accesolatino.org\\\/en\\\/salud\\\/red-de-clinicas-a-bajo-costo-en-toda-la-union-americana\\\/\",\"name\":\"Red de cl\u00ednicas a bajo costo en toda la Uni\u00f3n Americana\",\"isPartOf\":{\"@id\":\"https:\\\/\\\/accesolatino.org\\\/#website\"},\"primaryImageOfPage\":{\"@id\":\"https:\\\/\\\/accesolatino.org\\\/en\\\/salud\\\/red-de-clinicas-a-bajo-costo-en-toda-la-union-americana\\\/#primaryimage\"},\"image\":{\"@id\":\"https:\\\/\\\/accesolatino.org\\\/en\\\/salud\\\/red-de-clinicas-a-bajo-costo-en-toda-la-union-americana\\\/#primaryimage\"},\"thumbnailUrl\":\"https:\\\/\\\/accesolatino.org\\\/wp-content\\\/uploads\\\/2019\\\/12\\\/Red-de-cl\u00ednicas-a-bajo-costo-en-toda-la-Uni\u00f3n-Americana.png\",\"datePublished\":\"2019-12-17T17:04:56+00:00\",\"dateModified\":\"2025-10-16T21:10:30+00:00\",\"description\":\"Conoce tus derechos y lo que Estados Unidos tiene para ofrecer a los migrantes en materia de Salud - Acceso Latino\",\"breadcrumb\":{\"@id\":\"https:\\\/\\\/accesolatino.org\\\/en\\\/salud\\\/red-de-clinicas-a-bajo-costo-en-toda-la-union-americana\\\/#breadcrumb\"},\"inLanguage\":\"en-US\",\"potentialAction\":[{\"@type\":\"ReadAction\",\"target\":[\"https:\\\/\\\/accesolatino.org\\\/en\\\/salud\\\/red-de-clinicas-a-bajo-costo-en-toda-la-union-americana\\\/\"]}]},{\"@type\":\"ImageObject\",\"inLanguage\":\"en-US\",\"@id\":\"https:\\\/\\\/accesolatino.org\\\/en\\\/salud\\\/red-de-clinicas-a-bajo-costo-en-toda-la-union-americana\\\/#primaryimage\",\"url\":\"https:\\\/\\\/accesolatino.org\\\/wp-content\\\/uploads\\\/2019\\\/12\\\/Red-de-cl\u00ednicas-a-bajo-costo-en-toda-la-Uni\u00f3n-Americana.png\",\"contentUrl\":\"https:\\\/\\\/accesolatino.org\\\/wp-content\\\/uploads\\\/2019\\\/12\\\/Red-de-cl\u00ednicas-a-bajo-costo-en-toda-la-Uni\u00f3n-Americana.png\",\"width\":600,\"height\":300,\"caption\":\"cl\u00ednicas\"},{\"@type\":\"BreadcrumbList\",\"@id\":\"https:\\\/\\\/accesolatino.org\\\/en\\\/salud\\\/red-de-clinicas-a-bajo-costo-en-toda-la-union-americana\\\/#breadcrumb\",\"itemListElement\":[{\"@type\":\"ListItem\",\"position\":1,\"name\":\"Portada\",\"item\":\"https:\\\/\\\/accesolatino.org\\\/\"},{\"@type\":\"ListItem\",\"position\":2,\"name\":\"Salud\",\"item\":\"https:\\\/\\\/accesolatino.org\\\/salud\\\/\"},{\"@type\":\"ListItem\",\"position\":3,\"name\":\"Red de cl\u00ednicas a bajo costo en toda la Uni\u00f3n Americana\"}]},{\"@type\":\"WebSite\",\"@id\":\"https:\\\/\\\/accesolatino.org\\\/#website\",\"url\":\"https:\\\/\\\/accesolatino.org\\\/\",\"name\":\"Acceso Latino | Fundaci\u00f3n Carlos Slim\",\"description\":\"Fundaci\u00f3n Carlos Slim\",\"publisher\":{\"@id\":\"https:\\\/\\\/accesolatino.org\\\/#organization\"},\"potentialAction\":[{\"@type\":\"SearchAction\",\"target\":{\"@type\":\"EntryPoint\",\"urlTemplate\":\"https:\\\/\\\/accesolatino.org\\\/?s={search_term_string}\"},\"query-input\":{\"@type\":\"PropertyValueSpecification\",\"valueRequired\":true,\"valueName\":\"search_term_string\"}}],\"inLanguage\":\"en-US\"},{\"@type\":\"Organization\",\"@id\":\"https:\\\/\\\/accesolatino.org\\\/#organization\",\"name\":\"Acceso Latino | Fundaci\u00f3n Carlos Slim\",\"url\":\"https:\\\/\\\/accesolatino.org\\\/\",\"logo\":{\"@type\":\"ImageObject\",\"inLanguage\":\"en-US\",\"@id\":\"https:\\\/\\\/accesolatino.org\\\/#\\\/schema\\\/logo\\\/image\\\/\",\"url\":\"https:\\\/\\\/accesolatino.org\\\/wp-content\\\/uploads\\\/2021\\\/02\\\/logo-footer-acceso-latino.png\",\"contentUrl\":\"https:\\\/\\\/accesolatino.org\\\/wp-content\\\/uploads\\\/2021\\\/02\\\/logo-footer-acceso-latino.png\",\"width\":240,\"height\":40,\"caption\":\"Acceso Latino | Fundaci\u00f3n Carlos Slim\"},\"image\":{\"@id\":\"https:\\\/\\\/accesolatino.org\\\/#\\\/schema\\\/logo\\\/image\\\/\"},\"sameAs\":[\"https:\\\/\\\/www.facebook.com\\\/AccesoLatinoOrg\",\"https:\\\/\\\/x.com\\\/FAccLatino\"]}]}<\/script>\n<!-- \/ Yoast SEO plugin. -->","yoast_head_json":{"title":"Network of low-cost clinics throughout the U.S.","description":"Conoce tus derechos y lo que Estados Unidos tiene para ofrecer a los migrantes en materia de Salud - Acceso Latino","robots":{"index":"index","follow":"follow","max-snippet":"max-snippet:-1","max-image-preview":"max-image-preview:large","max-video-preview":"max-video-preview:-1"},"canonical":"https:\/\/accesolatino.org\/en\/salud\/red-de-clinicas-a-bajo-costo-en-toda-la-union-americana\/","og_locale":"en_US","og_type":"article","og_title":"Acceso Latino | Red de cl\u00ednicas a bajo costo en toda la Uni\u00f3n Americana","og_description":"Conoce todo lo que Estados Unidos tiene para ofrecer a los migrantes en materia de Salud","og_url":"https:\/\/accesolatino.org\/en\/salud\/red-de-clinicas-a-bajo-costo-en-toda-la-union-americana\/","og_site_name":"Acceso Latino","article_publisher":"https:\/\/www.facebook.com\/AccesoLatinoOrg","article_modified_time":"2025-10-16T21:10:30+00:00","og_image":[{"width":600,"height":300,"url":"https:\/\/accesolatino.org\/wp-content\/uploads\/2019\/12\/Red-de-cl\u00ednicas-a-bajo-costo-en-toda-la-Uni\u00f3n-Americana.png","type":"image\/png"}],"twitter_card":"summary_large_image","twitter_title":"Acceso Latino | Red de cl\u00ednicas a bajo costo en toda la Uni\u00f3n Americana","twitter_description":"Conoce todo lo que Estados Unidos tiene para ofrecer a los migrantes en materia de Salud","twitter_image":"https:\/\/accesolatino.org\/wp-content\/uploads\/2019\/12\/Red-de-cl\u00ednicas-a-bajo-costo-en-toda-la-Uni\u00f3n-Americana.png","twitter_site":"@FAccLatino","twitter_misc":{"Est. reading time":"1 minute"},"schema":{"@context":"https:\/\/schema.org","@graph":[{"@type":"WebPage","@id":"https:\/\/accesolatino.org\/en\/salud\/red-de-clinicas-a-bajo-costo-en-toda-la-union-americana\/","url":"https:\/\/accesolatino.org\/en\/salud\/red-de-clinicas-a-bajo-costo-en-toda-la-union-americana\/","name":"Network of low-cost clinics throughout the U.S.","isPartOf":{"@id":"https:\/\/accesolatino.org\/#website"},"primaryImageOfPage":{"@id":"https:\/\/accesolatino.org\/en\/salud\/red-de-clinicas-a-bajo-costo-en-toda-la-union-americana\/#primaryimage"},"image":{"@id":"https:\/\/accesolatino.org\/en\/salud\/red-de-clinicas-a-bajo-costo-en-toda-la-union-americana\/#primaryimage"},"thumbnailUrl":"https:\/\/accesolatino.org\/wp-content\/uploads\/2019\/12\/Red-de-cl\u00ednicas-a-bajo-costo-en-toda-la-Uni\u00f3n-Americana.png","datePublished":"2019-12-17T17:04:56+00:00","dateModified":"2025-10-16T21:10:30+00:00","description":"Conoce tus derechos y lo que Estados Unidos tiene para ofrecer a los migrantes en materia de Salud - Acceso Latino","breadcrumb":{"@id":"https:\/\/accesolatino.org\/en\/salud\/red-de-clinicas-a-bajo-costo-en-toda-la-union-americana\/#breadcrumb"},"inLanguage":"en-US","potentialAction":[{"@type":"ReadAction","target":["https:\/\/accesolatino.org\/en\/salud\/red-de-clinicas-a-bajo-costo-en-toda-la-union-americana\/"]}]},{"@type":"ImageObject","inLanguage":"en-US","@id":"https:\/\/accesolatino.org\/en\/salud\/red-de-clinicas-a-bajo-costo-en-toda-la-union-americana\/#primaryimage","url":"https:\/\/accesolatino.org\/wp-content\/uploads\/2019\/12\/Red-de-cl\u00ednicas-a-bajo-costo-en-toda-la-Uni\u00f3n-Americana.png","contentUrl":"https:\/\/accesolatino.org\/wp-content\/uploads\/2019\/12\/Red-de-cl\u00ednicas-a-bajo-costo-en-toda-la-Uni\u00f3n-Americana.png","width":600,"height":300,"caption":"cl\u00ednicas"},{"@type":"BreadcrumbList","@id":"https:\/\/accesolatino.org\/en\/salud\/red-de-clinicas-a-bajo-costo-en-toda-la-union-americana\/#breadcrumb","itemListElement":[{"@type":"ListItem","position":1,"name":"Portada","item":"https:\/\/accesolatino.org\/"},{"@type":"ListItem","position":2,"name":"Salud","item":"https:\/\/accesolatino.org\/salud\/"},{"@type":"ListItem","position":3,"name":"Red de cl\u00ednicas a bajo costo en toda la Uni\u00f3n Americana"}]},{"@type":"WebSite","@id":"https:\/\/accesolatino.org\/#website","url":"https:\/\/accesolatino.org\/","name":"Acceso Latino | Fundaci\u00f3n Carlos Slim","description":"Fundaci\u00f3n Carlos Slim","publisher":{"@id":"https:\/\/accesolatino.org\/#organization"},"potentialAction":[{"@type":"SearchAction","target":{"@type":"EntryPoint","urlTemplate":"https:\/\/accesolatino.org\/?s={search_term_string}"},"query-input":{"@type":"PropertyValueSpecification","valueRequired":true,"valueName":"search_term_string"}}],"inLanguage":"en-US"},{"@type":"Organization","@id":"https:\/\/accesolatino.org\/#organization","name":"Acceso Latino | Fundaci\u00f3n Carlos Slim","url":"https:\/\/accesolatino.org\/","logo":{"@type":"ImageObject","inLanguage":"en-US","@id":"https:\/\/accesolatino.org\/#\/schema\/logo\/image\/","url":"https:\/\/accesolatino.org\/wp-content\/uploads\/2021\/02\/logo-footer-acceso-latino.png","contentUrl":"https:\/\/accesolatino.org\/wp-content\/uploads\/2021\/02\/logo-footer-acceso-latino.png","width":240,"height":40,"caption":"Acceso Latino | Fundaci\u00f3n Carlos Slim"},"image":{"@id":"https:\/\/accesolatino.org\/#\/schema\/logo\/image\/"},"sameAs":["https:\/\/www.facebook.com\/AccesoLatinoOrg","https:\/\/x.com\/FAccLatino"]}]}},"_links":{"self":[{"href":"https:\/\/accesolatino.org\/en\/wp-json\/wp\/v2\/pages\/19498","targetHints":{"allow":["GET"]}}],"collection":[{"href":"https:\/\/accesolatino.org\/en\/wp-json\/wp\/v2\/pages"}],"about":[{"href":"https:\/\/accesolatino.org\/en\/wp-json\/wp\/v2\/types\/page"}],"author":[{"embeddable":true,"href":"https:\/\/accesolatino.org\/en\/wp-json\/wp\/v2\/users\/4"}],"replies":[{"embeddable":true,"href":"https:\/\/accesolatino.org\/en\/wp-json\/wp\/v2\/comments?post=19498"}],"version-history":[{"count":1,"href":"https:\/\/accesolatino.org\/en\/wp-json\/wp\/v2\/pages\/19498\/revisions"}],"predecessor-version":[{"id":64018,"href":"https:\/\/accesolatino.org\/en\/wp-json\/wp\/v2\/pages\/19498\/revisions\/64018"}],"up":[{"embeddable":true,"href":"https:\/\/accesolatino.org\/en\/wp-json\/wp\/v2\/pages\/4668"}],"wp:featuredmedia":[{"embeddable":true,"href":"https:\/\/accesolatino.org\/en\/wp-json\/wp\/v2\/media\/19494"}],"wp:attachment":[{"href":"https:\/\/accesolatino.org\/en\/wp-json\/wp\/v2\/media?parent=19498"}],"curies":[{"name":"wp","href":"https:\/\/api.w.org\/{rel}","templated":true}]}}