{"id":19456,"date":"2019-12-13T09:09:02","date_gmt":"2019-12-13T15:09:02","guid":{"rendered":"https:\/\/accesolatino.org\/?page_id=19456"},"modified":"2025-10-16T14:13:02","modified_gmt":"2025-10-16T20:13:02","slug":"ya-conoces-la-aplicacion-app-prende","status":"publish","type":"page","link":"https:\/\/accesolatino.org\/en\/ya-conoces-la-aplicacion-app-prende\/","title":{"rendered":"Do you already know the App-prende application?"},"content":{"rendered":"<div data-elementor-type=\"wp-post\" data-elementor-id=\"19456\" class=\"elementor elementor-19456\">\n\t\t\t\t\t\t<section class=\"elementor-section elementor-top-section elementor-element elementor-element-0c79a4a elementor-section-full_width elementor-section-height-min-height elementor-section-items-stretch elementor-section-height-default wpr-particle-no wpr-jarallax-no wpr-parallax-no wpr-sticky-section-no wpr-column-slider-no wpr-equal-height-no\" data-id=\"0c79a4a\" data-element_type=\"section\" data-e-type=\"section\" data-settings=\"{&quot;background_background&quot;:&quot;classic&quot;}\">\n\t\t\t\t\t\t<div class=\"elementor-container elementor-column-gap-no\">\n\t\t\t\t\t<div class=\"elementor-column elementor-col-100 elementor-top-column elementor-element elementor-element-64128da\" data-id=\"64128da\" data-element_type=\"column\" data-e-type=\"column\">\n\t\t\t<div class=\"elementor-widget-wrap elementor-element-populated\">\n\t\t\t\t\t\t<div class=\"elementor-element elementor-element-b2295bb elementor--h-position-center elementor--v-position-middle elementor-widget elementor-widget-slides\" data-id=\"b2295bb\" data-element_type=\"widget\" data-e-type=\"widget\" data-settings=\"{&quot;navigation&quot;:&quot;none&quot;,&quot;infinite&quot;:&quot;yes&quot;,&quot;transition&quot;:&quot;slide&quot;,&quot;transition_speed&quot;:500}\" data-widget_type=\"slides.default\">\n\t\t\t\t<div class=\"elementor-widget-container\">\n\t\t\t\t\t\t\t<div class=\"elementor-swiper\">\n\t\t\t<div class=\"elementor-slides-wrapper elementor-main-swiper swiper-container\" dir=\"ltr\" data-animation=\"\">\n\t\t\t\t<div class=\"swiper-wrapper elementor-slides\">\n\t\t\t\t\t\t\t\t\t\t<div class=\"elementor-repeater-item-d983a28 swiper-slide\"><div class=\"swiper-slide-bg\"><\/div><div class=\"swiper-slide-inner\" ><div class=\"swiper-slide-contents\"><div class=\"elementor-slide-heading\">Education<\/div><\/div><\/div><\/div>\t\t\t\t<\/div>\n\t\t\t\t\t\t\t<\/div>\n\t\t<\/div>\n\t\t\t\t\t\t<\/div>\n\t\t\t\t<\/div>\n\t\t\t\t\t<\/div>\n\t\t<\/div>\n\t\t\t\t\t<\/div>\n\t\t<\/section>\n\t\t\t\t<section class=\"elementor-section elementor-top-section elementor-element elementor-element-584c010 elementor-section-stretched elementor-section-boxed elementor-section-height-default elementor-section-height-default wpr-particle-no wpr-jarallax-no wpr-parallax-no wpr-sticky-section-no wpr-column-slider-no wpr-equal-height-no\" data-id=\"584c010\" data-element_type=\"section\" data-e-type=\"section\" data-settings=\"{&quot;stretch_section&quot;:&quot;section-stretched&quot;,&quot;background_background&quot;:&quot;classic&quot;}\">\n\t\t\t\t\t\t<div class=\"elementor-container elementor-column-gap-default\">\n\t\t\t\t\t<div class=\"elementor-column elementor-col-100 elementor-top-column elementor-element elementor-element-ab51dcd\" data-id=\"ab51dcd\" data-element_type=\"column\" data-e-type=\"column\">\n\t\t\t<div class=\"elementor-widget-wrap elementor-element-populated\">\n\t\t\t\t\t\t<div class=\"elementor-element elementor-element-768f950 elementor-widget elementor-widget-heading\" data-id=\"768f950\" data-element_type=\"widget\" data-e-type=\"widget\" data-widget_type=\"heading.default\">\n\t\t\t\t<div class=\"elementor-widget-container\">\n\t\t\t\t\t<h3 class=\"elementor-heading-title elementor-size-default\">Do you already know the App-prende application? <\/h3>\t\t\t\t<\/div>\n\t\t\t\t<\/div>\n\t\t\t\t<div class=\"elementor-element elementor-element-f737505 elementor-widget elementor-widget-text-editor\" data-id=\"f737505\" data-element_type=\"widget\" data-e-type=\"widget\" data-widget_type=\"text-editor.default\">\n\t\t\t\t<div class=\"elementor-widget-container\">\n\t\t\t\t\t\t\t\t\t<p>En el portal de <strong>Acceso Latino<\/strong>, al ingresar a la secci\u00f3n<a href=\"https:\/\/accesolatino.org\/en\/educacion\/\"> \u201cEducaci\u00f3n\u201d<\/a> est\u00e1 la tarjeta \u201cCursos gratis en l\u00ednea\u201d y ah\u00ed encontrar\u00e1s plataforma educativa App-prende, creada por Fundaci\u00f3n Carlos Slim especialmente para ti. Aqu\u00ed podr\u00e1s completar tus estudios b\u00e1sicos, medios y superiores, es totalmente gratuita.<\/p><p>Hay cursos de matem\u00e1ticas, historia, arte, lenguaje y comunicaci\u00f3n, medio ambiente, programaci\u00f3n, habilidades digitales, salud, entre otros. \u00a1No lo pienses m\u00e1s y entra!<\/p><p>Si te encuentras en territorio mexicano, a trav\u00e9s de la app, tu navegaci\u00f3n es sin costo. Conoce esta y otras herramientas en educaci\u00f3n que tenemos para ti.<\/p><p><strong>Acceso Latino<\/strong>, tu portal de ayuda migratoria.<\/p>\t\t\t\t\t\t\t\t<\/div>\n\t\t\t\t<\/div>\n\t\t\t\t<div class=\"elementor-element elementor-element-b367866 elementor-widget elementor-widget-spacer\" data-id=\"b367866\" data-element_type=\"widget\" data-e-type=\"widget\" data-widget_type=\"spacer.default\">\n\t\t\t\t<div class=\"elementor-widget-container\">\n\t\t\t\t\t\t\t<div class=\"elementor-spacer\">\n\t\t\t<div class=\"elementor-spacer-inner\"><\/div>\n\t\t<\/div>\n\t\t\t\t\t\t<\/div>\n\t\t\t\t<\/div>\n\t\t\t\t\t<\/div>\n\t\t<\/div>\n\t\t\t\t\t<\/div>\n\t\t<\/section>\n\t\t\t\t<\/div>","protected":false},"excerpt":{"rendered":"<p>Educaci\u00f3n \u00bfYa conoces la aplicaci\u00f3n App-prende? En el portal de Acceso Latino, al ingresar a la secci\u00f3n \u201cEducaci\u00f3n\u201d est\u00e1 la tarjeta \u201cCursos gratis en l\u00ednea\u201d y ah\u00ed encontrar\u00e1s plataforma educativa App-prende, creada por Fundaci\u00f3n Carlos Slim especialmente para ti. Aqu\u00ed podr\u00e1s completar tus estudios b\u00e1sicos, medios y superiores, es totalmente gratuita. Hay cursos de matem\u00e1ticas, historia, arte, lenguaje y comunicaci\u00f3n, medio ambiente, programaci\u00f3n, habilidades digitales, salud, entre otros. \u00a1No lo pienses m\u00e1s y entra! Si te encuentras en territorio mexicano, a trav\u00e9s de la app, tu navegaci\u00f3n es sin costo. Conoce esta y otras herramientas en educaci\u00f3n que tenemos para ti. Acceso Latino, tu portal de ayuda migratoria.<\/p>","protected":false},"author":7,"featured_media":19457,"parent":0,"menu_order":0,"comment_status":"closed","ping_status":"closed","template":"elementor_header_footer","meta":{"_uf_show_specific_survey":0,"_uf_disable_surveys":false,"footnotes":""},"class_list":["post-19456","page","type-page","status-publish","has-post-thumbnail"],"aioseo_notices":[],"yoast_head":"<!-- This site is optimized with the Yoast SEO plugin v27.6 - https:\/\/yoast.com\/product\/yoast-seo-wordpress\/ -->\n<title>\u00bfYa conoces la aplicaci\u00f3n App-prende?<\/title>\n<meta name=\"description\" content=\"Conoce todas las aplicaciones que te pueden ser de ayuda en todos los procesos de migraci\u00f3n legal - Acceso Latino\" \/>\n<meta name=\"robots\" content=\"index, follow, max-snippet:-1, max-image-preview:large, max-video-preview:-1\" \/>\n<link rel=\"canonical\" href=\"https:\/\/accesolatino.org\/en\/ya-conoces-la-aplicacion-app-prende\/\" \/>\n<meta property=\"og:locale\" content=\"en_US\" \/>\n<meta property=\"og:type\" content=\"article\" \/>\n<meta property=\"og:title\" content=\"Acceso Latino | \u00bfYa conoces la aplicaci\u00f3n App-prende?\" \/>\n<meta property=\"og:description\" content=\"Conoce las Instituciones que te pueden ser de ayuda en otros pa\u00edses.\" \/>\n<meta property=\"og:url\" content=\"https:\/\/accesolatino.org\/en\/ya-conoces-la-aplicacion-app-prende\/\" \/>\n<meta property=\"og:site_name\" content=\"Acceso Latino\" \/>\n<meta property=\"article:publisher\" content=\"https:\/\/www.facebook.com\/AccesoLatinoOrg\" \/>\n<meta property=\"article:modified_time\" content=\"2025-10-16T20:13:02+00:00\" \/>\n<meta property=\"og:image\" content=\"https:\/\/accesolatino.org\/wp-content\/uploads\/2019\/12\/\u00bfYa-conoces-la-aplicaci\u00f3n-App-prende.png\" \/>\n\t<meta property=\"og:image:width\" content=\"600\" \/>\n\t<meta property=\"og:image:height\" content=\"300\" \/>\n\t<meta property=\"og:image:type\" content=\"image\/png\" \/>\n<meta name=\"twitter:card\" content=\"summary_large_image\" \/>\n<meta name=\"twitter:title\" content=\"Acceso Latino | \u00bfYa conoces la aplicaci\u00f3n App-prende?\" \/>\n<meta name=\"twitter:description\" content=\"Conoce las Instituciones que te pueden ser de ayuda en otros pa\u00edses.\" \/>\n<meta name=\"twitter:image\" content=\"https:\/\/accesolatino.org\/wp-content\/uploads\/2019\/12\/\u00bfYa-conoces-la-aplicaci\u00f3n-App-prende.png\" \/>\n<meta name=\"twitter:site\" content=\"@FAccLatino\" \/>\n<meta name=\"twitter:label1\" content=\"Est. reading time\" \/>\n\t<meta name=\"twitter:data1\" content=\"1 minute\" \/>\n<script type=\"application\/ld+json\" class=\"yoast-schema-graph\">{\"@context\":\"https:\\\/\\\/schema.org\",\"@graph\":[{\"@type\":\"WebPage\",\"@id\":\"https:\\\/\\\/accesolatino.org\\\/en\\\/ya-conoces-la-aplicacion-app-prende\\\/\",\"url\":\"https:\\\/\\\/accesolatino.org\\\/en\\\/ya-conoces-la-aplicacion-app-prende\\\/\",\"name\":\"\u00bfYa conoces la aplicaci\u00f3n App-prende?\",\"isPartOf\":{\"@id\":\"https:\\\/\\\/accesolatino.org\\\/#website\"},\"primaryImageOfPage\":{\"@id\":\"https:\\\/\\\/accesolatino.org\\\/en\\\/ya-conoces-la-aplicacion-app-prende\\\/#primaryimage\"},\"image\":{\"@id\":\"https:\\\/\\\/accesolatino.org\\\/en\\\/ya-conoces-la-aplicacion-app-prende\\\/#primaryimage\"},\"thumbnailUrl\":\"https:\\\/\\\/accesolatino.org\\\/wp-content\\\/uploads\\\/2019\\\/12\\\/\u00bfYa-conoces-la-aplicaci\u00f3n-App-prende.png\",\"datePublished\":\"2019-12-13T15:09:02+00:00\",\"dateModified\":\"2025-10-16T20:13:02+00:00\",\"description\":\"Conoce todas las aplicaciones que te pueden ser de ayuda en todos los procesos de migraci\u00f3n legal - Acceso Latino\",\"breadcrumb\":{\"@id\":\"https:\\\/\\\/accesolatino.org\\\/en\\\/ya-conoces-la-aplicacion-app-prende\\\/#breadcrumb\"},\"inLanguage\":\"en-US\",\"potentialAction\":[{\"@type\":\"ReadAction\",\"target\":[\"https:\\\/\\\/accesolatino.org\\\/en\\\/ya-conoces-la-aplicacion-app-prende\\\/\"]}]},{\"@type\":\"ImageObject\",\"inLanguage\":\"en-US\",\"@id\":\"https:\\\/\\\/accesolatino.org\\\/en\\\/ya-conoces-la-aplicacion-app-prende\\\/#primaryimage\",\"url\":\"https:\\\/\\\/accesolatino.org\\\/wp-content\\\/uploads\\\/2019\\\/12\\\/\u00bfYa-conoces-la-aplicaci\u00f3n-App-prende.png\",\"contentUrl\":\"https:\\\/\\\/accesolatino.org\\\/wp-content\\\/uploads\\\/2019\\\/12\\\/\u00bfYa-conoces-la-aplicaci\u00f3n-App-prende.png\",\"width\":600,\"height\":300,\"caption\":\"App-prende\"},{\"@type\":\"BreadcrumbList\",\"@id\":\"https:\\\/\\\/accesolatino.org\\\/en\\\/ya-conoces-la-aplicacion-app-prende\\\/#breadcrumb\",\"itemListElement\":[{\"@type\":\"ListItem\",\"position\":1,\"name\":\"Portada\",\"item\":\"https:\\\/\\\/accesolatino.org\\\/\"},{\"@type\":\"ListItem\",\"position\":2,\"name\":\"\u00bfYa conoces la aplicaci\u00f3n App-prende?\"}]},{\"@type\":\"WebSite\",\"@id\":\"https:\\\/\\\/accesolatino.org\\\/#website\",\"url\":\"https:\\\/\\\/accesolatino.org\\\/\",\"name\":\"Acceso Latino | Fundaci\u00f3n Carlos Slim\",\"description\":\"Fundaci\u00f3n Carlos Slim\",\"publisher\":{\"@id\":\"https:\\\/\\\/accesolatino.org\\\/#organization\"},\"potentialAction\":[{\"@type\":\"SearchAction\",\"target\":{\"@type\":\"EntryPoint\",\"urlTemplate\":\"https:\\\/\\\/accesolatino.org\\\/?s={search_term_string}\"},\"query-input\":{\"@type\":\"PropertyValueSpecification\",\"valueRequired\":true,\"valueName\":\"search_term_string\"}}],\"inLanguage\":\"en-US\"},{\"@type\":\"Organization\",\"@id\":\"https:\\\/\\\/accesolatino.org\\\/#organization\",\"name\":\"Acceso Latino | Fundaci\u00f3n Carlos Slim\",\"url\":\"https:\\\/\\\/accesolatino.org\\\/\",\"logo\":{\"@type\":\"ImageObject\",\"inLanguage\":\"en-US\",\"@id\":\"https:\\\/\\\/accesolatino.org\\\/#\\\/schema\\\/logo\\\/image\\\/\",\"url\":\"https:\\\/\\\/accesolatino.org\\\/wp-content\\\/uploads\\\/2021\\\/02\\\/logo-footer-acceso-latino.png\",\"contentUrl\":\"https:\\\/\\\/accesolatino.org\\\/wp-content\\\/uploads\\\/2021\\\/02\\\/logo-footer-acceso-latino.png\",\"width\":240,\"height\":40,\"caption\":\"Acceso Latino | Fundaci\u00f3n Carlos Slim\"},\"image\":{\"@id\":\"https:\\\/\\\/accesolatino.org\\\/#\\\/schema\\\/logo\\\/image\\\/\"},\"sameAs\":[\"https:\\\/\\\/www.facebook.com\\\/AccesoLatinoOrg\",\"https:\\\/\\\/x.com\\\/FAccLatino\"]}]}<\/script>\n<!-- \/ Yoast SEO plugin. -->","yoast_head_json":{"title":"Do you already know the App-prende application?","description":"Conoce todas las aplicaciones que te pueden ser de ayuda en todos los procesos de migraci\u00f3n legal - Acceso Latino","robots":{"index":"index","follow":"follow","max-snippet":"max-snippet:-1","max-image-preview":"max-image-preview:large","max-video-preview":"max-video-preview:-1"},"canonical":"https:\/\/accesolatino.org\/en\/ya-conoces-la-aplicacion-app-prende\/","og_locale":"en_US","og_type":"article","og_title":"Acceso Latino | \u00bfYa conoces la aplicaci\u00f3n App-prende?","og_description":"Conoce las Instituciones que te pueden ser de ayuda en otros pa\u00edses.","og_url":"https:\/\/accesolatino.org\/en\/ya-conoces-la-aplicacion-app-prende\/","og_site_name":"Acceso Latino","article_publisher":"https:\/\/www.facebook.com\/AccesoLatinoOrg","article_modified_time":"2025-10-16T20:13:02+00:00","og_image":[{"width":600,"height":300,"url":"https:\/\/accesolatino.org\/wp-content\/uploads\/2019\/12\/\u00bfYa-conoces-la-aplicaci\u00f3n-App-prende.png","type":"image\/png"}],"twitter_card":"summary_large_image","twitter_title":"Acceso Latino | \u00bfYa conoces la aplicaci\u00f3n App-prende?","twitter_description":"Conoce las Instituciones que te pueden ser de ayuda en otros pa\u00edses.","twitter_image":"https:\/\/accesolatino.org\/wp-content\/uploads\/2019\/12\/\u00bfYa-conoces-la-aplicaci\u00f3n-App-prende.png","twitter_site":"@FAccLatino","twitter_misc":{"Est. reading time":"1 minute"},"schema":{"@context":"https:\/\/schema.org","@graph":[{"@type":"WebPage","@id":"https:\/\/accesolatino.org\/en\/ya-conoces-la-aplicacion-app-prende\/","url":"https:\/\/accesolatino.org\/en\/ya-conoces-la-aplicacion-app-prende\/","name":"Do you already know the App-prende application?","isPartOf":{"@id":"https:\/\/accesolatino.org\/#website"},"primaryImageOfPage":{"@id":"https:\/\/accesolatino.org\/en\/ya-conoces-la-aplicacion-app-prende\/#primaryimage"},"image":{"@id":"https:\/\/accesolatino.org\/en\/ya-conoces-la-aplicacion-app-prende\/#primaryimage"},"thumbnailUrl":"https:\/\/accesolatino.org\/wp-content\/uploads\/2019\/12\/\u00bfYa-conoces-la-aplicaci\u00f3n-App-prende.png","datePublished":"2019-12-13T15:09:02+00:00","dateModified":"2025-10-16T20:13:02+00:00","description":"Conoce todas las aplicaciones que te pueden ser de ayuda en todos los procesos de migraci\u00f3n legal - Acceso Latino","breadcrumb":{"@id":"https:\/\/accesolatino.org\/en\/ya-conoces-la-aplicacion-app-prende\/#breadcrumb"},"inLanguage":"en-US","potentialAction":[{"@type":"ReadAction","target":["https:\/\/accesolatino.org\/en\/ya-conoces-la-aplicacion-app-prende\/"]}]},{"@type":"ImageObject","inLanguage":"en-US","@id":"https:\/\/accesolatino.org\/en\/ya-conoces-la-aplicacion-app-prende\/#primaryimage","url":"https:\/\/accesolatino.org\/wp-content\/uploads\/2019\/12\/\u00bfYa-conoces-la-aplicaci\u00f3n-App-prende.png","contentUrl":"https:\/\/accesolatino.org\/wp-content\/uploads\/2019\/12\/\u00bfYa-conoces-la-aplicaci\u00f3n-App-prende.png","width":600,"height":300,"caption":"App-prende"},{"@type":"BreadcrumbList","@id":"https:\/\/accesolatino.org\/en\/ya-conoces-la-aplicacion-app-prende\/#breadcrumb","itemListElement":[{"@type":"ListItem","position":1,"name":"Portada","item":"https:\/\/accesolatino.org\/"},{"@type":"ListItem","position":2,"name":"\u00bfYa conoces la aplicaci\u00f3n App-prende?"}]},{"@type":"WebSite","@id":"https:\/\/accesolatino.org\/#website","url":"https:\/\/accesolatino.org\/","name":"Acceso Latino | Fundaci\u00f3n Carlos Slim","description":"Fundaci\u00f3n Carlos Slim","publisher":{"@id":"https:\/\/accesolatino.org\/#organization"},"potentialAction":[{"@type":"SearchAction","target":{"@type":"EntryPoint","urlTemplate":"https:\/\/accesolatino.org\/?s={search_term_string}"},"query-input":{"@type":"PropertyValueSpecification","valueRequired":true,"valueName":"search_term_string"}}],"inLanguage":"en-US"},{"@type":"Organization","@id":"https:\/\/accesolatino.org\/#organization","name":"Acceso Latino | Fundaci\u00f3n Carlos Slim","url":"https:\/\/accesolatino.org\/","logo":{"@type":"ImageObject","inLanguage":"en-US","@id":"https:\/\/accesolatino.org\/#\/schema\/logo\/image\/","url":"https:\/\/accesolatino.org\/wp-content\/uploads\/2021\/02\/logo-footer-acceso-latino.png","contentUrl":"https:\/\/accesolatino.org\/wp-content\/uploads\/2021\/02\/logo-footer-acceso-latino.png","width":240,"height":40,"caption":"Acceso Latino | Fundaci\u00f3n Carlos Slim"},"image":{"@id":"https:\/\/accesolatino.org\/#\/schema\/logo\/image\/"},"sameAs":["https:\/\/www.facebook.com\/AccesoLatinoOrg","https:\/\/x.com\/FAccLatino"]}]}},"_links":{"self":[{"href":"https:\/\/accesolatino.org\/en\/wp-json\/wp\/v2\/pages\/19456","targetHints":{"allow":["GET"]}}],"collection":[{"href":"https:\/\/accesolatino.org\/en\/wp-json\/wp\/v2\/pages"}],"about":[{"href":"https:\/\/accesolatino.org\/en\/wp-json\/wp\/v2\/types\/page"}],"author":[{"embeddable":true,"href":"https:\/\/accesolatino.org\/en\/wp-json\/wp\/v2\/users\/7"}],"replies":[{"embeddable":true,"href":"https:\/\/accesolatino.org\/en\/wp-json\/wp\/v2\/comments?post=19456"}],"version-history":[{"count":1,"href":"https:\/\/accesolatino.org\/en\/wp-json\/wp\/v2\/pages\/19456\/revisions"}],"predecessor-version":[{"id":64108,"href":"https:\/\/accesolatino.org\/en\/wp-json\/wp\/v2\/pages\/19456\/revisions\/64108"}],"wp:featuredmedia":[{"embeddable":true,"href":"https:\/\/accesolatino.org\/en\/wp-json\/wp\/v2\/media\/19457"}],"wp:attachment":[{"href":"https:\/\/accesolatino.org\/en\/wp-json\/wp\/v2\/media?parent=19456"}],"curies":[{"name":"wp","href":"https:\/\/api.w.org\/{rel}","templated":true}]}}