{"id":19286,"date":"2019-12-02T12:12:42","date_gmt":"2019-12-02T18:12:42","guid":{"rendered":"https:\/\/accesolatino.org\/?page_id=19286"},"modified":"2025-10-17T18:17:16","modified_gmt":"2025-10-18T00:17:16","slug":"sigue-estudiando-con-los-programas-que-acceso-latino-tiene-para-ti","status":"publish","type":"page","link":"https:\/\/accesolatino.org\/en\/sigue-estudiando-con-los-programas-que-acceso-latino-tiene-para-ti\/","title":{"rendered":"Sigue estudiando con los programas que Acceso Latino tiene para ti"},"content":{"rendered":"<div data-elementor-type=\"wp-post\" data-elementor-id=\"19286\" class=\"elementor elementor-19286\">\n\t\t\t\t\t\t<section class=\"elementor-section elementor-top-section elementor-element elementor-element-76ae8e5 elementor-section-full_width elementor-section-height-min-height elementor-section-items-stretch elementor-section-height-default wpr-particle-no wpr-jarallax-no wpr-parallax-no wpr-sticky-section-no wpr-equal-height-no\" data-id=\"76ae8e5\" data-element_type=\"section\" data-e-type=\"section\" data-settings=\"{&quot;background_background&quot;:&quot;classic&quot;}\">\n\t\t\t\t\t\t<div class=\"elementor-container elementor-column-gap-no\">\n\t\t\t\t\t<div class=\"elementor-column elementor-col-100 elementor-top-column elementor-element elementor-element-a446c2f\" data-id=\"a446c2f\" data-element_type=\"column\" data-e-type=\"column\">\n\t\t\t<div class=\"elementor-widget-wrap elementor-element-populated\">\n\t\t\t\t\t\t<div class=\"elementor-element elementor-element-a8a26cf elementor--h-position-center elementor--v-position-middle elementor-widget elementor-widget-slides\" data-id=\"a8a26cf\" data-element_type=\"widget\" data-e-type=\"widget\" data-settings=\"{&quot;navigation&quot;:&quot;none&quot;,&quot;infinite&quot;:&quot;yes&quot;,&quot;transition&quot;:&quot;slide&quot;,&quot;transition_speed&quot;:500}\" data-widget_type=\"slides.default\">\n\t\t\t\t<div class=\"elementor-widget-container\">\n\t\t\t\t\t\t\t<div class=\"elementor-swiper\">\n\t\t\t<div class=\"elementor-slides-wrapper elementor-main-swiper swiper-container\" dir=\"ltr\" data-animation=\"\">\n\t\t\t\t<div class=\"swiper-wrapper elementor-slides\">\n\t\t\t\t\t\t\t\t\t\t<div class=\"elementor-repeater-item-d983a28 swiper-slide\"><div class=\"swiper-slide-bg\"><\/div><div class=\"swiper-slide-inner\" ><div class=\"swiper-slide-contents\"><div class=\"elementor-slide-heading\">Education<\/div><\/div><\/div><\/div>\t\t\t\t<\/div>\n\t\t\t\t\t\t\t<\/div>\n\t\t<\/div>\n\t\t\t\t\t\t<\/div>\n\t\t\t\t<\/div>\n\t\t\t\t\t<\/div>\n\t\t<\/div>\n\t\t\t\t\t<\/div>\n\t\t<\/section>\n\t\t\t\t<section class=\"elementor-section elementor-top-section elementor-element elementor-element-2fd5f77 elementor-section-stretched elementor-section-boxed elementor-section-height-default elementor-section-height-default wpr-particle-no wpr-jarallax-no wpr-parallax-no wpr-sticky-section-no wpr-equal-height-no\" data-id=\"2fd5f77\" data-element_type=\"section\" data-e-type=\"section\" data-settings=\"{&quot;stretch_section&quot;:&quot;section-stretched&quot;,&quot;background_background&quot;:&quot;classic&quot;}\">\n\t\t\t\t\t\t<div class=\"elementor-container elementor-column-gap-default\">\n\t\t\t\t\t<div class=\"elementor-column elementor-col-100 elementor-top-column elementor-element elementor-element-e49e7af\" data-id=\"e49e7af\" data-element_type=\"column\" data-e-type=\"column\">\n\t\t\t<div class=\"elementor-widget-wrap elementor-element-populated\">\n\t\t\t\t\t\t<div class=\"elementor-element elementor-element-8390549 elementor-widget elementor-widget-heading\" data-id=\"8390549\" data-element_type=\"widget\" data-e-type=\"widget\" data-widget_type=\"heading.default\">\n\t\t\t\t<div class=\"elementor-widget-container\">\n\t\t\t\t\t<h3 class=\"elementor-heading-title elementor-size-default\">Sigue estudiando con los programas que Acceso Latino tiene para ti<\/h3>\t\t\t\t<\/div>\n\t\t\t\t<\/div>\n\t\t\t\t<div class=\"elementor-element elementor-element-a7384b8 elementor-widget elementor-widget-text-editor\" data-id=\"a7384b8\" data-element_type=\"widget\" data-e-type=\"widget\" data-widget_type=\"text-editor.default\">\n\t\t\t\t<div class=\"elementor-widget-container\">\n\t\t\t\t\t\t\t\t\t<p>En nuestro portal encontrar\u00e1s la secci\u00f3n <a href=\"https:\/\/accesolatino.org\/en\/educacion\/\"><strong>\u201cEducaci\u00f3n\u201d<\/strong><\/a> y podr\u00e1s comocer todas las opciones que tenemos para iniciar o continuar con tus estudios, ya sea en territorio norteamericano o en mexicano.<\/p><p>El tener una educaci\u00f3n acad\u00e9mica, siempre presentar\u00e1 mejores oportunidades para un mejor futuro.<\/p><p>Tenemos informaci\u00f3n para que realices una equivalencia de materias o estudios; cursos en l\u00ednea gratuitos existen programas que ofrecen becas para inmigrantes latinos, en esta opci\u00f3n te facilitamos el contacto con algunas organizaciones que brindan este servicio.<\/p><p>Otro apartado que tenemos para ti es el de <a href=\"https:\/\/www.univision.com\/noticias\/educacion\/especial-educacion-fafsa-todas-tus-preguntas-respondidas\" target=\"_blank\" rel=\"noopener\"><strong>\u201cAyuda financiera del gobierno para estudiantes\u201d<\/strong><\/a>, este proporciona un apoyo econ\u00f3mico para que inmigrantes latinos estudien la universidad.<\/p><p>The <a href=\"https:\/\/www.gob.mx\/sep\" target=\"_blank\" rel=\"noopener\">\u201c<strong>Secretaria de Educaci\u00f3n P\u00fablica\u201d<\/strong><\/a> cuenta con un apoyo para los que regresan a M\u00e9xico, ingresen o reingresen al sistema educativo nacional.<\/p><p><strong>Acceso Latino, <\/strong>tu primera ventana de consulta migratoria, encontrar\u00e1s herramientas gratuitas que te ayudar\u00e1n en lo que necesites.\u200b<\/p>\t\t\t\t\t\t\t\t<\/div>\n\t\t\t\t<\/div>\n\t\t\t\t<div class=\"elementor-element elementor-element-c98435d elementor-widget elementor-widget-spacer\" data-id=\"c98435d\" data-element_type=\"widget\" data-e-type=\"widget\" data-widget_type=\"spacer.default\">\n\t\t\t\t<div class=\"elementor-widget-container\">\n\t\t\t\t\t\t\t<div class=\"elementor-spacer\">\n\t\t\t<div class=\"elementor-spacer-inner\"><\/div>\n\t\t<\/div>\n\t\t\t\t\t\t<\/div>\n\t\t\t\t<\/div>\n\t\t\t\t\t<\/div>\n\t\t<\/div>\n\t\t\t\t\t<\/div>\n\t\t<\/section>\n\t\t\t\t<\/div>","protected":false},"excerpt":{"rendered":"<p>Educaci\u00f3n Sigue estudiando con los programas que Acceso Latino tiene para ti En nuestro portal encontrar\u00e1s la secci\u00f3n \u201cEducaci\u00f3n\u201d y podr\u00e1s comocer todas las opciones que tenemos para iniciar o continuar con tus estudios, ya sea en territorio norteamericano o en mexicano. El tener una educaci\u00f3n acad\u00e9mica, siempre presentar\u00e1 mejores oportunidades para un mejor futuro. Tenemos informaci\u00f3n para que realices una equivalencia de materias o estudios; cursos en l\u00ednea gratuitos existen programas que ofrecen becas para inmigrantes latinos, en esta opci\u00f3n te facilitamos el contacto con algunas organizaciones que brindan este servicio. Otro apartado que tenemos para ti es el de \u201cAyuda financiera del gobierno para estudiantes\u201d, este proporciona un apoyo econ\u00f3mico para que inmigrantes latinos estudien la universidad. La \u201cSecretaria de Educaci\u00f3n P\u00fablica\u201d cuenta con un apoyo para los que regresan a M\u00e9xico, ingresen o reingresen al sistema educativo nacional. Acceso Latino, tu primera ventana de consulta migratoria, encontrar\u00e1s herramientas gratuitas que te ayudar\u00e1n en lo que necesites.\u200b<\/p>","protected":false},"author":7,"featured_media":19287,"parent":0,"menu_order":0,"comment_status":"closed","ping_status":"closed","template":"elementor_header_footer","meta":{"_uf_show_specific_survey":0,"_uf_disable_surveys":false,"footnotes":""},"class_list":["post-19286","page","type-page","status-publish","has-post-thumbnail"],"aioseo_notices":[],"yoast_head":"<!-- This site is optimized with the Yoast SEO plugin v27.4 - https:\/\/yoast.com\/product\/yoast-seo-wordpress\/ -->\n<title>Sigue estudiando con los programas que Acceso Latino tiene para ti<\/title>\n<meta name=\"description\" content=\"En nuestro portal encontrar\u00e1s la secci\u00f3n \u201cEducaci\u00f3n\u201d y podr\u00e1s comocer todas las opciones que tenemos para iniciar o continuar con tus estudios\" \/>\n<meta name=\"robots\" content=\"index, follow, max-snippet:-1, max-image-preview:large, max-video-preview:-1\" \/>\n<link rel=\"canonical\" href=\"https:\/\/accesolatino.org\/en\/sigue-estudiando-con-los-programas-que-acceso-latino-tiene-para-ti\/\" \/>\n<meta property=\"og:locale\" content=\"en_US\" \/>\n<meta property=\"og:type\" content=\"article\" \/>\n<meta property=\"og:title\" content=\"Sigue estudiando con los programas que Acceso Latino tiene para ti\" \/>\n<meta property=\"og:description\" content=\"En nuestro portal encontrar\u00e1s la secci\u00f3n \u201cEducaci\u00f3n\u201d y podr\u00e1s comocer todas las opciones que tenemos para iniciar o continuar con tus estudios\" \/>\n<meta property=\"og:url\" content=\"https:\/\/accesolatino.org\/en\/sigue-estudiando-con-los-programas-que-acceso-latino-tiene-para-ti\/\" \/>\n<meta property=\"og:site_name\" content=\"Acceso Latino\" \/>\n<meta property=\"article:publisher\" content=\"https:\/\/www.facebook.com\/AccesoLatinoOrg\" \/>\n<meta property=\"article:modified_time\" content=\"2025-10-18T00:17:16+00:00\" \/>\n<meta property=\"og:image\" content=\"https:\/\/accesolatino.org\/wp-content\/uploads\/2019\/12\/Sigue-estudiando-con-los-programas-que-Acceso-Latino-tiene-para-ti.png\" \/>\n\t<meta property=\"og:image:width\" content=\"600\" \/>\n\t<meta property=\"og:image:height\" content=\"300\" \/>\n\t<meta property=\"og:image:type\" content=\"image\/png\" \/>\n<meta name=\"twitter:card\" content=\"summary_large_image\" \/>\n<meta name=\"twitter:site\" content=\"@FAccLatino\" \/>\n<meta name=\"twitter:label1\" content=\"Est. reading time\" \/>\n\t<meta name=\"twitter:data1\" content=\"1 minute\" \/>\n<script type=\"application\/ld+json\" class=\"yoast-schema-graph\">{\"@context\":\"https:\\\/\\\/schema.org\",\"@graph\":[{\"@type\":\"WebPage\",\"@id\":\"https:\\\/\\\/accesolatino.org\\\/en\\\/sigue-estudiando-con-los-programas-que-acceso-latino-tiene-para-ti\\\/\",\"url\":\"https:\\\/\\\/accesolatino.org\\\/en\\\/sigue-estudiando-con-los-programas-que-acceso-latino-tiene-para-ti\\\/\",\"name\":\"Sigue estudiando con los programas que Acceso Latino tiene para ti\",\"isPartOf\":{\"@id\":\"https:\\\/\\\/accesolatino.org\\\/#website\"},\"primaryImageOfPage\":{\"@id\":\"https:\\\/\\\/accesolatino.org\\\/en\\\/sigue-estudiando-con-los-programas-que-acceso-latino-tiene-para-ti\\\/#primaryimage\"},\"image\":{\"@id\":\"https:\\\/\\\/accesolatino.org\\\/en\\\/sigue-estudiando-con-los-programas-que-acceso-latino-tiene-para-ti\\\/#primaryimage\"},\"thumbnailUrl\":\"https:\\\/\\\/accesolatino.org\\\/wp-content\\\/uploads\\\/2019\\\/12\\\/Sigue-estudiando-con-los-programas-que-Acceso-Latino-tiene-para-ti.png\",\"datePublished\":\"2019-12-02T18:12:42+00:00\",\"dateModified\":\"2025-10-18T00:17:16+00:00\",\"description\":\"En nuestro portal encontrar\u00e1s la secci\u00f3n \u201cEducaci\u00f3n\u201d y podr\u00e1s comocer todas las opciones que tenemos para iniciar o continuar con tus estudios\",\"breadcrumb\":{\"@id\":\"https:\\\/\\\/accesolatino.org\\\/en\\\/sigue-estudiando-con-los-programas-que-acceso-latino-tiene-para-ti\\\/#breadcrumb\"},\"inLanguage\":\"en-US\",\"potentialAction\":[{\"@type\":\"ReadAction\",\"target\":[\"https:\\\/\\\/accesolatino.org\\\/en\\\/sigue-estudiando-con-los-programas-que-acceso-latino-tiene-para-ti\\\/\"]}]},{\"@type\":\"ImageObject\",\"inLanguage\":\"en-US\",\"@id\":\"https:\\\/\\\/accesolatino.org\\\/en\\\/sigue-estudiando-con-los-programas-que-acceso-latino-tiene-para-ti\\\/#primaryimage\",\"url\":\"https:\\\/\\\/accesolatino.org\\\/wp-content\\\/uploads\\\/2019\\\/12\\\/Sigue-estudiando-con-los-programas-que-Acceso-Latino-tiene-para-ti.png\",\"contentUrl\":\"https:\\\/\\\/accesolatino.org\\\/wp-content\\\/uploads\\\/2019\\\/12\\\/Sigue-estudiando-con-los-programas-que-Acceso-Latino-tiene-para-ti.png\",\"width\":600,\"height\":300,\"caption\":\"estudiando\"},{\"@type\":\"BreadcrumbList\",\"@id\":\"https:\\\/\\\/accesolatino.org\\\/en\\\/sigue-estudiando-con-los-programas-que-acceso-latino-tiene-para-ti\\\/#breadcrumb\",\"itemListElement\":[{\"@type\":\"ListItem\",\"position\":1,\"name\":\"Portada\",\"item\":\"https:\\\/\\\/accesolatino.org\\\/\"},{\"@type\":\"ListItem\",\"position\":2,\"name\":\"Sigue estudiando con los programas que Acceso Latino tiene para ti\"}]},{\"@type\":\"WebSite\",\"@id\":\"https:\\\/\\\/accesolatino.org\\\/#website\",\"url\":\"https:\\\/\\\/accesolatino.org\\\/\",\"name\":\"Acceso Latino | Fundaci\u00f3n Carlos Slim\",\"description\":\"Fundaci\u00f3n Carlos Slim\",\"publisher\":{\"@id\":\"https:\\\/\\\/accesolatino.org\\\/#organization\"},\"potentialAction\":[{\"@type\":\"SearchAction\",\"target\":{\"@type\":\"EntryPoint\",\"urlTemplate\":\"https:\\\/\\\/accesolatino.org\\\/?s={search_term_string}\"},\"query-input\":{\"@type\":\"PropertyValueSpecification\",\"valueRequired\":true,\"valueName\":\"search_term_string\"}}],\"inLanguage\":\"en-US\"},{\"@type\":\"Organization\",\"@id\":\"https:\\\/\\\/accesolatino.org\\\/#organization\",\"name\":\"Acceso Latino | Fundaci\u00f3n Carlos Slim\",\"url\":\"https:\\\/\\\/accesolatino.org\\\/\",\"logo\":{\"@type\":\"ImageObject\",\"inLanguage\":\"en-US\",\"@id\":\"https:\\\/\\\/accesolatino.org\\\/#\\\/schema\\\/logo\\\/image\\\/\",\"url\":\"https:\\\/\\\/accesolatino.org\\\/wp-content\\\/uploads\\\/2021\\\/02\\\/logo-footer-acceso-latino.png\",\"contentUrl\":\"https:\\\/\\\/accesolatino.org\\\/wp-content\\\/uploads\\\/2021\\\/02\\\/logo-footer-acceso-latino.png\",\"width\":240,\"height\":40,\"caption\":\"Acceso Latino | Fundaci\u00f3n Carlos Slim\"},\"image\":{\"@id\":\"https:\\\/\\\/accesolatino.org\\\/#\\\/schema\\\/logo\\\/image\\\/\"},\"sameAs\":[\"https:\\\/\\\/www.facebook.com\\\/AccesoLatinoOrg\",\"https:\\\/\\\/x.com\\\/FAccLatino\"]}]}<\/script>\n<!-- \/ Yoast SEO plugin. -->","yoast_head_json":{"title":"Sigue estudiando con los programas que Acceso Latino tiene para ti","description":"En nuestro portal encontrar\u00e1s la secci\u00f3n \u201cEducaci\u00f3n\u201d y podr\u00e1s comocer todas las opciones que tenemos para iniciar o continuar con tus estudios","robots":{"index":"index","follow":"follow","max-snippet":"max-snippet:-1","max-image-preview":"max-image-preview:large","max-video-preview":"max-video-preview:-1"},"canonical":"https:\/\/accesolatino.org\/en\/sigue-estudiando-con-los-programas-que-acceso-latino-tiene-para-ti\/","og_locale":"en_US","og_type":"article","og_title":"Sigue estudiando con los programas que Acceso Latino tiene para ti","og_description":"En nuestro portal encontrar\u00e1s la secci\u00f3n \u201cEducaci\u00f3n\u201d y podr\u00e1s comocer todas las opciones que tenemos para iniciar o continuar con tus estudios","og_url":"https:\/\/accesolatino.org\/en\/sigue-estudiando-con-los-programas-que-acceso-latino-tiene-para-ti\/","og_site_name":"Acceso Latino","article_publisher":"https:\/\/www.facebook.com\/AccesoLatinoOrg","article_modified_time":"2025-10-18T00:17:16+00:00","og_image":[{"width":600,"height":300,"url":"https:\/\/accesolatino.org\/wp-content\/uploads\/2019\/12\/Sigue-estudiando-con-los-programas-que-Acceso-Latino-tiene-para-ti.png","type":"image\/png"}],"twitter_card":"summary_large_image","twitter_site":"@FAccLatino","twitter_misc":{"Est. reading time":"1 minute"},"schema":{"@context":"https:\/\/schema.org","@graph":[{"@type":"WebPage","@id":"https:\/\/accesolatino.org\/en\/sigue-estudiando-con-los-programas-que-acceso-latino-tiene-para-ti\/","url":"https:\/\/accesolatino.org\/en\/sigue-estudiando-con-los-programas-que-acceso-latino-tiene-para-ti\/","name":"Sigue estudiando con los programas que Acceso Latino tiene para ti","isPartOf":{"@id":"https:\/\/accesolatino.org\/#website"},"primaryImageOfPage":{"@id":"https:\/\/accesolatino.org\/en\/sigue-estudiando-con-los-programas-que-acceso-latino-tiene-para-ti\/#primaryimage"},"image":{"@id":"https:\/\/accesolatino.org\/en\/sigue-estudiando-con-los-programas-que-acceso-latino-tiene-para-ti\/#primaryimage"},"thumbnailUrl":"https:\/\/accesolatino.org\/wp-content\/uploads\/2019\/12\/Sigue-estudiando-con-los-programas-que-Acceso-Latino-tiene-para-ti.png","datePublished":"2019-12-02T18:12:42+00:00","dateModified":"2025-10-18T00:17:16+00:00","description":"En nuestro portal encontrar\u00e1s la secci\u00f3n \u201cEducaci\u00f3n\u201d y podr\u00e1s comocer todas las opciones que tenemos para iniciar o continuar con tus estudios","breadcrumb":{"@id":"https:\/\/accesolatino.org\/en\/sigue-estudiando-con-los-programas-que-acceso-latino-tiene-para-ti\/#breadcrumb"},"inLanguage":"en-US","potentialAction":[{"@type":"ReadAction","target":["https:\/\/accesolatino.org\/en\/sigue-estudiando-con-los-programas-que-acceso-latino-tiene-para-ti\/"]}]},{"@type":"ImageObject","inLanguage":"en-US","@id":"https:\/\/accesolatino.org\/en\/sigue-estudiando-con-los-programas-que-acceso-latino-tiene-para-ti\/#primaryimage","url":"https:\/\/accesolatino.org\/wp-content\/uploads\/2019\/12\/Sigue-estudiando-con-los-programas-que-Acceso-Latino-tiene-para-ti.png","contentUrl":"https:\/\/accesolatino.org\/wp-content\/uploads\/2019\/12\/Sigue-estudiando-con-los-programas-que-Acceso-Latino-tiene-para-ti.png","width":600,"height":300,"caption":"estudiando"},{"@type":"BreadcrumbList","@id":"https:\/\/accesolatino.org\/en\/sigue-estudiando-con-los-programas-que-acceso-latino-tiene-para-ti\/#breadcrumb","itemListElement":[{"@type":"ListItem","position":1,"name":"Portada","item":"https:\/\/accesolatino.org\/"},{"@type":"ListItem","position":2,"name":"Sigue estudiando con los programas que Acceso Latino tiene para ti"}]},{"@type":"WebSite","@id":"https:\/\/accesolatino.org\/#website","url":"https:\/\/accesolatino.org\/","name":"Acceso Latino | Fundaci\u00f3n Carlos Slim","description":"Fundaci\u00f3n Carlos Slim","publisher":{"@id":"https:\/\/accesolatino.org\/#organization"},"potentialAction":[{"@type":"SearchAction","target":{"@type":"EntryPoint","urlTemplate":"https:\/\/accesolatino.org\/?s={search_term_string}"},"query-input":{"@type":"PropertyValueSpecification","valueRequired":true,"valueName":"search_term_string"}}],"inLanguage":"en-US"},{"@type":"Organization","@id":"https:\/\/accesolatino.org\/#organization","name":"Acceso Latino | Fundaci\u00f3n Carlos Slim","url":"https:\/\/accesolatino.org\/","logo":{"@type":"ImageObject","inLanguage":"en-US","@id":"https:\/\/accesolatino.org\/#\/schema\/logo\/image\/","url":"https:\/\/accesolatino.org\/wp-content\/uploads\/2021\/02\/logo-footer-acceso-latino.png","contentUrl":"https:\/\/accesolatino.org\/wp-content\/uploads\/2021\/02\/logo-footer-acceso-latino.png","width":240,"height":40,"caption":"Acceso Latino | Fundaci\u00f3n Carlos Slim"},"image":{"@id":"https:\/\/accesolatino.org\/#\/schema\/logo\/image\/"},"sameAs":["https:\/\/www.facebook.com\/AccesoLatinoOrg","https:\/\/x.com\/FAccLatino"]}]}},"_links":{"self":[{"href":"https:\/\/accesolatino.org\/en\/wp-json\/wp\/v2\/pages\/19286","targetHints":{"allow":["GET"]}}],"collection":[{"href":"https:\/\/accesolatino.org\/en\/wp-json\/wp\/v2\/pages"}],"about":[{"href":"https:\/\/accesolatino.org\/en\/wp-json\/wp\/v2\/types\/page"}],"author":[{"embeddable":true,"href":"https:\/\/accesolatino.org\/en\/wp-json\/wp\/v2\/users\/7"}],"replies":[{"embeddable":true,"href":"https:\/\/accesolatino.org\/en\/wp-json\/wp\/v2\/comments?post=19286"}],"version-history":[{"count":1,"href":"https:\/\/accesolatino.org\/en\/wp-json\/wp\/v2\/pages\/19286\/revisions"}],"predecessor-version":[{"id":64282,"href":"https:\/\/accesolatino.org\/en\/wp-json\/wp\/v2\/pages\/19286\/revisions\/64282"}],"wp:featuredmedia":[{"embeddable":true,"href":"https:\/\/accesolatino.org\/en\/wp-json\/wp\/v2\/media\/19287"}],"wp:attachment":[{"href":"https:\/\/accesolatino.org\/en\/wp-json\/wp\/v2\/media?parent=19286"}],"curies":[{"name":"wp","href":"https:\/\/api.w.org\/{rel}","templated":true}]}}