{"id":19222,"date":"2019-11-22T11:35:48","date_gmt":"2019-11-22T17:35:48","guid":{"rendered":"https:\/\/accesolatino.org\/?page_id=19222"},"modified":"2025-10-17T17:44:03","modified_gmt":"2025-10-17T23:44:03","slug":"obten-tu-licencia-de-conducir-en-illinois-inmigrante","status":"publish","type":"page","link":"https:\/\/accesolatino.org\/en\/obten-tu-licencia-de-conducir-en-illinois-inmigrante\/","title":{"rendered":"Get your driver's license in Illinois immigrant"},"content":{"rendered":"<div data-elementor-type=\"wp-post\" data-elementor-id=\"19222\" class=\"elementor elementor-19222\">\n\t\t\t\t\t\t<section class=\"elementor-section elementor-top-section elementor-element elementor-element-d74b295 elementor-section-full_width elementor-section-height-min-height elementor-section-items-stretch elementor-section-height-default wpr-particle-no wpr-jarallax-no wpr-parallax-no wpr-sticky-section-no\" data-id=\"d74b295\" data-element_type=\"section\" data-e-type=\"section\" data-settings=\"{&quot;background_background&quot;:&quot;classic&quot;}\">\n\t\t\t\t\t\t<div class=\"elementor-container elementor-column-gap-no\">\n\t\t\t\t\t<div class=\"elementor-column elementor-col-100 elementor-top-column elementor-element elementor-element-c1543fe\" data-id=\"c1543fe\" data-element_type=\"column\" data-e-type=\"column\">\n\t\t\t<div class=\"elementor-widget-wrap elementor-element-populated\">\n\t\t\t\t\t\t<div class=\"elementor-element elementor-element-7959d4d elementor--h-position-center elementor--v-position-middle elementor-widget elementor-widget-slides\" data-id=\"7959d4d\" data-element_type=\"widget\" data-e-type=\"widget\" data-settings=\"{&quot;navigation&quot;:&quot;none&quot;,&quot;infinite&quot;:&quot;yes&quot;,&quot;transition&quot;:&quot;slide&quot;,&quot;transition_speed&quot;:500}\" data-widget_type=\"slides.default\">\n\t\t\t\t<div class=\"elementor-widget-container\">\n\t\t\t\t\t\t\t<div class=\"elementor-swiper\">\n\t\t\t<div class=\"elementor-slides-wrapper elementor-main-swiper swiper-container\" dir=\"ltr\" data-animation=\"\">\n\t\t\t\t<div class=\"swiper-wrapper elementor-slides\">\n\t\t\t\t\t\t\t\t\t\t<div class=\"elementor-repeater-item-d983a28 swiper-slide\"><div class=\"swiper-slide-bg\"><\/div><div class=\"swiper-slide-inner\" ><div class=\"swiper-slide-contents\"><div class=\"elementor-slide-heading\">Processing of Licenses<\/div><\/div><\/div><\/div>\t\t\t\t<\/div>\n\t\t\t\t\t\t\t<\/div>\n\t\t<\/div>\n\t\t\t\t\t\t<\/div>\n\t\t\t\t<\/div>\n\t\t\t\t\t<\/div>\n\t\t<\/div>\n\t\t\t\t\t<\/div>\n\t\t<\/section>\n\t\t\t\t<section class=\"elementor-section elementor-top-section elementor-element elementor-element-c3416cf elementor-section-stretched elementor-section-boxed elementor-section-height-default elementor-section-height-default wpr-particle-no wpr-jarallax-no wpr-parallax-no wpr-sticky-section-no\" data-id=\"c3416cf\" data-element_type=\"section\" data-e-type=\"section\" data-settings=\"{&quot;stretch_section&quot;:&quot;section-stretched&quot;,&quot;background_background&quot;:&quot;classic&quot;}\">\n\t\t\t\t\t\t<div class=\"elementor-container elementor-column-gap-default\">\n\t\t\t\t\t<div class=\"elementor-column elementor-col-100 elementor-top-column elementor-element elementor-element-c62f2c0\" data-id=\"c62f2c0\" data-element_type=\"column\" data-e-type=\"column\">\n\t\t\t<div class=\"elementor-widget-wrap elementor-element-populated\">\n\t\t\t\t\t\t<div class=\"elementor-element elementor-element-ed675dd elementor-widget elementor-widget-heading\" data-id=\"ed675dd\" data-element_type=\"widget\" data-e-type=\"widget\" data-widget_type=\"heading.default\">\n\t\t\t\t<div class=\"elementor-widget-container\">\n\t\t\t\t\t<h3 class=\"elementor-heading-title elementor-size-default\">Get your driver's license in Illinois immigrant<\/h3>\t\t\t\t<\/div>\n\t\t\t\t<\/div>\n\t\t\t\t<div class=\"elementor-element elementor-element-db2a4be elementor-widget elementor-widget-text-editor\" data-id=\"db2a4be\" data-element_type=\"widget\" data-e-type=\"widget\" data-widget_type=\"text-editor.default\">\n\t\t\t\t<div class=\"elementor-widget-container\">\n\t\t\t\t\t\t\t\t\t<p><strong>Acceso Latino<\/strong> te ayuda para que puedas manejar de forma legal en Estados Unidos, en su secci\u00f3n de <strong><a href=\"https:\/\/accesolatino.org\/en\/licencias\/\">\u201cLicencias de Manejo\u201d<\/a>,<\/strong> en el apartado de <a href=\"https:\/\/accesolatino.org\/en\/licencias\/\"><strong>Illinois<\/strong><\/a>, encontrar\u00e1s una gu\u00eda muy pr\u00e1ctica de lo que debes hacer para obtener tu permiso de conducir en este estado.<\/p><p>Para obtener esta licencia, los residentes indocumentados de Illinois deben comprobar que viven en el estado, pasar un examen escrito y de manejo.<\/p><p>Estos son algunos de los requisitos que necesitas para sacar la licencia de manejo:<\/p><ul><li>Documentos para demostrar que vives en Illinois<\/li><li>Documentos de identificaci\u00f3n personal<\/li><li>Manual de preparaci\u00f3n para el examen<\/li><\/ul><p>Sin importar tu estatus migratorio, en Illinois puedes obtener este documento que te avala para conducir legalmente.<\/p><p><strong>Acceso Latino<\/strong>, tu portal de apoyo migratorio.<\/p>\t\t\t\t\t\t\t\t<\/div>\n\t\t\t\t<\/div>\n\t\t\t\t<div class=\"elementor-element elementor-element-0d84fc7 elementor-widget elementor-widget-spacer\" data-id=\"0d84fc7\" data-element_type=\"widget\" data-e-type=\"widget\" data-widget_type=\"spacer.default\">\n\t\t\t\t<div class=\"elementor-widget-container\">\n\t\t\t\t\t\t\t<div class=\"elementor-spacer\">\n\t\t\t<div class=\"elementor-spacer-inner\"><\/div>\n\t\t<\/div>\n\t\t\t\t\t\t<\/div>\n\t\t\t\t<\/div>\n\t\t\t\t\t<\/div>\n\t\t<\/div>\n\t\t\t\t\t<\/div>\n\t\t<\/section>\n\t\t\t\t<\/div>","protected":false},"excerpt":{"rendered":"<p>Tr\u00e1mite de Licencias Obt\u00e9n tu licencia de conducir en Illinois inmigrante Acceso Latino te ayuda para que puedas manejar de forma legal en Estados Unidos, en su secci\u00f3n de \u201cLicencias de Manejo\u201d, en el apartado de Illinois, encontrar\u00e1s una gu\u00eda muy pr\u00e1ctica de lo que debes hacer para obtener tu permiso de conducir en este estado. Para obtener esta licencia, los residentes indocumentados de Illinois deben comprobar que viven en el estado, pasar un examen escrito y de manejo. Estos son algunos de los requisitos que necesitas para sacar la licencia de manejo: Documentos para demostrar que vives en Illinois Documentos de identificaci\u00f3n personal Manual de preparaci\u00f3n para el examen Sin importar tu estatus migratorio, en Illinois puedes obtener este documento que te avala para conducir legalmente. Acceso Latino, tu portal de apoyo migratorio.<\/p>","protected":false},"author":9,"featured_media":19223,"parent":0,"menu_order":0,"comment_status":"closed","ping_status":"closed","template":"elementor_header_footer","meta":{"_uf_show_specific_survey":0,"_uf_disable_surveys":false,"footnotes":""},"class_list":["post-19222","page","type-page","status-publish","has-post-thumbnail"],"aioseo_notices":[],"yoast_head":"<!-- This site is optimized with the Yoast SEO plugin v27.3 - https:\/\/yoast.com\/product\/yoast-seo-wordpress\/ -->\n<title>Obt\u00e9n tu licencia de conducir en Illinois inmigrante<\/title>\n<meta name=\"description\" content=\"Obt\u00e9n tu\u00a0licencia\u00a0de conducir en Illinois inmigrante Acceso Latino te ayuda para que puedas manejar de forma legal en Estados Unidos\" \/>\n<meta name=\"robots\" content=\"index, follow, max-snippet:-1, max-image-preview:large, max-video-preview:-1\" \/>\n<link rel=\"canonical\" href=\"https:\/\/accesolatino.org\/en\/obten-tu-licencia-de-conducir-en-illinois-inmigrante\/\" \/>\n<meta property=\"og:locale\" content=\"en_US\" \/>\n<meta property=\"og:type\" content=\"article\" \/>\n<meta property=\"og:title\" content=\"Acceso Latino | Obt\u00e9n tu licencia de conducir en Illinois inmigrante\" \/>\n<meta property=\"og:description\" content=\"Conoce la documentaci\u00f3n requerida para tramitar una licencia en cada uno de los estados de USA\" \/>\n<meta property=\"og:url\" content=\"https:\/\/accesolatino.org\/en\/obten-tu-licencia-de-conducir-en-illinois-inmigrante\/\" \/>\n<meta property=\"og:site_name\" content=\"Acceso Latino\" \/>\n<meta property=\"article:publisher\" content=\"https:\/\/www.facebook.com\/AccesoLatinoOrg\" \/>\n<meta property=\"article:modified_time\" content=\"2025-10-17T23:44:03+00:00\" \/>\n<meta property=\"og:image\" content=\"https:\/\/accesolatino.org\/wp-content\/uploads\/2019\/11\/Obt\u00e9n-tu-licencia-de-conducir-en-Illinois-inmigrante.png\" \/>\n\t<meta property=\"og:image:width\" content=\"600\" \/>\n\t<meta property=\"og:image:height\" content=\"300\" \/>\n\t<meta property=\"og:image:type\" content=\"image\/png\" \/>\n<meta name=\"twitter:card\" content=\"summary_large_image\" \/>\n<meta name=\"twitter:title\" content=\"Acceso Latino | Obt\u00e9n tu licencia de conducir en Illinois inmigrante\" \/>\n<meta name=\"twitter:description\" content=\"Conoce la documentaci\u00f3n requerida para tramitar una licencia en cada uno de los estados de USA\" \/>\n<meta name=\"twitter:image\" content=\"https:\/\/accesolatino.org\/wp-content\/uploads\/2019\/11\/Obt\u00e9n-tu-licencia-de-conducir-en-Illinois-inmigrante.png\" \/>\n<meta name=\"twitter:site\" content=\"@FAccLatino\" \/>\n<meta name=\"twitter:label1\" content=\"Est. reading time\" \/>\n\t<meta name=\"twitter:data1\" content=\"1 minute\" \/>\n<script type=\"application\/ld+json\" class=\"yoast-schema-graph\">{\"@context\":\"https:\\\/\\\/schema.org\",\"@graph\":[{\"@type\":\"WebPage\",\"@id\":\"https:\\\/\\\/accesolatino.org\\\/en\\\/obten-tu-licencia-de-conducir-en-illinois-inmigrante\\\/\",\"url\":\"https:\\\/\\\/accesolatino.org\\\/en\\\/obten-tu-licencia-de-conducir-en-illinois-inmigrante\\\/\",\"name\":\"Obt\u00e9n tu licencia de conducir en Illinois inmigrante\",\"isPartOf\":{\"@id\":\"https:\\\/\\\/accesolatino.org\\\/#website\"},\"primaryImageOfPage\":{\"@id\":\"https:\\\/\\\/accesolatino.org\\\/en\\\/obten-tu-licencia-de-conducir-en-illinois-inmigrante\\\/#primaryimage\"},\"image\":{\"@id\":\"https:\\\/\\\/accesolatino.org\\\/en\\\/obten-tu-licencia-de-conducir-en-illinois-inmigrante\\\/#primaryimage\"},\"thumbnailUrl\":\"https:\\\/\\\/accesolatino.org\\\/wp-content\\\/uploads\\\/2019\\\/11\\\/Obt\u00e9n-tu-licencia-de-conducir-en-Illinois-inmigrante.png\",\"datePublished\":\"2019-11-22T17:35:48+00:00\",\"dateModified\":\"2025-10-17T23:44:03+00:00\",\"description\":\"Obt\u00e9n tu\u00a0licencia\u00a0de conducir en Illinois inmigrante Acceso Latino te ayuda para que puedas manejar de forma legal en Estados Unidos\",\"breadcrumb\":{\"@id\":\"https:\\\/\\\/accesolatino.org\\\/en\\\/obten-tu-licencia-de-conducir-en-illinois-inmigrante\\\/#breadcrumb\"},\"inLanguage\":\"en-US\",\"potentialAction\":[{\"@type\":\"ReadAction\",\"target\":[\"https:\\\/\\\/accesolatino.org\\\/en\\\/obten-tu-licencia-de-conducir-en-illinois-inmigrante\\\/\"]}]},{\"@type\":\"ImageObject\",\"inLanguage\":\"en-US\",\"@id\":\"https:\\\/\\\/accesolatino.org\\\/en\\\/obten-tu-licencia-de-conducir-en-illinois-inmigrante\\\/#primaryimage\",\"url\":\"https:\\\/\\\/accesolatino.org\\\/wp-content\\\/uploads\\\/2019\\\/11\\\/Obt\u00e9n-tu-licencia-de-conducir-en-Illinois-inmigrante.png\",\"contentUrl\":\"https:\\\/\\\/accesolatino.org\\\/wp-content\\\/uploads\\\/2019\\\/11\\\/Obt\u00e9n-tu-licencia-de-conducir-en-Illinois-inmigrante.png\",\"width\":600,\"height\":300,\"caption\":\"licencia\"},{\"@type\":\"BreadcrumbList\",\"@id\":\"https:\\\/\\\/accesolatino.org\\\/en\\\/obten-tu-licencia-de-conducir-en-illinois-inmigrante\\\/#breadcrumb\",\"itemListElement\":[{\"@type\":\"ListItem\",\"position\":1,\"name\":\"Portada\",\"item\":\"https:\\\/\\\/accesolatino.org\\\/\"},{\"@type\":\"ListItem\",\"position\":2,\"name\":\"Obt\u00e9n tu licencia de conducir en Illinois inmigrante\"}]},{\"@type\":\"WebSite\",\"@id\":\"https:\\\/\\\/accesolatino.org\\\/#website\",\"url\":\"https:\\\/\\\/accesolatino.org\\\/\",\"name\":\"Acceso Latino | Fundaci\u00f3n Carlos Slim\",\"description\":\"Fundaci\u00f3n Carlos Slim\",\"publisher\":{\"@id\":\"https:\\\/\\\/accesolatino.org\\\/#organization\"},\"potentialAction\":[{\"@type\":\"SearchAction\",\"target\":{\"@type\":\"EntryPoint\",\"urlTemplate\":\"https:\\\/\\\/accesolatino.org\\\/?s={search_term_string}\"},\"query-input\":{\"@type\":\"PropertyValueSpecification\",\"valueRequired\":true,\"valueName\":\"search_term_string\"}}],\"inLanguage\":\"en-US\"},{\"@type\":\"Organization\",\"@id\":\"https:\\\/\\\/accesolatino.org\\\/#organization\",\"name\":\"Acceso Latino | Fundaci\u00f3n Carlos Slim\",\"url\":\"https:\\\/\\\/accesolatino.org\\\/\",\"logo\":{\"@type\":\"ImageObject\",\"inLanguage\":\"en-US\",\"@id\":\"https:\\\/\\\/accesolatino.org\\\/#\\\/schema\\\/logo\\\/image\\\/\",\"url\":\"https:\\\/\\\/accesolatino.org\\\/wp-content\\\/uploads\\\/2021\\\/02\\\/logo-footer-acceso-latino.png\",\"contentUrl\":\"https:\\\/\\\/accesolatino.org\\\/wp-content\\\/uploads\\\/2021\\\/02\\\/logo-footer-acceso-latino.png\",\"width\":240,\"height\":40,\"caption\":\"Acceso Latino | Fundaci\u00f3n Carlos Slim\"},\"image\":{\"@id\":\"https:\\\/\\\/accesolatino.org\\\/#\\\/schema\\\/logo\\\/image\\\/\"},\"sameAs\":[\"https:\\\/\\\/www.facebook.com\\\/AccesoLatinoOrg\",\"https:\\\/\\\/x.com\\\/FAccLatino\"]}]}<\/script>\n<!-- \/ Yoast SEO plugin. -->","yoast_head_json":{"title":"Get your driver's license in Illinois immigrant","description":"Obt\u00e9n tu\u00a0licencia\u00a0de conducir en Illinois inmigrante Acceso Latino te ayuda para que puedas manejar de forma legal en Estados Unidos","robots":{"index":"index","follow":"follow","max-snippet":"max-snippet:-1","max-image-preview":"max-image-preview:large","max-video-preview":"max-video-preview:-1"},"canonical":"https:\/\/accesolatino.org\/en\/obten-tu-licencia-de-conducir-en-illinois-inmigrante\/","og_locale":"en_US","og_type":"article","og_title":"Acceso Latino | Obt\u00e9n tu licencia de conducir en Illinois inmigrante","og_description":"Conoce la documentaci\u00f3n requerida para tramitar una licencia en cada uno de los estados de USA","og_url":"https:\/\/accesolatino.org\/en\/obten-tu-licencia-de-conducir-en-illinois-inmigrante\/","og_site_name":"Acceso Latino","article_publisher":"https:\/\/www.facebook.com\/AccesoLatinoOrg","article_modified_time":"2025-10-17T23:44:03+00:00","og_image":[{"width":600,"height":300,"url":"https:\/\/accesolatino.org\/wp-content\/uploads\/2019\/11\/Obt\u00e9n-tu-licencia-de-conducir-en-Illinois-inmigrante.png","type":"image\/png"}],"twitter_card":"summary_large_image","twitter_title":"Acceso Latino | Obt\u00e9n tu licencia de conducir en Illinois inmigrante","twitter_description":"Conoce la documentaci\u00f3n requerida para tramitar una licencia en cada uno de los estados de USA","twitter_image":"https:\/\/accesolatino.org\/wp-content\/uploads\/2019\/11\/Obt\u00e9n-tu-licencia-de-conducir-en-Illinois-inmigrante.png","twitter_site":"@FAccLatino","twitter_misc":{"Est. reading time":"1 minute"},"schema":{"@context":"https:\/\/schema.org","@graph":[{"@type":"WebPage","@id":"https:\/\/accesolatino.org\/en\/obten-tu-licencia-de-conducir-en-illinois-inmigrante\/","url":"https:\/\/accesolatino.org\/en\/obten-tu-licencia-de-conducir-en-illinois-inmigrante\/","name":"Get your driver's license in Illinois immigrant","isPartOf":{"@id":"https:\/\/accesolatino.org\/#website"},"primaryImageOfPage":{"@id":"https:\/\/accesolatino.org\/en\/obten-tu-licencia-de-conducir-en-illinois-inmigrante\/#primaryimage"},"image":{"@id":"https:\/\/accesolatino.org\/en\/obten-tu-licencia-de-conducir-en-illinois-inmigrante\/#primaryimage"},"thumbnailUrl":"https:\/\/accesolatino.org\/wp-content\/uploads\/2019\/11\/Obt\u00e9n-tu-licencia-de-conducir-en-Illinois-inmigrante.png","datePublished":"2019-11-22T17:35:48+00:00","dateModified":"2025-10-17T23:44:03+00:00","description":"Obt\u00e9n tu\u00a0licencia\u00a0de conducir en Illinois inmigrante Acceso Latino te ayuda para que puedas manejar de forma legal en Estados Unidos","breadcrumb":{"@id":"https:\/\/accesolatino.org\/en\/obten-tu-licencia-de-conducir-en-illinois-inmigrante\/#breadcrumb"},"inLanguage":"en-US","potentialAction":[{"@type":"ReadAction","target":["https:\/\/accesolatino.org\/en\/obten-tu-licencia-de-conducir-en-illinois-inmigrante\/"]}]},{"@type":"ImageObject","inLanguage":"en-US","@id":"https:\/\/accesolatino.org\/en\/obten-tu-licencia-de-conducir-en-illinois-inmigrante\/#primaryimage","url":"https:\/\/accesolatino.org\/wp-content\/uploads\/2019\/11\/Obt\u00e9n-tu-licencia-de-conducir-en-Illinois-inmigrante.png","contentUrl":"https:\/\/accesolatino.org\/wp-content\/uploads\/2019\/11\/Obt\u00e9n-tu-licencia-de-conducir-en-Illinois-inmigrante.png","width":600,"height":300,"caption":"licencia"},{"@type":"BreadcrumbList","@id":"https:\/\/accesolatino.org\/en\/obten-tu-licencia-de-conducir-en-illinois-inmigrante\/#breadcrumb","itemListElement":[{"@type":"ListItem","position":1,"name":"Portada","item":"https:\/\/accesolatino.org\/"},{"@type":"ListItem","position":2,"name":"Obt\u00e9n tu licencia de conducir en Illinois inmigrante"}]},{"@type":"WebSite","@id":"https:\/\/accesolatino.org\/#website","url":"https:\/\/accesolatino.org\/","name":"Acceso Latino | Fundaci\u00f3n Carlos Slim","description":"Fundaci\u00f3n Carlos Slim","publisher":{"@id":"https:\/\/accesolatino.org\/#organization"},"potentialAction":[{"@type":"SearchAction","target":{"@type":"EntryPoint","urlTemplate":"https:\/\/accesolatino.org\/?s={search_term_string}"},"query-input":{"@type":"PropertyValueSpecification","valueRequired":true,"valueName":"search_term_string"}}],"inLanguage":"en-US"},{"@type":"Organization","@id":"https:\/\/accesolatino.org\/#organization","name":"Acceso Latino | Fundaci\u00f3n Carlos Slim","url":"https:\/\/accesolatino.org\/","logo":{"@type":"ImageObject","inLanguage":"en-US","@id":"https:\/\/accesolatino.org\/#\/schema\/logo\/image\/","url":"https:\/\/accesolatino.org\/wp-content\/uploads\/2021\/02\/logo-footer-acceso-latino.png","contentUrl":"https:\/\/accesolatino.org\/wp-content\/uploads\/2021\/02\/logo-footer-acceso-latino.png","width":240,"height":40,"caption":"Acceso Latino | Fundaci\u00f3n Carlos Slim"},"image":{"@id":"https:\/\/accesolatino.org\/#\/schema\/logo\/image\/"},"sameAs":["https:\/\/www.facebook.com\/AccesoLatinoOrg","https:\/\/x.com\/FAccLatino"]}]}},"_links":{"self":[{"href":"https:\/\/accesolatino.org\/en\/wp-json\/wp\/v2\/pages\/19222","targetHints":{"allow":["GET"]}}],"collection":[{"href":"https:\/\/accesolatino.org\/en\/wp-json\/wp\/v2\/pages"}],"about":[{"href":"https:\/\/accesolatino.org\/en\/wp-json\/wp\/v2\/types\/page"}],"author":[{"embeddable":true,"href":"https:\/\/accesolatino.org\/en\/wp-json\/wp\/v2\/users\/9"}],"replies":[{"embeddable":true,"href":"https:\/\/accesolatino.org\/en\/wp-json\/wp\/v2\/comments?post=19222"}],"version-history":[{"count":1,"href":"https:\/\/accesolatino.org\/en\/wp-json\/wp\/v2\/pages\/19222\/revisions"}],"predecessor-version":[{"id":64263,"href":"https:\/\/accesolatino.org\/en\/wp-json\/wp\/v2\/pages\/19222\/revisions\/64263"}],"wp:featuredmedia":[{"embeddable":true,"href":"https:\/\/accesolatino.org\/en\/wp-json\/wp\/v2\/media\/19223"}],"wp:attachment":[{"href":"https:\/\/accesolatino.org\/en\/wp-json\/wp\/v2\/media?parent=19222"}],"curies":[{"name":"wp","href":"https:\/\/api.w.org\/{rel}","templated":true}]}}