{"id":19139,"date":"2019-11-18T11:38:26","date_gmt":"2019-11-18T17:38:26","guid":{"rendered":"https:\/\/accesolatino.org\/?page_id=19139"},"modified":"2025-10-16T17:36:44","modified_gmt":"2025-10-16T23:36:44","slug":"conoce-el-programa-ayuda-federal-para-estudiantes","status":"publish","type":"page","link":"https:\/\/accesolatino.org\/en\/conoce-el-programa-ayuda-federal-para-estudiantes\/","title":{"rendered":"Conoce el programa: Ayuda Federal Para Estudiantes"},"content":{"rendered":"<div data-elementor-type=\"wp-post\" data-elementor-id=\"19139\" class=\"elementor elementor-19139\">\n\t\t\t\t\t\t<section class=\"elementor-section elementor-top-section elementor-element elementor-element-d3f8040 elementor-section-full_width elementor-section-height-min-height elementor-section-items-stretch elementor-section-height-default wpr-particle-no wpr-jarallax-no wpr-parallax-no wpr-sticky-section-no wpr-equal-height-no\" data-id=\"d3f8040\" data-element_type=\"section\" data-e-type=\"section\" data-settings=\"{&quot;background_background&quot;:&quot;classic&quot;}\">\n\t\t\t\t\t\t<div class=\"elementor-container elementor-column-gap-no\">\n\t\t\t\t\t<div class=\"elementor-column elementor-col-100 elementor-top-column elementor-element elementor-element-f127170\" data-id=\"f127170\" data-element_type=\"column\" data-e-type=\"column\">\n\t\t\t<div class=\"elementor-widget-wrap elementor-element-populated\">\n\t\t\t\t\t\t<div class=\"elementor-element elementor-element-2633d00 elementor--h-position-center elementor--v-position-middle elementor-widget elementor-widget-slides\" data-id=\"2633d00\" data-element_type=\"widget\" data-e-type=\"widget\" data-settings=\"{&quot;navigation&quot;:&quot;none&quot;,&quot;infinite&quot;:&quot;yes&quot;,&quot;transition&quot;:&quot;slide&quot;,&quot;transition_speed&quot;:500}\" data-widget_type=\"slides.default\">\n\t\t\t\t<div class=\"elementor-widget-container\">\n\t\t\t\t\t\t\t<div class=\"elementor-swiper\">\n\t\t\t<div class=\"elementor-slides-wrapper elementor-main-swiper swiper-container\" dir=\"ltr\" data-animation=\"\">\n\t\t\t\t<div class=\"swiper-wrapper elementor-slides\">\n\t\t\t\t\t\t\t\t\t\t<div class=\"elementor-repeater-item-d983a28 swiper-slide\"><div class=\"swiper-slide-bg\"><\/div><div class=\"swiper-slide-inner\" ><div class=\"swiper-slide-contents\"><div class=\"elementor-slide-heading\">Education<\/div><\/div><\/div><\/div>\t\t\t\t<\/div>\n\t\t\t\t\t\t\t<\/div>\n\t\t<\/div>\n\t\t\t\t\t\t<\/div>\n\t\t\t\t<\/div>\n\t\t\t\t\t<\/div>\n\t\t<\/div>\n\t\t\t\t\t<\/div>\n\t\t<\/section>\n\t\t\t\t<section class=\"elementor-section elementor-top-section elementor-element elementor-element-442f8c5 elementor-section-stretched elementor-section-boxed elementor-section-height-default elementor-section-height-default wpr-particle-no wpr-jarallax-no wpr-parallax-no wpr-sticky-section-no wpr-equal-height-no\" data-id=\"442f8c5\" data-element_type=\"section\" data-e-type=\"section\" data-settings=\"{&quot;stretch_section&quot;:&quot;section-stretched&quot;,&quot;background_background&quot;:&quot;classic&quot;}\">\n\t\t\t\t\t\t<div class=\"elementor-container elementor-column-gap-default\">\n\t\t\t\t\t<div class=\"elementor-column elementor-col-100 elementor-top-column elementor-element elementor-element-2a67e75\" data-id=\"2a67e75\" data-element_type=\"column\" data-e-type=\"column\">\n\t\t\t<div class=\"elementor-widget-wrap elementor-element-populated\">\n\t\t\t\t\t\t<div class=\"elementor-element elementor-element-4b83484 elementor-widget elementor-widget-heading\" data-id=\"4b83484\" data-element_type=\"widget\" data-e-type=\"widget\" data-widget_type=\"heading.default\">\n\t\t\t\t<div class=\"elementor-widget-container\">\n\t\t\t\t\t<h3 class=\"elementor-heading-title elementor-size-default\">Conoce el programa: Ayuda Federal Para Estudiantes<\/h3>\t\t\t\t<\/div>\n\t\t\t\t<\/div>\n\t\t\t\t<div class=\"elementor-element elementor-element-2f198c9 elementor-widget elementor-widget-text-editor\" data-id=\"2f198c9\" data-element_type=\"widget\" data-e-type=\"widget\" data-widget_type=\"text-editor.default\">\n\t\t\t\t<div class=\"elementor-widget-container\">\n\t\t\t\t\t\t\t\t\t<p>\u00bfNecesitas apoyo econ\u00f3mico para finalizar o iniciar tus estudios?, \u00bfsab\u00edas que el gobierno federal tiene un programa de apoyo acad\u00e9mico? Dentro de la secci\u00f3n <a href=\"https:\/\/accesolatino.org\/en\/educacion\/\"><strong>\u201cEducaci\u00f3n\u201d<\/strong> <\/a>you will find <a href=\"https:\/\/www.univision.com\/noticias\/educacion\/especial-educacion-fafsa-todas-tus-preguntas-respondidas\" target=\"_blank\" rel=\"noopener\">\u201c<strong>Ayuda Federal Para Estudiantes (FAFSA)\u201d<\/strong>.<\/a><\/p><p>Lo primero que tienes que hacer es llenar la <strong>Solicitud Gratuita de Ayuda Federal para Estudiantes<\/strong>, ya que est\u00e9 lista, la universidad, escuela o instituto d\u00f3nde quieres realizar tus estudios, te contactar\u00e1 para explicarte cu\u00e1l es el proceso y tr\u00e1mites que debes hacer.<\/p><p>Para los migrantes hispanos puede ser complicado contar con alg\u00fan apoyo financiero para estudiar la universidad, por dicho motivo, el gobierno norteamericano cre\u00f3 este programa para ayudarlos con recursos econ\u00f3micos que les permitan acceder a una mejor educaci\u00f3n.<\/p><p><strong>Acceso Latino<\/strong> te ofrece herramientas legales y gratuitas para ayudarte a estar m\u00e1s informado y preparado.<\/p>\t\t\t\t\t\t\t\t<\/div>\n\t\t\t\t<\/div>\n\t\t\t\t<div class=\"elementor-element elementor-element-7edb243 elementor-widget elementor-widget-spacer\" data-id=\"7edb243\" data-element_type=\"widget\" data-e-type=\"widget\" data-widget_type=\"spacer.default\">\n\t\t\t\t<div class=\"elementor-widget-container\">\n\t\t\t\t\t\t\t<div class=\"elementor-spacer\">\n\t\t\t<div class=\"elementor-spacer-inner\"><\/div>\n\t\t<\/div>\n\t\t\t\t\t\t<\/div>\n\t\t\t\t<\/div>\n\t\t\t\t\t<\/div>\n\t\t<\/div>\n\t\t\t\t\t<\/div>\n\t\t<\/section>\n\t\t\t\t<\/div>","protected":false},"excerpt":{"rendered":"<p>Educaci\u00f3n Conoce el programa: Ayuda Federal Para Estudiantes \u00bfNecesitas apoyo econ\u00f3mico para finalizar o iniciar tus estudios?, \u00bfsab\u00edas que el gobierno federal tiene un programa de apoyo acad\u00e9mico? Dentro de la secci\u00f3n \u201cEducaci\u00f3n\u201d encontrar\u00e1s la tarjeta \u201cAyuda Federal Para Estudiantes (FAFSA)\u201d. Lo primero que tienes que hacer es llenar la Solicitud Gratuita de Ayuda Federal para Estudiantes, ya que est\u00e9 lista, la universidad, escuela o instituto d\u00f3nde quieres realizar tus estudios, te contactar\u00e1 para explicarte cu\u00e1l es el proceso y tr\u00e1mites que debes hacer. Para los migrantes hispanos puede ser complicado contar con alg\u00fan apoyo financiero para estudiar la universidad, por dicho motivo, el gobierno norteamericano cre\u00f3 este programa para ayudarlos con recursos econ\u00f3micos que les permitan acceder a una mejor educaci\u00f3n. Acceso Latino te ofrece herramientas legales y gratuitas para ayudarte a estar m\u00e1s informado y preparado.<\/p>","protected":false},"author":7,"featured_media":19128,"parent":0,"menu_order":0,"comment_status":"closed","ping_status":"closed","template":"elementor_header_footer","meta":{"_uf_show_specific_survey":0,"_uf_disable_surveys":false,"footnotes":""},"class_list":["post-19139","page","type-page","status-publish","has-post-thumbnail"],"aioseo_notices":[],"yoast_head":"<!-- This site is optimized with the Yoast SEO plugin v27.5 - https:\/\/yoast.com\/product\/yoast-seo-wordpress\/ -->\n<title>Conoce el programa: Ayuda Federal Para Estudiantes<\/title>\n<meta name=\"description\" content=\"Conoce el programa: Ayuda Federal Para Estudiantes \u00bfNecesitas apoyo econ\u00f3mico para finalizar o iniciar tus estudios?\" \/>\n<meta name=\"robots\" content=\"index, follow, max-snippet:-1, max-image-preview:large, max-video-preview:-1\" \/>\n<link rel=\"canonical\" href=\"https:\/\/accesolatino.org\/en\/conoce-el-programa-ayuda-federal-para-estudiantes\/\" \/>\n<meta property=\"og:locale\" content=\"en_US\" \/>\n<meta property=\"og:type\" content=\"article\" \/>\n<meta property=\"og:title\" content=\"Acceso Latino | Conoce el programa: Ayuda Federal Para Estudiantes\" \/>\n<meta property=\"og:description\" content=\"Conoce el programa: Ayuda Federal Para Estudiantes\" \/>\n<meta property=\"og:url\" content=\"https:\/\/accesolatino.org\/en\/conoce-el-programa-ayuda-federal-para-estudiantes\/\" \/>\n<meta property=\"og:site_name\" content=\"Acceso Latino\" \/>\n<meta property=\"article:publisher\" content=\"https:\/\/www.facebook.com\/AccesoLatinoOrg\" \/>\n<meta property=\"article:modified_time\" content=\"2025-10-16T23:36:44+00:00\" \/>\n<meta property=\"og:image\" content=\"https:\/\/accesolatino.org\/wp-content\/uploads\/2019\/11\/Conoce-el-programa-Ayuda-Federal-Para-Estudiantes.png\" \/>\n\t<meta property=\"og:image:width\" content=\"600\" \/>\n\t<meta property=\"og:image:height\" content=\"300\" \/>\n\t<meta property=\"og:image:type\" content=\"image\/png\" \/>\n<meta name=\"twitter:card\" content=\"summary_large_image\" \/>\n<meta name=\"twitter:title\" content=\"Acceso Latino | Conoce el programa: Ayuda Federal Para Estudiantes\" \/>\n<meta name=\"twitter:description\" content=\"Conoce el programa: Ayuda Federal Para Estudiantes\" \/>\n<meta name=\"twitter:image\" content=\"https:\/\/accesolatino.org\/wp-content\/uploads\/2019\/11\/Conoce-el-programa-Ayuda-Federal-Para-Estudiantes.png\" \/>\n<meta name=\"twitter:site\" content=\"@FAccLatino\" \/>\n<meta name=\"twitter:label1\" content=\"Est. reading time\" \/>\n\t<meta name=\"twitter:data1\" content=\"1 minute\" \/>\n<script type=\"application\/ld+json\" class=\"yoast-schema-graph\">{\"@context\":\"https:\\\/\\\/schema.org\",\"@graph\":[{\"@type\":\"WebPage\",\"@id\":\"https:\\\/\\\/accesolatino.org\\\/en\\\/conoce-el-programa-ayuda-federal-para-estudiantes\\\/\",\"url\":\"https:\\\/\\\/accesolatino.org\\\/en\\\/conoce-el-programa-ayuda-federal-para-estudiantes\\\/\",\"name\":\"Conoce el programa: Ayuda Federal Para Estudiantes\",\"isPartOf\":{\"@id\":\"https:\\\/\\\/accesolatino.org\\\/#website\"},\"primaryImageOfPage\":{\"@id\":\"https:\\\/\\\/accesolatino.org\\\/en\\\/conoce-el-programa-ayuda-federal-para-estudiantes\\\/#primaryimage\"},\"image\":{\"@id\":\"https:\\\/\\\/accesolatino.org\\\/en\\\/conoce-el-programa-ayuda-federal-para-estudiantes\\\/#primaryimage\"},\"thumbnailUrl\":\"https:\\\/\\\/accesolatino.org\\\/wp-content\\\/uploads\\\/2019\\\/11\\\/Conoce-el-programa-Ayuda-Federal-Para-Estudiantes.png\",\"datePublished\":\"2019-11-18T17:38:26+00:00\",\"dateModified\":\"2025-10-16T23:36:44+00:00\",\"description\":\"Conoce el programa: Ayuda Federal Para Estudiantes \u00bfNecesitas apoyo econ\u00f3mico para finalizar o iniciar tus estudios?\",\"breadcrumb\":{\"@id\":\"https:\\\/\\\/accesolatino.org\\\/en\\\/conoce-el-programa-ayuda-federal-para-estudiantes\\\/#breadcrumb\"},\"inLanguage\":\"en-US\",\"potentialAction\":[{\"@type\":\"ReadAction\",\"target\":[\"https:\\\/\\\/accesolatino.org\\\/en\\\/conoce-el-programa-ayuda-federal-para-estudiantes\\\/\"]}]},{\"@type\":\"ImageObject\",\"inLanguage\":\"en-US\",\"@id\":\"https:\\\/\\\/accesolatino.org\\\/en\\\/conoce-el-programa-ayuda-federal-para-estudiantes\\\/#primaryimage\",\"url\":\"https:\\\/\\\/accesolatino.org\\\/wp-content\\\/uploads\\\/2019\\\/11\\\/Conoce-el-programa-Ayuda-Federal-Para-Estudiantes.png\",\"contentUrl\":\"https:\\\/\\\/accesolatino.org\\\/wp-content\\\/uploads\\\/2019\\\/11\\\/Conoce-el-programa-Ayuda-Federal-Para-Estudiantes.png\",\"width\":600,\"height\":300,\"caption\":\"ayuda\"},{\"@type\":\"BreadcrumbList\",\"@id\":\"https:\\\/\\\/accesolatino.org\\\/en\\\/conoce-el-programa-ayuda-federal-para-estudiantes\\\/#breadcrumb\",\"itemListElement\":[{\"@type\":\"ListItem\",\"position\":1,\"name\":\"Portada\",\"item\":\"https:\\\/\\\/accesolatino.org\\\/\"},{\"@type\":\"ListItem\",\"position\":2,\"name\":\"Conoce el programa: Ayuda Federal Para Estudiantes\"}]},{\"@type\":\"WebSite\",\"@id\":\"https:\\\/\\\/accesolatino.org\\\/#website\",\"url\":\"https:\\\/\\\/accesolatino.org\\\/\",\"name\":\"Acceso Latino | Fundaci\u00f3n Carlos Slim\",\"description\":\"Fundaci\u00f3n Carlos Slim\",\"publisher\":{\"@id\":\"https:\\\/\\\/accesolatino.org\\\/#organization\"},\"potentialAction\":[{\"@type\":\"SearchAction\",\"target\":{\"@type\":\"EntryPoint\",\"urlTemplate\":\"https:\\\/\\\/accesolatino.org\\\/?s={search_term_string}\"},\"query-input\":{\"@type\":\"PropertyValueSpecification\",\"valueRequired\":true,\"valueName\":\"search_term_string\"}}],\"inLanguage\":\"en-US\"},{\"@type\":\"Organization\",\"@id\":\"https:\\\/\\\/accesolatino.org\\\/#organization\",\"name\":\"Acceso Latino | Fundaci\u00f3n Carlos Slim\",\"url\":\"https:\\\/\\\/accesolatino.org\\\/\",\"logo\":{\"@type\":\"ImageObject\",\"inLanguage\":\"en-US\",\"@id\":\"https:\\\/\\\/accesolatino.org\\\/#\\\/schema\\\/logo\\\/image\\\/\",\"url\":\"https:\\\/\\\/accesolatino.org\\\/wp-content\\\/uploads\\\/2021\\\/02\\\/logo-footer-acceso-latino.png\",\"contentUrl\":\"https:\\\/\\\/accesolatino.org\\\/wp-content\\\/uploads\\\/2021\\\/02\\\/logo-footer-acceso-latino.png\",\"width\":240,\"height\":40,\"caption\":\"Acceso Latino | Fundaci\u00f3n Carlos Slim\"},\"image\":{\"@id\":\"https:\\\/\\\/accesolatino.org\\\/#\\\/schema\\\/logo\\\/image\\\/\"},\"sameAs\":[\"https:\\\/\\\/www.facebook.com\\\/AccesoLatinoOrg\",\"https:\\\/\\\/x.com\\\/FAccLatino\"]}]}<\/script>\n<!-- \/ Yoast SEO plugin. -->","yoast_head_json":{"title":"Conoce el programa: Ayuda Federal Para Estudiantes","description":"Conoce el programa: Ayuda Federal Para Estudiantes \u00bfNecesitas apoyo econ\u00f3mico para finalizar o iniciar tus estudios?","robots":{"index":"index","follow":"follow","max-snippet":"max-snippet:-1","max-image-preview":"max-image-preview:large","max-video-preview":"max-video-preview:-1"},"canonical":"https:\/\/accesolatino.org\/en\/conoce-el-programa-ayuda-federal-para-estudiantes\/","og_locale":"en_US","og_type":"article","og_title":"Acceso Latino | Conoce el programa: Ayuda Federal Para Estudiantes","og_description":"Conoce el programa: Ayuda Federal Para Estudiantes","og_url":"https:\/\/accesolatino.org\/en\/conoce-el-programa-ayuda-federal-para-estudiantes\/","og_site_name":"Acceso Latino","article_publisher":"https:\/\/www.facebook.com\/AccesoLatinoOrg","article_modified_time":"2025-10-16T23:36:44+00:00","og_image":[{"width":600,"height":300,"url":"https:\/\/accesolatino.org\/wp-content\/uploads\/2019\/11\/Conoce-el-programa-Ayuda-Federal-Para-Estudiantes.png","type":"image\/png"}],"twitter_card":"summary_large_image","twitter_title":"Acceso Latino | Conoce el programa: Ayuda Federal Para Estudiantes","twitter_description":"Conoce el programa: Ayuda Federal Para Estudiantes","twitter_image":"https:\/\/accesolatino.org\/wp-content\/uploads\/2019\/11\/Conoce-el-programa-Ayuda-Federal-Para-Estudiantes.png","twitter_site":"@FAccLatino","twitter_misc":{"Est. reading time":"1 minute"},"schema":{"@context":"https:\/\/schema.org","@graph":[{"@type":"WebPage","@id":"https:\/\/accesolatino.org\/en\/conoce-el-programa-ayuda-federal-para-estudiantes\/","url":"https:\/\/accesolatino.org\/en\/conoce-el-programa-ayuda-federal-para-estudiantes\/","name":"Conoce el programa: Ayuda Federal Para Estudiantes","isPartOf":{"@id":"https:\/\/accesolatino.org\/#website"},"primaryImageOfPage":{"@id":"https:\/\/accesolatino.org\/en\/conoce-el-programa-ayuda-federal-para-estudiantes\/#primaryimage"},"image":{"@id":"https:\/\/accesolatino.org\/en\/conoce-el-programa-ayuda-federal-para-estudiantes\/#primaryimage"},"thumbnailUrl":"https:\/\/accesolatino.org\/wp-content\/uploads\/2019\/11\/Conoce-el-programa-Ayuda-Federal-Para-Estudiantes.png","datePublished":"2019-11-18T17:38:26+00:00","dateModified":"2025-10-16T23:36:44+00:00","description":"Conoce el programa: Ayuda Federal Para Estudiantes \u00bfNecesitas apoyo econ\u00f3mico para finalizar o iniciar tus estudios?","breadcrumb":{"@id":"https:\/\/accesolatino.org\/en\/conoce-el-programa-ayuda-federal-para-estudiantes\/#breadcrumb"},"inLanguage":"en-US","potentialAction":[{"@type":"ReadAction","target":["https:\/\/accesolatino.org\/en\/conoce-el-programa-ayuda-federal-para-estudiantes\/"]}]},{"@type":"ImageObject","inLanguage":"en-US","@id":"https:\/\/accesolatino.org\/en\/conoce-el-programa-ayuda-federal-para-estudiantes\/#primaryimage","url":"https:\/\/accesolatino.org\/wp-content\/uploads\/2019\/11\/Conoce-el-programa-Ayuda-Federal-Para-Estudiantes.png","contentUrl":"https:\/\/accesolatino.org\/wp-content\/uploads\/2019\/11\/Conoce-el-programa-Ayuda-Federal-Para-Estudiantes.png","width":600,"height":300,"caption":"ayuda"},{"@type":"BreadcrumbList","@id":"https:\/\/accesolatino.org\/en\/conoce-el-programa-ayuda-federal-para-estudiantes\/#breadcrumb","itemListElement":[{"@type":"ListItem","position":1,"name":"Portada","item":"https:\/\/accesolatino.org\/"},{"@type":"ListItem","position":2,"name":"Conoce el programa: Ayuda Federal Para Estudiantes"}]},{"@type":"WebSite","@id":"https:\/\/accesolatino.org\/#website","url":"https:\/\/accesolatino.org\/","name":"Acceso Latino | Fundaci\u00f3n Carlos Slim","description":"Fundaci\u00f3n Carlos Slim","publisher":{"@id":"https:\/\/accesolatino.org\/#organization"},"potentialAction":[{"@type":"SearchAction","target":{"@type":"EntryPoint","urlTemplate":"https:\/\/accesolatino.org\/?s={search_term_string}"},"query-input":{"@type":"PropertyValueSpecification","valueRequired":true,"valueName":"search_term_string"}}],"inLanguage":"en-US"},{"@type":"Organization","@id":"https:\/\/accesolatino.org\/#organization","name":"Acceso Latino | Fundaci\u00f3n Carlos Slim","url":"https:\/\/accesolatino.org\/","logo":{"@type":"ImageObject","inLanguage":"en-US","@id":"https:\/\/accesolatino.org\/#\/schema\/logo\/image\/","url":"https:\/\/accesolatino.org\/wp-content\/uploads\/2021\/02\/logo-footer-acceso-latino.png","contentUrl":"https:\/\/accesolatino.org\/wp-content\/uploads\/2021\/02\/logo-footer-acceso-latino.png","width":240,"height":40,"caption":"Acceso Latino | Fundaci\u00f3n Carlos Slim"},"image":{"@id":"https:\/\/accesolatino.org\/#\/schema\/logo\/image\/"},"sameAs":["https:\/\/www.facebook.com\/AccesoLatinoOrg","https:\/\/x.com\/FAccLatino"]}]}},"_links":{"self":[{"href":"https:\/\/accesolatino.org\/en\/wp-json\/wp\/v2\/pages\/19139","targetHints":{"allow":["GET"]}}],"collection":[{"href":"https:\/\/accesolatino.org\/en\/wp-json\/wp\/v2\/pages"}],"about":[{"href":"https:\/\/accesolatino.org\/en\/wp-json\/wp\/v2\/types\/page"}],"author":[{"embeddable":true,"href":"https:\/\/accesolatino.org\/en\/wp-json\/wp\/v2\/users\/7"}],"replies":[{"embeddable":true,"href":"https:\/\/accesolatino.org\/en\/wp-json\/wp\/v2\/comments?post=19139"}],"version-history":[{"count":1,"href":"https:\/\/accesolatino.org\/en\/wp-json\/wp\/v2\/pages\/19139\/revisions"}],"predecessor-version":[{"id":64174,"href":"https:\/\/accesolatino.org\/en\/wp-json\/wp\/v2\/pages\/19139\/revisions\/64174"}],"wp:featuredmedia":[{"embeddable":true,"href":"https:\/\/accesolatino.org\/en\/wp-json\/wp\/v2\/media\/19128"}],"wp:attachment":[{"href":"https:\/\/accesolatino.org\/en\/wp-json\/wp\/v2\/media?parent=19139"}],"curies":[{"name":"wp","href":"https:\/\/api.w.org\/{rel}","templated":true}]}}