{"id":19071,"date":"2019-11-11T15:43:09","date_gmt":"2019-11-11T21:43:09","guid":{"rendered":"https:\/\/accesolatino.org\/?page_id=19071"},"modified":"2025-10-17T13:17:50","modified_gmt":"2025-10-17T19:17:50","slug":"en-connecticut-hay-una-licencia-de-manejo-para-ti-amigo-inmigrante","status":"publish","type":"page","link":"https:\/\/accesolatino.org\/en\/en-connecticut-hay-una-licencia-de-manejo-para-ti-amigo-inmigrante\/","title":{"rendered":"In Connecticut there is a driver's license for you, my immigrant friend."},"content":{"rendered":"<div data-elementor-type=\"wp-post\" data-elementor-id=\"19071\" class=\"elementor elementor-19071\">\n\t\t\t\t\t\t<section class=\"elementor-section elementor-top-section elementor-element elementor-element-5649072 elementor-section-full_width elementor-section-height-min-height elementor-section-items-stretch elementor-section-height-default wpr-particle-no wpr-jarallax-no wpr-parallax-no wpr-sticky-section-no wpr-equal-height-no\" data-id=\"5649072\" data-element_type=\"section\" data-e-type=\"section\" data-settings=\"{&quot;background_background&quot;:&quot;classic&quot;}\">\n\t\t\t\t\t\t<div class=\"elementor-container elementor-column-gap-no\">\n\t\t\t\t\t<div class=\"elementor-column elementor-col-100 elementor-top-column elementor-element elementor-element-e4da6c2\" data-id=\"e4da6c2\" data-element_type=\"column\" data-e-type=\"column\">\n\t\t\t<div class=\"elementor-widget-wrap elementor-element-populated\">\n\t\t\t\t\t\t<div class=\"elementor-element elementor-element-f4a3c28 elementor--h-position-center elementor--v-position-middle elementor-widget elementor-widget-slides\" data-id=\"f4a3c28\" data-element_type=\"widget\" data-e-type=\"widget\" data-settings=\"{&quot;navigation&quot;:&quot;none&quot;,&quot;infinite&quot;:&quot;yes&quot;,&quot;transition&quot;:&quot;slide&quot;,&quot;transition_speed&quot;:500}\" data-widget_type=\"slides.default\">\n\t\t\t\t<div class=\"elementor-widget-container\">\n\t\t\t\t\t\t\t<div class=\"elementor-swiper\">\n\t\t\t<div class=\"elementor-slides-wrapper elementor-main-swiper swiper-container\" dir=\"ltr\" data-animation=\"\">\n\t\t\t\t<div class=\"swiper-wrapper elementor-slides\">\n\t\t\t\t\t\t\t\t\t\t<div class=\"elementor-repeater-item-d983a28 swiper-slide\"><div class=\"swiper-slide-bg\"><\/div><div class=\"swiper-slide-inner\" ><div class=\"swiper-slide-contents\"><div class=\"elementor-slide-heading\">Processing of Licenses<\/div><\/div><\/div><\/div>\t\t\t\t<\/div>\n\t\t\t\t\t\t\t<\/div>\n\t\t<\/div>\n\t\t\t\t\t\t<\/div>\n\t\t\t\t<\/div>\n\t\t\t\t\t<\/div>\n\t\t<\/div>\n\t\t\t\t\t<\/div>\n\t\t<\/section>\n\t\t\t\t<section class=\"elementor-section elementor-top-section elementor-element elementor-element-1dad530 elementor-section-stretched elementor-section-boxed elementor-section-height-default elementor-section-height-default wpr-particle-no wpr-jarallax-no wpr-parallax-no wpr-sticky-section-no wpr-equal-height-no\" data-id=\"1dad530\" data-element_type=\"section\" data-e-type=\"section\" data-settings=\"{&quot;stretch_section&quot;:&quot;section-stretched&quot;,&quot;background_background&quot;:&quot;classic&quot;}\">\n\t\t\t\t\t\t<div class=\"elementor-container elementor-column-gap-default\">\n\t\t\t\t\t<div class=\"elementor-column elementor-col-100 elementor-top-column elementor-element elementor-element-d63ea04\" data-id=\"d63ea04\" data-element_type=\"column\" data-e-type=\"column\">\n\t\t\t<div class=\"elementor-widget-wrap elementor-element-populated\">\n\t\t\t\t\t\t<div class=\"elementor-element elementor-element-11518bb elementor-widget elementor-widget-heading\" data-id=\"11518bb\" data-element_type=\"widget\" data-e-type=\"widget\" data-widget_type=\"heading.default\">\n\t\t\t\t<div class=\"elementor-widget-container\">\n\t\t\t\t\t<h3 class=\"elementor-heading-title elementor-size-default\">In Connecticut there is a driver's license for you, my immigrant friend.<\/h3>\t\t\t\t<\/div>\n\t\t\t\t<\/div>\n\t\t\t\t<div class=\"elementor-element elementor-element-8f6f6a9 elementor-widget elementor-widget-text-editor\" data-id=\"8f6f6a9\" data-element_type=\"widget\" data-e-type=\"widget\" data-widget_type=\"text-editor.default\">\n\t\t\t\t<div class=\"elementor-widget-container\">\n\t\t\t\t\t\t\t\t\t<p>In <strong>Acceso Latino <\/strong>est\u00e1 la secci\u00f3n de <a href=\"https:\/\/accesolatino.org\/en\/licencias\/\"><strong>\u201cLicencias de Manejo\u201d<\/strong><\/a> aqu\u00ed encontrar\u00e1s una gu\u00eda muy completa de como comenzar y realizar el proceso de obtenci\u00f3n de la licencia de manejo, que expide el Departamento de Veh\u00edculos Motorizados de <strong>Connecticut<\/strong><\/p><p>Haz tu cita en l\u00ednea para realizar el examen de la vista y de conducir. En el siguiente enlace puedes hacer tu cita: <a href=\"https:\/\/www.dmvteen.ct.gov\/dmv\/do-it-online\">https:\/\/www.dmvteen.ct.gov\/dmv\/do-it-online<\/a>. Al momento de solicitar la cita por internet, es muy importante que sepas que debes presentar una declaraci\u00f3n donde te comprometes a que tan pronto seas elegible, presentar\u00e1s tu solicitud para legalizar tu estatus migratorio. No te preocupes, el propio sistema te ayudar\u00e1 a realizar este paso.<\/p><p>En Connecticut hay licencias para nuestros paisanos indocumentados, lo \u00fanico que se tiene que hacer es cumplir con los requisitos que piden y pasar el examen escrito y pr\u00e1ctico.<\/p><p>No lo pienses m\u00e1s, re\u00fane la documentaci\u00f3n que solicitan, estudia para la prueba y certifica que resides en Connecticut, haz la cita y ve por tu permiso de conducir.<\/p>\t\t\t\t\t\t\t\t<\/div>\n\t\t\t\t<\/div>\n\t\t\t\t<div class=\"elementor-element elementor-element-f6d8fad elementor-widget elementor-widget-spacer\" data-id=\"f6d8fad\" data-element_type=\"widget\" data-e-type=\"widget\" data-widget_type=\"spacer.default\">\n\t\t\t\t<div class=\"elementor-widget-container\">\n\t\t\t\t\t\t\t<div class=\"elementor-spacer\">\n\t\t\t<div class=\"elementor-spacer-inner\"><\/div>\n\t\t<\/div>\n\t\t\t\t\t\t<\/div>\n\t\t\t\t<\/div>\n\t\t\t\t\t<\/div>\n\t\t<\/div>\n\t\t\t\t\t<\/div>\n\t\t<\/section>\n\t\t\t\t<\/div>","protected":false},"excerpt":{"rendered":"<p>Tr\u00e1mite de Licencias En Connecticut hay una licencia de manejo para ti amigo inmigrante En Acceso Latino est\u00e1 la secci\u00f3n de \u201cLicencias de Manejo\u201d aqu\u00ed encontrar\u00e1s una gu\u00eda muy completa de como comenzar y realizar el proceso de obtenci\u00f3n de la licencia de manejo, que expide el Departamento de Veh\u00edculos Motorizados de Connecticut Haz tu cita en l\u00ednea para realizar el examen de la vista y de conducir. En el siguiente enlace puedes hacer tu cita: https:\/\/www.dmvteen.ct.gov\/dmv\/do-it-online. Al momento de solicitar la cita por internet, es muy importante que sepas que debes presentar una declaraci\u00f3n donde te comprometes a que tan pronto seas elegible, presentar\u00e1s tu solicitud para legalizar tu estatus migratorio. No te preocupes, el propio sistema te ayudar\u00e1 a realizar este paso. En Connecticut hay licencias para nuestros paisanos indocumentados, lo \u00fanico que se tiene que hacer es cumplir con los requisitos que piden y pasar el examen escrito y pr\u00e1ctico. No lo pienses m\u00e1s, re\u00fane la documentaci\u00f3n que solicitan, estudia para la prueba y certifica que resides en Connecticut, haz la cita y ve por tu permiso de conducir.<\/p>","protected":false},"author":9,"featured_media":19064,"parent":0,"menu_order":0,"comment_status":"closed","ping_status":"closed","template":"elementor_header_footer","meta":{"_uf_show_specific_survey":0,"_uf_disable_surveys":false,"footnotes":""},"class_list":["post-19071","page","type-page","status-publish","has-post-thumbnail"],"aioseo_notices":[],"yoast_head":"<!-- This site is optimized with the Yoast SEO plugin v27.5 - https:\/\/yoast.com\/product\/yoast-seo-wordpress\/ -->\n<title>En Connecticut hay una licencia de manejo para ti amigo inmigrante<\/title>\n<meta name=\"description\" content=\"En Connecticut hay una\u00a0licencia\u00a0de manejo para ti amigo inmigrante En Acceso Latino est\u00e1 la secci\u00f3n de \u201cLicencias de Manejo\u201d aqu\u00ed...\" \/>\n<meta name=\"robots\" content=\"index, follow, max-snippet:-1, max-image-preview:large, max-video-preview:-1\" \/>\n<link rel=\"canonical\" href=\"https:\/\/accesolatino.org\/en\/en-connecticut-hay-una-licencia-de-manejo-para-ti-amigo-inmigrante\/\" \/>\n<meta property=\"og:locale\" content=\"en_US\" \/>\n<meta property=\"og:type\" content=\"article\" \/>\n<meta property=\"og:title\" content=\"Acceso Latino | En Connecticut hay una licencia de manejo para ti amigo inmigrante\" \/>\n<meta property=\"og:description\" content=\"Conoce la documentaci\u00f3n requerida para tramitar una licencia en cada uno de los estados de USA\" \/>\n<meta property=\"og:url\" content=\"https:\/\/accesolatino.org\/en\/en-connecticut-hay-una-licencia-de-manejo-para-ti-amigo-inmigrante\/\" \/>\n<meta property=\"og:site_name\" content=\"Acceso Latino\" \/>\n<meta property=\"article:publisher\" content=\"https:\/\/www.facebook.com\/AccesoLatinoOrg\" \/>\n<meta property=\"article:modified_time\" content=\"2025-10-17T19:17:50+00:00\" \/>\n<meta property=\"og:image\" content=\"https:\/\/accesolatino.org\/wp-content\/uploads\/2019\/11\/En-Connecticut-hay-una-licencia-de-manejo-para-ti-amigo-inmigrante.jpg\" \/>\n\t<meta property=\"og:image:width\" content=\"600\" \/>\n\t<meta property=\"og:image:height\" content=\"338\" \/>\n\t<meta property=\"og:image:type\" content=\"image\/jpeg\" \/>\n<meta name=\"twitter:card\" content=\"summary_large_image\" \/>\n<meta name=\"twitter:title\" content=\"Acceso Latino | En Connecticut hay una licencia de manejo para ti amigo inmigrante\" \/>\n<meta name=\"twitter:description\" content=\"Conoce la documentaci\u00f3n requerida para tramitar una licencia en cada uno de los estados de USA\" \/>\n<meta name=\"twitter:image\" content=\"https:\/\/accesolatino.org\/wp-content\/uploads\/2019\/11\/En-Connecticut-hay-una-licencia-de-manejo-para-ti-amigo-inmigrante.jpg\" \/>\n<meta name=\"twitter:site\" content=\"@FAccLatino\" \/>\n<meta name=\"twitter:label1\" content=\"Est. reading time\" \/>\n\t<meta name=\"twitter:data1\" content=\"2 minutes\" \/>\n<script type=\"application\/ld+json\" class=\"yoast-schema-graph\">{\"@context\":\"https:\\\/\\\/schema.org\",\"@graph\":[{\"@type\":\"WebPage\",\"@id\":\"https:\\\/\\\/accesolatino.org\\\/en-connecticut-hay-una-licencia-de-manejo-para-ti-amigo-inmigrante\\\/\",\"url\":\"https:\\\/\\\/accesolatino.org\\\/en-connecticut-hay-una-licencia-de-manejo-para-ti-amigo-inmigrante\\\/\",\"name\":\"En Connecticut hay una licencia de manejo para ti amigo inmigrante\",\"isPartOf\":{\"@id\":\"https:\\\/\\\/accesolatino.org\\\/#website\"},\"primaryImageOfPage\":{\"@id\":\"https:\\\/\\\/accesolatino.org\\\/en-connecticut-hay-una-licencia-de-manejo-para-ti-amigo-inmigrante\\\/#primaryimage\"},\"image\":{\"@id\":\"https:\\\/\\\/accesolatino.org\\\/en-connecticut-hay-una-licencia-de-manejo-para-ti-amigo-inmigrante\\\/#primaryimage\"},\"thumbnailUrl\":\"https:\\\/\\\/accesolatino.org\\\/wp-content\\\/uploads\\\/2019\\\/11\\\/En-Connecticut-hay-una-licencia-de-manejo-para-ti-amigo-inmigrante.jpg\",\"datePublished\":\"2019-11-11T21:43:09+00:00\",\"dateModified\":\"2025-10-17T19:17:50+00:00\",\"description\":\"En Connecticut hay una\u00a0licencia\u00a0de manejo para ti amigo inmigrante En Acceso Latino est\u00e1 la secci\u00f3n de \u201cLicencias de Manejo\u201d aqu\u00ed...\",\"breadcrumb\":{\"@id\":\"https:\\\/\\\/accesolatino.org\\\/en-connecticut-hay-una-licencia-de-manejo-para-ti-amigo-inmigrante\\\/#breadcrumb\"},\"inLanguage\":\"en-US\",\"potentialAction\":[{\"@type\":\"ReadAction\",\"target\":[\"https:\\\/\\\/accesolatino.org\\\/en-connecticut-hay-una-licencia-de-manejo-para-ti-amigo-inmigrante\\\/\"]}]},{\"@type\":\"ImageObject\",\"inLanguage\":\"en-US\",\"@id\":\"https:\\\/\\\/accesolatino.org\\\/en-connecticut-hay-una-licencia-de-manejo-para-ti-amigo-inmigrante\\\/#primaryimage\",\"url\":\"https:\\\/\\\/accesolatino.org\\\/wp-content\\\/uploads\\\/2019\\\/11\\\/En-Connecticut-hay-una-licencia-de-manejo-para-ti-amigo-inmigrante.jpg\",\"contentUrl\":\"https:\\\/\\\/accesolatino.org\\\/wp-content\\\/uploads\\\/2019\\\/11\\\/En-Connecticut-hay-una-licencia-de-manejo-para-ti-amigo-inmigrante.jpg\",\"width\":600,\"height\":338,\"caption\":\"licencia\"},{\"@type\":\"BreadcrumbList\",\"@id\":\"https:\\\/\\\/accesolatino.org\\\/en-connecticut-hay-una-licencia-de-manejo-para-ti-amigo-inmigrante\\\/#breadcrumb\",\"itemListElement\":[{\"@type\":\"ListItem\",\"position\":1,\"name\":\"Portada\",\"item\":\"https:\\\/\\\/accesolatino.org\\\/\"},{\"@type\":\"ListItem\",\"position\":2,\"name\":\"En Connecticut hay una licencia de manejo para ti amigo inmigrante\"}]},{\"@type\":\"WebSite\",\"@id\":\"https:\\\/\\\/accesolatino.org\\\/#website\",\"url\":\"https:\\\/\\\/accesolatino.org\\\/\",\"name\":\"Acceso Latino | Fundaci\u00f3n Carlos Slim\",\"description\":\"Fundaci\u00f3n Carlos Slim\",\"publisher\":{\"@id\":\"https:\\\/\\\/accesolatino.org\\\/#organization\"},\"potentialAction\":[{\"@type\":\"SearchAction\",\"target\":{\"@type\":\"EntryPoint\",\"urlTemplate\":\"https:\\\/\\\/accesolatino.org\\\/?s={search_term_string}\"},\"query-input\":{\"@type\":\"PropertyValueSpecification\",\"valueRequired\":true,\"valueName\":\"search_term_string\"}}],\"inLanguage\":\"en-US\"},{\"@type\":\"Organization\",\"@id\":\"https:\\\/\\\/accesolatino.org\\\/#organization\",\"name\":\"Acceso Latino | Fundaci\u00f3n Carlos Slim\",\"url\":\"https:\\\/\\\/accesolatino.org\\\/\",\"logo\":{\"@type\":\"ImageObject\",\"inLanguage\":\"en-US\",\"@id\":\"https:\\\/\\\/accesolatino.org\\\/#\\\/schema\\\/logo\\\/image\\\/\",\"url\":\"https:\\\/\\\/accesolatino.org\\\/wp-content\\\/uploads\\\/2021\\\/02\\\/logo-footer-acceso-latino.png\",\"contentUrl\":\"https:\\\/\\\/accesolatino.org\\\/wp-content\\\/uploads\\\/2021\\\/02\\\/logo-footer-acceso-latino.png\",\"width\":240,\"height\":40,\"caption\":\"Acceso Latino | Fundaci\u00f3n Carlos Slim\"},\"image\":{\"@id\":\"https:\\\/\\\/accesolatino.org\\\/#\\\/schema\\\/logo\\\/image\\\/\"},\"sameAs\":[\"https:\\\/\\\/www.facebook.com\\\/AccesoLatinoOrg\",\"https:\\\/\\\/x.com\\\/FAccLatino\"]}]}<\/script>\n<!-- \/ Yoast SEO plugin. -->","yoast_head_json":{"title":"In Connecticut there is a driver's license for you, my immigrant friend.","description":"En Connecticut hay una\u00a0licencia\u00a0de manejo para ti amigo inmigrante En Acceso Latino est\u00e1 la secci\u00f3n de \u201cLicencias de Manejo\u201d aqu\u00ed...","robots":{"index":"index","follow":"follow","max-snippet":"max-snippet:-1","max-image-preview":"max-image-preview:large","max-video-preview":"max-video-preview:-1"},"canonical":"https:\/\/accesolatino.org\/en\/en-connecticut-hay-una-licencia-de-manejo-para-ti-amigo-inmigrante\/","og_locale":"en_US","og_type":"article","og_title":"Acceso Latino | En Connecticut hay una licencia de manejo para ti amigo inmigrante","og_description":"Conoce la documentaci\u00f3n requerida para tramitar una licencia en cada uno de los estados de USA","og_url":"https:\/\/accesolatino.org\/en\/en-connecticut-hay-una-licencia-de-manejo-para-ti-amigo-inmigrante\/","og_site_name":"Acceso Latino","article_publisher":"https:\/\/www.facebook.com\/AccesoLatinoOrg","article_modified_time":"2025-10-17T19:17:50+00:00","og_image":[{"width":600,"height":338,"url":"https:\/\/accesolatino.org\/wp-content\/uploads\/2019\/11\/En-Connecticut-hay-una-licencia-de-manejo-para-ti-amigo-inmigrante.jpg","type":"image\/jpeg"}],"twitter_card":"summary_large_image","twitter_title":"Acceso Latino | En Connecticut hay una licencia de manejo para ti amigo inmigrante","twitter_description":"Conoce la documentaci\u00f3n requerida para tramitar una licencia en cada uno de los estados de USA","twitter_image":"https:\/\/accesolatino.org\/wp-content\/uploads\/2019\/11\/En-Connecticut-hay-una-licencia-de-manejo-para-ti-amigo-inmigrante.jpg","twitter_site":"@FAccLatino","twitter_misc":{"Est. reading time":"2 minutes"},"schema":{"@context":"https:\/\/schema.org","@graph":[{"@type":"WebPage","@id":"https:\/\/accesolatino.org\/en-connecticut-hay-una-licencia-de-manejo-para-ti-amigo-inmigrante\/","url":"https:\/\/accesolatino.org\/en-connecticut-hay-una-licencia-de-manejo-para-ti-amigo-inmigrante\/","name":"In Connecticut there is a driver's license for you, my immigrant friend.","isPartOf":{"@id":"https:\/\/accesolatino.org\/#website"},"primaryImageOfPage":{"@id":"https:\/\/accesolatino.org\/en-connecticut-hay-una-licencia-de-manejo-para-ti-amigo-inmigrante\/#primaryimage"},"image":{"@id":"https:\/\/accesolatino.org\/en-connecticut-hay-una-licencia-de-manejo-para-ti-amigo-inmigrante\/#primaryimage"},"thumbnailUrl":"https:\/\/accesolatino.org\/wp-content\/uploads\/2019\/11\/En-Connecticut-hay-una-licencia-de-manejo-para-ti-amigo-inmigrante.jpg","datePublished":"2019-11-11T21:43:09+00:00","dateModified":"2025-10-17T19:17:50+00:00","description":"En Connecticut hay una\u00a0licencia\u00a0de manejo para ti amigo inmigrante En Acceso Latino est\u00e1 la secci\u00f3n de \u201cLicencias de Manejo\u201d aqu\u00ed...","breadcrumb":{"@id":"https:\/\/accesolatino.org\/en-connecticut-hay-una-licencia-de-manejo-para-ti-amigo-inmigrante\/#breadcrumb"},"inLanguage":"en-US","potentialAction":[{"@type":"ReadAction","target":["https:\/\/accesolatino.org\/en-connecticut-hay-una-licencia-de-manejo-para-ti-amigo-inmigrante\/"]}]},{"@type":"ImageObject","inLanguage":"en-US","@id":"https:\/\/accesolatino.org\/en-connecticut-hay-una-licencia-de-manejo-para-ti-amigo-inmigrante\/#primaryimage","url":"https:\/\/accesolatino.org\/wp-content\/uploads\/2019\/11\/En-Connecticut-hay-una-licencia-de-manejo-para-ti-amigo-inmigrante.jpg","contentUrl":"https:\/\/accesolatino.org\/wp-content\/uploads\/2019\/11\/En-Connecticut-hay-una-licencia-de-manejo-para-ti-amigo-inmigrante.jpg","width":600,"height":338,"caption":"licencia"},{"@type":"BreadcrumbList","@id":"https:\/\/accesolatino.org\/en-connecticut-hay-una-licencia-de-manejo-para-ti-amigo-inmigrante\/#breadcrumb","itemListElement":[{"@type":"ListItem","position":1,"name":"Portada","item":"https:\/\/accesolatino.org\/"},{"@type":"ListItem","position":2,"name":"En Connecticut hay una licencia de manejo para ti amigo inmigrante"}]},{"@type":"WebSite","@id":"https:\/\/accesolatino.org\/#website","url":"https:\/\/accesolatino.org\/","name":"Acceso Latino | Fundaci\u00f3n Carlos Slim","description":"Fundaci\u00f3n Carlos Slim","publisher":{"@id":"https:\/\/accesolatino.org\/#organization"},"potentialAction":[{"@type":"SearchAction","target":{"@type":"EntryPoint","urlTemplate":"https:\/\/accesolatino.org\/?s={search_term_string}"},"query-input":{"@type":"PropertyValueSpecification","valueRequired":true,"valueName":"search_term_string"}}],"inLanguage":"en-US"},{"@type":"Organization","@id":"https:\/\/accesolatino.org\/#organization","name":"Acceso Latino | Fundaci\u00f3n Carlos Slim","url":"https:\/\/accesolatino.org\/","logo":{"@type":"ImageObject","inLanguage":"en-US","@id":"https:\/\/accesolatino.org\/#\/schema\/logo\/image\/","url":"https:\/\/accesolatino.org\/wp-content\/uploads\/2021\/02\/logo-footer-acceso-latino.png","contentUrl":"https:\/\/accesolatino.org\/wp-content\/uploads\/2021\/02\/logo-footer-acceso-latino.png","width":240,"height":40,"caption":"Acceso Latino | Fundaci\u00f3n Carlos Slim"},"image":{"@id":"https:\/\/accesolatino.org\/#\/schema\/logo\/image\/"},"sameAs":["https:\/\/www.facebook.com\/AccesoLatinoOrg","https:\/\/x.com\/FAccLatino"]}]}},"_links":{"self":[{"href":"https:\/\/accesolatino.org\/en\/wp-json\/wp\/v2\/pages\/19071","targetHints":{"allow":["GET"]}}],"collection":[{"href":"https:\/\/accesolatino.org\/en\/wp-json\/wp\/v2\/pages"}],"about":[{"href":"https:\/\/accesolatino.org\/en\/wp-json\/wp\/v2\/types\/page"}],"author":[{"embeddable":true,"href":"https:\/\/accesolatino.org\/en\/wp-json\/wp\/v2\/users\/9"}],"replies":[{"embeddable":true,"href":"https:\/\/accesolatino.org\/en\/wp-json\/wp\/v2\/comments?post=19071"}],"version-history":[{"count":1,"href":"https:\/\/accesolatino.org\/en\/wp-json\/wp\/v2\/pages\/19071\/revisions"}],"predecessor-version":[{"id":64203,"href":"https:\/\/accesolatino.org\/en\/wp-json\/wp\/v2\/pages\/19071\/revisions\/64203"}],"wp:featuredmedia":[{"embeddable":true,"href":"https:\/\/accesolatino.org\/en\/wp-json\/wp\/v2\/media\/19064"}],"wp:attachment":[{"href":"https:\/\/accesolatino.org\/en\/wp-json\/wp\/v2\/media?parent=19071"}],"curies":[{"name":"wp","href":"https:\/\/api.w.org\/{rel}","templated":true}]}}