{"id":18988,"date":"2019-11-01T12:05:15","date_gmt":"2019-11-01T18:05:15","guid":{"rendered":"https:\/\/accesolatino.org\/?page_id=18988"},"modified":"2025-10-10T13:16:37","modified_gmt":"2025-10-10T19:16:37","slug":"el-programa-housing-choice-voucher-te-ayuda-comprar-una-casa","status":"publish","type":"page","link":"https:\/\/accesolatino.org\/en\/apoyos-sociales\/el-programa-housing-choice-voucher-te-ayuda-comprar-una-casa\/","title":{"rendered":"Housing Choice Voucher te ayuda comprar una casa"},"content":{"rendered":"<div data-elementor-type=\"wp-post\" data-elementor-id=\"18988\" class=\"elementor elementor-18988\">\n\t\t\t\t\t\t<section class=\"elementor-section elementor-top-section elementor-element elementor-element-f893824 elementor-section-full_width elementor-section-height-min-height elementor-section-items-stretch elementor-section-height-default wpr-particle-no wpr-jarallax-no wpr-parallax-no wpr-sticky-section-no wpr-equal-height-no\" data-id=\"f893824\" data-element_type=\"section\" data-e-type=\"section\" data-settings=\"{&quot;background_background&quot;:&quot;classic&quot;}\">\n\t\t\t\t\t\t<div class=\"elementor-container elementor-column-gap-no\">\n\t\t\t\t\t<div class=\"elementor-column elementor-col-100 elementor-top-column elementor-element elementor-element-c80d768\" data-id=\"c80d768\" data-element_type=\"column\" data-e-type=\"column\">\n\t\t\t<div class=\"elementor-widget-wrap elementor-element-populated\">\n\t\t\t\t\t\t<div class=\"elementor-element elementor-element-cd61e1f elementor--h-position-center elementor--v-position-middle elementor-widget elementor-widget-slides\" data-id=\"cd61e1f\" data-element_type=\"widget\" data-e-type=\"widget\" data-settings=\"{&quot;navigation&quot;:&quot;none&quot;,&quot;infinite&quot;:&quot;yes&quot;,&quot;transition&quot;:&quot;slide&quot;,&quot;transition_speed&quot;:500}\" data-widget_type=\"slides.default\">\n\t\t\t\t<div class=\"elementor-widget-container\">\n\t\t\t\t\t\t\t<div class=\"elementor-swiper\">\n\t\t\t<div class=\"elementor-slides-wrapper elementor-main-swiper swiper-container\" dir=\"ltr\" data-animation=\"\">\n\t\t\t\t<div class=\"swiper-wrapper elementor-slides\">\n\t\t\t\t\t\t\t\t\t\t<div class=\"elementor-repeater-item-d983a28 swiper-slide\"><div class=\"swiper-slide-bg\"><\/div><div class=\"swiper-slide-inner\" ><div class=\"swiper-slide-contents\"><div class=\"elementor-slide-heading\">Social Supports<\/div><\/div><\/div><\/div>\t\t\t\t<\/div>\n\t\t\t\t\t\t\t<\/div>\n\t\t<\/div>\n\t\t\t\t\t\t<\/div>\n\t\t\t\t<\/div>\n\t\t\t\t\t<\/div>\n\t\t<\/div>\n\t\t\t\t\t<\/div>\n\t\t<\/section>\n\t\t\t\t<section class=\"elementor-section elementor-top-section elementor-element elementor-element-5b44323 elementor-section-stretched elementor-section-boxed elementor-section-height-default elementor-section-height-default wpr-particle-no wpr-jarallax-no wpr-parallax-no wpr-sticky-section-no wpr-equal-height-no\" data-id=\"5b44323\" data-element_type=\"section\" data-e-type=\"section\" data-settings=\"{&quot;stretch_section&quot;:&quot;section-stretched&quot;,&quot;background_background&quot;:&quot;classic&quot;}\">\n\t\t\t\t\t\t<div class=\"elementor-container elementor-column-gap-default\">\n\t\t\t\t\t<div class=\"elementor-column elementor-col-100 elementor-top-column elementor-element elementor-element-c711cff\" data-id=\"c711cff\" data-element_type=\"column\" data-e-type=\"column\">\n\t\t\t<div class=\"elementor-widget-wrap elementor-element-populated\">\n\t\t\t\t\t\t<div class=\"elementor-element elementor-element-554b719 elementor-widget elementor-widget-heading\" data-id=\"554b719\" data-element_type=\"widget\" data-e-type=\"widget\" data-widget_type=\"heading.default\">\n\t\t\t\t<div class=\"elementor-widget-container\">\n\t\t\t\t\t<h3 class=\"elementor-heading-title elementor-size-default\">Housing Choice Voucher program helps you buy a home<\/h3>\t\t\t\t<\/div>\n\t\t\t\t<\/div>\n\t\t\t\t<div class=\"elementor-element elementor-element-b4873c4 elementor-widget elementor-widget-text-editor\" data-id=\"b4873c4\" data-element_type=\"widget\" data-e-type=\"widget\" data-widget_type=\"text-editor.default\">\n\t\t\t\t<div class=\"elementor-widget-container\">\n\t\t\t\t\t\t\t\t\t<p>In <strong>Acceso Latino<\/strong> contamos con informaci\u00f3n e instrumentos en l\u00ednea completamente gratis. En nuestra secci\u00f3n <a href=\"https:\/\/accesolatino.org\/en\/apoyos-sociales\/\"><strong>\u201cApoyos Sociales\u201d<\/strong><\/a> hallar\u00e1s el programa principal del gobierno norteamericano para apoyar a las familias limitadas econ\u00f3micamente, personas de edad avanzada y con alg\u00fan tipo de discapacidad para tener una vivienda digna.<\/p><p><em>Section 8 Housing Choice Boucher (<\/em>HCV) apoya a los inmigrantes que viven reglamentariamente en la Uni\u00f3n Americana y no cuentan con un sueldo que les d\u00e9 la oportunidad de comprar o rentar una casa o departamento.<\/p><p>Section 8 hace referencia a la secci\u00f3n 8 de la Ley de Vivienda 1937, que proporciona un soporte econ\u00f3mico para poder tener acceso una vivienda con el apoyo del gobierno.<\/p><p>El programa hace un estudio socioecon\u00f3mico y en caso de ser elegido, podr\u00e1s acceder a los \u201cvales de elecci\u00f3n de vivienda\u201d que funcionan casi igual que los de asistencia alimenticia, son papeles que fungen como dinero, que el gobierno suministra para auxiliar a las familias y a las personas de bajos recursos, o de la tercera edad y que buscan mejorar su vida.<\/p><p>Los vales de elecci\u00f3n de vivienda son gestionados por las Agencias de Vivienda P\u00fablica (PHA, por sus siglas en ingl\u00e9s). Cuando al interesado se le concede est\u00e1 ayuda, eligen la residencia y el propietario del propiedad esta dispuesto aceptar el pago de esta forma, la PHA pagar\u00e1 una parte de la vivienda directamente al due\u00f1o.<\/p><p>Aqu\u00ed te dejamos un link con informaci\u00f3n a detalle de c\u00f3mo pedir esta ayuda:<\/p><p><a href=\"https:\/\/es.wikihow.com\/solicitar-vivienda-en-Secci%C3%B3n-8\">https:\/\/es.wikihow.com\/solicitar-vivienda-en-Secci%C3%B3n-8<\/a><\/p><p>Acceso Latino, tu primera ventana de consulta migratoria en espa\u00f1ol e ingl\u00e9s.<\/p>\t\t\t\t\t\t\t\t<\/div>\n\t\t\t\t<\/div>\n\t\t\t\t<div class=\"elementor-element elementor-element-90add6e elementor-widget elementor-widget-spacer\" data-id=\"90add6e\" data-element_type=\"widget\" data-e-type=\"widget\" data-widget_type=\"spacer.default\">\n\t\t\t\t<div class=\"elementor-widget-container\">\n\t\t\t\t\t\t\t<div class=\"elementor-spacer\">\n\t\t\t<div class=\"elementor-spacer-inner\"><\/div>\n\t\t<\/div>\n\t\t\t\t\t\t<\/div>\n\t\t\t\t<\/div>\n\t\t\t\t\t<\/div>\n\t\t<\/div>\n\t\t\t\t\t<\/div>\n\t\t<\/section>\n\t\t\t\t<\/div>","protected":false},"excerpt":{"rendered":"<p>Apoyos Sociales El programa Housing Choice Voucher te ayuda comprar una casa En Acceso Latino contamos con informaci\u00f3n e instrumentos en l\u00ednea completamente gratis. En nuestra secci\u00f3n \u201cApoyos Sociales\u201d hallar\u00e1s el programa principal del gobierno norteamericano para apoyar a las familias limitadas econ\u00f3micamente, personas de edad avanzada y con alg\u00fan tipo de discapacidad para tener una vivienda digna. Section 8 Housing Choice Boucher (HCV) apoya a los inmigrantes que viven reglamentariamente en la Uni\u00f3n Americana y no cuentan con un sueldo que les d\u00e9 la oportunidad de comprar o rentar una casa o departamento. Section 8 hace referencia a la secci\u00f3n 8 de la Ley de Vivienda 1937, que proporciona un soporte econ\u00f3mico para poder tener acceso una vivienda con el apoyo del gobierno. El programa hace un estudio socioecon\u00f3mico y en caso de ser elegido, podr\u00e1s acceder a los \u201cvales de elecci\u00f3n de vivienda\u201d que funcionan casi igual que los de asistencia alimenticia, son papeles que fungen como dinero, que el gobierno suministra para auxiliar a las familias y a las personas de bajos recursos, o de la tercera edad y que buscan mejorar su vida. Los vales de elecci\u00f3n de vivienda son gestionados por las Agencias de Vivienda P\u00fablica (PHA, por sus siglas en ingl\u00e9s). Cuando al interesado se le concede est\u00e1 ayuda, eligen la residencia y el propietario del propiedad esta dispuesto aceptar el pago de esta forma, la PHA pagar\u00e1 una parte de la vivienda directamente al due\u00f1o. Aqu\u00ed te dejamos un link con informaci\u00f3n a detalle de c\u00f3mo pedir esta ayuda: https:\/\/es.wikihow.com\/solicitar-vivienda-en-Secci%C3%B3n-8 Acceso Latino, tu primera ventana de consulta migratoria en espa\u00f1ol e ingl\u00e9s.<\/p>","protected":false},"author":6,"featured_media":18983,"parent":1435,"menu_order":0,"comment_status":"closed","ping_status":"closed","template":"elementor_header_footer","meta":{"_uf_show_specific_survey":0,"_uf_disable_surveys":false,"footnotes":""},"class_list":["post-18988","page","type-page","status-publish","has-post-thumbnail"],"aioseo_notices":[],"yoast_head":"<!-- This site is optimized with the Yoast SEO plugin v27.5 - https:\/\/yoast.com\/product\/yoast-seo-wordpress\/ -->\n<title>Housing Choice Voucher te ayuda comprar una casa<\/title>\n<meta name=\"description\" content=\"Conoce las diferentes formas en las que los migrantes se pueden ver beneficiados en Estados Unidos - Acceso Latino\" \/>\n<meta name=\"robots\" content=\"index, follow, max-snippet:-1, max-image-preview:large, max-video-preview:-1\" \/>\n<link rel=\"canonical\" href=\"https:\/\/accesolatino.org\/en\/apoyos-sociales\/el-programa-housing-choice-voucher-te-ayuda-comprar-una-casa\/\" \/>\n<meta property=\"og:locale\" content=\"en_US\" \/>\n<meta property=\"og:type\" content=\"article\" \/>\n<meta property=\"og:title\" content=\"Acceso Latino | Housing Choice Voucher te ayuda comprar una casa\" \/>\n<meta property=\"og:description\" content=\"Conoce las diferentes formas en las que los migrantes se pueden ver beneficiados en USA\" \/>\n<meta property=\"og:url\" content=\"https:\/\/accesolatino.org\/en\/apoyos-sociales\/el-programa-housing-choice-voucher-te-ayuda-comprar-una-casa\/\" \/>\n<meta property=\"og:site_name\" content=\"Acceso Latino\" \/>\n<meta property=\"article:publisher\" content=\"https:\/\/www.facebook.com\/AccesoLatinoOrg\" \/>\n<meta property=\"article:modified_time\" content=\"2025-10-10T19:16:37+00:00\" \/>\n<meta property=\"og:image\" content=\"https:\/\/accesolatino.org\/wp-content\/uploads\/2019\/11\/El-programa-Housing-Choice-Voucher-te-ayuda-comprar-una-casa.jpg\" \/>\n\t<meta property=\"og:image:width\" content=\"600\" \/>\n\t<meta property=\"og:image:height\" content=\"338\" \/>\n\t<meta property=\"og:image:type\" content=\"image\/jpeg\" \/>\n<meta name=\"twitter:card\" content=\"summary_large_image\" \/>\n<meta name=\"twitter:title\" content=\"Acceso Latino | Housing Choice Voucher te ayuda comprar una casa\" \/>\n<meta name=\"twitter:description\" content=\"Conoce las diferentes formas en las que los migrantes se pueden ver beneficiados en USA\" \/>\n<meta name=\"twitter:image\" content=\"https:\/\/accesolatino.org\/wp-content\/uploads\/2019\/11\/El-programa-Housing-Choice-Voucher-te-ayuda-comprar-una-casa.jpg\" \/>\n<meta name=\"twitter:site\" content=\"@FAccLatino\" \/>\n<meta name=\"twitter:label1\" content=\"Est. reading time\" \/>\n\t<meta name=\"twitter:data1\" content=\"2 minutes\" \/>\n<script type=\"application\/ld+json\" class=\"yoast-schema-graph\">{\"@context\":\"https:\\\/\\\/schema.org\",\"@graph\":[{\"@type\":\"WebPage\",\"@id\":\"https:\\\/\\\/accesolatino.org\\\/apoyos-sociales\\\/el-programa-housing-choice-voucher-te-ayuda-comprar-una-casa\\\/\",\"url\":\"https:\\\/\\\/accesolatino.org\\\/apoyos-sociales\\\/el-programa-housing-choice-voucher-te-ayuda-comprar-una-casa\\\/\",\"name\":\"Housing Choice Voucher te ayuda comprar una casa\",\"isPartOf\":{\"@id\":\"https:\\\/\\\/accesolatino.org\\\/#website\"},\"primaryImageOfPage\":{\"@id\":\"https:\\\/\\\/accesolatino.org\\\/apoyos-sociales\\\/el-programa-housing-choice-voucher-te-ayuda-comprar-una-casa\\\/#primaryimage\"},\"image\":{\"@id\":\"https:\\\/\\\/accesolatino.org\\\/apoyos-sociales\\\/el-programa-housing-choice-voucher-te-ayuda-comprar-una-casa\\\/#primaryimage\"},\"thumbnailUrl\":\"https:\\\/\\\/accesolatino.org\\\/wp-content\\\/uploads\\\/2019\\\/11\\\/El-programa-Housing-Choice-Voucher-te-ayuda-comprar-una-casa.jpg\",\"datePublished\":\"2019-11-01T18:05:15+00:00\",\"dateModified\":\"2025-10-10T19:16:37+00:00\",\"description\":\"Conoce las diferentes formas en las que los migrantes se pueden ver beneficiados en Estados Unidos - Acceso Latino\",\"breadcrumb\":{\"@id\":\"https:\\\/\\\/accesolatino.org\\\/apoyos-sociales\\\/el-programa-housing-choice-voucher-te-ayuda-comprar-una-casa\\\/#breadcrumb\"},\"inLanguage\":\"en-US\",\"potentialAction\":[{\"@type\":\"ReadAction\",\"target\":[\"https:\\\/\\\/accesolatino.org\\\/apoyos-sociales\\\/el-programa-housing-choice-voucher-te-ayuda-comprar-una-casa\\\/\"]}]},{\"@type\":\"ImageObject\",\"inLanguage\":\"en-US\",\"@id\":\"https:\\\/\\\/accesolatino.org\\\/apoyos-sociales\\\/el-programa-housing-choice-voucher-te-ayuda-comprar-una-casa\\\/#primaryimage\",\"url\":\"https:\\\/\\\/accesolatino.org\\\/wp-content\\\/uploads\\\/2019\\\/11\\\/El-programa-Housing-Choice-Voucher-te-ayuda-comprar-una-casa.jpg\",\"contentUrl\":\"https:\\\/\\\/accesolatino.org\\\/wp-content\\\/uploads\\\/2019\\\/11\\\/El-programa-Housing-Choice-Voucher-te-ayuda-comprar-una-casa.jpg\",\"width\":600,\"height\":338,\"caption\":\"Housing Choice Voucher\"},{\"@type\":\"BreadcrumbList\",\"@id\":\"https:\\\/\\\/accesolatino.org\\\/apoyos-sociales\\\/el-programa-housing-choice-voucher-te-ayuda-comprar-una-casa\\\/#breadcrumb\",\"itemListElement\":[{\"@type\":\"ListItem\",\"position\":1,\"name\":\"Portada\",\"item\":\"https:\\\/\\\/accesolatino.org\\\/\"},{\"@type\":\"ListItem\",\"position\":2,\"name\":\"Apoyos Sociales\",\"item\":\"https:\\\/\\\/accesolatino.org\\\/en\\\/apoyos-sociales\\\/\"},{\"@type\":\"ListItem\",\"position\":3,\"name\":\"Housing Choice Voucher te ayuda comprar una casa\"}]},{\"@type\":\"WebSite\",\"@id\":\"https:\\\/\\\/accesolatino.org\\\/#website\",\"url\":\"https:\\\/\\\/accesolatino.org\\\/\",\"name\":\"Acceso Latino | Fundaci\u00f3n Carlos Slim\",\"description\":\"Fundaci\u00f3n Carlos Slim\",\"publisher\":{\"@id\":\"https:\\\/\\\/accesolatino.org\\\/#organization\"},\"potentialAction\":[{\"@type\":\"SearchAction\",\"target\":{\"@type\":\"EntryPoint\",\"urlTemplate\":\"https:\\\/\\\/accesolatino.org\\\/?s={search_term_string}\"},\"query-input\":{\"@type\":\"PropertyValueSpecification\",\"valueRequired\":true,\"valueName\":\"search_term_string\"}}],\"inLanguage\":\"en-US\"},{\"@type\":\"Organization\",\"@id\":\"https:\\\/\\\/accesolatino.org\\\/#organization\",\"name\":\"Acceso Latino | Fundaci\u00f3n Carlos Slim\",\"url\":\"https:\\\/\\\/accesolatino.org\\\/\",\"logo\":{\"@type\":\"ImageObject\",\"inLanguage\":\"en-US\",\"@id\":\"https:\\\/\\\/accesolatino.org\\\/#\\\/schema\\\/logo\\\/image\\\/\",\"url\":\"https:\\\/\\\/accesolatino.org\\\/wp-content\\\/uploads\\\/2021\\\/02\\\/logo-footer-acceso-latino.png\",\"contentUrl\":\"https:\\\/\\\/accesolatino.org\\\/wp-content\\\/uploads\\\/2021\\\/02\\\/logo-footer-acceso-latino.png\",\"width\":240,\"height\":40,\"caption\":\"Acceso Latino | Fundaci\u00f3n Carlos Slim\"},\"image\":{\"@id\":\"https:\\\/\\\/accesolatino.org\\\/#\\\/schema\\\/logo\\\/image\\\/\"},\"sameAs\":[\"https:\\\/\\\/www.facebook.com\\\/AccesoLatinoOrg\",\"https:\\\/\\\/x.com\\\/FAccLatino\"]}]}<\/script>\n<!-- \/ Yoast SEO plugin. -->","yoast_head_json":{"title":"Housing Choice Voucher te ayuda comprar una casa","description":"Conoce las diferentes formas en las que los migrantes se pueden ver beneficiados en Estados Unidos - Acceso Latino","robots":{"index":"index","follow":"follow","max-snippet":"max-snippet:-1","max-image-preview":"max-image-preview:large","max-video-preview":"max-video-preview:-1"},"canonical":"https:\/\/accesolatino.org\/en\/apoyos-sociales\/el-programa-housing-choice-voucher-te-ayuda-comprar-una-casa\/","og_locale":"en_US","og_type":"article","og_title":"Acceso Latino | Housing Choice Voucher te ayuda comprar una casa","og_description":"Conoce las diferentes formas en las que los migrantes se pueden ver beneficiados en USA","og_url":"https:\/\/accesolatino.org\/en\/apoyos-sociales\/el-programa-housing-choice-voucher-te-ayuda-comprar-una-casa\/","og_site_name":"Acceso Latino","article_publisher":"https:\/\/www.facebook.com\/AccesoLatinoOrg","article_modified_time":"2025-10-10T19:16:37+00:00","og_image":[{"width":600,"height":338,"url":"https:\/\/accesolatino.org\/wp-content\/uploads\/2019\/11\/El-programa-Housing-Choice-Voucher-te-ayuda-comprar-una-casa.jpg","type":"image\/jpeg"}],"twitter_card":"summary_large_image","twitter_title":"Acceso Latino | Housing Choice Voucher te ayuda comprar una casa","twitter_description":"Conoce las diferentes formas en las que los migrantes se pueden ver beneficiados en USA","twitter_image":"https:\/\/accesolatino.org\/wp-content\/uploads\/2019\/11\/El-programa-Housing-Choice-Voucher-te-ayuda-comprar-una-casa.jpg","twitter_site":"@FAccLatino","twitter_misc":{"Est. reading time":"2 minutes"},"schema":{"@context":"https:\/\/schema.org","@graph":[{"@type":"WebPage","@id":"https:\/\/accesolatino.org\/apoyos-sociales\/el-programa-housing-choice-voucher-te-ayuda-comprar-una-casa\/","url":"https:\/\/accesolatino.org\/apoyos-sociales\/el-programa-housing-choice-voucher-te-ayuda-comprar-una-casa\/","name":"Housing Choice Voucher te ayuda comprar una casa","isPartOf":{"@id":"https:\/\/accesolatino.org\/#website"},"primaryImageOfPage":{"@id":"https:\/\/accesolatino.org\/apoyos-sociales\/el-programa-housing-choice-voucher-te-ayuda-comprar-una-casa\/#primaryimage"},"image":{"@id":"https:\/\/accesolatino.org\/apoyos-sociales\/el-programa-housing-choice-voucher-te-ayuda-comprar-una-casa\/#primaryimage"},"thumbnailUrl":"https:\/\/accesolatino.org\/wp-content\/uploads\/2019\/11\/El-programa-Housing-Choice-Voucher-te-ayuda-comprar-una-casa.jpg","datePublished":"2019-11-01T18:05:15+00:00","dateModified":"2025-10-10T19:16:37+00:00","description":"Conoce las diferentes formas en las que los migrantes se pueden ver beneficiados en Estados Unidos - Acceso Latino","breadcrumb":{"@id":"https:\/\/accesolatino.org\/apoyos-sociales\/el-programa-housing-choice-voucher-te-ayuda-comprar-una-casa\/#breadcrumb"},"inLanguage":"en-US","potentialAction":[{"@type":"ReadAction","target":["https:\/\/accesolatino.org\/apoyos-sociales\/el-programa-housing-choice-voucher-te-ayuda-comprar-una-casa\/"]}]},{"@type":"ImageObject","inLanguage":"en-US","@id":"https:\/\/accesolatino.org\/apoyos-sociales\/el-programa-housing-choice-voucher-te-ayuda-comprar-una-casa\/#primaryimage","url":"https:\/\/accesolatino.org\/wp-content\/uploads\/2019\/11\/El-programa-Housing-Choice-Voucher-te-ayuda-comprar-una-casa.jpg","contentUrl":"https:\/\/accesolatino.org\/wp-content\/uploads\/2019\/11\/El-programa-Housing-Choice-Voucher-te-ayuda-comprar-una-casa.jpg","width":600,"height":338,"caption":"Housing Choice Voucher"},{"@type":"BreadcrumbList","@id":"https:\/\/accesolatino.org\/apoyos-sociales\/el-programa-housing-choice-voucher-te-ayuda-comprar-una-casa\/#breadcrumb","itemListElement":[{"@type":"ListItem","position":1,"name":"Portada","item":"https:\/\/accesolatino.org\/"},{"@type":"ListItem","position":2,"name":"Apoyos Sociales","item":"https:\/\/accesolatino.org\/en\/apoyos-sociales\/"},{"@type":"ListItem","position":3,"name":"Housing Choice Voucher te ayuda comprar una casa"}]},{"@type":"WebSite","@id":"https:\/\/accesolatino.org\/#website","url":"https:\/\/accesolatino.org\/","name":"Acceso Latino | Fundaci\u00f3n Carlos Slim","description":"Fundaci\u00f3n Carlos Slim","publisher":{"@id":"https:\/\/accesolatino.org\/#organization"},"potentialAction":[{"@type":"SearchAction","target":{"@type":"EntryPoint","urlTemplate":"https:\/\/accesolatino.org\/?s={search_term_string}"},"query-input":{"@type":"PropertyValueSpecification","valueRequired":true,"valueName":"search_term_string"}}],"inLanguage":"en-US"},{"@type":"Organization","@id":"https:\/\/accesolatino.org\/#organization","name":"Acceso Latino | Fundaci\u00f3n Carlos Slim","url":"https:\/\/accesolatino.org\/","logo":{"@type":"ImageObject","inLanguage":"en-US","@id":"https:\/\/accesolatino.org\/#\/schema\/logo\/image\/","url":"https:\/\/accesolatino.org\/wp-content\/uploads\/2021\/02\/logo-footer-acceso-latino.png","contentUrl":"https:\/\/accesolatino.org\/wp-content\/uploads\/2021\/02\/logo-footer-acceso-latino.png","width":240,"height":40,"caption":"Acceso Latino | Fundaci\u00f3n Carlos Slim"},"image":{"@id":"https:\/\/accesolatino.org\/#\/schema\/logo\/image\/"},"sameAs":["https:\/\/www.facebook.com\/AccesoLatinoOrg","https:\/\/x.com\/FAccLatino"]}]}},"_links":{"self":[{"href":"https:\/\/accesolatino.org\/en\/wp-json\/wp\/v2\/pages\/18988","targetHints":{"allow":["GET"]}}],"collection":[{"href":"https:\/\/accesolatino.org\/en\/wp-json\/wp\/v2\/pages"}],"about":[{"href":"https:\/\/accesolatino.org\/en\/wp-json\/wp\/v2\/types\/page"}],"author":[{"embeddable":true,"href":"https:\/\/accesolatino.org\/en\/wp-json\/wp\/v2\/users\/6"}],"replies":[{"embeddable":true,"href":"https:\/\/accesolatino.org\/en\/wp-json\/wp\/v2\/comments?post=18988"}],"version-history":[{"count":1,"href":"https:\/\/accesolatino.org\/en\/wp-json\/wp\/v2\/pages\/18988\/revisions"}],"predecessor-version":[{"id":63872,"href":"https:\/\/accesolatino.org\/en\/wp-json\/wp\/v2\/pages\/18988\/revisions\/63872"}],"up":[{"embeddable":true,"href":"https:\/\/accesolatino.org\/en\/wp-json\/wp\/v2\/pages\/1435"}],"wp:featuredmedia":[{"embeddable":true,"href":"https:\/\/accesolatino.org\/en\/wp-json\/wp\/v2\/media\/18983"}],"wp:attachment":[{"href":"https:\/\/accesolatino.org\/en\/wp-json\/wp\/v2\/media?parent=18988"}],"curies":[{"name":"wp","href":"https:\/\/api.w.org\/{rel}","templated":true}]}}