{"id":18891,"date":"2019-10-18T07:00:20","date_gmt":"2019-10-18T12:00:20","guid":{"rendered":"https:\/\/accesolatino.org\/?page_id=18891"},"modified":"2025-10-16T14:01:55","modified_gmt":"2025-10-16T20:01:55","slug":"aprende-ingles-facil-y-gratis-con-nuestros-cursos-en-linea","status":"publish","type":"page","link":"https:\/\/accesolatino.org\/en\/aprende-ingles-facil-y-gratis-con-nuestros-cursos-en-linea\/","title":{"rendered":"Aprende ingl\u00e9s f\u00e1cil y gratis con nuestros cursos en l\u00ednea"},"content":{"rendered":"<div data-elementor-type=\"wp-post\" data-elementor-id=\"18891\" class=\"elementor elementor-18891\">\n\t\t\t\t\t\t<section class=\"elementor-section elementor-top-section elementor-element elementor-element-7947f10 elementor-section-full_width elementor-section-height-min-height elementor-section-items-stretch elementor-section-height-default wpr-particle-no wpr-jarallax-no wpr-parallax-no wpr-sticky-section-no wpr-equal-height-no\" data-id=\"7947f10\" data-element_type=\"section\" data-e-type=\"section\" data-settings=\"{&quot;background_background&quot;:&quot;classic&quot;}\">\n\t\t\t\t\t\t<div class=\"elementor-container elementor-column-gap-no\">\n\t\t\t\t\t<div class=\"elementor-column elementor-col-100 elementor-top-column elementor-element elementor-element-ea06081\" data-id=\"ea06081\" data-element_type=\"column\" data-e-type=\"column\">\n\t\t\t<div class=\"elementor-widget-wrap elementor-element-populated\">\n\t\t\t\t\t\t<div class=\"elementor-element elementor-element-553cdb8 elementor--h-position-center elementor--v-position-middle elementor-widget elementor-widget-slides\" data-id=\"553cdb8\" data-element_type=\"widget\" data-e-type=\"widget\" data-settings=\"{&quot;navigation&quot;:&quot;none&quot;,&quot;infinite&quot;:&quot;yes&quot;,&quot;transition&quot;:&quot;slide&quot;,&quot;transition_speed&quot;:500}\" data-widget_type=\"slides.default\">\n\t\t\t\t<div class=\"elementor-widget-container\">\n\t\t\t\t\t\t\t<div class=\"elementor-swiper\">\n\t\t\t<div class=\"elementor-slides-wrapper elementor-main-swiper swiper-container\" dir=\"ltr\" data-animation=\"\">\n\t\t\t\t<div class=\"swiper-wrapper elementor-slides\">\n\t\t\t\t\t\t\t\t\t\t<div class=\"elementor-repeater-item-d983a28 swiper-slide\"><div class=\"swiper-slide-bg\"><\/div><div class=\"swiper-slide-inner\" ><div class=\"swiper-slide-contents\"><div class=\"elementor-slide-heading\">Education<\/div><\/div><\/div><\/div>\t\t\t\t<\/div>\n\t\t\t\t\t\t\t<\/div>\n\t\t<\/div>\n\t\t\t\t\t\t<\/div>\n\t\t\t\t<\/div>\n\t\t\t\t\t<\/div>\n\t\t<\/div>\n\t\t\t\t\t<\/div>\n\t\t<\/section>\n\t\t\t\t<section class=\"elementor-section elementor-top-section elementor-element elementor-element-94c6ad1 elementor-section-stretched elementor-section-boxed elementor-section-height-default elementor-section-height-default wpr-particle-no wpr-jarallax-no wpr-parallax-no wpr-sticky-section-no wpr-equal-height-no\" data-id=\"94c6ad1\" data-element_type=\"section\" data-e-type=\"section\" data-settings=\"{&quot;stretch_section&quot;:&quot;section-stretched&quot;,&quot;background_background&quot;:&quot;classic&quot;}\">\n\t\t\t\t\t\t<div class=\"elementor-container elementor-column-gap-default\">\n\t\t\t\t\t<div class=\"elementor-column elementor-col-100 elementor-top-column elementor-element elementor-element-64eb536\" data-id=\"64eb536\" data-element_type=\"column\" data-e-type=\"column\">\n\t\t\t<div class=\"elementor-widget-wrap elementor-element-populated\">\n\t\t\t\t\t\t<div class=\"elementor-element elementor-element-e195262 elementor-widget elementor-widget-heading\" data-id=\"e195262\" data-element_type=\"widget\" data-e-type=\"widget\" data-widget_type=\"heading.default\">\n\t\t\t\t<div class=\"elementor-widget-container\">\n\t\t\t\t\t<h3 class=\"elementor-heading-title elementor-size-default\">Aprende ingl\u00e9s f\u00e1cil y gratis con nuestros cursos en l\u00ednea<\/h3>\t\t\t\t<\/div>\n\t\t\t\t<\/div>\n\t\t\t\t<div class=\"elementor-element elementor-element-2ae92d5 elementor-widget elementor-widget-text-editor\" data-id=\"2ae92d5\" data-element_type=\"widget\" data-e-type=\"widget\" data-widget_type=\"text-editor.default\">\n\t\t\t\t<div class=\"elementor-widget-container\">\n\t\t\t\t\t\t\t\t\t<p>Las herramientas educativas en l\u00ednea, que Acceso Latino tiene para ti, brindan diversas facilidades para que estudies a tu ritmo y en el horario que mejor te convenga y sin pretextos.<\/p><p>In the section <a href=\"https:\/\/accesolatino.org\/en\/educacion\/\"><strong>\u201cEducaci\u00f3n\u201d<\/strong> <\/a>de <a href=\"http:\/\/accesolatino.org\/en\/\"><strong>accesolatino.org<\/strong><\/a> te recomendamos entrar a la tarjeta <strong>\u201cCursos gratis en l\u00ednea\u201d<\/strong>. Aqu\u00ed encontrar\u00e1s el apartado \u201cingl\u00e9s gratis\u201d que te ofrece distintas opciones para aprender o reforzar tu manejo de ingl\u00e9s.<\/p><p>Estar en constante capacitaci\u00f3n y obtener nuevos conocimientos permite tener m\u00e1s posibilidades de encontrar un buen trabajo con mejores ingresos, por lo que tener un idioma extra o dominar la lengua nativa de la Uni\u00f3n Americana es indispensable.<\/p><p><strong>Acceso Latino, tu portal de Educaci\u00f3n, Orientaci\u00f3n Legal, Salud y mucho m\u00e1s.<\/strong><\/p>\t\t\t\t\t\t\t\t<\/div>\n\t\t\t\t<\/div>\n\t\t\t\t<div class=\"elementor-element elementor-element-07ac439 elementor-widget elementor-widget-spacer\" data-id=\"07ac439\" data-element_type=\"widget\" data-e-type=\"widget\" data-widget_type=\"spacer.default\">\n\t\t\t\t<div class=\"elementor-widget-container\">\n\t\t\t\t\t\t\t<div class=\"elementor-spacer\">\n\t\t\t<div class=\"elementor-spacer-inner\"><\/div>\n\t\t<\/div>\n\t\t\t\t\t\t<\/div>\n\t\t\t\t<\/div>\n\t\t\t\t\t<\/div>\n\t\t<\/div>\n\t\t\t\t\t<\/div>\n\t\t<\/section>\n\t\t\t\t<\/div>","protected":false},"excerpt":{"rendered":"<p>Educaci\u00f3n Aprende ingl\u00e9s f\u00e1cil y gratis con nuestros cursos en l\u00ednea Las herramientas educativas en l\u00ednea, que Acceso Latino tiene para ti, brindan diversas facilidades para que estudies a tu ritmo y en el horario que mejor te convenga y sin pretextos. En la secci\u00f3n \u201cEducaci\u00f3n\u201d de accesolatino.org te recomendamos entrar a la tarjeta \u201cCursos gratis en l\u00ednea\u201d. Aqu\u00ed encontrar\u00e1s el apartado \u201cingl\u00e9s gratis\u201d que te ofrece distintas opciones para aprender o reforzar tu manejo de ingl\u00e9s. Estar en constante capacitaci\u00f3n y obtener nuevos conocimientos permite tener m\u00e1s posibilidades de encontrar un buen trabajo con mejores ingresos, por lo que tener un idioma extra o dominar la lengua nativa de la Uni\u00f3n Americana es indispensable. Acceso Latino, tu portal de Educaci\u00f3n, Orientaci\u00f3n Legal, Salud y mucho m\u00e1s.<\/p>","protected":false},"author":7,"featured_media":18883,"parent":0,"menu_order":0,"comment_status":"closed","ping_status":"closed","template":"elementor_header_footer","meta":{"_uf_show_specific_survey":0,"_uf_disable_surveys":false,"footnotes":""},"class_list":["post-18891","page","type-page","status-publish","has-post-thumbnail"],"aioseo_notices":[],"yoast_head":"<!-- This site is optimized with the Yoast SEO plugin v27.4 - https:\/\/yoast.com\/product\/yoast-seo-wordpress\/ -->\n<title>Aprende ingl\u00e9s f\u00e1cil y gratis con nuestros cursos en l\u00ednea<\/title>\n<meta name=\"description\" content=\"Conoce todas las aplicaciones que te pueden ser de ayuda en todos los procesos de migraci\u00f3n legal - Acceso Latino\" \/>\n<meta name=\"robots\" content=\"index, follow, max-snippet:-1, max-image-preview:large, max-video-preview:-1\" \/>\n<link rel=\"canonical\" href=\"https:\/\/accesolatino.org\/en\/aprende-ingles-facil-y-gratis-con-nuestros-cursos-en-linea\/\" \/>\n<meta property=\"og:locale\" content=\"en_US\" \/>\n<meta property=\"og:type\" content=\"article\" \/>\n<meta property=\"og:title\" content=\"Acceso Latino | Aprende ingl\u00e9s f\u00e1cil y gratis con nuestros cursos en l\u00ednea\" \/>\n<meta property=\"og:description\" content=\"Conoce las aplicaciones que te pueden ser de ayuda en otros pa\u00edses.\" \/>\n<meta property=\"og:url\" content=\"https:\/\/accesolatino.org\/en\/aprende-ingles-facil-y-gratis-con-nuestros-cursos-en-linea\/\" \/>\n<meta property=\"og:site_name\" content=\"Acceso Latino\" \/>\n<meta property=\"article:publisher\" content=\"https:\/\/www.facebook.com\/AccesoLatinoOrg\" \/>\n<meta property=\"article:modified_time\" content=\"2025-10-16T20:01:55+00:00\" \/>\n<meta property=\"og:image\" content=\"https:\/\/accesolatino.org\/wp-content\/uploads\/2019\/10\/Aprende-ingl\u00e9s-f\u00e1cil-y-gratis-con-nuestro-curso-en-l\u00ednea.jpg\" \/>\n\t<meta property=\"og:image:width\" content=\"600\" \/>\n\t<meta property=\"og:image:height\" content=\"338\" \/>\n\t<meta property=\"og:image:type\" content=\"image\/jpeg\" \/>\n<meta name=\"twitter:card\" content=\"summary_large_image\" \/>\n<meta name=\"twitter:title\" content=\"Acceso Latino | Aprende ingl\u00e9s f\u00e1cil y gratis con nuestros cursos en l\u00ednea\" \/>\n<meta name=\"twitter:description\" content=\"Conoce las aplicaciones que te pueden ser de ayuda en otros pa\u00edses.\" \/>\n<meta name=\"twitter:image\" content=\"https:\/\/accesolatino.org\/wp-content\/uploads\/2019\/10\/Aprende-ingl\u00e9s-f\u00e1cil-y-gratis-con-nuestro-curso-en-l\u00ednea.jpg\" \/>\n<meta name=\"twitter:site\" content=\"@FAccLatino\" \/>\n<meta name=\"twitter:label1\" content=\"Est. reading time\" \/>\n\t<meta name=\"twitter:data1\" content=\"1 minute\" \/>\n<script type=\"application\/ld+json\" class=\"yoast-schema-graph\">{\"@context\":\"https:\\\/\\\/schema.org\",\"@graph\":[{\"@type\":\"WebPage\",\"@id\":\"https:\\\/\\\/accesolatino.org\\\/en\\\/aprende-ingles-facil-y-gratis-con-nuestros-cursos-en-linea\\\/\",\"url\":\"https:\\\/\\\/accesolatino.org\\\/en\\\/aprende-ingles-facil-y-gratis-con-nuestros-cursos-en-linea\\\/\",\"name\":\"Aprende ingl\u00e9s f\u00e1cil y gratis con nuestros cursos en l\u00ednea\",\"isPartOf\":{\"@id\":\"https:\\\/\\\/accesolatino.org\\\/#website\"},\"primaryImageOfPage\":{\"@id\":\"https:\\\/\\\/accesolatino.org\\\/en\\\/aprende-ingles-facil-y-gratis-con-nuestros-cursos-en-linea\\\/#primaryimage\"},\"image\":{\"@id\":\"https:\\\/\\\/accesolatino.org\\\/en\\\/aprende-ingles-facil-y-gratis-con-nuestros-cursos-en-linea\\\/#primaryimage\"},\"thumbnailUrl\":\"https:\\\/\\\/accesolatino.org\\\/wp-content\\\/uploads\\\/2019\\\/10\\\/Aprende-ingl\u00e9s-f\u00e1cil-y-gratis-con-nuestro-curso-en-l\u00ednea.jpg\",\"datePublished\":\"2019-10-18T12:00:20+00:00\",\"dateModified\":\"2025-10-16T20:01:55+00:00\",\"description\":\"Conoce todas las aplicaciones que te pueden ser de ayuda en todos los procesos de migraci\u00f3n legal - Acceso Latino\",\"breadcrumb\":{\"@id\":\"https:\\\/\\\/accesolatino.org\\\/en\\\/aprende-ingles-facil-y-gratis-con-nuestros-cursos-en-linea\\\/#breadcrumb\"},\"inLanguage\":\"en-US\",\"potentialAction\":[{\"@type\":\"ReadAction\",\"target\":[\"https:\\\/\\\/accesolatino.org\\\/en\\\/aprende-ingles-facil-y-gratis-con-nuestros-cursos-en-linea\\\/\"]}]},{\"@type\":\"ImageObject\",\"inLanguage\":\"en-US\",\"@id\":\"https:\\\/\\\/accesolatino.org\\\/en\\\/aprende-ingles-facil-y-gratis-con-nuestros-cursos-en-linea\\\/#primaryimage\",\"url\":\"https:\\\/\\\/accesolatino.org\\\/wp-content\\\/uploads\\\/2019\\\/10\\\/Aprende-ingl\u00e9s-f\u00e1cil-y-gratis-con-nuestro-curso-en-l\u00ednea.jpg\",\"contentUrl\":\"https:\\\/\\\/accesolatino.org\\\/wp-content\\\/uploads\\\/2019\\\/10\\\/Aprende-ingl\u00e9s-f\u00e1cil-y-gratis-con-nuestro-curso-en-l\u00ednea.jpg\",\"width\":600,\"height\":338,\"caption\":\"aprende ingl\u00e9s\"},{\"@type\":\"BreadcrumbList\",\"@id\":\"https:\\\/\\\/accesolatino.org\\\/en\\\/aprende-ingles-facil-y-gratis-con-nuestros-cursos-en-linea\\\/#breadcrumb\",\"itemListElement\":[{\"@type\":\"ListItem\",\"position\":1,\"name\":\"Portada\",\"item\":\"https:\\\/\\\/accesolatino.org\\\/\"},{\"@type\":\"ListItem\",\"position\":2,\"name\":\"Aprende ingl\u00e9s f\u00e1cil y gratis con nuestros cursos en l\u00ednea\"}]},{\"@type\":\"WebSite\",\"@id\":\"https:\\\/\\\/accesolatino.org\\\/#website\",\"url\":\"https:\\\/\\\/accesolatino.org\\\/\",\"name\":\"Acceso Latino | Fundaci\u00f3n Carlos Slim\",\"description\":\"Fundaci\u00f3n Carlos Slim\",\"publisher\":{\"@id\":\"https:\\\/\\\/accesolatino.org\\\/#organization\"},\"potentialAction\":[{\"@type\":\"SearchAction\",\"target\":{\"@type\":\"EntryPoint\",\"urlTemplate\":\"https:\\\/\\\/accesolatino.org\\\/?s={search_term_string}\"},\"query-input\":{\"@type\":\"PropertyValueSpecification\",\"valueRequired\":true,\"valueName\":\"search_term_string\"}}],\"inLanguage\":\"en-US\"},{\"@type\":\"Organization\",\"@id\":\"https:\\\/\\\/accesolatino.org\\\/#organization\",\"name\":\"Acceso Latino | Fundaci\u00f3n Carlos Slim\",\"url\":\"https:\\\/\\\/accesolatino.org\\\/\",\"logo\":{\"@type\":\"ImageObject\",\"inLanguage\":\"en-US\",\"@id\":\"https:\\\/\\\/accesolatino.org\\\/#\\\/schema\\\/logo\\\/image\\\/\",\"url\":\"https:\\\/\\\/accesolatino.org\\\/wp-content\\\/uploads\\\/2021\\\/02\\\/logo-footer-acceso-latino.png\",\"contentUrl\":\"https:\\\/\\\/accesolatino.org\\\/wp-content\\\/uploads\\\/2021\\\/02\\\/logo-footer-acceso-latino.png\",\"width\":240,\"height\":40,\"caption\":\"Acceso Latino | Fundaci\u00f3n Carlos Slim\"},\"image\":{\"@id\":\"https:\\\/\\\/accesolatino.org\\\/#\\\/schema\\\/logo\\\/image\\\/\"},\"sameAs\":[\"https:\\\/\\\/www.facebook.com\\\/AccesoLatinoOrg\",\"https:\\\/\\\/x.com\\\/FAccLatino\"]}]}<\/script>\n<!-- \/ Yoast SEO plugin. -->","yoast_head_json":{"title":"Aprende ingl\u00e9s f\u00e1cil y gratis con nuestros cursos en l\u00ednea","description":"Conoce todas las aplicaciones que te pueden ser de ayuda en todos los procesos de migraci\u00f3n legal - Acceso Latino","robots":{"index":"index","follow":"follow","max-snippet":"max-snippet:-1","max-image-preview":"max-image-preview:large","max-video-preview":"max-video-preview:-1"},"canonical":"https:\/\/accesolatino.org\/en\/aprende-ingles-facil-y-gratis-con-nuestros-cursos-en-linea\/","og_locale":"en_US","og_type":"article","og_title":"Acceso Latino | Aprende ingl\u00e9s f\u00e1cil y gratis con nuestros cursos en l\u00ednea","og_description":"Conoce las aplicaciones que te pueden ser de ayuda en otros pa\u00edses.","og_url":"https:\/\/accesolatino.org\/en\/aprende-ingles-facil-y-gratis-con-nuestros-cursos-en-linea\/","og_site_name":"Acceso Latino","article_publisher":"https:\/\/www.facebook.com\/AccesoLatinoOrg","article_modified_time":"2025-10-16T20:01:55+00:00","og_image":[{"width":600,"height":338,"url":"https:\/\/accesolatino.org\/wp-content\/uploads\/2019\/10\/Aprende-ingl\u00e9s-f\u00e1cil-y-gratis-con-nuestro-curso-en-l\u00ednea.jpg","type":"image\/jpeg"}],"twitter_card":"summary_large_image","twitter_title":"Acceso Latino | Aprende ingl\u00e9s f\u00e1cil y gratis con nuestros cursos en l\u00ednea","twitter_description":"Conoce las aplicaciones que te pueden ser de ayuda en otros pa\u00edses.","twitter_image":"https:\/\/accesolatino.org\/wp-content\/uploads\/2019\/10\/Aprende-ingl\u00e9s-f\u00e1cil-y-gratis-con-nuestro-curso-en-l\u00ednea.jpg","twitter_site":"@FAccLatino","twitter_misc":{"Est. reading time":"1 minute"},"schema":{"@context":"https:\/\/schema.org","@graph":[{"@type":"WebPage","@id":"https:\/\/accesolatino.org\/en\/aprende-ingles-facil-y-gratis-con-nuestros-cursos-en-linea\/","url":"https:\/\/accesolatino.org\/en\/aprende-ingles-facil-y-gratis-con-nuestros-cursos-en-linea\/","name":"Aprende ingl\u00e9s f\u00e1cil y gratis con nuestros cursos en l\u00ednea","isPartOf":{"@id":"https:\/\/accesolatino.org\/#website"},"primaryImageOfPage":{"@id":"https:\/\/accesolatino.org\/en\/aprende-ingles-facil-y-gratis-con-nuestros-cursos-en-linea\/#primaryimage"},"image":{"@id":"https:\/\/accesolatino.org\/en\/aprende-ingles-facil-y-gratis-con-nuestros-cursos-en-linea\/#primaryimage"},"thumbnailUrl":"https:\/\/accesolatino.org\/wp-content\/uploads\/2019\/10\/Aprende-ingl\u00e9s-f\u00e1cil-y-gratis-con-nuestro-curso-en-l\u00ednea.jpg","datePublished":"2019-10-18T12:00:20+00:00","dateModified":"2025-10-16T20:01:55+00:00","description":"Conoce todas las aplicaciones que te pueden ser de ayuda en todos los procesos de migraci\u00f3n legal - Acceso Latino","breadcrumb":{"@id":"https:\/\/accesolatino.org\/en\/aprende-ingles-facil-y-gratis-con-nuestros-cursos-en-linea\/#breadcrumb"},"inLanguage":"en-US","potentialAction":[{"@type":"ReadAction","target":["https:\/\/accesolatino.org\/en\/aprende-ingles-facil-y-gratis-con-nuestros-cursos-en-linea\/"]}]},{"@type":"ImageObject","inLanguage":"en-US","@id":"https:\/\/accesolatino.org\/en\/aprende-ingles-facil-y-gratis-con-nuestros-cursos-en-linea\/#primaryimage","url":"https:\/\/accesolatino.org\/wp-content\/uploads\/2019\/10\/Aprende-ingl\u00e9s-f\u00e1cil-y-gratis-con-nuestro-curso-en-l\u00ednea.jpg","contentUrl":"https:\/\/accesolatino.org\/wp-content\/uploads\/2019\/10\/Aprende-ingl\u00e9s-f\u00e1cil-y-gratis-con-nuestro-curso-en-l\u00ednea.jpg","width":600,"height":338,"caption":"aprende ingl\u00e9s"},{"@type":"BreadcrumbList","@id":"https:\/\/accesolatino.org\/en\/aprende-ingles-facil-y-gratis-con-nuestros-cursos-en-linea\/#breadcrumb","itemListElement":[{"@type":"ListItem","position":1,"name":"Portada","item":"https:\/\/accesolatino.org\/"},{"@type":"ListItem","position":2,"name":"Aprende ingl\u00e9s f\u00e1cil y gratis con nuestros cursos en l\u00ednea"}]},{"@type":"WebSite","@id":"https:\/\/accesolatino.org\/#website","url":"https:\/\/accesolatino.org\/","name":"Acceso Latino | Fundaci\u00f3n Carlos Slim","description":"Fundaci\u00f3n Carlos Slim","publisher":{"@id":"https:\/\/accesolatino.org\/#organization"},"potentialAction":[{"@type":"SearchAction","target":{"@type":"EntryPoint","urlTemplate":"https:\/\/accesolatino.org\/?s={search_term_string}"},"query-input":{"@type":"PropertyValueSpecification","valueRequired":true,"valueName":"search_term_string"}}],"inLanguage":"en-US"},{"@type":"Organization","@id":"https:\/\/accesolatino.org\/#organization","name":"Acceso Latino | Fundaci\u00f3n Carlos Slim","url":"https:\/\/accesolatino.org\/","logo":{"@type":"ImageObject","inLanguage":"en-US","@id":"https:\/\/accesolatino.org\/#\/schema\/logo\/image\/","url":"https:\/\/accesolatino.org\/wp-content\/uploads\/2021\/02\/logo-footer-acceso-latino.png","contentUrl":"https:\/\/accesolatino.org\/wp-content\/uploads\/2021\/02\/logo-footer-acceso-latino.png","width":240,"height":40,"caption":"Acceso Latino | Fundaci\u00f3n Carlos Slim"},"image":{"@id":"https:\/\/accesolatino.org\/#\/schema\/logo\/image\/"},"sameAs":["https:\/\/www.facebook.com\/AccesoLatinoOrg","https:\/\/x.com\/FAccLatino"]}]}},"_links":{"self":[{"href":"https:\/\/accesolatino.org\/en\/wp-json\/wp\/v2\/pages\/18891","targetHints":{"allow":["GET"]}}],"collection":[{"href":"https:\/\/accesolatino.org\/en\/wp-json\/wp\/v2\/pages"}],"about":[{"href":"https:\/\/accesolatino.org\/en\/wp-json\/wp\/v2\/types\/page"}],"author":[{"embeddable":true,"href":"https:\/\/accesolatino.org\/en\/wp-json\/wp\/v2\/users\/7"}],"replies":[{"embeddable":true,"href":"https:\/\/accesolatino.org\/en\/wp-json\/wp\/v2\/comments?post=18891"}],"version-history":[{"count":1,"href":"https:\/\/accesolatino.org\/en\/wp-json\/wp\/v2\/pages\/18891\/revisions"}],"predecessor-version":[{"id":64098,"href":"https:\/\/accesolatino.org\/en\/wp-json\/wp\/v2\/pages\/18891\/revisions\/64098"}],"wp:featuredmedia":[{"embeddable":true,"href":"https:\/\/accesolatino.org\/en\/wp-json\/wp\/v2\/media\/18883"}],"wp:attachment":[{"href":"https:\/\/accesolatino.org\/en\/wp-json\/wp\/v2\/media?parent=18891"}],"curies":[{"name":"wp","href":"https:\/\/api.w.org\/{rel}","templated":true}]}}