{"id":18806,"date":"2019-10-07T10:01:41","date_gmt":"2019-10-07T15:01:41","guid":{"rendered":"https:\/\/accesolatino.org\/?page_id=18806"},"modified":"2025-11-06T17:32:31","modified_gmt":"2025-11-06T23:32:31","slug":"conoce-los-formularios-para-tramites-migratorios-gratuitos-en-estados-unidos","status":"publish","type":"page","link":"https:\/\/accesolatino.org\/en\/conoce-los-formularios-para-tramites-migratorios-gratuitos-en-estados-unidos\/","title":{"rendered":"Learn about the forms for free immigration procedures in the U.S."},"content":{"rendered":"<div data-elementor-type=\"wp-post\" data-elementor-id=\"18806\" class=\"elementor elementor-18806\">\n\t\t\t\t\t\t<section class=\"elementor-section elementor-top-section elementor-element elementor-element-321777a elementor-section-full_width elementor-section-height-min-height elementor-section-items-stretch elementor-section-height-default wpr-particle-no wpr-jarallax-no wpr-parallax-no wpr-sticky-section-no\" data-id=\"321777a\" data-element_type=\"section\" data-e-type=\"section\" data-settings=\"{&quot;background_background&quot;:&quot;classic&quot;}\">\n\t\t\t\t\t\t<div class=\"elementor-container elementor-column-gap-no\">\n\t\t\t\t\t<div class=\"elementor-column elementor-col-100 elementor-top-column elementor-element elementor-element-bf6400b\" data-id=\"bf6400b\" data-element_type=\"column\" data-e-type=\"column\">\n\t\t\t<div class=\"elementor-widget-wrap elementor-element-populated\">\n\t\t\t\t\t\t<div class=\"elementor-element elementor-element-3274c97 elementor--h-position-center elementor--v-position-middle elementor-widget elementor-widget-slides\" data-id=\"3274c97\" data-element_type=\"widget\" data-e-type=\"widget\" data-settings=\"{&quot;navigation&quot;:&quot;none&quot;,&quot;infinite&quot;:&quot;yes&quot;,&quot;transition&quot;:&quot;slide&quot;,&quot;transition_speed&quot;:500}\" data-widget_type=\"slides.default\">\n\t\t\t\t<div class=\"elementor-widget-container\">\n\t\t\t\t\t\t\t<div class=\"elementor-swiper\">\n\t\t\t<div class=\"elementor-slides-wrapper elementor-main-swiper swiper-container\" dir=\"ltr\" data-animation=\"\">\n\t\t\t\t<div class=\"swiper-wrapper elementor-slides\">\n\t\t\t\t\t\t\t\t\t\t<div class=\"elementor-repeater-item-d983a28 swiper-slide\"><div class=\"swiper-slide-bg\"><\/div><div class=\"swiper-slide-inner\" ><div class=\"swiper-slide-contents\"><div class=\"elementor-slide-heading\">Official Procedures<\/div><\/div><\/div><\/div>\t\t\t\t<\/div>\n\t\t\t\t\t\t\t<\/div>\n\t\t<\/div>\n\t\t\t\t\t\t<\/div>\n\t\t\t\t<\/div>\n\t\t\t\t\t<\/div>\n\t\t<\/div>\n\t\t\t\t\t<\/div>\n\t\t<\/section>\n\t\t\t\t<section class=\"elementor-section elementor-top-section elementor-element elementor-element-411af8a elementor-section-stretched elementor-section-boxed elementor-section-height-default elementor-section-height-default wpr-particle-no wpr-jarallax-no wpr-parallax-no wpr-sticky-section-no\" data-id=\"411af8a\" data-element_type=\"section\" data-e-type=\"section\" data-settings=\"{&quot;stretch_section&quot;:&quot;section-stretched&quot;,&quot;background_background&quot;:&quot;classic&quot;}\">\n\t\t\t\t\t\t<div class=\"elementor-container elementor-column-gap-default\">\n\t\t\t\t\t<div class=\"elementor-column elementor-col-100 elementor-top-column elementor-element elementor-element-28cb8ce\" data-id=\"28cb8ce\" data-element_type=\"column\" data-e-type=\"column\">\n\t\t\t<div class=\"elementor-widget-wrap elementor-element-populated\">\n\t\t\t\t\t\t<div class=\"elementor-element elementor-element-319f0eb elementor-widget elementor-widget-heading\" data-id=\"319f0eb\" data-element_type=\"widget\" data-e-type=\"widget\" data-widget_type=\"heading.default\">\n\t\t\t\t<div class=\"elementor-widget-container\">\n\t\t\t\t\t<h3 class=\"elementor-heading-title elementor-size-default\">Learn about the forms for free immigration procedures in the U.S.<\/h3>\t\t\t\t<\/div>\n\t\t\t\t<\/div>\n\t\t\t\t<div class=\"elementor-element elementor-element-1ac4fe0 elementor-widget elementor-widget-text-editor\" data-id=\"1ac4fe0\" data-element_type=\"widget\" data-e-type=\"widget\" data-widget_type=\"text-editor.default\">\n\t\t\t\t<div class=\"elementor-widget-container\">\n\t\t\t\t\t\t\t\t\t<p>En accesolatino.org nos dimos a la tarea de acercar informaci\u00f3n de utilidad para los inmigrantes latinos en Estados Unidos. En esta ocasi\u00f3n, ponemos a tu disposici\u00f3n la herramienta <strong>\u201cFormularios del Gobierno Estadounidense\u201d<\/strong> que encontrar\u00e1s en nuestra secci\u00f3n <strong><a href=\"https:\/\/accesolatino.org\/en\/tus-documentos\/\">\u201cTus Documentos\u201d<\/a>.<\/strong><\/p><p>En ella hallar\u00e1s los formularios en l\u00ednea que necesitar\u00e1s para solicitar la ciudadan\u00eda o la renovaci\u00f3n de tu \u201cGreen Card\u201d que son totalmente gratuitos.<\/p><p>Si lo que requieres es solicitar la naturalizaci\u00f3n, es necesario llenar el <strong>Formulario N-400<\/strong>, adem\u00e1s de cumplir con ciertos requisitos:<\/p><ul><li>Being over 18 years<\/li><li>Ser residente permanente<\/li><li>Demostrar que ha estado en la Uni\u00f3n Americana en los \u00faltimos 5 cinco a\u00f1os<\/li><li>No haber salido del territorio estadounidense en 30 meses<\/li><li>Tener 3 meses de vivir en una sola residencia o estado<\/li><\/ul><p>Para facilitarte el tr\u00e1mite de ciudadan\u00eda, te recomendamos hacer uso de <strong><a href=\"https:\/\/ciudadanizate.accesolatino.org\/\">\u201cCiudadan\u00edzate\u201d<\/a>,<\/strong> esta herramienta te preparar\u00e1 de inicio a fin y te ayudar\u00e1 a perder el miedo de enfrentarte a este proceso.<\/p>\t\t\t\t\t\t\t\t<\/div>\n\t\t\t\t<\/div>\n\t\t\t\t<div class=\"elementor-element elementor-element-aa2a030 elementor-widget elementor-widget-spacer\" data-id=\"aa2a030\" data-element_type=\"widget\" data-e-type=\"widget\" data-widget_type=\"spacer.default\">\n\t\t\t\t<div class=\"elementor-widget-container\">\n\t\t\t\t\t\t\t<div class=\"elementor-spacer\">\n\t\t\t<div class=\"elementor-spacer-inner\"><\/div>\n\t\t<\/div>\n\t\t\t\t\t\t<\/div>\n\t\t\t\t<\/div>\n\t\t\t\t\t<\/div>\n\t\t<\/div>\n\t\t\t\t\t<\/div>\n\t\t<\/section>\n\t\t\t\t<\/div>","protected":false},"excerpt":{"rendered":"<p>Tr\u00e1mites Oficiales Conoce los formularios para tr\u00e1mites migratorios gratuitos en Estados Unidos En accesolatino.org nos dimos a la tarea de acercar informaci\u00f3n de utilidad para los inmigrantes latinos en Estados Unidos. En esta ocasi\u00f3n, ponemos a tu disposici\u00f3n la herramienta \u201cFormularios del Gobierno Estadounidense\u201d que encontrar\u00e1s en nuestra secci\u00f3n \u201cTus Documentos\u201d. En ella hallar\u00e1s los formularios en l\u00ednea que necesitar\u00e1s para solicitar la ciudadan\u00eda o la renovaci\u00f3n de tu \u201cGreen Card\u201d que son totalmente gratuitos. Si lo que requieres es solicitar la naturalizaci\u00f3n, es necesario llenar el Formulario N-400, adem\u00e1s de cumplir con ciertos requisitos: Ser mayor de 18 a\u00f1os Ser residente permanente Demostrar que ha estado en la Uni\u00f3n Americana en los \u00faltimos 5 cinco a\u00f1os No haber salido del territorio estadounidense en 30 meses Tener 3 meses de vivir en una sola residencia o estado Para facilitarte el tr\u00e1mite de ciudadan\u00eda, te recomendamos hacer uso de \u201cCiudadan\u00edzate\u201d, esta herramienta te preparar\u00e1 de inicio a fin y te ayudar\u00e1 a perder el miedo de enfrentarte a este proceso.<\/p>","protected":false},"author":10,"featured_media":18808,"parent":0,"menu_order":0,"comment_status":"closed","ping_status":"closed","template":"elementor_header_footer","meta":{"_uf_show_specific_survey":0,"_uf_disable_surveys":false,"footnotes":""},"class_list":["post-18806","page","type-page","status-publish","has-post-thumbnail"],"aioseo_notices":[],"yoast_head":"<!-- This site is optimized with the Yoast SEO plugin v27.3 - https:\/\/yoast.com\/product\/yoast-seo-wordpress\/ -->\n<title>Conoce los formularios para tr\u00e1mites migratorios gratuitos en Estados Unidos<\/title>\n<meta name=\"description\" content=\"Conoce los formularios para tr\u00e1mites migratorios gratuitos en Estados Unidos En accesolatino.org nos dimos a la tarea de acercar\" \/>\n<meta name=\"robots\" content=\"index, follow, max-snippet:-1, max-image-preview:large, max-video-preview:-1\" \/>\n<link rel=\"canonical\" href=\"https:\/\/accesolatino.org\/en\/conoce-los-formularios-para-tramites-migratorios-gratuitos-en-estados-unidos\/\" \/>\n<meta property=\"og:locale\" content=\"en_US\" \/>\n<meta property=\"og:type\" content=\"article\" \/>\n<meta property=\"og:title\" content=\"Acceso Latino | Conoce los formularios para tr\u00e1mites migratorios gratuitos en Estados Unidos\" \/>\n<meta property=\"og:description\" content=\"Conoce los formularios para tr\u00e1mites migratorios gratuitos en Estados Unidos\" \/>\n<meta property=\"og:url\" content=\"https:\/\/accesolatino.org\/en\/conoce-los-formularios-para-tramites-migratorios-gratuitos-en-estados-unidos\/\" \/>\n<meta property=\"og:site_name\" content=\"Acceso Latino\" \/>\n<meta property=\"article:publisher\" content=\"https:\/\/www.facebook.com\/AccesoLatinoOrg\" \/>\n<meta property=\"article:modified_time\" content=\"2025-11-06T23:32:31+00:00\" \/>\n<meta property=\"og:image\" content=\"https:\/\/accesolatino.org\/wp-content\/uploads\/2019\/10\/Conoce-los-formularios-para-tr\u00e1mites-migratorios-gratuitos-en-Estados-Unidos.jpg\" \/>\n\t<meta property=\"og:image:width\" content=\"600\" \/>\n\t<meta property=\"og:image:height\" content=\"338\" \/>\n\t<meta property=\"og:image:type\" content=\"image\/jpeg\" \/>\n<meta name=\"twitter:card\" content=\"summary_large_image\" \/>\n<meta name=\"twitter:title\" content=\"Acceso Latino | Conoce los formularios para tr\u00e1mites migratorios gratuitos en Estados Unidos\" \/>\n<meta name=\"twitter:description\" content=\"Conoce los formularios para tr\u00e1mites migratorios gratuitos en Estados Unidos\" \/>\n<meta name=\"twitter:image\" content=\"https:\/\/accesolatino.org\/wp-content\/uploads\/2019\/10\/Conoce-los-formularios-para-tr\u00e1mites-migratorios-gratuitos-en-Estados-Unidos.jpg\" \/>\n<meta name=\"twitter:site\" content=\"@FAccLatino\" \/>\n<meta name=\"twitter:label1\" content=\"Est. reading time\" \/>\n\t<meta name=\"twitter:data1\" content=\"1 minute\" \/>\n<script type=\"application\/ld+json\" class=\"yoast-schema-graph\">{\"@context\":\"https:\\\/\\\/schema.org\",\"@graph\":[{\"@type\":\"WebPage\",\"@id\":\"https:\\\/\\\/accesolatino.org\\\/en\\\/conoce-los-formularios-para-tramites-migratorios-gratuitos-en-estados-unidos\\\/\",\"url\":\"https:\\\/\\\/accesolatino.org\\\/en\\\/conoce-los-formularios-para-tramites-migratorios-gratuitos-en-estados-unidos\\\/\",\"name\":\"Conoce los formularios para tr\u00e1mites migratorios gratuitos en Estados Unidos\",\"isPartOf\":{\"@id\":\"https:\\\/\\\/accesolatino.org\\\/#website\"},\"primaryImageOfPage\":{\"@id\":\"https:\\\/\\\/accesolatino.org\\\/en\\\/conoce-los-formularios-para-tramites-migratorios-gratuitos-en-estados-unidos\\\/#primaryimage\"},\"image\":{\"@id\":\"https:\\\/\\\/accesolatino.org\\\/en\\\/conoce-los-formularios-para-tramites-migratorios-gratuitos-en-estados-unidos\\\/#primaryimage\"},\"thumbnailUrl\":\"https:\\\/\\\/accesolatino.org\\\/wp-content\\\/uploads\\\/2019\\\/10\\\/Conoce-los-formularios-para-tr\u00e1mites-migratorios-gratuitos-en-Estados-Unidos.jpg\",\"datePublished\":\"2019-10-07T15:01:41+00:00\",\"dateModified\":\"2025-11-06T23:32:31+00:00\",\"description\":\"Conoce los formularios para tr\u00e1mites migratorios gratuitos en Estados Unidos En accesolatino.org nos dimos a la tarea de acercar\",\"breadcrumb\":{\"@id\":\"https:\\\/\\\/accesolatino.org\\\/en\\\/conoce-los-formularios-para-tramites-migratorios-gratuitos-en-estados-unidos\\\/#breadcrumb\"},\"inLanguage\":\"en-US\",\"potentialAction\":[{\"@type\":\"ReadAction\",\"target\":[\"https:\\\/\\\/accesolatino.org\\\/en\\\/conoce-los-formularios-para-tramites-migratorios-gratuitos-en-estados-unidos\\\/\"]}]},{\"@type\":\"ImageObject\",\"inLanguage\":\"en-US\",\"@id\":\"https:\\\/\\\/accesolatino.org\\\/en\\\/conoce-los-formularios-para-tramites-migratorios-gratuitos-en-estados-unidos\\\/#primaryimage\",\"url\":\"https:\\\/\\\/accesolatino.org\\\/wp-content\\\/uploads\\\/2019\\\/10\\\/Conoce-los-formularios-para-tr\u00e1mites-migratorios-gratuitos-en-Estados-Unidos.jpg\",\"contentUrl\":\"https:\\\/\\\/accesolatino.org\\\/wp-content\\\/uploads\\\/2019\\\/10\\\/Conoce-los-formularios-para-tr\u00e1mites-migratorios-gratuitos-en-Estados-Unidos.jpg\",\"width\":600,\"height\":338,\"caption\":\"tr\u00e1mites migratorios\"},{\"@type\":\"BreadcrumbList\",\"@id\":\"https:\\\/\\\/accesolatino.org\\\/en\\\/conoce-los-formularios-para-tramites-migratorios-gratuitos-en-estados-unidos\\\/#breadcrumb\",\"itemListElement\":[{\"@type\":\"ListItem\",\"position\":1,\"name\":\"Portada\",\"item\":\"https:\\\/\\\/accesolatino.org\\\/\"},{\"@type\":\"ListItem\",\"position\":2,\"name\":\"Conoce los formularios para tr\u00e1mites migratorios gratuitos en Estados Unidos\"}]},{\"@type\":\"WebSite\",\"@id\":\"https:\\\/\\\/accesolatino.org\\\/#website\",\"url\":\"https:\\\/\\\/accesolatino.org\\\/\",\"name\":\"Acceso Latino | Fundaci\u00f3n Carlos Slim\",\"description\":\"Fundaci\u00f3n Carlos Slim\",\"publisher\":{\"@id\":\"https:\\\/\\\/accesolatino.org\\\/#organization\"},\"potentialAction\":[{\"@type\":\"SearchAction\",\"target\":{\"@type\":\"EntryPoint\",\"urlTemplate\":\"https:\\\/\\\/accesolatino.org\\\/?s={search_term_string}\"},\"query-input\":{\"@type\":\"PropertyValueSpecification\",\"valueRequired\":true,\"valueName\":\"search_term_string\"}}],\"inLanguage\":\"en-US\"},{\"@type\":\"Organization\",\"@id\":\"https:\\\/\\\/accesolatino.org\\\/#organization\",\"name\":\"Acceso Latino | Fundaci\u00f3n Carlos Slim\",\"url\":\"https:\\\/\\\/accesolatino.org\\\/\",\"logo\":{\"@type\":\"ImageObject\",\"inLanguage\":\"en-US\",\"@id\":\"https:\\\/\\\/accesolatino.org\\\/#\\\/schema\\\/logo\\\/image\\\/\",\"url\":\"https:\\\/\\\/accesolatino.org\\\/wp-content\\\/uploads\\\/2021\\\/02\\\/logo-footer-acceso-latino.png\",\"contentUrl\":\"https:\\\/\\\/accesolatino.org\\\/wp-content\\\/uploads\\\/2021\\\/02\\\/logo-footer-acceso-latino.png\",\"width\":240,\"height\":40,\"caption\":\"Acceso Latino | Fundaci\u00f3n Carlos Slim\"},\"image\":{\"@id\":\"https:\\\/\\\/accesolatino.org\\\/#\\\/schema\\\/logo\\\/image\\\/\"},\"sameAs\":[\"https:\\\/\\\/www.facebook.com\\\/AccesoLatinoOrg\",\"https:\\\/\\\/x.com\\\/FAccLatino\"]}]}<\/script>\n<!-- \/ Yoast SEO plugin. -->","yoast_head_json":{"title":"Learn about the forms for free immigration procedures in the U.S.","description":"Conoce los formularios para tr\u00e1mites migratorios gratuitos en Estados Unidos En accesolatino.org nos dimos a la tarea de acercar","robots":{"index":"index","follow":"follow","max-snippet":"max-snippet:-1","max-image-preview":"max-image-preview:large","max-video-preview":"max-video-preview:-1"},"canonical":"https:\/\/accesolatino.org\/en\/conoce-los-formularios-para-tramites-migratorios-gratuitos-en-estados-unidos\/","og_locale":"en_US","og_type":"article","og_title":"Acceso Latino | Conoce los formularios para tr\u00e1mites migratorios gratuitos en Estados Unidos","og_description":"Conoce los formularios para tr\u00e1mites migratorios gratuitos en Estados Unidos","og_url":"https:\/\/accesolatino.org\/en\/conoce-los-formularios-para-tramites-migratorios-gratuitos-en-estados-unidos\/","og_site_name":"Acceso Latino","article_publisher":"https:\/\/www.facebook.com\/AccesoLatinoOrg","article_modified_time":"2025-11-06T23:32:31+00:00","og_image":[{"width":600,"height":338,"url":"https:\/\/accesolatino.org\/wp-content\/uploads\/2019\/10\/Conoce-los-formularios-para-tr\u00e1mites-migratorios-gratuitos-en-Estados-Unidos.jpg","type":"image\/jpeg"}],"twitter_card":"summary_large_image","twitter_title":"Acceso Latino | Conoce los formularios para tr\u00e1mites migratorios gratuitos en Estados Unidos","twitter_description":"Conoce los formularios para tr\u00e1mites migratorios gratuitos en Estados Unidos","twitter_image":"https:\/\/accesolatino.org\/wp-content\/uploads\/2019\/10\/Conoce-los-formularios-para-tr\u00e1mites-migratorios-gratuitos-en-Estados-Unidos.jpg","twitter_site":"@FAccLatino","twitter_misc":{"Est. reading time":"1 minute"},"schema":{"@context":"https:\/\/schema.org","@graph":[{"@type":"WebPage","@id":"https:\/\/accesolatino.org\/en\/conoce-los-formularios-para-tramites-migratorios-gratuitos-en-estados-unidos\/","url":"https:\/\/accesolatino.org\/en\/conoce-los-formularios-para-tramites-migratorios-gratuitos-en-estados-unidos\/","name":"Learn about the forms for free immigration procedures in the U.S.","isPartOf":{"@id":"https:\/\/accesolatino.org\/#website"},"primaryImageOfPage":{"@id":"https:\/\/accesolatino.org\/en\/conoce-los-formularios-para-tramites-migratorios-gratuitos-en-estados-unidos\/#primaryimage"},"image":{"@id":"https:\/\/accesolatino.org\/en\/conoce-los-formularios-para-tramites-migratorios-gratuitos-en-estados-unidos\/#primaryimage"},"thumbnailUrl":"https:\/\/accesolatino.org\/wp-content\/uploads\/2019\/10\/Conoce-los-formularios-para-tr\u00e1mites-migratorios-gratuitos-en-Estados-Unidos.jpg","datePublished":"2019-10-07T15:01:41+00:00","dateModified":"2025-11-06T23:32:31+00:00","description":"Conoce los formularios para tr\u00e1mites migratorios gratuitos en Estados Unidos En accesolatino.org nos dimos a la tarea de acercar","breadcrumb":{"@id":"https:\/\/accesolatino.org\/en\/conoce-los-formularios-para-tramites-migratorios-gratuitos-en-estados-unidos\/#breadcrumb"},"inLanguage":"en-US","potentialAction":[{"@type":"ReadAction","target":["https:\/\/accesolatino.org\/en\/conoce-los-formularios-para-tramites-migratorios-gratuitos-en-estados-unidos\/"]}]},{"@type":"ImageObject","inLanguage":"en-US","@id":"https:\/\/accesolatino.org\/en\/conoce-los-formularios-para-tramites-migratorios-gratuitos-en-estados-unidos\/#primaryimage","url":"https:\/\/accesolatino.org\/wp-content\/uploads\/2019\/10\/Conoce-los-formularios-para-tr\u00e1mites-migratorios-gratuitos-en-Estados-Unidos.jpg","contentUrl":"https:\/\/accesolatino.org\/wp-content\/uploads\/2019\/10\/Conoce-los-formularios-para-tr\u00e1mites-migratorios-gratuitos-en-Estados-Unidos.jpg","width":600,"height":338,"caption":"tr\u00e1mites migratorios"},{"@type":"BreadcrumbList","@id":"https:\/\/accesolatino.org\/en\/conoce-los-formularios-para-tramites-migratorios-gratuitos-en-estados-unidos\/#breadcrumb","itemListElement":[{"@type":"ListItem","position":1,"name":"Portada","item":"https:\/\/accesolatino.org\/"},{"@type":"ListItem","position":2,"name":"Conoce los formularios para tr\u00e1mites migratorios gratuitos en Estados Unidos"}]},{"@type":"WebSite","@id":"https:\/\/accesolatino.org\/#website","url":"https:\/\/accesolatino.org\/","name":"Acceso Latino | Fundaci\u00f3n Carlos Slim","description":"Fundaci\u00f3n Carlos Slim","publisher":{"@id":"https:\/\/accesolatino.org\/#organization"},"potentialAction":[{"@type":"SearchAction","target":{"@type":"EntryPoint","urlTemplate":"https:\/\/accesolatino.org\/?s={search_term_string}"},"query-input":{"@type":"PropertyValueSpecification","valueRequired":true,"valueName":"search_term_string"}}],"inLanguage":"en-US"},{"@type":"Organization","@id":"https:\/\/accesolatino.org\/#organization","name":"Acceso Latino | Fundaci\u00f3n Carlos Slim","url":"https:\/\/accesolatino.org\/","logo":{"@type":"ImageObject","inLanguage":"en-US","@id":"https:\/\/accesolatino.org\/#\/schema\/logo\/image\/","url":"https:\/\/accesolatino.org\/wp-content\/uploads\/2021\/02\/logo-footer-acceso-latino.png","contentUrl":"https:\/\/accesolatino.org\/wp-content\/uploads\/2021\/02\/logo-footer-acceso-latino.png","width":240,"height":40,"caption":"Acceso Latino | Fundaci\u00f3n Carlos Slim"},"image":{"@id":"https:\/\/accesolatino.org\/#\/schema\/logo\/image\/"},"sameAs":["https:\/\/www.facebook.com\/AccesoLatinoOrg","https:\/\/x.com\/FAccLatino"]}]}},"_links":{"self":[{"href":"https:\/\/accesolatino.org\/en\/wp-json\/wp\/v2\/pages\/18806","targetHints":{"allow":["GET"]}}],"collection":[{"href":"https:\/\/accesolatino.org\/en\/wp-json\/wp\/v2\/pages"}],"about":[{"href":"https:\/\/accesolatino.org\/en\/wp-json\/wp\/v2\/types\/page"}],"author":[{"embeddable":true,"href":"https:\/\/accesolatino.org\/en\/wp-json\/wp\/v2\/users\/10"}],"replies":[{"embeddable":true,"href":"https:\/\/accesolatino.org\/en\/wp-json\/wp\/v2\/comments?post=18806"}],"version-history":[{"count":1,"href":"https:\/\/accesolatino.org\/en\/wp-json\/wp\/v2\/pages\/18806\/revisions"}],"predecessor-version":[{"id":68580,"href":"https:\/\/accesolatino.org\/en\/wp-json\/wp\/v2\/pages\/18806\/revisions\/68580"}],"wp:featuredmedia":[{"embeddable":true,"href":"https:\/\/accesolatino.org\/en\/wp-json\/wp\/v2\/media\/18808"}],"wp:attachment":[{"href":"https:\/\/accesolatino.org\/en\/wp-json\/wp\/v2\/media?parent=18806"}],"curies":[{"name":"wp","href":"https:\/\/api.w.org\/{rel}","templated":true}]}}