{"id":18762,"date":"2019-10-03T09:00:56","date_gmt":"2019-10-03T14:00:56","guid":{"rendered":"https:\/\/accesolatino.org\/?page_id=18762"},"modified":"2025-10-16T17:58:41","modified_gmt":"2025-10-16T23:58:41","slug":"conoce-los-apoyos-economicos-del-gobierno-estadounidense-para-estudiantes","status":"publish","type":"page","link":"https:\/\/accesolatino.org\/en\/conoce-los-apoyos-economicos-del-gobierno-estadounidense-para-estudiantes\/","title":{"rendered":"Learn about U.S. government financial aid for students"},"content":{"rendered":"<div data-elementor-type=\"wp-post\" data-elementor-id=\"18762\" class=\"elementor elementor-18762\">\n\t\t\t\t\t\t<section class=\"elementor-section elementor-top-section elementor-element elementor-element-5c43801 elementor-section-full_width elementor-section-height-min-height elementor-section-items-stretch elementor-section-height-default wpr-particle-no wpr-jarallax-no wpr-parallax-no wpr-sticky-section-no wpr-equal-height-no\" data-id=\"5c43801\" data-element_type=\"section\" data-e-type=\"section\" data-settings=\"{&quot;background_background&quot;:&quot;classic&quot;}\">\n\t\t\t\t\t\t<div class=\"elementor-container elementor-column-gap-no\">\n\t\t\t\t\t<div class=\"elementor-column elementor-col-100 elementor-top-column elementor-element elementor-element-e0f2b89\" data-id=\"e0f2b89\" data-element_type=\"column\" data-e-type=\"column\">\n\t\t\t<div class=\"elementor-widget-wrap elementor-element-populated\">\n\t\t\t\t\t\t<div class=\"elementor-element elementor-element-accb282 elementor--h-position-center elementor--v-position-middle elementor-widget elementor-widget-slides\" data-id=\"accb282\" data-element_type=\"widget\" data-e-type=\"widget\" data-settings=\"{&quot;navigation&quot;:&quot;none&quot;,&quot;infinite&quot;:&quot;yes&quot;,&quot;transition&quot;:&quot;slide&quot;,&quot;transition_speed&quot;:500}\" data-widget_type=\"slides.default\">\n\t\t\t\t<div class=\"elementor-widget-container\">\n\t\t\t\t\t\t\t<div class=\"elementor-swiper\">\n\t\t\t<div class=\"elementor-slides-wrapper elementor-main-swiper swiper-container\" dir=\"ltr\" data-animation=\"\">\n\t\t\t\t<div class=\"swiper-wrapper elementor-slides\">\n\t\t\t\t\t\t\t\t\t\t<div class=\"elementor-repeater-item-d983a28 swiper-slide\"><div class=\"swiper-slide-bg\"><\/div><div class=\"swiper-slide-inner\" ><div class=\"swiper-slide-contents\"><div class=\"elementor-slide-heading\">Education<\/div><\/div><\/div><\/div>\t\t\t\t<\/div>\n\t\t\t\t\t\t\t<\/div>\n\t\t<\/div>\n\t\t\t\t\t\t<\/div>\n\t\t\t\t<\/div>\n\t\t\t\t\t<\/div>\n\t\t<\/div>\n\t\t\t\t\t<\/div>\n\t\t<\/section>\n\t\t\t\t<section class=\"elementor-section elementor-top-section elementor-element elementor-element-8b85528 elementor-section-stretched elementor-section-boxed elementor-section-height-default elementor-section-height-default wpr-particle-no wpr-jarallax-no wpr-parallax-no wpr-sticky-section-no wpr-equal-height-no\" data-id=\"8b85528\" data-element_type=\"section\" data-e-type=\"section\" data-settings=\"{&quot;stretch_section&quot;:&quot;section-stretched&quot;,&quot;background_background&quot;:&quot;classic&quot;}\">\n\t\t\t\t\t\t<div class=\"elementor-container elementor-column-gap-default\">\n\t\t\t\t\t<div class=\"elementor-column elementor-col-100 elementor-top-column elementor-element elementor-element-690e672\" data-id=\"690e672\" data-element_type=\"column\" data-e-type=\"column\">\n\t\t\t<div class=\"elementor-widget-wrap elementor-element-populated\">\n\t\t\t\t\t\t<div class=\"elementor-element elementor-element-126629e elementor-widget elementor-widget-heading\" data-id=\"126629e\" data-element_type=\"widget\" data-e-type=\"widget\" data-widget_type=\"heading.default\">\n\t\t\t\t<div class=\"elementor-widget-container\">\n\t\t\t\t\t<h3 class=\"elementor-heading-title elementor-size-default\">Learn about U.S. government financial aid for students<\/h3>\t\t\t\t<\/div>\n\t\t\t\t<\/div>\n\t\t\t\t<div class=\"elementor-element elementor-element-b7e9619 elementor-widget elementor-widget-text-editor\" data-id=\"b7e9619\" data-element_type=\"widget\" data-e-type=\"widget\" data-widget_type=\"text-editor.default\">\n\t\t\t\t<div class=\"elementor-widget-container\">\n\t\t\t\t\t\t\t\t\t<p>\u00bfNecesitas dinero para terminar o empezar tus estudios? \u00bfSab\u00edas que puedes obtener ayuda del gobierno federal para seguir prepar\u00e1ndote acad\u00e9micamente? Dentro de la secci\u00f3n <a href=\"https:\/\/accesolatino.org\/en\/educacion\/\"><strong>\u201cEducaci\u00f3n\u201d<\/strong><\/a> encontrar\u00e1s el programa \u201c<strong>Ayuda Federal Para Estudiantes (FAFSA)\u201d<\/strong>.<\/p><p>Lo primero que tienes que hacer es llenar la Solicitud Gratuita de Ayuda Federal para Estudiantes, ya completada la solicitud, la universidad, colegio o instituto d\u00f3nde quieres entrar se comunicar\u00e1 contigo para explicarte cu\u00e1les son los pasos a seguir.<\/p><p>Para los migrantes latinos puede ser dif\u00edcil encontrar apoyo econ\u00f3mico para estudiar la universidad, por esta raz\u00f3n el gobierno norteamericano cre\u00f3 este programa para apoyarlos financieramente.<\/p><p><a href=\"https:\/\/accesolatino.org\/en\/\"><strong>Acceso Latino<\/strong><\/a>, te ofrece herramientas legales y gratuitas para ayudarte a estar m\u00e1s informado y preparado.<\/p>\t\t\t\t\t\t\t\t<\/div>\n\t\t\t\t<\/div>\n\t\t\t\t<div class=\"elementor-element elementor-element-5865adf elementor-widget elementor-widget-spacer\" data-id=\"5865adf\" data-element_type=\"widget\" data-e-type=\"widget\" data-widget_type=\"spacer.default\">\n\t\t\t\t<div class=\"elementor-widget-container\">\n\t\t\t\t\t\t\t<div class=\"elementor-spacer\">\n\t\t\t<div class=\"elementor-spacer-inner\"><\/div>\n\t\t<\/div>\n\t\t\t\t\t\t<\/div>\n\t\t\t\t<\/div>\n\t\t\t\t\t<\/div>\n\t\t<\/div>\n\t\t\t\t\t<\/div>\n\t\t<\/section>\n\t\t\t\t<\/div>","protected":false},"excerpt":{"rendered":"<p>Educaci\u00f3n Conoce los apoyos econ\u00f3micos del gobierno estadounidense para estudiantes \u00bfNecesitas dinero para terminar o empezar tus estudios? \u00bfSab\u00edas que puedes obtener ayuda del gobierno federal para seguir prepar\u00e1ndote acad\u00e9micamente? Dentro de la secci\u00f3n \u201cEducaci\u00f3n\u201d encontrar\u00e1s el programa \u201cAyuda Federal Para Estudiantes (FAFSA)\u201d. Lo primero que tienes que hacer es llenar la Solicitud Gratuita de Ayuda Federal para Estudiantes, ya completada la solicitud, la universidad, colegio o instituto d\u00f3nde quieres entrar se comunicar\u00e1 contigo para explicarte cu\u00e1les son los pasos a seguir. Para los migrantes latinos puede ser dif\u00edcil encontrar apoyo econ\u00f3mico para estudiar la universidad, por esta raz\u00f3n el gobierno norteamericano cre\u00f3 este programa para apoyarlos financieramente. Acceso Latino, te ofrece herramientas legales y gratuitas para ayudarte a estar m\u00e1s informado y preparado.<\/p>","protected":false},"author":7,"featured_media":18763,"parent":0,"menu_order":0,"comment_status":"closed","ping_status":"closed","template":"elementor_header_footer","meta":{"_uf_show_specific_survey":0,"_uf_disable_surveys":false,"footnotes":""},"class_list":["post-18762","page","type-page","status-publish","has-post-thumbnail"],"aioseo_notices":[],"yoast_head":"<!-- This site is optimized with the Yoast SEO plugin v27.4 - https:\/\/yoast.com\/product\/yoast-seo-wordpress\/ -->\n<title>Conoce los apoyos econ\u00f3micos del gobierno estadounidense para estudiantes<\/title>\n<meta name=\"description\" content=\"Conoce los apoyos econ\u00f3micos del gobierno estadounidense para estudiantes - Acceso Lationo\" \/>\n<meta name=\"robots\" content=\"index, follow, max-snippet:-1, max-image-preview:large, max-video-preview:-1\" \/>\n<link rel=\"canonical\" href=\"https:\/\/accesolatino.org\/en\/conoce-los-apoyos-economicos-del-gobierno-estadounidense-para-estudiantes\/\" \/>\n<meta property=\"og:locale\" content=\"en_US\" \/>\n<meta property=\"og:type\" content=\"article\" \/>\n<meta property=\"og:title\" content=\"Acceso Latino | Conoce los apoyos econ\u00f3micos del gobierno estadounidense para estudiantes\" \/>\n<meta property=\"og:description\" content=\"Conoce los apoyos econ\u00f3micos del gobierno estadounidense para estudiantes\" \/>\n<meta property=\"og:url\" content=\"https:\/\/accesolatino.org\/en\/conoce-los-apoyos-economicos-del-gobierno-estadounidense-para-estudiantes\/\" \/>\n<meta property=\"og:site_name\" content=\"Acceso Latino\" \/>\n<meta property=\"article:publisher\" content=\"https:\/\/www.facebook.com\/AccesoLatinoOrg\" \/>\n<meta property=\"article:modified_time\" content=\"2025-10-16T23:58:41+00:00\" \/>\n<meta property=\"og:image\" content=\"https:\/\/accesolatino.org\/wp-content\/uploads\/2019\/10\/Conoce-los-apoyos-econ\u00f3micos-del-gobierno-estadounidense-para-estudiantes.jpg\" \/>\n\t<meta property=\"og:image:width\" content=\"600\" \/>\n\t<meta property=\"og:image:height\" content=\"338\" \/>\n\t<meta property=\"og:image:type\" content=\"image\/jpeg\" \/>\n<meta name=\"twitter:card\" content=\"summary_large_image\" \/>\n<meta name=\"twitter:title\" content=\"Acceso Latino | Conoce los apoyos econ\u00f3micos del gobierno estadounidense para estudiantes\" \/>\n<meta name=\"twitter:description\" content=\"Conoce los apoyos econ\u00f3micos del gobierno estadounidense para estudiantes\" \/>\n<meta name=\"twitter:image\" content=\"https:\/\/accesolatino.org\/wp-content\/uploads\/2019\/10\/Conoce-los-apoyos-econ\u00f3micos-del-gobierno-estadounidense-para-estudiantes.jpg\" \/>\n<meta name=\"twitter:site\" content=\"@FAccLatino\" \/>\n<meta name=\"twitter:label1\" content=\"Est. reading time\" \/>\n\t<meta name=\"twitter:data1\" content=\"1 minute\" \/>\n<script type=\"application\/ld+json\" class=\"yoast-schema-graph\">{\"@context\":\"https:\\\/\\\/schema.org\",\"@graph\":[{\"@type\":\"WebPage\",\"@id\":\"https:\\\/\\\/accesolatino.org\\\/conoce-los-apoyos-economicos-del-gobierno-estadounidense-para-estudiantes\\\/\",\"url\":\"https:\\\/\\\/accesolatino.org\\\/conoce-los-apoyos-economicos-del-gobierno-estadounidense-para-estudiantes\\\/\",\"name\":\"Conoce los apoyos econ\u00f3micos del gobierno estadounidense para estudiantes\",\"isPartOf\":{\"@id\":\"https:\\\/\\\/accesolatino.org\\\/#website\"},\"primaryImageOfPage\":{\"@id\":\"https:\\\/\\\/accesolatino.org\\\/conoce-los-apoyos-economicos-del-gobierno-estadounidense-para-estudiantes\\\/#primaryimage\"},\"image\":{\"@id\":\"https:\\\/\\\/accesolatino.org\\\/conoce-los-apoyos-economicos-del-gobierno-estadounidense-para-estudiantes\\\/#primaryimage\"},\"thumbnailUrl\":\"https:\\\/\\\/accesolatino.org\\\/wp-content\\\/uploads\\\/2019\\\/10\\\/Conoce-los-apoyos-econ\u00f3micos-del-gobierno-estadounidense-para-estudiantes.jpg\",\"datePublished\":\"2019-10-03T14:00:56+00:00\",\"dateModified\":\"2025-10-16T23:58:41+00:00\",\"description\":\"Conoce los apoyos econ\u00f3micos del gobierno estadounidense para estudiantes - Acceso Lationo\",\"breadcrumb\":{\"@id\":\"https:\\\/\\\/accesolatino.org\\\/conoce-los-apoyos-economicos-del-gobierno-estadounidense-para-estudiantes\\\/#breadcrumb\"},\"inLanguage\":\"en-US\",\"potentialAction\":[{\"@type\":\"ReadAction\",\"target\":[\"https:\\\/\\\/accesolatino.org\\\/conoce-los-apoyos-economicos-del-gobierno-estadounidense-para-estudiantes\\\/\"]}]},{\"@type\":\"ImageObject\",\"inLanguage\":\"en-US\",\"@id\":\"https:\\\/\\\/accesolatino.org\\\/conoce-los-apoyos-economicos-del-gobierno-estadounidense-para-estudiantes\\\/#primaryimage\",\"url\":\"https:\\\/\\\/accesolatino.org\\\/wp-content\\\/uploads\\\/2019\\\/10\\\/Conoce-los-apoyos-econ\u00f3micos-del-gobierno-estadounidense-para-estudiantes.jpg\",\"contentUrl\":\"https:\\\/\\\/accesolatino.org\\\/wp-content\\\/uploads\\\/2019\\\/10\\\/Conoce-los-apoyos-econ\u00f3micos-del-gobierno-estadounidense-para-estudiantes.jpg\",\"width\":600,\"height\":338,\"caption\":\"apoyos econ\u00f3micos\"},{\"@type\":\"BreadcrumbList\",\"@id\":\"https:\\\/\\\/accesolatino.org\\\/conoce-los-apoyos-economicos-del-gobierno-estadounidense-para-estudiantes\\\/#breadcrumb\",\"itemListElement\":[{\"@type\":\"ListItem\",\"position\":1,\"name\":\"Portada\",\"item\":\"https:\\\/\\\/accesolatino.org\\\/\"},{\"@type\":\"ListItem\",\"position\":2,\"name\":\"Conoce los apoyos econ\u00f3micos del gobierno estadounidense para estudiantes\"}]},{\"@type\":\"WebSite\",\"@id\":\"https:\\\/\\\/accesolatino.org\\\/#website\",\"url\":\"https:\\\/\\\/accesolatino.org\\\/\",\"name\":\"Acceso Latino | Fundaci\u00f3n Carlos Slim\",\"description\":\"Fundaci\u00f3n Carlos Slim\",\"publisher\":{\"@id\":\"https:\\\/\\\/accesolatino.org\\\/#organization\"},\"potentialAction\":[{\"@type\":\"SearchAction\",\"target\":{\"@type\":\"EntryPoint\",\"urlTemplate\":\"https:\\\/\\\/accesolatino.org\\\/?s={search_term_string}\"},\"query-input\":{\"@type\":\"PropertyValueSpecification\",\"valueRequired\":true,\"valueName\":\"search_term_string\"}}],\"inLanguage\":\"en-US\"},{\"@type\":\"Organization\",\"@id\":\"https:\\\/\\\/accesolatino.org\\\/#organization\",\"name\":\"Acceso Latino | Fundaci\u00f3n Carlos Slim\",\"url\":\"https:\\\/\\\/accesolatino.org\\\/\",\"logo\":{\"@type\":\"ImageObject\",\"inLanguage\":\"en-US\",\"@id\":\"https:\\\/\\\/accesolatino.org\\\/#\\\/schema\\\/logo\\\/image\\\/\",\"url\":\"https:\\\/\\\/accesolatino.org\\\/wp-content\\\/uploads\\\/2021\\\/02\\\/logo-footer-acceso-latino.png\",\"contentUrl\":\"https:\\\/\\\/accesolatino.org\\\/wp-content\\\/uploads\\\/2021\\\/02\\\/logo-footer-acceso-latino.png\",\"width\":240,\"height\":40,\"caption\":\"Acceso Latino | Fundaci\u00f3n Carlos Slim\"},\"image\":{\"@id\":\"https:\\\/\\\/accesolatino.org\\\/#\\\/schema\\\/logo\\\/image\\\/\"},\"sameAs\":[\"https:\\\/\\\/www.facebook.com\\\/AccesoLatinoOrg\",\"https:\\\/\\\/x.com\\\/FAccLatino\"]}]}<\/script>\n<!-- \/ Yoast SEO plugin. -->","yoast_head_json":{"title":"Learn about U.S. government financial aid for students","description":"Conoce los apoyos econ\u00f3micos del gobierno estadounidense para estudiantes - Acceso Lationo","robots":{"index":"index","follow":"follow","max-snippet":"max-snippet:-1","max-image-preview":"max-image-preview:large","max-video-preview":"max-video-preview:-1"},"canonical":"https:\/\/accesolatino.org\/en\/conoce-los-apoyos-economicos-del-gobierno-estadounidense-para-estudiantes\/","og_locale":"en_US","og_type":"article","og_title":"Acceso Latino | Conoce los apoyos econ\u00f3micos del gobierno estadounidense para estudiantes","og_description":"Conoce los apoyos econ\u00f3micos del gobierno estadounidense para estudiantes","og_url":"https:\/\/accesolatino.org\/en\/conoce-los-apoyos-economicos-del-gobierno-estadounidense-para-estudiantes\/","og_site_name":"Acceso Latino","article_publisher":"https:\/\/www.facebook.com\/AccesoLatinoOrg","article_modified_time":"2025-10-16T23:58:41+00:00","og_image":[{"width":600,"height":338,"url":"https:\/\/accesolatino.org\/wp-content\/uploads\/2019\/10\/Conoce-los-apoyos-econ\u00f3micos-del-gobierno-estadounidense-para-estudiantes.jpg","type":"image\/jpeg"}],"twitter_card":"summary_large_image","twitter_title":"Acceso Latino | Conoce los apoyos econ\u00f3micos del gobierno estadounidense para estudiantes","twitter_description":"Conoce los apoyos econ\u00f3micos del gobierno estadounidense para estudiantes","twitter_image":"https:\/\/accesolatino.org\/wp-content\/uploads\/2019\/10\/Conoce-los-apoyos-econ\u00f3micos-del-gobierno-estadounidense-para-estudiantes.jpg","twitter_site":"@FAccLatino","twitter_misc":{"Est. reading time":"1 minute"},"schema":{"@context":"https:\/\/schema.org","@graph":[{"@type":"WebPage","@id":"https:\/\/accesolatino.org\/conoce-los-apoyos-economicos-del-gobierno-estadounidense-para-estudiantes\/","url":"https:\/\/accesolatino.org\/conoce-los-apoyos-economicos-del-gobierno-estadounidense-para-estudiantes\/","name":"Learn about U.S. government financial aid for students","isPartOf":{"@id":"https:\/\/accesolatino.org\/#website"},"primaryImageOfPage":{"@id":"https:\/\/accesolatino.org\/conoce-los-apoyos-economicos-del-gobierno-estadounidense-para-estudiantes\/#primaryimage"},"image":{"@id":"https:\/\/accesolatino.org\/conoce-los-apoyos-economicos-del-gobierno-estadounidense-para-estudiantes\/#primaryimage"},"thumbnailUrl":"https:\/\/accesolatino.org\/wp-content\/uploads\/2019\/10\/Conoce-los-apoyos-econ\u00f3micos-del-gobierno-estadounidense-para-estudiantes.jpg","datePublished":"2019-10-03T14:00:56+00:00","dateModified":"2025-10-16T23:58:41+00:00","description":"Conoce los apoyos econ\u00f3micos del gobierno estadounidense para estudiantes - Acceso Lationo","breadcrumb":{"@id":"https:\/\/accesolatino.org\/conoce-los-apoyos-economicos-del-gobierno-estadounidense-para-estudiantes\/#breadcrumb"},"inLanguage":"en-US","potentialAction":[{"@type":"ReadAction","target":["https:\/\/accesolatino.org\/conoce-los-apoyos-economicos-del-gobierno-estadounidense-para-estudiantes\/"]}]},{"@type":"ImageObject","inLanguage":"en-US","@id":"https:\/\/accesolatino.org\/conoce-los-apoyos-economicos-del-gobierno-estadounidense-para-estudiantes\/#primaryimage","url":"https:\/\/accesolatino.org\/wp-content\/uploads\/2019\/10\/Conoce-los-apoyos-econ\u00f3micos-del-gobierno-estadounidense-para-estudiantes.jpg","contentUrl":"https:\/\/accesolatino.org\/wp-content\/uploads\/2019\/10\/Conoce-los-apoyos-econ\u00f3micos-del-gobierno-estadounidense-para-estudiantes.jpg","width":600,"height":338,"caption":"apoyos econ\u00f3micos"},{"@type":"BreadcrumbList","@id":"https:\/\/accesolatino.org\/conoce-los-apoyos-economicos-del-gobierno-estadounidense-para-estudiantes\/#breadcrumb","itemListElement":[{"@type":"ListItem","position":1,"name":"Portada","item":"https:\/\/accesolatino.org\/"},{"@type":"ListItem","position":2,"name":"Conoce los apoyos econ\u00f3micos del gobierno estadounidense para estudiantes"}]},{"@type":"WebSite","@id":"https:\/\/accesolatino.org\/#website","url":"https:\/\/accesolatino.org\/","name":"Acceso Latino | Fundaci\u00f3n Carlos Slim","description":"Fundaci\u00f3n Carlos Slim","publisher":{"@id":"https:\/\/accesolatino.org\/#organization"},"potentialAction":[{"@type":"SearchAction","target":{"@type":"EntryPoint","urlTemplate":"https:\/\/accesolatino.org\/?s={search_term_string}"},"query-input":{"@type":"PropertyValueSpecification","valueRequired":true,"valueName":"search_term_string"}}],"inLanguage":"en-US"},{"@type":"Organization","@id":"https:\/\/accesolatino.org\/#organization","name":"Acceso Latino | Fundaci\u00f3n Carlos Slim","url":"https:\/\/accesolatino.org\/","logo":{"@type":"ImageObject","inLanguage":"en-US","@id":"https:\/\/accesolatino.org\/#\/schema\/logo\/image\/","url":"https:\/\/accesolatino.org\/wp-content\/uploads\/2021\/02\/logo-footer-acceso-latino.png","contentUrl":"https:\/\/accesolatino.org\/wp-content\/uploads\/2021\/02\/logo-footer-acceso-latino.png","width":240,"height":40,"caption":"Acceso Latino | Fundaci\u00f3n Carlos Slim"},"image":{"@id":"https:\/\/accesolatino.org\/#\/schema\/logo\/image\/"},"sameAs":["https:\/\/www.facebook.com\/AccesoLatinoOrg","https:\/\/x.com\/FAccLatino"]}]}},"_links":{"self":[{"href":"https:\/\/accesolatino.org\/en\/wp-json\/wp\/v2\/pages\/18762","targetHints":{"allow":["GET"]}}],"collection":[{"href":"https:\/\/accesolatino.org\/en\/wp-json\/wp\/v2\/pages"}],"about":[{"href":"https:\/\/accesolatino.org\/en\/wp-json\/wp\/v2\/types\/page"}],"author":[{"embeddable":true,"href":"https:\/\/accesolatino.org\/en\/wp-json\/wp\/v2\/users\/7"}],"replies":[{"embeddable":true,"href":"https:\/\/accesolatino.org\/en\/wp-json\/wp\/v2\/comments?post=18762"}],"version-history":[{"count":1,"href":"https:\/\/accesolatino.org\/en\/wp-json\/wp\/v2\/pages\/18762\/revisions"}],"predecessor-version":[{"id":64185,"href":"https:\/\/accesolatino.org\/en\/wp-json\/wp\/v2\/pages\/18762\/revisions\/64185"}],"wp:featuredmedia":[{"embeddable":true,"href":"https:\/\/accesolatino.org\/en\/wp-json\/wp\/v2\/media\/18763"}],"wp:attachment":[{"href":"https:\/\/accesolatino.org\/en\/wp-json\/wp\/v2\/media?parent=18762"}],"curies":[{"name":"wp","href":"https:\/\/api.w.org\/{rel}","templated":true}]}}