{"id":18627,"date":"2019-09-10T13:43:26","date_gmt":"2019-09-10T18:43:26","guid":{"rendered":"https:\/\/accesolatino.org\/?page_id=18627"},"modified":"2025-10-16T16:01:32","modified_gmt":"2025-10-16T22:01:32","slug":"en-busca-de-empleo-acceso-latino-te-da-entrada-de-forma-gratuita","status":"publish","type":"page","link":"https:\/\/accesolatino.org\/en\/buscas-empleo\/en-busca-de-empleo-acceso-latino-te-da-entrada-de-forma-gratuita\/","title":{"rendered":"Looking for a job? Acceso Latino gives you free admission"},"content":{"rendered":"<div data-elementor-type=\"wp-post\" data-elementor-id=\"18627\" class=\"elementor elementor-18627\">\n\t\t\t\t\t\t<section class=\"elementor-section elementor-top-section elementor-element elementor-element-ba4ddd5 elementor-section-full_width elementor-section-height-min-height elementor-section-items-stretch elementor-section-height-default wpr-particle-no wpr-jarallax-no wpr-parallax-no wpr-sticky-section-no wpr-equal-height-no\" data-id=\"ba4ddd5\" data-element_type=\"section\" data-e-type=\"section\" data-settings=\"{&quot;background_background&quot;:&quot;classic&quot;}\">\n\t\t\t\t\t\t<div class=\"elementor-container elementor-column-gap-no\">\n\t\t\t\t\t<div class=\"elementor-column elementor-col-100 elementor-top-column elementor-element elementor-element-c053cdb\" data-id=\"c053cdb\" data-element_type=\"column\" data-e-type=\"column\">\n\t\t\t<div class=\"elementor-widget-wrap elementor-element-populated\">\n\t\t\t\t\t\t<div class=\"elementor-element elementor-element-c20fad7 elementor--h-position-center elementor--v-position-middle elementor-widget elementor-widget-slides\" data-id=\"c20fad7\" data-element_type=\"widget\" data-e-type=\"widget\" data-settings=\"{&quot;navigation&quot;:&quot;none&quot;,&quot;infinite&quot;:&quot;yes&quot;,&quot;transition&quot;:&quot;slide&quot;,&quot;transition_speed&quot;:500}\" data-widget_type=\"slides.default\">\n\t\t\t\t<div class=\"elementor-widget-container\">\n\t\t\t\t\t\t\t<div class=\"elementor-swiper\">\n\t\t\t<div class=\"elementor-slides-wrapper elementor-main-swiper swiper-container\" dir=\"ltr\" data-animation=\"\">\n\t\t\t\t<div class=\"swiper-wrapper elementor-slides\">\n\t\t\t\t\t\t\t\t\t\t<div class=\"elementor-repeater-item-d983a28 swiper-slide\"><div class=\"swiper-slide-bg\"><\/div><div class=\"swiper-slide-inner\" ><div class=\"swiper-slide-contents\"><div class=\"elementor-slide-heading\">Looking for a job?<\/div><\/div><\/div><\/div>\t\t\t\t<\/div>\n\t\t\t\t\t\t\t<\/div>\n\t\t<\/div>\n\t\t\t\t\t\t<\/div>\n\t\t\t\t<\/div>\n\t\t\t\t\t<\/div>\n\t\t<\/div>\n\t\t\t\t\t<\/div>\n\t\t<\/section>\n\t\t\t\t<section class=\"elementor-section elementor-top-section elementor-element elementor-element-6c0d481 elementor-section-stretched elementor-section-boxed elementor-section-height-default elementor-section-height-default wpr-particle-no wpr-jarallax-no wpr-parallax-no wpr-sticky-section-no wpr-equal-height-no\" data-id=\"6c0d481\" data-element_type=\"section\" data-e-type=\"section\" data-settings=\"{&quot;stretch_section&quot;:&quot;section-stretched&quot;,&quot;background_background&quot;:&quot;classic&quot;}\">\n\t\t\t\t\t\t<div class=\"elementor-container elementor-column-gap-default\">\n\t\t\t\t\t<div class=\"elementor-column elementor-col-100 elementor-top-column elementor-element elementor-element-05af774\" data-id=\"05af774\" data-element_type=\"column\" data-e-type=\"column\">\n\t\t\t<div class=\"elementor-widget-wrap elementor-element-populated\">\n\t\t\t\t\t\t<div class=\"elementor-element elementor-element-56cec87 elementor-widget elementor-widget-heading\" data-id=\"56cec87\" data-element_type=\"widget\" data-e-type=\"widget\" data-widget_type=\"heading.default\">\n\t\t\t\t<div class=\"elementor-widget-container\">\n\t\t\t\t\t<h3 class=\"elementor-heading-title elementor-size-default\">Find a job for you, in our Job Search section.<\/h3>\t\t\t\t<\/div>\n\t\t\t\t<\/div>\n\t\t\t\t<div class=\"elementor-element elementor-element-55577c0 elementor-widget elementor-widget-text-editor\" data-id=\"55577c0\" data-element_type=\"widget\" data-e-type=\"widget\" data-widget_type=\"text-editor.default\">\n\t\t\t\t<div class=\"elementor-widget-container\">\n\t\t\t\t\t\t\t\t\t<p>Para aumentar las oportunidades de encontrar un mejor trabajo en la Uni\u00f3n Americana, Acceso Latino te facilita las herramientas e informaci\u00f3n necesaria oportuna para lograrlo. Igualmente estos instrumentos tambi\u00e9n son muy \u00fatiles para los connacionales que regresan a M\u00e9xico.<\/p><p>Fundaci\u00f3n Carlos Slim y Acceso Latino crearon la secci\u00f3n <a href=\"https:\/\/accesolatino.org\/en\/buscas-empleo\/\"><strong>\u201cBuscas Empleo\u201d<\/strong><\/a> que sirve como apoyo para encontrar trabajo, mejorar tus habilidades; y para quienes deseen aprender un oficio nuevo no se olviden de entrar a la secci\u00f3n de <a href=\"https:\/\/capacitateparaelempleo.org\/\">\u201c<strong>Capac\u00edtate para el empleo\u201d <\/strong><\/a>en donde encontrar\u00e1s cursos de:<\/p><ul><li style=\"list-style-type: none;\"><ul><li style=\"list-style-type: none;\"><ul><li>Administraci\u00f3n de bases datos<\/li><li>Administrador de la nube<\/li><li>Administrador de plataformas digitales de aprendizaje<\/li><li>Administrador de servidores<\/li><li>Analista de datos<\/li><li>Analista e proyectos BI<\/li><li>Asistente web<\/li><li>Asesor de servicios de infraestructura en la nube<\/li><li>Curador de datos<\/li><li>Desarrollador Back-end<\/li><li>Desarrollador de aplicaciones en la nube<\/li><li>Desarrollador de aplicaciones m\u00f3viles<\/li><li>Desarrollador de contenido digital<\/li><li>Desarrollador de contenidos de aprendizaje<\/li><\/ul><\/li><\/ul><\/li><\/ul><p>Y muchos otros cursos que te ayudar\u00e1n a desarrollar habilidades y tener un mejor curr\u00edculo.<\/p><p>Encuentra m\u00e1s herramientas en <a href=\"https:\/\/accesolatino.org\/en\/\"><strong>Acceso Latino<\/strong><\/a> tu primera ventana de consulta migratoria.<\/p>\t\t\t\t\t\t\t\t<\/div>\n\t\t\t\t<\/div>\n\t\t\t\t<div class=\"elementor-element elementor-element-c08d598 elementor-widget elementor-widget-spacer\" data-id=\"c08d598\" data-element_type=\"widget\" data-e-type=\"widget\" data-widget_type=\"spacer.default\">\n\t\t\t\t<div class=\"elementor-widget-container\">\n\t\t\t\t\t\t\t<div class=\"elementor-spacer\">\n\t\t\t<div class=\"elementor-spacer-inner\"><\/div>\n\t\t<\/div>\n\t\t\t\t\t\t<\/div>\n\t\t\t\t<\/div>\n\t\t\t\t\t<\/div>\n\t\t<\/div>\n\t\t\t\t\t<\/div>\n\t\t<\/section>\n\t\t\t\t<\/div>","protected":false},"excerpt":{"rendered":"<p>\u00bfBuscas empleo? Encuentra un trabajo para ti, en nuestra secci\u00f3n de Buscas Empleo Para aumentar las oportunidades de encontrar un mejor trabajo en la Uni\u00f3n Americana, Acceso Latino te facilita las herramientas e informaci\u00f3n necesaria oportuna para lograrlo. Igualmente estos instrumentos tambi\u00e9n son muy \u00fatiles para los connacionales que regresan a M\u00e9xico. Fundaci\u00f3n Carlos Slim y Acceso Latino crearon la secci\u00f3n \u201cBuscas Empleo\u201d que sirve como apoyo para encontrar trabajo, mejorar tus habilidades; y para quienes deseen aprender un oficio nuevo no se olviden de entrar a la secci\u00f3n de \u201cCapac\u00edtate para el empleo\u201d en donde encontrar\u00e1s cursos de: Administraci\u00f3n de bases datos Administrador de la nube Administrador de plataformas digitales de aprendizaje Administrador de servidores Analista de datos Analista e proyectos BI Asistente web Asesor de servicios de infraestructura en la nube Curador de datos Desarrollador Back-end Desarrollador de aplicaciones en la nube Desarrollador de aplicaciones m\u00f3viles Desarrollador de contenido digital Desarrollador de contenidos de aprendizaje Y muchos otros cursos que te ayudar\u00e1n a desarrollar habilidades y tener un mejor curr\u00edculo. Encuentra m\u00e1s herramientas en Acceso Latino tu primera ventana de consulta migratoria.<\/p>","protected":false},"author":5,"featured_media":18631,"parent":2747,"menu_order":0,"comment_status":"closed","ping_status":"closed","template":"elementor_header_footer","meta":{"_uf_show_specific_survey":0,"_uf_disable_surveys":false,"footnotes":""},"class_list":["post-18627","page","type-page","status-publish","has-post-thumbnail"],"aioseo_notices":[],"yoast_head":"<!-- This site is optimized with the Yoast SEO plugin v27.5 - https:\/\/yoast.com\/product\/yoast-seo-wordpress\/ -->\n<title>\u00bfEn busca de empleo? Acceso Latino te da entrada de forma gratuita<\/title>\n<meta name=\"description\" content=\"\u00bfBuscas empleo en Estados Unidos? Te compartimos algunas herramientas para capacitarte y encontrarlo - Acceso Latino\" \/>\n<meta name=\"robots\" content=\"index, follow, max-snippet:-1, max-image-preview:large, max-video-preview:-1\" \/>\n<link rel=\"canonical\" href=\"https:\/\/accesolatino.org\/en\/buscas-empleo\/en-busca-de-empleo-acceso-latino-te-da-entrada-de-forma-gratuita\/\" \/>\n<meta property=\"og:locale\" content=\"en_US\" \/>\n<meta property=\"og:type\" content=\"article\" \/>\n<meta property=\"og:title\" content=\"Acceso Latino | \u00bfEn busca de empleo? Acceso Latino te da entrada de forma gratuita\" \/>\n<meta property=\"og:description\" content=\"\u00bfBuscas empleo en Estados Unidos? Te compartimos algunas herrmientas para capacitarte y encontrarlo.\" \/>\n<meta property=\"og:url\" content=\"https:\/\/accesolatino.org\/en\/buscas-empleo\/en-busca-de-empleo-acceso-latino-te-da-entrada-de-forma-gratuita\/\" \/>\n<meta property=\"og:site_name\" content=\"Acceso Latino\" \/>\n<meta property=\"article:publisher\" content=\"https:\/\/www.facebook.com\/AccesoLatinoOrg\" \/>\n<meta property=\"article:modified_time\" content=\"2025-10-16T22:01:32+00:00\" \/>\n<meta property=\"og:image\" content=\"https:\/\/accesolatino.org\/wp-content\/uploads\/2019\/09\/\u00bfEn-busca-de-empleo-Acceso-Latino-te-da-entrada-de-forma-gratuita.jpg\" \/>\n\t<meta property=\"og:image:width\" content=\"600\" \/>\n\t<meta property=\"og:image:height\" content=\"338\" \/>\n\t<meta property=\"og:image:type\" content=\"image\/jpeg\" \/>\n<meta name=\"twitter:card\" content=\"summary_large_image\" \/>\n<meta name=\"twitter:title\" content=\"Acceso Latino | \u00bfEn busca de empleo? Acceso Latino te da entrada de forma gratuita\" \/>\n<meta name=\"twitter:description\" content=\"\u00bfBuscas empleo en Estados Unidos? Te compartimos algunas herrmientas para capacitarte y encontrarlo.\" \/>\n<meta name=\"twitter:image\" content=\"https:\/\/accesolatino.org\/wp-content\/uploads\/2019\/09\/\u00bfEn-busca-de-empleo-Acceso-Latino-te-da-entrada-de-forma-gratuita.jpg\" \/>\n<meta name=\"twitter:site\" content=\"@FAccLatino\" \/>\n<meta name=\"twitter:label1\" content=\"Est. reading time\" \/>\n\t<meta name=\"twitter:data1\" content=\"2 minutes\" \/>\n<script type=\"application\/ld+json\" class=\"yoast-schema-graph\">{\"@context\":\"https:\\\/\\\/schema.org\",\"@graph\":[{\"@type\":\"WebPage\",\"@id\":\"https:\\\/\\\/accesolatino.org\\\/buscas-empleo\\\/en-busca-de-empleo-acceso-latino-te-da-entrada-de-forma-gratuita\\\/\",\"url\":\"https:\\\/\\\/accesolatino.org\\\/buscas-empleo\\\/en-busca-de-empleo-acceso-latino-te-da-entrada-de-forma-gratuita\\\/\",\"name\":\"\u00bfEn busca de empleo? Acceso Latino te da entrada de forma gratuita\",\"isPartOf\":{\"@id\":\"https:\\\/\\\/accesolatino.org\\\/#website\"},\"primaryImageOfPage\":{\"@id\":\"https:\\\/\\\/accesolatino.org\\\/buscas-empleo\\\/en-busca-de-empleo-acceso-latino-te-da-entrada-de-forma-gratuita\\\/#primaryimage\"},\"image\":{\"@id\":\"https:\\\/\\\/accesolatino.org\\\/buscas-empleo\\\/en-busca-de-empleo-acceso-latino-te-da-entrada-de-forma-gratuita\\\/#primaryimage\"},\"thumbnailUrl\":\"https:\\\/\\\/accesolatino.org\\\/wp-content\\\/uploads\\\/2019\\\/09\\\/\u00bfEn-busca-de-empleo-Acceso-Latino-te-da-entrada-de-forma-gratuita.jpg\",\"datePublished\":\"2019-09-10T18:43:26+00:00\",\"dateModified\":\"2025-10-16T22:01:32+00:00\",\"description\":\"\u00bfBuscas empleo en Estados Unidos? Te compartimos algunas herramientas para capacitarte y encontrarlo - Acceso Latino\",\"breadcrumb\":{\"@id\":\"https:\\\/\\\/accesolatino.org\\\/buscas-empleo\\\/en-busca-de-empleo-acceso-latino-te-da-entrada-de-forma-gratuita\\\/#breadcrumb\"},\"inLanguage\":\"en-US\",\"potentialAction\":[{\"@type\":\"ReadAction\",\"target\":[\"https:\\\/\\\/accesolatino.org\\\/buscas-empleo\\\/en-busca-de-empleo-acceso-latino-te-da-entrada-de-forma-gratuita\\\/\"]}]},{\"@type\":\"ImageObject\",\"inLanguage\":\"en-US\",\"@id\":\"https:\\\/\\\/accesolatino.org\\\/buscas-empleo\\\/en-busca-de-empleo-acceso-latino-te-da-entrada-de-forma-gratuita\\\/#primaryimage\",\"url\":\"https:\\\/\\\/accesolatino.org\\\/wp-content\\\/uploads\\\/2019\\\/09\\\/\u00bfEn-busca-de-empleo-Acceso-Latino-te-da-entrada-de-forma-gratuita.jpg\",\"contentUrl\":\"https:\\\/\\\/accesolatino.org\\\/wp-content\\\/uploads\\\/2019\\\/09\\\/\u00bfEn-busca-de-empleo-Acceso-Latino-te-da-entrada-de-forma-gratuita.jpg\",\"width\":600,\"height\":338,\"caption\":\"buscas empleo\"},{\"@type\":\"BreadcrumbList\",\"@id\":\"https:\\\/\\\/accesolatino.org\\\/buscas-empleo\\\/en-busca-de-empleo-acceso-latino-te-da-entrada-de-forma-gratuita\\\/#breadcrumb\",\"itemListElement\":[{\"@type\":\"ListItem\",\"position\":1,\"name\":\"Portada\",\"item\":\"https:\\\/\\\/accesolatino.org\\\/\"},{\"@type\":\"ListItem\",\"position\":2,\"name\":\"Buscas Empleo\",\"item\":\"https:\\\/\\\/accesolatino.org\\\/en\\\/buscas-empleo\\\/\"},{\"@type\":\"ListItem\",\"position\":3,\"name\":\"\u00bfEn busca de empleo? Acceso Latino te da entrada de forma gratuita\"}]},{\"@type\":\"WebSite\",\"@id\":\"https:\\\/\\\/accesolatino.org\\\/#website\",\"url\":\"https:\\\/\\\/accesolatino.org\\\/\",\"name\":\"Acceso Latino | Fundaci\u00f3n Carlos Slim\",\"description\":\"Fundaci\u00f3n Carlos Slim\",\"publisher\":{\"@id\":\"https:\\\/\\\/accesolatino.org\\\/#organization\"},\"potentialAction\":[{\"@type\":\"SearchAction\",\"target\":{\"@type\":\"EntryPoint\",\"urlTemplate\":\"https:\\\/\\\/accesolatino.org\\\/?s={search_term_string}\"},\"query-input\":{\"@type\":\"PropertyValueSpecification\",\"valueRequired\":true,\"valueName\":\"search_term_string\"}}],\"inLanguage\":\"en-US\"},{\"@type\":\"Organization\",\"@id\":\"https:\\\/\\\/accesolatino.org\\\/#organization\",\"name\":\"Acceso Latino | Fundaci\u00f3n Carlos Slim\",\"url\":\"https:\\\/\\\/accesolatino.org\\\/\",\"logo\":{\"@type\":\"ImageObject\",\"inLanguage\":\"en-US\",\"@id\":\"https:\\\/\\\/accesolatino.org\\\/#\\\/schema\\\/logo\\\/image\\\/\",\"url\":\"https:\\\/\\\/accesolatino.org\\\/wp-content\\\/uploads\\\/2021\\\/02\\\/logo-footer-acceso-latino.png\",\"contentUrl\":\"https:\\\/\\\/accesolatino.org\\\/wp-content\\\/uploads\\\/2021\\\/02\\\/logo-footer-acceso-latino.png\",\"width\":240,\"height\":40,\"caption\":\"Acceso Latino | Fundaci\u00f3n Carlos Slim\"},\"image\":{\"@id\":\"https:\\\/\\\/accesolatino.org\\\/#\\\/schema\\\/logo\\\/image\\\/\"},\"sameAs\":[\"https:\\\/\\\/www.facebook.com\\\/AccesoLatinoOrg\",\"https:\\\/\\\/x.com\\\/FAccLatino\"]}]}<\/script>\n<!-- \/ Yoast SEO plugin. -->","yoast_head_json":{"title":"Looking for a job? Acceso Latino gives you free admission","description":"\u00bfBuscas empleo en Estados Unidos? Te compartimos algunas herramientas para capacitarte y encontrarlo - Acceso Latino","robots":{"index":"index","follow":"follow","max-snippet":"max-snippet:-1","max-image-preview":"max-image-preview:large","max-video-preview":"max-video-preview:-1"},"canonical":"https:\/\/accesolatino.org\/en\/buscas-empleo\/en-busca-de-empleo-acceso-latino-te-da-entrada-de-forma-gratuita\/","og_locale":"en_US","og_type":"article","og_title":"Acceso Latino | \u00bfEn busca de empleo? Acceso Latino te da entrada de forma gratuita","og_description":"\u00bfBuscas empleo en Estados Unidos? Te compartimos algunas herrmientas para capacitarte y encontrarlo.","og_url":"https:\/\/accesolatino.org\/en\/buscas-empleo\/en-busca-de-empleo-acceso-latino-te-da-entrada-de-forma-gratuita\/","og_site_name":"Acceso Latino","article_publisher":"https:\/\/www.facebook.com\/AccesoLatinoOrg","article_modified_time":"2025-10-16T22:01:32+00:00","og_image":[{"width":600,"height":338,"url":"https:\/\/accesolatino.org\/wp-content\/uploads\/2019\/09\/\u00bfEn-busca-de-empleo-Acceso-Latino-te-da-entrada-de-forma-gratuita.jpg","type":"image\/jpeg"}],"twitter_card":"summary_large_image","twitter_title":"Acceso Latino | \u00bfEn busca de empleo? Acceso Latino te da entrada de forma gratuita","twitter_description":"\u00bfBuscas empleo en Estados Unidos? Te compartimos algunas herrmientas para capacitarte y encontrarlo.","twitter_image":"https:\/\/accesolatino.org\/wp-content\/uploads\/2019\/09\/\u00bfEn-busca-de-empleo-Acceso-Latino-te-da-entrada-de-forma-gratuita.jpg","twitter_site":"@FAccLatino","twitter_misc":{"Est. reading time":"2 minutes"},"schema":{"@context":"https:\/\/schema.org","@graph":[{"@type":"WebPage","@id":"https:\/\/accesolatino.org\/buscas-empleo\/en-busca-de-empleo-acceso-latino-te-da-entrada-de-forma-gratuita\/","url":"https:\/\/accesolatino.org\/buscas-empleo\/en-busca-de-empleo-acceso-latino-te-da-entrada-de-forma-gratuita\/","name":"Looking for a job? Acceso Latino gives you free admission","isPartOf":{"@id":"https:\/\/accesolatino.org\/#website"},"primaryImageOfPage":{"@id":"https:\/\/accesolatino.org\/buscas-empleo\/en-busca-de-empleo-acceso-latino-te-da-entrada-de-forma-gratuita\/#primaryimage"},"image":{"@id":"https:\/\/accesolatino.org\/buscas-empleo\/en-busca-de-empleo-acceso-latino-te-da-entrada-de-forma-gratuita\/#primaryimage"},"thumbnailUrl":"https:\/\/accesolatino.org\/wp-content\/uploads\/2019\/09\/\u00bfEn-busca-de-empleo-Acceso-Latino-te-da-entrada-de-forma-gratuita.jpg","datePublished":"2019-09-10T18:43:26+00:00","dateModified":"2025-10-16T22:01:32+00:00","description":"\u00bfBuscas empleo en Estados Unidos? Te compartimos algunas herramientas para capacitarte y encontrarlo - Acceso Latino","breadcrumb":{"@id":"https:\/\/accesolatino.org\/buscas-empleo\/en-busca-de-empleo-acceso-latino-te-da-entrada-de-forma-gratuita\/#breadcrumb"},"inLanguage":"en-US","potentialAction":[{"@type":"ReadAction","target":["https:\/\/accesolatino.org\/buscas-empleo\/en-busca-de-empleo-acceso-latino-te-da-entrada-de-forma-gratuita\/"]}]},{"@type":"ImageObject","inLanguage":"en-US","@id":"https:\/\/accesolatino.org\/buscas-empleo\/en-busca-de-empleo-acceso-latino-te-da-entrada-de-forma-gratuita\/#primaryimage","url":"https:\/\/accesolatino.org\/wp-content\/uploads\/2019\/09\/\u00bfEn-busca-de-empleo-Acceso-Latino-te-da-entrada-de-forma-gratuita.jpg","contentUrl":"https:\/\/accesolatino.org\/wp-content\/uploads\/2019\/09\/\u00bfEn-busca-de-empleo-Acceso-Latino-te-da-entrada-de-forma-gratuita.jpg","width":600,"height":338,"caption":"buscas empleo"},{"@type":"BreadcrumbList","@id":"https:\/\/accesolatino.org\/buscas-empleo\/en-busca-de-empleo-acceso-latino-te-da-entrada-de-forma-gratuita\/#breadcrumb","itemListElement":[{"@type":"ListItem","position":1,"name":"Portada","item":"https:\/\/accesolatino.org\/"},{"@type":"ListItem","position":2,"name":"Buscas Empleo","item":"https:\/\/accesolatino.org\/en\/buscas-empleo\/"},{"@type":"ListItem","position":3,"name":"\u00bfEn busca de empleo? Acceso Latino te da entrada de forma gratuita"}]},{"@type":"WebSite","@id":"https:\/\/accesolatino.org\/#website","url":"https:\/\/accesolatino.org\/","name":"Acceso Latino | Fundaci\u00f3n Carlos Slim","description":"Fundaci\u00f3n Carlos Slim","publisher":{"@id":"https:\/\/accesolatino.org\/#organization"},"potentialAction":[{"@type":"SearchAction","target":{"@type":"EntryPoint","urlTemplate":"https:\/\/accesolatino.org\/?s={search_term_string}"},"query-input":{"@type":"PropertyValueSpecification","valueRequired":true,"valueName":"search_term_string"}}],"inLanguage":"en-US"},{"@type":"Organization","@id":"https:\/\/accesolatino.org\/#organization","name":"Acceso Latino | Fundaci\u00f3n Carlos Slim","url":"https:\/\/accesolatino.org\/","logo":{"@type":"ImageObject","inLanguage":"en-US","@id":"https:\/\/accesolatino.org\/#\/schema\/logo\/image\/","url":"https:\/\/accesolatino.org\/wp-content\/uploads\/2021\/02\/logo-footer-acceso-latino.png","contentUrl":"https:\/\/accesolatino.org\/wp-content\/uploads\/2021\/02\/logo-footer-acceso-latino.png","width":240,"height":40,"caption":"Acceso Latino | Fundaci\u00f3n Carlos Slim"},"image":{"@id":"https:\/\/accesolatino.org\/#\/schema\/logo\/image\/"},"sameAs":["https:\/\/www.facebook.com\/AccesoLatinoOrg","https:\/\/x.com\/FAccLatino"]}]}},"_links":{"self":[{"href":"https:\/\/accesolatino.org\/en\/wp-json\/wp\/v2\/pages\/18627","targetHints":{"allow":["GET"]}}],"collection":[{"href":"https:\/\/accesolatino.org\/en\/wp-json\/wp\/v2\/pages"}],"about":[{"href":"https:\/\/accesolatino.org\/en\/wp-json\/wp\/v2\/types\/page"}],"author":[{"embeddable":true,"href":"https:\/\/accesolatino.org\/en\/wp-json\/wp\/v2\/users\/5"}],"replies":[{"embeddable":true,"href":"https:\/\/accesolatino.org\/en\/wp-json\/wp\/v2\/comments?post=18627"}],"version-history":[{"count":1,"href":"https:\/\/accesolatino.org\/en\/wp-json\/wp\/v2\/pages\/18627\/revisions"}],"predecessor-version":[{"id":64132,"href":"https:\/\/accesolatino.org\/en\/wp-json\/wp\/v2\/pages\/18627\/revisions\/64132"}],"up":[{"embeddable":true,"href":"https:\/\/accesolatino.org\/en\/wp-json\/wp\/v2\/pages\/2747"}],"wp:featuredmedia":[{"embeddable":true,"href":"https:\/\/accesolatino.org\/en\/wp-json\/wp\/v2\/media\/18631"}],"wp:attachment":[{"href":"https:\/\/accesolatino.org\/en\/wp-json\/wp\/v2\/media?parent=18627"}],"curies":[{"name":"wp","href":"https:\/\/api.w.org\/{rel}","templated":true}]}}