{"id":18615,"date":"2019-09-09T12:55:49","date_gmt":"2019-09-09T17:55:49","guid":{"rendered":"https:\/\/accesolatino.org\/?page_id=18615"},"modified":"2025-10-16T15:47:06","modified_gmt":"2025-10-16T21:47:06","slug":"ya-conoces-las-opciones-de-estudios-academicos-que-acceso-latino-tiene","status":"publish","type":"page","link":"https:\/\/accesolatino.org\/en\/ya-conoces-las-opciones-de-estudios-academicos-que-acceso-latino-tiene\/","title":{"rendered":"\u00bfYa conoces las opciones de estudios acad\u00e9micos que Acceso Latino tiene para ti migrante?"},"content":{"rendered":"<div data-elementor-type=\"wp-post\" data-elementor-id=\"18615\" class=\"elementor elementor-18615\">\n\t\t\t\t\t\t<section class=\"elementor-section elementor-top-section elementor-element elementor-element-799e0d7 elementor-section-full_width elementor-section-height-min-height elementor-section-items-stretch elementor-section-height-default wpr-particle-no wpr-jarallax-no wpr-parallax-no wpr-sticky-section-no wpr-equal-height-no\" data-id=\"799e0d7\" data-element_type=\"section\" data-e-type=\"section\" data-settings=\"{&quot;background_background&quot;:&quot;classic&quot;}\">\n\t\t\t\t\t\t<div class=\"elementor-container elementor-column-gap-no\">\n\t\t\t\t\t<div class=\"elementor-column elementor-col-100 elementor-top-column elementor-element elementor-element-61d58af\" data-id=\"61d58af\" data-element_type=\"column\" data-e-type=\"column\">\n\t\t\t<div class=\"elementor-widget-wrap elementor-element-populated\">\n\t\t\t\t\t\t<div class=\"elementor-element elementor-element-834aab3 elementor--h-position-center elementor--v-position-middle elementor-widget elementor-widget-slides\" data-id=\"834aab3\" data-element_type=\"widget\" data-e-type=\"widget\" data-settings=\"{&quot;navigation&quot;:&quot;none&quot;,&quot;infinite&quot;:&quot;yes&quot;,&quot;transition&quot;:&quot;slide&quot;,&quot;transition_speed&quot;:500}\" data-widget_type=\"slides.default\">\n\t\t\t\t<div class=\"elementor-widget-container\">\n\t\t\t\t\t\t\t<div class=\"elementor-swiper\">\n\t\t\t<div class=\"elementor-slides-wrapper elementor-main-swiper swiper-container\" dir=\"ltr\" data-animation=\"\">\n\t\t\t\t<div class=\"swiper-wrapper elementor-slides\">\n\t\t\t\t\t\t\t\t\t\t<div class=\"elementor-repeater-item-d983a28 swiper-slide\"><div class=\"swiper-slide-bg\"><\/div><div class=\"swiper-slide-inner\" ><div class=\"swiper-slide-contents\"><div class=\"elementor-slide-heading\">Education<\/div><\/div><\/div><\/div>\t\t\t\t<\/div>\n\t\t\t\t\t\t\t<\/div>\n\t\t<\/div>\n\t\t\t\t\t\t<\/div>\n\t\t\t\t<\/div>\n\t\t\t\t\t<\/div>\n\t\t<\/div>\n\t\t\t\t\t<\/div>\n\t\t<\/section>\n\t\t\t\t<section class=\"elementor-section elementor-top-section elementor-element elementor-element-b2a7e7b elementor-section-stretched elementor-section-boxed elementor-section-height-default elementor-section-height-default wpr-particle-no wpr-jarallax-no wpr-parallax-no wpr-sticky-section-no wpr-equal-height-no\" data-id=\"b2a7e7b\" data-element_type=\"section\" data-e-type=\"section\" data-settings=\"{&quot;stretch_section&quot;:&quot;section-stretched&quot;,&quot;background_background&quot;:&quot;classic&quot;}\">\n\t\t\t\t\t\t<div class=\"elementor-container elementor-column-gap-default\">\n\t\t\t\t\t<div class=\"elementor-column elementor-col-100 elementor-top-column elementor-element elementor-element-1f1de95\" data-id=\"1f1de95\" data-element_type=\"column\" data-e-type=\"column\">\n\t\t\t<div class=\"elementor-widget-wrap elementor-element-populated\">\n\t\t\t\t\t\t<div class=\"elementor-element elementor-element-fac494a elementor-widget elementor-widget-heading\" data-id=\"fac494a\" data-element_type=\"widget\" data-e-type=\"widget\" data-widget_type=\"heading.default\">\n\t\t\t\t<div class=\"elementor-widget-container\">\n\t\t\t\t\t<h3 class=\"elementor-heading-title elementor-size-default\">\u00bfYa conoces las opciones de estudios acad\u00e9micos que Acceso Latino tiene para ti amigo inmigrante?<\/h3>\t\t\t\t<\/div>\n\t\t\t\t<\/div>\n\t\t\t\t<div class=\"elementor-element elementor-element-f827ecd elementor-widget elementor-widget-text-editor\" data-id=\"f827ecd\" data-element_type=\"widget\" data-e-type=\"widget\" data-widget_type=\"text-editor.default\">\n\t\t\t\t<div class=\"elementor-widget-container\">\n\t\t\t\t\t\t\t\t\t<p>El tener una educaci\u00f3n acad\u00e9mica, siempre presentar\u00e1 mejores oportunidades para un mejor futuro.<\/p><p>En nuestro portal encontrar\u00e1s muchas opciones para iniciar o continuar tus estudios y buscar una mejor vida, ya sea en territorio norteamericano o en M\u00e9xico.<\/p><p>Si lo que necesitas es informaci\u00f3n para el examen de equivalencia de estudios, becas para inmigrantes latinos, en esta opci\u00f3n te facilitamos el contacto con algunas organizaciones que ofrecen este servicio.<\/p><p>Ayuda financiera del gobierno para estudiantes. Brinda un apoyo econ\u00f3mico para que inmigrantes latinos estudien la universidad.<\/p><p>La Secretaria de Educaci\u00f3n P\u00fablica cuenta con un apoyo para los que regresan a territorio mexicano y normas para el ingreso de estudiantes al sistema educativo nacional.<\/p><p>Tambi\u00e9n existen cursos en l\u00ednea gratis, talleres y cursos de la UNAM y el programa ASUME que es un programa de superaci\u00f3n personal, familiar y social.<\/p><p>Todo ESTO lo encontrar\u00e1s en nuestra secci\u00f3n de \u201cEducaci\u00f3n\u201d.<\/p><p>In <a href=\"https:\/\/accesolatino.org\/en\/\"><strong>Acceso Latino tu primera ventana de consulta migratoria<\/strong><\/a>, encontrar\u00e1s herramientas gratuitas que te ayudar\u00e1n en lo que necesites.<\/p>\t\t\t\t\t\t\t\t<\/div>\n\t\t\t\t<\/div>\n\t\t\t\t<div class=\"elementor-element elementor-element-a7e1523 elementor-widget elementor-widget-spacer\" data-id=\"a7e1523\" data-element_type=\"widget\" data-e-type=\"widget\" data-widget_type=\"spacer.default\">\n\t\t\t\t<div class=\"elementor-widget-container\">\n\t\t\t\t\t\t\t<div class=\"elementor-spacer\">\n\t\t\t<div class=\"elementor-spacer-inner\"><\/div>\n\t\t<\/div>\n\t\t\t\t\t\t<\/div>\n\t\t\t\t<\/div>\n\t\t\t\t\t<\/div>\n\t\t<\/div>\n\t\t\t\t\t<\/div>\n\t\t<\/section>\n\t\t\t\t<\/div>","protected":false},"excerpt":{"rendered":"<p>Educaci\u00f3n \u00bfYa conoces las opciones de estudios acad\u00e9micos que Acceso Latino tiene para ti amigo inmigrante? El tener una educaci\u00f3n acad\u00e9mica, siempre presentar\u00e1 mejores oportunidades para un mejor futuro. En nuestro portal encontrar\u00e1s muchas opciones para iniciar o continuar tus estudios y buscar una mejor vida, ya sea en territorio norteamericano o en M\u00e9xico. Si lo que necesitas es informaci\u00f3n para el examen de equivalencia de estudios, becas para inmigrantes latinos, en esta opci\u00f3n te facilitamos el contacto con algunas organizaciones que ofrecen este servicio. Ayuda financiera del gobierno para estudiantes. Brinda un apoyo econ\u00f3mico para que inmigrantes latinos estudien la universidad. La Secretaria de Educaci\u00f3n P\u00fablica cuenta con un apoyo para los que regresan a territorio mexicano y normas para el ingreso de estudiantes al sistema educativo nacional. Tambi\u00e9n existen cursos en l\u00ednea gratis, talleres y cursos de la UNAM y el programa ASUME que es un programa de superaci\u00f3n personal, familiar y social. Todo ESTO lo encontrar\u00e1s en nuestra secci\u00f3n de \u201cEducaci\u00f3n\u201d. En Acceso Latino tu primera ventana de consulta migratoria, encontrar\u00e1s herramientas gratuitas que te ayudar\u00e1n en lo que necesites.<\/p>","protected":false},"author":7,"featured_media":18616,"parent":0,"menu_order":0,"comment_status":"closed","ping_status":"closed","template":"elementor_header_footer","meta":{"_uf_show_specific_survey":0,"_uf_disable_surveys":false,"footnotes":""},"class_list":["post-18615","page","type-page","status-publish","has-post-thumbnail"],"aioseo_notices":[],"yoast_head":"<!-- This site is optimized with the Yoast SEO plugin v27.5 - https:\/\/yoast.com\/product\/yoast-seo-wordpress\/ -->\n<title>\u00bfYa conoces las opciones de estudios acad\u00e9micos que Acceso Latino tiene para ti amigo inmigrante?<\/title>\n<meta name=\"description\" content=\"Conoce todas las aplicaciones que te pueden ser de ayuda en todos los procesos de migraci\u00f3n legal - Acceso Latino\" \/>\n<meta name=\"robots\" content=\"index, follow, max-snippet:-1, max-image-preview:large, max-video-preview:-1\" \/>\n<link rel=\"canonical\" href=\"https:\/\/accesolatino.org\/en\/ya-conoces-las-opciones-de-estudios-academicos-que-acceso-latino-tiene\/\" \/>\n<meta property=\"og:locale\" content=\"en_US\" \/>\n<meta property=\"og:type\" content=\"article\" \/>\n<meta property=\"og:title\" content=\"Acceso Latino | \u00bfYa conoces las opciones de estudios acad\u00e9micos que Acceso Latino tiene para ti migrante?\" \/>\n<meta property=\"og:description\" content=\"Conoce las Instituciones que te pueden ser de ayuda en otros pa\u00edses.\" \/>\n<meta property=\"og:url\" content=\"https:\/\/accesolatino.org\/en\/ya-conoces-las-opciones-de-estudios-academicos-que-acceso-latino-tiene\/\" \/>\n<meta property=\"og:site_name\" content=\"Acceso Latino\" \/>\n<meta property=\"article:publisher\" content=\"https:\/\/www.facebook.com\/AccesoLatinoOrg\" \/>\n<meta property=\"article:modified_time\" content=\"2025-10-16T21:47:06+00:00\" \/>\n<meta property=\"og:image\" content=\"https:\/\/accesolatino.org\/wp-content\/uploads\/2019\/09\/\u00bfYa-conoces-las-opciones-de-estudios-acad\u00e9micos-que-Acceso-Latino-tiene-para-ti-amigo-inmigrante.png\" \/>\n\t<meta property=\"og:image:width\" content=\"600\" \/>\n\t<meta property=\"og:image:height\" content=\"338\" \/>\n\t<meta property=\"og:image:type\" content=\"image\/png\" \/>\n<meta name=\"twitter:card\" content=\"summary_large_image\" \/>\n<meta name=\"twitter:title\" content=\"Acceso Latino | \u00bfYa conoces las opciones de estudios acad\u00e9micos que Acceso Latino tiene para ti migrante?\" \/>\n<meta name=\"twitter:description\" content=\"Conoce las Instituciones que te pueden ser de ayuda en otros pa\u00edses.\" \/>\n<meta name=\"twitter:image\" content=\"https:\/\/accesolatino.org\/wp-content\/uploads\/2019\/09\/\u00bfYa-conoces-las-opciones-de-estudios-acad\u00e9micos-que-Acceso-Latino-tiene-para-ti-amigo-inmigrante.png\" \/>\n<meta name=\"twitter:site\" content=\"@FAccLatino\" \/>\n<meta name=\"twitter:label1\" content=\"Est. reading time\" \/>\n\t<meta name=\"twitter:data1\" content=\"2 minutes\" \/>\n<script type=\"application\/ld+json\" class=\"yoast-schema-graph\">{\"@context\":\"https:\\\/\\\/schema.org\",\"@graph\":[{\"@type\":\"WebPage\",\"@id\":\"https:\\\/\\\/accesolatino.org\\\/en\\\/ya-conoces-las-opciones-de-estudios-academicos-que-acceso-latino-tiene\\\/\",\"url\":\"https:\\\/\\\/accesolatino.org\\\/en\\\/ya-conoces-las-opciones-de-estudios-academicos-que-acceso-latino-tiene\\\/\",\"name\":\"\u00bfYa conoces las opciones de estudios acad\u00e9micos que Acceso Latino tiene para ti amigo inmigrante?\",\"isPartOf\":{\"@id\":\"https:\\\/\\\/accesolatino.org\\\/#website\"},\"primaryImageOfPage\":{\"@id\":\"https:\\\/\\\/accesolatino.org\\\/en\\\/ya-conoces-las-opciones-de-estudios-academicos-que-acceso-latino-tiene\\\/#primaryimage\"},\"image\":{\"@id\":\"https:\\\/\\\/accesolatino.org\\\/en\\\/ya-conoces-las-opciones-de-estudios-academicos-que-acceso-latino-tiene\\\/#primaryimage\"},\"thumbnailUrl\":\"https:\\\/\\\/accesolatino.org\\\/wp-content\\\/uploads\\\/2019\\\/09\\\/\u00bfYa-conoces-las-opciones-de-estudios-acad\u00e9micos-que-Acceso-Latino-tiene-para-ti-amigo-inmigrante.png\",\"datePublished\":\"2019-09-09T17:55:49+00:00\",\"dateModified\":\"2025-10-16T21:47:06+00:00\",\"description\":\"Conoce todas las aplicaciones que te pueden ser de ayuda en todos los procesos de migraci\u00f3n legal - Acceso Latino\",\"breadcrumb\":{\"@id\":\"https:\\\/\\\/accesolatino.org\\\/en\\\/ya-conoces-las-opciones-de-estudios-academicos-que-acceso-latino-tiene\\\/#breadcrumb\"},\"inLanguage\":\"en-US\",\"potentialAction\":[{\"@type\":\"ReadAction\",\"target\":[\"https:\\\/\\\/accesolatino.org\\\/en\\\/ya-conoces-las-opciones-de-estudios-academicos-que-acceso-latino-tiene\\\/\"]}]},{\"@type\":\"ImageObject\",\"inLanguage\":\"en-US\",\"@id\":\"https:\\\/\\\/accesolatino.org\\\/en\\\/ya-conoces-las-opciones-de-estudios-academicos-que-acceso-latino-tiene\\\/#primaryimage\",\"url\":\"https:\\\/\\\/accesolatino.org\\\/wp-content\\\/uploads\\\/2019\\\/09\\\/\u00bfYa-conoces-las-opciones-de-estudios-acad\u00e9micos-que-Acceso-Latino-tiene-para-ti-amigo-inmigrante.png\",\"contentUrl\":\"https:\\\/\\\/accesolatino.org\\\/wp-content\\\/uploads\\\/2019\\\/09\\\/\u00bfYa-conoces-las-opciones-de-estudios-acad\u00e9micos-que-Acceso-Latino-tiene-para-ti-amigo-inmigrante.png\",\"width\":600,\"height\":338,\"caption\":\"estudios acad\u00e9micos\"},{\"@type\":\"BreadcrumbList\",\"@id\":\"https:\\\/\\\/accesolatino.org\\\/en\\\/ya-conoces-las-opciones-de-estudios-academicos-que-acceso-latino-tiene\\\/#breadcrumb\",\"itemListElement\":[{\"@type\":\"ListItem\",\"position\":1,\"name\":\"Portada\",\"item\":\"https:\\\/\\\/accesolatino.org\\\/\"},{\"@type\":\"ListItem\",\"position\":2,\"name\":\"\u00bfYa conoces las opciones de estudios acad\u00e9micos que Acceso Latino tiene para ti migrante?\"}]},{\"@type\":\"WebSite\",\"@id\":\"https:\\\/\\\/accesolatino.org\\\/#website\",\"url\":\"https:\\\/\\\/accesolatino.org\\\/\",\"name\":\"Acceso Latino | Fundaci\u00f3n Carlos Slim\",\"description\":\"Fundaci\u00f3n Carlos Slim\",\"publisher\":{\"@id\":\"https:\\\/\\\/accesolatino.org\\\/#organization\"},\"potentialAction\":[{\"@type\":\"SearchAction\",\"target\":{\"@type\":\"EntryPoint\",\"urlTemplate\":\"https:\\\/\\\/accesolatino.org\\\/?s={search_term_string}\"},\"query-input\":{\"@type\":\"PropertyValueSpecification\",\"valueRequired\":true,\"valueName\":\"search_term_string\"}}],\"inLanguage\":\"en-US\"},{\"@type\":\"Organization\",\"@id\":\"https:\\\/\\\/accesolatino.org\\\/#organization\",\"name\":\"Acceso Latino | Fundaci\u00f3n Carlos Slim\",\"url\":\"https:\\\/\\\/accesolatino.org\\\/\",\"logo\":{\"@type\":\"ImageObject\",\"inLanguage\":\"en-US\",\"@id\":\"https:\\\/\\\/accesolatino.org\\\/#\\\/schema\\\/logo\\\/image\\\/\",\"url\":\"https:\\\/\\\/accesolatino.org\\\/wp-content\\\/uploads\\\/2021\\\/02\\\/logo-footer-acceso-latino.png\",\"contentUrl\":\"https:\\\/\\\/accesolatino.org\\\/wp-content\\\/uploads\\\/2021\\\/02\\\/logo-footer-acceso-latino.png\",\"width\":240,\"height\":40,\"caption\":\"Acceso Latino | Fundaci\u00f3n Carlos Slim\"},\"image\":{\"@id\":\"https:\\\/\\\/accesolatino.org\\\/#\\\/schema\\\/logo\\\/image\\\/\"},\"sameAs\":[\"https:\\\/\\\/www.facebook.com\\\/AccesoLatinoOrg\",\"https:\\\/\\\/x.com\\\/FAccLatino\"]}]}<\/script>\n<!-- \/ Yoast SEO plugin. -->","yoast_head_json":{"title":"\u00bfYa conoces las opciones de estudios acad\u00e9micos que Acceso Latino tiene para ti amigo inmigrante?","description":"Conoce todas las aplicaciones que te pueden ser de ayuda en todos los procesos de migraci\u00f3n legal - Acceso Latino","robots":{"index":"index","follow":"follow","max-snippet":"max-snippet:-1","max-image-preview":"max-image-preview:large","max-video-preview":"max-video-preview:-1"},"canonical":"https:\/\/accesolatino.org\/en\/ya-conoces-las-opciones-de-estudios-academicos-que-acceso-latino-tiene\/","og_locale":"en_US","og_type":"article","og_title":"Acceso Latino | \u00bfYa conoces las opciones de estudios acad\u00e9micos que Acceso Latino tiene para ti migrante?","og_description":"Conoce las Instituciones que te pueden ser de ayuda en otros pa\u00edses.","og_url":"https:\/\/accesolatino.org\/en\/ya-conoces-las-opciones-de-estudios-academicos-que-acceso-latino-tiene\/","og_site_name":"Acceso Latino","article_publisher":"https:\/\/www.facebook.com\/AccesoLatinoOrg","article_modified_time":"2025-10-16T21:47:06+00:00","og_image":[{"width":600,"height":338,"url":"https:\/\/accesolatino.org\/wp-content\/uploads\/2019\/09\/\u00bfYa-conoces-las-opciones-de-estudios-acad\u00e9micos-que-Acceso-Latino-tiene-para-ti-amigo-inmigrante.png","type":"image\/png"}],"twitter_card":"summary_large_image","twitter_title":"Acceso Latino | \u00bfYa conoces las opciones de estudios acad\u00e9micos que Acceso Latino tiene para ti migrante?","twitter_description":"Conoce las Instituciones que te pueden ser de ayuda en otros pa\u00edses.","twitter_image":"https:\/\/accesolatino.org\/wp-content\/uploads\/2019\/09\/\u00bfYa-conoces-las-opciones-de-estudios-acad\u00e9micos-que-Acceso-Latino-tiene-para-ti-amigo-inmigrante.png","twitter_site":"@FAccLatino","twitter_misc":{"Est. reading time":"2 minutes"},"schema":{"@context":"https:\/\/schema.org","@graph":[{"@type":"WebPage","@id":"https:\/\/accesolatino.org\/en\/ya-conoces-las-opciones-de-estudios-academicos-que-acceso-latino-tiene\/","url":"https:\/\/accesolatino.org\/en\/ya-conoces-las-opciones-de-estudios-academicos-que-acceso-latino-tiene\/","name":"\u00bfYa conoces las opciones de estudios acad\u00e9micos que Acceso Latino tiene para ti amigo inmigrante?","isPartOf":{"@id":"https:\/\/accesolatino.org\/#website"},"primaryImageOfPage":{"@id":"https:\/\/accesolatino.org\/en\/ya-conoces-las-opciones-de-estudios-academicos-que-acceso-latino-tiene\/#primaryimage"},"image":{"@id":"https:\/\/accesolatino.org\/en\/ya-conoces-las-opciones-de-estudios-academicos-que-acceso-latino-tiene\/#primaryimage"},"thumbnailUrl":"https:\/\/accesolatino.org\/wp-content\/uploads\/2019\/09\/\u00bfYa-conoces-las-opciones-de-estudios-acad\u00e9micos-que-Acceso-Latino-tiene-para-ti-amigo-inmigrante.png","datePublished":"2019-09-09T17:55:49+00:00","dateModified":"2025-10-16T21:47:06+00:00","description":"Conoce todas las aplicaciones que te pueden ser de ayuda en todos los procesos de migraci\u00f3n legal - Acceso Latino","breadcrumb":{"@id":"https:\/\/accesolatino.org\/en\/ya-conoces-las-opciones-de-estudios-academicos-que-acceso-latino-tiene\/#breadcrumb"},"inLanguage":"en-US","potentialAction":[{"@type":"ReadAction","target":["https:\/\/accesolatino.org\/en\/ya-conoces-las-opciones-de-estudios-academicos-que-acceso-latino-tiene\/"]}]},{"@type":"ImageObject","inLanguage":"en-US","@id":"https:\/\/accesolatino.org\/en\/ya-conoces-las-opciones-de-estudios-academicos-que-acceso-latino-tiene\/#primaryimage","url":"https:\/\/accesolatino.org\/wp-content\/uploads\/2019\/09\/\u00bfYa-conoces-las-opciones-de-estudios-acad\u00e9micos-que-Acceso-Latino-tiene-para-ti-amigo-inmigrante.png","contentUrl":"https:\/\/accesolatino.org\/wp-content\/uploads\/2019\/09\/\u00bfYa-conoces-las-opciones-de-estudios-acad\u00e9micos-que-Acceso-Latino-tiene-para-ti-amigo-inmigrante.png","width":600,"height":338,"caption":"estudios acad\u00e9micos"},{"@type":"BreadcrumbList","@id":"https:\/\/accesolatino.org\/en\/ya-conoces-las-opciones-de-estudios-academicos-que-acceso-latino-tiene\/#breadcrumb","itemListElement":[{"@type":"ListItem","position":1,"name":"Portada","item":"https:\/\/accesolatino.org\/"},{"@type":"ListItem","position":2,"name":"\u00bfYa conoces las opciones de estudios acad\u00e9micos que Acceso Latino tiene para ti migrante?"}]},{"@type":"WebSite","@id":"https:\/\/accesolatino.org\/#website","url":"https:\/\/accesolatino.org\/","name":"Acceso Latino | Fundaci\u00f3n Carlos Slim","description":"Fundaci\u00f3n Carlos Slim","publisher":{"@id":"https:\/\/accesolatino.org\/#organization"},"potentialAction":[{"@type":"SearchAction","target":{"@type":"EntryPoint","urlTemplate":"https:\/\/accesolatino.org\/?s={search_term_string}"},"query-input":{"@type":"PropertyValueSpecification","valueRequired":true,"valueName":"search_term_string"}}],"inLanguage":"en-US"},{"@type":"Organization","@id":"https:\/\/accesolatino.org\/#organization","name":"Acceso Latino | Fundaci\u00f3n Carlos Slim","url":"https:\/\/accesolatino.org\/","logo":{"@type":"ImageObject","inLanguage":"en-US","@id":"https:\/\/accesolatino.org\/#\/schema\/logo\/image\/","url":"https:\/\/accesolatino.org\/wp-content\/uploads\/2021\/02\/logo-footer-acceso-latino.png","contentUrl":"https:\/\/accesolatino.org\/wp-content\/uploads\/2021\/02\/logo-footer-acceso-latino.png","width":240,"height":40,"caption":"Acceso Latino | Fundaci\u00f3n Carlos Slim"},"image":{"@id":"https:\/\/accesolatino.org\/#\/schema\/logo\/image\/"},"sameAs":["https:\/\/www.facebook.com\/AccesoLatinoOrg","https:\/\/x.com\/FAccLatino"]}]}},"_links":{"self":[{"href":"https:\/\/accesolatino.org\/en\/wp-json\/wp\/v2\/pages\/18615","targetHints":{"allow":["GET"]}}],"collection":[{"href":"https:\/\/accesolatino.org\/en\/wp-json\/wp\/v2\/pages"}],"about":[{"href":"https:\/\/accesolatino.org\/en\/wp-json\/wp\/v2\/types\/page"}],"author":[{"embeddable":true,"href":"https:\/\/accesolatino.org\/en\/wp-json\/wp\/v2\/users\/7"}],"replies":[{"embeddable":true,"href":"https:\/\/accesolatino.org\/en\/wp-json\/wp\/v2\/comments?post=18615"}],"version-history":[{"count":1,"href":"https:\/\/accesolatino.org\/en\/wp-json\/wp\/v2\/pages\/18615\/revisions"}],"predecessor-version":[{"id":64110,"href":"https:\/\/accesolatino.org\/en\/wp-json\/wp\/v2\/pages\/18615\/revisions\/64110"}],"wp:featuredmedia":[{"embeddable":true,"href":"https:\/\/accesolatino.org\/en\/wp-json\/wp\/v2\/media\/18616"}],"wp:attachment":[{"href":"https:\/\/accesolatino.org\/en\/wp-json\/wp\/v2\/media?parent=18615"}],"curies":[{"name":"wp","href":"https:\/\/api.w.org\/{rel}","templated":true}]}}