{"id":18588,"date":"2019-09-04T10:07:22","date_gmt":"2019-09-04T15:07:22","guid":{"rendered":"https:\/\/accesolatino.org\/?page_id=18588"},"modified":"2025-11-06T19:55:38","modified_gmt":"2025-11-07T01:55:38","slug":"necesitas-asesoria-migratoria-aqui-te-ayudamos-a-encontrarla-de-forma-gratuita","status":"publish","type":"page","link":"https:\/\/accesolatino.org\/en\/necesitas-asesoria-migratoria-aqui-te-ayudamos-a-encontrarla-de-forma-gratuita\/","title":{"rendered":"Do you need immigration advice? Here we help you find it for free."},"content":{"rendered":"<div data-elementor-type=\"wp-post\" data-elementor-id=\"18588\" class=\"elementor elementor-18588\">\n\t\t\t\t\t\t<section class=\"elementor-section elementor-top-section elementor-element elementor-element-334ad42 elementor-section-full_width elementor-section-height-min-height elementor-section-items-stretch elementor-section-height-default wpr-particle-no wpr-jarallax-no wpr-parallax-no wpr-sticky-section-no wpr-equal-height-no\" data-id=\"334ad42\" data-element_type=\"section\" data-e-type=\"section\" data-settings=\"{&quot;background_background&quot;:&quot;classic&quot;}\">\n\t\t\t\t\t\t<div class=\"elementor-container elementor-column-gap-no\">\n\t\t\t\t\t<div class=\"elementor-column elementor-col-100 elementor-top-column elementor-element elementor-element-5e6cbfc\" data-id=\"5e6cbfc\" data-element_type=\"column\" data-e-type=\"column\">\n\t\t\t<div class=\"elementor-widget-wrap elementor-element-populated\">\n\t\t\t\t\t\t<div class=\"elementor-element elementor-element-fca3552 elementor--h-position-center elementor--v-position-middle elementor-widget elementor-widget-slides\" data-id=\"fca3552\" data-element_type=\"widget\" data-e-type=\"widget\" data-settings=\"{&quot;navigation&quot;:&quot;none&quot;,&quot;infinite&quot;:&quot;yes&quot;,&quot;transition&quot;:&quot;slide&quot;,&quot;transition_speed&quot;:500}\" data-widget_type=\"slides.default\">\n\t\t\t\t<div class=\"elementor-widget-container\">\n\t\t\t\t\t\t\t<div class=\"elementor-swiper\">\n\t\t\t<div class=\"elementor-slides-wrapper elementor-main-swiper swiper-container\" dir=\"ltr\" data-animation=\"\">\n\t\t\t\t<div class=\"swiper-wrapper elementor-slides\">\n\t\t\t\t\t\t\t\t\t\t<div class=\"elementor-repeater-item-d983a28 swiper-slide\"><div class=\"swiper-slide-bg\"><\/div><div class=\"swiper-slide-inner\" ><div class=\"swiper-slide-contents\"><div class=\"elementor-slide-heading\">Legal Guidance<\/div><\/div><\/div><\/div>\t\t\t\t<\/div>\n\t\t\t\t\t\t\t<\/div>\n\t\t<\/div>\n\t\t\t\t\t\t<\/div>\n\t\t\t\t<\/div>\n\t\t\t\t\t<\/div>\n\t\t<\/div>\n\t\t\t\t\t<\/div>\n\t\t<\/section>\n\t\t\t\t<section class=\"elementor-section elementor-top-section elementor-element elementor-element-cf982e9 elementor-section-stretched elementor-section-boxed elementor-section-height-default elementor-section-height-default wpr-particle-no wpr-jarallax-no wpr-parallax-no wpr-sticky-section-no wpr-equal-height-no\" data-id=\"cf982e9\" data-element_type=\"section\" data-e-type=\"section\" data-settings=\"{&quot;stretch_section&quot;:&quot;section-stretched&quot;,&quot;background_background&quot;:&quot;classic&quot;}\">\n\t\t\t\t\t\t<div class=\"elementor-container elementor-column-gap-default\">\n\t\t\t\t\t<div class=\"elementor-column elementor-col-100 elementor-top-column elementor-element elementor-element-00c2882\" data-id=\"00c2882\" data-element_type=\"column\" data-e-type=\"column\">\n\t\t\t<div class=\"elementor-widget-wrap elementor-element-populated\">\n\t\t\t\t\t\t<div class=\"elementor-element elementor-element-59e1a12 elementor-widget elementor-widget-heading\" data-id=\"59e1a12\" data-element_type=\"widget\" data-e-type=\"widget\" data-widget_type=\"heading.default\">\n\t\t\t\t<div class=\"elementor-widget-container\">\n\t\t\t\t\t<h3 class=\"elementor-heading-title elementor-size-default\">Do you need immigration advice? Here we help you find it for free.<\/h3>\t\t\t\t<\/div>\n\t\t\t\t<\/div>\n\t\t\t\t<div class=\"elementor-element elementor-element-c88d292 elementor-widget elementor-widget-text-editor\" data-id=\"c88d292\" data-element_type=\"widget\" data-e-type=\"widget\" data-widget_type=\"text-editor.default\">\n\t\t\t\t<div class=\"elementor-widget-container\">\n\t\t\t\t\t\t\t\t\t<p>Conocer tus derechos, c\u00f3mo funcionan las leyes y cu\u00e1les son las reformas migratorias que te pueden ayudar o afectar es una tarea obligatoria.<\/p><p>Acceso Latino, tiene la herramienta <strong>\u201c<a href=\"https:\/\/accesolatino.org\/en\/orientacion-legal\/\">Legal Guidance<\/a>\u201d<\/strong> y ah\u00ed encontrar\u00e1s varias opciones de asesor\u00eda legal gratuita o bajo costo. Cada una de nuestras secciones te re-direccionar\u00e1 a las p\u00e1ginas oficiales en donde podr\u00e1s consular cualquier duda que tengas.<\/p><p>Dentro de ella hallar\u00e1s los siguientes enlaces:<\/p><p><a href=\"https:\/\/www.immi.org\/es\"><strong>IMMI<\/strong><\/a>, ah\u00ed podr\u00e1s conocer las opciones para poder permanecer en los Estados Unidos con la gu\u00eda de un experto en el tema, sin costo alguno.\u00a0<\/p><p><strong><em><a href=\"https:\/\/www.immigrationlawhelp.org\/\">Inmigration Law Help<\/a>.<\/em><\/strong> Es un vasto directorio de abogados especializados en migraci\u00f3n de forma gratuita o a un bajo costo en todo el territorio norteamericano.<\/p><p><strong><a href=\"https:\/\/inmigracion.com\/preguntale-abogado\/\">Ask the lawyer<\/a>. <\/strong>Cualquier duda que tengas con respecto alg\u00fan tr\u00e1mite migratorio, podr\u00e1s resolverla aqu\u00ed.<\/p><p><a href=\"https:\/\/www.texaslaborcitizenship.org\/\"><strong><em>The Texas Labor Citizenship Project<\/em><\/strong><\/a>, ofrece servicios para obtener la ciudadan\u00eda de forma gratuita y profesional.<\/p><p><strong><a href=\"http:\/\/www.aila.org\/\">La Asociaci\u00f3n Americana de Abogados de Inmigraci\u00f3n<\/a>,<\/strong> es una red de abogados expertos en temas de inmigraci\u00f3n en toda la Uni\u00f3n Americana. Los servicios tienen un costo.<\/p><p><a href=\"https:\/\/www.justice.gov\/eoir\/list-pro-bono-legal-service-providers\"><strong>Abogados Pro-bono<\/strong><\/a>, son abogados a menor costo y son certificados por la Junta de Apelaciones de Inmigraci\u00f3n.<\/p><p>Ante cualquier duda, entra a nuestro portal y resu\u00e9lvela.<\/p><p>Acceso Latino tu primera ventana de consulta migratoria.<\/p>\t\t\t\t\t\t\t\t<\/div>\n\t\t\t\t<\/div>\n\t\t\t\t<div class=\"elementor-element elementor-element-46fe4ba elementor-widget elementor-widget-spacer\" data-id=\"46fe4ba\" data-element_type=\"widget\" data-e-type=\"widget\" data-widget_type=\"spacer.default\">\n\t\t\t\t<div class=\"elementor-widget-container\">\n\t\t\t\t\t\t\t<div class=\"elementor-spacer\">\n\t\t\t<div class=\"elementor-spacer-inner\"><\/div>\n\t\t<\/div>\n\t\t\t\t\t\t<\/div>\n\t\t\t\t<\/div>\n\t\t\t\t\t<\/div>\n\t\t<\/div>\n\t\t\t\t\t<\/div>\n\t\t<\/section>\n\t\t\t\t<\/div>","protected":false},"excerpt":{"rendered":"<p>Orientaci\u00f3n Legal \u00bfNecesitas asesor\u00eda migratoria? Aqu\u00ed te ayudamos a encontrarla de forma gratuita Conocer tus derechos, c\u00f3mo funcionan las leyes y cu\u00e1les son las reformas migratorias que te pueden ayudar o afectar es una tarea obligatoria. Acceso Latino, tiene la herramienta \u201cOrientaci\u00f3n Legal\u201d y ah\u00ed encontrar\u00e1s varias opciones de asesor\u00eda legal gratuita o bajo costo. Cada una de nuestras secciones te re-direccionar\u00e1 a las p\u00e1ginas oficiales en donde podr\u00e1s consular cualquier duda que tengas. Dentro de ella hallar\u00e1s los siguientes enlaces: IMMI, ah\u00ed podr\u00e1s conocer las opciones para poder permanecer en los Estados Unidos con la gu\u00eda de un experto en el tema, sin costo alguno.\u00a0 Inmigration Law Help. Es un vasto directorio de abogados especializados en migraci\u00f3n de forma gratuita o a un bajo costo en todo el territorio norteamericano. Preg\u00fantale al abogado. Cualquier duda que tengas con respecto alg\u00fan tr\u00e1mite migratorio, podr\u00e1s resolverla aqu\u00ed. The Texas Labor Citizenship Project, ofrece servicios para obtener la ciudadan\u00eda de forma gratuita y profesional. La Asociaci\u00f3n Americana de Abogados de Inmigraci\u00f3n, es una red de abogados expertos en temas de inmigraci\u00f3n en toda la Uni\u00f3n Americana. Los servicios tienen un costo. Abogados Pro-bono, son abogados a menor costo y son certificados por la Junta de Apelaciones de Inmigraci\u00f3n. Ante cualquier duda, entra a nuestro portal y resu\u00e9lvela. Acceso Latino tu primera ventana de consulta migratoria.<\/p>","protected":false},"author":8,"featured_media":18589,"parent":0,"menu_order":0,"comment_status":"closed","ping_status":"closed","template":"elementor_header_footer","meta":{"_uf_show_specific_survey":0,"_uf_disable_surveys":false,"footnotes":""},"class_list":["post-18588","page","type-page","status-publish","has-post-thumbnail"],"aioseo_notices":[],"yoast_head":"<!-- This site is optimized with the Yoast SEO plugin v27.4 - https:\/\/yoast.com\/product\/yoast-seo-wordpress\/ -->\n<title>\u00bfNecesitas asesor\u00eda migratoria? Aqu\u00ed te ayudamos a encontrarla de forma gratuita<\/title>\n<meta name=\"description\" content=\"Conoce las Instituciones que te pueden ser de ayuda en otros pa\u00edses.\" \/>\n<meta name=\"robots\" content=\"index, follow, max-snippet:-1, max-image-preview:large, max-video-preview:-1\" \/>\n<link rel=\"canonical\" href=\"https:\/\/accesolatino.org\/en\/necesitas-asesoria-migratoria-aqui-te-ayudamos-a-encontrarla-de-forma-gratuita\/\" \/>\n<meta property=\"og:locale\" content=\"en_US\" \/>\n<meta property=\"og:type\" content=\"article\" \/>\n<meta property=\"og:title\" content=\"Acceso Latino | \u00bfNecesitas asesor\u00eda migratoria? Aqu\u00ed te ayudamos a encontrarla de forma gratuita\" \/>\n<meta property=\"og:description\" content=\"Conoce las Instituciones que te pueden ser de ayuda en otros pa\u00edses.\" \/>\n<meta property=\"og:url\" content=\"https:\/\/accesolatino.org\/en\/necesitas-asesoria-migratoria-aqui-te-ayudamos-a-encontrarla-de-forma-gratuita\/\" \/>\n<meta property=\"og:site_name\" content=\"Acceso Latino\" \/>\n<meta property=\"article:publisher\" content=\"https:\/\/www.facebook.com\/AccesoLatinoOrg\" \/>\n<meta property=\"article:modified_time\" content=\"2025-11-07T01:55:38+00:00\" \/>\n<meta property=\"og:image\" content=\"https:\/\/accesolatino.org\/wp-content\/uploads\/2019\/09\/\u00bfNecesitas-asesor\u00eda-legal-Entra-a-Orientaci\u00f3n-Legal-y-encu\u00e9ntrala.jpg\" \/>\n\t<meta property=\"og:image:width\" content=\"600\" \/>\n\t<meta property=\"og:image:height\" content=\"338\" \/>\n\t<meta property=\"og:image:type\" content=\"image\/jpeg\" \/>\n<meta name=\"twitter:card\" content=\"summary_large_image\" \/>\n<meta name=\"twitter:title\" content=\"Acceso Latino | \u00bfNecesitas asesor\u00eda migratoria? Aqu\u00ed te ayudamos a encontrarla de forma gratuita\" \/>\n<meta name=\"twitter:description\" content=\"Conoce las Instituciones que te pueden ser de ayuda en otros pa\u00edses.\" \/>\n<meta name=\"twitter:image\" content=\"https:\/\/accesolatino.org\/wp-content\/uploads\/2019\/09\/\u00bfNecesitas-asesor\u00eda-legal-Entra-a-Orientaci\u00f3n-Legal-y-encu\u00e9ntrala.jpg\" \/>\n<meta name=\"twitter:site\" content=\"@FAccLatino\" \/>\n<meta name=\"twitter:label1\" content=\"Est. reading time\" \/>\n\t<meta name=\"twitter:data1\" content=\"2 minutes\" \/>\n<script type=\"application\/ld+json\" class=\"yoast-schema-graph\">{\"@context\":\"https:\\\/\\\/schema.org\",\"@graph\":[{\"@type\":\"WebPage\",\"@id\":\"https:\\\/\\\/accesolatino.org\\\/en\\\/necesitas-asesoria-migratoria-aqui-te-ayudamos-a-encontrarla-de-forma-gratuita\\\/\",\"url\":\"https:\\\/\\\/accesolatino.org\\\/en\\\/necesitas-asesoria-migratoria-aqui-te-ayudamos-a-encontrarla-de-forma-gratuita\\\/\",\"name\":\"\u00bfNecesitas asesor\u00eda migratoria? Aqu\u00ed te ayudamos a encontrarla de forma gratuita\",\"isPartOf\":{\"@id\":\"https:\\\/\\\/accesolatino.org\\\/#website\"},\"primaryImageOfPage\":{\"@id\":\"https:\\\/\\\/accesolatino.org\\\/en\\\/necesitas-asesoria-migratoria-aqui-te-ayudamos-a-encontrarla-de-forma-gratuita\\\/#primaryimage\"},\"image\":{\"@id\":\"https:\\\/\\\/accesolatino.org\\\/en\\\/necesitas-asesoria-migratoria-aqui-te-ayudamos-a-encontrarla-de-forma-gratuita\\\/#primaryimage\"},\"thumbnailUrl\":\"https:\\\/\\\/accesolatino.org\\\/wp-content\\\/uploads\\\/2019\\\/09\\\/\u00bfNecesitas-asesor\u00eda-legal-Entra-a-Orientaci\u00f3n-Legal-y-encu\u00e9ntrala.jpg\",\"datePublished\":\"2019-09-04T15:07:22+00:00\",\"dateModified\":\"2025-11-07T01:55:38+00:00\",\"description\":\"Conoce las Instituciones que te pueden ser de ayuda en otros pa\u00edses.\",\"breadcrumb\":{\"@id\":\"https:\\\/\\\/accesolatino.org\\\/en\\\/necesitas-asesoria-migratoria-aqui-te-ayudamos-a-encontrarla-de-forma-gratuita\\\/#breadcrumb\"},\"inLanguage\":\"en-US\",\"potentialAction\":[{\"@type\":\"ReadAction\",\"target\":[\"https:\\\/\\\/accesolatino.org\\\/en\\\/necesitas-asesoria-migratoria-aqui-te-ayudamos-a-encontrarla-de-forma-gratuita\\\/\"]}]},{\"@type\":\"ImageObject\",\"inLanguage\":\"en-US\",\"@id\":\"https:\\\/\\\/accesolatino.org\\\/en\\\/necesitas-asesoria-migratoria-aqui-te-ayudamos-a-encontrarla-de-forma-gratuita\\\/#primaryimage\",\"url\":\"https:\\\/\\\/accesolatino.org\\\/wp-content\\\/uploads\\\/2019\\\/09\\\/\u00bfNecesitas-asesor\u00eda-legal-Entra-a-Orientaci\u00f3n-Legal-y-encu\u00e9ntrala.jpg\",\"contentUrl\":\"https:\\\/\\\/accesolatino.org\\\/wp-content\\\/uploads\\\/2019\\\/09\\\/\u00bfNecesitas-asesor\u00eda-legal-Entra-a-Orientaci\u00f3n-Legal-y-encu\u00e9ntrala.jpg\",\"width\":600,\"height\":338,\"caption\":\"asesor\u00eda migratoria\"},{\"@type\":\"BreadcrumbList\",\"@id\":\"https:\\\/\\\/accesolatino.org\\\/en\\\/necesitas-asesoria-migratoria-aqui-te-ayudamos-a-encontrarla-de-forma-gratuita\\\/#breadcrumb\",\"itemListElement\":[{\"@type\":\"ListItem\",\"position\":1,\"name\":\"Portada\",\"item\":\"https:\\\/\\\/accesolatino.org\\\/\"},{\"@type\":\"ListItem\",\"position\":2,\"name\":\"\u00bfNecesitas asesor\u00eda migratoria? Aqu\u00ed te ayudamos a encontrarla de forma gratuita\"}]},{\"@type\":\"WebSite\",\"@id\":\"https:\\\/\\\/accesolatino.org\\\/#website\",\"url\":\"https:\\\/\\\/accesolatino.org\\\/\",\"name\":\"Acceso Latino | Fundaci\u00f3n Carlos Slim\",\"description\":\"Fundaci\u00f3n Carlos Slim\",\"publisher\":{\"@id\":\"https:\\\/\\\/accesolatino.org\\\/#organization\"},\"potentialAction\":[{\"@type\":\"SearchAction\",\"target\":{\"@type\":\"EntryPoint\",\"urlTemplate\":\"https:\\\/\\\/accesolatino.org\\\/?s={search_term_string}\"},\"query-input\":{\"@type\":\"PropertyValueSpecification\",\"valueRequired\":true,\"valueName\":\"search_term_string\"}}],\"inLanguage\":\"en-US\"},{\"@type\":\"Organization\",\"@id\":\"https:\\\/\\\/accesolatino.org\\\/#organization\",\"name\":\"Acceso Latino | Fundaci\u00f3n Carlos Slim\",\"url\":\"https:\\\/\\\/accesolatino.org\\\/\",\"logo\":{\"@type\":\"ImageObject\",\"inLanguage\":\"en-US\",\"@id\":\"https:\\\/\\\/accesolatino.org\\\/#\\\/schema\\\/logo\\\/image\\\/\",\"url\":\"https:\\\/\\\/accesolatino.org\\\/wp-content\\\/uploads\\\/2021\\\/02\\\/logo-footer-acceso-latino.png\",\"contentUrl\":\"https:\\\/\\\/accesolatino.org\\\/wp-content\\\/uploads\\\/2021\\\/02\\\/logo-footer-acceso-latino.png\",\"width\":240,\"height\":40,\"caption\":\"Acceso Latino | Fundaci\u00f3n Carlos Slim\"},\"image\":{\"@id\":\"https:\\\/\\\/accesolatino.org\\\/#\\\/schema\\\/logo\\\/image\\\/\"},\"sameAs\":[\"https:\\\/\\\/www.facebook.com\\\/AccesoLatinoOrg\",\"https:\\\/\\\/x.com\\\/FAccLatino\"]}]}<\/script>\n<!-- \/ Yoast SEO plugin. -->","yoast_head_json":{"title":"Do you need immigration advice? Here we help you find it for free.","description":"Conoce las Instituciones que te pueden ser de ayuda en otros pa\u00edses.","robots":{"index":"index","follow":"follow","max-snippet":"max-snippet:-1","max-image-preview":"max-image-preview:large","max-video-preview":"max-video-preview:-1"},"canonical":"https:\/\/accesolatino.org\/en\/necesitas-asesoria-migratoria-aqui-te-ayudamos-a-encontrarla-de-forma-gratuita\/","og_locale":"en_US","og_type":"article","og_title":"Acceso Latino | \u00bfNecesitas asesor\u00eda migratoria? Aqu\u00ed te ayudamos a encontrarla de forma gratuita","og_description":"Conoce las Instituciones que te pueden ser de ayuda en otros pa\u00edses.","og_url":"https:\/\/accesolatino.org\/en\/necesitas-asesoria-migratoria-aqui-te-ayudamos-a-encontrarla-de-forma-gratuita\/","og_site_name":"Acceso Latino","article_publisher":"https:\/\/www.facebook.com\/AccesoLatinoOrg","article_modified_time":"2025-11-07T01:55:38+00:00","og_image":[{"width":600,"height":338,"url":"https:\/\/accesolatino.org\/wp-content\/uploads\/2019\/09\/\u00bfNecesitas-asesor\u00eda-legal-Entra-a-Orientaci\u00f3n-Legal-y-encu\u00e9ntrala.jpg","type":"image\/jpeg"}],"twitter_card":"summary_large_image","twitter_title":"Acceso Latino | \u00bfNecesitas asesor\u00eda migratoria? Aqu\u00ed te ayudamos a encontrarla de forma gratuita","twitter_description":"Conoce las Instituciones que te pueden ser de ayuda en otros pa\u00edses.","twitter_image":"https:\/\/accesolatino.org\/wp-content\/uploads\/2019\/09\/\u00bfNecesitas-asesor\u00eda-legal-Entra-a-Orientaci\u00f3n-Legal-y-encu\u00e9ntrala.jpg","twitter_site":"@FAccLatino","twitter_misc":{"Est. reading time":"2 minutes"},"schema":{"@context":"https:\/\/schema.org","@graph":[{"@type":"WebPage","@id":"https:\/\/accesolatino.org\/en\/necesitas-asesoria-migratoria-aqui-te-ayudamos-a-encontrarla-de-forma-gratuita\/","url":"https:\/\/accesolatino.org\/en\/necesitas-asesoria-migratoria-aqui-te-ayudamos-a-encontrarla-de-forma-gratuita\/","name":"Do you need immigration advice? Here we help you find it for free.","isPartOf":{"@id":"https:\/\/accesolatino.org\/#website"},"primaryImageOfPage":{"@id":"https:\/\/accesolatino.org\/en\/necesitas-asesoria-migratoria-aqui-te-ayudamos-a-encontrarla-de-forma-gratuita\/#primaryimage"},"image":{"@id":"https:\/\/accesolatino.org\/en\/necesitas-asesoria-migratoria-aqui-te-ayudamos-a-encontrarla-de-forma-gratuita\/#primaryimage"},"thumbnailUrl":"https:\/\/accesolatino.org\/wp-content\/uploads\/2019\/09\/\u00bfNecesitas-asesor\u00eda-legal-Entra-a-Orientaci\u00f3n-Legal-y-encu\u00e9ntrala.jpg","datePublished":"2019-09-04T15:07:22+00:00","dateModified":"2025-11-07T01:55:38+00:00","description":"Conoce las Instituciones que te pueden ser de ayuda en otros pa\u00edses.","breadcrumb":{"@id":"https:\/\/accesolatino.org\/en\/necesitas-asesoria-migratoria-aqui-te-ayudamos-a-encontrarla-de-forma-gratuita\/#breadcrumb"},"inLanguage":"en-US","potentialAction":[{"@type":"ReadAction","target":["https:\/\/accesolatino.org\/en\/necesitas-asesoria-migratoria-aqui-te-ayudamos-a-encontrarla-de-forma-gratuita\/"]}]},{"@type":"ImageObject","inLanguage":"en-US","@id":"https:\/\/accesolatino.org\/en\/necesitas-asesoria-migratoria-aqui-te-ayudamos-a-encontrarla-de-forma-gratuita\/#primaryimage","url":"https:\/\/accesolatino.org\/wp-content\/uploads\/2019\/09\/\u00bfNecesitas-asesor\u00eda-legal-Entra-a-Orientaci\u00f3n-Legal-y-encu\u00e9ntrala.jpg","contentUrl":"https:\/\/accesolatino.org\/wp-content\/uploads\/2019\/09\/\u00bfNecesitas-asesor\u00eda-legal-Entra-a-Orientaci\u00f3n-Legal-y-encu\u00e9ntrala.jpg","width":600,"height":338,"caption":"asesor\u00eda migratoria"},{"@type":"BreadcrumbList","@id":"https:\/\/accesolatino.org\/en\/necesitas-asesoria-migratoria-aqui-te-ayudamos-a-encontrarla-de-forma-gratuita\/#breadcrumb","itemListElement":[{"@type":"ListItem","position":1,"name":"Portada","item":"https:\/\/accesolatino.org\/"},{"@type":"ListItem","position":2,"name":"\u00bfNecesitas asesor\u00eda migratoria? Aqu\u00ed te ayudamos a encontrarla de forma gratuita"}]},{"@type":"WebSite","@id":"https:\/\/accesolatino.org\/#website","url":"https:\/\/accesolatino.org\/","name":"Acceso Latino | Fundaci\u00f3n Carlos Slim","description":"Fundaci\u00f3n Carlos Slim","publisher":{"@id":"https:\/\/accesolatino.org\/#organization"},"potentialAction":[{"@type":"SearchAction","target":{"@type":"EntryPoint","urlTemplate":"https:\/\/accesolatino.org\/?s={search_term_string}"},"query-input":{"@type":"PropertyValueSpecification","valueRequired":true,"valueName":"search_term_string"}}],"inLanguage":"en-US"},{"@type":"Organization","@id":"https:\/\/accesolatino.org\/#organization","name":"Acceso Latino | Fundaci\u00f3n Carlos Slim","url":"https:\/\/accesolatino.org\/","logo":{"@type":"ImageObject","inLanguage":"en-US","@id":"https:\/\/accesolatino.org\/#\/schema\/logo\/image\/","url":"https:\/\/accesolatino.org\/wp-content\/uploads\/2021\/02\/logo-footer-acceso-latino.png","contentUrl":"https:\/\/accesolatino.org\/wp-content\/uploads\/2021\/02\/logo-footer-acceso-latino.png","width":240,"height":40,"caption":"Acceso Latino | Fundaci\u00f3n Carlos Slim"},"image":{"@id":"https:\/\/accesolatino.org\/#\/schema\/logo\/image\/"},"sameAs":["https:\/\/www.facebook.com\/AccesoLatinoOrg","https:\/\/x.com\/FAccLatino"]}]}},"_links":{"self":[{"href":"https:\/\/accesolatino.org\/en\/wp-json\/wp\/v2\/pages\/18588","targetHints":{"allow":["GET"]}}],"collection":[{"href":"https:\/\/accesolatino.org\/en\/wp-json\/wp\/v2\/pages"}],"about":[{"href":"https:\/\/accesolatino.org\/en\/wp-json\/wp\/v2\/types\/page"}],"author":[{"embeddable":true,"href":"https:\/\/accesolatino.org\/en\/wp-json\/wp\/v2\/users\/8"}],"replies":[{"embeddable":true,"href":"https:\/\/accesolatino.org\/en\/wp-json\/wp\/v2\/comments?post=18588"}],"version-history":[{"count":1,"href":"https:\/\/accesolatino.org\/en\/wp-json\/wp\/v2\/pages\/18588\/revisions"}],"predecessor-version":[{"id":68599,"href":"https:\/\/accesolatino.org\/en\/wp-json\/wp\/v2\/pages\/18588\/revisions\/68599"}],"wp:featuredmedia":[{"embeddable":true,"href":"https:\/\/accesolatino.org\/en\/wp-json\/wp\/v2\/media\/18589"}],"wp:attachment":[{"href":"https:\/\/accesolatino.org\/en\/wp-json\/wp\/v2\/media?parent=18588"}],"curies":[{"name":"wp","href":"https:\/\/api.w.org\/{rel}","templated":true}]}}