{"id":18476,"date":"2019-08-26T12:51:45","date_gmt":"2019-08-26T17:51:45","guid":{"rendered":"https:\/\/accesolatino.org\/?page_id=18476"},"modified":"2025-10-16T16:53:12","modified_gmt":"2025-10-16T22:53:12","slug":"encuentra-un-trabajo-para-ti-en-nuestra-seccion-de-buscas-empleo","status":"publish","type":"page","link":"https:\/\/accesolatino.org\/en\/buscas-empleo\/encuentra-un-trabajo-para-ti-en-nuestra-seccion-de-buscas-empleo\/","title":{"rendered":"Find a job for you, in our Job Search section."},"content":{"rendered":"<div data-elementor-type=\"wp-post\" data-elementor-id=\"18476\" class=\"elementor elementor-18476\">\n\t\t\t\t\t\t<section class=\"elementor-section elementor-top-section elementor-element elementor-element-6514d03 elementor-section-full_width elementor-section-height-min-height elementor-section-items-stretch elementor-section-height-default wpr-particle-no wpr-jarallax-no wpr-parallax-no wpr-sticky-section-no wpr-equal-height-no\" data-id=\"6514d03\" data-element_type=\"section\" data-e-type=\"section\" data-settings=\"{&quot;background_background&quot;:&quot;classic&quot;}\">\n\t\t\t\t\t\t<div class=\"elementor-container elementor-column-gap-no\">\n\t\t\t\t\t<div class=\"elementor-column elementor-col-100 elementor-top-column elementor-element elementor-element-c79ee22\" data-id=\"c79ee22\" data-element_type=\"column\" data-e-type=\"column\">\n\t\t\t<div class=\"elementor-widget-wrap elementor-element-populated\">\n\t\t\t\t\t\t<div class=\"elementor-element elementor-element-e494588 elementor--h-position-center elementor--v-position-middle elementor-widget elementor-widget-slides\" data-id=\"e494588\" data-element_type=\"widget\" data-e-type=\"widget\" data-settings=\"{&quot;navigation&quot;:&quot;none&quot;,&quot;infinite&quot;:&quot;yes&quot;,&quot;transition&quot;:&quot;slide&quot;,&quot;transition_speed&quot;:500}\" data-widget_type=\"slides.default\">\n\t\t\t\t<div class=\"elementor-widget-container\">\n\t\t\t\t\t\t\t<div class=\"elementor-swiper\">\n\t\t\t<div class=\"elementor-slides-wrapper elementor-main-swiper swiper-container\" dir=\"ltr\" data-animation=\"\">\n\t\t\t\t<div class=\"swiper-wrapper elementor-slides\">\n\t\t\t\t\t\t\t\t\t\t<div class=\"elementor-repeater-item-d983a28 swiper-slide\"><div class=\"swiper-slide-bg\"><\/div><div class=\"swiper-slide-inner\" ><div class=\"swiper-slide-contents\"><div class=\"elementor-slide-heading\">Looking for a job?<\/div><\/div><\/div><\/div>\t\t\t\t<\/div>\n\t\t\t\t\t\t\t<\/div>\n\t\t<\/div>\n\t\t\t\t\t\t<\/div>\n\t\t\t\t<\/div>\n\t\t\t\t\t<\/div>\n\t\t<\/div>\n\t\t\t\t\t<\/div>\n\t\t<\/section>\n\t\t\t\t<section class=\"elementor-section elementor-top-section elementor-element elementor-element-b26fc0d elementor-section-stretched elementor-section-boxed elementor-section-height-default elementor-section-height-default wpr-particle-no wpr-jarallax-no wpr-parallax-no wpr-sticky-section-no wpr-equal-height-no\" data-id=\"b26fc0d\" data-element_type=\"section\" data-e-type=\"section\" data-settings=\"{&quot;stretch_section&quot;:&quot;section-stretched&quot;,&quot;background_background&quot;:&quot;classic&quot;}\">\n\t\t\t\t\t\t<div class=\"elementor-container elementor-column-gap-default\">\n\t\t\t\t\t<div class=\"elementor-column elementor-col-100 elementor-top-column elementor-element elementor-element-f7a3b43\" data-id=\"f7a3b43\" data-element_type=\"column\" data-e-type=\"column\">\n\t\t\t<div class=\"elementor-widget-wrap elementor-element-populated\">\n\t\t\t\t\t\t<div class=\"elementor-element elementor-element-180498b elementor-widget elementor-widget-heading\" data-id=\"180498b\" data-element_type=\"widget\" data-e-type=\"widget\" data-widget_type=\"heading.default\">\n\t\t\t\t<div class=\"elementor-widget-container\">\n\t\t\t\t\t<h3 class=\"elementor-heading-title elementor-size-default\">Find a job for you, in our Job Search section.<\/h3>\t\t\t\t<\/div>\n\t\t\t\t<\/div>\n\t\t\t\t<div class=\"elementor-element elementor-element-e75d681 elementor-widget elementor-widget-text-editor\" data-id=\"e75d681\" data-element_type=\"widget\" data-e-type=\"widget\" data-widget_type=\"text-editor.default\">\n\t\t\t\t<div class=\"elementor-widget-container\">\n\t\t\t\t\t\t\t\t\t<p>El tener un buen trabajo, brinda muchas seguridad y confianza, sabemos que hay personas que dependen de ti o quieres salir adelante para ti.<\/p><p>Entra ahora a las pesta\u00f1a <strong>\u201c<a href=\"https:\/\/accesolatino.org\/en\/buscas-empleo\/\">Buscas Empleo<\/a>\u201d <\/strong>y busca un buen empleo. En Acceso Latino te damos las herramientas necesarias y la informaci\u00f3n para que lo logres.<\/p><p>Si est\u00e1s buscando trabajo, te recomendamos entrar a la tarjeta <strong>\u201c<a href=\"https:\/\/accesolatino.org\/en\/noticias\/bolsas-de-trabajo-para-migrantes-en-estados-unidos-y-retornados-a-mexico\/\">Employment opportunities in the U.S.<\/a>\".<\/strong> Aqu\u00ed encontrar\u00e1s diferentes buscadores con ofertas de trabajo para latinos de distintos perfiles. An\u00edmate y encuentra el trabajo que m\u00e1s te acomode: mesero, chofer, agricultor, maestro y muchos otros.<\/p><p>La herramienta ofrece muchas opciones, que se ajustan a tu perfil, no lo pienses y entra ahora.<\/p><p>In <a href=\"https:\/\/accesolatino.org\/en\/\"><strong>Acceso Latino tu primera ventana de consulta migratoria<\/strong><\/a>, encontrar\u00e1s herramientas gratuitas que te ayudar\u00e1n en cualquier situaci\u00f3n en la que te encuentres.<\/p>\t\t\t\t\t\t\t\t<\/div>\n\t\t\t\t<\/div>\n\t\t\t\t<div class=\"elementor-element elementor-element-e970502 elementor-widget elementor-widget-spacer\" data-id=\"e970502\" data-element_type=\"widget\" data-e-type=\"widget\" data-widget_type=\"spacer.default\">\n\t\t\t\t<div class=\"elementor-widget-container\">\n\t\t\t\t\t\t\t<div class=\"elementor-spacer\">\n\t\t\t<div class=\"elementor-spacer-inner\"><\/div>\n\t\t<\/div>\n\t\t\t\t\t\t<\/div>\n\t\t\t\t<\/div>\n\t\t\t\t\t<\/div>\n\t\t<\/div>\n\t\t\t\t\t<\/div>\n\t\t<\/section>\n\t\t\t\t<\/div>","protected":false},"excerpt":{"rendered":"<p>\u00bfBuscas empleo? Encuentra un trabajo para ti, en nuestra secci\u00f3n de Buscas Empleo El tener un buen trabajo, brinda muchas seguridad y confianza, sabemos que hay personas que dependen de ti o quieres salir adelante para ti. Entra ahora a las pesta\u00f1a \u201cBuscas Empleo\u201d y busca un buen empleo. En Acceso Latino te damos las herramientas necesarias y la informaci\u00f3n para que lo logres. Si est\u00e1s buscando trabajo, te recomendamos entrar a la tarjeta \u201cBolsas de empleo en EU\u201d. Aqu\u00ed encontrar\u00e1s diferentes buscadores con ofertas de trabajo para latinos de distintos perfiles. An\u00edmate y encuentra el trabajo que m\u00e1s te acomode: mesero, chofer, agricultor, maestro y muchos otros. La herramienta ofrece muchas opciones, que se ajustan a tu perfil, no lo pienses y entra ahora. En Acceso Latino tu primera ventana de consulta migratoria, encontrar\u00e1s herramientas gratuitas que te ayudar\u00e1n en cualquier situaci\u00f3n en la que te encuentres.<\/p>","protected":false},"author":5,"featured_media":18484,"parent":2747,"menu_order":0,"comment_status":"closed","ping_status":"closed","template":"elementor_header_footer","meta":{"_uf_show_specific_survey":0,"_uf_disable_surveys":false,"footnotes":""},"class_list":["post-18476","page","type-page","status-publish","has-post-thumbnail"],"aioseo_notices":[],"yoast_head":"<!-- This site is optimized with the Yoast SEO plugin v27.5 - https:\/\/yoast.com\/product\/yoast-seo-wordpress\/ -->\n<title>Encuentra un trabajo para ti, en nuestra secci\u00f3n de Buscas Empleo<\/title>\n<meta name=\"description\" content=\"\u00bfBuscas empleo en Estados Unidos? Te compartimos algunas herramientas para capacitarte y encontrarlo - Acceso Latino\" \/>\n<meta name=\"robots\" content=\"index, follow, max-snippet:-1, max-image-preview:large, max-video-preview:-1\" \/>\n<link rel=\"canonical\" href=\"https:\/\/accesolatino.org\/en\/buscas-empleo\/encuentra-un-trabajo-para-ti-en-nuestra-seccion-de-buscas-empleo\/\" \/>\n<meta property=\"og:locale\" content=\"en_US\" \/>\n<meta property=\"og:type\" content=\"article\" \/>\n<meta property=\"og:title\" content=\"Acceso Latino | Encuentra un trabajo para ti, en nuestra secci\u00f3n de Buscas Empleo\" \/>\n<meta property=\"og:description\" content=\"\u00bfBuscas empleo en Estados Unidos? Te compartimos algunas herrmientas para capacitarte y encontrarlo.\" \/>\n<meta property=\"og:url\" content=\"https:\/\/accesolatino.org\/en\/buscas-empleo\/encuentra-un-trabajo-para-ti-en-nuestra-seccion-de-buscas-empleo\/\" \/>\n<meta property=\"og:site_name\" content=\"Acceso Latino\" \/>\n<meta property=\"article:publisher\" content=\"https:\/\/www.facebook.com\/AccesoLatinoOrg\" \/>\n<meta property=\"article:modified_time\" content=\"2025-10-16T22:53:12+00:00\" \/>\n<meta property=\"og:image\" content=\"https:\/\/accesolatino.org\/wp-content\/uploads\/2019\/08\/Encuentra-un-trabajo-para-ti-en-nuestra-secci\u00f3n-de-Buscas-Empleo.jpg\" \/>\n\t<meta property=\"og:image:width\" content=\"624\" \/>\n\t<meta property=\"og:image:height\" content=\"414\" \/>\n\t<meta property=\"og:image:type\" content=\"image\/jpeg\" \/>\n<meta name=\"twitter:card\" content=\"summary_large_image\" \/>\n<meta name=\"twitter:title\" content=\"Acceso Latino | Encuentra un trabajo para ti, en nuestra secci\u00f3n de Buscas Empleo\" \/>\n<meta name=\"twitter:description\" content=\"\u00bfBuscas empleo en Estados Unidos? Te compartimos algunas herrmientas para capacitarte y encontrarlo.\" \/>\n<meta name=\"twitter:image\" content=\"https:\/\/accesolatino.org\/wp-content\/uploads\/2019\/08\/Encuentra-un-trabajo-para-ti-en-nuestra-secci\u00f3n-de-Buscas-Empleo.jpg\" \/>\n<meta name=\"twitter:site\" content=\"@FAccLatino\" \/>\n<meta name=\"twitter:label1\" content=\"Est. reading time\" \/>\n\t<meta name=\"twitter:data1\" content=\"1 minute\" \/>\n<script type=\"application\/ld+json\" class=\"yoast-schema-graph\">{\"@context\":\"https:\\\/\\\/schema.org\",\"@graph\":[{\"@type\":\"WebPage\",\"@id\":\"https:\\\/\\\/accesolatino.org\\\/en\\\/buscas-empleo\\\/encuentra-un-trabajo-para-ti-en-nuestra-seccion-de-buscas-empleo\\\/\",\"url\":\"https:\\\/\\\/accesolatino.org\\\/en\\\/buscas-empleo\\\/encuentra-un-trabajo-para-ti-en-nuestra-seccion-de-buscas-empleo\\\/\",\"name\":\"Encuentra un trabajo para ti, en nuestra secci\u00f3n de Buscas Empleo\",\"isPartOf\":{\"@id\":\"https:\\\/\\\/accesolatino.org\\\/#website\"},\"primaryImageOfPage\":{\"@id\":\"https:\\\/\\\/accesolatino.org\\\/en\\\/buscas-empleo\\\/encuentra-un-trabajo-para-ti-en-nuestra-seccion-de-buscas-empleo\\\/#primaryimage\"},\"image\":{\"@id\":\"https:\\\/\\\/accesolatino.org\\\/en\\\/buscas-empleo\\\/encuentra-un-trabajo-para-ti-en-nuestra-seccion-de-buscas-empleo\\\/#primaryimage\"},\"thumbnailUrl\":\"https:\\\/\\\/accesolatino.org\\\/wp-content\\\/uploads\\\/2019\\\/08\\\/Encuentra-un-trabajo-para-ti-en-nuestra-secci\u00f3n-de-Buscas-Empleo.jpg\",\"datePublished\":\"2019-08-26T17:51:45+00:00\",\"dateModified\":\"2025-10-16T22:53:12+00:00\",\"description\":\"\u00bfBuscas empleo en Estados Unidos? Te compartimos algunas herramientas para capacitarte y encontrarlo - Acceso Latino\",\"breadcrumb\":{\"@id\":\"https:\\\/\\\/accesolatino.org\\\/en\\\/buscas-empleo\\\/encuentra-un-trabajo-para-ti-en-nuestra-seccion-de-buscas-empleo\\\/#breadcrumb\"},\"inLanguage\":\"en-US\",\"potentialAction\":[{\"@type\":\"ReadAction\",\"target\":[\"https:\\\/\\\/accesolatino.org\\\/en\\\/buscas-empleo\\\/encuentra-un-trabajo-para-ti-en-nuestra-seccion-de-buscas-empleo\\\/\"]}]},{\"@type\":\"ImageObject\",\"inLanguage\":\"en-US\",\"@id\":\"https:\\\/\\\/accesolatino.org\\\/en\\\/buscas-empleo\\\/encuentra-un-trabajo-para-ti-en-nuestra-seccion-de-buscas-empleo\\\/#primaryimage\",\"url\":\"https:\\\/\\\/accesolatino.org\\\/wp-content\\\/uploads\\\/2019\\\/08\\\/Encuentra-un-trabajo-para-ti-en-nuestra-secci\u00f3n-de-Buscas-Empleo.jpg\",\"contentUrl\":\"https:\\\/\\\/accesolatino.org\\\/wp-content\\\/uploads\\\/2019\\\/08\\\/Encuentra-un-trabajo-para-ti-en-nuestra-secci\u00f3n-de-Buscas-Empleo.jpg\",\"width\":624,\"height\":414,\"caption\":\"trabajo\"},{\"@type\":\"BreadcrumbList\",\"@id\":\"https:\\\/\\\/accesolatino.org\\\/en\\\/buscas-empleo\\\/encuentra-un-trabajo-para-ti-en-nuestra-seccion-de-buscas-empleo\\\/#breadcrumb\",\"itemListElement\":[{\"@type\":\"ListItem\",\"position\":1,\"name\":\"Portada\",\"item\":\"https:\\\/\\\/accesolatino.org\\\/\"},{\"@type\":\"ListItem\",\"position\":2,\"name\":\"Buscas Empleo\",\"item\":\"https:\\\/\\\/accesolatino.org\\\/en\\\/buscas-empleo\\\/\"},{\"@type\":\"ListItem\",\"position\":3,\"name\":\"Encuentra un trabajo para ti, en nuestra secci\u00f3n de Buscas Empleo\"}]},{\"@type\":\"WebSite\",\"@id\":\"https:\\\/\\\/accesolatino.org\\\/#website\",\"url\":\"https:\\\/\\\/accesolatino.org\\\/\",\"name\":\"Acceso Latino | Fundaci\u00f3n Carlos Slim\",\"description\":\"Fundaci\u00f3n Carlos Slim\",\"publisher\":{\"@id\":\"https:\\\/\\\/accesolatino.org\\\/#organization\"},\"potentialAction\":[{\"@type\":\"SearchAction\",\"target\":{\"@type\":\"EntryPoint\",\"urlTemplate\":\"https:\\\/\\\/accesolatino.org\\\/?s={search_term_string}\"},\"query-input\":{\"@type\":\"PropertyValueSpecification\",\"valueRequired\":true,\"valueName\":\"search_term_string\"}}],\"inLanguage\":\"en-US\"},{\"@type\":\"Organization\",\"@id\":\"https:\\\/\\\/accesolatino.org\\\/#organization\",\"name\":\"Acceso Latino | Fundaci\u00f3n Carlos Slim\",\"url\":\"https:\\\/\\\/accesolatino.org\\\/\",\"logo\":{\"@type\":\"ImageObject\",\"inLanguage\":\"en-US\",\"@id\":\"https:\\\/\\\/accesolatino.org\\\/#\\\/schema\\\/logo\\\/image\\\/\",\"url\":\"https:\\\/\\\/accesolatino.org\\\/wp-content\\\/uploads\\\/2021\\\/02\\\/logo-footer-acceso-latino.png\",\"contentUrl\":\"https:\\\/\\\/accesolatino.org\\\/wp-content\\\/uploads\\\/2021\\\/02\\\/logo-footer-acceso-latino.png\",\"width\":240,\"height\":40,\"caption\":\"Acceso Latino | Fundaci\u00f3n Carlos Slim\"},\"image\":{\"@id\":\"https:\\\/\\\/accesolatino.org\\\/#\\\/schema\\\/logo\\\/image\\\/\"},\"sameAs\":[\"https:\\\/\\\/www.facebook.com\\\/AccesoLatinoOrg\",\"https:\\\/\\\/x.com\\\/FAccLatino\"]}]}<\/script>\n<!-- \/ Yoast SEO plugin. -->","yoast_head_json":{"title":"Find a job for you, in our Job Search section.","description":"\u00bfBuscas empleo en Estados Unidos? Te compartimos algunas herramientas para capacitarte y encontrarlo - Acceso Latino","robots":{"index":"index","follow":"follow","max-snippet":"max-snippet:-1","max-image-preview":"max-image-preview:large","max-video-preview":"max-video-preview:-1"},"canonical":"https:\/\/accesolatino.org\/en\/buscas-empleo\/encuentra-un-trabajo-para-ti-en-nuestra-seccion-de-buscas-empleo\/","og_locale":"en_US","og_type":"article","og_title":"Acceso Latino | Encuentra un trabajo para ti, en nuestra secci\u00f3n de Buscas Empleo","og_description":"\u00bfBuscas empleo en Estados Unidos? Te compartimos algunas herrmientas para capacitarte y encontrarlo.","og_url":"https:\/\/accesolatino.org\/en\/buscas-empleo\/encuentra-un-trabajo-para-ti-en-nuestra-seccion-de-buscas-empleo\/","og_site_name":"Acceso Latino","article_publisher":"https:\/\/www.facebook.com\/AccesoLatinoOrg","article_modified_time":"2025-10-16T22:53:12+00:00","og_image":[{"width":624,"height":414,"url":"https:\/\/accesolatino.org\/wp-content\/uploads\/2019\/08\/Encuentra-un-trabajo-para-ti-en-nuestra-secci\u00f3n-de-Buscas-Empleo.jpg","type":"image\/jpeg"}],"twitter_card":"summary_large_image","twitter_title":"Acceso Latino | Encuentra un trabajo para ti, en nuestra secci\u00f3n de Buscas Empleo","twitter_description":"\u00bfBuscas empleo en Estados Unidos? Te compartimos algunas herrmientas para capacitarte y encontrarlo.","twitter_image":"https:\/\/accesolatino.org\/wp-content\/uploads\/2019\/08\/Encuentra-un-trabajo-para-ti-en-nuestra-secci\u00f3n-de-Buscas-Empleo.jpg","twitter_site":"@FAccLatino","twitter_misc":{"Est. reading time":"1 minute"},"schema":{"@context":"https:\/\/schema.org","@graph":[{"@type":"WebPage","@id":"https:\/\/accesolatino.org\/en\/buscas-empleo\/encuentra-un-trabajo-para-ti-en-nuestra-seccion-de-buscas-empleo\/","url":"https:\/\/accesolatino.org\/en\/buscas-empleo\/encuentra-un-trabajo-para-ti-en-nuestra-seccion-de-buscas-empleo\/","name":"Find a job for you, in our Job Search section.","isPartOf":{"@id":"https:\/\/accesolatino.org\/#website"},"primaryImageOfPage":{"@id":"https:\/\/accesolatino.org\/en\/buscas-empleo\/encuentra-un-trabajo-para-ti-en-nuestra-seccion-de-buscas-empleo\/#primaryimage"},"image":{"@id":"https:\/\/accesolatino.org\/en\/buscas-empleo\/encuentra-un-trabajo-para-ti-en-nuestra-seccion-de-buscas-empleo\/#primaryimage"},"thumbnailUrl":"https:\/\/accesolatino.org\/wp-content\/uploads\/2019\/08\/Encuentra-un-trabajo-para-ti-en-nuestra-secci\u00f3n-de-Buscas-Empleo.jpg","datePublished":"2019-08-26T17:51:45+00:00","dateModified":"2025-10-16T22:53:12+00:00","description":"\u00bfBuscas empleo en Estados Unidos? Te compartimos algunas herramientas para capacitarte y encontrarlo - Acceso Latino","breadcrumb":{"@id":"https:\/\/accesolatino.org\/en\/buscas-empleo\/encuentra-un-trabajo-para-ti-en-nuestra-seccion-de-buscas-empleo\/#breadcrumb"},"inLanguage":"en-US","potentialAction":[{"@type":"ReadAction","target":["https:\/\/accesolatino.org\/en\/buscas-empleo\/encuentra-un-trabajo-para-ti-en-nuestra-seccion-de-buscas-empleo\/"]}]},{"@type":"ImageObject","inLanguage":"en-US","@id":"https:\/\/accesolatino.org\/en\/buscas-empleo\/encuentra-un-trabajo-para-ti-en-nuestra-seccion-de-buscas-empleo\/#primaryimage","url":"https:\/\/accesolatino.org\/wp-content\/uploads\/2019\/08\/Encuentra-un-trabajo-para-ti-en-nuestra-secci\u00f3n-de-Buscas-Empleo.jpg","contentUrl":"https:\/\/accesolatino.org\/wp-content\/uploads\/2019\/08\/Encuentra-un-trabajo-para-ti-en-nuestra-secci\u00f3n-de-Buscas-Empleo.jpg","width":624,"height":414,"caption":"trabajo"},{"@type":"BreadcrumbList","@id":"https:\/\/accesolatino.org\/en\/buscas-empleo\/encuentra-un-trabajo-para-ti-en-nuestra-seccion-de-buscas-empleo\/#breadcrumb","itemListElement":[{"@type":"ListItem","position":1,"name":"Portada","item":"https:\/\/accesolatino.org\/"},{"@type":"ListItem","position":2,"name":"Buscas Empleo","item":"https:\/\/accesolatino.org\/en\/buscas-empleo\/"},{"@type":"ListItem","position":3,"name":"Encuentra un trabajo para ti, en nuestra secci\u00f3n de Buscas Empleo"}]},{"@type":"WebSite","@id":"https:\/\/accesolatino.org\/#website","url":"https:\/\/accesolatino.org\/","name":"Acceso Latino | Fundaci\u00f3n Carlos Slim","description":"Fundaci\u00f3n Carlos Slim","publisher":{"@id":"https:\/\/accesolatino.org\/#organization"},"potentialAction":[{"@type":"SearchAction","target":{"@type":"EntryPoint","urlTemplate":"https:\/\/accesolatino.org\/?s={search_term_string}"},"query-input":{"@type":"PropertyValueSpecification","valueRequired":true,"valueName":"search_term_string"}}],"inLanguage":"en-US"},{"@type":"Organization","@id":"https:\/\/accesolatino.org\/#organization","name":"Acceso Latino | Fundaci\u00f3n Carlos Slim","url":"https:\/\/accesolatino.org\/","logo":{"@type":"ImageObject","inLanguage":"en-US","@id":"https:\/\/accesolatino.org\/#\/schema\/logo\/image\/","url":"https:\/\/accesolatino.org\/wp-content\/uploads\/2021\/02\/logo-footer-acceso-latino.png","contentUrl":"https:\/\/accesolatino.org\/wp-content\/uploads\/2021\/02\/logo-footer-acceso-latino.png","width":240,"height":40,"caption":"Acceso Latino | Fundaci\u00f3n Carlos Slim"},"image":{"@id":"https:\/\/accesolatino.org\/#\/schema\/logo\/image\/"},"sameAs":["https:\/\/www.facebook.com\/AccesoLatinoOrg","https:\/\/x.com\/FAccLatino"]}]}},"_links":{"self":[{"href":"https:\/\/accesolatino.org\/en\/wp-json\/wp\/v2\/pages\/18476","targetHints":{"allow":["GET"]}}],"collection":[{"href":"https:\/\/accesolatino.org\/en\/wp-json\/wp\/v2\/pages"}],"about":[{"href":"https:\/\/accesolatino.org\/en\/wp-json\/wp\/v2\/types\/page"}],"author":[{"embeddable":true,"href":"https:\/\/accesolatino.org\/en\/wp-json\/wp\/v2\/users\/5"}],"replies":[{"embeddable":true,"href":"https:\/\/accesolatino.org\/en\/wp-json\/wp\/v2\/comments?post=18476"}],"version-history":[{"count":1,"href":"https:\/\/accesolatino.org\/en\/wp-json\/wp\/v2\/pages\/18476\/revisions"}],"predecessor-version":[{"id":64150,"href":"https:\/\/accesolatino.org\/en\/wp-json\/wp\/v2\/pages\/18476\/revisions\/64150"}],"up":[{"embeddable":true,"href":"https:\/\/accesolatino.org\/en\/wp-json\/wp\/v2\/pages\/2747"}],"wp:featuredmedia":[{"embeddable":true,"href":"https:\/\/accesolatino.org\/en\/wp-json\/wp\/v2\/media\/18484"}],"wp:attachment":[{"href":"https:\/\/accesolatino.org\/en\/wp-json\/wp\/v2\/media?parent=18476"}],"curies":[{"name":"wp","href":"https:\/\/api.w.org\/{rel}","templated":true}]}}