{"id":18463,"date":"2019-08-23T09:35:30","date_gmt":"2019-08-23T14:35:30","guid":{"rendered":"https:\/\/accesolatino.org\/?page_id=18463"},"modified":"2025-10-09T11:15:03","modified_gmt":"2025-10-09T17:15:03","slug":"adquiere-tu-seguro-de-vida-y-protege-a-tu-familia-de-cualquier-imprevisto","status":"publish","type":"page","link":"https:\/\/accesolatino.org\/en\/apoyos-sociales\/adquiere-tu-seguro-de-vida-y-protege-a-tu-familia-de-cualquier-imprevisto\/","title":{"rendered":"Adquiere un seguro de vida y protege a tu familia de imprevistos"},"content":{"rendered":"<div data-elementor-type=\"wp-post\" data-elementor-id=\"18463\" class=\"elementor elementor-18463\">\n\t\t\t\t\t\t<section class=\"elementor-section elementor-top-section elementor-element elementor-element-0532fc8 elementor-section-full_width elementor-section-height-min-height elementor-section-items-stretch elementor-section-height-default wpr-particle-no wpr-jarallax-no wpr-parallax-no wpr-sticky-section-no wpr-equal-height-no\" data-id=\"0532fc8\" data-element_type=\"section\" data-e-type=\"section\" data-settings=\"{&quot;background_background&quot;:&quot;classic&quot;}\">\n\t\t\t\t\t\t<div class=\"elementor-container elementor-column-gap-no\">\n\t\t\t\t\t<div class=\"elementor-column elementor-col-100 elementor-top-column elementor-element elementor-element-c5a735c\" data-id=\"c5a735c\" data-element_type=\"column\" data-e-type=\"column\">\n\t\t\t<div class=\"elementor-widget-wrap elementor-element-populated\">\n\t\t\t\t\t\t<div class=\"elementor-element elementor-element-05ea4d8 elementor--h-position-center elementor--v-position-middle elementor-widget elementor-widget-slides\" data-id=\"05ea4d8\" data-element_type=\"widget\" data-e-type=\"widget\" data-settings=\"{&quot;navigation&quot;:&quot;none&quot;,&quot;infinite&quot;:&quot;yes&quot;,&quot;transition&quot;:&quot;slide&quot;,&quot;transition_speed&quot;:500}\" data-widget_type=\"slides.default\">\n\t\t\t\t<div class=\"elementor-widget-container\">\n\t\t\t\t\t\t\t<div class=\"elementor-swiper\">\n\t\t\t<div class=\"elementor-slides-wrapper elementor-main-swiper swiper-container\" dir=\"ltr\" data-animation=\"\">\n\t\t\t\t<div class=\"swiper-wrapper elementor-slides\">\n\t\t\t\t\t\t\t\t\t\t<div class=\"elementor-repeater-item-d983a28 swiper-slide\"><div class=\"swiper-slide-bg\"><\/div><div class=\"swiper-slide-inner\" ><div class=\"swiper-slide-contents\"><div class=\"elementor-slide-heading\">Social Supports<\/div><\/div><\/div><\/div>\t\t\t\t<\/div>\n\t\t\t\t\t\t\t<\/div>\n\t\t<\/div>\n\t\t\t\t\t\t<\/div>\n\t\t\t\t<\/div>\n\t\t\t\t\t<\/div>\n\t\t<\/div>\n\t\t\t\t\t<\/div>\n\t\t<\/section>\n\t\t\t\t<section class=\"elementor-section elementor-top-section elementor-element elementor-element-4b7037f elementor-section-stretched elementor-section-boxed elementor-section-height-default elementor-section-height-default wpr-particle-no wpr-jarallax-no wpr-parallax-no wpr-sticky-section-no wpr-equal-height-no\" data-id=\"4b7037f\" data-element_type=\"section\" data-e-type=\"section\" data-settings=\"{&quot;stretch_section&quot;:&quot;section-stretched&quot;,&quot;background_background&quot;:&quot;classic&quot;}\">\n\t\t\t\t\t\t<div class=\"elementor-container elementor-column-gap-default\">\n\t\t\t\t\t<div class=\"elementor-column elementor-col-100 elementor-top-column elementor-element elementor-element-78ceda7\" data-id=\"78ceda7\" data-element_type=\"column\" data-e-type=\"column\">\n\t\t\t<div class=\"elementor-widget-wrap elementor-element-populated\">\n\t\t\t\t\t\t<div class=\"elementor-element elementor-element-b001b70 elementor-widget elementor-widget-heading\" data-id=\"b001b70\" data-element_type=\"widget\" data-e-type=\"widget\" data-widget_type=\"heading.default\">\n\t\t\t\t<div class=\"elementor-widget-container\">\n\t\t\t\t\t<h3 class=\"elementor-heading-title elementor-size-default\">Purchase your life insurance and protect your family from any unforeseen event.<\/h3>\t\t\t\t<\/div>\n\t\t\t\t<\/div>\n\t\t\t\t<div class=\"elementor-element elementor-element-9f759ca elementor-widget elementor-widget-text-editor\" data-id=\"9f759ca\" data-element_type=\"widget\" data-e-type=\"widget\" data-widget_type=\"text-editor.default\">\n\t\t\t\t<div class=\"elementor-widget-container\">\n\t\t\t\t\t\t\t\t\t<p>Si vas emigrar a los Estados Unidos, es buena idea pensar en un seguro de vida, que te proteja en caso de alg\u00fan d\u00eda no est\u00e9s. No lo desea nadie, pero es mejor prevenir.<\/p><p>No hay mejor forma de que t\u00fa y tu familia siempre est\u00e9n protegidos, que con protecci\u00f3n en la secci\u00f3n de <strong>\u201cApoyos sociales\u201d <\/strong>contamos con nuestra tarjeta de <strong>\u201cTu Seguro de Vida\u201d.<\/strong><\/p><p>Esta herramienta brinda a los familiares de los migrantes que comienzan su viaje, la oportunidad de contar con un seguro de vida; cuenta con una doble protecci\u00f3n, un seguro de vida tanto para el titular con residencia en la Rep\u00fablica Mexicana y su familiar directo que radica en EUA.<\/p><p>Esta herramienta es un esquema de protecci\u00f3n social a trav\u00e9s de un seguro de vida para la protecci\u00f3n de los migrantes, con la finalidad de apoyarlos en los diferentes aspectos a los que son m\u00e1s vulnerables contribuyendo a la mejora de sus condiciones de vida, as\u00ed como disminuir el impacto del gasto que enfrentar\u00e1n las familias ante el posible siniestro de alguno de sus miembros.<\/p><p>Accede a la tarjeta \u201cTu Seguro de Vida\u201d de la secci\u00f3n <a href=\"https:\/\/accesolatino.org\/en\/apoyos-sociales\/\">\u201cApoyos sociales\u201d<\/a> y verifica cu\u00e1l es el seguro que m\u00e1s le conviene a tu familia. <strong>Acceso Latino tu primera ventana de consulta migratoria.<\/strong><\/p>\t\t\t\t\t\t\t\t<\/div>\n\t\t\t\t<\/div>\n\t\t\t\t<div class=\"elementor-element elementor-element-2ee8140 elementor-widget elementor-widget-spacer\" data-id=\"2ee8140\" data-element_type=\"widget\" data-e-type=\"widget\" data-widget_type=\"spacer.default\">\n\t\t\t\t<div class=\"elementor-widget-container\">\n\t\t\t\t\t\t\t<div class=\"elementor-spacer\">\n\t\t\t<div class=\"elementor-spacer-inner\"><\/div>\n\t\t<\/div>\n\t\t\t\t\t\t<\/div>\n\t\t\t\t<\/div>\n\t\t\t\t\t<\/div>\n\t\t<\/div>\n\t\t\t\t\t<\/div>\n\t\t<\/section>\n\t\t\t\t<\/div>","protected":false},"excerpt":{"rendered":"<p>Apoyos Sociales Adquiere tu seguro de vida y protege a tu familia de cualquier imprevisto Si vas emigrar a los Estados Unidos, es buena idea pensar en un seguro de vida, que te proteja en caso de alg\u00fan d\u00eda no est\u00e9s. No lo desea nadie, pero es mejor prevenir. No hay mejor forma de que t\u00fa y tu familia siempre est\u00e9n protegidos, que con protecci\u00f3n en la secci\u00f3n de \u201cApoyos sociales\u201d contamos con nuestra tarjeta de \u201cTu Seguro de Vida\u201d. Esta herramienta brinda a los familiares de los migrantes que comienzan su viaje, la oportunidad de contar con un seguro de vida; cuenta con una doble protecci\u00f3n, un seguro de vida tanto para el titular con residencia en la Rep\u00fablica Mexicana y su familiar directo que radica en EUA. Esta herramienta es un esquema de protecci\u00f3n social a trav\u00e9s de un seguro de vida para la protecci\u00f3n de los migrantes, con la finalidad de apoyarlos en los diferentes aspectos a los que son m\u00e1s vulnerables contribuyendo a la mejora de sus condiciones de vida, as\u00ed como disminuir el impacto del gasto que enfrentar\u00e1n las familias ante el posible siniestro de alguno de sus miembros. Accede a la tarjeta \u201cTu Seguro de Vida\u201d de la secci\u00f3n \u201cApoyos sociales\u201d y verifica cu\u00e1l es el seguro que m\u00e1s le conviene a tu familia. Acceso Latino tu primera ventana de consulta migratoria.<\/p>","protected":false},"author":6,"featured_media":18464,"parent":1435,"menu_order":0,"comment_status":"closed","ping_status":"closed","template":"elementor_header_footer","meta":{"_uf_show_specific_survey":0,"_uf_disable_surveys":false,"footnotes":""},"class_list":["post-18463","page","type-page","status-publish","has-post-thumbnail"],"aioseo_notices":[],"yoast_head":"<!-- This site is optimized with the Yoast SEO plugin v27.5 - https:\/\/yoast.com\/product\/yoast-seo-wordpress\/ -->\n<title>Adquiere un seguro de vida y protege a tu familia de imprevistos<\/title>\n<meta name=\"description\" content=\"Conoce las diferentes formas en las que los migrantes se pueden ver beneficiados en Estados Unidos - Acceso Latino\" \/>\n<meta name=\"robots\" content=\"index, follow, max-snippet:-1, max-image-preview:large, max-video-preview:-1\" \/>\n<link rel=\"canonical\" href=\"https:\/\/accesolatino.org\/en\/apoyos-sociales\/adquiere-tu-seguro-de-vida-y-protege-a-tu-familia-de-cualquier-imprevisto\/\" \/>\n<meta property=\"og:locale\" content=\"en_US\" \/>\n<meta property=\"og:type\" content=\"article\" \/>\n<meta property=\"og:title\" content=\"Acceso Latino | Apoyos Sociales\" \/>\n<meta property=\"og:description\" content=\"Conoce las diferentes formas en las que los migrantes se pueden ver beneficiados en USA\" \/>\n<meta property=\"og:url\" content=\"https:\/\/accesolatino.org\/en\/apoyos-sociales\/adquiere-tu-seguro-de-vida-y-protege-a-tu-familia-de-cualquier-imprevisto\/\" \/>\n<meta property=\"og:site_name\" content=\"Acceso Latino\" \/>\n<meta property=\"article:publisher\" content=\"https:\/\/www.facebook.com\/AccesoLatinoOrg\" \/>\n<meta property=\"article:modified_time\" content=\"2025-10-09T17:15:03+00:00\" \/>\n<meta property=\"og:image\" content=\"https:\/\/accesolatino.org\/wp-content\/uploads\/2019\/08\/Adquiere-el-seguro-de-vida-paisano-y-vive-tranquilo.jpg\" \/>\n\t<meta property=\"og:image:width\" content=\"600\" \/>\n\t<meta property=\"og:image:height\" content=\"338\" \/>\n\t<meta property=\"og:image:type\" content=\"image\/jpeg\" \/>\n<meta name=\"twitter:card\" content=\"summary_large_image\" \/>\n<meta name=\"twitter:title\" content=\"Acceso Latino | Apoyos Sociales\" \/>\n<meta name=\"twitter:description\" content=\"Conoce las diferentes formas en las que los migrantes se pueden ver beneficiados en USA\" \/>\n<meta name=\"twitter:image\" content=\"https:\/\/accesolatino.org\/wp-content\/uploads\/2019\/08\/Adquiere-el-seguro-de-vida-paisano-y-vive-tranquilo.jpg\" \/>\n<meta name=\"twitter:site\" content=\"@FAccLatino\" \/>\n<meta name=\"twitter:label1\" content=\"Est. reading time\" \/>\n\t<meta name=\"twitter:data1\" content=\"2 minutes\" \/>\n<script type=\"application\/ld+json\" class=\"yoast-schema-graph\">{\"@context\":\"https:\\\/\\\/schema.org\",\"@graph\":[{\"@type\":\"WebPage\",\"@id\":\"https:\\\/\\\/accesolatino.org\\\/en\\\/apoyos-sociales\\\/adquiere-tu-seguro-de-vida-y-protege-a-tu-familia-de-cualquier-imprevisto\\\/\",\"url\":\"https:\\\/\\\/accesolatino.org\\\/en\\\/apoyos-sociales\\\/adquiere-tu-seguro-de-vida-y-protege-a-tu-familia-de-cualquier-imprevisto\\\/\",\"name\":\"Adquiere un seguro de vida y protege a tu familia de imprevistos\",\"isPartOf\":{\"@id\":\"https:\\\/\\\/accesolatino.org\\\/#website\"},\"primaryImageOfPage\":{\"@id\":\"https:\\\/\\\/accesolatino.org\\\/en\\\/apoyos-sociales\\\/adquiere-tu-seguro-de-vida-y-protege-a-tu-familia-de-cualquier-imprevisto\\\/#primaryimage\"},\"image\":{\"@id\":\"https:\\\/\\\/accesolatino.org\\\/en\\\/apoyos-sociales\\\/adquiere-tu-seguro-de-vida-y-protege-a-tu-familia-de-cualquier-imprevisto\\\/#primaryimage\"},\"thumbnailUrl\":\"https:\\\/\\\/accesolatino.org\\\/wp-content\\\/uploads\\\/2019\\\/08\\\/Adquiere-el-seguro-de-vida-paisano-y-vive-tranquilo.jpg\",\"datePublished\":\"2019-08-23T14:35:30+00:00\",\"dateModified\":\"2025-10-09T17:15:03+00:00\",\"description\":\"Conoce las diferentes formas en las que los migrantes se pueden ver beneficiados en Estados Unidos - Acceso Latino\",\"breadcrumb\":{\"@id\":\"https:\\\/\\\/accesolatino.org\\\/en\\\/apoyos-sociales\\\/adquiere-tu-seguro-de-vida-y-protege-a-tu-familia-de-cualquier-imprevisto\\\/#breadcrumb\"},\"inLanguage\":\"en-US\",\"potentialAction\":[{\"@type\":\"ReadAction\",\"target\":[\"https:\\\/\\\/accesolatino.org\\\/en\\\/apoyos-sociales\\\/adquiere-tu-seguro-de-vida-y-protege-a-tu-familia-de-cualquier-imprevisto\\\/\"]}]},{\"@type\":\"ImageObject\",\"inLanguage\":\"en-US\",\"@id\":\"https:\\\/\\\/accesolatino.org\\\/en\\\/apoyos-sociales\\\/adquiere-tu-seguro-de-vida-y-protege-a-tu-familia-de-cualquier-imprevisto\\\/#primaryimage\",\"url\":\"https:\\\/\\\/accesolatino.org\\\/wp-content\\\/uploads\\\/2019\\\/08\\\/Adquiere-el-seguro-de-vida-paisano-y-vive-tranquilo.jpg\",\"contentUrl\":\"https:\\\/\\\/accesolatino.org\\\/wp-content\\\/uploads\\\/2019\\\/08\\\/Adquiere-el-seguro-de-vida-paisano-y-vive-tranquilo.jpg\",\"width\":600,\"height\":338,\"caption\":\"seguro de vida\"},{\"@type\":\"BreadcrumbList\",\"@id\":\"https:\\\/\\\/accesolatino.org\\\/en\\\/apoyos-sociales\\\/adquiere-tu-seguro-de-vida-y-protege-a-tu-familia-de-cualquier-imprevisto\\\/#breadcrumb\",\"itemListElement\":[{\"@type\":\"ListItem\",\"position\":1,\"name\":\"Portada\",\"item\":\"https:\\\/\\\/accesolatino.org\\\/\"},{\"@type\":\"ListItem\",\"position\":2,\"name\":\"Apoyos Sociales\",\"item\":\"https:\\\/\\\/accesolatino.org\\\/en\\\/apoyos-sociales\\\/\"},{\"@type\":\"ListItem\",\"position\":3,\"name\":\"Adquiere un seguro de vida y protege a tu familia de imprevistos\"}]},{\"@type\":\"WebSite\",\"@id\":\"https:\\\/\\\/accesolatino.org\\\/#website\",\"url\":\"https:\\\/\\\/accesolatino.org\\\/\",\"name\":\"Acceso Latino | Fundaci\u00f3n Carlos Slim\",\"description\":\"Fundaci\u00f3n Carlos Slim\",\"publisher\":{\"@id\":\"https:\\\/\\\/accesolatino.org\\\/#organization\"},\"potentialAction\":[{\"@type\":\"SearchAction\",\"target\":{\"@type\":\"EntryPoint\",\"urlTemplate\":\"https:\\\/\\\/accesolatino.org\\\/?s={search_term_string}\"},\"query-input\":{\"@type\":\"PropertyValueSpecification\",\"valueRequired\":true,\"valueName\":\"search_term_string\"}}],\"inLanguage\":\"en-US\"},{\"@type\":\"Organization\",\"@id\":\"https:\\\/\\\/accesolatino.org\\\/#organization\",\"name\":\"Acceso Latino | Fundaci\u00f3n Carlos Slim\",\"url\":\"https:\\\/\\\/accesolatino.org\\\/\",\"logo\":{\"@type\":\"ImageObject\",\"inLanguage\":\"en-US\",\"@id\":\"https:\\\/\\\/accesolatino.org\\\/#\\\/schema\\\/logo\\\/image\\\/\",\"url\":\"https:\\\/\\\/accesolatino.org\\\/wp-content\\\/uploads\\\/2021\\\/02\\\/logo-footer-acceso-latino.png\",\"contentUrl\":\"https:\\\/\\\/accesolatino.org\\\/wp-content\\\/uploads\\\/2021\\\/02\\\/logo-footer-acceso-latino.png\",\"width\":240,\"height\":40,\"caption\":\"Acceso Latino | Fundaci\u00f3n Carlos Slim\"},\"image\":{\"@id\":\"https:\\\/\\\/accesolatino.org\\\/#\\\/schema\\\/logo\\\/image\\\/\"},\"sameAs\":[\"https:\\\/\\\/www.facebook.com\\\/AccesoLatinoOrg\",\"https:\\\/\\\/x.com\\\/FAccLatino\"]}]}<\/script>\n<!-- \/ Yoast SEO plugin. -->","yoast_head_json":{"title":"Adquiere un seguro de vida y protege a tu familia de imprevistos","description":"Conoce las diferentes formas en las que los migrantes se pueden ver beneficiados en Estados Unidos - Acceso Latino","robots":{"index":"index","follow":"follow","max-snippet":"max-snippet:-1","max-image-preview":"max-image-preview:large","max-video-preview":"max-video-preview:-1"},"canonical":"https:\/\/accesolatino.org\/en\/apoyos-sociales\/adquiere-tu-seguro-de-vida-y-protege-a-tu-familia-de-cualquier-imprevisto\/","og_locale":"en_US","og_type":"article","og_title":"Acceso Latino | Apoyos Sociales","og_description":"Conoce las diferentes formas en las que los migrantes se pueden ver beneficiados en USA","og_url":"https:\/\/accesolatino.org\/en\/apoyos-sociales\/adquiere-tu-seguro-de-vida-y-protege-a-tu-familia-de-cualquier-imprevisto\/","og_site_name":"Acceso Latino","article_publisher":"https:\/\/www.facebook.com\/AccesoLatinoOrg","article_modified_time":"2025-10-09T17:15:03+00:00","og_image":[{"width":600,"height":338,"url":"https:\/\/accesolatino.org\/wp-content\/uploads\/2019\/08\/Adquiere-el-seguro-de-vida-paisano-y-vive-tranquilo.jpg","type":"image\/jpeg"}],"twitter_card":"summary_large_image","twitter_title":"Acceso Latino | Apoyos Sociales","twitter_description":"Conoce las diferentes formas en las que los migrantes se pueden ver beneficiados en USA","twitter_image":"https:\/\/accesolatino.org\/wp-content\/uploads\/2019\/08\/Adquiere-el-seguro-de-vida-paisano-y-vive-tranquilo.jpg","twitter_site":"@FAccLatino","twitter_misc":{"Est. reading time":"2 minutes"},"schema":{"@context":"https:\/\/schema.org","@graph":[{"@type":"WebPage","@id":"https:\/\/accesolatino.org\/en\/apoyos-sociales\/adquiere-tu-seguro-de-vida-y-protege-a-tu-familia-de-cualquier-imprevisto\/","url":"https:\/\/accesolatino.org\/en\/apoyos-sociales\/adquiere-tu-seguro-de-vida-y-protege-a-tu-familia-de-cualquier-imprevisto\/","name":"Adquiere un seguro de vida y protege a tu familia de imprevistos","isPartOf":{"@id":"https:\/\/accesolatino.org\/#website"},"primaryImageOfPage":{"@id":"https:\/\/accesolatino.org\/en\/apoyos-sociales\/adquiere-tu-seguro-de-vida-y-protege-a-tu-familia-de-cualquier-imprevisto\/#primaryimage"},"image":{"@id":"https:\/\/accesolatino.org\/en\/apoyos-sociales\/adquiere-tu-seguro-de-vida-y-protege-a-tu-familia-de-cualquier-imprevisto\/#primaryimage"},"thumbnailUrl":"https:\/\/accesolatino.org\/wp-content\/uploads\/2019\/08\/Adquiere-el-seguro-de-vida-paisano-y-vive-tranquilo.jpg","datePublished":"2019-08-23T14:35:30+00:00","dateModified":"2025-10-09T17:15:03+00:00","description":"Conoce las diferentes formas en las que los migrantes se pueden ver beneficiados en Estados Unidos - Acceso Latino","breadcrumb":{"@id":"https:\/\/accesolatino.org\/en\/apoyos-sociales\/adquiere-tu-seguro-de-vida-y-protege-a-tu-familia-de-cualquier-imprevisto\/#breadcrumb"},"inLanguage":"en-US","potentialAction":[{"@type":"ReadAction","target":["https:\/\/accesolatino.org\/en\/apoyos-sociales\/adquiere-tu-seguro-de-vida-y-protege-a-tu-familia-de-cualquier-imprevisto\/"]}]},{"@type":"ImageObject","inLanguage":"en-US","@id":"https:\/\/accesolatino.org\/en\/apoyos-sociales\/adquiere-tu-seguro-de-vida-y-protege-a-tu-familia-de-cualquier-imprevisto\/#primaryimage","url":"https:\/\/accesolatino.org\/wp-content\/uploads\/2019\/08\/Adquiere-el-seguro-de-vida-paisano-y-vive-tranquilo.jpg","contentUrl":"https:\/\/accesolatino.org\/wp-content\/uploads\/2019\/08\/Adquiere-el-seguro-de-vida-paisano-y-vive-tranquilo.jpg","width":600,"height":338,"caption":"seguro de vida"},{"@type":"BreadcrumbList","@id":"https:\/\/accesolatino.org\/en\/apoyos-sociales\/adquiere-tu-seguro-de-vida-y-protege-a-tu-familia-de-cualquier-imprevisto\/#breadcrumb","itemListElement":[{"@type":"ListItem","position":1,"name":"Portada","item":"https:\/\/accesolatino.org\/"},{"@type":"ListItem","position":2,"name":"Apoyos Sociales","item":"https:\/\/accesolatino.org\/en\/apoyos-sociales\/"},{"@type":"ListItem","position":3,"name":"Adquiere un seguro de vida y protege a tu familia de imprevistos"}]},{"@type":"WebSite","@id":"https:\/\/accesolatino.org\/#website","url":"https:\/\/accesolatino.org\/","name":"Acceso Latino | Fundaci\u00f3n Carlos Slim","description":"Fundaci\u00f3n Carlos Slim","publisher":{"@id":"https:\/\/accesolatino.org\/#organization"},"potentialAction":[{"@type":"SearchAction","target":{"@type":"EntryPoint","urlTemplate":"https:\/\/accesolatino.org\/?s={search_term_string}"},"query-input":{"@type":"PropertyValueSpecification","valueRequired":true,"valueName":"search_term_string"}}],"inLanguage":"en-US"},{"@type":"Organization","@id":"https:\/\/accesolatino.org\/#organization","name":"Acceso Latino | Fundaci\u00f3n Carlos Slim","url":"https:\/\/accesolatino.org\/","logo":{"@type":"ImageObject","inLanguage":"en-US","@id":"https:\/\/accesolatino.org\/#\/schema\/logo\/image\/","url":"https:\/\/accesolatino.org\/wp-content\/uploads\/2021\/02\/logo-footer-acceso-latino.png","contentUrl":"https:\/\/accesolatino.org\/wp-content\/uploads\/2021\/02\/logo-footer-acceso-latino.png","width":240,"height":40,"caption":"Acceso Latino | Fundaci\u00f3n Carlos Slim"},"image":{"@id":"https:\/\/accesolatino.org\/#\/schema\/logo\/image\/"},"sameAs":["https:\/\/www.facebook.com\/AccesoLatinoOrg","https:\/\/x.com\/FAccLatino"]}]}},"_links":{"self":[{"href":"https:\/\/accesolatino.org\/en\/wp-json\/wp\/v2\/pages\/18463","targetHints":{"allow":["GET"]}}],"collection":[{"href":"https:\/\/accesolatino.org\/en\/wp-json\/wp\/v2\/pages"}],"about":[{"href":"https:\/\/accesolatino.org\/en\/wp-json\/wp\/v2\/types\/page"}],"author":[{"embeddable":true,"href":"https:\/\/accesolatino.org\/en\/wp-json\/wp\/v2\/users\/6"}],"replies":[{"embeddable":true,"href":"https:\/\/accesolatino.org\/en\/wp-json\/wp\/v2\/comments?post=18463"}],"version-history":[{"count":1,"href":"https:\/\/accesolatino.org\/en\/wp-json\/wp\/v2\/pages\/18463\/revisions"}],"predecessor-version":[{"id":63805,"href":"https:\/\/accesolatino.org\/en\/wp-json\/wp\/v2\/pages\/18463\/revisions\/63805"}],"up":[{"embeddable":true,"href":"https:\/\/accesolatino.org\/en\/wp-json\/wp\/v2\/pages\/1435"}],"wp:featuredmedia":[{"embeddable":true,"href":"https:\/\/accesolatino.org\/en\/wp-json\/wp\/v2\/media\/18464"}],"wp:attachment":[{"href":"https:\/\/accesolatino.org\/en\/wp-json\/wp\/v2\/media?parent=18463"}],"curies":[{"name":"wp","href":"https:\/\/api.w.org\/{rel}","templated":true}]}}