{"id":18265,"date":"2019-08-12T09:05:46","date_gmt":"2019-08-12T14:05:46","guid":{"rendered":"https:\/\/accesolatino.org\/?page_id=18265"},"modified":"2025-10-16T14:42:18","modified_gmt":"2025-10-16T20:42:18","slug":"programas-de-vivienda-alimentacion-y-nutricion-a-tu-alcance","status":"publish","type":"page","link":"https:\/\/accesolatino.org\/en\/apoyos-sociales\/programas-de-vivienda-alimentacion-y-nutricion-a-tu-alcance\/","title":{"rendered":"Programas de vivienda, alimentaci\u00f3n y nutrici\u00f3n a tu alcance"},"content":{"rendered":"<div data-elementor-type=\"wp-post\" data-elementor-id=\"18265\" class=\"elementor elementor-18265\">\n\t\t\t\t\t\t<section class=\"elementor-section elementor-top-section elementor-element elementor-element-cf4f761 elementor-section-full_width elementor-section-height-min-height elementor-section-items-stretch elementor-section-height-default wpr-particle-no wpr-jarallax-no wpr-parallax-no wpr-sticky-section-no wpr-equal-height-no\" data-id=\"cf4f761\" data-element_type=\"section\" data-e-type=\"section\" data-settings=\"{&quot;background_background&quot;:&quot;classic&quot;}\">\n\t\t\t\t\t\t<div class=\"elementor-container elementor-column-gap-no\">\n\t\t\t\t\t<div class=\"elementor-column elementor-col-100 elementor-top-column elementor-element elementor-element-1e28184\" data-id=\"1e28184\" data-element_type=\"column\" data-e-type=\"column\">\n\t\t\t<div class=\"elementor-widget-wrap elementor-element-populated\">\n\t\t\t\t\t\t<div class=\"elementor-element elementor-element-5bc6bb1 elementor--h-position-center elementor--v-position-middle elementor-widget elementor-widget-slides\" data-id=\"5bc6bb1\" data-element_type=\"widget\" data-e-type=\"widget\" data-settings=\"{&quot;navigation&quot;:&quot;none&quot;,&quot;infinite&quot;:&quot;yes&quot;,&quot;transition&quot;:&quot;slide&quot;,&quot;transition_speed&quot;:500}\" data-widget_type=\"slides.default\">\n\t\t\t\t<div class=\"elementor-widget-container\">\n\t\t\t\t\t\t\t<div class=\"elementor-swiper\">\n\t\t\t<div class=\"elementor-slides-wrapper elementor-main-swiper swiper-container\" dir=\"ltr\" data-animation=\"\">\n\t\t\t\t<div class=\"swiper-wrapper elementor-slides\">\n\t\t\t\t\t\t\t\t\t\t<div class=\"elementor-repeater-item-d983a28 swiper-slide\"><div class=\"swiper-slide-bg\"><\/div><div class=\"swiper-slide-inner\" ><div class=\"swiper-slide-contents\"><div class=\"elementor-slide-heading\">Social Supports<\/div><\/div><\/div><\/div>\t\t\t\t<\/div>\n\t\t\t\t\t\t\t<\/div>\n\t\t<\/div>\n\t\t\t\t\t\t<\/div>\n\t\t\t\t<\/div>\n\t\t\t\t\t<\/div>\n\t\t<\/div>\n\t\t\t\t\t<\/div>\n\t\t<\/section>\n\t\t\t\t<section class=\"elementor-section elementor-top-section elementor-element elementor-element-4dd06bd elementor-section-stretched elementor-section-boxed elementor-section-height-default elementor-section-height-default wpr-particle-no wpr-jarallax-no wpr-parallax-no wpr-sticky-section-no wpr-equal-height-no\" data-id=\"4dd06bd\" data-element_type=\"section\" data-e-type=\"section\" data-settings=\"{&quot;stretch_section&quot;:&quot;section-stretched&quot;,&quot;background_background&quot;:&quot;classic&quot;}\">\n\t\t\t\t\t\t<div class=\"elementor-container elementor-column-gap-default\">\n\t\t\t\t\t<div class=\"elementor-column elementor-col-100 elementor-top-column elementor-element elementor-element-735aab3\" data-id=\"735aab3\" data-element_type=\"column\" data-e-type=\"column\">\n\t\t\t<div class=\"elementor-widget-wrap elementor-element-populated\">\n\t\t\t\t\t\t<div class=\"elementor-element elementor-element-9fea4f4 elementor-widget elementor-widget-heading\" data-id=\"9fea4f4\" data-element_type=\"widget\" data-e-type=\"widget\" data-widget_type=\"heading.default\">\n\t\t\t\t<div class=\"elementor-widget-container\">\n\t\t\t\t\t<h3 class=\"elementor-heading-title elementor-size-default\">Information on housing, food and nutrition programs at your fingertips. Get to know them here.<\/h3>\t\t\t\t<\/div>\n\t\t\t\t<\/div>\n\t\t\t\t<div class=\"elementor-element elementor-element-9535a2f elementor-widget elementor-widget-text-editor\" data-id=\"9535a2f\" data-element_type=\"widget\" data-e-type=\"widget\" data-widget_type=\"text-editor.default\">\n\t\t\t\t<div class=\"elementor-widget-container\">\n\t\t\t\t\t\t\t\t\t<p>In <strong>Acceso Latino<\/strong> tenemos mucha informaci\u00f3n y herramientas en l\u00ednea totalmente gratis Al ingresar a la p\u00e1gina podr\u00e1s ver programas de asistencia nutricional, de apoyo para embarazos y para ni\u00f1os menores de 5 a\u00f1os. No dudes usarlos en caso de que los necesites.<\/p><p>En la uni\u00f3n americana hay m\u00e1s de 42 millones de latinos, esto lo convierte en el pa\u00eds con m\u00e1s migraci\u00f3n del mundo.<\/p><p>Entra a nuestra tarjeta de <strong><a href=\"https:\/\/accesolatino.org\/en\/apoyos-sociales\/\">Social Supports<\/a>,<\/strong> y ah\u00ed encontrar\u00e1s \u201cEl programa Asistencia Nutricional Suplementaria, para la vivienda y para mujeres embarazadas, mam\u00e1s recientes y otros programas que te ayudar\u00e1n a ti y tu familia.<\/p><p>No olvides que tenemos para ti la aplicaci\u00f3n m\u00f3vil donde encontrar\u00e1s datos y contenidos que te ayudar\u00e1n a toma decisiones correctas, as\u00ed como asesor\u00eda.<\/p><p><strong>Acceso Latino tu primera ventana de consulta migratoria en espa\u00f1ol e ingl\u00e9s.<\/strong><\/p>\t\t\t\t\t\t\t\t<\/div>\n\t\t\t\t<\/div>\n\t\t\t\t<div class=\"elementor-element elementor-element-30b3827 elementor-widget elementor-widget-spacer\" data-id=\"30b3827\" data-element_type=\"widget\" data-e-type=\"widget\" data-widget_type=\"spacer.default\">\n\t\t\t\t<div class=\"elementor-widget-container\">\n\t\t\t\t\t\t\t<div class=\"elementor-spacer\">\n\t\t\t<div class=\"elementor-spacer-inner\"><\/div>\n\t\t<\/div>\n\t\t\t\t\t\t<\/div>\n\t\t\t\t<\/div>\n\t\t\t\t\t<\/div>\n\t\t<\/div>\n\t\t\t\t\t<\/div>\n\t\t<\/section>\n\t\t\t\t<\/div>","protected":false},"excerpt":{"rendered":"<p>Apoyos Sociales Informaci\u00f3n de programas de vivienda, alimentaci\u00f3n y nutrici\u00f3n a tu alcance. Con\u00f3celas aqu\u00ed. En Acceso Latino tenemos mucha informaci\u00f3n y herramientas en l\u00ednea totalmente gratis Al ingresar a la p\u00e1gina podr\u00e1s ver programas de asistencia nutricional, de apoyo para embarazos y para ni\u00f1os menores de 5 a\u00f1os. No dudes usarlos en caso de que los necesites. En la uni\u00f3n americana hay m\u00e1s de 42 millones de latinos, esto lo convierte en el pa\u00eds con m\u00e1s migraci\u00f3n del mundo. Entra a nuestra tarjeta de Apoyos Sociales, y ah\u00ed encontrar\u00e1s \u201cEl programa Asistencia Nutricional Suplementaria, para la vivienda y para mujeres embarazadas, mam\u00e1s recientes y otros programas que te ayudar\u00e1n a ti y tu familia. No olvides que tenemos para ti la aplicaci\u00f3n m\u00f3vil donde encontrar\u00e1s datos y contenidos que te ayudar\u00e1n a toma decisiones correctas, as\u00ed como asesor\u00eda. Acceso Latino tu primera ventana de consulta migratoria en espa\u00f1ol e ingl\u00e9s.<\/p>","protected":false},"author":6,"featured_media":18573,"parent":1435,"menu_order":0,"comment_status":"closed","ping_status":"closed","template":"elementor_header_footer","meta":{"_uf_show_specific_survey":0,"_uf_disable_surveys":false,"footnotes":""},"class_list":["post-18265","page","type-page","status-publish","has-post-thumbnail"],"aioseo_notices":[],"yoast_head":"<!-- This site is optimized with the Yoast SEO plugin v27.5 - https:\/\/yoast.com\/product\/yoast-seo-wordpress\/ -->\n<title>Programas de vivienda, alimentaci\u00f3n y nutrici\u00f3n a tu alcance<\/title>\n<meta name=\"description\" content=\"Conoce las diferentes formas en las que los migrantes se pueden ver beneficiados en Estados Unidos - Acceso Latino\" \/>\n<meta name=\"robots\" content=\"index, follow, max-snippet:-1, max-image-preview:large, max-video-preview:-1\" \/>\n<link rel=\"canonical\" href=\"https:\/\/accesolatino.org\/en\/apoyos-sociales\/programas-de-vivienda-alimentacion-y-nutricion-a-tu-alcance\/\" \/>\n<meta property=\"og:locale\" content=\"en_US\" \/>\n<meta property=\"og:type\" content=\"article\" \/>\n<meta property=\"og:title\" content=\"Acceso Latino | Programas de vivienda, alimentaci\u00f3n y nutrici\u00f3n a tu alcance\" \/>\n<meta property=\"og:description\" content=\"Conoce las diferentes formas en las que los migrantes se pueden ver beneficiados en USA\" \/>\n<meta property=\"og:url\" content=\"https:\/\/accesolatino.org\/en\/apoyos-sociales\/programas-de-vivienda-alimentacion-y-nutricion-a-tu-alcance\/\" \/>\n<meta property=\"og:site_name\" content=\"Acceso Latino\" \/>\n<meta property=\"article:publisher\" content=\"https:\/\/www.facebook.com\/AccesoLatinoOrg\" \/>\n<meta property=\"article:modified_time\" content=\"2025-10-16T20:42:18+00:00\" \/>\n<meta property=\"og:image\" content=\"https:\/\/accesolatino.org\/wp-content\/uploads\/2019\/09\/Informacion-de-programas-de-vivienda-alimentacion-y-nutricion-a-tu-alcance.-Conocelas-aqui..jpg\" \/>\n\t<meta property=\"og:image:width\" content=\"600\" \/>\n\t<meta property=\"og:image:height\" content=\"338\" \/>\n\t<meta property=\"og:image:type\" content=\"image\/jpeg\" \/>\n<meta name=\"twitter:card\" content=\"summary_large_image\" \/>\n<meta name=\"twitter:title\" content=\"Acceso Latino | Programas de vivienda, alimentaci\u00f3n y nutrici\u00f3n a tu alcance\" \/>\n<meta name=\"twitter:description\" content=\"Conoce las diferentes formas en las que los migrantes se pueden ver beneficiados en USA\" \/>\n<meta name=\"twitter:image\" content=\"https:\/\/accesolatino.org\/wp-content\/uploads\/2019\/09\/Informacion-de-programas-de-vivienda-alimentacion-y-nutricion-a-tu-alcance.-Conocelas-aqui..jpg\" \/>\n<meta name=\"twitter:site\" content=\"@FAccLatino\" \/>\n<meta name=\"twitter:label1\" content=\"Est. reading time\" \/>\n\t<meta name=\"twitter:data1\" content=\"1 minute\" \/>\n<script type=\"application\/ld+json\" class=\"yoast-schema-graph\">{\"@context\":\"https:\\\/\\\/schema.org\",\"@graph\":[{\"@type\":\"WebPage\",\"@id\":\"https:\\\/\\\/accesolatino.org\\\/en\\\/apoyos-sociales\\\/programas-de-vivienda-alimentacion-y-nutricion-a-tu-alcance\\\/\",\"url\":\"https:\\\/\\\/accesolatino.org\\\/en\\\/apoyos-sociales\\\/programas-de-vivienda-alimentacion-y-nutricion-a-tu-alcance\\\/\",\"name\":\"Programas de vivienda, alimentaci\u00f3n y nutrici\u00f3n a tu alcance\",\"isPartOf\":{\"@id\":\"https:\\\/\\\/accesolatino.org\\\/#website\"},\"primaryImageOfPage\":{\"@id\":\"https:\\\/\\\/accesolatino.org\\\/en\\\/apoyos-sociales\\\/programas-de-vivienda-alimentacion-y-nutricion-a-tu-alcance\\\/#primaryimage\"},\"image\":{\"@id\":\"https:\\\/\\\/accesolatino.org\\\/en\\\/apoyos-sociales\\\/programas-de-vivienda-alimentacion-y-nutricion-a-tu-alcance\\\/#primaryimage\"},\"thumbnailUrl\":\"https:\\\/\\\/accesolatino.org\\\/wp-content\\\/uploads\\\/2019\\\/09\\\/Informacion-de-programas-de-vivienda-alimentacion-y-nutricion-a-tu-alcance.-Conocelas-aqui..jpg\",\"datePublished\":\"2019-08-12T14:05:46+00:00\",\"dateModified\":\"2025-10-16T20:42:18+00:00\",\"description\":\"Conoce las diferentes formas en las que los migrantes se pueden ver beneficiados en Estados Unidos - Acceso Latino\",\"breadcrumb\":{\"@id\":\"https:\\\/\\\/accesolatino.org\\\/en\\\/apoyos-sociales\\\/programas-de-vivienda-alimentacion-y-nutricion-a-tu-alcance\\\/#breadcrumb\"},\"inLanguage\":\"en-US\",\"potentialAction\":[{\"@type\":\"ReadAction\",\"target\":[\"https:\\\/\\\/accesolatino.org\\\/en\\\/apoyos-sociales\\\/programas-de-vivienda-alimentacion-y-nutricion-a-tu-alcance\\\/\"]}]},{\"@type\":\"ImageObject\",\"inLanguage\":\"en-US\",\"@id\":\"https:\\\/\\\/accesolatino.org\\\/en\\\/apoyos-sociales\\\/programas-de-vivienda-alimentacion-y-nutricion-a-tu-alcance\\\/#primaryimage\",\"url\":\"https:\\\/\\\/accesolatino.org\\\/wp-content\\\/uploads\\\/2019\\\/09\\\/Informacion-de-programas-de-vivienda-alimentacion-y-nutricion-a-tu-alcance.-Conocelas-aqui..jpg\",\"contentUrl\":\"https:\\\/\\\/accesolatino.org\\\/wp-content\\\/uploads\\\/2019\\\/09\\\/Informacion-de-programas-de-vivienda-alimentacion-y-nutricion-a-tu-alcance.-Conocelas-aqui..jpg\",\"width\":600,\"height\":338,\"caption\":\"vivienda y alimentaci\u00f3n\"},{\"@type\":\"BreadcrumbList\",\"@id\":\"https:\\\/\\\/accesolatino.org\\\/en\\\/apoyos-sociales\\\/programas-de-vivienda-alimentacion-y-nutricion-a-tu-alcance\\\/#breadcrumb\",\"itemListElement\":[{\"@type\":\"ListItem\",\"position\":1,\"name\":\"Portada\",\"item\":\"https:\\\/\\\/accesolatino.org\\\/\"},{\"@type\":\"ListItem\",\"position\":2,\"name\":\"Apoyos Sociales\",\"item\":\"https:\\\/\\\/accesolatino.org\\\/en\\\/apoyos-sociales\\\/\"},{\"@type\":\"ListItem\",\"position\":3,\"name\":\"Programas de vivienda, alimentaci\u00f3n y nutrici\u00f3n a tu alcance\"}]},{\"@type\":\"WebSite\",\"@id\":\"https:\\\/\\\/accesolatino.org\\\/#website\",\"url\":\"https:\\\/\\\/accesolatino.org\\\/\",\"name\":\"Acceso Latino | Fundaci\u00f3n Carlos Slim\",\"description\":\"Fundaci\u00f3n Carlos Slim\",\"publisher\":{\"@id\":\"https:\\\/\\\/accesolatino.org\\\/#organization\"},\"potentialAction\":[{\"@type\":\"SearchAction\",\"target\":{\"@type\":\"EntryPoint\",\"urlTemplate\":\"https:\\\/\\\/accesolatino.org\\\/?s={search_term_string}\"},\"query-input\":{\"@type\":\"PropertyValueSpecification\",\"valueRequired\":true,\"valueName\":\"search_term_string\"}}],\"inLanguage\":\"en-US\"},{\"@type\":\"Organization\",\"@id\":\"https:\\\/\\\/accesolatino.org\\\/#organization\",\"name\":\"Acceso Latino | Fundaci\u00f3n Carlos Slim\",\"url\":\"https:\\\/\\\/accesolatino.org\\\/\",\"logo\":{\"@type\":\"ImageObject\",\"inLanguage\":\"en-US\",\"@id\":\"https:\\\/\\\/accesolatino.org\\\/#\\\/schema\\\/logo\\\/image\\\/\",\"url\":\"https:\\\/\\\/accesolatino.org\\\/wp-content\\\/uploads\\\/2021\\\/02\\\/logo-footer-acceso-latino.png\",\"contentUrl\":\"https:\\\/\\\/accesolatino.org\\\/wp-content\\\/uploads\\\/2021\\\/02\\\/logo-footer-acceso-latino.png\",\"width\":240,\"height\":40,\"caption\":\"Acceso Latino | Fundaci\u00f3n Carlos Slim\"},\"image\":{\"@id\":\"https:\\\/\\\/accesolatino.org\\\/#\\\/schema\\\/logo\\\/image\\\/\"},\"sameAs\":[\"https:\\\/\\\/www.facebook.com\\\/AccesoLatinoOrg\",\"https:\\\/\\\/x.com\\\/FAccLatino\"]}]}<\/script>\n<!-- \/ Yoast SEO plugin. -->","yoast_head_json":{"title":"Programas de vivienda, alimentaci\u00f3n y nutrici\u00f3n a tu alcance","description":"Conoce las diferentes formas en las que los migrantes se pueden ver beneficiados en Estados Unidos - Acceso Latino","robots":{"index":"index","follow":"follow","max-snippet":"max-snippet:-1","max-image-preview":"max-image-preview:large","max-video-preview":"max-video-preview:-1"},"canonical":"https:\/\/accesolatino.org\/en\/apoyos-sociales\/programas-de-vivienda-alimentacion-y-nutricion-a-tu-alcance\/","og_locale":"en_US","og_type":"article","og_title":"Acceso Latino | Programas de vivienda, alimentaci\u00f3n y nutrici\u00f3n a tu alcance","og_description":"Conoce las diferentes formas en las que los migrantes se pueden ver beneficiados en USA","og_url":"https:\/\/accesolatino.org\/en\/apoyos-sociales\/programas-de-vivienda-alimentacion-y-nutricion-a-tu-alcance\/","og_site_name":"Acceso Latino","article_publisher":"https:\/\/www.facebook.com\/AccesoLatinoOrg","article_modified_time":"2025-10-16T20:42:18+00:00","og_image":[{"width":600,"height":338,"url":"https:\/\/accesolatino.org\/wp-content\/uploads\/2019\/09\/Informacion-de-programas-de-vivienda-alimentacion-y-nutricion-a-tu-alcance.-Conocelas-aqui..jpg","type":"image\/jpeg"}],"twitter_card":"summary_large_image","twitter_title":"Acceso Latino | Programas de vivienda, alimentaci\u00f3n y nutrici\u00f3n a tu alcance","twitter_description":"Conoce las diferentes formas en las que los migrantes se pueden ver beneficiados en USA","twitter_image":"https:\/\/accesolatino.org\/wp-content\/uploads\/2019\/09\/Informacion-de-programas-de-vivienda-alimentacion-y-nutricion-a-tu-alcance.-Conocelas-aqui..jpg","twitter_site":"@FAccLatino","twitter_misc":{"Est. reading time":"1 minute"},"schema":{"@context":"https:\/\/schema.org","@graph":[{"@type":"WebPage","@id":"https:\/\/accesolatino.org\/en\/apoyos-sociales\/programas-de-vivienda-alimentacion-y-nutricion-a-tu-alcance\/","url":"https:\/\/accesolatino.org\/en\/apoyos-sociales\/programas-de-vivienda-alimentacion-y-nutricion-a-tu-alcance\/","name":"Programas de vivienda, alimentaci\u00f3n y nutrici\u00f3n a tu alcance","isPartOf":{"@id":"https:\/\/accesolatino.org\/#website"},"primaryImageOfPage":{"@id":"https:\/\/accesolatino.org\/en\/apoyos-sociales\/programas-de-vivienda-alimentacion-y-nutricion-a-tu-alcance\/#primaryimage"},"image":{"@id":"https:\/\/accesolatino.org\/en\/apoyos-sociales\/programas-de-vivienda-alimentacion-y-nutricion-a-tu-alcance\/#primaryimage"},"thumbnailUrl":"https:\/\/accesolatino.org\/wp-content\/uploads\/2019\/09\/Informacion-de-programas-de-vivienda-alimentacion-y-nutricion-a-tu-alcance.-Conocelas-aqui..jpg","datePublished":"2019-08-12T14:05:46+00:00","dateModified":"2025-10-16T20:42:18+00:00","description":"Conoce las diferentes formas en las que los migrantes se pueden ver beneficiados en Estados Unidos - Acceso Latino","breadcrumb":{"@id":"https:\/\/accesolatino.org\/en\/apoyos-sociales\/programas-de-vivienda-alimentacion-y-nutricion-a-tu-alcance\/#breadcrumb"},"inLanguage":"en-US","potentialAction":[{"@type":"ReadAction","target":["https:\/\/accesolatino.org\/en\/apoyos-sociales\/programas-de-vivienda-alimentacion-y-nutricion-a-tu-alcance\/"]}]},{"@type":"ImageObject","inLanguage":"en-US","@id":"https:\/\/accesolatino.org\/en\/apoyos-sociales\/programas-de-vivienda-alimentacion-y-nutricion-a-tu-alcance\/#primaryimage","url":"https:\/\/accesolatino.org\/wp-content\/uploads\/2019\/09\/Informacion-de-programas-de-vivienda-alimentacion-y-nutricion-a-tu-alcance.-Conocelas-aqui..jpg","contentUrl":"https:\/\/accesolatino.org\/wp-content\/uploads\/2019\/09\/Informacion-de-programas-de-vivienda-alimentacion-y-nutricion-a-tu-alcance.-Conocelas-aqui..jpg","width":600,"height":338,"caption":"vivienda y alimentaci\u00f3n"},{"@type":"BreadcrumbList","@id":"https:\/\/accesolatino.org\/en\/apoyos-sociales\/programas-de-vivienda-alimentacion-y-nutricion-a-tu-alcance\/#breadcrumb","itemListElement":[{"@type":"ListItem","position":1,"name":"Portada","item":"https:\/\/accesolatino.org\/"},{"@type":"ListItem","position":2,"name":"Apoyos Sociales","item":"https:\/\/accesolatino.org\/en\/apoyos-sociales\/"},{"@type":"ListItem","position":3,"name":"Programas de vivienda, alimentaci\u00f3n y nutrici\u00f3n a tu alcance"}]},{"@type":"WebSite","@id":"https:\/\/accesolatino.org\/#website","url":"https:\/\/accesolatino.org\/","name":"Acceso Latino | Fundaci\u00f3n Carlos Slim","description":"Fundaci\u00f3n Carlos Slim","publisher":{"@id":"https:\/\/accesolatino.org\/#organization"},"potentialAction":[{"@type":"SearchAction","target":{"@type":"EntryPoint","urlTemplate":"https:\/\/accesolatino.org\/?s={search_term_string}"},"query-input":{"@type":"PropertyValueSpecification","valueRequired":true,"valueName":"search_term_string"}}],"inLanguage":"en-US"},{"@type":"Organization","@id":"https:\/\/accesolatino.org\/#organization","name":"Acceso Latino | Fundaci\u00f3n Carlos Slim","url":"https:\/\/accesolatino.org\/","logo":{"@type":"ImageObject","inLanguage":"en-US","@id":"https:\/\/accesolatino.org\/#\/schema\/logo\/image\/","url":"https:\/\/accesolatino.org\/wp-content\/uploads\/2021\/02\/logo-footer-acceso-latino.png","contentUrl":"https:\/\/accesolatino.org\/wp-content\/uploads\/2021\/02\/logo-footer-acceso-latino.png","width":240,"height":40,"caption":"Acceso Latino | Fundaci\u00f3n Carlos Slim"},"image":{"@id":"https:\/\/accesolatino.org\/#\/schema\/logo\/image\/"},"sameAs":["https:\/\/www.facebook.com\/AccesoLatinoOrg","https:\/\/x.com\/FAccLatino"]}]}},"_links":{"self":[{"href":"https:\/\/accesolatino.org\/en\/wp-json\/wp\/v2\/pages\/18265","targetHints":{"allow":["GET"]}}],"collection":[{"href":"https:\/\/accesolatino.org\/en\/wp-json\/wp\/v2\/pages"}],"about":[{"href":"https:\/\/accesolatino.org\/en\/wp-json\/wp\/v2\/types\/page"}],"author":[{"embeddable":true,"href":"https:\/\/accesolatino.org\/en\/wp-json\/wp\/v2\/users\/6"}],"replies":[{"embeddable":true,"href":"https:\/\/accesolatino.org\/en\/wp-json\/wp\/v2\/comments?post=18265"}],"version-history":[{"count":1,"href":"https:\/\/accesolatino.org\/en\/wp-json\/wp\/v2\/pages\/18265\/revisions"}],"predecessor-version":[{"id":63930,"href":"https:\/\/accesolatino.org\/en\/wp-json\/wp\/v2\/pages\/18265\/revisions\/63930"}],"up":[{"embeddable":true,"href":"https:\/\/accesolatino.org\/en\/wp-json\/wp\/v2\/pages\/1435"}],"wp:featuredmedia":[{"embeddable":true,"href":"https:\/\/accesolatino.org\/en\/wp-json\/wp\/v2\/media\/18573"}],"wp:attachment":[{"href":"https:\/\/accesolatino.org\/en\/wp-json\/wp\/v2\/media?parent=18265"}],"curies":[{"name":"wp","href":"https:\/\/api.w.org\/{rel}","templated":true}]}}