{"id":18247,"date":"2019-08-14T09:43:14","date_gmt":"2019-08-14T14:43:14","guid":{"rendered":"https:\/\/accesolatino.org\/?page_id=18247"},"modified":"2025-10-16T12:17:14","modified_gmt":"2025-10-16T18:17:14","slug":"quieres-seguir-estudiando-conoce-los-apoyos-del-gobierno-estadounidense","status":"publish","type":"page","link":"https:\/\/accesolatino.org\/en\/quieres-seguir-estudiando-conoce-los-apoyos-del-gobierno-estadounidense\/","title":{"rendered":"Want to continue your education? Learn about U.S. government support"},"content":{"rendered":"<div data-elementor-type=\"wp-post\" data-elementor-id=\"18247\" class=\"elementor elementor-18247\">\n\t\t\t\t\t\t<section class=\"elementor-section elementor-top-section elementor-element elementor-element-8c20a47 elementor-section-full_width elementor-section-height-min-height elementor-section-items-stretch elementor-section-height-default wpr-particle-no wpr-jarallax-no wpr-parallax-no wpr-sticky-section-no wpr-equal-height-no\" data-id=\"8c20a47\" data-element_type=\"section\" data-e-type=\"section\" data-settings=\"{&quot;background_background&quot;:&quot;classic&quot;}\">\n\t\t\t\t\t\t<div class=\"elementor-container elementor-column-gap-no\">\n\t\t\t\t\t<div class=\"elementor-column elementor-col-100 elementor-top-column elementor-element elementor-element-b96bb5e\" data-id=\"b96bb5e\" data-element_type=\"column\" data-e-type=\"column\">\n\t\t\t<div class=\"elementor-widget-wrap elementor-element-populated\">\n\t\t\t\t\t\t<div class=\"elementor-element elementor-element-cf5007f elementor--h-position-center elementor--v-position-middle elementor-widget elementor-widget-slides\" data-id=\"cf5007f\" data-element_type=\"widget\" data-e-type=\"widget\" data-settings=\"{&quot;navigation&quot;:&quot;none&quot;,&quot;infinite&quot;:&quot;yes&quot;,&quot;transition&quot;:&quot;slide&quot;,&quot;transition_speed&quot;:500}\" data-widget_type=\"slides.default\">\n\t\t\t\t<div class=\"elementor-widget-container\">\n\t\t\t\t\t\t\t<div class=\"elementor-swiper\">\n\t\t\t<div class=\"elementor-slides-wrapper elementor-main-swiper swiper-container\" dir=\"ltr\" data-animation=\"\">\n\t\t\t\t<div class=\"swiper-wrapper elementor-slides\">\n\t\t\t\t\t\t\t\t\t\t<div class=\"elementor-repeater-item-d983a28 swiper-slide\"><div class=\"swiper-slide-bg\"><\/div><div class=\"swiper-slide-inner\" ><div class=\"swiper-slide-contents\"><div class=\"elementor-slide-heading\">Education<\/div><\/div><\/div><\/div>\t\t\t\t<\/div>\n\t\t\t\t\t\t\t<\/div>\n\t\t<\/div>\n\t\t\t\t\t\t<\/div>\n\t\t\t\t<\/div>\n\t\t\t\t\t<\/div>\n\t\t<\/div>\n\t\t\t\t\t<\/div>\n\t\t<\/section>\n\t\t\t\t<section class=\"elementor-section elementor-top-section elementor-element elementor-element-7816868 elementor-section-stretched elementor-section-boxed elementor-section-height-default elementor-section-height-default wpr-particle-no wpr-jarallax-no wpr-parallax-no wpr-sticky-section-no wpr-equal-height-no\" data-id=\"7816868\" data-element_type=\"section\" data-e-type=\"section\" data-settings=\"{&quot;stretch_section&quot;:&quot;section-stretched&quot;,&quot;background_background&quot;:&quot;classic&quot;}\">\n\t\t\t\t\t\t<div class=\"elementor-container elementor-column-gap-default\">\n\t\t\t\t\t<div class=\"elementor-column elementor-col-100 elementor-top-column elementor-element elementor-element-d94dd7c\" data-id=\"d94dd7c\" data-element_type=\"column\" data-e-type=\"column\">\n\t\t\t<div class=\"elementor-widget-wrap elementor-element-populated\">\n\t\t\t\t\t\t<div class=\"elementor-element elementor-element-f0e2103 elementor-widget elementor-widget-heading\" data-id=\"f0e2103\" data-element_type=\"widget\" data-e-type=\"widget\" data-widget_type=\"heading.default\">\n\t\t\t\t<div class=\"elementor-widget-container\">\n\t\t\t\t\t<h3 class=\"elementor-heading-title elementor-size-default\">\u00bfQuieres seguir estudiando? Conoce los\napoyos del gobierno estadounidense<\/h3>\t\t\t\t<\/div>\n\t\t\t\t<\/div>\n\t\t\t\t<div class=\"elementor-element elementor-element-12d8887 elementor-widget elementor-widget-text-editor\" data-id=\"12d8887\" data-element_type=\"widget\" data-e-type=\"widget\" data-widget_type=\"text-editor.default\">\n\t\t\t\t<div class=\"elementor-widget-container\">\n\t\t\t\t\t\t\t\t\t<p>Amigo estudiante latinoamericano, \u00bfsab\u00edas qu\u00e9 gobierno federal norteamericano ofrece apoyos econ\u00f3micos para seguir con tus estudios? Con <strong>El Programa Ayuda Federal Para Estudiantes (FAFSA)<\/strong> puedes seguir con tu vida escolar y aspirar a una mejor vida.<\/p><p>En la pesta\u00f1a de <a href=\"https:\/\/accesolatino.org\/en\/educacion\/\"><strong>\u201cEducaci\u00f3n\u201d<\/strong><\/a> esta la tarjeta de <strong>Ayuda financiera del gobierno estadounidense para estudiantes (FAFSA)<\/strong>, en este apartado podr\u00e1s ver toda la informaci\u00f3n necesaria para que cheques el proceso y lo que necesaritas para calificar en \u00e9l.<\/p><p>Encuentra apoyo econ\u00f3mico para estudiar la universidad o alguna otra carrera profesional, es el fin del gobierno del porqu\u00e9 cre\u00f3 este programa, para ayudarte a conseguir el dinero que necesitas para pagar tu educaci\u00f3n.<\/p><p>In <strong>Acceso Latino<\/strong> <strong>tu primera ventana de consulta migratoria<\/strong>, encontrar\u00e1s herramientas que te ayudar\u00e1n en cualquier situaci\u00f3n en la que te encuentres y adem\u00e1s te ofrece cursos educativos sin costo para cualquier nivel en el que te encuentres.<\/p>\t\t\t\t\t\t\t\t<\/div>\n\t\t\t\t<\/div>\n\t\t\t\t<div class=\"elementor-element elementor-element-2d8c3d9 elementor-widget elementor-widget-spacer\" data-id=\"2d8c3d9\" data-element_type=\"widget\" data-e-type=\"widget\" data-widget_type=\"spacer.default\">\n\t\t\t\t<div class=\"elementor-widget-container\">\n\t\t\t\t\t\t\t<div class=\"elementor-spacer\">\n\t\t\t<div class=\"elementor-spacer-inner\"><\/div>\n\t\t<\/div>\n\t\t\t\t\t\t<\/div>\n\t\t\t\t<\/div>\n\t\t\t\t\t<\/div>\n\t\t<\/div>\n\t\t\t\t\t<\/div>\n\t\t<\/section>\n\t\t\t\t<\/div>","protected":false},"excerpt":{"rendered":"<p>Educaci\u00f3n \u00bfQuieres seguir estudiando? Conoce los apoyos del gobierno estadounidense Amigo estudiante latinoamericano, \u00bfsab\u00edas qu\u00e9 gobierno federal norteamericano ofrece apoyos econ\u00f3micos para seguir con tus estudios? Con El Programa Ayuda Federal Para Estudiantes (FAFSA) puedes seguir con tu vida escolar y aspirar a una mejor vida. En la pesta\u00f1a de \u201cEducaci\u00f3n\u201d esta la tarjeta de Ayuda financiera del gobierno estadounidense para estudiantes (FAFSA), en este apartado podr\u00e1s ver toda la informaci\u00f3n necesaria para que cheques el proceso y lo que necesaritas para calificar en \u00e9l. Encuentra apoyo econ\u00f3mico para estudiar la universidad o alguna otra carrera profesional, es el fin del gobierno del porqu\u00e9 cre\u00f3 este programa, para ayudarte a conseguir el dinero que necesitas para pagar tu educaci\u00f3n. En Acceso Latino tu primera ventana de consulta migratoria, encontrar\u00e1s herramientas que te ayudar\u00e1n en cualquier situaci\u00f3n en la que te encuentres y adem\u00e1s te ofrece cursos educativos sin costo para cualquier nivel en el que te encuentres.<\/p>","protected":false},"author":7,"featured_media":18238,"parent":0,"menu_order":0,"comment_status":"closed","ping_status":"closed","template":"elementor_header_footer","meta":{"_uf_show_specific_survey":0,"_uf_disable_surveys":false,"footnotes":""},"class_list":["post-18247","page","type-page","status-publish","has-post-thumbnail"],"aioseo_notices":[],"yoast_head":"<!-- This site is optimized with the Yoast SEO plugin v27.5 - https:\/\/yoast.com\/product\/yoast-seo-wordpress\/ -->\n<title>\u00bfQuieres seguir estudiando? Conoce los apoyos del gobierno estadounidense<\/title>\n<meta name=\"description\" content=\"\u00bfQuieres seguir estudiando? Conoce los apoyos del gobierno estadounidense para los estudiantes latinoamericanos\" \/>\n<meta name=\"robots\" content=\"index, follow, max-snippet:-1, max-image-preview:large, max-video-preview:-1\" \/>\n<link rel=\"canonical\" href=\"https:\/\/accesolatino.org\/en\/quieres-seguir-estudiando-conoce-los-apoyos-del-gobierno-estadounidense\/\" \/>\n<meta property=\"og:locale\" content=\"en_US\" \/>\n<meta property=\"og:type\" content=\"article\" \/>\n<meta property=\"og:title\" content=\"Acceso Latino | \u00bfQuieres seguir estudiando? Conoce los apoyos del gobierno estadounidense\" \/>\n<meta property=\"og:description\" content=\"Conoce la documentaci\u00f3n requerida para tramitar una licencia en cada uno de los estados de USA\" \/>\n<meta property=\"og:url\" content=\"https:\/\/accesolatino.org\/en\/quieres-seguir-estudiando-conoce-los-apoyos-del-gobierno-estadounidense\/\" \/>\n<meta property=\"og:site_name\" content=\"Acceso Latino\" \/>\n<meta property=\"article:publisher\" content=\"https:\/\/www.facebook.com\/AccesoLatinoOrg\" \/>\n<meta property=\"article:modified_time\" content=\"2025-10-16T18:17:14+00:00\" \/>\n<meta property=\"og:image\" content=\"https:\/\/accesolatino.org\/wp-content\/uploads\/2019\/08\/\u00bfQuieres-seguir-estudiando-Conoce-los-apoyos-del-gobierno-estadounidense.jpeg\" \/>\n\t<meta property=\"og:image:width\" content=\"768\" \/>\n\t<meta property=\"og:image:height\" content=\"512\" \/>\n\t<meta property=\"og:image:type\" content=\"image\/jpeg\" \/>\n<meta name=\"twitter:card\" content=\"summary_large_image\" \/>\n<meta name=\"twitter:title\" content=\"Acceso Latino | \u00bfQuieres seguir estudiando? Conoce los apoyos del gobierno estadounidense\" \/>\n<meta name=\"twitter:description\" content=\"Conoce la documentaci\u00f3n requerida para tramitar una licencia en cada uno de los estados de USA\" \/>\n<meta name=\"twitter:image\" content=\"https:\/\/accesolatino.org\/wp-content\/uploads\/2019\/08\/\u00bfQuieres-seguir-estudiando-Conoce-los-apoyos-del-gobierno-estadounidense.jpeg\" \/>\n<meta name=\"twitter:site\" content=\"@FAccLatino\" \/>\n<meta name=\"twitter:label1\" content=\"Est. reading time\" \/>\n\t<meta name=\"twitter:data1\" content=\"1 minute\" \/>\n<script type=\"application\/ld+json\" class=\"yoast-schema-graph\">{\"@context\":\"https:\\\/\\\/schema.org\",\"@graph\":[{\"@type\":\"WebPage\",\"@id\":\"https:\\\/\\\/accesolatino.org\\\/quieres-seguir-estudiando-conoce-los-apoyos-del-gobierno-estadounidense\\\/\",\"url\":\"https:\\\/\\\/accesolatino.org\\\/quieres-seguir-estudiando-conoce-los-apoyos-del-gobierno-estadounidense\\\/\",\"name\":\"\u00bfQuieres seguir estudiando? Conoce los apoyos del gobierno estadounidense\",\"isPartOf\":{\"@id\":\"https:\\\/\\\/accesolatino.org\\\/#website\"},\"primaryImageOfPage\":{\"@id\":\"https:\\\/\\\/accesolatino.org\\\/quieres-seguir-estudiando-conoce-los-apoyos-del-gobierno-estadounidense\\\/#primaryimage\"},\"image\":{\"@id\":\"https:\\\/\\\/accesolatino.org\\\/quieres-seguir-estudiando-conoce-los-apoyos-del-gobierno-estadounidense\\\/#primaryimage\"},\"thumbnailUrl\":\"https:\\\/\\\/accesolatino.org\\\/wp-content\\\/uploads\\\/2019\\\/08\\\/\u00bfQuieres-seguir-estudiando-Conoce-los-apoyos-del-gobierno-estadounidense.jpeg\",\"datePublished\":\"2019-08-14T14:43:14+00:00\",\"dateModified\":\"2025-10-16T18:17:14+00:00\",\"description\":\"\u00bfQuieres seguir estudiando? Conoce los apoyos del gobierno estadounidense para los estudiantes latinoamericanos\",\"breadcrumb\":{\"@id\":\"https:\\\/\\\/accesolatino.org\\\/quieres-seguir-estudiando-conoce-los-apoyos-del-gobierno-estadounidense\\\/#breadcrumb\"},\"inLanguage\":\"en-US\",\"potentialAction\":[{\"@type\":\"ReadAction\",\"target\":[\"https:\\\/\\\/accesolatino.org\\\/quieres-seguir-estudiando-conoce-los-apoyos-del-gobierno-estadounidense\\\/\"]}]},{\"@type\":\"ImageObject\",\"inLanguage\":\"en-US\",\"@id\":\"https:\\\/\\\/accesolatino.org\\\/quieres-seguir-estudiando-conoce-los-apoyos-del-gobierno-estadounidense\\\/#primaryimage\",\"url\":\"https:\\\/\\\/accesolatino.org\\\/wp-content\\\/uploads\\\/2019\\\/08\\\/\u00bfQuieres-seguir-estudiando-Conoce-los-apoyos-del-gobierno-estadounidense.jpeg\",\"contentUrl\":\"https:\\\/\\\/accesolatino.org\\\/wp-content\\\/uploads\\\/2019\\\/08\\\/\u00bfQuieres-seguir-estudiando-Conoce-los-apoyos-del-gobierno-estadounidense.jpeg\",\"width\":768,\"height\":512,\"caption\":\"becas y apoyos\"},{\"@type\":\"BreadcrumbList\",\"@id\":\"https:\\\/\\\/accesolatino.org\\\/quieres-seguir-estudiando-conoce-los-apoyos-del-gobierno-estadounidense\\\/#breadcrumb\",\"itemListElement\":[{\"@type\":\"ListItem\",\"position\":1,\"name\":\"Portada\",\"item\":\"https:\\\/\\\/accesolatino.org\\\/\"},{\"@type\":\"ListItem\",\"position\":2,\"name\":\"\u00bfQuieres seguir estudiando? Conoce los apoyos del gobierno estadounidense\"}]},{\"@type\":\"WebSite\",\"@id\":\"https:\\\/\\\/accesolatino.org\\\/#website\",\"url\":\"https:\\\/\\\/accesolatino.org\\\/\",\"name\":\"Acceso Latino | Fundaci\u00f3n Carlos Slim\",\"description\":\"Fundaci\u00f3n Carlos Slim\",\"publisher\":{\"@id\":\"https:\\\/\\\/accesolatino.org\\\/#organization\"},\"potentialAction\":[{\"@type\":\"SearchAction\",\"target\":{\"@type\":\"EntryPoint\",\"urlTemplate\":\"https:\\\/\\\/accesolatino.org\\\/?s={search_term_string}\"},\"query-input\":{\"@type\":\"PropertyValueSpecification\",\"valueRequired\":true,\"valueName\":\"search_term_string\"}}],\"inLanguage\":\"en-US\"},{\"@type\":\"Organization\",\"@id\":\"https:\\\/\\\/accesolatino.org\\\/#organization\",\"name\":\"Acceso Latino | Fundaci\u00f3n Carlos Slim\",\"url\":\"https:\\\/\\\/accesolatino.org\\\/\",\"logo\":{\"@type\":\"ImageObject\",\"inLanguage\":\"en-US\",\"@id\":\"https:\\\/\\\/accesolatino.org\\\/#\\\/schema\\\/logo\\\/image\\\/\",\"url\":\"https:\\\/\\\/accesolatino.org\\\/wp-content\\\/uploads\\\/2021\\\/02\\\/logo-footer-acceso-latino.png\",\"contentUrl\":\"https:\\\/\\\/accesolatino.org\\\/wp-content\\\/uploads\\\/2021\\\/02\\\/logo-footer-acceso-latino.png\",\"width\":240,\"height\":40,\"caption\":\"Acceso Latino | Fundaci\u00f3n Carlos Slim\"},\"image\":{\"@id\":\"https:\\\/\\\/accesolatino.org\\\/#\\\/schema\\\/logo\\\/image\\\/\"},\"sameAs\":[\"https:\\\/\\\/www.facebook.com\\\/AccesoLatinoOrg\",\"https:\\\/\\\/x.com\\\/FAccLatino\"]}]}<\/script>\n<!-- \/ Yoast SEO plugin. -->","yoast_head_json":{"title":"Want to continue your education? Learn about U.S. government support","description":"\u00bfQuieres seguir estudiando? Conoce los apoyos del gobierno estadounidense para los estudiantes latinoamericanos","robots":{"index":"index","follow":"follow","max-snippet":"max-snippet:-1","max-image-preview":"max-image-preview:large","max-video-preview":"max-video-preview:-1"},"canonical":"https:\/\/accesolatino.org\/en\/quieres-seguir-estudiando-conoce-los-apoyos-del-gobierno-estadounidense\/","og_locale":"en_US","og_type":"article","og_title":"Acceso Latino | \u00bfQuieres seguir estudiando? Conoce los apoyos del gobierno estadounidense","og_description":"Conoce la documentaci\u00f3n requerida para tramitar una licencia en cada uno de los estados de USA","og_url":"https:\/\/accesolatino.org\/en\/quieres-seguir-estudiando-conoce-los-apoyos-del-gobierno-estadounidense\/","og_site_name":"Acceso Latino","article_publisher":"https:\/\/www.facebook.com\/AccesoLatinoOrg","article_modified_time":"2025-10-16T18:17:14+00:00","og_image":[{"width":768,"height":512,"url":"https:\/\/accesolatino.org\/wp-content\/uploads\/2019\/08\/\u00bfQuieres-seguir-estudiando-Conoce-los-apoyos-del-gobierno-estadounidense.jpeg","type":"image\/jpeg"}],"twitter_card":"summary_large_image","twitter_title":"Acceso Latino | \u00bfQuieres seguir estudiando? Conoce los apoyos del gobierno estadounidense","twitter_description":"Conoce la documentaci\u00f3n requerida para tramitar una licencia en cada uno de los estados de USA","twitter_image":"https:\/\/accesolatino.org\/wp-content\/uploads\/2019\/08\/\u00bfQuieres-seguir-estudiando-Conoce-los-apoyos-del-gobierno-estadounidense.jpeg","twitter_site":"@FAccLatino","twitter_misc":{"Est. reading time":"1 minute"},"schema":{"@context":"https:\/\/schema.org","@graph":[{"@type":"WebPage","@id":"https:\/\/accesolatino.org\/quieres-seguir-estudiando-conoce-los-apoyos-del-gobierno-estadounidense\/","url":"https:\/\/accesolatino.org\/quieres-seguir-estudiando-conoce-los-apoyos-del-gobierno-estadounidense\/","name":"Want to continue your education? Learn about U.S. government support","isPartOf":{"@id":"https:\/\/accesolatino.org\/#website"},"primaryImageOfPage":{"@id":"https:\/\/accesolatino.org\/quieres-seguir-estudiando-conoce-los-apoyos-del-gobierno-estadounidense\/#primaryimage"},"image":{"@id":"https:\/\/accesolatino.org\/quieres-seguir-estudiando-conoce-los-apoyos-del-gobierno-estadounidense\/#primaryimage"},"thumbnailUrl":"https:\/\/accesolatino.org\/wp-content\/uploads\/2019\/08\/\u00bfQuieres-seguir-estudiando-Conoce-los-apoyos-del-gobierno-estadounidense.jpeg","datePublished":"2019-08-14T14:43:14+00:00","dateModified":"2025-10-16T18:17:14+00:00","description":"\u00bfQuieres seguir estudiando? Conoce los apoyos del gobierno estadounidense para los estudiantes latinoamericanos","breadcrumb":{"@id":"https:\/\/accesolatino.org\/quieres-seguir-estudiando-conoce-los-apoyos-del-gobierno-estadounidense\/#breadcrumb"},"inLanguage":"en-US","potentialAction":[{"@type":"ReadAction","target":["https:\/\/accesolatino.org\/quieres-seguir-estudiando-conoce-los-apoyos-del-gobierno-estadounidense\/"]}]},{"@type":"ImageObject","inLanguage":"en-US","@id":"https:\/\/accesolatino.org\/quieres-seguir-estudiando-conoce-los-apoyos-del-gobierno-estadounidense\/#primaryimage","url":"https:\/\/accesolatino.org\/wp-content\/uploads\/2019\/08\/\u00bfQuieres-seguir-estudiando-Conoce-los-apoyos-del-gobierno-estadounidense.jpeg","contentUrl":"https:\/\/accesolatino.org\/wp-content\/uploads\/2019\/08\/\u00bfQuieres-seguir-estudiando-Conoce-los-apoyos-del-gobierno-estadounidense.jpeg","width":768,"height":512,"caption":"becas y apoyos"},{"@type":"BreadcrumbList","@id":"https:\/\/accesolatino.org\/quieres-seguir-estudiando-conoce-los-apoyos-del-gobierno-estadounidense\/#breadcrumb","itemListElement":[{"@type":"ListItem","position":1,"name":"Portada","item":"https:\/\/accesolatino.org\/"},{"@type":"ListItem","position":2,"name":"\u00bfQuieres seguir estudiando? Conoce los apoyos del gobierno estadounidense"}]},{"@type":"WebSite","@id":"https:\/\/accesolatino.org\/#website","url":"https:\/\/accesolatino.org\/","name":"Acceso Latino | Fundaci\u00f3n Carlos Slim","description":"Fundaci\u00f3n Carlos Slim","publisher":{"@id":"https:\/\/accesolatino.org\/#organization"},"potentialAction":[{"@type":"SearchAction","target":{"@type":"EntryPoint","urlTemplate":"https:\/\/accesolatino.org\/?s={search_term_string}"},"query-input":{"@type":"PropertyValueSpecification","valueRequired":true,"valueName":"search_term_string"}}],"inLanguage":"en-US"},{"@type":"Organization","@id":"https:\/\/accesolatino.org\/#organization","name":"Acceso Latino | Fundaci\u00f3n Carlos Slim","url":"https:\/\/accesolatino.org\/","logo":{"@type":"ImageObject","inLanguage":"en-US","@id":"https:\/\/accesolatino.org\/#\/schema\/logo\/image\/","url":"https:\/\/accesolatino.org\/wp-content\/uploads\/2021\/02\/logo-footer-acceso-latino.png","contentUrl":"https:\/\/accesolatino.org\/wp-content\/uploads\/2021\/02\/logo-footer-acceso-latino.png","width":240,"height":40,"caption":"Acceso Latino | Fundaci\u00f3n Carlos Slim"},"image":{"@id":"https:\/\/accesolatino.org\/#\/schema\/logo\/image\/"},"sameAs":["https:\/\/www.facebook.com\/AccesoLatinoOrg","https:\/\/x.com\/FAccLatino"]}]}},"_links":{"self":[{"href":"https:\/\/accesolatino.org\/en\/wp-json\/wp\/v2\/pages\/18247","targetHints":{"allow":["GET"]}}],"collection":[{"href":"https:\/\/accesolatino.org\/en\/wp-json\/wp\/v2\/pages"}],"about":[{"href":"https:\/\/accesolatino.org\/en\/wp-json\/wp\/v2\/types\/page"}],"author":[{"embeddable":true,"href":"https:\/\/accesolatino.org\/en\/wp-json\/wp\/v2\/users\/7"}],"replies":[{"embeddable":true,"href":"https:\/\/accesolatino.org\/en\/wp-json\/wp\/v2\/comments?post=18247"}],"version-history":[{"count":1,"href":"https:\/\/accesolatino.org\/en\/wp-json\/wp\/v2\/pages\/18247\/revisions"}],"predecessor-version":[{"id":64063,"href":"https:\/\/accesolatino.org\/en\/wp-json\/wp\/v2\/pages\/18247\/revisions\/64063"}],"wp:featuredmedia":[{"embeddable":true,"href":"https:\/\/accesolatino.org\/en\/wp-json\/wp\/v2\/media\/18238"}],"wp:attachment":[{"href":"https:\/\/accesolatino.org\/en\/wp-json\/wp\/v2\/media?parent=18247"}],"curies":[{"name":"wp","href":"https:\/\/api.w.org\/{rel}","templated":true}]}}