{"id":18165,"date":"2019-07-25T11:06:42","date_gmt":"2019-07-25T16:06:42","guid":{"rendered":"https:\/\/accesolatino.org\/?page_id=18165"},"modified":"2025-10-17T17:54:39","modified_gmt":"2025-10-17T23:54:39","slug":"rhode-island-tiene-una-licencia-para-ti-amigo-inmigrante","status":"publish","type":"page","link":"https:\/\/accesolatino.org\/en\/rhode-island-tiene-una-licencia-para-ti-amigo-inmigrante\/","title":{"rendered":"Rhode Island has a license for you amigo inmigrante"},"content":{"rendered":"<div data-elementor-type=\"wp-post\" data-elementor-id=\"18165\" class=\"elementor elementor-18165\">\n\t\t\t\t\t\t<section class=\"elementor-section elementor-top-section elementor-element elementor-element-c0a3dbe elementor-section-full_width elementor-section-height-min-height elementor-section-items-stretch elementor-section-height-default wpr-particle-no wpr-jarallax-no wpr-parallax-no wpr-sticky-section-no\" data-id=\"c0a3dbe\" data-element_type=\"section\" data-e-type=\"section\" data-settings=\"{&quot;background_background&quot;:&quot;classic&quot;}\">\n\t\t\t\t\t\t<div class=\"elementor-container elementor-column-gap-no\">\n\t\t\t\t\t<div class=\"elementor-column elementor-col-100 elementor-top-column elementor-element elementor-element-045bdd0\" data-id=\"045bdd0\" data-element_type=\"column\" data-e-type=\"column\">\n\t\t\t<div class=\"elementor-widget-wrap elementor-element-populated\">\n\t\t\t\t\t\t<div class=\"elementor-element elementor-element-535bfd2 elementor--h-position-center elementor--v-position-middle elementor-widget elementor-widget-slides\" data-id=\"535bfd2\" data-element_type=\"widget\" data-e-type=\"widget\" data-settings=\"{&quot;navigation&quot;:&quot;none&quot;,&quot;infinite&quot;:&quot;yes&quot;,&quot;transition&quot;:&quot;slide&quot;,&quot;transition_speed&quot;:500}\" data-widget_type=\"slides.default\">\n\t\t\t\t<div class=\"elementor-widget-container\">\n\t\t\t\t\t\t\t<div class=\"elementor-swiper\">\n\t\t\t<div class=\"elementor-slides-wrapper elementor-main-swiper swiper-container\" dir=\"ltr\" data-animation=\"\">\n\t\t\t\t<div class=\"swiper-wrapper elementor-slides\">\n\t\t\t\t\t\t\t\t\t\t<div class=\"elementor-repeater-item-d983a28 swiper-slide\"><div class=\"swiper-slide-bg\"><\/div><div class=\"swiper-slide-inner\" ><div class=\"swiper-slide-contents\"><div class=\"elementor-slide-heading\">Processing of Licenses<\/div><\/div><\/div><\/div>\t\t\t\t<\/div>\n\t\t\t\t\t\t\t<\/div>\n\t\t<\/div>\n\t\t\t\t\t\t<\/div>\n\t\t\t\t<\/div>\n\t\t\t\t\t<\/div>\n\t\t<\/div>\n\t\t\t\t\t<\/div>\n\t\t<\/section>\n\t\t\t\t<section class=\"elementor-section elementor-top-section elementor-element elementor-element-dbf04ac elementor-section-stretched elementor-section-boxed elementor-section-height-default elementor-section-height-default wpr-particle-no wpr-jarallax-no wpr-parallax-no wpr-sticky-section-no\" data-id=\"dbf04ac\" data-element_type=\"section\" data-e-type=\"section\" data-settings=\"{&quot;stretch_section&quot;:&quot;section-stretched&quot;,&quot;background_background&quot;:&quot;classic&quot;}\">\n\t\t\t\t\t\t<div class=\"elementor-container elementor-column-gap-default\">\n\t\t\t\t\t<div class=\"elementor-column elementor-col-100 elementor-top-column elementor-element elementor-element-d84769d\" data-id=\"d84769d\" data-element_type=\"column\" data-e-type=\"column\">\n\t\t\t<div class=\"elementor-widget-wrap elementor-element-populated\">\n\t\t\t\t\t\t<div class=\"elementor-element elementor-element-da42b3b elementor-widget elementor-widget-heading\" data-id=\"da42b3b\" data-element_type=\"widget\" data-e-type=\"widget\" data-widget_type=\"heading.default\">\n\t\t\t\t<div class=\"elementor-widget-container\">\n\t\t\t\t\t<h3 class=\"elementor-heading-title elementor-size-default\">Rhode Island tiene una licencia para ti amigo inmigrate<\/h3>\t\t\t\t<\/div>\n\t\t\t\t<\/div>\n\t\t\t\t<div class=\"elementor-element elementor-element-a25b374 elementor-widget elementor-widget-text-editor\" data-id=\"a25b374\" data-element_type=\"widget\" data-e-type=\"widget\" data-widget_type=\"text-editor.default\">\n\t\t\t\t<div class=\"elementor-widget-container\">\n\t\t\t\t\t\t\t\t\t<p>Para poder transitar de forma legal en Rhode Island, necesitas tu licencia de manejo. <strong>Acceso Latino<\/strong>, te facilita y te da las herramientas b\u00e1sicas para que puedas ir y sacar tu licencia.<\/p><p>Dir\u00edgete a la secci\u00f3n de <strong>\u201cLicencias de Manejo\u201d <\/strong>y checa lo que piden, para que des inicio con el tr\u00e1mite. Ah\u00ed encontrar\u00e1s el apartado de <strong>\u201cRhode Island\u201d<\/strong> con todos los detalles y requisitos que necesitan.<\/p><p>Tambi\u00e9n, te damos una gu\u00eda del estado de Nuevo M\u00e9xico que te ayudar\u00e1 a tener claro lo que necesitas. Recuerda estudiar y sacar cita por internet antes de acudir a tu cita.<\/p><p>Estos son algunos de los datos que tiene \u201cRhode Island\u201d:<\/p><ul><li style=\"list-style-type: none;\"><ul><li style=\"list-style-type: none;\"><ul><li>Re\u00fane la documentaci\u00f3n necesaria para hacer el tr\u00e1mite (Ver requisitos). Insertar el link http:\/\/www.dmv.ri.gov\/documents\/manuals\/DM_SP.pdf<\/li><li>Estudia para el examen de la licencia de conducir. Tendr\u00e1s que presentar uno te\u00f3rico y otro pr\u00e1ctico. En este enlace encontrar\u00e1s el Manual del conducci\u00f3n en espa\u00f1ol el cu\u00e1l tendr\u00e1s que estudiar para poder presentar los ex\u00e1menes.<\/li><li>Para poder empezar el proceso, tienes que agendar una cita.<\/li><li>Acude a la cita y presenta los documentos necesarios para hacer el tr\u00e1mite. Presenta y deber\u00e1s aprobar un examen de la vista, el examen te\u00f3rico y uno pr\u00e1ctico.<\/li><\/ul><\/li><\/ul><\/li><\/ul><p>Hoy son 13 los estados que da licencias de manejo. Acceso Latino, tu portal de ayuda migratoria y de tr\u00e1mites.<\/p>\t\t\t\t\t\t\t\t<\/div>\n\t\t\t\t<\/div>\n\t\t\t\t<div class=\"elementor-element elementor-element-28e016a elementor-widget elementor-widget-spacer\" data-id=\"28e016a\" data-element_type=\"widget\" data-e-type=\"widget\" data-widget_type=\"spacer.default\">\n\t\t\t\t<div class=\"elementor-widget-container\">\n\t\t\t\t\t\t\t<div class=\"elementor-spacer\">\n\t\t\t<div class=\"elementor-spacer-inner\"><\/div>\n\t\t<\/div>\n\t\t\t\t\t\t<\/div>\n\t\t\t\t<\/div>\n\t\t\t\t\t<\/div>\n\t\t<\/div>\n\t\t\t\t\t<\/div>\n\t\t<\/section>\n\t\t\t\t<\/div>","protected":false},"excerpt":{"rendered":"<p>Tr\u00e1mite de Licencias Rhode Island tiene una licencia para ti amigo inmigrate Para poder transitar de forma legal en Rhode Island, necesitas tu licencia de manejo. Acceso Latino, te facilita y te da las herramientas b\u00e1sicas para que puedas ir y sacar tu licencia. Dir\u00edgete a la secci\u00f3n de \u201cLicencias de Manejo\u201d y checa lo que piden, para que des inicio con el tr\u00e1mite. Ah\u00ed encontrar\u00e1s el apartado de \u201cRhode Island\u201d con todos los detalles y requisitos que necesitan. Tambi\u00e9n, te damos una gu\u00eda del estado de Nuevo M\u00e9xico que te ayudar\u00e1 a tener claro lo que necesitas. Recuerda estudiar y sacar cita por internet antes de acudir a tu cita. Estos son algunos de los datos que tiene \u201cRhode Island\u201d: Re\u00fane la documentaci\u00f3n necesaria para hacer el tr\u00e1mite (Ver requisitos). Insertar el link http:\/\/www.dmv.ri.gov\/documents\/manuals\/DM_SP.pdf Estudia para el examen de la licencia de conducir. Tendr\u00e1s que presentar uno te\u00f3rico y otro pr\u00e1ctico. En este enlace encontrar\u00e1s el Manual del conducci\u00f3n en espa\u00f1ol el cu\u00e1l tendr\u00e1s que estudiar para poder presentar los ex\u00e1menes. Para poder empezar el proceso, tienes que agendar una cita. Acude a la cita y presenta los documentos necesarios para hacer el tr\u00e1mite. Presenta y deber\u00e1s aprobar un examen de la vista, el examen te\u00f3rico y uno pr\u00e1ctico. Hoy son 13 los estados que da licencias de manejo. Acceso Latino, tu portal de ayuda migratoria y de tr\u00e1mites.<\/p>","protected":false},"author":9,"featured_media":18166,"parent":0,"menu_order":0,"comment_status":"closed","ping_status":"closed","template":"elementor_header_footer","meta":{"_uf_show_specific_survey":0,"_uf_disable_surveys":false,"footnotes":""},"class_list":["post-18165","page","type-page","status-publish","has-post-thumbnail"],"aioseo_notices":[],"yoast_head":"<!-- This site is optimized with the Yoast SEO plugin v27.3 - https:\/\/yoast.com\/product\/yoast-seo-wordpress\/ -->\n<title>Rhode Island tiene una licencia para ti amigo inmigrante<\/title>\n<meta name=\"description\" content=\"Rhode Island tiene una\u00a0licencia\u00a0para ti amigo inmigrate Para poder transitar de forma legal en Rhode Island, necesitas tu licencia...\" \/>\n<meta name=\"robots\" content=\"index, follow, max-snippet:-1, max-image-preview:large, max-video-preview:-1\" \/>\n<link rel=\"canonical\" href=\"https:\/\/accesolatino.org\/en\/rhode-island-tiene-una-licencia-para-ti-amigo-inmigrante\/\" \/>\n<meta property=\"og:locale\" content=\"en_US\" \/>\n<meta property=\"og:type\" content=\"article\" \/>\n<meta property=\"og:title\" content=\"Acceso Latino | Rhode Island tiene una licencia para ti amigo inmigrante\" \/>\n<meta property=\"og:description\" content=\"Conoce la documentaci\u00f3n requerida para tramitar una licencia en cada uno de los estados de USA\" \/>\n<meta property=\"og:url\" content=\"https:\/\/accesolatino.org\/en\/rhode-island-tiene-una-licencia-para-ti-amigo-inmigrante\/\" \/>\n<meta property=\"og:site_name\" content=\"Acceso Latino\" \/>\n<meta property=\"article:publisher\" content=\"https:\/\/www.facebook.com\/AccesoLatinoOrg\" \/>\n<meta property=\"article:modified_time\" content=\"2025-10-17T23:54:39+00:00\" \/>\n<meta property=\"og:image\" content=\"https:\/\/accesolatino.org\/wp-content\/uploads\/2019\/07\/Rhode-Island-tiene-una-licencia-para-ti-amigo-inmigrate.jpg\" \/>\n\t<meta property=\"og:image:width\" content=\"1000\" \/>\n\t<meta property=\"og:image:height\" content=\"667\" \/>\n\t<meta property=\"og:image:type\" content=\"image\/jpeg\" \/>\n<meta name=\"twitter:card\" content=\"summary_large_image\" \/>\n<meta name=\"twitter:title\" content=\"Acceso Latino | Rhode Island tiene una licencia para ti amigo inmigrante\" \/>\n<meta name=\"twitter:description\" content=\"Conoce la documentaci\u00f3n requerida para tramitar una licencia en cada uno de los estados de USA\" \/>\n<meta name=\"twitter:image\" content=\"https:\/\/accesolatino.org\/wp-content\/uploads\/2019\/07\/Rhode-Island-tiene-una-licencia-para-ti-amigo-inmigrate.jpg\" \/>\n<meta name=\"twitter:site\" content=\"@FAccLatino\" \/>\n<meta name=\"twitter:label1\" content=\"Est. reading time\" \/>\n\t<meta name=\"twitter:data1\" content=\"2 minutes\" \/>\n<script type=\"application\/ld+json\" class=\"yoast-schema-graph\">{\"@context\":\"https:\\\/\\\/schema.org\",\"@graph\":[{\"@type\":\"WebPage\",\"@id\":\"https:\\\/\\\/accesolatino.org\\\/rhode-island-tiene-una-licencia-para-ti-amigo-inmigrante\\\/\",\"url\":\"https:\\\/\\\/accesolatino.org\\\/rhode-island-tiene-una-licencia-para-ti-amigo-inmigrante\\\/\",\"name\":\"Rhode Island tiene una licencia para ti amigo inmigrante\",\"isPartOf\":{\"@id\":\"https:\\\/\\\/accesolatino.org\\\/#website\"},\"primaryImageOfPage\":{\"@id\":\"https:\\\/\\\/accesolatino.org\\\/rhode-island-tiene-una-licencia-para-ti-amigo-inmigrante\\\/#primaryimage\"},\"image\":{\"@id\":\"https:\\\/\\\/accesolatino.org\\\/rhode-island-tiene-una-licencia-para-ti-amigo-inmigrante\\\/#primaryimage\"},\"thumbnailUrl\":\"https:\\\/\\\/accesolatino.org\\\/wp-content\\\/uploads\\\/2019\\\/07\\\/Rhode-Island-tiene-una-licencia-para-ti-amigo-inmigrate.jpg\",\"datePublished\":\"2019-07-25T16:06:42+00:00\",\"dateModified\":\"2025-10-17T23:54:39+00:00\",\"description\":\"Rhode Island tiene una\u00a0licencia\u00a0para ti amigo inmigrate Para poder transitar de forma legal en Rhode Island, necesitas tu licencia...\",\"breadcrumb\":{\"@id\":\"https:\\\/\\\/accesolatino.org\\\/rhode-island-tiene-una-licencia-para-ti-amigo-inmigrante\\\/#breadcrumb\"},\"inLanguage\":\"en-US\",\"potentialAction\":[{\"@type\":\"ReadAction\",\"target\":[\"https:\\\/\\\/accesolatino.org\\\/rhode-island-tiene-una-licencia-para-ti-amigo-inmigrante\\\/\"]}]},{\"@type\":\"ImageObject\",\"inLanguage\":\"en-US\",\"@id\":\"https:\\\/\\\/accesolatino.org\\\/rhode-island-tiene-una-licencia-para-ti-amigo-inmigrante\\\/#primaryimage\",\"url\":\"https:\\\/\\\/accesolatino.org\\\/wp-content\\\/uploads\\\/2019\\\/07\\\/Rhode-Island-tiene-una-licencia-para-ti-amigo-inmigrate.jpg\",\"contentUrl\":\"https:\\\/\\\/accesolatino.org\\\/wp-content\\\/uploads\\\/2019\\\/07\\\/Rhode-Island-tiene-una-licencia-para-ti-amigo-inmigrate.jpg\",\"width\":1000,\"height\":667,\"caption\":\"licencia\"},{\"@type\":\"BreadcrumbList\",\"@id\":\"https:\\\/\\\/accesolatino.org\\\/rhode-island-tiene-una-licencia-para-ti-amigo-inmigrante\\\/#breadcrumb\",\"itemListElement\":[{\"@type\":\"ListItem\",\"position\":1,\"name\":\"Portada\",\"item\":\"https:\\\/\\\/accesolatino.org\\\/\"},{\"@type\":\"ListItem\",\"position\":2,\"name\":\"Rhode Island tiene una licencia para ti amigo inmigrante\"}]},{\"@type\":\"WebSite\",\"@id\":\"https:\\\/\\\/accesolatino.org\\\/#website\",\"url\":\"https:\\\/\\\/accesolatino.org\\\/\",\"name\":\"Acceso Latino | Fundaci\u00f3n Carlos Slim\",\"description\":\"Fundaci\u00f3n Carlos Slim\",\"publisher\":{\"@id\":\"https:\\\/\\\/accesolatino.org\\\/#organization\"},\"potentialAction\":[{\"@type\":\"SearchAction\",\"target\":{\"@type\":\"EntryPoint\",\"urlTemplate\":\"https:\\\/\\\/accesolatino.org\\\/?s={search_term_string}\"},\"query-input\":{\"@type\":\"PropertyValueSpecification\",\"valueRequired\":true,\"valueName\":\"search_term_string\"}}],\"inLanguage\":\"en-US\"},{\"@type\":\"Organization\",\"@id\":\"https:\\\/\\\/accesolatino.org\\\/#organization\",\"name\":\"Acceso Latino | Fundaci\u00f3n Carlos Slim\",\"url\":\"https:\\\/\\\/accesolatino.org\\\/\",\"logo\":{\"@type\":\"ImageObject\",\"inLanguage\":\"en-US\",\"@id\":\"https:\\\/\\\/accesolatino.org\\\/#\\\/schema\\\/logo\\\/image\\\/\",\"url\":\"https:\\\/\\\/accesolatino.org\\\/wp-content\\\/uploads\\\/2021\\\/02\\\/logo-footer-acceso-latino.png\",\"contentUrl\":\"https:\\\/\\\/accesolatino.org\\\/wp-content\\\/uploads\\\/2021\\\/02\\\/logo-footer-acceso-latino.png\",\"width\":240,\"height\":40,\"caption\":\"Acceso Latino | Fundaci\u00f3n Carlos Slim\"},\"image\":{\"@id\":\"https:\\\/\\\/accesolatino.org\\\/#\\\/schema\\\/logo\\\/image\\\/\"},\"sameAs\":[\"https:\\\/\\\/www.facebook.com\\\/AccesoLatinoOrg\",\"https:\\\/\\\/x.com\\\/FAccLatino\"]}]}<\/script>\n<!-- \/ Yoast SEO plugin. -->","yoast_head_json":{"title":"Rhode Island has a license for you amigo inmigrante","description":"Rhode Island tiene una\u00a0licencia\u00a0para ti amigo inmigrate Para poder transitar de forma legal en Rhode Island, necesitas tu licencia...","robots":{"index":"index","follow":"follow","max-snippet":"max-snippet:-1","max-image-preview":"max-image-preview:large","max-video-preview":"max-video-preview:-1"},"canonical":"https:\/\/accesolatino.org\/en\/rhode-island-tiene-una-licencia-para-ti-amigo-inmigrante\/","og_locale":"en_US","og_type":"article","og_title":"Acceso Latino | Rhode Island tiene una licencia para ti amigo inmigrante","og_description":"Conoce la documentaci\u00f3n requerida para tramitar una licencia en cada uno de los estados de USA","og_url":"https:\/\/accesolatino.org\/en\/rhode-island-tiene-una-licencia-para-ti-amigo-inmigrante\/","og_site_name":"Acceso Latino","article_publisher":"https:\/\/www.facebook.com\/AccesoLatinoOrg","article_modified_time":"2025-10-17T23:54:39+00:00","og_image":[{"width":1000,"height":667,"url":"https:\/\/accesolatino.org\/wp-content\/uploads\/2019\/07\/Rhode-Island-tiene-una-licencia-para-ti-amigo-inmigrate.jpg","type":"image\/jpeg"}],"twitter_card":"summary_large_image","twitter_title":"Acceso Latino | Rhode Island tiene una licencia para ti amigo inmigrante","twitter_description":"Conoce la documentaci\u00f3n requerida para tramitar una licencia en cada uno de los estados de USA","twitter_image":"https:\/\/accesolatino.org\/wp-content\/uploads\/2019\/07\/Rhode-Island-tiene-una-licencia-para-ti-amigo-inmigrate.jpg","twitter_site":"@FAccLatino","twitter_misc":{"Est. reading time":"2 minutes"},"schema":{"@context":"https:\/\/schema.org","@graph":[{"@type":"WebPage","@id":"https:\/\/accesolatino.org\/rhode-island-tiene-una-licencia-para-ti-amigo-inmigrante\/","url":"https:\/\/accesolatino.org\/rhode-island-tiene-una-licencia-para-ti-amigo-inmigrante\/","name":"Rhode Island has a license for you amigo inmigrante","isPartOf":{"@id":"https:\/\/accesolatino.org\/#website"},"primaryImageOfPage":{"@id":"https:\/\/accesolatino.org\/rhode-island-tiene-una-licencia-para-ti-amigo-inmigrante\/#primaryimage"},"image":{"@id":"https:\/\/accesolatino.org\/rhode-island-tiene-una-licencia-para-ti-amigo-inmigrante\/#primaryimage"},"thumbnailUrl":"https:\/\/accesolatino.org\/wp-content\/uploads\/2019\/07\/Rhode-Island-tiene-una-licencia-para-ti-amigo-inmigrate.jpg","datePublished":"2019-07-25T16:06:42+00:00","dateModified":"2025-10-17T23:54:39+00:00","description":"Rhode Island tiene una\u00a0licencia\u00a0para ti amigo inmigrate Para poder transitar de forma legal en Rhode Island, necesitas tu licencia...","breadcrumb":{"@id":"https:\/\/accesolatino.org\/rhode-island-tiene-una-licencia-para-ti-amigo-inmigrante\/#breadcrumb"},"inLanguage":"en-US","potentialAction":[{"@type":"ReadAction","target":["https:\/\/accesolatino.org\/rhode-island-tiene-una-licencia-para-ti-amigo-inmigrante\/"]}]},{"@type":"ImageObject","inLanguage":"en-US","@id":"https:\/\/accesolatino.org\/rhode-island-tiene-una-licencia-para-ti-amigo-inmigrante\/#primaryimage","url":"https:\/\/accesolatino.org\/wp-content\/uploads\/2019\/07\/Rhode-Island-tiene-una-licencia-para-ti-amigo-inmigrate.jpg","contentUrl":"https:\/\/accesolatino.org\/wp-content\/uploads\/2019\/07\/Rhode-Island-tiene-una-licencia-para-ti-amigo-inmigrate.jpg","width":1000,"height":667,"caption":"licencia"},{"@type":"BreadcrumbList","@id":"https:\/\/accesolatino.org\/rhode-island-tiene-una-licencia-para-ti-amigo-inmigrante\/#breadcrumb","itemListElement":[{"@type":"ListItem","position":1,"name":"Portada","item":"https:\/\/accesolatino.org\/"},{"@type":"ListItem","position":2,"name":"Rhode Island tiene una licencia para ti amigo inmigrante"}]},{"@type":"WebSite","@id":"https:\/\/accesolatino.org\/#website","url":"https:\/\/accesolatino.org\/","name":"Acceso Latino | Fundaci\u00f3n Carlos Slim","description":"Fundaci\u00f3n Carlos Slim","publisher":{"@id":"https:\/\/accesolatino.org\/#organization"},"potentialAction":[{"@type":"SearchAction","target":{"@type":"EntryPoint","urlTemplate":"https:\/\/accesolatino.org\/?s={search_term_string}"},"query-input":{"@type":"PropertyValueSpecification","valueRequired":true,"valueName":"search_term_string"}}],"inLanguage":"en-US"},{"@type":"Organization","@id":"https:\/\/accesolatino.org\/#organization","name":"Acceso Latino | Fundaci\u00f3n Carlos Slim","url":"https:\/\/accesolatino.org\/","logo":{"@type":"ImageObject","inLanguage":"en-US","@id":"https:\/\/accesolatino.org\/#\/schema\/logo\/image\/","url":"https:\/\/accesolatino.org\/wp-content\/uploads\/2021\/02\/logo-footer-acceso-latino.png","contentUrl":"https:\/\/accesolatino.org\/wp-content\/uploads\/2021\/02\/logo-footer-acceso-latino.png","width":240,"height":40,"caption":"Acceso Latino | Fundaci\u00f3n Carlos Slim"},"image":{"@id":"https:\/\/accesolatino.org\/#\/schema\/logo\/image\/"},"sameAs":["https:\/\/www.facebook.com\/AccesoLatinoOrg","https:\/\/x.com\/FAccLatino"]}]}},"_links":{"self":[{"href":"https:\/\/accesolatino.org\/en\/wp-json\/wp\/v2\/pages\/18165","targetHints":{"allow":["GET"]}}],"collection":[{"href":"https:\/\/accesolatino.org\/en\/wp-json\/wp\/v2\/pages"}],"about":[{"href":"https:\/\/accesolatino.org\/en\/wp-json\/wp\/v2\/types\/page"}],"author":[{"embeddable":true,"href":"https:\/\/accesolatino.org\/en\/wp-json\/wp\/v2\/users\/9"}],"replies":[{"embeddable":true,"href":"https:\/\/accesolatino.org\/en\/wp-json\/wp\/v2\/comments?post=18165"}],"version-history":[{"count":1,"href":"https:\/\/accesolatino.org\/en\/wp-json\/wp\/v2\/pages\/18165\/revisions"}],"predecessor-version":[{"id":64266,"href":"https:\/\/accesolatino.org\/en\/wp-json\/wp\/v2\/pages\/18165\/revisions\/64266"}],"wp:featuredmedia":[{"embeddable":true,"href":"https:\/\/accesolatino.org\/en\/wp-json\/wp\/v2\/media\/18166"}],"wp:attachment":[{"href":"https:\/\/accesolatino.org\/en\/wp-json\/wp\/v2\/media?parent=18165"}],"curies":[{"name":"wp","href":"https:\/\/api.w.org\/{rel}","templated":true}]}}