{"id":18151,"date":"2019-07-24T11:05:51","date_gmt":"2019-07-24T16:05:51","guid":{"rendered":"https:\/\/accesolatino.org\/?page_id=18151"},"modified":"2025-10-17T17:43:13","modified_gmt":"2025-10-17T23:43:13","slug":"para-evitar-a-ice-acceso-latino-te-informa-donde-encontrar-los-formularios-para-pedir-la-green-card","status":"publish","type":"page","link":"https:\/\/accesolatino.org\/en\/para-evitar-a-ice-acceso-latino-te-informa-donde-encontrar-los-formularios-para-pedir-la-green-card\/","title":{"rendered":"To avoid ICE, Acceso Latino tells you where to find the forms to apply for a Green Card"},"content":{"rendered":"<div data-elementor-type=\"wp-post\" data-elementor-id=\"18151\" class=\"elementor elementor-18151\">\n\t\t\t\t\t\t<section class=\"elementor-section elementor-top-section elementor-element elementor-element-598139d elementor-section-full_width elementor-section-height-min-height elementor-section-items-stretch elementor-section-height-default wpr-particle-no wpr-jarallax-no wpr-parallax-no wpr-sticky-section-no\" data-id=\"598139d\" data-element_type=\"section\" data-e-type=\"section\" data-settings=\"{&quot;background_background&quot;:&quot;classic&quot;}\">\n\t\t\t\t\t\t<div class=\"elementor-container elementor-column-gap-no\">\n\t\t\t\t\t<div class=\"elementor-column elementor-col-100 elementor-top-column elementor-element elementor-element-a9bb08c\" data-id=\"a9bb08c\" data-element_type=\"column\" data-e-type=\"column\">\n\t\t\t<div class=\"elementor-widget-wrap elementor-element-populated\">\n\t\t\t\t\t\t<div class=\"elementor-element elementor-element-dc01265 elementor--h-position-center elementor--v-position-middle elementor-widget elementor-widget-slides\" data-id=\"dc01265\" data-element_type=\"widget\" data-e-type=\"widget\" data-settings=\"{&quot;navigation&quot;:&quot;none&quot;,&quot;infinite&quot;:&quot;yes&quot;,&quot;transition&quot;:&quot;slide&quot;,&quot;transition_speed&quot;:500}\" data-widget_type=\"slides.default\">\n\t\t\t\t<div class=\"elementor-widget-container\">\n\t\t\t\t\t\t\t<div class=\"elementor-swiper\">\n\t\t\t<div class=\"elementor-slides-wrapper elementor-main-swiper swiper-container\" dir=\"ltr\" data-animation=\"\">\n\t\t\t\t<div class=\"swiper-wrapper elementor-slides\">\n\t\t\t\t\t\t\t\t\t\t<div class=\"elementor-repeater-item-d983a28 swiper-slide\"><div class=\"swiper-slide-bg\"><\/div><div class=\"swiper-slide-inner\" ><div class=\"swiper-slide-contents\"><div class=\"elementor-slide-heading\">Official Procedures<\/div><\/div><\/div><\/div>\t\t\t\t<\/div>\n\t\t\t\t\t\t\t<\/div>\n\t\t<\/div>\n\t\t\t\t\t\t<\/div>\n\t\t\t\t<\/div>\n\t\t\t\t\t<\/div>\n\t\t<\/div>\n\t\t\t\t\t<\/div>\n\t\t<\/section>\n\t\t\t\t<section class=\"elementor-section elementor-top-section elementor-element elementor-element-5f84383 elementor-section-stretched elementor-section-boxed elementor-section-height-default elementor-section-height-default wpr-particle-no wpr-jarallax-no wpr-parallax-no wpr-sticky-section-no\" data-id=\"5f84383\" data-element_type=\"section\" data-e-type=\"section\" data-settings=\"{&quot;stretch_section&quot;:&quot;section-stretched&quot;,&quot;background_background&quot;:&quot;classic&quot;}\">\n\t\t\t\t\t\t<div class=\"elementor-container elementor-column-gap-default\">\n\t\t\t\t\t<div class=\"elementor-column elementor-col-100 elementor-top-column elementor-element elementor-element-85551ef\" data-id=\"85551ef\" data-element_type=\"column\" data-e-type=\"column\">\n\t\t\t<div class=\"elementor-widget-wrap elementor-element-populated\">\n\t\t\t\t\t\t<div class=\"elementor-element elementor-element-7f596f4 elementor-widget elementor-widget-heading\" data-id=\"7f596f4\" data-element_type=\"widget\" data-e-type=\"widget\" data-widget_type=\"heading.default\">\n\t\t\t\t<div class=\"elementor-widget-container\">\n\t\t\t\t\t<h3 class=\"elementor-heading-title elementor-size-default\">To avoid ICE, Acceso Latino tells you where to find the forms to apply for a Green Card<\/h3>\t\t\t\t<\/div>\n\t\t\t\t<\/div>\n\t\t\t\t<div class=\"elementor-element elementor-element-f59f441 elementor-widget elementor-widget-text-editor\" data-id=\"f59f441\" data-element_type=\"widget\" data-e-type=\"widget\" data-widget_type=\"text-editor.default\">\n\t\t\t\t<div class=\"elementor-widget-container\">\n\t\t\t\t\t\t\t\t\t<p>Todos los inmigrantes indocumentados que viven en USA y quieran, necesiten, debam cambiar su estatus, tramitar alg\u00fan documento migratorio o bien obtener la ciudadan\u00eda, en accesolatino.org encontrar\u00e1n la herramienta para realizar estas actividades y muchas otras acciones necesarias para tu estad\u00eda en la uni\u00f3n americana.<\/p><p>Hoy te presentamos \u201cFormularios del Gobierno Estadounidense\u201d; informaci\u00f3n que encontrar\u00e1s en nuestra secci\u00f3n de \u201cTus Documentos\u201d, que siempre est\u00e1 disponible para ti, las 24 horas del d\u00eda.<\/p><p>Aqu\u00ed encontrar\u00e1s los formularios en l\u00ednea para solicitar tu ciudadan\u00eda o la renovaci\u00f3n de tu \u201cgreen card\u201d, visas de trabajo o estudiante, entre muchos otros formularios gratuitos.<\/p><p>Si lo que quieres es renovar tu \u201cgreen card\u201d, es necesario ingresar en el bot\u00f3n de \u201creposici\u00f3n de green card\u201d, y seleccionar el formulario que sea el adecuado en funci\u00f3n a la situaci\u00f3n que te otorg\u00f3 la residencia permanente<\/p>\t\t\t\t\t\t\t\t<\/div>\n\t\t\t\t<\/div>\n\t\t\t\t<div class=\"elementor-element elementor-element-bbcfe86 elementor-widget elementor-widget-spacer\" data-id=\"bbcfe86\" data-element_type=\"widget\" data-e-type=\"widget\" data-widget_type=\"spacer.default\">\n\t\t\t\t<div class=\"elementor-widget-container\">\n\t\t\t\t\t\t\t<div class=\"elementor-spacer\">\n\t\t\t<div class=\"elementor-spacer-inner\"><\/div>\n\t\t<\/div>\n\t\t\t\t\t\t<\/div>\n\t\t\t\t<\/div>\n\t\t\t\t\t<\/div>\n\t\t<\/div>\n\t\t\t\t\t<\/div>\n\t\t<\/section>\n\t\t\t\t<\/div>","protected":false},"excerpt":{"rendered":"<p>Tr\u00e1mites Oficiales Para evitar a ICE, Acceso Latino te informa d\u00f3nde encontrar los formularios para pedir la Green Card Todos los inmigrantes indocumentados que viven en USA y quieran, necesiten, debam cambiar su estatus, tramitar alg\u00fan documento migratorio o bien obtener la ciudadan\u00eda, en accesolatino.org encontrar\u00e1n la herramienta para realizar estas actividades y muchas otras acciones necesarias para tu estad\u00eda en la uni\u00f3n americana. Hoy te presentamos \u201cFormularios del Gobierno Estadounidense\u201d; informaci\u00f3n que encontrar\u00e1s en nuestra secci\u00f3n de \u201cTus Documentos\u201d, que siempre est\u00e1 disponible para ti, las 24 horas del d\u00eda. Aqu\u00ed encontrar\u00e1s los formularios en l\u00ednea para solicitar tu ciudadan\u00eda o la renovaci\u00f3n de tu \u201cgreen card\u201d, visas de trabajo o estudiante, entre muchos otros formularios gratuitos. Si lo que quieres es renovar tu \u201cgreen card\u201d, es necesario ingresar en el bot\u00f3n de \u201creposici\u00f3n de green card\u201d, y seleccionar el formulario que sea el adecuado en funci\u00f3n a la situaci\u00f3n que te otorg\u00f3 la residencia permanente<\/p>","protected":false},"author":10,"featured_media":18152,"parent":0,"menu_order":0,"comment_status":"closed","ping_status":"closed","template":"elementor_header_footer","meta":{"_uf_show_specific_survey":0,"_uf_disable_surveys":false,"footnotes":""},"class_list":["post-18151","page","type-page","status-publish","has-post-thumbnail"],"aioseo_notices":[],"yoast_head":"<!-- This site is optimized with the Yoast SEO plugin v27.3 - https:\/\/yoast.com\/product\/yoast-seo-wordpress\/ -->\n<title>Para evitar a ICE, Acceso Latino te informa d\u00f3nde encontrar los formularios para pedir la Green Card<\/title>\n<meta name=\"description\" content=\"Para evitar a\u00a0ICE, Acceso Latino te informa d\u00f3nde encontrar los formularios para pedir la Green Card Todos los inmigrantes indocumentados ...\" \/>\n<meta name=\"robots\" content=\"index, follow, max-snippet:-1, max-image-preview:large, max-video-preview:-1\" \/>\n<link rel=\"canonical\" href=\"https:\/\/accesolatino.org\/en\/para-evitar-a-ice-acceso-latino-te-informa-donde-encontrar-los-formularios-para-pedir-la-green-card\/\" \/>\n<meta property=\"og:locale\" content=\"en_US\" \/>\n<meta property=\"og:type\" content=\"article\" \/>\n<meta property=\"og:title\" content=\"Acceso Latino | Para evitar a ICE, Acceso Latino te informa d\u00f3nde encontrar los formularios para pedir la Green Card\" \/>\n<meta property=\"og:description\" content=\"Conoce las Instituciones que te pueden ser de ayuda en otros pa\u00edses.\" \/>\n<meta property=\"og:url\" content=\"https:\/\/accesolatino.org\/en\/para-evitar-a-ice-acceso-latino-te-informa-donde-encontrar-los-formularios-para-pedir-la-green-card\/\" \/>\n<meta property=\"og:site_name\" content=\"Acceso Latino\" \/>\n<meta property=\"article:publisher\" content=\"https:\/\/www.facebook.com\/AccesoLatinoOrg\" \/>\n<meta property=\"article:modified_time\" content=\"2025-10-17T23:43:13+00:00\" \/>\n<meta property=\"og:image\" content=\"https:\/\/accesolatino.org\/wp-content\/uploads\/2019\/07\/Acceso-Latino-te-informa-d\u00f3nde-encontrar-los-formularios-para-pedir-la-Green-Card-y-olvidarte-de-la-deportaci\u00f3n.jpg\" \/>\n\t<meta property=\"og:image:width\" content=\"1140\" \/>\n\t<meta property=\"og:image:height\" content=\"760\" \/>\n\t<meta property=\"og:image:type\" content=\"image\/jpeg\" \/>\n<meta name=\"twitter:card\" content=\"summary_large_image\" \/>\n<meta name=\"twitter:title\" content=\"Acceso Latino | Para evitar a ICE, Acceso Latino te informa d\u00f3nde encontrar los formularios para pedir la Green Card\" \/>\n<meta name=\"twitter:description\" content=\"Conoce las Instituciones que te pueden ser de ayuda en otros pa\u00edses.\" \/>\n<meta name=\"twitter:image\" content=\"https:\/\/accesolatino.org\/wp-content\/uploads\/2019\/07\/Acceso-Latino-te-informa-d\u00f3nde-encontrar-los-formularios-para-pedir-la-Green-Card-y-olvidarte-de-la-deportaci\u00f3n.jpg\" \/>\n<meta name=\"twitter:site\" content=\"@FAccLatino\" \/>\n<meta name=\"twitter:label1\" content=\"Est. reading time\" \/>\n\t<meta name=\"twitter:data1\" content=\"1 minute\" \/>\n<script type=\"application\/ld+json\" class=\"yoast-schema-graph\">{\"@context\":\"https:\\\/\\\/schema.org\",\"@graph\":[{\"@type\":\"WebPage\",\"@id\":\"https:\\\/\\\/accesolatino.org\\\/para-evitar-a-ice-acceso-latino-te-informa-donde-encontrar-los-formularios-para-pedir-la-green-card\\\/\",\"url\":\"https:\\\/\\\/accesolatino.org\\\/para-evitar-a-ice-acceso-latino-te-informa-donde-encontrar-los-formularios-para-pedir-la-green-card\\\/\",\"name\":\"Para evitar a ICE, Acceso Latino te informa d\u00f3nde encontrar los formularios para pedir la Green Card\",\"isPartOf\":{\"@id\":\"https:\\\/\\\/accesolatino.org\\\/#website\"},\"primaryImageOfPage\":{\"@id\":\"https:\\\/\\\/accesolatino.org\\\/para-evitar-a-ice-acceso-latino-te-informa-donde-encontrar-los-formularios-para-pedir-la-green-card\\\/#primaryimage\"},\"image\":{\"@id\":\"https:\\\/\\\/accesolatino.org\\\/para-evitar-a-ice-acceso-latino-te-informa-donde-encontrar-los-formularios-para-pedir-la-green-card\\\/#primaryimage\"},\"thumbnailUrl\":\"https:\\\/\\\/accesolatino.org\\\/wp-content\\\/uploads\\\/2019\\\/07\\\/Acceso-Latino-te-informa-d\u00f3nde-encontrar-los-formularios-para-pedir-la-Green-Card-y-olvidarte-de-la-deportaci\u00f3n.jpg\",\"datePublished\":\"2019-07-24T16:05:51+00:00\",\"dateModified\":\"2025-10-17T23:43:13+00:00\",\"description\":\"Para evitar a\u00a0ICE, Acceso Latino te informa d\u00f3nde encontrar los formularios para pedir la Green Card Todos los inmigrantes indocumentados ...\",\"breadcrumb\":{\"@id\":\"https:\\\/\\\/accesolatino.org\\\/para-evitar-a-ice-acceso-latino-te-informa-donde-encontrar-los-formularios-para-pedir-la-green-card\\\/#breadcrumb\"},\"inLanguage\":\"en-US\",\"potentialAction\":[{\"@type\":\"ReadAction\",\"target\":[\"https:\\\/\\\/accesolatino.org\\\/para-evitar-a-ice-acceso-latino-te-informa-donde-encontrar-los-formularios-para-pedir-la-green-card\\\/\"]}]},{\"@type\":\"ImageObject\",\"inLanguage\":\"en-US\",\"@id\":\"https:\\\/\\\/accesolatino.org\\\/para-evitar-a-ice-acceso-latino-te-informa-donde-encontrar-los-formularios-para-pedir-la-green-card\\\/#primaryimage\",\"url\":\"https:\\\/\\\/accesolatino.org\\\/wp-content\\\/uploads\\\/2019\\\/07\\\/Acceso-Latino-te-informa-d\u00f3nde-encontrar-los-formularios-para-pedir-la-Green-Card-y-olvidarte-de-la-deportaci\u00f3n.jpg\",\"contentUrl\":\"https:\\\/\\\/accesolatino.org\\\/wp-content\\\/uploads\\\/2019\\\/07\\\/Acceso-Latino-te-informa-d\u00f3nde-encontrar-los-formularios-para-pedir-la-Green-Card-y-olvidarte-de-la-deportaci\u00f3n.jpg\",\"width\":1140,\"height\":760,\"caption\":\"ICE\"},{\"@type\":\"BreadcrumbList\",\"@id\":\"https:\\\/\\\/accesolatino.org\\\/para-evitar-a-ice-acceso-latino-te-informa-donde-encontrar-los-formularios-para-pedir-la-green-card\\\/#breadcrumb\",\"itemListElement\":[{\"@type\":\"ListItem\",\"position\":1,\"name\":\"Portada\",\"item\":\"https:\\\/\\\/accesolatino.org\\\/\"},{\"@type\":\"ListItem\",\"position\":2,\"name\":\"Para evitar a ICE, Acceso Latino te informa d\u00f3nde encontrar los formularios para pedir la Green Card\"}]},{\"@type\":\"WebSite\",\"@id\":\"https:\\\/\\\/accesolatino.org\\\/#website\",\"url\":\"https:\\\/\\\/accesolatino.org\\\/\",\"name\":\"Acceso Latino | Fundaci\u00f3n Carlos Slim\",\"description\":\"Fundaci\u00f3n Carlos Slim\",\"publisher\":{\"@id\":\"https:\\\/\\\/accesolatino.org\\\/#organization\"},\"potentialAction\":[{\"@type\":\"SearchAction\",\"target\":{\"@type\":\"EntryPoint\",\"urlTemplate\":\"https:\\\/\\\/accesolatino.org\\\/?s={search_term_string}\"},\"query-input\":{\"@type\":\"PropertyValueSpecification\",\"valueRequired\":true,\"valueName\":\"search_term_string\"}}],\"inLanguage\":\"en-US\"},{\"@type\":\"Organization\",\"@id\":\"https:\\\/\\\/accesolatino.org\\\/#organization\",\"name\":\"Acceso Latino | Fundaci\u00f3n Carlos Slim\",\"url\":\"https:\\\/\\\/accesolatino.org\\\/\",\"logo\":{\"@type\":\"ImageObject\",\"inLanguage\":\"en-US\",\"@id\":\"https:\\\/\\\/accesolatino.org\\\/#\\\/schema\\\/logo\\\/image\\\/\",\"url\":\"https:\\\/\\\/accesolatino.org\\\/wp-content\\\/uploads\\\/2021\\\/02\\\/logo-footer-acceso-latino.png\",\"contentUrl\":\"https:\\\/\\\/accesolatino.org\\\/wp-content\\\/uploads\\\/2021\\\/02\\\/logo-footer-acceso-latino.png\",\"width\":240,\"height\":40,\"caption\":\"Acceso Latino | Fundaci\u00f3n Carlos Slim\"},\"image\":{\"@id\":\"https:\\\/\\\/accesolatino.org\\\/#\\\/schema\\\/logo\\\/image\\\/\"},\"sameAs\":[\"https:\\\/\\\/www.facebook.com\\\/AccesoLatinoOrg\",\"https:\\\/\\\/x.com\\\/FAccLatino\"]}]}<\/script>\n<!-- \/ Yoast SEO plugin. -->","yoast_head_json":{"title":"To avoid ICE, Acceso Latino tells you where to find the forms to apply for a Green Card","description":"Para evitar a\u00a0ICE, Acceso Latino te informa d\u00f3nde encontrar los formularios para pedir la Green Card Todos los inmigrantes indocumentados ...","robots":{"index":"index","follow":"follow","max-snippet":"max-snippet:-1","max-image-preview":"max-image-preview:large","max-video-preview":"max-video-preview:-1"},"canonical":"https:\/\/accesolatino.org\/en\/para-evitar-a-ice-acceso-latino-te-informa-donde-encontrar-los-formularios-para-pedir-la-green-card\/","og_locale":"en_US","og_type":"article","og_title":"Acceso Latino | Para evitar a ICE, Acceso Latino te informa d\u00f3nde encontrar los formularios para pedir la Green Card","og_description":"Conoce las Instituciones que te pueden ser de ayuda en otros pa\u00edses.","og_url":"https:\/\/accesolatino.org\/en\/para-evitar-a-ice-acceso-latino-te-informa-donde-encontrar-los-formularios-para-pedir-la-green-card\/","og_site_name":"Acceso Latino","article_publisher":"https:\/\/www.facebook.com\/AccesoLatinoOrg","article_modified_time":"2025-10-17T23:43:13+00:00","og_image":[{"width":1140,"height":760,"url":"https:\/\/accesolatino.org\/wp-content\/uploads\/2019\/07\/Acceso-Latino-te-informa-d\u00f3nde-encontrar-los-formularios-para-pedir-la-Green-Card-y-olvidarte-de-la-deportaci\u00f3n.jpg","type":"image\/jpeg"}],"twitter_card":"summary_large_image","twitter_title":"Acceso Latino | Para evitar a ICE, Acceso Latino te informa d\u00f3nde encontrar los formularios para pedir la Green Card","twitter_description":"Conoce las Instituciones que te pueden ser de ayuda en otros pa\u00edses.","twitter_image":"https:\/\/accesolatino.org\/wp-content\/uploads\/2019\/07\/Acceso-Latino-te-informa-d\u00f3nde-encontrar-los-formularios-para-pedir-la-Green-Card-y-olvidarte-de-la-deportaci\u00f3n.jpg","twitter_site":"@FAccLatino","twitter_misc":{"Est. reading time":"1 minute"},"schema":{"@context":"https:\/\/schema.org","@graph":[{"@type":"WebPage","@id":"https:\/\/accesolatino.org\/para-evitar-a-ice-acceso-latino-te-informa-donde-encontrar-los-formularios-para-pedir-la-green-card\/","url":"https:\/\/accesolatino.org\/para-evitar-a-ice-acceso-latino-te-informa-donde-encontrar-los-formularios-para-pedir-la-green-card\/","name":"To avoid ICE, Acceso Latino tells you where to find the forms to apply for a Green Card","isPartOf":{"@id":"https:\/\/accesolatino.org\/#website"},"primaryImageOfPage":{"@id":"https:\/\/accesolatino.org\/para-evitar-a-ice-acceso-latino-te-informa-donde-encontrar-los-formularios-para-pedir-la-green-card\/#primaryimage"},"image":{"@id":"https:\/\/accesolatino.org\/para-evitar-a-ice-acceso-latino-te-informa-donde-encontrar-los-formularios-para-pedir-la-green-card\/#primaryimage"},"thumbnailUrl":"https:\/\/accesolatino.org\/wp-content\/uploads\/2019\/07\/Acceso-Latino-te-informa-d\u00f3nde-encontrar-los-formularios-para-pedir-la-Green-Card-y-olvidarte-de-la-deportaci\u00f3n.jpg","datePublished":"2019-07-24T16:05:51+00:00","dateModified":"2025-10-17T23:43:13+00:00","description":"Para evitar a\u00a0ICE, Acceso Latino te informa d\u00f3nde encontrar los formularios para pedir la Green Card Todos los inmigrantes indocumentados ...","breadcrumb":{"@id":"https:\/\/accesolatino.org\/para-evitar-a-ice-acceso-latino-te-informa-donde-encontrar-los-formularios-para-pedir-la-green-card\/#breadcrumb"},"inLanguage":"en-US","potentialAction":[{"@type":"ReadAction","target":["https:\/\/accesolatino.org\/para-evitar-a-ice-acceso-latino-te-informa-donde-encontrar-los-formularios-para-pedir-la-green-card\/"]}]},{"@type":"ImageObject","inLanguage":"en-US","@id":"https:\/\/accesolatino.org\/para-evitar-a-ice-acceso-latino-te-informa-donde-encontrar-los-formularios-para-pedir-la-green-card\/#primaryimage","url":"https:\/\/accesolatino.org\/wp-content\/uploads\/2019\/07\/Acceso-Latino-te-informa-d\u00f3nde-encontrar-los-formularios-para-pedir-la-Green-Card-y-olvidarte-de-la-deportaci\u00f3n.jpg","contentUrl":"https:\/\/accesolatino.org\/wp-content\/uploads\/2019\/07\/Acceso-Latino-te-informa-d\u00f3nde-encontrar-los-formularios-para-pedir-la-Green-Card-y-olvidarte-de-la-deportaci\u00f3n.jpg","width":1140,"height":760,"caption":"ICE"},{"@type":"BreadcrumbList","@id":"https:\/\/accesolatino.org\/para-evitar-a-ice-acceso-latino-te-informa-donde-encontrar-los-formularios-para-pedir-la-green-card\/#breadcrumb","itemListElement":[{"@type":"ListItem","position":1,"name":"Portada","item":"https:\/\/accesolatino.org\/"},{"@type":"ListItem","position":2,"name":"Para evitar a ICE, Acceso Latino te informa d\u00f3nde encontrar los formularios para pedir la Green Card"}]},{"@type":"WebSite","@id":"https:\/\/accesolatino.org\/#website","url":"https:\/\/accesolatino.org\/","name":"Acceso Latino | Fundaci\u00f3n Carlos Slim","description":"Fundaci\u00f3n Carlos Slim","publisher":{"@id":"https:\/\/accesolatino.org\/#organization"},"potentialAction":[{"@type":"SearchAction","target":{"@type":"EntryPoint","urlTemplate":"https:\/\/accesolatino.org\/?s={search_term_string}"},"query-input":{"@type":"PropertyValueSpecification","valueRequired":true,"valueName":"search_term_string"}}],"inLanguage":"en-US"},{"@type":"Organization","@id":"https:\/\/accesolatino.org\/#organization","name":"Acceso Latino | Fundaci\u00f3n Carlos Slim","url":"https:\/\/accesolatino.org\/","logo":{"@type":"ImageObject","inLanguage":"en-US","@id":"https:\/\/accesolatino.org\/#\/schema\/logo\/image\/","url":"https:\/\/accesolatino.org\/wp-content\/uploads\/2021\/02\/logo-footer-acceso-latino.png","contentUrl":"https:\/\/accesolatino.org\/wp-content\/uploads\/2021\/02\/logo-footer-acceso-latino.png","width":240,"height":40,"caption":"Acceso Latino | Fundaci\u00f3n Carlos Slim"},"image":{"@id":"https:\/\/accesolatino.org\/#\/schema\/logo\/image\/"},"sameAs":["https:\/\/www.facebook.com\/AccesoLatinoOrg","https:\/\/x.com\/FAccLatino"]}]}},"_links":{"self":[{"href":"https:\/\/accesolatino.org\/en\/wp-json\/wp\/v2\/pages\/18151","targetHints":{"allow":["GET"]}}],"collection":[{"href":"https:\/\/accesolatino.org\/en\/wp-json\/wp\/v2\/pages"}],"about":[{"href":"https:\/\/accesolatino.org\/en\/wp-json\/wp\/v2\/types\/page"}],"author":[{"embeddable":true,"href":"https:\/\/accesolatino.org\/en\/wp-json\/wp\/v2\/users\/10"}],"replies":[{"embeddable":true,"href":"https:\/\/accesolatino.org\/en\/wp-json\/wp\/v2\/comments?post=18151"}],"version-history":[{"count":1,"href":"https:\/\/accesolatino.org\/en\/wp-json\/wp\/v2\/pages\/18151\/revisions"}],"predecessor-version":[{"id":64262,"href":"https:\/\/accesolatino.org\/en\/wp-json\/wp\/v2\/pages\/18151\/revisions\/64262"}],"wp:featuredmedia":[{"embeddable":true,"href":"https:\/\/accesolatino.org\/en\/wp-json\/wp\/v2\/media\/18152"}],"wp:attachment":[{"href":"https:\/\/accesolatino.org\/en\/wp-json\/wp\/v2\/media?parent=18151"}],"curies":[{"name":"wp","href":"https:\/\/api.w.org\/{rel}","templated":true}]}}