{"id":18087,"date":"2019-07-19T11:25:16","date_gmt":"2019-07-19T16:25:16","guid":{"rendered":"https:\/\/accesolatino.org\/?page_id=18087"},"modified":"2025-10-16T12:12:55","modified_gmt":"2025-10-16T18:12:55","slug":"apoyos-financiados-por-el-gobierno-eu-para-que-sigas-estudiando","status":"publish","type":"page","link":"https:\/\/accesolatino.org\/en\/apoyos-financiados-por-el-gobierno-eu-para-que-sigas-estudiando\/","title":{"rendered":"\u00bfSab\u00edas que existen apoyos financiados por el gobierno EU para qu\u00e9 sigas estudiando?"},"content":{"rendered":"<div data-elementor-type=\"wp-post\" data-elementor-id=\"18087\" class=\"elementor elementor-18087\">\n\t\t\t\t\t\t<section class=\"elementor-section elementor-top-section elementor-element elementor-element-c7ed2ae elementor-section-full_width elementor-section-height-min-height elementor-section-items-stretch elementor-section-height-default wpr-particle-no wpr-jarallax-no wpr-parallax-no wpr-sticky-section-no wpr-equal-height-no\" data-id=\"c7ed2ae\" data-element_type=\"section\" data-e-type=\"section\" data-settings=\"{&quot;background_background&quot;:&quot;classic&quot;}\">\n\t\t\t\t\t\t<div class=\"elementor-container elementor-column-gap-no\">\n\t\t\t\t\t<div class=\"elementor-column elementor-col-100 elementor-top-column elementor-element elementor-element-a8623ea\" data-id=\"a8623ea\" data-element_type=\"column\" data-e-type=\"column\">\n\t\t\t<div class=\"elementor-widget-wrap elementor-element-populated\">\n\t\t\t\t\t\t<div class=\"elementor-element elementor-element-aaf6cf8 elementor--h-position-center elementor--v-position-middle elementor-widget elementor-widget-slides\" data-id=\"aaf6cf8\" data-element_type=\"widget\" data-e-type=\"widget\" data-settings=\"{&quot;navigation&quot;:&quot;none&quot;,&quot;infinite&quot;:&quot;yes&quot;,&quot;transition&quot;:&quot;slide&quot;,&quot;transition_speed&quot;:500}\" data-widget_type=\"slides.default\">\n\t\t\t\t<div class=\"elementor-widget-container\">\n\t\t\t\t\t\t\t<div class=\"elementor-swiper\">\n\t\t\t<div class=\"elementor-slides-wrapper elementor-main-swiper swiper-container\" dir=\"ltr\" data-animation=\"\">\n\t\t\t\t<div class=\"swiper-wrapper elementor-slides\">\n\t\t\t\t\t\t\t\t\t\t<div class=\"elementor-repeater-item-d983a28 swiper-slide\"><div class=\"swiper-slide-bg\"><\/div><div class=\"swiper-slide-inner\" ><div class=\"swiper-slide-contents\"><div class=\"elementor-slide-heading\">Education<\/div><\/div><\/div><\/div>\t\t\t\t<\/div>\n\t\t\t\t\t\t\t<\/div>\n\t\t<\/div>\n\t\t\t\t\t\t<\/div>\n\t\t\t\t<\/div>\n\t\t\t\t\t<\/div>\n\t\t<\/div>\n\t\t\t\t\t<\/div>\n\t\t<\/section>\n\t\t\t\t<section class=\"elementor-section elementor-top-section elementor-element elementor-element-646b876 elementor-section-stretched elementor-section-boxed elementor-section-height-default elementor-section-height-default wpr-particle-no wpr-jarallax-no wpr-parallax-no wpr-sticky-section-no wpr-equal-height-no\" data-id=\"646b876\" data-element_type=\"section\" data-e-type=\"section\" data-settings=\"{&quot;stretch_section&quot;:&quot;section-stretched&quot;,&quot;background_background&quot;:&quot;classic&quot;}\">\n\t\t\t\t\t\t<div class=\"elementor-container elementor-column-gap-default\">\n\t\t\t\t\t<div class=\"elementor-column elementor-col-100 elementor-top-column elementor-element elementor-element-5e69349\" data-id=\"5e69349\" data-element_type=\"column\" data-e-type=\"column\">\n\t\t\t<div class=\"elementor-widget-wrap elementor-element-populated\">\n\t\t\t\t\t\t<div class=\"elementor-element elementor-element-08afa26 elementor-widget elementor-widget-heading\" data-id=\"08afa26\" data-element_type=\"widget\" data-e-type=\"widget\" data-widget_type=\"heading.default\">\n\t\t\t\t<div class=\"elementor-widget-container\">\n\t\t\t\t\t<h3 class=\"elementor-heading-title elementor-size-default\">\u00bfSab\u00edas que existen apoyos financiados\npor el gobierno EEUU para qu\u00e9 sigas estudiando?<\/h3>\t\t\t\t<\/div>\n\t\t\t\t<\/div>\n\t\t\t\t<div class=\"elementor-element elementor-element-0ce7b2b elementor-widget elementor-widget-text-editor\" data-id=\"0ce7b2b\" data-element_type=\"widget\" data-e-type=\"widget\" data-widget_type=\"text-editor.default\">\n\t\t\t\t<div class=\"elementor-widget-container\">\n\t\t\t\t\t\t\t\t\t<p>Dreamer que estudias, \u00bfsab\u00edas que existen apoyos financiados por el EEUU para sigas estudiando? <strong>El Programa Ayuda Federal Para Estudiantes (FAFSA)<\/strong> tiene este beneficio para ti.<\/p><p>In our <a href=\"https:\/\/accesolatino.org\/en\/educacion\/\"><strong><u>\u201cEducaci\u00f3n\u201d<\/u><\/strong><\/a> encontrar\u00e1s \u201c<strong><u>Ayuda financiera del gobierno estadounidense para estudiantes\u201d <\/u>(FAFSA)<\/strong>, en donde toda la informaci\u00f3n que necesitas para que an\u00e1lisis el proceso y lo que tienes qu\u00e9 hacer para calificar a este programa.<\/p><p>El saber que puedes contar con apoyo econ\u00f3mico para estudiar la universidad u alguna carrera t\u00e9cnica o profesional. Esto puede parecer un reto muy complicado para los migrantes y latinos, debido a las constantes amenazas del presidente actual, es por eso que algunas que facciones del gobierno crearon este programa, para ayudarte a conseguir el dinero que necesitas para pagar tu educaci\u00f3n.<\/p><p>In <strong>Acceso Latino<\/strong> <strong>tu primera ventana de consulta migratoria<\/strong>, encontrar\u00e1s herramientas que te ayudar\u00e1n en cualquier situaci\u00f3n en la que te encuentres y adem\u00e1s te ofrece cursos educativos sin costo para cualquier nivel en el que te encuentres.<\/p>\t\t\t\t\t\t\t\t<\/div>\n\t\t\t\t<\/div>\n\t\t\t\t<div class=\"elementor-element elementor-element-44fb5a8 elementor-widget elementor-widget-spacer\" data-id=\"44fb5a8\" data-element_type=\"widget\" data-e-type=\"widget\" data-widget_type=\"spacer.default\">\n\t\t\t\t<div class=\"elementor-widget-container\">\n\t\t\t\t\t\t\t<div class=\"elementor-spacer\">\n\t\t\t<div class=\"elementor-spacer-inner\"><\/div>\n\t\t<\/div>\n\t\t\t\t\t\t<\/div>\n\t\t\t\t<\/div>\n\t\t\t\t\t<\/div>\n\t\t<\/div>\n\t\t\t\t\t<\/div>\n\t\t<\/section>\n\t\t\t\t<\/div>","protected":false},"excerpt":{"rendered":"<p>Educaci\u00f3n \u00bfSab\u00edas que existen apoyos financiados por el gobierno EEUU para qu\u00e9 sigas estudiando? Dreamer que estudias, \u00bfsab\u00edas que existen apoyos financiados por el EEUU para sigas estudiando? El Programa Ayuda Federal Para Estudiantes (FAFSA) tiene este beneficio para ti. En nuestra secci\u00f3n de \u201cEducaci\u00f3n\u201d encontrar\u00e1s \u201cAyuda financiera del gobierno estadounidense para estudiantes\u201d (FAFSA), en donde toda la informaci\u00f3n que necesitas para que an\u00e1lisis el proceso y lo que tienes qu\u00e9 hacer para calificar a este programa. El saber que puedes contar con apoyo econ\u00f3mico para estudiar la universidad u alguna carrera t\u00e9cnica o profesional. Esto puede parecer un reto muy complicado para los migrantes y latinos, debido a las constantes amenazas del presidente actual, es por eso que algunas que facciones del gobierno crearon este programa, para ayudarte a conseguir el dinero que necesitas para pagar tu educaci\u00f3n. En Acceso Latino tu primera ventana de consulta migratoria, encontrar\u00e1s herramientas que te ayudar\u00e1n en cualquier situaci\u00f3n en la que te encuentres y adem\u00e1s te ofrece cursos educativos sin costo para cualquier nivel en el que te encuentres.<\/p>","protected":false},"author":7,"featured_media":18100,"parent":0,"menu_order":0,"comment_status":"closed","ping_status":"closed","template":"elementor_header_footer","meta":{"_uf_show_specific_survey":0,"_uf_disable_surveys":false,"footnotes":""},"class_list":["post-18087","page","type-page","status-publish","has-post-thumbnail"],"aioseo_notices":[],"yoast_head":"<!-- This site is optimized with the Yoast SEO plugin v27.5 - https:\/\/yoast.com\/product\/yoast-seo-wordpress\/ -->\n<title>\u00bfSab\u00edas que existen apoyos financiados por el gobierno EU para qu\u00e9 sigas estudiando?<\/title>\n<meta name=\"description\" content=\"Conoce las Instituciones que te pueden ser de ayuda para continuar con tu formaci\u00f3n profesional en los Estados Unidos\" \/>\n<meta name=\"robots\" content=\"index, follow, max-snippet:-1, max-image-preview:large, max-video-preview:-1\" \/>\n<link rel=\"canonical\" href=\"https:\/\/accesolatino.org\/en\/apoyos-financiados-por-el-gobierno-eu-para-que-sigas-estudiando\/\" \/>\n<meta property=\"og:locale\" content=\"en_US\" \/>\n<meta property=\"og:type\" content=\"article\" \/>\n<meta property=\"og:title\" content=\"Acceso Latino | \u00bfSab\u00edas que existen apoyos financiados por el gobierno EU para qu\u00e9 sigas estudiando?\" \/>\n<meta property=\"og:description\" content=\"Conoce las Instituciones que te pueden ser de ayuda en otros pa\u00edses.\" \/>\n<meta property=\"og:url\" content=\"https:\/\/accesolatino.org\/en\/apoyos-financiados-por-el-gobierno-eu-para-que-sigas-estudiando\/\" \/>\n<meta property=\"og:site_name\" content=\"Acceso Latino\" \/>\n<meta property=\"article:publisher\" content=\"https:\/\/www.facebook.com\/AccesoLatinoOrg\" \/>\n<meta property=\"article:modified_time\" content=\"2025-10-16T18:12:55+00:00\" \/>\n<meta property=\"og:image\" content=\"https:\/\/accesolatino.org\/wp-content\/uploads\/2019\/07\/\u00bfSab\u00edas-que-existen-apoyos-financiados-por-el-gobierno-EEUU-para-qu\u00e9-sigas-estudiando.jpg\" \/>\n\t<meta property=\"og:image:width\" content=\"559\" \/>\n\t<meta property=\"og:image:height\" content=\"370\" \/>\n\t<meta property=\"og:image:type\" content=\"image\/jpeg\" \/>\n<meta name=\"twitter:card\" content=\"summary_large_image\" \/>\n<meta name=\"twitter:title\" content=\"Acceso Latino | \u00bfSab\u00edas que existen apoyos financiados por el gobierno EU para qu\u00e9 sigas estudiando?\" \/>\n<meta name=\"twitter:description\" content=\"Conoce las Instituciones que te pueden ser de ayuda en otros pa\u00edses.\" \/>\n<meta name=\"twitter:image\" content=\"https:\/\/accesolatino.org\/wp-content\/uploads\/2019\/07\/\u00bfSab\u00edas-que-existen-apoyos-financiados-por-el-gobierno-EEUU-para-qu\u00e9-sigas-estudiando.jpg\" \/>\n<meta name=\"twitter:site\" content=\"@FAccLatino\" \/>\n<meta name=\"twitter:label1\" content=\"Est. reading time\" \/>\n\t<meta name=\"twitter:data1\" content=\"2 minutes\" \/>\n<script type=\"application\/ld+json\" class=\"yoast-schema-graph\">{\"@context\":\"https:\\\/\\\/schema.org\",\"@graph\":[{\"@type\":\"WebPage\",\"@id\":\"https:\\\/\\\/accesolatino.org\\\/en\\\/apoyos-financiados-por-el-gobierno-eu-para-que-sigas-estudiando\\\/\",\"url\":\"https:\\\/\\\/accesolatino.org\\\/en\\\/apoyos-financiados-por-el-gobierno-eu-para-que-sigas-estudiando\\\/\",\"name\":\"\u00bfSab\u00edas que existen apoyos financiados por el gobierno EU para qu\u00e9 sigas estudiando?\",\"isPartOf\":{\"@id\":\"https:\\\/\\\/accesolatino.org\\\/#website\"},\"primaryImageOfPage\":{\"@id\":\"https:\\\/\\\/accesolatino.org\\\/en\\\/apoyos-financiados-por-el-gobierno-eu-para-que-sigas-estudiando\\\/#primaryimage\"},\"image\":{\"@id\":\"https:\\\/\\\/accesolatino.org\\\/en\\\/apoyos-financiados-por-el-gobierno-eu-para-que-sigas-estudiando\\\/#primaryimage\"},\"thumbnailUrl\":\"https:\\\/\\\/accesolatino.org\\\/wp-content\\\/uploads\\\/2019\\\/07\\\/\u00bfSab\u00edas-que-existen-apoyos-financiados-por-el-gobierno-EEUU-para-qu\u00e9-sigas-estudiando.jpg\",\"datePublished\":\"2019-07-19T16:25:16+00:00\",\"dateModified\":\"2025-10-16T18:12:55+00:00\",\"description\":\"Conoce las Instituciones que te pueden ser de ayuda para continuar con tu formaci\u00f3n profesional en los Estados Unidos\",\"breadcrumb\":{\"@id\":\"https:\\\/\\\/accesolatino.org\\\/en\\\/apoyos-financiados-por-el-gobierno-eu-para-que-sigas-estudiando\\\/#breadcrumb\"},\"inLanguage\":\"en-US\",\"potentialAction\":[{\"@type\":\"ReadAction\",\"target\":[\"https:\\\/\\\/accesolatino.org\\\/en\\\/apoyos-financiados-por-el-gobierno-eu-para-que-sigas-estudiando\\\/\"]}]},{\"@type\":\"ImageObject\",\"inLanguage\":\"en-US\",\"@id\":\"https:\\\/\\\/accesolatino.org\\\/en\\\/apoyos-financiados-por-el-gobierno-eu-para-que-sigas-estudiando\\\/#primaryimage\",\"url\":\"https:\\\/\\\/accesolatino.org\\\/wp-content\\\/uploads\\\/2019\\\/07\\\/\u00bfSab\u00edas-que-existen-apoyos-financiados-por-el-gobierno-EEUU-para-qu\u00e9-sigas-estudiando.jpg\",\"contentUrl\":\"https:\\\/\\\/accesolatino.org\\\/wp-content\\\/uploads\\\/2019\\\/07\\\/\u00bfSab\u00edas-que-existen-apoyos-financiados-por-el-gobierno-EEUU-para-qu\u00e9-sigas-estudiando.jpg\",\"width\":559,\"height\":370,\"caption\":\"becas\"},{\"@type\":\"BreadcrumbList\",\"@id\":\"https:\\\/\\\/accesolatino.org\\\/en\\\/apoyos-financiados-por-el-gobierno-eu-para-que-sigas-estudiando\\\/#breadcrumb\",\"itemListElement\":[{\"@type\":\"ListItem\",\"position\":1,\"name\":\"Portada\",\"item\":\"https:\\\/\\\/accesolatino.org\\\/\"},{\"@type\":\"ListItem\",\"position\":2,\"name\":\"\u00bfSab\u00edas que existen apoyos financiados por el gobierno EU para qu\u00e9 sigas estudiando?\"}]},{\"@type\":\"WebSite\",\"@id\":\"https:\\\/\\\/accesolatino.org\\\/#website\",\"url\":\"https:\\\/\\\/accesolatino.org\\\/\",\"name\":\"Acceso Latino | Fundaci\u00f3n Carlos Slim\",\"description\":\"Fundaci\u00f3n Carlos Slim\",\"publisher\":{\"@id\":\"https:\\\/\\\/accesolatino.org\\\/#organization\"},\"potentialAction\":[{\"@type\":\"SearchAction\",\"target\":{\"@type\":\"EntryPoint\",\"urlTemplate\":\"https:\\\/\\\/accesolatino.org\\\/?s={search_term_string}\"},\"query-input\":{\"@type\":\"PropertyValueSpecification\",\"valueRequired\":true,\"valueName\":\"search_term_string\"}}],\"inLanguage\":\"en-US\"},{\"@type\":\"Organization\",\"@id\":\"https:\\\/\\\/accesolatino.org\\\/#organization\",\"name\":\"Acceso Latino | Fundaci\u00f3n Carlos Slim\",\"url\":\"https:\\\/\\\/accesolatino.org\\\/\",\"logo\":{\"@type\":\"ImageObject\",\"inLanguage\":\"en-US\",\"@id\":\"https:\\\/\\\/accesolatino.org\\\/#\\\/schema\\\/logo\\\/image\\\/\",\"url\":\"https:\\\/\\\/accesolatino.org\\\/wp-content\\\/uploads\\\/2021\\\/02\\\/logo-footer-acceso-latino.png\",\"contentUrl\":\"https:\\\/\\\/accesolatino.org\\\/wp-content\\\/uploads\\\/2021\\\/02\\\/logo-footer-acceso-latino.png\",\"width\":240,\"height\":40,\"caption\":\"Acceso Latino | Fundaci\u00f3n Carlos Slim\"},\"image\":{\"@id\":\"https:\\\/\\\/accesolatino.org\\\/#\\\/schema\\\/logo\\\/image\\\/\"},\"sameAs\":[\"https:\\\/\\\/www.facebook.com\\\/AccesoLatinoOrg\",\"https:\\\/\\\/x.com\\\/FAccLatino\"]}]}<\/script>\n<!-- \/ Yoast SEO plugin. -->","yoast_head_json":{"title":"\u00bfSab\u00edas que existen apoyos financiados por el gobierno EU para qu\u00e9 sigas estudiando?","description":"Conoce las Instituciones que te pueden ser de ayuda para continuar con tu formaci\u00f3n profesional en los Estados Unidos","robots":{"index":"index","follow":"follow","max-snippet":"max-snippet:-1","max-image-preview":"max-image-preview:large","max-video-preview":"max-video-preview:-1"},"canonical":"https:\/\/accesolatino.org\/en\/apoyos-financiados-por-el-gobierno-eu-para-que-sigas-estudiando\/","og_locale":"en_US","og_type":"article","og_title":"Acceso Latino | \u00bfSab\u00edas que existen apoyos financiados por el gobierno EU para qu\u00e9 sigas estudiando?","og_description":"Conoce las Instituciones que te pueden ser de ayuda en otros pa\u00edses.","og_url":"https:\/\/accesolatino.org\/en\/apoyos-financiados-por-el-gobierno-eu-para-que-sigas-estudiando\/","og_site_name":"Acceso Latino","article_publisher":"https:\/\/www.facebook.com\/AccesoLatinoOrg","article_modified_time":"2025-10-16T18:12:55+00:00","og_image":[{"width":559,"height":370,"url":"https:\/\/accesolatino.org\/wp-content\/uploads\/2019\/07\/\u00bfSab\u00edas-que-existen-apoyos-financiados-por-el-gobierno-EEUU-para-qu\u00e9-sigas-estudiando.jpg","type":"image\/jpeg"}],"twitter_card":"summary_large_image","twitter_title":"Acceso Latino | \u00bfSab\u00edas que existen apoyos financiados por el gobierno EU para qu\u00e9 sigas estudiando?","twitter_description":"Conoce las Instituciones que te pueden ser de ayuda en otros pa\u00edses.","twitter_image":"https:\/\/accesolatino.org\/wp-content\/uploads\/2019\/07\/\u00bfSab\u00edas-que-existen-apoyos-financiados-por-el-gobierno-EEUU-para-qu\u00e9-sigas-estudiando.jpg","twitter_site":"@FAccLatino","twitter_misc":{"Est. reading time":"2 minutes"},"schema":{"@context":"https:\/\/schema.org","@graph":[{"@type":"WebPage","@id":"https:\/\/accesolatino.org\/en\/apoyos-financiados-por-el-gobierno-eu-para-que-sigas-estudiando\/","url":"https:\/\/accesolatino.org\/en\/apoyos-financiados-por-el-gobierno-eu-para-que-sigas-estudiando\/","name":"\u00bfSab\u00edas que existen apoyos financiados por el gobierno EU para qu\u00e9 sigas estudiando?","isPartOf":{"@id":"https:\/\/accesolatino.org\/#website"},"primaryImageOfPage":{"@id":"https:\/\/accesolatino.org\/en\/apoyos-financiados-por-el-gobierno-eu-para-que-sigas-estudiando\/#primaryimage"},"image":{"@id":"https:\/\/accesolatino.org\/en\/apoyos-financiados-por-el-gobierno-eu-para-que-sigas-estudiando\/#primaryimage"},"thumbnailUrl":"https:\/\/accesolatino.org\/wp-content\/uploads\/2019\/07\/\u00bfSab\u00edas-que-existen-apoyos-financiados-por-el-gobierno-EEUU-para-qu\u00e9-sigas-estudiando.jpg","datePublished":"2019-07-19T16:25:16+00:00","dateModified":"2025-10-16T18:12:55+00:00","description":"Conoce las Instituciones que te pueden ser de ayuda para continuar con tu formaci\u00f3n profesional en los Estados Unidos","breadcrumb":{"@id":"https:\/\/accesolatino.org\/en\/apoyos-financiados-por-el-gobierno-eu-para-que-sigas-estudiando\/#breadcrumb"},"inLanguage":"en-US","potentialAction":[{"@type":"ReadAction","target":["https:\/\/accesolatino.org\/en\/apoyos-financiados-por-el-gobierno-eu-para-que-sigas-estudiando\/"]}]},{"@type":"ImageObject","inLanguage":"en-US","@id":"https:\/\/accesolatino.org\/en\/apoyos-financiados-por-el-gobierno-eu-para-que-sigas-estudiando\/#primaryimage","url":"https:\/\/accesolatino.org\/wp-content\/uploads\/2019\/07\/\u00bfSab\u00edas-que-existen-apoyos-financiados-por-el-gobierno-EEUU-para-qu\u00e9-sigas-estudiando.jpg","contentUrl":"https:\/\/accesolatino.org\/wp-content\/uploads\/2019\/07\/\u00bfSab\u00edas-que-existen-apoyos-financiados-por-el-gobierno-EEUU-para-qu\u00e9-sigas-estudiando.jpg","width":559,"height":370,"caption":"becas"},{"@type":"BreadcrumbList","@id":"https:\/\/accesolatino.org\/en\/apoyos-financiados-por-el-gobierno-eu-para-que-sigas-estudiando\/#breadcrumb","itemListElement":[{"@type":"ListItem","position":1,"name":"Portada","item":"https:\/\/accesolatino.org\/"},{"@type":"ListItem","position":2,"name":"\u00bfSab\u00edas que existen apoyos financiados por el gobierno EU para qu\u00e9 sigas estudiando?"}]},{"@type":"WebSite","@id":"https:\/\/accesolatino.org\/#website","url":"https:\/\/accesolatino.org\/","name":"Acceso Latino | Fundaci\u00f3n Carlos Slim","description":"Fundaci\u00f3n Carlos Slim","publisher":{"@id":"https:\/\/accesolatino.org\/#organization"},"potentialAction":[{"@type":"SearchAction","target":{"@type":"EntryPoint","urlTemplate":"https:\/\/accesolatino.org\/?s={search_term_string}"},"query-input":{"@type":"PropertyValueSpecification","valueRequired":true,"valueName":"search_term_string"}}],"inLanguage":"en-US"},{"@type":"Organization","@id":"https:\/\/accesolatino.org\/#organization","name":"Acceso Latino | Fundaci\u00f3n Carlos Slim","url":"https:\/\/accesolatino.org\/","logo":{"@type":"ImageObject","inLanguage":"en-US","@id":"https:\/\/accesolatino.org\/#\/schema\/logo\/image\/","url":"https:\/\/accesolatino.org\/wp-content\/uploads\/2021\/02\/logo-footer-acceso-latino.png","contentUrl":"https:\/\/accesolatino.org\/wp-content\/uploads\/2021\/02\/logo-footer-acceso-latino.png","width":240,"height":40,"caption":"Acceso Latino | Fundaci\u00f3n Carlos Slim"},"image":{"@id":"https:\/\/accesolatino.org\/#\/schema\/logo\/image\/"},"sameAs":["https:\/\/www.facebook.com\/AccesoLatinoOrg","https:\/\/x.com\/FAccLatino"]}]}},"_links":{"self":[{"href":"https:\/\/accesolatino.org\/en\/wp-json\/wp\/v2\/pages\/18087","targetHints":{"allow":["GET"]}}],"collection":[{"href":"https:\/\/accesolatino.org\/en\/wp-json\/wp\/v2\/pages"}],"about":[{"href":"https:\/\/accesolatino.org\/en\/wp-json\/wp\/v2\/types\/page"}],"author":[{"embeddable":true,"href":"https:\/\/accesolatino.org\/en\/wp-json\/wp\/v2\/users\/7"}],"replies":[{"embeddable":true,"href":"https:\/\/accesolatino.org\/en\/wp-json\/wp\/v2\/comments?post=18087"}],"version-history":[{"count":1,"href":"https:\/\/accesolatino.org\/en\/wp-json\/wp\/v2\/pages\/18087\/revisions"}],"predecessor-version":[{"id":64061,"href":"https:\/\/accesolatino.org\/en\/wp-json\/wp\/v2\/pages\/18087\/revisions\/64061"}],"wp:featuredmedia":[{"embeddable":true,"href":"https:\/\/accesolatino.org\/en\/wp-json\/wp\/v2\/media\/18100"}],"wp:attachment":[{"href":"https:\/\/accesolatino.org\/en\/wp-json\/wp\/v2\/media?parent=18087"}],"curies":[{"name":"wp","href":"https:\/\/api.w.org\/{rel}","templated":true}]}}